{"id":58721,"date":"2026-03-17T02:02:19","date_gmt":"2026-03-16T23:02:19","guid":{"rendered":"https:\/\/ranoja.ee\/toode\/mootorioli-synpower-mst-c3-5w40-1l-valvoline\/"},"modified":"2026-03-17T15:42:13","modified_gmt":"2026-03-17T12:42:13","slug":"mootorioli-synpower-mst-c3-5w40-1l-valvoline","status":"publish","type":"product","link":"https:\/\/ranoja.ee\/en\/toode\/mootorioli-synpower-mst-c3-5w40-1l-valvoline\/","title":{"rendered":"Mootori\u00f5li Synpower MST C3 5W40 1L, Valvoline"},"content":{"rendered":"","protected":false},"excerpt":{"rendered":"<p>Valvoline SynPower mootori\u00f5lid on valmistatud uuel lisanditehnoloogial tagades parima kaitse ja t\u00f5hususe.  <br \/>\nUusim \u201enutikas tehnoloogia\u201c (Smart Performance Technology) tagab kuni 70% parema kulumiskaitse ja kuni 3x suurema k\u00fctuse \u00f6konoomia v\u00f5rreldes k\u00f5ige viimaste n\u00f5utud valdkonna standarditega.<br \/>\nSpetsiaalselt v\u00e4ljat\u00f6\u00f6\u00f6tatud Mercedes-Benz ja teiste tootjate Euro IV ja Euro V diisel mootoritele ja\/v\u00f5i kolmeastmelise katal\u00fc\u00fcsneutralisaatoritega bensiinimootoritele. Samuti GM Dexos2 tehnoloogiale.<br \/>\nAmetliku heakskiiduga<br \/>\nMB-Approval 229.51<br \/>\nPorsche A40<br \/>\nRenault RN0700\/0710 <br \/>\nVW 50200\/50500\/50501 <br \/>\nGM Dexos 2 GB2E0310103<br \/>\nJ\u00f5udlustasemed<br \/>\nACEA C3 API: SM, SN\/CF <br \/>\nBMW LL-04 <br \/>\nFord WSS-M2C917-A<\/p>\n","protected":false},"featured_media":0,"template":"","meta":{"inline_featured_image":false},"product_cat":[5012,5033,5032],"product_tag":[],"class_list":{"0":"post-58721","1":"product","2":"type-product","3":"status-publish","5":"product_brand-valvoline","6":"product_cat-olid-ja-maardeained","7":"product_cat-soiduautode-ja-tarbesoidukite-taissunteetilised-mootoriolid","8":"product_cat-soiduautode-mootoriolid","10":"first","11":"instock","12":"purchasable","13":"product-type-simple"},"yoast_head":"<!-- This site is optimized with the Yoast SEO plugin v27.4 - https:\/\/yoast.com\/product\/yoast-seo-wordpress\/ -->\n<title>Mootori\u00f5li Synpower MST C3 5W40 1L, Valvoline - Ranoja<\/title>\n<meta name=\"robots\" content=\"index, follow, max-snippet:-1, max-image-preview:large, max-video-preview:-1\" \/>\n<link rel=\"canonical\" href=\"https:\/\/ranoja.ee\/toode\/mootorioli-synpower-mst-c3-5w40-1l-valvoline\/\" \/>\n<meta property=\"og:locale\" content=\"en_US\" \/>\n<meta property=\"og:type\" content=\"article\" \/>\n<meta property=\"og:title\" content=\"Mootori\u00f5li Synpower MST C3 5W40 1L, Valvoline - Ranoja\" \/>\n<meta property=\"og:description\" content=\"Valvoline SynPower mootori\u00f5lid on valmistatud uuel lisanditehnoloogial tagades parima kaitse ja t\u00f5hususe.  Uusim \u201enutikas tehnoloogia\u201c (Smart Performance Technology) tagab kuni 70% parema kulumiskaitse ja kuni 3x suurema k\u00fctuse \u00f6konoomia v\u00f5rreldes k\u00f5ige viimaste n\u00f5utud valdkonna standarditega. Spetsiaalselt v\u00e4ljat\u00f6\u00f6\u00f6tatud Mercedes-Benz ja teiste tootjate Euro IV ja Euro V diisel mootoritele ja\/v\u00f5i kolmeastmelise katal\u00fc\u00fcsneutralisaatoritega bensiinimootoritele. Samuti GM Dexos2 tehnoloogiale. Ametliku heakskiiduga MB-Approval 229.51 Porsche A40 Renault RN0700\/0710 VW 50200\/50500\/50501 GM Dexos 2 GB2E0310103 J\u00f5udlustasemed ACEA C3 API: SM, SN\/CF BMW LL-04 Ford WSS-M2C917-A\" \/>\n<meta property=\"og:url\" content=\"https:\/\/ranoja.ee\/toode\/mootorioli-synpower-mst-c3-5w40-1l-valvoline\/\" \/>\n<meta property=\"og:site_name\" content=\"Ranoja\" \/>\n<meta property=\"article:publisher\" content=\"https:\/\/www.facebook.com\/ranoja.ee\" \/>\n<meta property=\"article:modified_time\" content=\"2026-03-17T12:42:13+00:00\" \/>\n<meta name=\"twitter:card\" content=\"summary_large_image\" \/>\n<script type=\"application\/ld+json\" class=\"yoast-schema-graph\">{\"@context\":\"https:\\\/\\\/schema.org\",\"@graph\":[{\"@type\":\"WebPage\",\"@id\":\"https:\\\/\\\/ranoja.ee\\\/toode\\\/mootorioli-synpower-mst-c3-5w40-1l-valvoline\\\/\",\"url\":\"https:\\\/\\\/ranoja.ee\\\/toode\\\/mootorioli-synpower-mst-c3-5w40-1l-valvoline\\\/\",\"name\":\"Mootori\u00f5li Synpower MST C3 5W40 1L, Valvoline - Ranoja\",\"isPartOf\":{\"@id\":\"https:\\\/\\\/ranoja.ee\\\/#website\"},\"datePublished\":\"2026-03-16T23:02:19+00:00\",\"dateModified\":\"2026-03-17T12:42:13+00:00\",\"breadcrumb\":{\"@id\":\"https:\\\/\\\/ranoja.ee\\\/toode\\\/mootorioli-synpower-mst-c3-5w40-1l-valvoline\\\/#breadcrumb\"},\"inLanguage\":\"en-US\",\"potentialAction\":[{\"@type\":\"ReadAction\",\"target\":[\"https:\\\/\\\/ranoja.ee\\\/toode\\\/mootorioli-synpower-mst-c3-5w40-1l-valvoline\\\/\"]}]},{\"@type\":\"BreadcrumbList\",\"@id\":\"https:\\\/\\\/ranoja.ee\\\/toode\\\/mootorioli-synpower-mst-c3-5w40-1l-valvoline\\\/#breadcrumb\",\"itemListElement\":[{\"@type\":\"ListItem\",\"position\":1,\"name\":\"Home\",\"item\":\"https:\\\/\\\/ranoja.ee\\\/\"},{\"@type\":\"ListItem\",\"position\":2,\"name\":\"Shop\",\"item\":\"https:\\\/\\\/ranoja.ee\\\/en\\\/shop\\\/\"},{\"@type\":\"ListItem\",\"position\":3,\"name\":\"Mootori\u00f5li Synpower MST C3 5W40 1L, Valvoline\"}]},{\"@type\":\"WebSite\",\"@id\":\"https:\\\/\\\/ranoja.ee\\\/#website\",\"url\":\"https:\\\/\\\/ranoja.ee\\\/\",\"name\":\"Ranoja\",\"description\":\"Equipment Shop WooCommerce WordPress Theme for Machine &amp; Tools\",\"publisher\":{\"@id\":\"https:\\\/\\\/ranoja.ee\\\/#organization\"},\"potentialAction\":[{\"@type\":\"SearchAction\",\"target\":{\"@type\":\"EntryPoint\",\"urlTemplate\":\"https:\\\/\\\/ranoja.ee\\\/?s={search_term_string}\"},\"query-input\":{\"@type\":\"PropertyValueSpecification\",\"valueRequired\":true,\"valueName\":\"search_term_string\"}}],\"inLanguage\":\"en-US\"},{\"@type\":\"Organization\",\"@id\":\"https:\\\/\\\/ranoja.ee\\\/#organization\",\"name\":\"Ranoja O\u00dc\",\"url\":\"https:\\\/\\\/ranoja.ee\\\/\",\"logo\":{\"@type\":\"ImageObject\",\"inLanguage\":\"en-US\",\"@id\":\"https:\\\/\\\/ranoja.ee\\\/#\\\/schema\\\/logo\\\/image\\\/\",\"url\":\"https:\\\/\\\/ranoja.ee\\\/wp-content\\\/uploads\\\/2023\\\/11\\\/ranoja-Logo.png\",\"contentUrl\":\"https:\\\/\\\/ranoja.ee\\\/wp-content\\\/uploads\\\/2023\\\/11\\\/ranoja-Logo.png\",\"width\":207,\"height\":58,\"caption\":\"Ranoja O\u00dc\"},\"image\":{\"@id\":\"https:\\\/\\\/ranoja.ee\\\/#\\\/schema\\\/logo\\\/image\\\/\"},\"sameAs\":[\"https:\\\/\\\/www.facebook.com\\\/ranoja.ee\",\"https:\\\/\\\/www.instagram.com\\\/ranoja__\\\/\"]}]}<\/script>\n<!-- \/ Yoast SEO plugin. -->","yoast_head_json":{"title":"Mootori\u00f5li Synpower MST C3 5W40 1L, Valvoline - Ranoja","robots":{"index":"index","follow":"follow","max-snippet":"max-snippet:-1","max-image-preview":"max-image-preview:large","max-video-preview":"max-video-preview:-1"},"canonical":"https:\/\/ranoja.ee\/toode\/mootorioli-synpower-mst-c3-5w40-1l-valvoline\/","og_locale":"en_US","og_type":"article","og_title":"Mootori\u00f5li Synpower MST C3 5W40 1L, Valvoline - Ranoja","og_description":"Valvoline SynPower mootori\u00f5lid on valmistatud uuel lisanditehnoloogial tagades parima kaitse ja t\u00f5hususe.  Uusim \u201enutikas tehnoloogia\u201c (Smart Performance Technology) tagab kuni 70% parema kulumiskaitse ja kuni 3x suurema k\u00fctuse \u00f6konoomia v\u00f5rreldes k\u00f5ige viimaste n\u00f5utud valdkonna standarditega. Spetsiaalselt v\u00e4ljat\u00f6\u00f6\u00f6tatud Mercedes-Benz ja teiste tootjate Euro IV ja Euro V diisel mootoritele ja\/v\u00f5i kolmeastmelise katal\u00fc\u00fcsneutralisaatoritega bensiinimootoritele. Samuti GM Dexos2 tehnoloogiale. Ametliku heakskiiduga MB-Approval 229.51 Porsche A40 Renault RN0700\/0710 VW 50200\/50500\/50501 GM Dexos 2 GB2E0310103 J\u00f5udlustasemed ACEA C3 API: SM, SN\/CF BMW LL-04 Ford WSS-M2C917-A","og_url":"https:\/\/ranoja.ee\/toode\/mootorioli-synpower-mst-c3-5w40-1l-valvoline\/","og_site_name":"Ranoja","article_publisher":"https:\/\/www.facebook.com\/ranoja.ee","article_modified_time":"2026-03-17T12:42:13+00:00","twitter_card":"summary_large_image","schema":{"@context":"https:\/\/schema.org","@graph":[{"@type":"WebPage","@id":"https:\/\/ranoja.ee\/toode\/mootorioli-synpower-mst-c3-5w40-1l-valvoline\/","url":"https:\/\/ranoja.ee\/toode\/mootorioli-synpower-mst-c3-5w40-1l-valvoline\/","name":"Mootori\u00f5li Synpower MST C3 5W40 1L, Valvoline - Ranoja","isPartOf":{"@id":"https:\/\/ranoja.ee\/#website"},"datePublished":"2026-03-16T23:02:19+00:00","dateModified":"2026-03-17T12:42:13+00:00","breadcrumb":{"@id":"https:\/\/ranoja.ee\/toode\/mootorioli-synpower-mst-c3-5w40-1l-valvoline\/#breadcrumb"},"inLanguage":"en-US","potentialAction":[{"@type":"ReadAction","target":["https:\/\/ranoja.ee\/toode\/mootorioli-synpower-mst-c3-5w40-1l-valvoline\/"]}]},{"@type":"BreadcrumbList","@id":"https:\/\/ranoja.ee\/toode\/mootorioli-synpower-mst-c3-5w40-1l-valvoline\/#breadcrumb","itemListElement":[{"@type":"ListItem","position":1,"name":"Home","item":"https:\/\/ranoja.ee\/"},{"@type":"ListItem","position":2,"name":"Shop","item":"https:\/\/ranoja.ee\/en\/shop\/"},{"@type":"ListItem","position":3,"name":"Mootori\u00f5li Synpower MST C3 5W40 1L, Valvoline"}]},{"@type":"WebSite","@id":"https:\/\/ranoja.ee\/#website","url":"https:\/\/ranoja.ee\/","name":"Ranoja","description":"Equipment Shop WooCommerce WordPress Theme for Machine &amp; Tools","publisher":{"@id":"https:\/\/ranoja.ee\/#organization"},"potentialAction":[{"@type":"SearchAction","target":{"@type":"EntryPoint","urlTemplate":"https:\/\/ranoja.ee\/?s={search_term_string}"},"query-input":{"@type":"PropertyValueSpecification","valueRequired":true,"valueName":"search_term_string"}}],"inLanguage":"en-US"},{"@type":"Organization","@id":"https:\/\/ranoja.ee\/#organization","name":"Ranoja O\u00dc","url":"https:\/\/ranoja.ee\/","logo":{"@type":"ImageObject","inLanguage":"en-US","@id":"https:\/\/ranoja.ee\/#\/schema\/logo\/image\/","url":"https:\/\/ranoja.ee\/wp-content\/uploads\/2023\/11\/ranoja-Logo.png","contentUrl":"https:\/\/ranoja.ee\/wp-content\/uploads\/2023\/11\/ranoja-Logo.png","width":207,"height":58,"caption":"Ranoja O\u00dc"},"image":{"@id":"https:\/\/ranoja.ee\/#\/schema\/logo\/image\/"},"sameAs":["https:\/\/www.facebook.com\/ranoja.ee","https:\/\/www.instagram.com\/ranoja__\/"]}]}},"_links":{"self":[{"href":"https:\/\/ranoja.ee\/en\/wp-json\/wp\/v2\/product\/58721","targetHints":{"allow":["GET"]}}],"collection":[{"href":"https:\/\/ranoja.ee\/en\/wp-json\/wp\/v2\/product"}],"about":[{"href":"https:\/\/ranoja.ee\/en\/wp-json\/wp\/v2\/types\/product"}],"wp:attachment":[{"href":"https:\/\/ranoja.ee\/en\/wp-json\/wp\/v2\/media?parent=58721"}],"wp:term":[{"taxonomy":"product_cat","embeddable":true,"href":"https:\/\/ranoja.ee\/en\/wp-json\/wp\/v2\/product_cat?post=58721"},{"taxonomy":"product_tag","embeddable":true,"href":"https:\/\/ranoja.ee\/en\/wp-json\/wp\/v2\/product_tag?post=58721"}],"curies":[{"name":"wp","href":"https:\/\/api.w.org\/{rel}","templated":true}]}}