{"id":58697,"date":"2026-03-17T02:02:19","date_gmt":"2026-03-16T23:02:19","guid":{"rendered":"https:\/\/ranoja.ee\/toode\/hudrauliline-vertikaalne-puulohkuja-compact8-8t-230v-scheppach\/"},"modified":"2026-03-17T15:42:13","modified_gmt":"2026-03-17T12:42:13","slug":"hudrauliline-vertikaalne-puulohkuja-compact8-8t-230v-scheppach","status":"publish","type":"product","link":"https:\/\/ranoja.ee\/en\/toode\/hudrauliline-vertikaalne-puulohkuja-compact8-8t-230v-scheppach\/","title":{"rendered":"H\u00fcdrauliline vertikaalne puul\u00f5hkuja COMPACT8, 8T 230V, Scheppach"},"content":{"rendered":"","protected":false},"excerpt":{"rendered":"<p>8-tonnise surumisj\u00f5uga puul\u00f5hkuja poolitab  kuni 1070 mm pikkuseid ja kuni 350 mm l\u00e4bim\u00f5\u00f5duga palgid. Palgil\u00f5hkuja saab vaevata hakkama nii pehme kui  k\u00f5va  puiduga. Turvapuur ja kahe k\u00e4ega juhitav t\u00f6\u00f6s\u00fcsteem tagavad t\u00e4ieliku ohutuse.<\/p>\n<p>\u2022 Surumisj\u00f5ud: 8 tonni<br \/>\n\u2022 V\u00f5imas 3150 W (230 V~) mootor<br \/>\n\u2022 Pulberv\u00e4rvitud raam<br \/>\n\u2022 L\u00f5hestab vaevata kuni 1070 mm pikkused k\u00f5vad palgijupid<br \/>\n\u2022 Max. palgi l\u00e4bim\u00f5\u00f5t: 350 mm<br \/>\n\u2022 Palgip\u00fc\u00fcdur m\u00f5lemal k\u00fcljel<br \/>\n\u2022 P\u00f6\u00f6ratava lauaga saab seadistada kahte t\u00f6\u00f6k\u00f5rgust<br \/>\n\u2022 Optimeeritud ohutus t\u00e4nu kahek\u00e4e juhtimisele<br \/>\n\u2022 Transpordiasend h\u00f5lpsaks teisaldaimiseks<\/p>\n","protected":false},"featured_media":58698,"template":"","meta":{"inline_featured_image":false},"product_cat":[1087,1089],"product_tag":[],"class_list":{"0":"post-58697","1":"product","2":"type-product","3":"status-publish","4":"has-post-thumbnail","6":"product_brand-scheppach","7":"product_cat-metsatehnika","8":"product_cat-puulohkumismasinad","10":"first","11":"instock","12":"purchasable","13":"product-type-simple"},"yoast_head":"<!-- This site is optimized with the Yoast SEO plugin v27.4 - https:\/\/yoast.com\/product\/yoast-seo-wordpress\/ -->\n<title>H\u00fcdrauliline vertikaalne puul\u00f5hkuja COMPACT8, 8T 230V, Scheppach - Ranoja<\/title>\n<meta name=\"robots\" content=\"index, follow, max-snippet:-1, max-image-preview:large, max-video-preview:-1\" \/>\n<link rel=\"canonical\" href=\"https:\/\/ranoja.ee\/toode\/hudrauliline-vertikaalne-puulohkuja-compact8-8t-230v-scheppach\/\" \/>\n<meta property=\"og:locale\" content=\"en_US\" \/>\n<meta property=\"og:type\" content=\"article\" \/>\n<meta property=\"og:title\" content=\"H\u00fcdrauliline vertikaalne puul\u00f5hkuja COMPACT8, 8T 230V, Scheppach - Ranoja\" \/>\n<meta property=\"og:description\" content=\"8-tonnise surumisj\u00f5uga puul\u00f5hkuja poolitab kuni 1070 mm pikkuseid ja kuni 350 mm l\u00e4bim\u00f5\u00f5duga palgid. Palgil\u00f5hkuja saab vaevata hakkama nii pehme kui k\u00f5va puiduga. Turvapuur ja kahe k\u00e4ega juhitav t\u00f6\u00f6s\u00fcsteem tagavad t\u00e4ieliku ohutuse. \u2022 Surumisj\u00f5ud: 8 tonni \u2022 V\u00f5imas 3150 W (230 V~) mootor \u2022 Pulberv\u00e4rvitud raam \u2022 L\u00f5hestab vaevata kuni 1070 mm pikkused k\u00f5vad palgijupid \u2022 Max. palgi l\u00e4bim\u00f5\u00f5t: 350 mm \u2022 Palgip\u00fc\u00fcdur m\u00f5lemal k\u00fcljel \u2022 P\u00f6\u00f6ratava lauaga saab seadistada kahte t\u00f6\u00f6k\u00f5rgust \u2022 Optimeeritud ohutus t\u00e4nu kahek\u00e4e juhtimisele \u2022 Transpordiasend h\u00f5lpsaks teisaldaimiseks\" \/>\n<meta property=\"og:url\" content=\"https:\/\/ranoja.ee\/toode\/hudrauliline-vertikaalne-puulohkuja-compact8-8t-230v-scheppach\/\" \/>\n<meta property=\"og:site_name\" content=\"Ranoja\" \/>\n<meta property=\"article:publisher\" content=\"https:\/\/www.facebook.com\/ranoja.ee\" \/>\n<meta property=\"article:modified_time\" content=\"2026-03-17T12:42:13+00:00\" \/>\n<meta property=\"og:image\" content=\"https:\/\/ranoja.ee\/wp-content\/uploads\/2026\/03\/234383660.jpg\" \/>\n\t<meta property=\"og:image:width\" content=\"549\" \/>\n\t<meta property=\"og:image:height\" content=\"768\" \/>\n\t<meta property=\"og:image:type\" content=\"image\/jpeg\" \/>\n<meta name=\"twitter:card\" content=\"summary_large_image\" \/>\n<script type=\"application\/ld+json\" class=\"yoast-schema-graph\">{\"@context\":\"https:\\\/\\\/schema.org\",\"@graph\":[{\"@type\":\"WebPage\",\"@id\":\"https:\\\/\\\/ranoja.ee\\\/toode\\\/hudrauliline-vertikaalne-puulohkuja-compact8-8t-230v-scheppach\\\/\",\"url\":\"https:\\\/\\\/ranoja.ee\\\/toode\\\/hudrauliline-vertikaalne-puulohkuja-compact8-8t-230v-scheppach\\\/\",\"name\":\"H\u00fcdrauliline vertikaalne puul\u00f5hkuja COMPACT8, 8T 230V, Scheppach - Ranoja\",\"isPartOf\":{\"@id\":\"https:\\\/\\\/ranoja.ee\\\/#website\"},\"primaryImageOfPage\":{\"@id\":\"https:\\\/\\\/ranoja.ee\\\/toode\\\/hudrauliline-vertikaalne-puulohkuja-compact8-8t-230v-scheppach\\\/#primaryimage\"},\"image\":{\"@id\":\"https:\\\/\\\/ranoja.ee\\\/toode\\\/hudrauliline-vertikaalne-puulohkuja-compact8-8t-230v-scheppach\\\/#primaryimage\"},\"thumbnailUrl\":\"https:\\\/\\\/ranoja.ee\\\/wp-content\\\/uploads\\\/2026\\\/03\\\/234383660.jpg\",\"datePublished\":\"2026-03-16T23:02:19+00:00\",\"dateModified\":\"2026-03-17T12:42:13+00:00\",\"breadcrumb\":{\"@id\":\"https:\\\/\\\/ranoja.ee\\\/toode\\\/hudrauliline-vertikaalne-puulohkuja-compact8-8t-230v-scheppach\\\/#breadcrumb\"},\"inLanguage\":\"en-US\",\"potentialAction\":[{\"@type\":\"ReadAction\",\"target\":[\"https:\\\/\\\/ranoja.ee\\\/toode\\\/hudrauliline-vertikaalne-puulohkuja-compact8-8t-230v-scheppach\\\/\"]}]},{\"@type\":\"ImageObject\",\"inLanguage\":\"en-US\",\"@id\":\"https:\\\/\\\/ranoja.ee\\\/toode\\\/hudrauliline-vertikaalne-puulohkuja-compact8-8t-230v-scheppach\\\/#primaryimage\",\"url\":\"https:\\\/\\\/ranoja.ee\\\/wp-content\\\/uploads\\\/2026\\\/03\\\/234383660.jpg\",\"contentUrl\":\"https:\\\/\\\/ranoja.ee\\\/wp-content\\\/uploads\\\/2026\\\/03\\\/234383660.jpg\",\"width\":549,\"height\":768},{\"@type\":\"BreadcrumbList\",\"@id\":\"https:\\\/\\\/ranoja.ee\\\/toode\\\/hudrauliline-vertikaalne-puulohkuja-compact8-8t-230v-scheppach\\\/#breadcrumb\",\"itemListElement\":[{\"@type\":\"ListItem\",\"position\":1,\"name\":\"Home\",\"item\":\"https:\\\/\\\/ranoja.ee\\\/\"},{\"@type\":\"ListItem\",\"position\":2,\"name\":\"Shop\",\"item\":\"https:\\\/\\\/ranoja.ee\\\/en\\\/shop\\\/\"},{\"@type\":\"ListItem\",\"position\":3,\"name\":\"H\u00fcdrauliline vertikaalne puul\u00f5hkuja COMPACT8, 8T 230V, Scheppach\"}]},{\"@type\":\"WebSite\",\"@id\":\"https:\\\/\\\/ranoja.ee\\\/#website\",\"url\":\"https:\\\/\\\/ranoja.ee\\\/\",\"name\":\"Ranoja\",\"description\":\"Equipment Shop WooCommerce WordPress Theme for Machine &amp; Tools\",\"publisher\":{\"@id\":\"https:\\\/\\\/ranoja.ee\\\/#organization\"},\"potentialAction\":[{\"@type\":\"SearchAction\",\"target\":{\"@type\":\"EntryPoint\",\"urlTemplate\":\"https:\\\/\\\/ranoja.ee\\\/?s={search_term_string}\"},\"query-input\":{\"@type\":\"PropertyValueSpecification\",\"valueRequired\":true,\"valueName\":\"search_term_string\"}}],\"inLanguage\":\"en-US\"},{\"@type\":\"Organization\",\"@id\":\"https:\\\/\\\/ranoja.ee\\\/#organization\",\"name\":\"Ranoja O\u00dc\",\"url\":\"https:\\\/\\\/ranoja.ee\\\/\",\"logo\":{\"@type\":\"ImageObject\",\"inLanguage\":\"en-US\",\"@id\":\"https:\\\/\\\/ranoja.ee\\\/#\\\/schema\\\/logo\\\/image\\\/\",\"url\":\"https:\\\/\\\/ranoja.ee\\\/wp-content\\\/uploads\\\/2023\\\/11\\\/ranoja-Logo.png\",\"contentUrl\":\"https:\\\/\\\/ranoja.ee\\\/wp-content\\\/uploads\\\/2023\\\/11\\\/ranoja-Logo.png\",\"width\":207,\"height\":58,\"caption\":\"Ranoja O\u00dc\"},\"image\":{\"@id\":\"https:\\\/\\\/ranoja.ee\\\/#\\\/schema\\\/logo\\\/image\\\/\"},\"sameAs\":[\"https:\\\/\\\/www.facebook.com\\\/ranoja.ee\",\"https:\\\/\\\/www.instagram.com\\\/ranoja__\\\/\"]}]}<\/script>\n<!-- \/ Yoast SEO plugin. -->","yoast_head_json":{"title":"H\u00fcdrauliline vertikaalne puul\u00f5hkuja COMPACT8, 8T 230V, Scheppach - Ranoja","robots":{"index":"index","follow":"follow","max-snippet":"max-snippet:-1","max-image-preview":"max-image-preview:large","max-video-preview":"max-video-preview:-1"},"canonical":"https:\/\/ranoja.ee\/toode\/hudrauliline-vertikaalne-puulohkuja-compact8-8t-230v-scheppach\/","og_locale":"en_US","og_type":"article","og_title":"H\u00fcdrauliline vertikaalne puul\u00f5hkuja COMPACT8, 8T 230V, Scheppach - Ranoja","og_description":"8-tonnise surumisj\u00f5uga puul\u00f5hkuja poolitab kuni 1070 mm pikkuseid ja kuni 350 mm l\u00e4bim\u00f5\u00f5duga palgid. Palgil\u00f5hkuja saab vaevata hakkama nii pehme kui k\u00f5va puiduga. Turvapuur ja kahe k\u00e4ega juhitav t\u00f6\u00f6s\u00fcsteem tagavad t\u00e4ieliku ohutuse. \u2022 Surumisj\u00f5ud: 8 tonni \u2022 V\u00f5imas 3150 W (230 V~) mootor \u2022 Pulberv\u00e4rvitud raam \u2022 L\u00f5hestab vaevata kuni 1070 mm pikkused k\u00f5vad palgijupid \u2022 Max. palgi l\u00e4bim\u00f5\u00f5t: 350 mm \u2022 Palgip\u00fc\u00fcdur m\u00f5lemal k\u00fcljel \u2022 P\u00f6\u00f6ratava lauaga saab seadistada kahte t\u00f6\u00f6k\u00f5rgust \u2022 Optimeeritud ohutus t\u00e4nu kahek\u00e4e juhtimisele \u2022 Transpordiasend h\u00f5lpsaks teisaldaimiseks","og_url":"https:\/\/ranoja.ee\/toode\/hudrauliline-vertikaalne-puulohkuja-compact8-8t-230v-scheppach\/","og_site_name":"Ranoja","article_publisher":"https:\/\/www.facebook.com\/ranoja.ee","article_modified_time":"2026-03-17T12:42:13+00:00","og_image":[{"width":549,"height":768,"url":"https:\/\/ranoja.ee\/wp-content\/uploads\/2026\/03\/234383660.jpg","type":"image\/jpeg"}],"twitter_card":"summary_large_image","schema":{"@context":"https:\/\/schema.org","@graph":[{"@type":"WebPage","@id":"https:\/\/ranoja.ee\/toode\/hudrauliline-vertikaalne-puulohkuja-compact8-8t-230v-scheppach\/","url":"https:\/\/ranoja.ee\/toode\/hudrauliline-vertikaalne-puulohkuja-compact8-8t-230v-scheppach\/","name":"H\u00fcdrauliline vertikaalne puul\u00f5hkuja COMPACT8, 8T 230V, Scheppach - Ranoja","isPartOf":{"@id":"https:\/\/ranoja.ee\/#website"},"primaryImageOfPage":{"@id":"https:\/\/ranoja.ee\/toode\/hudrauliline-vertikaalne-puulohkuja-compact8-8t-230v-scheppach\/#primaryimage"},"image":{"@id":"https:\/\/ranoja.ee\/toode\/hudrauliline-vertikaalne-puulohkuja-compact8-8t-230v-scheppach\/#primaryimage"},"thumbnailUrl":"https:\/\/ranoja.ee\/wp-content\/uploads\/2026\/03\/234383660.jpg","datePublished":"2026-03-16T23:02:19+00:00","dateModified":"2026-03-17T12:42:13+00:00","breadcrumb":{"@id":"https:\/\/ranoja.ee\/toode\/hudrauliline-vertikaalne-puulohkuja-compact8-8t-230v-scheppach\/#breadcrumb"},"inLanguage":"en-US","potentialAction":[{"@type":"ReadAction","target":["https:\/\/ranoja.ee\/toode\/hudrauliline-vertikaalne-puulohkuja-compact8-8t-230v-scheppach\/"]}]},{"@type":"ImageObject","inLanguage":"en-US","@id":"https:\/\/ranoja.ee\/toode\/hudrauliline-vertikaalne-puulohkuja-compact8-8t-230v-scheppach\/#primaryimage","url":"https:\/\/ranoja.ee\/wp-content\/uploads\/2026\/03\/234383660.jpg","contentUrl":"https:\/\/ranoja.ee\/wp-content\/uploads\/2026\/03\/234383660.jpg","width":549,"height":768},{"@type":"BreadcrumbList","@id":"https:\/\/ranoja.ee\/toode\/hudrauliline-vertikaalne-puulohkuja-compact8-8t-230v-scheppach\/#breadcrumb","itemListElement":[{"@type":"ListItem","position":1,"name":"Home","item":"https:\/\/ranoja.ee\/"},{"@type":"ListItem","position":2,"name":"Shop","item":"https:\/\/ranoja.ee\/en\/shop\/"},{"@type":"ListItem","position":3,"name":"H\u00fcdrauliline vertikaalne puul\u00f5hkuja COMPACT8, 8T 230V, Scheppach"}]},{"@type":"WebSite","@id":"https:\/\/ranoja.ee\/#website","url":"https:\/\/ranoja.ee\/","name":"Ranoja","description":"Equipment Shop WooCommerce WordPress Theme for Machine &amp; Tools","publisher":{"@id":"https:\/\/ranoja.ee\/#organization"},"potentialAction":[{"@type":"SearchAction","target":{"@type":"EntryPoint","urlTemplate":"https:\/\/ranoja.ee\/?s={search_term_string}"},"query-input":{"@type":"PropertyValueSpecification","valueRequired":true,"valueName":"search_term_string"}}],"inLanguage":"en-US"},{"@type":"Organization","@id":"https:\/\/ranoja.ee\/#organization","name":"Ranoja O\u00dc","url":"https:\/\/ranoja.ee\/","logo":{"@type":"ImageObject","inLanguage":"en-US","@id":"https:\/\/ranoja.ee\/#\/schema\/logo\/image\/","url":"https:\/\/ranoja.ee\/wp-content\/uploads\/2023\/11\/ranoja-Logo.png","contentUrl":"https:\/\/ranoja.ee\/wp-content\/uploads\/2023\/11\/ranoja-Logo.png","width":207,"height":58,"caption":"Ranoja O\u00dc"},"image":{"@id":"https:\/\/ranoja.ee\/#\/schema\/logo\/image\/"},"sameAs":["https:\/\/www.facebook.com\/ranoja.ee","https:\/\/www.instagram.com\/ranoja__\/"]}]}},"_links":{"self":[{"href":"https:\/\/ranoja.ee\/en\/wp-json\/wp\/v2\/product\/58697","targetHints":{"allow":["GET"]}}],"collection":[{"href":"https:\/\/ranoja.ee\/en\/wp-json\/wp\/v2\/product"}],"about":[{"href":"https:\/\/ranoja.ee\/en\/wp-json\/wp\/v2\/types\/product"}],"wp:featuredmedia":[{"embeddable":true,"href":"https:\/\/ranoja.ee\/en\/wp-json\/wp\/v2\/media\/58698"}],"wp:attachment":[{"href":"https:\/\/ranoja.ee\/en\/wp-json\/wp\/v2\/media?parent=58697"}],"wp:term":[{"taxonomy":"product_cat","embeddable":true,"href":"https:\/\/ranoja.ee\/en\/wp-json\/wp\/v2\/product_cat?post=58697"},{"taxonomy":"product_tag","embeddable":true,"href":"https:\/\/ranoja.ee\/en\/wp-json\/wp\/v2\/product_tag?post=58697"}],"curies":[{"name":"wp","href":"https:\/\/api.w.org\/{rel}","templated":true}]}}