{"id":58693,"date":"2026-03-17T02:02:19","date_gmt":"2026-03-16T23:02:19","guid":{"rendered":"https:\/\/ranoja.ee\/toode\/kett-tali-cb01-1t-tostekorgus-3m-scheppach\/"},"modified":"2026-03-17T15:42:13","modified_gmt":"2026-03-17T12:42:13","slug":"kett-tali-cb01-1t-tostekorgus-3m-scheppach","status":"publish","type":"product","link":"https:\/\/ranoja.ee\/en\/toode\/kett-tali-cb01-1t-tostekorgus-3m-scheppach\/","title":{"rendered":"Kett-tali CB01 \/ 1t \/ t\u00f5stek\u00f5rgus 3m, Scheppach"},"content":{"rendered":"","protected":false},"excerpt":{"rendered":"<p>See 1-tonnine tali on t\u00e4iuslik garaazi v\u00f5i t\u00f6\u00f6koja jaoks ja konstrueeritud rahuldamaks professionaalide ja asjaarmastajate n\u00f5udmisi. Aastatepikkuse t\u00f6\u00f6kindluse saavutamiseks valmistatud tugeva konstruktsiooniga.<\/p>\n<p>\u2022Maksimaalne t\u00f5stej\u00f5ud 1000 kg<br \/>\n\u2022T\u00f5stek\u00f5rgus 3000 mm<br \/>\n\u2022Ideaalne vahend t\u00f5stmiseks, t\u00f5mbamiseks, venitamiseks ja kinnitamiseks<br \/>\n\u2022Kontrollitud t\u00f5ste- ja langetamisrajatis<br \/>\n\u2022L\u00f5tvuse k\u00f5rvaldamiseks k\u00e4sitsi vabajooksukett<br \/>\n\u2022Perfektne vahend piiratud ruumides kasutamiseks<\/p>\n","protected":false},"featured_media":58694,"template":"","meta":{"inline_featured_image":false},"product_cat":[5081,5259,5257,5258],"product_tag":[],"class_list":{"0":"post-58693","1":"product","2":"type-product","3":"status-publish","4":"has-post-thumbnail","6":"product_brand-scheppach","7":"product_cat-kaubakaitlusvahendid","8":"product_cat-koormarihmad","9":"product_cat-talid","10":"product_cat-tropid","12":"first","13":"instock","14":"purchasable","15":"product-type-simple"},"yoast_head":"<!-- This site is optimized with the Yoast SEO plugin v27.4 - https:\/\/yoast.com\/product\/yoast-seo-wordpress\/ -->\n<title>Kett-tali CB01 \/ 1t \/ t\u00f5stek\u00f5rgus 3m, Scheppach - Ranoja<\/title>\n<meta name=\"robots\" content=\"index, follow, max-snippet:-1, max-image-preview:large, max-video-preview:-1\" \/>\n<link rel=\"canonical\" href=\"https:\/\/ranoja.ee\/toode\/kett-tali-cb01-1t-tostekorgus-3m-scheppach\/\" \/>\n<meta property=\"og:locale\" content=\"en_US\" \/>\n<meta property=\"og:type\" content=\"article\" \/>\n<meta property=\"og:title\" content=\"Kett-tali CB01 \/ 1t \/ t\u00f5stek\u00f5rgus 3m, Scheppach - Ranoja\" \/>\n<meta property=\"og:description\" content=\"See 1-tonnine tali on t\u00e4iuslik garaazi v\u00f5i t\u00f6\u00f6koja jaoks ja konstrueeritud rahuldamaks professionaalide ja asjaarmastajate n\u00f5udmisi. Aastatepikkuse t\u00f6\u00f6kindluse saavutamiseks valmistatud tugeva konstruktsiooniga. \u2022Maksimaalne t\u00f5stej\u00f5ud 1000 kg \u2022T\u00f5stek\u00f5rgus 3000 mm \u2022Ideaalne vahend t\u00f5stmiseks, t\u00f5mbamiseks, venitamiseks ja kinnitamiseks \u2022Kontrollitud t\u00f5ste- ja langetamisrajatis \u2022L\u00f5tvuse k\u00f5rvaldamiseks k\u00e4sitsi vabajooksukett \u2022Perfektne vahend piiratud ruumides kasutamiseks\" \/>\n<meta property=\"og:url\" content=\"https:\/\/ranoja.ee\/toode\/kett-tali-cb01-1t-tostekorgus-3m-scheppach\/\" \/>\n<meta property=\"og:site_name\" content=\"Ranoja\" \/>\n<meta property=\"article:publisher\" content=\"https:\/\/www.facebook.com\/ranoja.ee\" \/>\n<meta property=\"article:modified_time\" content=\"2026-03-17T12:42:13+00:00\" \/>\n<meta property=\"og:image\" content=\"https:\/\/ranoja.ee\/wp-content\/uploads\/2026\/03\/128149998.jpg\" \/>\n\t<meta property=\"og:image:width\" content=\"227\" \/>\n\t<meta property=\"og:image:height\" content=\"768\" \/>\n\t<meta property=\"og:image:type\" content=\"image\/jpeg\" \/>\n<meta name=\"twitter:card\" content=\"summary_large_image\" \/>\n<script type=\"application\/ld+json\" class=\"yoast-schema-graph\">{\"@context\":\"https:\\\/\\\/schema.org\",\"@graph\":[{\"@type\":\"WebPage\",\"@id\":\"https:\\\/\\\/ranoja.ee\\\/toode\\\/kett-tali-cb01-1t-tostekorgus-3m-scheppach\\\/\",\"url\":\"https:\\\/\\\/ranoja.ee\\\/toode\\\/kett-tali-cb01-1t-tostekorgus-3m-scheppach\\\/\",\"name\":\"Kett-tali CB01 \\\/ 1t \\\/ t\u00f5stek\u00f5rgus 3m, Scheppach - Ranoja\",\"isPartOf\":{\"@id\":\"https:\\\/\\\/ranoja.ee\\\/#website\"},\"primaryImageOfPage\":{\"@id\":\"https:\\\/\\\/ranoja.ee\\\/toode\\\/kett-tali-cb01-1t-tostekorgus-3m-scheppach\\\/#primaryimage\"},\"image\":{\"@id\":\"https:\\\/\\\/ranoja.ee\\\/toode\\\/kett-tali-cb01-1t-tostekorgus-3m-scheppach\\\/#primaryimage\"},\"thumbnailUrl\":\"https:\\\/\\\/ranoja.ee\\\/wp-content\\\/uploads\\\/2026\\\/03\\\/128149998.jpg\",\"datePublished\":\"2026-03-16T23:02:19+00:00\",\"dateModified\":\"2026-03-17T12:42:13+00:00\",\"breadcrumb\":{\"@id\":\"https:\\\/\\\/ranoja.ee\\\/toode\\\/kett-tali-cb01-1t-tostekorgus-3m-scheppach\\\/#breadcrumb\"},\"inLanguage\":\"en-US\",\"potentialAction\":[{\"@type\":\"ReadAction\",\"target\":[\"https:\\\/\\\/ranoja.ee\\\/toode\\\/kett-tali-cb01-1t-tostekorgus-3m-scheppach\\\/\"]}]},{\"@type\":\"ImageObject\",\"inLanguage\":\"en-US\",\"@id\":\"https:\\\/\\\/ranoja.ee\\\/toode\\\/kett-tali-cb01-1t-tostekorgus-3m-scheppach\\\/#primaryimage\",\"url\":\"https:\\\/\\\/ranoja.ee\\\/wp-content\\\/uploads\\\/2026\\\/03\\\/128149998.jpg\",\"contentUrl\":\"https:\\\/\\\/ranoja.ee\\\/wp-content\\\/uploads\\\/2026\\\/03\\\/128149998.jpg\",\"width\":227,\"height\":768},{\"@type\":\"BreadcrumbList\",\"@id\":\"https:\\\/\\\/ranoja.ee\\\/toode\\\/kett-tali-cb01-1t-tostekorgus-3m-scheppach\\\/#breadcrumb\",\"itemListElement\":[{\"@type\":\"ListItem\",\"position\":1,\"name\":\"Home\",\"item\":\"https:\\\/\\\/ranoja.ee\\\/\"},{\"@type\":\"ListItem\",\"position\":2,\"name\":\"Shop\",\"item\":\"https:\\\/\\\/ranoja.ee\\\/en\\\/shop\\\/\"},{\"@type\":\"ListItem\",\"position\":3,\"name\":\"Kett-tali CB01 \\\/ 1t \\\/ t\u00f5stek\u00f5rgus 3m, Scheppach\"}]},{\"@type\":\"WebSite\",\"@id\":\"https:\\\/\\\/ranoja.ee\\\/#website\",\"url\":\"https:\\\/\\\/ranoja.ee\\\/\",\"name\":\"Ranoja\",\"description\":\"Equipment Shop WooCommerce WordPress Theme for Machine &amp; Tools\",\"publisher\":{\"@id\":\"https:\\\/\\\/ranoja.ee\\\/#organization\"},\"potentialAction\":[{\"@type\":\"SearchAction\",\"target\":{\"@type\":\"EntryPoint\",\"urlTemplate\":\"https:\\\/\\\/ranoja.ee\\\/?s={search_term_string}\"},\"query-input\":{\"@type\":\"PropertyValueSpecification\",\"valueRequired\":true,\"valueName\":\"search_term_string\"}}],\"inLanguage\":\"en-US\"},{\"@type\":\"Organization\",\"@id\":\"https:\\\/\\\/ranoja.ee\\\/#organization\",\"name\":\"Ranoja O\u00dc\",\"url\":\"https:\\\/\\\/ranoja.ee\\\/\",\"logo\":{\"@type\":\"ImageObject\",\"inLanguage\":\"en-US\",\"@id\":\"https:\\\/\\\/ranoja.ee\\\/#\\\/schema\\\/logo\\\/image\\\/\",\"url\":\"https:\\\/\\\/ranoja.ee\\\/wp-content\\\/uploads\\\/2023\\\/11\\\/ranoja-Logo.png\",\"contentUrl\":\"https:\\\/\\\/ranoja.ee\\\/wp-content\\\/uploads\\\/2023\\\/11\\\/ranoja-Logo.png\",\"width\":207,\"height\":58,\"caption\":\"Ranoja O\u00dc\"},\"image\":{\"@id\":\"https:\\\/\\\/ranoja.ee\\\/#\\\/schema\\\/logo\\\/image\\\/\"},\"sameAs\":[\"https:\\\/\\\/www.facebook.com\\\/ranoja.ee\",\"https:\\\/\\\/www.instagram.com\\\/ranoja__\\\/\"]}]}<\/script>\n<!-- \/ Yoast SEO plugin. -->","yoast_head_json":{"title":"Kett-tali CB01 \/ 1t \/ t\u00f5stek\u00f5rgus 3m, Scheppach - Ranoja","robots":{"index":"index","follow":"follow","max-snippet":"max-snippet:-1","max-image-preview":"max-image-preview:large","max-video-preview":"max-video-preview:-1"},"canonical":"https:\/\/ranoja.ee\/toode\/kett-tali-cb01-1t-tostekorgus-3m-scheppach\/","og_locale":"en_US","og_type":"article","og_title":"Kett-tali CB01 \/ 1t \/ t\u00f5stek\u00f5rgus 3m, Scheppach - Ranoja","og_description":"See 1-tonnine tali on t\u00e4iuslik garaazi v\u00f5i t\u00f6\u00f6koja jaoks ja konstrueeritud rahuldamaks professionaalide ja asjaarmastajate n\u00f5udmisi. Aastatepikkuse t\u00f6\u00f6kindluse saavutamiseks valmistatud tugeva konstruktsiooniga. \u2022Maksimaalne t\u00f5stej\u00f5ud 1000 kg \u2022T\u00f5stek\u00f5rgus 3000 mm \u2022Ideaalne vahend t\u00f5stmiseks, t\u00f5mbamiseks, venitamiseks ja kinnitamiseks \u2022Kontrollitud t\u00f5ste- ja langetamisrajatis \u2022L\u00f5tvuse k\u00f5rvaldamiseks k\u00e4sitsi vabajooksukett \u2022Perfektne vahend piiratud ruumides kasutamiseks","og_url":"https:\/\/ranoja.ee\/toode\/kett-tali-cb01-1t-tostekorgus-3m-scheppach\/","og_site_name":"Ranoja","article_publisher":"https:\/\/www.facebook.com\/ranoja.ee","article_modified_time":"2026-03-17T12:42:13+00:00","og_image":[{"width":227,"height":768,"url":"https:\/\/ranoja.ee\/wp-content\/uploads\/2026\/03\/128149998.jpg","type":"image\/jpeg"}],"twitter_card":"summary_large_image","schema":{"@context":"https:\/\/schema.org","@graph":[{"@type":"WebPage","@id":"https:\/\/ranoja.ee\/toode\/kett-tali-cb01-1t-tostekorgus-3m-scheppach\/","url":"https:\/\/ranoja.ee\/toode\/kett-tali-cb01-1t-tostekorgus-3m-scheppach\/","name":"Kett-tali CB01 \/ 1t \/ t\u00f5stek\u00f5rgus 3m, Scheppach - Ranoja","isPartOf":{"@id":"https:\/\/ranoja.ee\/#website"},"primaryImageOfPage":{"@id":"https:\/\/ranoja.ee\/toode\/kett-tali-cb01-1t-tostekorgus-3m-scheppach\/#primaryimage"},"image":{"@id":"https:\/\/ranoja.ee\/toode\/kett-tali-cb01-1t-tostekorgus-3m-scheppach\/#primaryimage"},"thumbnailUrl":"https:\/\/ranoja.ee\/wp-content\/uploads\/2026\/03\/128149998.jpg","datePublished":"2026-03-16T23:02:19+00:00","dateModified":"2026-03-17T12:42:13+00:00","breadcrumb":{"@id":"https:\/\/ranoja.ee\/toode\/kett-tali-cb01-1t-tostekorgus-3m-scheppach\/#breadcrumb"},"inLanguage":"en-US","potentialAction":[{"@type":"ReadAction","target":["https:\/\/ranoja.ee\/toode\/kett-tali-cb01-1t-tostekorgus-3m-scheppach\/"]}]},{"@type":"ImageObject","inLanguage":"en-US","@id":"https:\/\/ranoja.ee\/toode\/kett-tali-cb01-1t-tostekorgus-3m-scheppach\/#primaryimage","url":"https:\/\/ranoja.ee\/wp-content\/uploads\/2026\/03\/128149998.jpg","contentUrl":"https:\/\/ranoja.ee\/wp-content\/uploads\/2026\/03\/128149998.jpg","width":227,"height":768},{"@type":"BreadcrumbList","@id":"https:\/\/ranoja.ee\/toode\/kett-tali-cb01-1t-tostekorgus-3m-scheppach\/#breadcrumb","itemListElement":[{"@type":"ListItem","position":1,"name":"Home","item":"https:\/\/ranoja.ee\/"},{"@type":"ListItem","position":2,"name":"Shop","item":"https:\/\/ranoja.ee\/en\/shop\/"},{"@type":"ListItem","position":3,"name":"Kett-tali CB01 \/ 1t \/ t\u00f5stek\u00f5rgus 3m, Scheppach"}]},{"@type":"WebSite","@id":"https:\/\/ranoja.ee\/#website","url":"https:\/\/ranoja.ee\/","name":"Ranoja","description":"Equipment Shop WooCommerce WordPress Theme for Machine &amp; Tools","publisher":{"@id":"https:\/\/ranoja.ee\/#organization"},"potentialAction":[{"@type":"SearchAction","target":{"@type":"EntryPoint","urlTemplate":"https:\/\/ranoja.ee\/?s={search_term_string}"},"query-input":{"@type":"PropertyValueSpecification","valueRequired":true,"valueName":"search_term_string"}}],"inLanguage":"en-US"},{"@type":"Organization","@id":"https:\/\/ranoja.ee\/#organization","name":"Ranoja O\u00dc","url":"https:\/\/ranoja.ee\/","logo":{"@type":"ImageObject","inLanguage":"en-US","@id":"https:\/\/ranoja.ee\/#\/schema\/logo\/image\/","url":"https:\/\/ranoja.ee\/wp-content\/uploads\/2023\/11\/ranoja-Logo.png","contentUrl":"https:\/\/ranoja.ee\/wp-content\/uploads\/2023\/11\/ranoja-Logo.png","width":207,"height":58,"caption":"Ranoja O\u00dc"},"image":{"@id":"https:\/\/ranoja.ee\/#\/schema\/logo\/image\/"},"sameAs":["https:\/\/www.facebook.com\/ranoja.ee","https:\/\/www.instagram.com\/ranoja__\/"]}]}},"_links":{"self":[{"href":"https:\/\/ranoja.ee\/en\/wp-json\/wp\/v2\/product\/58693","targetHints":{"allow":["GET"]}}],"collection":[{"href":"https:\/\/ranoja.ee\/en\/wp-json\/wp\/v2\/product"}],"about":[{"href":"https:\/\/ranoja.ee\/en\/wp-json\/wp\/v2\/types\/product"}],"wp:featuredmedia":[{"embeddable":true,"href":"https:\/\/ranoja.ee\/en\/wp-json\/wp\/v2\/media\/58694"}],"wp:attachment":[{"href":"https:\/\/ranoja.ee\/en\/wp-json\/wp\/v2\/media?parent=58693"}],"wp:term":[{"taxonomy":"product_cat","embeddable":true,"href":"https:\/\/ranoja.ee\/en\/wp-json\/wp\/v2\/product_cat?post=58693"},{"taxonomy":"product_tag","embeddable":true,"href":"https:\/\/ranoja.ee\/en\/wp-json\/wp\/v2\/product_tag?post=58693"}],"curies":[{"name":"wp","href":"https:\/\/api.w.org\/{rel}","templated":true}]}}