{"id":58689,"date":"2026-03-17T02:02:19","date_gmt":"2026-03-16T23:02:19","guid":{"rendered":"https:\/\/ranoja.ee\/toode\/bensiinilisand-susteemi-puhasti-petrol-system-protector-30-300-ml-valvoline\/"},"modified":"2026-03-17T15:42:13","modified_gmt":"2026-03-17T12:42:13","slug":"bensiinilisand-susteemi-puhasti-petrol-system-protector-30-300-ml-valvoline","status":"publish","type":"product","link":"https:\/\/ranoja.ee\/en\/toode\/bensiinilisand-susteemi-puhasti-petrol-system-protector-30-300-ml-valvoline\/","title":{"rendered":"Bensiinilisand \/ s\u00fcsteemi puhasti Petrol System Protector 30 300 ml, Valvoline"},"content":{"rendered":"","protected":false},"excerpt":{"rendered":"<p>Tippkvaliteetne k\u00fctuselisand k\u00f5ikidele bensiinimootoritele. Kaitseb ja puhastab k\u00f5iki selliseid toites\u00fcsteemi komponente mis on kokkupuutes k\u00fctusega nagu torustikud, pihustid, silindrid, p\u00f5lemiskambrid ja s\u00fc\u00fctek\u00fc\u00fcnlad.<br \/>\nSpetsiaalsed korrosiooni inhibiitorid v\u00e4ldivad korrosiooni teket toites\u00fcsteemis. Aitab v\u00e4ltida k\u00fctusekulu kasvu. Pikendab heitgaasi j\u00e4relt\u00f6\u00f6tluss\u00fcsteemide eluiga ja efektiivset korrasolekut.<br \/>\nKasutamine:<br \/>\nSobib kasutamiseks k\u00f5ikidele bensiinimootoritele mis on katal\u00fcsaatoriga v\u00f5i ilma. Eriti soovituslik otse sissepritsega bensiinimootoritele.<br \/>\nKasuta igakordsel autohooldusel:<br \/>\n&#8211; Et v\u00e4ltida k\u00fctuse kulu kasvu<br \/>\n&#8211; Et v\u00e4ltida mootori v\u00f5imsuse langust<br \/>\n&#8211; Kui kahtlustate ebakvaliteetse k\u00fctuse sattumist paaki<br \/>\n&#8211; Kui kasutate E10 bensiini. E10 &#8211; biok\u00fctuse 10% sisaldusega bensiin.<br \/>\nKasutusjuhis:<br \/>\nLisada pudeli sisu paaki kuni 60 ltr k\u00fctuse kogusele. Minimaalne k\u00fctuse kogus paagis v\u00f5iks olla v\u00e4hemalt reservi kogus. Enamlevinult on ca 10 liitirt.<br \/>\nT\u00dcV testitud, ohutu kasutada ka k\u00f5ige kaasaegsemates mootorites.<\/p>\n","protected":false},"featured_media":58690,"template":"","meta":{"inline_featured_image":false},"product_cat":[5055,5126,5009],"product_tag":[],"class_list":{"0":"post-58689","1":"product","2":"type-product","3":"status-publish","4":"has-post-thumbnail","6":"product_brand-valvoline","7":"product_cat-autohoolduskeemia","8":"product_cat-mootorihooldus","9":"product_cat-toostus-ja-autokeemia","11":"first","12":"instock","13":"purchasable","14":"product-type-simple"},"yoast_head":"<!-- This site is optimized with the Yoast SEO plugin v27.4 - https:\/\/yoast.com\/product\/yoast-seo-wordpress\/ -->\n<title>Bensiinilisand \/ s\u00fcsteemi puhasti Petrol System Protector 30 300 ml, Valvoline - Ranoja<\/title>\n<meta name=\"robots\" content=\"index, follow, max-snippet:-1, max-image-preview:large, max-video-preview:-1\" \/>\n<link rel=\"canonical\" href=\"https:\/\/ranoja.ee\/toode\/bensiinilisand-susteemi-puhasti-petrol-system-protector-30-300-ml-valvoline\/\" \/>\n<meta property=\"og:locale\" content=\"en_US\" \/>\n<meta property=\"og:type\" content=\"article\" \/>\n<meta property=\"og:title\" content=\"Bensiinilisand \/ s\u00fcsteemi puhasti Petrol System Protector 30 300 ml, Valvoline - Ranoja\" \/>\n<meta property=\"og:description\" content=\"Tippkvaliteetne k\u00fctuselisand k\u00f5ikidele bensiinimootoritele. Kaitseb ja puhastab k\u00f5iki selliseid toites\u00fcsteemi komponente mis on kokkupuutes k\u00fctusega nagu torustikud, pihustid, silindrid, p\u00f5lemiskambrid ja s\u00fc\u00fctek\u00fc\u00fcnlad. Spetsiaalsed korrosiooni inhibiitorid v\u00e4ldivad korrosiooni teket toites\u00fcsteemis. Aitab v\u00e4ltida k\u00fctusekulu kasvu. Pikendab heitgaasi j\u00e4relt\u00f6\u00f6tluss\u00fcsteemide eluiga ja efektiivset korrasolekut. Kasutamine: Sobib kasutamiseks k\u00f5ikidele bensiinimootoritele mis on katal\u00fcsaatoriga v\u00f5i ilma. Eriti soovituslik otse sissepritsega bensiinimootoritele. Kasuta igakordsel autohooldusel: - Et v\u00e4ltida k\u00fctuse kulu kasvu - Et v\u00e4ltida mootori v\u00f5imsuse langust - Kui kahtlustate ebakvaliteetse k\u00fctuse sattumist paaki - Kui kasutate E10 bensiini. E10 - biok\u00fctuse 10% sisaldusega bensiin. Kasutusjuhis: Lisada pudeli sisu paaki kuni 60 ltr k\u00fctuse kogusele. Minimaalne k\u00fctuse kogus paagis v\u00f5iks olla v\u00e4hemalt reservi kogus. Enamlevinult on ca 10 liitirt. T\u00dcV testitud, ohutu kasutada ka k\u00f5ige kaasaegsemates mootorites.\" \/>\n<meta property=\"og:url\" content=\"https:\/\/ranoja.ee\/toode\/bensiinilisand-susteemi-puhasti-petrol-system-protector-30-300-ml-valvoline\/\" \/>\n<meta property=\"og:site_name\" content=\"Ranoja\" \/>\n<meta property=\"article:publisher\" content=\"https:\/\/www.facebook.com\/ranoja.ee\" \/>\n<meta property=\"article:modified_time\" content=\"2026-03-17T12:42:13+00:00\" \/>\n<meta property=\"og:image\" content=\"https:\/\/ranoja.ee\/wp-content\/uploads\/2026\/03\/214643015.jpg\" \/>\n\t<meta property=\"og:image:width\" content=\"203\" \/>\n\t<meta property=\"og:image:height\" content=\"371\" \/>\n\t<meta property=\"og:image:type\" content=\"image\/jpeg\" \/>\n<meta name=\"twitter:card\" content=\"summary_large_image\" \/>\n<script type=\"application\/ld+json\" class=\"yoast-schema-graph\">{\"@context\":\"https:\\\/\\\/schema.org\",\"@graph\":[{\"@type\":\"WebPage\",\"@id\":\"https:\\\/\\\/ranoja.ee\\\/toode\\\/bensiinilisand-susteemi-puhasti-petrol-system-protector-30-300-ml-valvoline\\\/\",\"url\":\"https:\\\/\\\/ranoja.ee\\\/toode\\\/bensiinilisand-susteemi-puhasti-petrol-system-protector-30-300-ml-valvoline\\\/\",\"name\":\"Bensiinilisand \\\/ s\u00fcsteemi puhasti Petrol System Protector 30 300 ml, Valvoline - Ranoja\",\"isPartOf\":{\"@id\":\"https:\\\/\\\/ranoja.ee\\\/#website\"},\"primaryImageOfPage\":{\"@id\":\"https:\\\/\\\/ranoja.ee\\\/toode\\\/bensiinilisand-susteemi-puhasti-petrol-system-protector-30-300-ml-valvoline\\\/#primaryimage\"},\"image\":{\"@id\":\"https:\\\/\\\/ranoja.ee\\\/toode\\\/bensiinilisand-susteemi-puhasti-petrol-system-protector-30-300-ml-valvoline\\\/#primaryimage\"},\"thumbnailUrl\":\"https:\\\/\\\/ranoja.ee\\\/wp-content\\\/uploads\\\/2026\\\/03\\\/214643015.jpg\",\"datePublished\":\"2026-03-16T23:02:19+00:00\",\"dateModified\":\"2026-03-17T12:42:13+00:00\",\"breadcrumb\":{\"@id\":\"https:\\\/\\\/ranoja.ee\\\/toode\\\/bensiinilisand-susteemi-puhasti-petrol-system-protector-30-300-ml-valvoline\\\/#breadcrumb\"},\"inLanguage\":\"en-US\",\"potentialAction\":[{\"@type\":\"ReadAction\",\"target\":[\"https:\\\/\\\/ranoja.ee\\\/toode\\\/bensiinilisand-susteemi-puhasti-petrol-system-protector-30-300-ml-valvoline\\\/\"]}]},{\"@type\":\"ImageObject\",\"inLanguage\":\"en-US\",\"@id\":\"https:\\\/\\\/ranoja.ee\\\/toode\\\/bensiinilisand-susteemi-puhasti-petrol-system-protector-30-300-ml-valvoline\\\/#primaryimage\",\"url\":\"https:\\\/\\\/ranoja.ee\\\/wp-content\\\/uploads\\\/2026\\\/03\\\/214643015.jpg\",\"contentUrl\":\"https:\\\/\\\/ranoja.ee\\\/wp-content\\\/uploads\\\/2026\\\/03\\\/214643015.jpg\",\"width\":203,\"height\":371},{\"@type\":\"BreadcrumbList\",\"@id\":\"https:\\\/\\\/ranoja.ee\\\/toode\\\/bensiinilisand-susteemi-puhasti-petrol-system-protector-30-300-ml-valvoline\\\/#breadcrumb\",\"itemListElement\":[{\"@type\":\"ListItem\",\"position\":1,\"name\":\"Home\",\"item\":\"https:\\\/\\\/ranoja.ee\\\/\"},{\"@type\":\"ListItem\",\"position\":2,\"name\":\"Shop\",\"item\":\"https:\\\/\\\/ranoja.ee\\\/en\\\/shop\\\/\"},{\"@type\":\"ListItem\",\"position\":3,\"name\":\"Bensiinilisand \\\/ s\u00fcsteemi puhasti Petrol System Protector 30 300 ml, Valvoline\"}]},{\"@type\":\"WebSite\",\"@id\":\"https:\\\/\\\/ranoja.ee\\\/#website\",\"url\":\"https:\\\/\\\/ranoja.ee\\\/\",\"name\":\"Ranoja\",\"description\":\"Equipment Shop WooCommerce WordPress Theme for Machine &amp; Tools\",\"publisher\":{\"@id\":\"https:\\\/\\\/ranoja.ee\\\/#organization\"},\"potentialAction\":[{\"@type\":\"SearchAction\",\"target\":{\"@type\":\"EntryPoint\",\"urlTemplate\":\"https:\\\/\\\/ranoja.ee\\\/?s={search_term_string}\"},\"query-input\":{\"@type\":\"PropertyValueSpecification\",\"valueRequired\":true,\"valueName\":\"search_term_string\"}}],\"inLanguage\":\"en-US\"},{\"@type\":\"Organization\",\"@id\":\"https:\\\/\\\/ranoja.ee\\\/#organization\",\"name\":\"Ranoja O\u00dc\",\"url\":\"https:\\\/\\\/ranoja.ee\\\/\",\"logo\":{\"@type\":\"ImageObject\",\"inLanguage\":\"en-US\",\"@id\":\"https:\\\/\\\/ranoja.ee\\\/#\\\/schema\\\/logo\\\/image\\\/\",\"url\":\"https:\\\/\\\/ranoja.ee\\\/wp-content\\\/uploads\\\/2023\\\/11\\\/ranoja-Logo.png\",\"contentUrl\":\"https:\\\/\\\/ranoja.ee\\\/wp-content\\\/uploads\\\/2023\\\/11\\\/ranoja-Logo.png\",\"width\":207,\"height\":58,\"caption\":\"Ranoja O\u00dc\"},\"image\":{\"@id\":\"https:\\\/\\\/ranoja.ee\\\/#\\\/schema\\\/logo\\\/image\\\/\"},\"sameAs\":[\"https:\\\/\\\/www.facebook.com\\\/ranoja.ee\",\"https:\\\/\\\/www.instagram.com\\\/ranoja__\\\/\"]}]}<\/script>\n<!-- \/ Yoast SEO plugin. -->","yoast_head_json":{"title":"Bensiinilisand \/ s\u00fcsteemi puhasti Petrol System Protector 30 300 ml, Valvoline - Ranoja","robots":{"index":"index","follow":"follow","max-snippet":"max-snippet:-1","max-image-preview":"max-image-preview:large","max-video-preview":"max-video-preview:-1"},"canonical":"https:\/\/ranoja.ee\/toode\/bensiinilisand-susteemi-puhasti-petrol-system-protector-30-300-ml-valvoline\/","og_locale":"en_US","og_type":"article","og_title":"Bensiinilisand \/ s\u00fcsteemi puhasti Petrol System Protector 30 300 ml, Valvoline - Ranoja","og_description":"Tippkvaliteetne k\u00fctuselisand k\u00f5ikidele bensiinimootoritele. Kaitseb ja puhastab k\u00f5iki selliseid toites\u00fcsteemi komponente mis on kokkupuutes k\u00fctusega nagu torustikud, pihustid, silindrid, p\u00f5lemiskambrid ja s\u00fc\u00fctek\u00fc\u00fcnlad. Spetsiaalsed korrosiooni inhibiitorid v\u00e4ldivad korrosiooni teket toites\u00fcsteemis. Aitab v\u00e4ltida k\u00fctusekulu kasvu. Pikendab heitgaasi j\u00e4relt\u00f6\u00f6tluss\u00fcsteemide eluiga ja efektiivset korrasolekut. Kasutamine: Sobib kasutamiseks k\u00f5ikidele bensiinimootoritele mis on katal\u00fcsaatoriga v\u00f5i ilma. Eriti soovituslik otse sissepritsega bensiinimootoritele. Kasuta igakordsel autohooldusel: - Et v\u00e4ltida k\u00fctuse kulu kasvu - Et v\u00e4ltida mootori v\u00f5imsuse langust - Kui kahtlustate ebakvaliteetse k\u00fctuse sattumist paaki - Kui kasutate E10 bensiini. E10 - biok\u00fctuse 10% sisaldusega bensiin. Kasutusjuhis: Lisada pudeli sisu paaki kuni 60 ltr k\u00fctuse kogusele. Minimaalne k\u00fctuse kogus paagis v\u00f5iks olla v\u00e4hemalt reservi kogus. Enamlevinult on ca 10 liitirt. T\u00dcV testitud, ohutu kasutada ka k\u00f5ige kaasaegsemates mootorites.","og_url":"https:\/\/ranoja.ee\/toode\/bensiinilisand-susteemi-puhasti-petrol-system-protector-30-300-ml-valvoline\/","og_site_name":"Ranoja","article_publisher":"https:\/\/www.facebook.com\/ranoja.ee","article_modified_time":"2026-03-17T12:42:13+00:00","og_image":[{"width":203,"height":371,"url":"https:\/\/ranoja.ee\/wp-content\/uploads\/2026\/03\/214643015.jpg","type":"image\/jpeg"}],"twitter_card":"summary_large_image","schema":{"@context":"https:\/\/schema.org","@graph":[{"@type":"WebPage","@id":"https:\/\/ranoja.ee\/toode\/bensiinilisand-susteemi-puhasti-petrol-system-protector-30-300-ml-valvoline\/","url":"https:\/\/ranoja.ee\/toode\/bensiinilisand-susteemi-puhasti-petrol-system-protector-30-300-ml-valvoline\/","name":"Bensiinilisand \/ s\u00fcsteemi puhasti Petrol System Protector 30 300 ml, Valvoline - Ranoja","isPartOf":{"@id":"https:\/\/ranoja.ee\/#website"},"primaryImageOfPage":{"@id":"https:\/\/ranoja.ee\/toode\/bensiinilisand-susteemi-puhasti-petrol-system-protector-30-300-ml-valvoline\/#primaryimage"},"image":{"@id":"https:\/\/ranoja.ee\/toode\/bensiinilisand-susteemi-puhasti-petrol-system-protector-30-300-ml-valvoline\/#primaryimage"},"thumbnailUrl":"https:\/\/ranoja.ee\/wp-content\/uploads\/2026\/03\/214643015.jpg","datePublished":"2026-03-16T23:02:19+00:00","dateModified":"2026-03-17T12:42:13+00:00","breadcrumb":{"@id":"https:\/\/ranoja.ee\/toode\/bensiinilisand-susteemi-puhasti-petrol-system-protector-30-300-ml-valvoline\/#breadcrumb"},"inLanguage":"en-US","potentialAction":[{"@type":"ReadAction","target":["https:\/\/ranoja.ee\/toode\/bensiinilisand-susteemi-puhasti-petrol-system-protector-30-300-ml-valvoline\/"]}]},{"@type":"ImageObject","inLanguage":"en-US","@id":"https:\/\/ranoja.ee\/toode\/bensiinilisand-susteemi-puhasti-petrol-system-protector-30-300-ml-valvoline\/#primaryimage","url":"https:\/\/ranoja.ee\/wp-content\/uploads\/2026\/03\/214643015.jpg","contentUrl":"https:\/\/ranoja.ee\/wp-content\/uploads\/2026\/03\/214643015.jpg","width":203,"height":371},{"@type":"BreadcrumbList","@id":"https:\/\/ranoja.ee\/toode\/bensiinilisand-susteemi-puhasti-petrol-system-protector-30-300-ml-valvoline\/#breadcrumb","itemListElement":[{"@type":"ListItem","position":1,"name":"Home","item":"https:\/\/ranoja.ee\/"},{"@type":"ListItem","position":2,"name":"Shop","item":"https:\/\/ranoja.ee\/en\/shop\/"},{"@type":"ListItem","position":3,"name":"Bensiinilisand \/ s\u00fcsteemi puhasti Petrol System Protector 30 300 ml, Valvoline"}]},{"@type":"WebSite","@id":"https:\/\/ranoja.ee\/#website","url":"https:\/\/ranoja.ee\/","name":"Ranoja","description":"Equipment Shop WooCommerce WordPress Theme for Machine &amp; Tools","publisher":{"@id":"https:\/\/ranoja.ee\/#organization"},"potentialAction":[{"@type":"SearchAction","target":{"@type":"EntryPoint","urlTemplate":"https:\/\/ranoja.ee\/?s={search_term_string}"},"query-input":{"@type":"PropertyValueSpecification","valueRequired":true,"valueName":"search_term_string"}}],"inLanguage":"en-US"},{"@type":"Organization","@id":"https:\/\/ranoja.ee\/#organization","name":"Ranoja O\u00dc","url":"https:\/\/ranoja.ee\/","logo":{"@type":"ImageObject","inLanguage":"en-US","@id":"https:\/\/ranoja.ee\/#\/schema\/logo\/image\/","url":"https:\/\/ranoja.ee\/wp-content\/uploads\/2023\/11\/ranoja-Logo.png","contentUrl":"https:\/\/ranoja.ee\/wp-content\/uploads\/2023\/11\/ranoja-Logo.png","width":207,"height":58,"caption":"Ranoja O\u00dc"},"image":{"@id":"https:\/\/ranoja.ee\/#\/schema\/logo\/image\/"},"sameAs":["https:\/\/www.facebook.com\/ranoja.ee","https:\/\/www.instagram.com\/ranoja__\/"]}]}},"_links":{"self":[{"href":"https:\/\/ranoja.ee\/en\/wp-json\/wp\/v2\/product\/58689","targetHints":{"allow":["GET"]}}],"collection":[{"href":"https:\/\/ranoja.ee\/en\/wp-json\/wp\/v2\/product"}],"about":[{"href":"https:\/\/ranoja.ee\/en\/wp-json\/wp\/v2\/types\/product"}],"wp:featuredmedia":[{"embeddable":true,"href":"https:\/\/ranoja.ee\/en\/wp-json\/wp\/v2\/media\/58690"}],"wp:attachment":[{"href":"https:\/\/ranoja.ee\/en\/wp-json\/wp\/v2\/media?parent=58689"}],"wp:term":[{"taxonomy":"product_cat","embeddable":true,"href":"https:\/\/ranoja.ee\/en\/wp-json\/wp\/v2\/product_cat?post=58689"},{"taxonomy":"product_tag","embeddable":true,"href":"https:\/\/ranoja.ee\/en\/wp-json\/wp\/v2\/product_tag?post=58689"}],"curies":[{"name":"wp","href":"https:\/\/api.w.org\/{rel}","templated":true}]}}