{"id":58635,"date":"2026-03-17T02:01:31","date_gmt":"2026-03-16T23:01:31","guid":{"rendered":"https:\/\/ranoja.ee\/toode\/lauakai-ja-lintlihvija-bgs700-scheppach\/"},"modified":"2026-03-17T15:42:15","modified_gmt":"2026-03-17T12:42:15","slug":"lauakai-ja-lintlihvija-bgs700-scheppach","status":"publish","type":"product","link":"https:\/\/ranoja.ee\/en\/toode\/lauakai-ja-lintlihvija-bgs700-scheppach\/","title":{"rendered":"Lauak\u00e4i ja lintlihvija BGS700, Scheppach"},"content":{"rendered":"","protected":false},"excerpt":{"rendered":"<p>M\u00f5\u00f5dud P\/L\/K: 370 x 280 x 340 mm<br \/>\nLihvlindi pikkus\/laius: 686 \/ 50 mm<br \/>\nMootori p\u00f6\u00f6rded: 2850 p\/min<br \/>\nK\u00e4iakivi: 150x20x12,7 mm<br \/>\nLihvlindi t\u00f6\u00f6kiirus: 15 m\/s<br \/>\nKaal: 10 kg<br \/>\n230 V \/ 450 W<\/p>\n<p>V\u00f5imas 2850 p\/min induktsioonmootor annab sujuva ja t\u00e4pse tulemuse<br \/>\nKaitseklaasid kaitsevad teid lendavate osakeste eest, segamata vaatev\u00e4lja<br \/>\nSuur, painduva varre otsas s\u00f5ltumatu l\u00fclitiga valgusti v\u00f5imaldab teil valida, kas soovite oma t\u00f6\u00f6ruumi valgustada v\u00f5i mitte.<\/p>\n","protected":false},"featured_media":58636,"template":"","meta":{"inline_featured_image":false},"product_cat":[5242,5090],"product_tag":[],"class_list":{"0":"post-58635","1":"product","2":"type-product","3":"status-publish","4":"has-post-thumbnail","6":"product_brand-scheppach","7":"product_cat-lauakaiad","8":"product_cat-teisaldatavad-toopingid","10":"first","11":"instock","12":"purchasable","13":"product-type-simple"},"yoast_head":"<!-- This site is optimized with the Yoast SEO plugin v27.4 - https:\/\/yoast.com\/product\/yoast-seo-wordpress\/ -->\n<title>Lauak\u00e4i ja lintlihvija BGS700, Scheppach - Ranoja<\/title>\n<meta name=\"robots\" content=\"index, follow, max-snippet:-1, max-image-preview:large, max-video-preview:-1\" \/>\n<link rel=\"canonical\" href=\"https:\/\/ranoja.ee\/toode\/lauakai-ja-lintlihvija-bgs700-scheppach\/\" \/>\n<meta property=\"og:locale\" content=\"en_US\" \/>\n<meta property=\"og:type\" content=\"article\" \/>\n<meta property=\"og:title\" content=\"Lauak\u00e4i ja lintlihvija BGS700, Scheppach - Ranoja\" \/>\n<meta property=\"og:description\" content=\"M\u00f5\u00f5dud P\/L\/K: 370 x 280 x 340 mm Lihvlindi pikkus\/laius: 686 \/ 50 mm Mootori p\u00f6\u00f6rded: 2850 p\/min K\u00e4iakivi: 150x20x12,7 mm Lihvlindi t\u00f6\u00f6kiirus: 15 m\/s Kaal: 10 kg 230 V \/ 450 W V\u00f5imas 2850 p\/min induktsioonmootor annab sujuva ja t\u00e4pse tulemuse Kaitseklaasid kaitsevad teid lendavate osakeste eest, segamata vaatev\u00e4lja Suur, painduva varre otsas s\u00f5ltumatu l\u00fclitiga valgusti v\u00f5imaldab teil valida, kas soovite oma t\u00f6\u00f6ruumi valgustada v\u00f5i mitte.\" \/>\n<meta property=\"og:url\" content=\"https:\/\/ranoja.ee\/toode\/lauakai-ja-lintlihvija-bgs700-scheppach\/\" \/>\n<meta property=\"og:site_name\" content=\"Ranoja\" \/>\n<meta property=\"article:publisher\" content=\"https:\/\/www.facebook.com\/ranoja.ee\" \/>\n<meta property=\"article:modified_time\" content=\"2026-03-17T12:42:15+00:00\" \/>\n<meta property=\"og:image\" content=\"https:\/\/ranoja.ee\/wp-content\/uploads\/2026\/03\/232428858.jpg\" \/>\n\t<meta property=\"og:image:width\" content=\"900\" \/>\n\t<meta property=\"og:image:height\" content=\"673\" \/>\n\t<meta property=\"og:image:type\" content=\"image\/jpeg\" \/>\n<meta name=\"twitter:card\" content=\"summary_large_image\" \/>\n<script type=\"application\/ld+json\" class=\"yoast-schema-graph\">{\"@context\":\"https:\\\/\\\/schema.org\",\"@graph\":[{\"@type\":\"WebPage\",\"@id\":\"https:\\\/\\\/ranoja.ee\\\/toode\\\/lauakai-ja-lintlihvija-bgs700-scheppach\\\/\",\"url\":\"https:\\\/\\\/ranoja.ee\\\/toode\\\/lauakai-ja-lintlihvija-bgs700-scheppach\\\/\",\"name\":\"Lauak\u00e4i ja lintlihvija BGS700, Scheppach - Ranoja\",\"isPartOf\":{\"@id\":\"https:\\\/\\\/ranoja.ee\\\/#website\"},\"primaryImageOfPage\":{\"@id\":\"https:\\\/\\\/ranoja.ee\\\/toode\\\/lauakai-ja-lintlihvija-bgs700-scheppach\\\/#primaryimage\"},\"image\":{\"@id\":\"https:\\\/\\\/ranoja.ee\\\/toode\\\/lauakai-ja-lintlihvija-bgs700-scheppach\\\/#primaryimage\"},\"thumbnailUrl\":\"https:\\\/\\\/ranoja.ee\\\/wp-content\\\/uploads\\\/2026\\\/03\\\/232428858.jpg\",\"datePublished\":\"2026-03-16T23:01:31+00:00\",\"dateModified\":\"2026-03-17T12:42:15+00:00\",\"breadcrumb\":{\"@id\":\"https:\\\/\\\/ranoja.ee\\\/toode\\\/lauakai-ja-lintlihvija-bgs700-scheppach\\\/#breadcrumb\"},\"inLanguage\":\"en-US\",\"potentialAction\":[{\"@type\":\"ReadAction\",\"target\":[\"https:\\\/\\\/ranoja.ee\\\/toode\\\/lauakai-ja-lintlihvija-bgs700-scheppach\\\/\"]}]},{\"@type\":\"ImageObject\",\"inLanguage\":\"en-US\",\"@id\":\"https:\\\/\\\/ranoja.ee\\\/toode\\\/lauakai-ja-lintlihvija-bgs700-scheppach\\\/#primaryimage\",\"url\":\"https:\\\/\\\/ranoja.ee\\\/wp-content\\\/uploads\\\/2026\\\/03\\\/232428858.jpg\",\"contentUrl\":\"https:\\\/\\\/ranoja.ee\\\/wp-content\\\/uploads\\\/2026\\\/03\\\/232428858.jpg\",\"width\":900,\"height\":673},{\"@type\":\"BreadcrumbList\",\"@id\":\"https:\\\/\\\/ranoja.ee\\\/toode\\\/lauakai-ja-lintlihvija-bgs700-scheppach\\\/#breadcrumb\",\"itemListElement\":[{\"@type\":\"ListItem\",\"position\":1,\"name\":\"Home\",\"item\":\"https:\\\/\\\/ranoja.ee\\\/\"},{\"@type\":\"ListItem\",\"position\":2,\"name\":\"Shop\",\"item\":\"https:\\\/\\\/ranoja.ee\\\/en\\\/shop\\\/\"},{\"@type\":\"ListItem\",\"position\":3,\"name\":\"Lauak\u00e4i ja lintlihvija BGS700, Scheppach\"}]},{\"@type\":\"WebSite\",\"@id\":\"https:\\\/\\\/ranoja.ee\\\/#website\",\"url\":\"https:\\\/\\\/ranoja.ee\\\/\",\"name\":\"Ranoja\",\"description\":\"Equipment Shop WooCommerce WordPress Theme for Machine &amp; Tools\",\"publisher\":{\"@id\":\"https:\\\/\\\/ranoja.ee\\\/#organization\"},\"potentialAction\":[{\"@type\":\"SearchAction\",\"target\":{\"@type\":\"EntryPoint\",\"urlTemplate\":\"https:\\\/\\\/ranoja.ee\\\/?s={search_term_string}\"},\"query-input\":{\"@type\":\"PropertyValueSpecification\",\"valueRequired\":true,\"valueName\":\"search_term_string\"}}],\"inLanguage\":\"en-US\"},{\"@type\":\"Organization\",\"@id\":\"https:\\\/\\\/ranoja.ee\\\/#organization\",\"name\":\"Ranoja O\u00dc\",\"url\":\"https:\\\/\\\/ranoja.ee\\\/\",\"logo\":{\"@type\":\"ImageObject\",\"inLanguage\":\"en-US\",\"@id\":\"https:\\\/\\\/ranoja.ee\\\/#\\\/schema\\\/logo\\\/image\\\/\",\"url\":\"https:\\\/\\\/ranoja.ee\\\/wp-content\\\/uploads\\\/2023\\\/11\\\/ranoja-Logo.png\",\"contentUrl\":\"https:\\\/\\\/ranoja.ee\\\/wp-content\\\/uploads\\\/2023\\\/11\\\/ranoja-Logo.png\",\"width\":207,\"height\":58,\"caption\":\"Ranoja O\u00dc\"},\"image\":{\"@id\":\"https:\\\/\\\/ranoja.ee\\\/#\\\/schema\\\/logo\\\/image\\\/\"},\"sameAs\":[\"https:\\\/\\\/www.facebook.com\\\/ranoja.ee\",\"https:\\\/\\\/www.instagram.com\\\/ranoja__\\\/\"]}]}<\/script>\n<!-- \/ Yoast SEO plugin. -->","yoast_head_json":{"title":"Lauak\u00e4i ja lintlihvija BGS700, Scheppach - Ranoja","robots":{"index":"index","follow":"follow","max-snippet":"max-snippet:-1","max-image-preview":"max-image-preview:large","max-video-preview":"max-video-preview:-1"},"canonical":"https:\/\/ranoja.ee\/toode\/lauakai-ja-lintlihvija-bgs700-scheppach\/","og_locale":"en_US","og_type":"article","og_title":"Lauak\u00e4i ja lintlihvija BGS700, Scheppach - Ranoja","og_description":"M\u00f5\u00f5dud P\/L\/K: 370 x 280 x 340 mm Lihvlindi pikkus\/laius: 686 \/ 50 mm Mootori p\u00f6\u00f6rded: 2850 p\/min K\u00e4iakivi: 150x20x12,7 mm Lihvlindi t\u00f6\u00f6kiirus: 15 m\/s Kaal: 10 kg 230 V \/ 450 W V\u00f5imas 2850 p\/min induktsioonmootor annab sujuva ja t\u00e4pse tulemuse Kaitseklaasid kaitsevad teid lendavate osakeste eest, segamata vaatev\u00e4lja Suur, painduva varre otsas s\u00f5ltumatu l\u00fclitiga valgusti v\u00f5imaldab teil valida, kas soovite oma t\u00f6\u00f6ruumi valgustada v\u00f5i mitte.","og_url":"https:\/\/ranoja.ee\/toode\/lauakai-ja-lintlihvija-bgs700-scheppach\/","og_site_name":"Ranoja","article_publisher":"https:\/\/www.facebook.com\/ranoja.ee","article_modified_time":"2026-03-17T12:42:15+00:00","og_image":[{"width":900,"height":673,"url":"https:\/\/ranoja.ee\/wp-content\/uploads\/2026\/03\/232428858.jpg","type":"image\/jpeg"}],"twitter_card":"summary_large_image","schema":{"@context":"https:\/\/schema.org","@graph":[{"@type":"WebPage","@id":"https:\/\/ranoja.ee\/toode\/lauakai-ja-lintlihvija-bgs700-scheppach\/","url":"https:\/\/ranoja.ee\/toode\/lauakai-ja-lintlihvija-bgs700-scheppach\/","name":"Lauak\u00e4i ja lintlihvija BGS700, Scheppach - Ranoja","isPartOf":{"@id":"https:\/\/ranoja.ee\/#website"},"primaryImageOfPage":{"@id":"https:\/\/ranoja.ee\/toode\/lauakai-ja-lintlihvija-bgs700-scheppach\/#primaryimage"},"image":{"@id":"https:\/\/ranoja.ee\/toode\/lauakai-ja-lintlihvija-bgs700-scheppach\/#primaryimage"},"thumbnailUrl":"https:\/\/ranoja.ee\/wp-content\/uploads\/2026\/03\/232428858.jpg","datePublished":"2026-03-16T23:01:31+00:00","dateModified":"2026-03-17T12:42:15+00:00","breadcrumb":{"@id":"https:\/\/ranoja.ee\/toode\/lauakai-ja-lintlihvija-bgs700-scheppach\/#breadcrumb"},"inLanguage":"en-US","potentialAction":[{"@type":"ReadAction","target":["https:\/\/ranoja.ee\/toode\/lauakai-ja-lintlihvija-bgs700-scheppach\/"]}]},{"@type":"ImageObject","inLanguage":"en-US","@id":"https:\/\/ranoja.ee\/toode\/lauakai-ja-lintlihvija-bgs700-scheppach\/#primaryimage","url":"https:\/\/ranoja.ee\/wp-content\/uploads\/2026\/03\/232428858.jpg","contentUrl":"https:\/\/ranoja.ee\/wp-content\/uploads\/2026\/03\/232428858.jpg","width":900,"height":673},{"@type":"BreadcrumbList","@id":"https:\/\/ranoja.ee\/toode\/lauakai-ja-lintlihvija-bgs700-scheppach\/#breadcrumb","itemListElement":[{"@type":"ListItem","position":1,"name":"Home","item":"https:\/\/ranoja.ee\/"},{"@type":"ListItem","position":2,"name":"Shop","item":"https:\/\/ranoja.ee\/en\/shop\/"},{"@type":"ListItem","position":3,"name":"Lauak\u00e4i ja lintlihvija BGS700, Scheppach"}]},{"@type":"WebSite","@id":"https:\/\/ranoja.ee\/#website","url":"https:\/\/ranoja.ee\/","name":"Ranoja","description":"Equipment Shop WooCommerce WordPress Theme for Machine &amp; Tools","publisher":{"@id":"https:\/\/ranoja.ee\/#organization"},"potentialAction":[{"@type":"SearchAction","target":{"@type":"EntryPoint","urlTemplate":"https:\/\/ranoja.ee\/?s={search_term_string}"},"query-input":{"@type":"PropertyValueSpecification","valueRequired":true,"valueName":"search_term_string"}}],"inLanguage":"en-US"},{"@type":"Organization","@id":"https:\/\/ranoja.ee\/#organization","name":"Ranoja O\u00dc","url":"https:\/\/ranoja.ee\/","logo":{"@type":"ImageObject","inLanguage":"en-US","@id":"https:\/\/ranoja.ee\/#\/schema\/logo\/image\/","url":"https:\/\/ranoja.ee\/wp-content\/uploads\/2023\/11\/ranoja-Logo.png","contentUrl":"https:\/\/ranoja.ee\/wp-content\/uploads\/2023\/11\/ranoja-Logo.png","width":207,"height":58,"caption":"Ranoja O\u00dc"},"image":{"@id":"https:\/\/ranoja.ee\/#\/schema\/logo\/image\/"},"sameAs":["https:\/\/www.facebook.com\/ranoja.ee","https:\/\/www.instagram.com\/ranoja__\/"]}]}},"_links":{"self":[{"href":"https:\/\/ranoja.ee\/en\/wp-json\/wp\/v2\/product\/58635","targetHints":{"allow":["GET"]}}],"collection":[{"href":"https:\/\/ranoja.ee\/en\/wp-json\/wp\/v2\/product"}],"about":[{"href":"https:\/\/ranoja.ee\/en\/wp-json\/wp\/v2\/types\/product"}],"wp:featuredmedia":[{"embeddable":true,"href":"https:\/\/ranoja.ee\/en\/wp-json\/wp\/v2\/media\/58636"}],"wp:attachment":[{"href":"https:\/\/ranoja.ee\/en\/wp-json\/wp\/v2\/media?parent=58635"}],"wp:term":[{"taxonomy":"product_cat","embeddable":true,"href":"https:\/\/ranoja.ee\/en\/wp-json\/wp\/v2\/product_cat?post=58635"},{"taxonomy":"product_tag","embeddable":true,"href":"https:\/\/ranoja.ee\/en\/wp-json\/wp\/v2\/product_tag?post=58635"}],"curies":[{"name":"wp","href":"https:\/\/api.w.org\/{rel}","templated":true}]}}