{"id":58633,"date":"2026-03-17T02:01:31","date_gmt":"2026-03-16T23:01:31","guid":{"rendered":"https:\/\/ranoja.ee\/toode\/maare-food-calsul-2-400g-valvoline\/"},"modified":"2026-03-17T15:42:15","modified_gmt":"2026-03-17T12:42:15","slug":"maare-food-calsul-2-400g-valvoline","status":"publish","type":"product","link":"https:\/\/ranoja.ee\/en\/toode\/maare-food-calsul-2-400g-valvoline\/","title":{"rendered":"M\u00e4\u00e4re Food Calsul 2 400g, Valvoline"},"content":{"rendered":"","protected":false},"excerpt":{"rendered":"<p>Rasketesse ja n\u00f5udlikesse kasutustingimustesse m\u00f5eldud toiduainet\u00f6\u00f6stusek\u00f5lblik kaltsiumsulfonaat kompleksm\u00e4\u00e4re, mis on spetsiaalselt v\u00e4lja t\u00f6\u00f6tatud s\u00fcnteetilise PAO tehnoloogiaga ja vastab toidut\u00f6\u00f6tlemisettev\u00f5tetes kasutatavate seadmete m\u00e4\u00e4rimisn\u00f5uetele. Samuti kasutatakse seda paberi- ja pakendit\u00f6\u00f6stuses, lemmikloomatoidu graanulite tootmises ja lemmikloomade toidu tootmises ning muudes t\u00f6\u00f6stusharudes, kus on v\u00f5imalus m\u00e4\u00e4rde kokkupuude toiduainetega.<br \/>\nSoovitatav m\u00e4\u00e4rimiseks \u00e4\u00e4rmiselt rasketes t\u00f6\u00f6tingimustes. Sobib kasutamiseks k\u00f5rgel temperatuuril, eba\u00fchtlase koormuse korral, vee, tolmu ja auru olulisel m\u00f5jul. Sobiib ka loomsete toiduainete graanulite tootmiseks m\u00f5eldud presside rull-laagrite m\u00e4\u00e4rimise kohta, kui on olemas v\u00f5imalus toiduga kokku puutuda. Soovitatav pidevatel k\u00f5rgetel temperatuuridel \u00fcle 160 \u00b0 C t\u00f6\u00f6tavate koormatud laagrite m\u00e4\u00e4rimiseks ja auru oluliseks m\u00f5juks. See sobib p\u00e4evalille, sojaoa ja rapsi kuivatamiseks m\u00f5eldud konditsioneeride laagrite m\u00e4\u00e4rimiseks tehastes s\u00f6\u00f6davate taime\u00f5lide tootmiseks.<br \/>\nKvaliteeditasemed:<br \/>\nNSF-Registered, code H1,Reg.No.156228.<br \/>\nISO L-6743-9: L-XCFIB 2<br \/>\nDIN 51502: KP 2P-30<\/p>\n","protected":false},"featured_media":58634,"template":"","meta":{"inline_featured_image":false},"product_cat":[5013,5012,5292],"product_tag":[],"class_list":{"0":"post-58633","1":"product","2":"type-product","3":"status-publish","4":"has-post-thumbnail","6":"product_brand-valvoline","7":"product_cat-maarded","8":"product_cat-olid-ja-maardeained","9":"product_cat-toiduainetoostuse-maarded","11":"first","12":"instock","13":"purchasable","14":"product-type-simple"},"yoast_head":"<!-- This site is optimized with the Yoast SEO plugin v27.4 - https:\/\/yoast.com\/product\/yoast-seo-wordpress\/ -->\n<title>M\u00e4\u00e4re Food Calsul 2 400g, Valvoline - Ranoja<\/title>\n<meta name=\"robots\" content=\"index, follow, max-snippet:-1, max-image-preview:large, max-video-preview:-1\" \/>\n<link rel=\"canonical\" href=\"https:\/\/ranoja.ee\/toode\/maare-food-calsul-2-400g-valvoline\/\" \/>\n<meta property=\"og:locale\" content=\"en_US\" \/>\n<meta property=\"og:type\" content=\"article\" \/>\n<meta property=\"og:title\" content=\"M\u00e4\u00e4re Food Calsul 2 400g, Valvoline - Ranoja\" \/>\n<meta property=\"og:description\" content=\"Rasketesse ja n\u00f5udlikesse kasutustingimustesse m\u00f5eldud toiduainet\u00f6\u00f6stusek\u00f5lblik kaltsiumsulfonaat kompleksm\u00e4\u00e4re, mis on spetsiaalselt v\u00e4lja t\u00f6\u00f6tatud s\u00fcnteetilise PAO tehnoloogiaga ja vastab toidut\u00f6\u00f6tlemisettev\u00f5tetes kasutatavate seadmete m\u00e4\u00e4rimisn\u00f5uetele. Samuti kasutatakse seda paberi- ja pakendit\u00f6\u00f6stuses, lemmikloomatoidu graanulite tootmises ja lemmikloomade toidu tootmises ning muudes t\u00f6\u00f6stusharudes, kus on v\u00f5imalus m\u00e4\u00e4rde kokkupuude toiduainetega. Soovitatav m\u00e4\u00e4rimiseks \u00e4\u00e4rmiselt rasketes t\u00f6\u00f6tingimustes. Sobib kasutamiseks k\u00f5rgel temperatuuril, eba\u00fchtlase koormuse korral, vee, tolmu ja auru olulisel m\u00f5jul. Sobiib ka loomsete toiduainete graanulite tootmiseks m\u00f5eldud presside rull-laagrite m\u00e4\u00e4rimise kohta, kui on olemas v\u00f5imalus toiduga kokku puutuda. Soovitatav pidevatel k\u00f5rgetel temperatuuridel \u00fcle 160 \u00b0 C t\u00f6\u00f6tavate koormatud laagrite m\u00e4\u00e4rimiseks ja auru oluliseks m\u00f5juks. See sobib p\u00e4evalille, sojaoa ja rapsi kuivatamiseks m\u00f5eldud konditsioneeride laagrite m\u00e4\u00e4rimiseks tehastes s\u00f6\u00f6davate taime\u00f5lide tootmiseks. Kvaliteeditasemed: NSF-Registered, code H1,Reg.No.156228. ISO L-6743-9: L-XCFIB 2 DIN 51502: KP 2P-30\" \/>\n<meta property=\"og:url\" content=\"https:\/\/ranoja.ee\/toode\/maare-food-calsul-2-400g-valvoline\/\" \/>\n<meta property=\"og:site_name\" content=\"Ranoja\" \/>\n<meta property=\"article:publisher\" content=\"https:\/\/www.facebook.com\/ranoja.ee\" \/>\n<meta property=\"article:modified_time\" content=\"2026-03-17T12:42:15+00:00\" \/>\n<meta property=\"og:image\" content=\"https:\/\/ranoja.ee\/wp-content\/uploads\/2026\/03\/207387613.jpg\" \/>\n\t<meta property=\"og:image:width\" content=\"467\" \/>\n\t<meta property=\"og:image:height\" content=\"768\" \/>\n\t<meta property=\"og:image:type\" content=\"image\/jpeg\" \/>\n<meta name=\"twitter:card\" content=\"summary_large_image\" \/>\n<script type=\"application\/ld+json\" class=\"yoast-schema-graph\">{\"@context\":\"https:\\\/\\\/schema.org\",\"@graph\":[{\"@type\":\"WebPage\",\"@id\":\"https:\\\/\\\/ranoja.ee\\\/toode\\\/maare-food-calsul-2-400g-valvoline\\\/\",\"url\":\"https:\\\/\\\/ranoja.ee\\\/toode\\\/maare-food-calsul-2-400g-valvoline\\\/\",\"name\":\"M\u00e4\u00e4re Food Calsul 2 400g, Valvoline - Ranoja\",\"isPartOf\":{\"@id\":\"https:\\\/\\\/ranoja.ee\\\/#website\"},\"primaryImageOfPage\":{\"@id\":\"https:\\\/\\\/ranoja.ee\\\/toode\\\/maare-food-calsul-2-400g-valvoline\\\/#primaryimage\"},\"image\":{\"@id\":\"https:\\\/\\\/ranoja.ee\\\/toode\\\/maare-food-calsul-2-400g-valvoline\\\/#primaryimage\"},\"thumbnailUrl\":\"https:\\\/\\\/ranoja.ee\\\/wp-content\\\/uploads\\\/2026\\\/03\\\/207387613.jpg\",\"datePublished\":\"2026-03-16T23:01:31+00:00\",\"dateModified\":\"2026-03-17T12:42:15+00:00\",\"breadcrumb\":{\"@id\":\"https:\\\/\\\/ranoja.ee\\\/toode\\\/maare-food-calsul-2-400g-valvoline\\\/#breadcrumb\"},\"inLanguage\":\"en-US\",\"potentialAction\":[{\"@type\":\"ReadAction\",\"target\":[\"https:\\\/\\\/ranoja.ee\\\/toode\\\/maare-food-calsul-2-400g-valvoline\\\/\"]}]},{\"@type\":\"ImageObject\",\"inLanguage\":\"en-US\",\"@id\":\"https:\\\/\\\/ranoja.ee\\\/toode\\\/maare-food-calsul-2-400g-valvoline\\\/#primaryimage\",\"url\":\"https:\\\/\\\/ranoja.ee\\\/wp-content\\\/uploads\\\/2026\\\/03\\\/207387613.jpg\",\"contentUrl\":\"https:\\\/\\\/ranoja.ee\\\/wp-content\\\/uploads\\\/2026\\\/03\\\/207387613.jpg\",\"width\":467,\"height\":768},{\"@type\":\"BreadcrumbList\",\"@id\":\"https:\\\/\\\/ranoja.ee\\\/toode\\\/maare-food-calsul-2-400g-valvoline\\\/#breadcrumb\",\"itemListElement\":[{\"@type\":\"ListItem\",\"position\":1,\"name\":\"Home\",\"item\":\"https:\\\/\\\/ranoja.ee\\\/\"},{\"@type\":\"ListItem\",\"position\":2,\"name\":\"Shop\",\"item\":\"https:\\\/\\\/ranoja.ee\\\/en\\\/shop\\\/\"},{\"@type\":\"ListItem\",\"position\":3,\"name\":\"M\u00e4\u00e4re Food Calsul 2 400g, Valvoline\"}]},{\"@type\":\"WebSite\",\"@id\":\"https:\\\/\\\/ranoja.ee\\\/#website\",\"url\":\"https:\\\/\\\/ranoja.ee\\\/\",\"name\":\"Ranoja\",\"description\":\"Equipment Shop WooCommerce WordPress Theme for Machine &amp; Tools\",\"publisher\":{\"@id\":\"https:\\\/\\\/ranoja.ee\\\/#organization\"},\"potentialAction\":[{\"@type\":\"SearchAction\",\"target\":{\"@type\":\"EntryPoint\",\"urlTemplate\":\"https:\\\/\\\/ranoja.ee\\\/?s={search_term_string}\"},\"query-input\":{\"@type\":\"PropertyValueSpecification\",\"valueRequired\":true,\"valueName\":\"search_term_string\"}}],\"inLanguage\":\"en-US\"},{\"@type\":\"Organization\",\"@id\":\"https:\\\/\\\/ranoja.ee\\\/#organization\",\"name\":\"Ranoja O\u00dc\",\"url\":\"https:\\\/\\\/ranoja.ee\\\/\",\"logo\":{\"@type\":\"ImageObject\",\"inLanguage\":\"en-US\",\"@id\":\"https:\\\/\\\/ranoja.ee\\\/#\\\/schema\\\/logo\\\/image\\\/\",\"url\":\"https:\\\/\\\/ranoja.ee\\\/wp-content\\\/uploads\\\/2023\\\/11\\\/ranoja-Logo.png\",\"contentUrl\":\"https:\\\/\\\/ranoja.ee\\\/wp-content\\\/uploads\\\/2023\\\/11\\\/ranoja-Logo.png\",\"width\":207,\"height\":58,\"caption\":\"Ranoja O\u00dc\"},\"image\":{\"@id\":\"https:\\\/\\\/ranoja.ee\\\/#\\\/schema\\\/logo\\\/image\\\/\"},\"sameAs\":[\"https:\\\/\\\/www.facebook.com\\\/ranoja.ee\",\"https:\\\/\\\/www.instagram.com\\\/ranoja__\\\/\"]}]}<\/script>\n<!-- \/ Yoast SEO plugin. -->","yoast_head_json":{"title":"M\u00e4\u00e4re Food Calsul 2 400g, Valvoline - Ranoja","robots":{"index":"index","follow":"follow","max-snippet":"max-snippet:-1","max-image-preview":"max-image-preview:large","max-video-preview":"max-video-preview:-1"},"canonical":"https:\/\/ranoja.ee\/toode\/maare-food-calsul-2-400g-valvoline\/","og_locale":"en_US","og_type":"article","og_title":"M\u00e4\u00e4re Food Calsul 2 400g, Valvoline - Ranoja","og_description":"Rasketesse ja n\u00f5udlikesse kasutustingimustesse m\u00f5eldud toiduainet\u00f6\u00f6stusek\u00f5lblik kaltsiumsulfonaat kompleksm\u00e4\u00e4re, mis on spetsiaalselt v\u00e4lja t\u00f6\u00f6tatud s\u00fcnteetilise PAO tehnoloogiaga ja vastab toidut\u00f6\u00f6tlemisettev\u00f5tetes kasutatavate seadmete m\u00e4\u00e4rimisn\u00f5uetele. Samuti kasutatakse seda paberi- ja pakendit\u00f6\u00f6stuses, lemmikloomatoidu graanulite tootmises ja lemmikloomade toidu tootmises ning muudes t\u00f6\u00f6stusharudes, kus on v\u00f5imalus m\u00e4\u00e4rde kokkupuude toiduainetega. Soovitatav m\u00e4\u00e4rimiseks \u00e4\u00e4rmiselt rasketes t\u00f6\u00f6tingimustes. Sobib kasutamiseks k\u00f5rgel temperatuuril, eba\u00fchtlase koormuse korral, vee, tolmu ja auru olulisel m\u00f5jul. Sobiib ka loomsete toiduainete graanulite tootmiseks m\u00f5eldud presside rull-laagrite m\u00e4\u00e4rimise kohta, kui on olemas v\u00f5imalus toiduga kokku puutuda. Soovitatav pidevatel k\u00f5rgetel temperatuuridel \u00fcle 160 \u00b0 C t\u00f6\u00f6tavate koormatud laagrite m\u00e4\u00e4rimiseks ja auru oluliseks m\u00f5juks. See sobib p\u00e4evalille, sojaoa ja rapsi kuivatamiseks m\u00f5eldud konditsioneeride laagrite m\u00e4\u00e4rimiseks tehastes s\u00f6\u00f6davate taime\u00f5lide tootmiseks. Kvaliteeditasemed: NSF-Registered, code H1,Reg.No.156228. ISO L-6743-9: L-XCFIB 2 DIN 51502: KP 2P-30","og_url":"https:\/\/ranoja.ee\/toode\/maare-food-calsul-2-400g-valvoline\/","og_site_name":"Ranoja","article_publisher":"https:\/\/www.facebook.com\/ranoja.ee","article_modified_time":"2026-03-17T12:42:15+00:00","og_image":[{"width":467,"height":768,"url":"https:\/\/ranoja.ee\/wp-content\/uploads\/2026\/03\/207387613.jpg","type":"image\/jpeg"}],"twitter_card":"summary_large_image","schema":{"@context":"https:\/\/schema.org","@graph":[{"@type":"WebPage","@id":"https:\/\/ranoja.ee\/toode\/maare-food-calsul-2-400g-valvoline\/","url":"https:\/\/ranoja.ee\/toode\/maare-food-calsul-2-400g-valvoline\/","name":"M\u00e4\u00e4re Food Calsul 2 400g, Valvoline - Ranoja","isPartOf":{"@id":"https:\/\/ranoja.ee\/#website"},"primaryImageOfPage":{"@id":"https:\/\/ranoja.ee\/toode\/maare-food-calsul-2-400g-valvoline\/#primaryimage"},"image":{"@id":"https:\/\/ranoja.ee\/toode\/maare-food-calsul-2-400g-valvoline\/#primaryimage"},"thumbnailUrl":"https:\/\/ranoja.ee\/wp-content\/uploads\/2026\/03\/207387613.jpg","datePublished":"2026-03-16T23:01:31+00:00","dateModified":"2026-03-17T12:42:15+00:00","breadcrumb":{"@id":"https:\/\/ranoja.ee\/toode\/maare-food-calsul-2-400g-valvoline\/#breadcrumb"},"inLanguage":"en-US","potentialAction":[{"@type":"ReadAction","target":["https:\/\/ranoja.ee\/toode\/maare-food-calsul-2-400g-valvoline\/"]}]},{"@type":"ImageObject","inLanguage":"en-US","@id":"https:\/\/ranoja.ee\/toode\/maare-food-calsul-2-400g-valvoline\/#primaryimage","url":"https:\/\/ranoja.ee\/wp-content\/uploads\/2026\/03\/207387613.jpg","contentUrl":"https:\/\/ranoja.ee\/wp-content\/uploads\/2026\/03\/207387613.jpg","width":467,"height":768},{"@type":"BreadcrumbList","@id":"https:\/\/ranoja.ee\/toode\/maare-food-calsul-2-400g-valvoline\/#breadcrumb","itemListElement":[{"@type":"ListItem","position":1,"name":"Home","item":"https:\/\/ranoja.ee\/"},{"@type":"ListItem","position":2,"name":"Shop","item":"https:\/\/ranoja.ee\/en\/shop\/"},{"@type":"ListItem","position":3,"name":"M\u00e4\u00e4re Food Calsul 2 400g, Valvoline"}]},{"@type":"WebSite","@id":"https:\/\/ranoja.ee\/#website","url":"https:\/\/ranoja.ee\/","name":"Ranoja","description":"Equipment Shop WooCommerce WordPress Theme for Machine &amp; Tools","publisher":{"@id":"https:\/\/ranoja.ee\/#organization"},"potentialAction":[{"@type":"SearchAction","target":{"@type":"EntryPoint","urlTemplate":"https:\/\/ranoja.ee\/?s={search_term_string}"},"query-input":{"@type":"PropertyValueSpecification","valueRequired":true,"valueName":"search_term_string"}}],"inLanguage":"en-US"},{"@type":"Organization","@id":"https:\/\/ranoja.ee\/#organization","name":"Ranoja O\u00dc","url":"https:\/\/ranoja.ee\/","logo":{"@type":"ImageObject","inLanguage":"en-US","@id":"https:\/\/ranoja.ee\/#\/schema\/logo\/image\/","url":"https:\/\/ranoja.ee\/wp-content\/uploads\/2023\/11\/ranoja-Logo.png","contentUrl":"https:\/\/ranoja.ee\/wp-content\/uploads\/2023\/11\/ranoja-Logo.png","width":207,"height":58,"caption":"Ranoja O\u00dc"},"image":{"@id":"https:\/\/ranoja.ee\/#\/schema\/logo\/image\/"},"sameAs":["https:\/\/www.facebook.com\/ranoja.ee","https:\/\/www.instagram.com\/ranoja__\/"]}]}},"_links":{"self":[{"href":"https:\/\/ranoja.ee\/en\/wp-json\/wp\/v2\/product\/58633","targetHints":{"allow":["GET"]}}],"collection":[{"href":"https:\/\/ranoja.ee\/en\/wp-json\/wp\/v2\/product"}],"about":[{"href":"https:\/\/ranoja.ee\/en\/wp-json\/wp\/v2\/types\/product"}],"wp:featuredmedia":[{"embeddable":true,"href":"https:\/\/ranoja.ee\/en\/wp-json\/wp\/v2\/media\/58634"}],"wp:attachment":[{"href":"https:\/\/ranoja.ee\/en\/wp-json\/wp\/v2\/media?parent=58633"}],"wp:term":[{"taxonomy":"product_cat","embeddable":true,"href":"https:\/\/ranoja.ee\/en\/wp-json\/wp\/v2\/product_cat?post=58633"},{"taxonomy":"product_tag","embeddable":true,"href":"https:\/\/ranoja.ee\/en\/wp-json\/wp\/v2\/product_tag?post=58633"}],"curies":[{"name":"wp","href":"https:\/\/api.w.org\/{rel}","templated":true}]}}