{"id":58629,"date":"2026-03-17T02:01:31","date_gmt":"2026-03-16T23:01:31","guid":{"rendered":"https:\/\/ranoja.ee\/toode\/automaatne-digitaalne-multimeeter-koos-testkaablitega-ks-tools\/"},"modified":"2026-03-17T15:42:15","modified_gmt":"2026-03-17T12:42:15","slug":"automaatne-digitaalne-multimeeter-koos-testkaablitega-ks-tools","status":"publish","type":"product","link":"https:\/\/ranoja.ee\/en\/toode\/automaatne-digitaalne-multimeeter-koos-testkaablitega-ks-tools\/","title":{"rendered":"Automaatne digitaalne multimeeter koos testkaablitega, KS Tools"},"content":{"rendered":"","protected":false},"excerpt":{"rendered":"<p>&#8211; t\u00f5hus multimeeter koos p\u00f5hiliste m\u00f5\u00f5tefunktsioonidega<br \/>\n&#8211; automaatne vahelduvpinge, alalispinge, takistuse tuvastamine<br \/>\n&#8211; pingestatud kaablite kontrollimine<br \/>\n&#8211; kontaktivaba induktsioonpinge kontrollimine<br \/>\n&#8211; suur 3,5&#8243; v\u00e4rviline LCD kuvar<br \/>\n&#8211; m\u00f5\u00f5tejuhtmete komplekt koos kontrollotsikuga (punane\/must)<br \/>\n&#8211; kaasas 700 mAh liitiumioonaku<br \/>\n&#8211; kaasas tugev kaitse\u00fcmbris<br \/>\n&#8211; praktilise kandekotiga<\/p>\n<p>\nFunktsioonid:<br \/>\n&#8211; alalis- ja vahelduvpinge m\u00f5\u00f5tmine<br \/>\n&#8211; takistuse m\u00f5\u00f5tmine<br \/>\n&#8211; mahtuvuse m\u00f5\u00f5tmine<br \/>\n&#8211; sageduse m\u00f5\u00f5tmine<br \/>\n&#8211; dioodide kontroll<br \/>\n&#8211; induktsioonpinge m\u00f5\u00f5tmine<br \/>\n&#8211; Kaablite kontrollimine<\/p>\n<p>Andmed:<br \/>\nPatarei t\u00fc\u00fcp: 18650<br \/>\nVahelduvvool: 2,2 V &#8211; 620<br \/>\nmahtuvuse m\u00f5\u00f5tmine: 326 nF &#8211; 32,6 \u00b5F<br \/>\nAlalispinge: 0,8 V &#8211; 620<br \/>\nsageduse m\u00f5\u00f5tmine: 1 Hz &#8211; 60 KHz<br \/>\nT\u00f6\u00f6temperatuur: -10\u00b0 kuni +60\u00b0 C (14\u00b0 kuni 140\u00b0 F)<br \/>\nKuvamine: digitaal<br \/>\ntakistuse m\u00f5\u00f5tmine:1 Ohm &#8211; 60 MOhm<\/p>\n","protected":false},"featured_media":58630,"template":"","meta":{"inline_featured_image":false},"product_cat":[5099,5291,5182],"product_tag":[],"class_list":{"0":"post-58629","1":"product","2":"type-product","3":"status-publish","4":"has-post-thumbnail","6":"product_brand-ks-tools","7":"product_cat-marke-ja-mooteriistad","8":"product_cat-multimeetrid","9":"product_cat-testrid","11":"first","12":"instock","13":"purchasable","14":"product-type-simple"},"yoast_head":"<!-- This site is optimized with the Yoast SEO plugin v27.4 - https:\/\/yoast.com\/product\/yoast-seo-wordpress\/ -->\n<title>Automaatne digitaalne multimeeter koos testkaablitega, KS Tools - Ranoja<\/title>\n<meta name=\"robots\" content=\"index, follow, max-snippet:-1, max-image-preview:large, max-video-preview:-1\" \/>\n<link rel=\"canonical\" href=\"https:\/\/ranoja.ee\/toode\/automaatne-digitaalne-multimeeter-koos-testkaablitega-ks-tools\/\" \/>\n<meta property=\"og:locale\" content=\"en_US\" \/>\n<meta property=\"og:type\" content=\"article\" \/>\n<meta property=\"og:title\" content=\"Automaatne digitaalne multimeeter koos testkaablitega, KS Tools - Ranoja\" \/>\n<meta property=\"og:description\" content=\"- t\u00f5hus multimeeter koos p\u00f5hiliste m\u00f5\u00f5tefunktsioonidega - automaatne vahelduvpinge, alalispinge, takistuse tuvastamine - pingestatud kaablite kontrollimine - kontaktivaba induktsioonpinge kontrollimine - suur 3,5&quot; v\u00e4rviline LCD kuvar - m\u00f5\u00f5tejuhtmete komplekt koos kontrollotsikuga (punane\/must) - kaasas 700 mAh liitiumioonaku - kaasas tugev kaitse\u00fcmbris - praktilise kandekotiga  Funktsioonid: - alalis- ja vahelduvpinge m\u00f5\u00f5tmine - takistuse m\u00f5\u00f5tmine - mahtuvuse m\u00f5\u00f5tmine - sageduse m\u00f5\u00f5tmine - dioodide kontroll - induktsioonpinge m\u00f5\u00f5tmine - Kaablite kontrollimine Andmed: Patarei t\u00fc\u00fcp: 18650 Vahelduvvool: 2,2 V - 620 mahtuvuse m\u00f5\u00f5tmine: 326 nF - 32,6 \u00b5F Alalispinge: 0,8 V - 620 sageduse m\u00f5\u00f5tmine: 1 Hz - 60 KHz T\u00f6\u00f6temperatuur: -10\u00b0 kuni +60\u00b0 C (14\u00b0 kuni 140\u00b0 F) Kuvamine: digitaal takistuse m\u00f5\u00f5tmine:1 Ohm - 60 MOhm\" \/>\n<meta property=\"og:url\" content=\"https:\/\/ranoja.ee\/toode\/automaatne-digitaalne-multimeeter-koos-testkaablitega-ks-tools\/\" \/>\n<meta property=\"og:site_name\" content=\"Ranoja\" \/>\n<meta property=\"article:publisher\" content=\"https:\/\/www.facebook.com\/ranoja.ee\" \/>\n<meta property=\"article:modified_time\" content=\"2026-03-17T12:42:15+00:00\" \/>\n<meta property=\"og:image\" content=\"https:\/\/ranoja.ee\/wp-content\/uploads\/2026\/03\/241637513.jpg\" \/>\n\t<meta property=\"og:image:width\" content=\"768\" \/>\n\t<meta property=\"og:image:height\" content=\"768\" \/>\n\t<meta property=\"og:image:type\" content=\"image\/jpeg\" \/>\n<meta name=\"twitter:card\" content=\"summary_large_image\" \/>\n<script type=\"application\/ld+json\" class=\"yoast-schema-graph\">{\"@context\":\"https:\\\/\\\/schema.org\",\"@graph\":[{\"@type\":\"WebPage\",\"@id\":\"https:\\\/\\\/ranoja.ee\\\/toode\\\/automaatne-digitaalne-multimeeter-koos-testkaablitega-ks-tools\\\/\",\"url\":\"https:\\\/\\\/ranoja.ee\\\/toode\\\/automaatne-digitaalne-multimeeter-koos-testkaablitega-ks-tools\\\/\",\"name\":\"Automaatne digitaalne multimeeter koos testkaablitega, KS Tools - Ranoja\",\"isPartOf\":{\"@id\":\"https:\\\/\\\/ranoja.ee\\\/#website\"},\"primaryImageOfPage\":{\"@id\":\"https:\\\/\\\/ranoja.ee\\\/toode\\\/automaatne-digitaalne-multimeeter-koos-testkaablitega-ks-tools\\\/#primaryimage\"},\"image\":{\"@id\":\"https:\\\/\\\/ranoja.ee\\\/toode\\\/automaatne-digitaalne-multimeeter-koos-testkaablitega-ks-tools\\\/#primaryimage\"},\"thumbnailUrl\":\"https:\\\/\\\/ranoja.ee\\\/wp-content\\\/uploads\\\/2026\\\/03\\\/241637513.jpg\",\"datePublished\":\"2026-03-16T23:01:31+00:00\",\"dateModified\":\"2026-03-17T12:42:15+00:00\",\"breadcrumb\":{\"@id\":\"https:\\\/\\\/ranoja.ee\\\/toode\\\/automaatne-digitaalne-multimeeter-koos-testkaablitega-ks-tools\\\/#breadcrumb\"},\"inLanguage\":\"en-US\",\"potentialAction\":[{\"@type\":\"ReadAction\",\"target\":[\"https:\\\/\\\/ranoja.ee\\\/toode\\\/automaatne-digitaalne-multimeeter-koos-testkaablitega-ks-tools\\\/\"]}]},{\"@type\":\"ImageObject\",\"inLanguage\":\"en-US\",\"@id\":\"https:\\\/\\\/ranoja.ee\\\/toode\\\/automaatne-digitaalne-multimeeter-koos-testkaablitega-ks-tools\\\/#primaryimage\",\"url\":\"https:\\\/\\\/ranoja.ee\\\/wp-content\\\/uploads\\\/2026\\\/03\\\/241637513.jpg\",\"contentUrl\":\"https:\\\/\\\/ranoja.ee\\\/wp-content\\\/uploads\\\/2026\\\/03\\\/241637513.jpg\",\"width\":768,\"height\":768},{\"@type\":\"BreadcrumbList\",\"@id\":\"https:\\\/\\\/ranoja.ee\\\/toode\\\/automaatne-digitaalne-multimeeter-koos-testkaablitega-ks-tools\\\/#breadcrumb\",\"itemListElement\":[{\"@type\":\"ListItem\",\"position\":1,\"name\":\"Home\",\"item\":\"https:\\\/\\\/ranoja.ee\\\/\"},{\"@type\":\"ListItem\",\"position\":2,\"name\":\"Shop\",\"item\":\"https:\\\/\\\/ranoja.ee\\\/en\\\/shop\\\/\"},{\"@type\":\"ListItem\",\"position\":3,\"name\":\"Automaatne digitaalne multimeeter koos testkaablitega, KS Tools\"}]},{\"@type\":\"WebSite\",\"@id\":\"https:\\\/\\\/ranoja.ee\\\/#website\",\"url\":\"https:\\\/\\\/ranoja.ee\\\/\",\"name\":\"Ranoja\",\"description\":\"Equipment Shop WooCommerce WordPress Theme for Machine &amp; Tools\",\"publisher\":{\"@id\":\"https:\\\/\\\/ranoja.ee\\\/#organization\"},\"potentialAction\":[{\"@type\":\"SearchAction\",\"target\":{\"@type\":\"EntryPoint\",\"urlTemplate\":\"https:\\\/\\\/ranoja.ee\\\/?s={search_term_string}\"},\"query-input\":{\"@type\":\"PropertyValueSpecification\",\"valueRequired\":true,\"valueName\":\"search_term_string\"}}],\"inLanguage\":\"en-US\"},{\"@type\":\"Organization\",\"@id\":\"https:\\\/\\\/ranoja.ee\\\/#organization\",\"name\":\"Ranoja O\u00dc\",\"url\":\"https:\\\/\\\/ranoja.ee\\\/\",\"logo\":{\"@type\":\"ImageObject\",\"inLanguage\":\"en-US\",\"@id\":\"https:\\\/\\\/ranoja.ee\\\/#\\\/schema\\\/logo\\\/image\\\/\",\"url\":\"https:\\\/\\\/ranoja.ee\\\/wp-content\\\/uploads\\\/2023\\\/11\\\/ranoja-Logo.png\",\"contentUrl\":\"https:\\\/\\\/ranoja.ee\\\/wp-content\\\/uploads\\\/2023\\\/11\\\/ranoja-Logo.png\",\"width\":207,\"height\":58,\"caption\":\"Ranoja O\u00dc\"},\"image\":{\"@id\":\"https:\\\/\\\/ranoja.ee\\\/#\\\/schema\\\/logo\\\/image\\\/\"},\"sameAs\":[\"https:\\\/\\\/www.facebook.com\\\/ranoja.ee\",\"https:\\\/\\\/www.instagram.com\\\/ranoja__\\\/\"]}]}<\/script>\n<!-- \/ Yoast SEO plugin. -->","yoast_head_json":{"title":"Automaatne digitaalne multimeeter koos testkaablitega, KS Tools - Ranoja","robots":{"index":"index","follow":"follow","max-snippet":"max-snippet:-1","max-image-preview":"max-image-preview:large","max-video-preview":"max-video-preview:-1"},"canonical":"https:\/\/ranoja.ee\/toode\/automaatne-digitaalne-multimeeter-koos-testkaablitega-ks-tools\/","og_locale":"en_US","og_type":"article","og_title":"Automaatne digitaalne multimeeter koos testkaablitega, KS Tools - Ranoja","og_description":"- t\u00f5hus multimeeter koos p\u00f5hiliste m\u00f5\u00f5tefunktsioonidega - automaatne vahelduvpinge, alalispinge, takistuse tuvastamine - pingestatud kaablite kontrollimine - kontaktivaba induktsioonpinge kontrollimine - suur 3,5\" v\u00e4rviline LCD kuvar - m\u00f5\u00f5tejuhtmete komplekt koos kontrollotsikuga (punane\/must) - kaasas 700 mAh liitiumioonaku - kaasas tugev kaitse\u00fcmbris - praktilise kandekotiga  Funktsioonid: - alalis- ja vahelduvpinge m\u00f5\u00f5tmine - takistuse m\u00f5\u00f5tmine - mahtuvuse m\u00f5\u00f5tmine - sageduse m\u00f5\u00f5tmine - dioodide kontroll - induktsioonpinge m\u00f5\u00f5tmine - Kaablite kontrollimine Andmed: Patarei t\u00fc\u00fcp: 18650 Vahelduvvool: 2,2 V - 620 mahtuvuse m\u00f5\u00f5tmine: 326 nF - 32,6 \u00b5F Alalispinge: 0,8 V - 620 sageduse m\u00f5\u00f5tmine: 1 Hz - 60 KHz T\u00f6\u00f6temperatuur: -10\u00b0 kuni +60\u00b0 C (14\u00b0 kuni 140\u00b0 F) Kuvamine: digitaal takistuse m\u00f5\u00f5tmine:1 Ohm - 60 MOhm","og_url":"https:\/\/ranoja.ee\/toode\/automaatne-digitaalne-multimeeter-koos-testkaablitega-ks-tools\/","og_site_name":"Ranoja","article_publisher":"https:\/\/www.facebook.com\/ranoja.ee","article_modified_time":"2026-03-17T12:42:15+00:00","og_image":[{"width":768,"height":768,"url":"https:\/\/ranoja.ee\/wp-content\/uploads\/2026\/03\/241637513.jpg","type":"image\/jpeg"}],"twitter_card":"summary_large_image","schema":{"@context":"https:\/\/schema.org","@graph":[{"@type":"WebPage","@id":"https:\/\/ranoja.ee\/toode\/automaatne-digitaalne-multimeeter-koos-testkaablitega-ks-tools\/","url":"https:\/\/ranoja.ee\/toode\/automaatne-digitaalne-multimeeter-koos-testkaablitega-ks-tools\/","name":"Automaatne digitaalne multimeeter koos testkaablitega, KS Tools - Ranoja","isPartOf":{"@id":"https:\/\/ranoja.ee\/#website"},"primaryImageOfPage":{"@id":"https:\/\/ranoja.ee\/toode\/automaatne-digitaalne-multimeeter-koos-testkaablitega-ks-tools\/#primaryimage"},"image":{"@id":"https:\/\/ranoja.ee\/toode\/automaatne-digitaalne-multimeeter-koos-testkaablitega-ks-tools\/#primaryimage"},"thumbnailUrl":"https:\/\/ranoja.ee\/wp-content\/uploads\/2026\/03\/241637513.jpg","datePublished":"2026-03-16T23:01:31+00:00","dateModified":"2026-03-17T12:42:15+00:00","breadcrumb":{"@id":"https:\/\/ranoja.ee\/toode\/automaatne-digitaalne-multimeeter-koos-testkaablitega-ks-tools\/#breadcrumb"},"inLanguage":"en-US","potentialAction":[{"@type":"ReadAction","target":["https:\/\/ranoja.ee\/toode\/automaatne-digitaalne-multimeeter-koos-testkaablitega-ks-tools\/"]}]},{"@type":"ImageObject","inLanguage":"en-US","@id":"https:\/\/ranoja.ee\/toode\/automaatne-digitaalne-multimeeter-koos-testkaablitega-ks-tools\/#primaryimage","url":"https:\/\/ranoja.ee\/wp-content\/uploads\/2026\/03\/241637513.jpg","contentUrl":"https:\/\/ranoja.ee\/wp-content\/uploads\/2026\/03\/241637513.jpg","width":768,"height":768},{"@type":"BreadcrumbList","@id":"https:\/\/ranoja.ee\/toode\/automaatne-digitaalne-multimeeter-koos-testkaablitega-ks-tools\/#breadcrumb","itemListElement":[{"@type":"ListItem","position":1,"name":"Home","item":"https:\/\/ranoja.ee\/"},{"@type":"ListItem","position":2,"name":"Shop","item":"https:\/\/ranoja.ee\/en\/shop\/"},{"@type":"ListItem","position":3,"name":"Automaatne digitaalne multimeeter koos testkaablitega, KS Tools"}]},{"@type":"WebSite","@id":"https:\/\/ranoja.ee\/#website","url":"https:\/\/ranoja.ee\/","name":"Ranoja","description":"Equipment Shop WooCommerce WordPress Theme for Machine &amp; Tools","publisher":{"@id":"https:\/\/ranoja.ee\/#organization"},"potentialAction":[{"@type":"SearchAction","target":{"@type":"EntryPoint","urlTemplate":"https:\/\/ranoja.ee\/?s={search_term_string}"},"query-input":{"@type":"PropertyValueSpecification","valueRequired":true,"valueName":"search_term_string"}}],"inLanguage":"en-US"},{"@type":"Organization","@id":"https:\/\/ranoja.ee\/#organization","name":"Ranoja O\u00dc","url":"https:\/\/ranoja.ee\/","logo":{"@type":"ImageObject","inLanguage":"en-US","@id":"https:\/\/ranoja.ee\/#\/schema\/logo\/image\/","url":"https:\/\/ranoja.ee\/wp-content\/uploads\/2023\/11\/ranoja-Logo.png","contentUrl":"https:\/\/ranoja.ee\/wp-content\/uploads\/2023\/11\/ranoja-Logo.png","width":207,"height":58,"caption":"Ranoja O\u00dc"},"image":{"@id":"https:\/\/ranoja.ee\/#\/schema\/logo\/image\/"},"sameAs":["https:\/\/www.facebook.com\/ranoja.ee","https:\/\/www.instagram.com\/ranoja__\/"]}]}},"_links":{"self":[{"href":"https:\/\/ranoja.ee\/en\/wp-json\/wp\/v2\/product\/58629","targetHints":{"allow":["GET"]}}],"collection":[{"href":"https:\/\/ranoja.ee\/en\/wp-json\/wp\/v2\/product"}],"about":[{"href":"https:\/\/ranoja.ee\/en\/wp-json\/wp\/v2\/types\/product"}],"wp:featuredmedia":[{"embeddable":true,"href":"https:\/\/ranoja.ee\/en\/wp-json\/wp\/v2\/media\/58630"}],"wp:attachment":[{"href":"https:\/\/ranoja.ee\/en\/wp-json\/wp\/v2\/media?parent=58629"}],"wp:term":[{"taxonomy":"product_cat","embeddable":true,"href":"https:\/\/ranoja.ee\/en\/wp-json\/wp\/v2\/product_cat?post=58629"},{"taxonomy":"product_tag","embeddable":true,"href":"https:\/\/ranoja.ee\/en\/wp-json\/wp\/v2\/product_tag?post=58629"}],"curies":[{"name":"wp","href":"https:\/\/api.w.org\/{rel}","templated":true}]}}