{"id":58603,"date":"2026-03-17T02:01:04","date_gmt":"2026-03-16T23:01:04","guid":{"rendered":"https:\/\/ranoja.ee\/toode\/tihendi-eemaldi-gasket-remover-500ml-motip\/"},"modified":"2026-03-17T15:42:15","modified_gmt":"2026-03-17T12:42:15","slug":"tihendi-eemaldi-gasket-remover-500ml-motip","status":"publish","type":"product","link":"https:\/\/ranoja.ee\/en\/toode\/tihendi-eemaldi-gasket-remover-500ml-motip\/","title":{"rendered":"Tihendi eemaldi Gasket Remover 500ml, Motip"},"content":{"rendered":"","protected":false},"excerpt":{"rendered":"<p>Tihendieemaldi aitab eemaldada kiirelt ja lihtsalt kuumuse toimel kinni p\u00f5lenud erinevad tihendij\u00e4\u00e4gid, \u00f5lij\u00e4\u00e4gid, v\u00e4rvi, \u00f5li ja hermeetiku mootorilt ja mootoriosadelt. Hea ronimisv\u00f5ime teeb selle toote v\u00e4ga efektiivseks.<\/p>\n<p>KASUTUSVALDKOND:<br \/>\nToode m\u00f5eldud erinevate metall, puit, keraamika, klaas, PE, PP pindade puhastamiseks, nagu n\u00e4iteks plokikaante, plokkide, veepumpade, k\u00e4igukastide ja teiste autonduse ja t\u00f6\u00f6stuslike pindade puhastamiseks. Toote kasutamine s\u00e4\u00e4stab aega ja v\u00e4hendab v\u00f5imalike mehhaanilisi vigastusi.<\/p>\n<p>TEHNILINE INFO:<br \/>\nBaasained: aslifaatsed s\u00fcsivesikud\/atsetaalid<br \/>\nV\u00e4rvus: l\u00e4bipaistev kollane<br \/>\nL\u00f5hn: eeter<br \/>\nTihedus 20\u00b0C juures: 0,8g\/ml<br \/>\nKulu: 1,57g\/sec<br \/>\npH v\u00e4\u00e4rtus: neutraalne<\/p>\n<p>KASUTAMINE:<br \/>\nEnnem kasutamist hoiustada toodet toatemperatuuril ja loksutada.<br \/>\nSoovitav kasutamistemperatuur +5\u00b0 kuni +30\u00b0C<br \/>\nKata plastik ja muud kaitstavad pinnad.<br \/>\nPihusta vahendit pinnale ca. 25-30cm kauguselt ja oota ca. 10 min<br \/>\nHea lahustamis- ja imbumisv\u00f5imega aine imbub tihendij\u00e4\u00e4kidesse ning poeb ka tihendi ja metallipinna vahele.<br \/>\nSeej\u00e4rel kraabi tihendij\u00e4\u00e4gid ettevaatlikult spetsiaalse t\u00f6\u00f6riistaga maha.<br \/>\nJ\u00e4relpuhasta pinnad Brake Cleaneriga.<\/p>\n","protected":false},"featured_media":58604,"template":"","meta":{"inline_featured_image":false},"product_cat":[5051,5010,5009],"product_tag":[],"class_list":{"0":"post-58603","1":"product","2":"type-product","3":"status-publish","4":"has-post-thumbnail","6":"product_brand-motip","7":"product_cat-eritooted","8":"product_cat-tehnilised-aerosoolid","9":"product_cat-toostus-ja-autokeemia","11":"first","12":"instock","13":"purchasable","14":"product-type-simple"},"yoast_head":"<!-- This site is optimized with the Yoast SEO plugin v27.4 - https:\/\/yoast.com\/product\/yoast-seo-wordpress\/ -->\n<title>Tihendi eemaldi Gasket Remover 500ml, Motip - Ranoja<\/title>\n<meta name=\"robots\" content=\"index, follow, max-snippet:-1, max-image-preview:large, max-video-preview:-1\" \/>\n<link rel=\"canonical\" href=\"https:\/\/ranoja.ee\/toode\/tihendi-eemaldi-gasket-remover-500ml-motip\/\" \/>\n<meta property=\"og:locale\" content=\"en_US\" \/>\n<meta property=\"og:type\" content=\"article\" \/>\n<meta property=\"og:title\" content=\"Tihendi eemaldi Gasket Remover 500ml, Motip - Ranoja\" \/>\n<meta property=\"og:description\" content=\"Tihendieemaldi aitab eemaldada kiirelt ja lihtsalt kuumuse toimel kinni p\u00f5lenud erinevad tihendij\u00e4\u00e4gid, \u00f5lij\u00e4\u00e4gid, v\u00e4rvi, \u00f5li ja hermeetiku mootorilt ja mootoriosadelt. Hea ronimisv\u00f5ime teeb selle toote v\u00e4ga efektiivseks. KASUTUSVALDKOND: Toode m\u00f5eldud erinevate metall, puit, keraamika, klaas, PE, PP pindade puhastamiseks, nagu n\u00e4iteks plokikaante, plokkide, veepumpade, k\u00e4igukastide ja teiste autonduse ja t\u00f6\u00f6stuslike pindade puhastamiseks. Toote kasutamine s\u00e4\u00e4stab aega ja v\u00e4hendab v\u00f5imalike mehhaanilisi vigastusi. TEHNILINE INFO: Baasained: aslifaatsed s\u00fcsivesikud\/atsetaalid V\u00e4rvus: l\u00e4bipaistev kollane L\u00f5hn: eeter Tihedus 20\u00b0C juures: 0,8g\/ml Kulu: 1,57g\/sec pH v\u00e4\u00e4rtus: neutraalne KASUTAMINE: Ennem kasutamist hoiustada toodet toatemperatuuril ja loksutada. Soovitav kasutamistemperatuur +5\u00b0 kuni +30\u00b0C Kata plastik ja muud kaitstavad pinnad. Pihusta vahendit pinnale ca. 25-30cm kauguselt ja oota ca. 10 min Hea lahustamis- ja imbumisv\u00f5imega aine imbub tihendij\u00e4\u00e4kidesse ning poeb ka tihendi ja metallipinna vahele. Seej\u00e4rel kraabi tihendij\u00e4\u00e4gid ettevaatlikult spetsiaalse t\u00f6\u00f6riistaga maha. J\u00e4relpuhasta pinnad Brake Cleaneriga.\" \/>\n<meta property=\"og:url\" content=\"https:\/\/ranoja.ee\/toode\/tihendi-eemaldi-gasket-remover-500ml-motip\/\" \/>\n<meta property=\"og:site_name\" content=\"Ranoja\" \/>\n<meta property=\"article:publisher\" content=\"https:\/\/www.facebook.com\/ranoja.ee\" \/>\n<meta property=\"article:modified_time\" content=\"2026-03-17T12:42:15+00:00\" \/>\n<meta property=\"og:image\" content=\"https:\/\/ranoja.ee\/wp-content\/uploads\/2026\/03\/123752687.jpg\" \/>\n\t<meta property=\"og:image:width\" content=\"115\" \/>\n\t<meta property=\"og:image:height\" content=\"400\" \/>\n\t<meta property=\"og:image:type\" content=\"image\/jpeg\" \/>\n<meta name=\"twitter:card\" content=\"summary_large_image\" \/>\n<script type=\"application\/ld+json\" class=\"yoast-schema-graph\">{\"@context\":\"https:\\\/\\\/schema.org\",\"@graph\":[{\"@type\":\"WebPage\",\"@id\":\"https:\\\/\\\/ranoja.ee\\\/toode\\\/tihendi-eemaldi-gasket-remover-500ml-motip\\\/\",\"url\":\"https:\\\/\\\/ranoja.ee\\\/toode\\\/tihendi-eemaldi-gasket-remover-500ml-motip\\\/\",\"name\":\"Tihendi eemaldi Gasket Remover 500ml, Motip - Ranoja\",\"isPartOf\":{\"@id\":\"https:\\\/\\\/ranoja.ee\\\/#website\"},\"primaryImageOfPage\":{\"@id\":\"https:\\\/\\\/ranoja.ee\\\/toode\\\/tihendi-eemaldi-gasket-remover-500ml-motip\\\/#primaryimage\"},\"image\":{\"@id\":\"https:\\\/\\\/ranoja.ee\\\/toode\\\/tihendi-eemaldi-gasket-remover-500ml-motip\\\/#primaryimage\"},\"thumbnailUrl\":\"https:\\\/\\\/ranoja.ee\\\/wp-content\\\/uploads\\\/2026\\\/03\\\/123752687.jpg\",\"datePublished\":\"2026-03-16T23:01:04+00:00\",\"dateModified\":\"2026-03-17T12:42:15+00:00\",\"breadcrumb\":{\"@id\":\"https:\\\/\\\/ranoja.ee\\\/toode\\\/tihendi-eemaldi-gasket-remover-500ml-motip\\\/#breadcrumb\"},\"inLanguage\":\"en-US\",\"potentialAction\":[{\"@type\":\"ReadAction\",\"target\":[\"https:\\\/\\\/ranoja.ee\\\/toode\\\/tihendi-eemaldi-gasket-remover-500ml-motip\\\/\"]}]},{\"@type\":\"ImageObject\",\"inLanguage\":\"en-US\",\"@id\":\"https:\\\/\\\/ranoja.ee\\\/toode\\\/tihendi-eemaldi-gasket-remover-500ml-motip\\\/#primaryimage\",\"url\":\"https:\\\/\\\/ranoja.ee\\\/wp-content\\\/uploads\\\/2026\\\/03\\\/123752687.jpg\",\"contentUrl\":\"https:\\\/\\\/ranoja.ee\\\/wp-content\\\/uploads\\\/2026\\\/03\\\/123752687.jpg\",\"width\":115,\"height\":400},{\"@type\":\"BreadcrumbList\",\"@id\":\"https:\\\/\\\/ranoja.ee\\\/toode\\\/tihendi-eemaldi-gasket-remover-500ml-motip\\\/#breadcrumb\",\"itemListElement\":[{\"@type\":\"ListItem\",\"position\":1,\"name\":\"Home\",\"item\":\"https:\\\/\\\/ranoja.ee\\\/\"},{\"@type\":\"ListItem\",\"position\":2,\"name\":\"Shop\",\"item\":\"https:\\\/\\\/ranoja.ee\\\/en\\\/shop\\\/\"},{\"@type\":\"ListItem\",\"position\":3,\"name\":\"Tihendi eemaldi Gasket Remover 500ml, Motip\"}]},{\"@type\":\"WebSite\",\"@id\":\"https:\\\/\\\/ranoja.ee\\\/#website\",\"url\":\"https:\\\/\\\/ranoja.ee\\\/\",\"name\":\"Ranoja\",\"description\":\"Equipment Shop WooCommerce WordPress Theme for Machine &amp; Tools\",\"publisher\":{\"@id\":\"https:\\\/\\\/ranoja.ee\\\/#organization\"},\"potentialAction\":[{\"@type\":\"SearchAction\",\"target\":{\"@type\":\"EntryPoint\",\"urlTemplate\":\"https:\\\/\\\/ranoja.ee\\\/?s={search_term_string}\"},\"query-input\":{\"@type\":\"PropertyValueSpecification\",\"valueRequired\":true,\"valueName\":\"search_term_string\"}}],\"inLanguage\":\"en-US\"},{\"@type\":\"Organization\",\"@id\":\"https:\\\/\\\/ranoja.ee\\\/#organization\",\"name\":\"Ranoja O\u00dc\",\"url\":\"https:\\\/\\\/ranoja.ee\\\/\",\"logo\":{\"@type\":\"ImageObject\",\"inLanguage\":\"en-US\",\"@id\":\"https:\\\/\\\/ranoja.ee\\\/#\\\/schema\\\/logo\\\/image\\\/\",\"url\":\"https:\\\/\\\/ranoja.ee\\\/wp-content\\\/uploads\\\/2023\\\/11\\\/ranoja-Logo.png\",\"contentUrl\":\"https:\\\/\\\/ranoja.ee\\\/wp-content\\\/uploads\\\/2023\\\/11\\\/ranoja-Logo.png\",\"width\":207,\"height\":58,\"caption\":\"Ranoja O\u00dc\"},\"image\":{\"@id\":\"https:\\\/\\\/ranoja.ee\\\/#\\\/schema\\\/logo\\\/image\\\/\"},\"sameAs\":[\"https:\\\/\\\/www.facebook.com\\\/ranoja.ee\",\"https:\\\/\\\/www.instagram.com\\\/ranoja__\\\/\"]}]}<\/script>\n<!-- \/ Yoast SEO plugin. -->","yoast_head_json":{"title":"Tihendi eemaldi Gasket Remover 500ml, Motip - Ranoja","robots":{"index":"index","follow":"follow","max-snippet":"max-snippet:-1","max-image-preview":"max-image-preview:large","max-video-preview":"max-video-preview:-1"},"canonical":"https:\/\/ranoja.ee\/toode\/tihendi-eemaldi-gasket-remover-500ml-motip\/","og_locale":"en_US","og_type":"article","og_title":"Tihendi eemaldi Gasket Remover 500ml, Motip - Ranoja","og_description":"Tihendieemaldi aitab eemaldada kiirelt ja lihtsalt kuumuse toimel kinni p\u00f5lenud erinevad tihendij\u00e4\u00e4gid, \u00f5lij\u00e4\u00e4gid, v\u00e4rvi, \u00f5li ja hermeetiku mootorilt ja mootoriosadelt. Hea ronimisv\u00f5ime teeb selle toote v\u00e4ga efektiivseks. KASUTUSVALDKOND: Toode m\u00f5eldud erinevate metall, puit, keraamika, klaas, PE, PP pindade puhastamiseks, nagu n\u00e4iteks plokikaante, plokkide, veepumpade, k\u00e4igukastide ja teiste autonduse ja t\u00f6\u00f6stuslike pindade puhastamiseks. Toote kasutamine s\u00e4\u00e4stab aega ja v\u00e4hendab v\u00f5imalike mehhaanilisi vigastusi. TEHNILINE INFO: Baasained: aslifaatsed s\u00fcsivesikud\/atsetaalid V\u00e4rvus: l\u00e4bipaistev kollane L\u00f5hn: eeter Tihedus 20\u00b0C juures: 0,8g\/ml Kulu: 1,57g\/sec pH v\u00e4\u00e4rtus: neutraalne KASUTAMINE: Ennem kasutamist hoiustada toodet toatemperatuuril ja loksutada. Soovitav kasutamistemperatuur +5\u00b0 kuni +30\u00b0C Kata plastik ja muud kaitstavad pinnad. Pihusta vahendit pinnale ca. 25-30cm kauguselt ja oota ca. 10 min Hea lahustamis- ja imbumisv\u00f5imega aine imbub tihendij\u00e4\u00e4kidesse ning poeb ka tihendi ja metallipinna vahele. Seej\u00e4rel kraabi tihendij\u00e4\u00e4gid ettevaatlikult spetsiaalse t\u00f6\u00f6riistaga maha. J\u00e4relpuhasta pinnad Brake Cleaneriga.","og_url":"https:\/\/ranoja.ee\/toode\/tihendi-eemaldi-gasket-remover-500ml-motip\/","og_site_name":"Ranoja","article_publisher":"https:\/\/www.facebook.com\/ranoja.ee","article_modified_time":"2026-03-17T12:42:15+00:00","og_image":[{"width":115,"height":400,"url":"https:\/\/ranoja.ee\/wp-content\/uploads\/2026\/03\/123752687.jpg","type":"image\/jpeg"}],"twitter_card":"summary_large_image","schema":{"@context":"https:\/\/schema.org","@graph":[{"@type":"WebPage","@id":"https:\/\/ranoja.ee\/toode\/tihendi-eemaldi-gasket-remover-500ml-motip\/","url":"https:\/\/ranoja.ee\/toode\/tihendi-eemaldi-gasket-remover-500ml-motip\/","name":"Tihendi eemaldi Gasket Remover 500ml, Motip - Ranoja","isPartOf":{"@id":"https:\/\/ranoja.ee\/#website"},"primaryImageOfPage":{"@id":"https:\/\/ranoja.ee\/toode\/tihendi-eemaldi-gasket-remover-500ml-motip\/#primaryimage"},"image":{"@id":"https:\/\/ranoja.ee\/toode\/tihendi-eemaldi-gasket-remover-500ml-motip\/#primaryimage"},"thumbnailUrl":"https:\/\/ranoja.ee\/wp-content\/uploads\/2026\/03\/123752687.jpg","datePublished":"2026-03-16T23:01:04+00:00","dateModified":"2026-03-17T12:42:15+00:00","breadcrumb":{"@id":"https:\/\/ranoja.ee\/toode\/tihendi-eemaldi-gasket-remover-500ml-motip\/#breadcrumb"},"inLanguage":"en-US","potentialAction":[{"@type":"ReadAction","target":["https:\/\/ranoja.ee\/toode\/tihendi-eemaldi-gasket-remover-500ml-motip\/"]}]},{"@type":"ImageObject","inLanguage":"en-US","@id":"https:\/\/ranoja.ee\/toode\/tihendi-eemaldi-gasket-remover-500ml-motip\/#primaryimage","url":"https:\/\/ranoja.ee\/wp-content\/uploads\/2026\/03\/123752687.jpg","contentUrl":"https:\/\/ranoja.ee\/wp-content\/uploads\/2026\/03\/123752687.jpg","width":115,"height":400},{"@type":"BreadcrumbList","@id":"https:\/\/ranoja.ee\/toode\/tihendi-eemaldi-gasket-remover-500ml-motip\/#breadcrumb","itemListElement":[{"@type":"ListItem","position":1,"name":"Home","item":"https:\/\/ranoja.ee\/"},{"@type":"ListItem","position":2,"name":"Shop","item":"https:\/\/ranoja.ee\/en\/shop\/"},{"@type":"ListItem","position":3,"name":"Tihendi eemaldi Gasket Remover 500ml, Motip"}]},{"@type":"WebSite","@id":"https:\/\/ranoja.ee\/#website","url":"https:\/\/ranoja.ee\/","name":"Ranoja","description":"Equipment Shop WooCommerce WordPress Theme for Machine &amp; Tools","publisher":{"@id":"https:\/\/ranoja.ee\/#organization"},"potentialAction":[{"@type":"SearchAction","target":{"@type":"EntryPoint","urlTemplate":"https:\/\/ranoja.ee\/?s={search_term_string}"},"query-input":{"@type":"PropertyValueSpecification","valueRequired":true,"valueName":"search_term_string"}}],"inLanguage":"en-US"},{"@type":"Organization","@id":"https:\/\/ranoja.ee\/#organization","name":"Ranoja O\u00dc","url":"https:\/\/ranoja.ee\/","logo":{"@type":"ImageObject","inLanguage":"en-US","@id":"https:\/\/ranoja.ee\/#\/schema\/logo\/image\/","url":"https:\/\/ranoja.ee\/wp-content\/uploads\/2023\/11\/ranoja-Logo.png","contentUrl":"https:\/\/ranoja.ee\/wp-content\/uploads\/2023\/11\/ranoja-Logo.png","width":207,"height":58,"caption":"Ranoja O\u00dc"},"image":{"@id":"https:\/\/ranoja.ee\/#\/schema\/logo\/image\/"},"sameAs":["https:\/\/www.facebook.com\/ranoja.ee","https:\/\/www.instagram.com\/ranoja__\/"]}]}},"_links":{"self":[{"href":"https:\/\/ranoja.ee\/en\/wp-json\/wp\/v2\/product\/58603","targetHints":{"allow":["GET"]}}],"collection":[{"href":"https:\/\/ranoja.ee\/en\/wp-json\/wp\/v2\/product"}],"about":[{"href":"https:\/\/ranoja.ee\/en\/wp-json\/wp\/v2\/types\/product"}],"wp:featuredmedia":[{"embeddable":true,"href":"https:\/\/ranoja.ee\/en\/wp-json\/wp\/v2\/media\/58604"}],"wp:attachment":[{"href":"https:\/\/ranoja.ee\/en\/wp-json\/wp\/v2\/media?parent=58603"}],"wp:term":[{"taxonomy":"product_cat","embeddable":true,"href":"https:\/\/ranoja.ee\/en\/wp-json\/wp\/v2\/product_cat?post=58603"},{"taxonomy":"product_tag","embeddable":true,"href":"https:\/\/ranoja.ee\/en\/wp-json\/wp\/v2\/product_tag?post=58603"}],"curies":[{"name":"wp","href":"https:\/\/api.w.org\/{rel}","templated":true}]}}