{"id":58599,"date":"2026-03-17T02:01:04","date_gmt":"2026-03-16T23:01:04","guid":{"rendered":"https:\/\/ranoja.ee\/toode\/suruohu-mutrikeeraja-loogiga-1-2-minidevil-1084nm-ks-tools\/"},"modified":"2026-03-17T15:42:15","modified_gmt":"2026-03-17T12:42:15","slug":"suruohu-mutrikeeraja-loogiga-1-2-minidevil-1084nm-ks-tools","status":"publish","type":"product","link":"https:\/\/ranoja.ee\/en\/toode\/suruohu-mutrikeeraja-loogiga-1-2-minidevil-1084nm-ks-tools\/","title":{"rendered":"Suru\u00f5hu mutrikeeraja l\u00f6\u00f6giga 1\/2&#8220; miniDEVIL, 1084Nm, KS Tools"},"content":{"rendered":"","protected":false},"excerpt":{"rendered":"<p>KIRJELDUS<br \/>\nLibisemiskindla pehme k\u00e4epidemega<br \/>\nHeit\u00f5hu juhtimine k\u00e4epideme kaudu alla<br \/>\nPraktilise \u00fcmberl\u00fclitushoovaga (vasakule\/paremale)<br \/>\nKerge k\u00e4sitsemine<br \/>\n3-kordne p\u00f6\u00f6rdemomendi eelvalik<br \/>\nV\u00f5imas l\u00f6\u00f6gimehhanism Jumbo<br \/>\nPikk t\u00f6\u00f6iga<br \/>\nK\u00fclma isoleeriv k\u00e4epide<br \/>\nKaasas on 1\/4\u201c \u00fchenduspistik<br \/>\nV\u00e4ga kerge alumiiniumkorpus<\/p>\n<p>\nOMADUSED<br \/>\nMaterjal1:alumiinium<br \/>\nsoovitatav p\u00f6\u00f6rdemoment:488 Nm<br \/>\nPakendi pikkus mm:228<br \/>\nPakendi k\u00f5rgus mm:80<br \/>\nVibratsioonikiirendus:<10,36<br \/>\nM\u00fcrar\u00f5hutase (dbA):106<br \/>\nmax p\u00e4rip\u00e4eva p\u00f6\u00f6rdemoment3:3 = 755 Nm<br \/>\nmax p\u00e4rip\u00e4eva p\u00f6\u00f6rdemoment2:2 = 503 Nm<br \/>\nmax p\u00e4rip\u00e4eva p\u00f6\u00f6rdemoment:1 = 210 Nm<br \/>\nmax eemaldamise p\u00f6\u00f6rdemoment:1084 Nm<br \/>\nT\u00fchik\u00e4igu p\u00f6\u00f6rlemiskiirus U\/min:9000<br \/>\n\u00d5hutarve l\/min:169<br \/>\nkeermes\u00fchendus:1\/4&#8243;PT<br \/>\nkaal g:1200<br \/>\nHeliv\u00f5imsustase (dbA):115<br \/>\nNelikantajam:1\/2<br \/>\nLaius B:115.0<br \/>\nkogupikkus L mm:180<br \/>\nkinnitus tollides:1\/2<br \/>\nPakendisisu:1<br \/>\nK\u00e4epide:k\u00fclmisoleeritud k\u00e4epide<br \/>\nmax kruvisuurus:M 16<br \/>\nmin vooliku l\u00e4bim\u00f5\u00f5t:3\/8&#8243; &#8211; 10 mm<br \/>\nT\u00f6\u00f6r\u00f5hk baarides:6,3 bar (90 psi)<br \/>\nPakendi laius mm:157<\/p>\n","protected":false},"featured_media":58600,"template":"","meta":{"inline_featured_image":false},"product_cat":[5278,5277,5136],"product_tag":[],"class_list":{"0":"post-58599","1":"product","2":"type-product","3":"status-publish","4":"has-post-thumbnail","6":"product_brand-ks-tools","7":"product_cat-pneumaatilised-mutrikeerajad","8":"product_cat-pneumaatilised-tooriistad","9":"product_cat-suruohutooriistad-ja-kompressorid","11":"first","12":"instock","13":"purchasable","14":"product-type-simple"},"yoast_head":"<!-- This site is optimized with the Yoast SEO plugin v27.4 - https:\/\/yoast.com\/product\/yoast-seo-wordpress\/ -->\n<title>Suru\u00f5hu mutrikeeraja l\u00f6\u00f6giga 1\/2`` miniDEVIL, 1084Nm, KS Tools - Ranoja<\/title>\n<meta name=\"robots\" content=\"index, follow, max-snippet:-1, max-image-preview:large, max-video-preview:-1\" \/>\n<link rel=\"canonical\" href=\"https:\/\/ranoja.ee\/toode\/suruohu-mutrikeeraja-loogiga-1-2-minidevil-1084nm-ks-tools\/\" \/>\n<meta property=\"og:locale\" content=\"en_US\" \/>\n<meta property=\"og:type\" content=\"article\" \/>\n<meta property=\"og:title\" content=\"Suru\u00f5hu mutrikeeraja l\u00f6\u00f6giga 1\/2`` miniDEVIL, 1084Nm, KS Tools - Ranoja\" \/>\n<meta property=\"og:description\" content=\"KIRJELDUS Libisemiskindla pehme k\u00e4epidemega Heit\u00f5hu juhtimine k\u00e4epideme kaudu alla Praktilise \u00fcmberl\u00fclitushoovaga (vasakule\/paremale) Kerge k\u00e4sitsemine 3-kordne p\u00f6\u00f6rdemomendi eelvalik V\u00f5imas l\u00f6\u00f6gimehhanism Jumbo Pikk t\u00f6\u00f6iga K\u00fclma isoleeriv k\u00e4epide Kaasas on 1\/4\u201c \u00fchenduspistik V\u00e4ga kerge alumiiniumkorpus  OMADUSED Materjal1:alumiinium soovitatav p\u00f6\u00f6rdemoment:488 Nm Pakendi pikkus mm:228 Pakendi k\u00f5rgus mm:80 Vibratsioonikiirendus:\" \/>\n<meta property=\"og:url\" content=\"https:\/\/ranoja.ee\/toode\/suruohu-mutrikeeraja-loogiga-1-2-minidevil-1084nm-ks-tools\/\" \/>\n<meta property=\"og:site_name\" content=\"Ranoja\" \/>\n<meta property=\"article:publisher\" content=\"https:\/\/www.facebook.com\/ranoja.ee\" \/>\n<meta property=\"article:modified_time\" content=\"2026-03-17T12:42:15+00:00\" \/>\n<meta property=\"og:image\" content=\"https:\/\/ranoja.ee\/wp-content\/uploads\/2026\/03\/260258337.jpg\" \/>\n\t<meta property=\"og:image:width\" content=\"600\" \/>\n\t<meta property=\"og:image:height\" content=\"600\" \/>\n\t<meta property=\"og:image:type\" content=\"image\/jpeg\" \/>\n<meta name=\"twitter:card\" content=\"summary_large_image\" \/>\n<script type=\"application\/ld+json\" class=\"yoast-schema-graph\">{\"@context\":\"https:\\\/\\\/schema.org\",\"@graph\":[{\"@type\":\"WebPage\",\"@id\":\"https:\\\/\\\/ranoja.ee\\\/toode\\\/suruohu-mutrikeeraja-loogiga-1-2-minidevil-1084nm-ks-tools\\\/\",\"url\":\"https:\\\/\\\/ranoja.ee\\\/toode\\\/suruohu-mutrikeeraja-loogiga-1-2-minidevil-1084nm-ks-tools\\\/\",\"name\":\"Suru\u00f5hu mutrikeeraja l\u00f6\u00f6giga 1\\\/2`` miniDEVIL, 1084Nm, KS Tools - Ranoja\",\"isPartOf\":{\"@id\":\"https:\\\/\\\/ranoja.ee\\\/#website\"},\"primaryImageOfPage\":{\"@id\":\"https:\\\/\\\/ranoja.ee\\\/toode\\\/suruohu-mutrikeeraja-loogiga-1-2-minidevil-1084nm-ks-tools\\\/#primaryimage\"},\"image\":{\"@id\":\"https:\\\/\\\/ranoja.ee\\\/toode\\\/suruohu-mutrikeeraja-loogiga-1-2-minidevil-1084nm-ks-tools\\\/#primaryimage\"},\"thumbnailUrl\":\"https:\\\/\\\/ranoja.ee\\\/wp-content\\\/uploads\\\/2026\\\/03\\\/260258337.jpg\",\"datePublished\":\"2026-03-16T23:01:04+00:00\",\"dateModified\":\"2026-03-17T12:42:15+00:00\",\"breadcrumb\":{\"@id\":\"https:\\\/\\\/ranoja.ee\\\/toode\\\/suruohu-mutrikeeraja-loogiga-1-2-minidevil-1084nm-ks-tools\\\/#breadcrumb\"},\"inLanguage\":\"en-US\",\"potentialAction\":[{\"@type\":\"ReadAction\",\"target\":[\"https:\\\/\\\/ranoja.ee\\\/toode\\\/suruohu-mutrikeeraja-loogiga-1-2-minidevil-1084nm-ks-tools\\\/\"]}]},{\"@type\":\"ImageObject\",\"inLanguage\":\"en-US\",\"@id\":\"https:\\\/\\\/ranoja.ee\\\/toode\\\/suruohu-mutrikeeraja-loogiga-1-2-minidevil-1084nm-ks-tools\\\/#primaryimage\",\"url\":\"https:\\\/\\\/ranoja.ee\\\/wp-content\\\/uploads\\\/2026\\\/03\\\/260258337.jpg\",\"contentUrl\":\"https:\\\/\\\/ranoja.ee\\\/wp-content\\\/uploads\\\/2026\\\/03\\\/260258337.jpg\",\"width\":600,\"height\":600},{\"@type\":\"BreadcrumbList\",\"@id\":\"https:\\\/\\\/ranoja.ee\\\/toode\\\/suruohu-mutrikeeraja-loogiga-1-2-minidevil-1084nm-ks-tools\\\/#breadcrumb\",\"itemListElement\":[{\"@type\":\"ListItem\",\"position\":1,\"name\":\"Home\",\"item\":\"https:\\\/\\\/ranoja.ee\\\/\"},{\"@type\":\"ListItem\",\"position\":2,\"name\":\"Shop\",\"item\":\"https:\\\/\\\/ranoja.ee\\\/en\\\/shop\\\/\"},{\"@type\":\"ListItem\",\"position\":3,\"name\":\"Suru\u00f5hu mutrikeeraja l\u00f6\u00f6giga 1\\\/2&#8220; miniDEVIL, 1084Nm, KS Tools\"}]},{\"@type\":\"WebSite\",\"@id\":\"https:\\\/\\\/ranoja.ee\\\/#website\",\"url\":\"https:\\\/\\\/ranoja.ee\\\/\",\"name\":\"Ranoja\",\"description\":\"Equipment Shop WooCommerce WordPress Theme for Machine &amp; Tools\",\"publisher\":{\"@id\":\"https:\\\/\\\/ranoja.ee\\\/#organization\"},\"potentialAction\":[{\"@type\":\"SearchAction\",\"target\":{\"@type\":\"EntryPoint\",\"urlTemplate\":\"https:\\\/\\\/ranoja.ee\\\/?s={search_term_string}\"},\"query-input\":{\"@type\":\"PropertyValueSpecification\",\"valueRequired\":true,\"valueName\":\"search_term_string\"}}],\"inLanguage\":\"en-US\"},{\"@type\":\"Organization\",\"@id\":\"https:\\\/\\\/ranoja.ee\\\/#organization\",\"name\":\"Ranoja O\u00dc\",\"url\":\"https:\\\/\\\/ranoja.ee\\\/\",\"logo\":{\"@type\":\"ImageObject\",\"inLanguage\":\"en-US\",\"@id\":\"https:\\\/\\\/ranoja.ee\\\/#\\\/schema\\\/logo\\\/image\\\/\",\"url\":\"https:\\\/\\\/ranoja.ee\\\/wp-content\\\/uploads\\\/2023\\\/11\\\/ranoja-Logo.png\",\"contentUrl\":\"https:\\\/\\\/ranoja.ee\\\/wp-content\\\/uploads\\\/2023\\\/11\\\/ranoja-Logo.png\",\"width\":207,\"height\":58,\"caption\":\"Ranoja O\u00dc\"},\"image\":{\"@id\":\"https:\\\/\\\/ranoja.ee\\\/#\\\/schema\\\/logo\\\/image\\\/\"},\"sameAs\":[\"https:\\\/\\\/www.facebook.com\\\/ranoja.ee\",\"https:\\\/\\\/www.instagram.com\\\/ranoja__\\\/\"]}]}<\/script>\n<!-- \/ Yoast SEO plugin. -->","yoast_head_json":{"title":"Suru\u00f5hu mutrikeeraja l\u00f6\u00f6giga 1\/2`` miniDEVIL, 1084Nm, KS Tools - Ranoja","robots":{"index":"index","follow":"follow","max-snippet":"max-snippet:-1","max-image-preview":"max-image-preview:large","max-video-preview":"max-video-preview:-1"},"canonical":"https:\/\/ranoja.ee\/toode\/suruohu-mutrikeeraja-loogiga-1-2-minidevil-1084nm-ks-tools\/","og_locale":"en_US","og_type":"article","og_title":"Suru\u00f5hu mutrikeeraja l\u00f6\u00f6giga 1\/2`` miniDEVIL, 1084Nm, KS Tools - Ranoja","og_description":"KIRJELDUS Libisemiskindla pehme k\u00e4epidemega Heit\u00f5hu juhtimine k\u00e4epideme kaudu alla Praktilise \u00fcmberl\u00fclitushoovaga (vasakule\/paremale) Kerge k\u00e4sitsemine 3-kordne p\u00f6\u00f6rdemomendi eelvalik V\u00f5imas l\u00f6\u00f6gimehhanism Jumbo Pikk t\u00f6\u00f6iga K\u00fclma isoleeriv k\u00e4epide Kaasas on 1\/4\u201c \u00fchenduspistik V\u00e4ga kerge alumiiniumkorpus  OMADUSED Materjal1:alumiinium soovitatav p\u00f6\u00f6rdemoment:488 Nm Pakendi pikkus mm:228 Pakendi k\u00f5rgus mm:80 Vibratsioonikiirendus:","og_url":"https:\/\/ranoja.ee\/toode\/suruohu-mutrikeeraja-loogiga-1-2-minidevil-1084nm-ks-tools\/","og_site_name":"Ranoja","article_publisher":"https:\/\/www.facebook.com\/ranoja.ee","article_modified_time":"2026-03-17T12:42:15+00:00","og_image":[{"width":600,"height":600,"url":"https:\/\/ranoja.ee\/wp-content\/uploads\/2026\/03\/260258337.jpg","type":"image\/jpeg"}],"twitter_card":"summary_large_image","schema":{"@context":"https:\/\/schema.org","@graph":[{"@type":"WebPage","@id":"https:\/\/ranoja.ee\/toode\/suruohu-mutrikeeraja-loogiga-1-2-minidevil-1084nm-ks-tools\/","url":"https:\/\/ranoja.ee\/toode\/suruohu-mutrikeeraja-loogiga-1-2-minidevil-1084nm-ks-tools\/","name":"Suru\u00f5hu mutrikeeraja l\u00f6\u00f6giga 1\/2`` miniDEVIL, 1084Nm, KS Tools - Ranoja","isPartOf":{"@id":"https:\/\/ranoja.ee\/#website"},"primaryImageOfPage":{"@id":"https:\/\/ranoja.ee\/toode\/suruohu-mutrikeeraja-loogiga-1-2-minidevil-1084nm-ks-tools\/#primaryimage"},"image":{"@id":"https:\/\/ranoja.ee\/toode\/suruohu-mutrikeeraja-loogiga-1-2-minidevil-1084nm-ks-tools\/#primaryimage"},"thumbnailUrl":"https:\/\/ranoja.ee\/wp-content\/uploads\/2026\/03\/260258337.jpg","datePublished":"2026-03-16T23:01:04+00:00","dateModified":"2026-03-17T12:42:15+00:00","breadcrumb":{"@id":"https:\/\/ranoja.ee\/toode\/suruohu-mutrikeeraja-loogiga-1-2-minidevil-1084nm-ks-tools\/#breadcrumb"},"inLanguage":"en-US","potentialAction":[{"@type":"ReadAction","target":["https:\/\/ranoja.ee\/toode\/suruohu-mutrikeeraja-loogiga-1-2-minidevil-1084nm-ks-tools\/"]}]},{"@type":"ImageObject","inLanguage":"en-US","@id":"https:\/\/ranoja.ee\/toode\/suruohu-mutrikeeraja-loogiga-1-2-minidevil-1084nm-ks-tools\/#primaryimage","url":"https:\/\/ranoja.ee\/wp-content\/uploads\/2026\/03\/260258337.jpg","contentUrl":"https:\/\/ranoja.ee\/wp-content\/uploads\/2026\/03\/260258337.jpg","width":600,"height":600},{"@type":"BreadcrumbList","@id":"https:\/\/ranoja.ee\/toode\/suruohu-mutrikeeraja-loogiga-1-2-minidevil-1084nm-ks-tools\/#breadcrumb","itemListElement":[{"@type":"ListItem","position":1,"name":"Home","item":"https:\/\/ranoja.ee\/"},{"@type":"ListItem","position":2,"name":"Shop","item":"https:\/\/ranoja.ee\/en\/shop\/"},{"@type":"ListItem","position":3,"name":"Suru\u00f5hu mutrikeeraja l\u00f6\u00f6giga 1\/2&#8220; miniDEVIL, 1084Nm, KS Tools"}]},{"@type":"WebSite","@id":"https:\/\/ranoja.ee\/#website","url":"https:\/\/ranoja.ee\/","name":"Ranoja","description":"Equipment Shop WooCommerce WordPress Theme for Machine &amp; Tools","publisher":{"@id":"https:\/\/ranoja.ee\/#organization"},"potentialAction":[{"@type":"SearchAction","target":{"@type":"EntryPoint","urlTemplate":"https:\/\/ranoja.ee\/?s={search_term_string}"},"query-input":{"@type":"PropertyValueSpecification","valueRequired":true,"valueName":"search_term_string"}}],"inLanguage":"en-US"},{"@type":"Organization","@id":"https:\/\/ranoja.ee\/#organization","name":"Ranoja O\u00dc","url":"https:\/\/ranoja.ee\/","logo":{"@type":"ImageObject","inLanguage":"en-US","@id":"https:\/\/ranoja.ee\/#\/schema\/logo\/image\/","url":"https:\/\/ranoja.ee\/wp-content\/uploads\/2023\/11\/ranoja-Logo.png","contentUrl":"https:\/\/ranoja.ee\/wp-content\/uploads\/2023\/11\/ranoja-Logo.png","width":207,"height":58,"caption":"Ranoja O\u00dc"},"image":{"@id":"https:\/\/ranoja.ee\/#\/schema\/logo\/image\/"},"sameAs":["https:\/\/www.facebook.com\/ranoja.ee","https:\/\/www.instagram.com\/ranoja__\/"]}]}},"_links":{"self":[{"href":"https:\/\/ranoja.ee\/en\/wp-json\/wp\/v2\/product\/58599","targetHints":{"allow":["GET"]}}],"collection":[{"href":"https:\/\/ranoja.ee\/en\/wp-json\/wp\/v2\/product"}],"about":[{"href":"https:\/\/ranoja.ee\/en\/wp-json\/wp\/v2\/types\/product"}],"wp:featuredmedia":[{"embeddable":true,"href":"https:\/\/ranoja.ee\/en\/wp-json\/wp\/v2\/media\/58600"}],"wp:attachment":[{"href":"https:\/\/ranoja.ee\/en\/wp-json\/wp\/v2\/media?parent=58599"}],"wp:term":[{"taxonomy":"product_cat","embeddable":true,"href":"https:\/\/ranoja.ee\/en\/wp-json\/wp\/v2\/product_cat?post=58599"},{"taxonomy":"product_tag","embeddable":true,"href":"https:\/\/ranoja.ee\/en\/wp-json\/wp\/v2\/product_tag?post=58599"}],"curies":[{"name":"wp","href":"https:\/\/api.w.org\/{rel}","templated":true}]}}