{"id":58543,"date":"2026-03-17T02:00:40","date_gmt":"2026-03-16T23:00:40","guid":{"rendered":"https:\/\/ranoja.ee\/toode\/akuga-hubriidkompressor-3in1-airforce-6-karkass-scheppach\/"},"modified":"2026-03-17T15:42:17","modified_gmt":"2026-03-17T12:42:17","slug":"akuga-hubriidkompressor-3in1-airforce-6-karkass-scheppach","status":"publish","type":"product","link":"https:\/\/ranoja.ee\/en\/toode\/akuga-hubriidkompressor-3in1-airforce-6-karkass-scheppach\/","title":{"rendered":"Akuga h\u00fcbriidkompressor 3in1 Airforce 6, karkass, Scheppach"},"content":{"rendered":"","protected":false},"excerpt":{"rendered":"<p>Karkass ilma aku ja laadijata<br \/>\nMootor: harjadega<br \/>\nMax t\u00f6\u00f6r\u00f5hk: 10,3 baari \/ 150 psi<br \/>\n\u00d5huvool \u00f5hupump: u. 380 l\/min<\/p>\n<p>3 in 1 \/\/ 12V\/20V \/230V<br \/>\nKasutusala: kompressor + \u00f5hupump<br \/>\nLihtne k\u00e4sitseda t\u00e4nu selgele juhistele<br \/>\nKompressor k\u00f5rge \u00f5hur\u00f5hu jaoks<br \/>\nIdeaalne jalgrattarehvide ja t\u00e4ispuhutavate m\u00e4nguasjade v\u00f5i spordivarustuse jaoks<br \/>\nR\u00f5hu eelseadistus koos automaatse v\u00e4ljal\u00fclitusega<br \/>\nTaustvalgustusega LC-ekraan ja r\u00f5hun\u00e4idik baarides, PSI v\u00f5i kPa<br \/>\n\u00d5hupump suurte mahtude jaoks<br \/>\nIdeaalne \u00f5hkmadratsite, kummipaatide v\u00f5i t\u00e4ispuhutavate rannatarvete jaoks<br \/>\nSobib ka \u00f5hu imemiseks<br \/>\nTugev korpus pehme k\u00e4epidemega kandesangaga<br \/>\nIntegreeritud voolikuhoidja ja adapteri panipaik koos hingedega kaanega<br \/>\nLED valgustus eraldi sisse\/v\u00e4lja l\u00fclitiga<br \/>\n2x USB port<\/p>\n<p>Komplekti kuulub<br \/>\n1x klapiga adapter<br \/>\n1x palln\u00f5el<br \/>\n1x universaalne adapter<br \/>\n1x k\u00f5rgsurvevoolik 75 cm<br \/>\n1x puhuri voolik 45 cm<\/p>\n","protected":false},"featured_media":58544,"template":"","meta":{"inline_featured_image":false},"product_cat":[5118,5117,1094],"product_tag":[],"class_list":{"0":"post-58543","1":"product","2":"type-product","3":"status-publish","4":"has-post-thumbnail","6":"product_brand-scheppach","7":"product_cat-akuga-kompressorid","8":"product_cat-akuga-muud-tooriistad","9":"product_cat-akutooriistad","11":"first","12":"instock","13":"purchasable","14":"product-type-simple"},"yoast_head":"<!-- This site is optimized with the Yoast SEO plugin v27.4 - https:\/\/yoast.com\/product\/yoast-seo-wordpress\/ -->\n<title>Akuga h\u00fcbriidkompressor 3in1 Airforce 6, karkass, Scheppach - Ranoja<\/title>\n<meta name=\"robots\" content=\"index, follow, max-snippet:-1, max-image-preview:large, max-video-preview:-1\" \/>\n<link rel=\"canonical\" href=\"https:\/\/ranoja.ee\/toode\/akuga-hubriidkompressor-3in1-airforce-6-karkass-scheppach\/\" \/>\n<meta property=\"og:locale\" content=\"en_US\" \/>\n<meta property=\"og:type\" content=\"article\" \/>\n<meta property=\"og:title\" content=\"Akuga h\u00fcbriidkompressor 3in1 Airforce 6, karkass, Scheppach - Ranoja\" \/>\n<meta property=\"og:description\" content=\"Karkass ilma aku ja laadijata Mootor: harjadega Max t\u00f6\u00f6r\u00f5hk: 10,3 baari \/ 150 psi \u00d5huvool \u00f5hupump: u. 380 l\/min 3 in 1 \/\/ 12V\/20V \/230V Kasutusala: kompressor + \u00f5hupump Lihtne k\u00e4sitseda t\u00e4nu selgele juhistele Kompressor k\u00f5rge \u00f5hur\u00f5hu jaoks Ideaalne jalgrattarehvide ja t\u00e4ispuhutavate m\u00e4nguasjade v\u00f5i spordivarustuse jaoks R\u00f5hu eelseadistus koos automaatse v\u00e4ljal\u00fclitusega Taustvalgustusega LC-ekraan ja r\u00f5hun\u00e4idik baarides, PSI v\u00f5i kPa \u00d5hupump suurte mahtude jaoks Ideaalne \u00f5hkmadratsite, kummipaatide v\u00f5i t\u00e4ispuhutavate rannatarvete jaoks Sobib ka \u00f5hu imemiseks Tugev korpus pehme k\u00e4epidemega kandesangaga Integreeritud voolikuhoidja ja adapteri panipaik koos hingedega kaanega LED valgustus eraldi sisse\/v\u00e4lja l\u00fclitiga 2x USB port Komplekti kuulub 1x klapiga adapter 1x palln\u00f5el 1x universaalne adapter 1x k\u00f5rgsurvevoolik 75 cm 1x puhuri voolik 45 cm\" \/>\n<meta property=\"og:url\" content=\"https:\/\/ranoja.ee\/toode\/akuga-hubriidkompressor-3in1-airforce-6-karkass-scheppach\/\" \/>\n<meta property=\"og:site_name\" content=\"Ranoja\" \/>\n<meta property=\"article:publisher\" content=\"https:\/\/www.facebook.com\/ranoja.ee\" \/>\n<meta property=\"article:modified_time\" content=\"2026-03-17T12:42:17+00:00\" \/>\n<meta property=\"og:image\" content=\"https:\/\/ranoja.ee\/wp-content\/uploads\/2026\/03\/261097124.jpg\" \/>\n\t<meta property=\"og:image:width\" content=\"900\" \/>\n\t<meta property=\"og:image:height\" content=\"821\" \/>\n\t<meta property=\"og:image:type\" content=\"image\/jpeg\" \/>\n<meta name=\"twitter:card\" content=\"summary_large_image\" \/>\n<script type=\"application\/ld+json\" class=\"yoast-schema-graph\">{\"@context\":\"https:\\\/\\\/schema.org\",\"@graph\":[{\"@type\":\"WebPage\",\"@id\":\"https:\\\/\\\/ranoja.ee\\\/toode\\\/akuga-hubriidkompressor-3in1-airforce-6-karkass-scheppach\\\/\",\"url\":\"https:\\\/\\\/ranoja.ee\\\/toode\\\/akuga-hubriidkompressor-3in1-airforce-6-karkass-scheppach\\\/\",\"name\":\"Akuga h\u00fcbriidkompressor 3in1 Airforce 6, karkass, Scheppach - Ranoja\",\"isPartOf\":{\"@id\":\"https:\\\/\\\/ranoja.ee\\\/#website\"},\"primaryImageOfPage\":{\"@id\":\"https:\\\/\\\/ranoja.ee\\\/toode\\\/akuga-hubriidkompressor-3in1-airforce-6-karkass-scheppach\\\/#primaryimage\"},\"image\":{\"@id\":\"https:\\\/\\\/ranoja.ee\\\/toode\\\/akuga-hubriidkompressor-3in1-airforce-6-karkass-scheppach\\\/#primaryimage\"},\"thumbnailUrl\":\"https:\\\/\\\/ranoja.ee\\\/wp-content\\\/uploads\\\/2026\\\/03\\\/261097124.jpg\",\"datePublished\":\"2026-03-16T23:00:40+00:00\",\"dateModified\":\"2026-03-17T12:42:17+00:00\",\"breadcrumb\":{\"@id\":\"https:\\\/\\\/ranoja.ee\\\/toode\\\/akuga-hubriidkompressor-3in1-airforce-6-karkass-scheppach\\\/#breadcrumb\"},\"inLanguage\":\"en-US\",\"potentialAction\":[{\"@type\":\"ReadAction\",\"target\":[\"https:\\\/\\\/ranoja.ee\\\/toode\\\/akuga-hubriidkompressor-3in1-airforce-6-karkass-scheppach\\\/\"]}]},{\"@type\":\"ImageObject\",\"inLanguage\":\"en-US\",\"@id\":\"https:\\\/\\\/ranoja.ee\\\/toode\\\/akuga-hubriidkompressor-3in1-airforce-6-karkass-scheppach\\\/#primaryimage\",\"url\":\"https:\\\/\\\/ranoja.ee\\\/wp-content\\\/uploads\\\/2026\\\/03\\\/261097124.jpg\",\"contentUrl\":\"https:\\\/\\\/ranoja.ee\\\/wp-content\\\/uploads\\\/2026\\\/03\\\/261097124.jpg\",\"width\":900,\"height\":821},{\"@type\":\"BreadcrumbList\",\"@id\":\"https:\\\/\\\/ranoja.ee\\\/toode\\\/akuga-hubriidkompressor-3in1-airforce-6-karkass-scheppach\\\/#breadcrumb\",\"itemListElement\":[{\"@type\":\"ListItem\",\"position\":1,\"name\":\"Home\",\"item\":\"https:\\\/\\\/ranoja.ee\\\/\"},{\"@type\":\"ListItem\",\"position\":2,\"name\":\"Shop\",\"item\":\"https:\\\/\\\/ranoja.ee\\\/en\\\/shop\\\/\"},{\"@type\":\"ListItem\",\"position\":3,\"name\":\"Akuga h\u00fcbriidkompressor 3in1 Airforce 6, karkass, Scheppach\"}]},{\"@type\":\"WebSite\",\"@id\":\"https:\\\/\\\/ranoja.ee\\\/#website\",\"url\":\"https:\\\/\\\/ranoja.ee\\\/\",\"name\":\"Ranoja\",\"description\":\"Equipment Shop WooCommerce WordPress Theme for Machine &amp; Tools\",\"publisher\":{\"@id\":\"https:\\\/\\\/ranoja.ee\\\/#organization\"},\"potentialAction\":[{\"@type\":\"SearchAction\",\"target\":{\"@type\":\"EntryPoint\",\"urlTemplate\":\"https:\\\/\\\/ranoja.ee\\\/?s={search_term_string}\"},\"query-input\":{\"@type\":\"PropertyValueSpecification\",\"valueRequired\":true,\"valueName\":\"search_term_string\"}}],\"inLanguage\":\"en-US\"},{\"@type\":\"Organization\",\"@id\":\"https:\\\/\\\/ranoja.ee\\\/#organization\",\"name\":\"Ranoja O\u00dc\",\"url\":\"https:\\\/\\\/ranoja.ee\\\/\",\"logo\":{\"@type\":\"ImageObject\",\"inLanguage\":\"en-US\",\"@id\":\"https:\\\/\\\/ranoja.ee\\\/#\\\/schema\\\/logo\\\/image\\\/\",\"url\":\"https:\\\/\\\/ranoja.ee\\\/wp-content\\\/uploads\\\/2023\\\/11\\\/ranoja-Logo.png\",\"contentUrl\":\"https:\\\/\\\/ranoja.ee\\\/wp-content\\\/uploads\\\/2023\\\/11\\\/ranoja-Logo.png\",\"width\":207,\"height\":58,\"caption\":\"Ranoja O\u00dc\"},\"image\":{\"@id\":\"https:\\\/\\\/ranoja.ee\\\/#\\\/schema\\\/logo\\\/image\\\/\"},\"sameAs\":[\"https:\\\/\\\/www.facebook.com\\\/ranoja.ee\",\"https:\\\/\\\/www.instagram.com\\\/ranoja__\\\/\"]}]}<\/script>\n<!-- \/ Yoast SEO plugin. -->","yoast_head_json":{"title":"Akuga h\u00fcbriidkompressor 3in1 Airforce 6, karkass, Scheppach - Ranoja","robots":{"index":"index","follow":"follow","max-snippet":"max-snippet:-1","max-image-preview":"max-image-preview:large","max-video-preview":"max-video-preview:-1"},"canonical":"https:\/\/ranoja.ee\/toode\/akuga-hubriidkompressor-3in1-airforce-6-karkass-scheppach\/","og_locale":"en_US","og_type":"article","og_title":"Akuga h\u00fcbriidkompressor 3in1 Airforce 6, karkass, Scheppach - Ranoja","og_description":"Karkass ilma aku ja laadijata Mootor: harjadega Max t\u00f6\u00f6r\u00f5hk: 10,3 baari \/ 150 psi \u00d5huvool \u00f5hupump: u. 380 l\/min 3 in 1 \/\/ 12V\/20V \/230V Kasutusala: kompressor + \u00f5hupump Lihtne k\u00e4sitseda t\u00e4nu selgele juhistele Kompressor k\u00f5rge \u00f5hur\u00f5hu jaoks Ideaalne jalgrattarehvide ja t\u00e4ispuhutavate m\u00e4nguasjade v\u00f5i spordivarustuse jaoks R\u00f5hu eelseadistus koos automaatse v\u00e4ljal\u00fclitusega Taustvalgustusega LC-ekraan ja r\u00f5hun\u00e4idik baarides, PSI v\u00f5i kPa \u00d5hupump suurte mahtude jaoks Ideaalne \u00f5hkmadratsite, kummipaatide v\u00f5i t\u00e4ispuhutavate rannatarvete jaoks Sobib ka \u00f5hu imemiseks Tugev korpus pehme k\u00e4epidemega kandesangaga Integreeritud voolikuhoidja ja adapteri panipaik koos hingedega kaanega LED valgustus eraldi sisse\/v\u00e4lja l\u00fclitiga 2x USB port Komplekti kuulub 1x klapiga adapter 1x palln\u00f5el 1x universaalne adapter 1x k\u00f5rgsurvevoolik 75 cm 1x puhuri voolik 45 cm","og_url":"https:\/\/ranoja.ee\/toode\/akuga-hubriidkompressor-3in1-airforce-6-karkass-scheppach\/","og_site_name":"Ranoja","article_publisher":"https:\/\/www.facebook.com\/ranoja.ee","article_modified_time":"2026-03-17T12:42:17+00:00","og_image":[{"width":900,"height":821,"url":"https:\/\/ranoja.ee\/wp-content\/uploads\/2026\/03\/261097124.jpg","type":"image\/jpeg"}],"twitter_card":"summary_large_image","schema":{"@context":"https:\/\/schema.org","@graph":[{"@type":"WebPage","@id":"https:\/\/ranoja.ee\/toode\/akuga-hubriidkompressor-3in1-airforce-6-karkass-scheppach\/","url":"https:\/\/ranoja.ee\/toode\/akuga-hubriidkompressor-3in1-airforce-6-karkass-scheppach\/","name":"Akuga h\u00fcbriidkompressor 3in1 Airforce 6, karkass, Scheppach - Ranoja","isPartOf":{"@id":"https:\/\/ranoja.ee\/#website"},"primaryImageOfPage":{"@id":"https:\/\/ranoja.ee\/toode\/akuga-hubriidkompressor-3in1-airforce-6-karkass-scheppach\/#primaryimage"},"image":{"@id":"https:\/\/ranoja.ee\/toode\/akuga-hubriidkompressor-3in1-airforce-6-karkass-scheppach\/#primaryimage"},"thumbnailUrl":"https:\/\/ranoja.ee\/wp-content\/uploads\/2026\/03\/261097124.jpg","datePublished":"2026-03-16T23:00:40+00:00","dateModified":"2026-03-17T12:42:17+00:00","breadcrumb":{"@id":"https:\/\/ranoja.ee\/toode\/akuga-hubriidkompressor-3in1-airforce-6-karkass-scheppach\/#breadcrumb"},"inLanguage":"en-US","potentialAction":[{"@type":"ReadAction","target":["https:\/\/ranoja.ee\/toode\/akuga-hubriidkompressor-3in1-airforce-6-karkass-scheppach\/"]}]},{"@type":"ImageObject","inLanguage":"en-US","@id":"https:\/\/ranoja.ee\/toode\/akuga-hubriidkompressor-3in1-airforce-6-karkass-scheppach\/#primaryimage","url":"https:\/\/ranoja.ee\/wp-content\/uploads\/2026\/03\/261097124.jpg","contentUrl":"https:\/\/ranoja.ee\/wp-content\/uploads\/2026\/03\/261097124.jpg","width":900,"height":821},{"@type":"BreadcrumbList","@id":"https:\/\/ranoja.ee\/toode\/akuga-hubriidkompressor-3in1-airforce-6-karkass-scheppach\/#breadcrumb","itemListElement":[{"@type":"ListItem","position":1,"name":"Home","item":"https:\/\/ranoja.ee\/"},{"@type":"ListItem","position":2,"name":"Shop","item":"https:\/\/ranoja.ee\/en\/shop\/"},{"@type":"ListItem","position":3,"name":"Akuga h\u00fcbriidkompressor 3in1 Airforce 6, karkass, Scheppach"}]},{"@type":"WebSite","@id":"https:\/\/ranoja.ee\/#website","url":"https:\/\/ranoja.ee\/","name":"Ranoja","description":"Equipment Shop WooCommerce WordPress Theme for Machine &amp; Tools","publisher":{"@id":"https:\/\/ranoja.ee\/#organization"},"potentialAction":[{"@type":"SearchAction","target":{"@type":"EntryPoint","urlTemplate":"https:\/\/ranoja.ee\/?s={search_term_string}"},"query-input":{"@type":"PropertyValueSpecification","valueRequired":true,"valueName":"search_term_string"}}],"inLanguage":"en-US"},{"@type":"Organization","@id":"https:\/\/ranoja.ee\/#organization","name":"Ranoja O\u00dc","url":"https:\/\/ranoja.ee\/","logo":{"@type":"ImageObject","inLanguage":"en-US","@id":"https:\/\/ranoja.ee\/#\/schema\/logo\/image\/","url":"https:\/\/ranoja.ee\/wp-content\/uploads\/2023\/11\/ranoja-Logo.png","contentUrl":"https:\/\/ranoja.ee\/wp-content\/uploads\/2023\/11\/ranoja-Logo.png","width":207,"height":58,"caption":"Ranoja O\u00dc"},"image":{"@id":"https:\/\/ranoja.ee\/#\/schema\/logo\/image\/"},"sameAs":["https:\/\/www.facebook.com\/ranoja.ee","https:\/\/www.instagram.com\/ranoja__\/"]}]}},"_links":{"self":[{"href":"https:\/\/ranoja.ee\/en\/wp-json\/wp\/v2\/product\/58543","targetHints":{"allow":["GET"]}}],"collection":[{"href":"https:\/\/ranoja.ee\/en\/wp-json\/wp\/v2\/product"}],"about":[{"href":"https:\/\/ranoja.ee\/en\/wp-json\/wp\/v2\/types\/product"}],"wp:featuredmedia":[{"embeddable":true,"href":"https:\/\/ranoja.ee\/en\/wp-json\/wp\/v2\/media\/58544"}],"wp:attachment":[{"href":"https:\/\/ranoja.ee\/en\/wp-json\/wp\/v2\/media?parent=58543"}],"wp:term":[{"taxonomy":"product_cat","embeddable":true,"href":"https:\/\/ranoja.ee\/en\/wp-json\/wp\/v2\/product_cat?post=58543"},{"taxonomy":"product_tag","embeddable":true,"href":"https:\/\/ranoja.ee\/en\/wp-json\/wp\/v2\/product_tag?post=58543"}],"curies":[{"name":"wp","href":"https:\/\/api.w.org\/{rel}","templated":true}]}}