{"id":58539,"date":"2026-03-17T02:00:40","date_gmt":"2026-03-16T23:00:40","guid":{"rendered":"https:\/\/ranoja.ee\/toode\/elektrisusteemide-kaitseaine-electro-protect-500ml-motip\/"},"modified":"2026-03-17T15:42:17","modified_gmt":"2026-03-17T12:42:17","slug":"elektrisusteemide-kaitseaine-electro-protect-500ml-motip","status":"publish","type":"product","link":"https:\/\/ranoja.ee\/en\/toode\/elektrisusteemide-kaitseaine-electro-protect-500ml-motip\/","title":{"rendered":"Elektris\u00fcsteemide kaitseaine Electro Protect 500ml, Motip"},"content":{"rendered":"","protected":false},"excerpt":{"rendered":"<p>Elektris\u00fcsteemide kaitsevahend niiskusest tekkivate probleemide ennetamiseks. <\/p>\n<p>KASUTUSVALDKOND:<br \/>\nM\u00f5eldud auto, paadi, mootorratta elektris\u00fcsteemi, s\u00fc\u00fctek\u00fc\u00fcnalde, l\u00fclitite, kaitsete, juhtmete kaitseks. T\u00f5rjub vett ja niiskust. Head imendumisomadused, kaitseb ka rooste ja korrosiooni eest.<br \/>\nVastupidav veele, soolale ning n\u00f5rkadele hapetele ja alustele.<\/p>\n<p>TEHNILINE INFO:<br \/>\nBaasained: mineraal\u00f5li<br \/>\nV\u00e4rvus: l\u00e4bipaistev<br \/>\nL\u00f5hn: iseloomulik<br \/>\nKulu 1,9g\/sec<br \/>\nTihedus 20\u00b0C juures: 0,802g\/ml<br \/>\nTemperatuuritaluvus -35 kuni +200C<br \/>\npH v\u00e4\u00e4rtus: neutraalne<\/p>\n<p>KASUTAMINE:<br \/>\nEnnem kasutamist hoiustada toodet toatemperatuuril ja loksutada<br \/>\nSoovitav kasutamistemperatuur +5\u00b0 kuni +30\u00b0C<br \/>\nEnnem kasutamist l\u00fclita v\u00e4lja k\u00f5ik elektroonikaseadmed.<br \/>\nPind peab olema puhas, kuiv ja m\u00e4\u00e4rdevaba.<br \/>\nPihusta vahendit \u00f5hukese kihina pinnale. <br \/>\nEi tohi kasutada karburaatori, jahutus v\u00f5i k\u00fcttes\u00fcsteemide juures.<\/p>\n","protected":false},"featured_media":58540,"template":"","meta":{"inline_featured_image":false},"product_cat":[5038,5010,5009],"product_tag":[],"class_list":{"0":"post-58539","1":"product","2":"type-product","3":"status-publish","4":"has-post-thumbnail","6":"product_brand-motip","7":"product_cat-pinnatootlusained","8":"product_cat-tehnilised-aerosoolid","9":"product_cat-toostus-ja-autokeemia","11":"first","12":"instock","13":"purchasable","14":"product-type-simple"},"yoast_head":"<!-- This site is optimized with the Yoast SEO plugin v27.4 - https:\/\/yoast.com\/product\/yoast-seo-wordpress\/ -->\n<title>Elektris\u00fcsteemide kaitseaine Electro Protect 500ml, Motip - Ranoja<\/title>\n<meta name=\"robots\" content=\"index, follow, max-snippet:-1, max-image-preview:large, max-video-preview:-1\" \/>\n<link rel=\"canonical\" href=\"https:\/\/ranoja.ee\/toode\/elektrisusteemide-kaitseaine-electro-protect-500ml-motip\/\" \/>\n<meta property=\"og:locale\" content=\"en_US\" \/>\n<meta property=\"og:type\" content=\"article\" \/>\n<meta property=\"og:title\" content=\"Elektris\u00fcsteemide kaitseaine Electro Protect 500ml, Motip - Ranoja\" \/>\n<meta property=\"og:description\" content=\"Elektris\u00fcsteemide kaitsevahend niiskusest tekkivate probleemide ennetamiseks.  KASUTUSVALDKOND: M\u00f5eldud auto, paadi, mootorratta elektris\u00fcsteemi, s\u00fc\u00fctek\u00fc\u00fcnalde, l\u00fclitite, kaitsete, juhtmete kaitseks. T\u00f5rjub vett ja niiskust. Head imendumisomadused, kaitseb ka rooste ja korrosiooni eest. Vastupidav veele, soolale ning n\u00f5rkadele hapetele ja alustele. TEHNILINE INFO: Baasained: mineraal\u00f5li V\u00e4rvus: l\u00e4bipaistev L\u00f5hn: iseloomulik Kulu 1,9g\/sec Tihedus 20\u00b0C juures: 0,802g\/ml Temperatuuritaluvus -35 kuni +200C pH v\u00e4\u00e4rtus: neutraalne KASUTAMINE: Ennem kasutamist hoiustada toodet toatemperatuuril ja loksutada Soovitav kasutamistemperatuur +5\u00b0 kuni +30\u00b0C Ennem kasutamist l\u00fclita v\u00e4lja k\u00f5ik elektroonikaseadmed. Pind peab olema puhas, kuiv ja m\u00e4\u00e4rdevaba. Pihusta vahendit \u00f5hukese kihina pinnale. Ei tohi kasutada karburaatori, jahutus v\u00f5i k\u00fcttes\u00fcsteemide juures.\" \/>\n<meta property=\"og:url\" content=\"https:\/\/ranoja.ee\/toode\/elektrisusteemide-kaitseaine-electro-protect-500ml-motip\/\" \/>\n<meta property=\"og:site_name\" content=\"Ranoja\" \/>\n<meta property=\"article:publisher\" content=\"https:\/\/www.facebook.com\/ranoja.ee\" \/>\n<meta property=\"article:modified_time\" content=\"2026-03-17T12:42:17+00:00\" \/>\n<meta property=\"og:image\" content=\"https:\/\/ranoja.ee\/wp-content\/uploads\/2026\/03\/123753347.jpg\" \/>\n\t<meta property=\"og:image:width\" content=\"120\" \/>\n\t<meta property=\"og:image:height\" content=\"400\" \/>\n\t<meta property=\"og:image:type\" content=\"image\/jpeg\" \/>\n<meta name=\"twitter:card\" content=\"summary_large_image\" \/>\n<script type=\"application\/ld+json\" class=\"yoast-schema-graph\">{\"@context\":\"https:\\\/\\\/schema.org\",\"@graph\":[{\"@type\":\"WebPage\",\"@id\":\"https:\\\/\\\/ranoja.ee\\\/toode\\\/elektrisusteemide-kaitseaine-electro-protect-500ml-motip\\\/\",\"url\":\"https:\\\/\\\/ranoja.ee\\\/toode\\\/elektrisusteemide-kaitseaine-electro-protect-500ml-motip\\\/\",\"name\":\"Elektris\u00fcsteemide kaitseaine Electro Protect 500ml, Motip - Ranoja\",\"isPartOf\":{\"@id\":\"https:\\\/\\\/ranoja.ee\\\/#website\"},\"primaryImageOfPage\":{\"@id\":\"https:\\\/\\\/ranoja.ee\\\/toode\\\/elektrisusteemide-kaitseaine-electro-protect-500ml-motip\\\/#primaryimage\"},\"image\":{\"@id\":\"https:\\\/\\\/ranoja.ee\\\/toode\\\/elektrisusteemide-kaitseaine-electro-protect-500ml-motip\\\/#primaryimage\"},\"thumbnailUrl\":\"https:\\\/\\\/ranoja.ee\\\/wp-content\\\/uploads\\\/2026\\\/03\\\/123753347.jpg\",\"datePublished\":\"2026-03-16T23:00:40+00:00\",\"dateModified\":\"2026-03-17T12:42:17+00:00\",\"breadcrumb\":{\"@id\":\"https:\\\/\\\/ranoja.ee\\\/toode\\\/elektrisusteemide-kaitseaine-electro-protect-500ml-motip\\\/#breadcrumb\"},\"inLanguage\":\"en-US\",\"potentialAction\":[{\"@type\":\"ReadAction\",\"target\":[\"https:\\\/\\\/ranoja.ee\\\/toode\\\/elektrisusteemide-kaitseaine-electro-protect-500ml-motip\\\/\"]}]},{\"@type\":\"ImageObject\",\"inLanguage\":\"en-US\",\"@id\":\"https:\\\/\\\/ranoja.ee\\\/toode\\\/elektrisusteemide-kaitseaine-electro-protect-500ml-motip\\\/#primaryimage\",\"url\":\"https:\\\/\\\/ranoja.ee\\\/wp-content\\\/uploads\\\/2026\\\/03\\\/123753347.jpg\",\"contentUrl\":\"https:\\\/\\\/ranoja.ee\\\/wp-content\\\/uploads\\\/2026\\\/03\\\/123753347.jpg\",\"width\":120,\"height\":400},{\"@type\":\"BreadcrumbList\",\"@id\":\"https:\\\/\\\/ranoja.ee\\\/toode\\\/elektrisusteemide-kaitseaine-electro-protect-500ml-motip\\\/#breadcrumb\",\"itemListElement\":[{\"@type\":\"ListItem\",\"position\":1,\"name\":\"Home\",\"item\":\"https:\\\/\\\/ranoja.ee\\\/\"},{\"@type\":\"ListItem\",\"position\":2,\"name\":\"Shop\",\"item\":\"https:\\\/\\\/ranoja.ee\\\/en\\\/shop\\\/\"},{\"@type\":\"ListItem\",\"position\":3,\"name\":\"Elektris\u00fcsteemide kaitseaine Electro Protect 500ml, Motip\"}]},{\"@type\":\"WebSite\",\"@id\":\"https:\\\/\\\/ranoja.ee\\\/#website\",\"url\":\"https:\\\/\\\/ranoja.ee\\\/\",\"name\":\"Ranoja\",\"description\":\"Equipment Shop WooCommerce WordPress Theme for Machine &amp; Tools\",\"publisher\":{\"@id\":\"https:\\\/\\\/ranoja.ee\\\/#organization\"},\"potentialAction\":[{\"@type\":\"SearchAction\",\"target\":{\"@type\":\"EntryPoint\",\"urlTemplate\":\"https:\\\/\\\/ranoja.ee\\\/?s={search_term_string}\"},\"query-input\":{\"@type\":\"PropertyValueSpecification\",\"valueRequired\":true,\"valueName\":\"search_term_string\"}}],\"inLanguage\":\"en-US\"},{\"@type\":\"Organization\",\"@id\":\"https:\\\/\\\/ranoja.ee\\\/#organization\",\"name\":\"Ranoja O\u00dc\",\"url\":\"https:\\\/\\\/ranoja.ee\\\/\",\"logo\":{\"@type\":\"ImageObject\",\"inLanguage\":\"en-US\",\"@id\":\"https:\\\/\\\/ranoja.ee\\\/#\\\/schema\\\/logo\\\/image\\\/\",\"url\":\"https:\\\/\\\/ranoja.ee\\\/wp-content\\\/uploads\\\/2023\\\/11\\\/ranoja-Logo.png\",\"contentUrl\":\"https:\\\/\\\/ranoja.ee\\\/wp-content\\\/uploads\\\/2023\\\/11\\\/ranoja-Logo.png\",\"width\":207,\"height\":58,\"caption\":\"Ranoja O\u00dc\"},\"image\":{\"@id\":\"https:\\\/\\\/ranoja.ee\\\/#\\\/schema\\\/logo\\\/image\\\/\"},\"sameAs\":[\"https:\\\/\\\/www.facebook.com\\\/ranoja.ee\",\"https:\\\/\\\/www.instagram.com\\\/ranoja__\\\/\"]}]}<\/script>\n<!-- \/ Yoast SEO plugin. -->","yoast_head_json":{"title":"Elektris\u00fcsteemide kaitseaine Electro Protect 500ml, Motip - Ranoja","robots":{"index":"index","follow":"follow","max-snippet":"max-snippet:-1","max-image-preview":"max-image-preview:large","max-video-preview":"max-video-preview:-1"},"canonical":"https:\/\/ranoja.ee\/toode\/elektrisusteemide-kaitseaine-electro-protect-500ml-motip\/","og_locale":"en_US","og_type":"article","og_title":"Elektris\u00fcsteemide kaitseaine Electro Protect 500ml, Motip - Ranoja","og_description":"Elektris\u00fcsteemide kaitsevahend niiskusest tekkivate probleemide ennetamiseks.  KASUTUSVALDKOND: M\u00f5eldud auto, paadi, mootorratta elektris\u00fcsteemi, s\u00fc\u00fctek\u00fc\u00fcnalde, l\u00fclitite, kaitsete, juhtmete kaitseks. T\u00f5rjub vett ja niiskust. Head imendumisomadused, kaitseb ka rooste ja korrosiooni eest. Vastupidav veele, soolale ning n\u00f5rkadele hapetele ja alustele. TEHNILINE INFO: Baasained: mineraal\u00f5li V\u00e4rvus: l\u00e4bipaistev L\u00f5hn: iseloomulik Kulu 1,9g\/sec Tihedus 20\u00b0C juures: 0,802g\/ml Temperatuuritaluvus -35 kuni +200C pH v\u00e4\u00e4rtus: neutraalne KASUTAMINE: Ennem kasutamist hoiustada toodet toatemperatuuril ja loksutada Soovitav kasutamistemperatuur +5\u00b0 kuni +30\u00b0C Ennem kasutamist l\u00fclita v\u00e4lja k\u00f5ik elektroonikaseadmed. Pind peab olema puhas, kuiv ja m\u00e4\u00e4rdevaba. Pihusta vahendit \u00f5hukese kihina pinnale. Ei tohi kasutada karburaatori, jahutus v\u00f5i k\u00fcttes\u00fcsteemide juures.","og_url":"https:\/\/ranoja.ee\/toode\/elektrisusteemide-kaitseaine-electro-protect-500ml-motip\/","og_site_name":"Ranoja","article_publisher":"https:\/\/www.facebook.com\/ranoja.ee","article_modified_time":"2026-03-17T12:42:17+00:00","og_image":[{"width":120,"height":400,"url":"https:\/\/ranoja.ee\/wp-content\/uploads\/2026\/03\/123753347.jpg","type":"image\/jpeg"}],"twitter_card":"summary_large_image","schema":{"@context":"https:\/\/schema.org","@graph":[{"@type":"WebPage","@id":"https:\/\/ranoja.ee\/toode\/elektrisusteemide-kaitseaine-electro-protect-500ml-motip\/","url":"https:\/\/ranoja.ee\/toode\/elektrisusteemide-kaitseaine-electro-protect-500ml-motip\/","name":"Elektris\u00fcsteemide kaitseaine Electro Protect 500ml, Motip - Ranoja","isPartOf":{"@id":"https:\/\/ranoja.ee\/#website"},"primaryImageOfPage":{"@id":"https:\/\/ranoja.ee\/toode\/elektrisusteemide-kaitseaine-electro-protect-500ml-motip\/#primaryimage"},"image":{"@id":"https:\/\/ranoja.ee\/toode\/elektrisusteemide-kaitseaine-electro-protect-500ml-motip\/#primaryimage"},"thumbnailUrl":"https:\/\/ranoja.ee\/wp-content\/uploads\/2026\/03\/123753347.jpg","datePublished":"2026-03-16T23:00:40+00:00","dateModified":"2026-03-17T12:42:17+00:00","breadcrumb":{"@id":"https:\/\/ranoja.ee\/toode\/elektrisusteemide-kaitseaine-electro-protect-500ml-motip\/#breadcrumb"},"inLanguage":"en-US","potentialAction":[{"@type":"ReadAction","target":["https:\/\/ranoja.ee\/toode\/elektrisusteemide-kaitseaine-electro-protect-500ml-motip\/"]}]},{"@type":"ImageObject","inLanguage":"en-US","@id":"https:\/\/ranoja.ee\/toode\/elektrisusteemide-kaitseaine-electro-protect-500ml-motip\/#primaryimage","url":"https:\/\/ranoja.ee\/wp-content\/uploads\/2026\/03\/123753347.jpg","contentUrl":"https:\/\/ranoja.ee\/wp-content\/uploads\/2026\/03\/123753347.jpg","width":120,"height":400},{"@type":"BreadcrumbList","@id":"https:\/\/ranoja.ee\/toode\/elektrisusteemide-kaitseaine-electro-protect-500ml-motip\/#breadcrumb","itemListElement":[{"@type":"ListItem","position":1,"name":"Home","item":"https:\/\/ranoja.ee\/"},{"@type":"ListItem","position":2,"name":"Shop","item":"https:\/\/ranoja.ee\/en\/shop\/"},{"@type":"ListItem","position":3,"name":"Elektris\u00fcsteemide kaitseaine Electro Protect 500ml, Motip"}]},{"@type":"WebSite","@id":"https:\/\/ranoja.ee\/#website","url":"https:\/\/ranoja.ee\/","name":"Ranoja","description":"Equipment Shop WooCommerce WordPress Theme for Machine &amp; Tools","publisher":{"@id":"https:\/\/ranoja.ee\/#organization"},"potentialAction":[{"@type":"SearchAction","target":{"@type":"EntryPoint","urlTemplate":"https:\/\/ranoja.ee\/?s={search_term_string}"},"query-input":{"@type":"PropertyValueSpecification","valueRequired":true,"valueName":"search_term_string"}}],"inLanguage":"en-US"},{"@type":"Organization","@id":"https:\/\/ranoja.ee\/#organization","name":"Ranoja O\u00dc","url":"https:\/\/ranoja.ee\/","logo":{"@type":"ImageObject","inLanguage":"en-US","@id":"https:\/\/ranoja.ee\/#\/schema\/logo\/image\/","url":"https:\/\/ranoja.ee\/wp-content\/uploads\/2023\/11\/ranoja-Logo.png","contentUrl":"https:\/\/ranoja.ee\/wp-content\/uploads\/2023\/11\/ranoja-Logo.png","width":207,"height":58,"caption":"Ranoja O\u00dc"},"image":{"@id":"https:\/\/ranoja.ee\/#\/schema\/logo\/image\/"},"sameAs":["https:\/\/www.facebook.com\/ranoja.ee","https:\/\/www.instagram.com\/ranoja__\/"]}]}},"_links":{"self":[{"href":"https:\/\/ranoja.ee\/en\/wp-json\/wp\/v2\/product\/58539","targetHints":{"allow":["GET"]}}],"collection":[{"href":"https:\/\/ranoja.ee\/en\/wp-json\/wp\/v2\/product"}],"about":[{"href":"https:\/\/ranoja.ee\/en\/wp-json\/wp\/v2\/types\/product"}],"wp:featuredmedia":[{"embeddable":true,"href":"https:\/\/ranoja.ee\/en\/wp-json\/wp\/v2\/media\/58540"}],"wp:attachment":[{"href":"https:\/\/ranoja.ee\/en\/wp-json\/wp\/v2\/media?parent=58539"}],"wp:term":[{"taxonomy":"product_cat","embeddable":true,"href":"https:\/\/ranoja.ee\/en\/wp-json\/wp\/v2\/product_cat?post=58539"},{"taxonomy":"product_tag","embeddable":true,"href":"https:\/\/ranoja.ee\/en\/wp-json\/wp\/v2\/product_tag?post=58539"}],"curies":[{"name":"wp","href":"https:\/\/api.w.org\/{rel}","templated":true}]}}