{"id":58527,"date":"2026-03-17T02:00:15","date_gmt":"2026-03-16T23:00:15","guid":{"rendered":"https:\/\/ranoja.ee\/toode\/vesikai-tiger-5000s-tarvikud-kodumajapidamisse-komplektis-scheppach\/"},"modified":"2026-03-17T15:42:17","modified_gmt":"2026-03-17T12:42:17","slug":"vesikai-tiger-5000s-tarvikud-kodumajapidamisse-komplektis-scheppach","status":"publish","type":"product","link":"https:\/\/ranoja.ee\/en\/toode\/vesikai-tiger-5000s-tarvikud-kodumajapidamisse-komplektis-scheppach\/","title":{"rendered":"Vesik\u00e4i Tiger 5000S tarvikud kodumajapidamisse komplektis, Scheppach"},"content":{"rendered":"","protected":false},"excerpt":{"rendered":"<p>Sagedus: 50 Hz<br \/>\nLihvkivi diameeter: 200 mm<br \/>\nLihvkivi karedus: 220 <br \/>\nLihvkivi kiirus: 115 <br \/>\nLihvkivi laius: 40 mm<br \/>\nBrutokaal: 10 kg<br \/>\nNetokaal: 8,5 kg<br \/>\nSisendv\u00f5imsus: 150 W<br \/>\nPinge: 230 V<\/p>\n<p>V\u00f5imas induktsioonmootor<br \/>\nKomplekti kuuluv k\u00f5rge kvaliteediga lihvkivi alumiiniumoksiid teradega teritab kiirelt ning t\u00e4pselt ja sobib ka HSS terasest t\u00f6\u00f6riistade teritamiseks<br \/>\nKomplekti kuulub nurgaseadistusrakis t\u00e4pse nurga m\u00f5\u00f5tmiseks ja seadistamiseks, kirveteritusrakis, noateritusrakis ja sirgete terade ning meislite teritamiseks universaalne rakis.<br \/>\nLekkekindel veepaak<br \/>\nEemaldatav nahast hoonimisketas, mis eemaldab peale teritamist k\u00f5ik konarused ning j\u00e4tab tera siledaks ning teravaks<\/p>\n<p>Sobib v\u00e4ga h\u00e4sti koju v\u00f5i t\u00f6\u00f6kotta. Tiger 5000S on lihtne kasutada. Juurde on v\u00f5imalik soetada spetsiaalsed terituskomplektid puidut\u00f6\u00f6riistade, kirveste, erinevate nugade jm teritamiseks.<\/p>\n","protected":false},"featured_media":58528,"template":"","meta":{"inline_featured_image":false},"product_cat":[5242,5090],"product_tag":[],"class_list":{"0":"post-58527","1":"product","2":"type-product","3":"status-publish","4":"has-post-thumbnail","6":"product_brand-scheppach","7":"product_cat-lauakaiad","8":"product_cat-teisaldatavad-toopingid","10":"first","11":"instock","12":"purchasable","13":"product-type-simple"},"yoast_head":"<!-- This site is optimized with the Yoast SEO plugin v27.4 - https:\/\/yoast.com\/product\/yoast-seo-wordpress\/ -->\n<title>Vesik\u00e4i Tiger 5000S tarvikud kodumajapidamisse komplektis, Scheppach - Ranoja<\/title>\n<meta name=\"robots\" content=\"index, follow, max-snippet:-1, max-image-preview:large, max-video-preview:-1\" \/>\n<link rel=\"canonical\" href=\"https:\/\/ranoja.ee\/toode\/vesikai-tiger-5000s-tarvikud-kodumajapidamisse-komplektis-scheppach\/\" \/>\n<meta property=\"og:locale\" content=\"en_US\" \/>\n<meta property=\"og:type\" content=\"article\" \/>\n<meta property=\"og:title\" content=\"Vesik\u00e4i Tiger 5000S tarvikud kodumajapidamisse komplektis, Scheppach - Ranoja\" \/>\n<meta property=\"og:description\" content=\"Sagedus: 50 Hz Lihvkivi diameeter: 200 mm Lihvkivi karedus: 220 Lihvkivi kiirus: 115 Lihvkivi laius: 40 mm Brutokaal: 10 kg Netokaal: 8,5 kg Sisendv\u00f5imsus: 150 W Pinge: 230 V V\u00f5imas induktsioonmootor Komplekti kuuluv k\u00f5rge kvaliteediga lihvkivi alumiiniumoksiid teradega teritab kiirelt ning t\u00e4pselt ja sobib ka HSS terasest t\u00f6\u00f6riistade teritamiseks Komplekti kuulub nurgaseadistusrakis t\u00e4pse nurga m\u00f5\u00f5tmiseks ja seadistamiseks, kirveteritusrakis, noateritusrakis ja sirgete terade ning meislite teritamiseks universaalne rakis. Lekkekindel veepaak Eemaldatav nahast hoonimisketas, mis eemaldab peale teritamist k\u00f5ik konarused ning j\u00e4tab tera siledaks ning teravaks Sobib v\u00e4ga h\u00e4sti koju v\u00f5i t\u00f6\u00f6kotta. Tiger 5000S on lihtne kasutada. Juurde on v\u00f5imalik soetada spetsiaalsed terituskomplektid puidut\u00f6\u00f6riistade, kirveste, erinevate nugade jm teritamiseks.\" \/>\n<meta property=\"og:url\" content=\"https:\/\/ranoja.ee\/toode\/vesikai-tiger-5000s-tarvikud-kodumajapidamisse-komplektis-scheppach\/\" \/>\n<meta property=\"og:site_name\" content=\"Ranoja\" \/>\n<meta property=\"article:publisher\" content=\"https:\/\/www.facebook.com\/ranoja.ee\" \/>\n<meta property=\"article:modified_time\" content=\"2026-03-17T12:42:17+00:00\" \/>\n<meta property=\"og:image\" content=\"https:\/\/ranoja.ee\/wp-content\/uploads\/2026\/03\/218007108.jpg\" \/>\n\t<meta property=\"og:image:width\" content=\"900\" \/>\n\t<meta property=\"og:image:height\" content=\"759\" \/>\n\t<meta property=\"og:image:type\" content=\"image\/jpeg\" \/>\n<meta name=\"twitter:card\" content=\"summary_large_image\" \/>\n<script type=\"application\/ld+json\" class=\"yoast-schema-graph\">{\"@context\":\"https:\\\/\\\/schema.org\",\"@graph\":[{\"@type\":\"WebPage\",\"@id\":\"https:\\\/\\\/ranoja.ee\\\/toode\\\/vesikai-tiger-5000s-tarvikud-kodumajapidamisse-komplektis-scheppach\\\/\",\"url\":\"https:\\\/\\\/ranoja.ee\\\/toode\\\/vesikai-tiger-5000s-tarvikud-kodumajapidamisse-komplektis-scheppach\\\/\",\"name\":\"Vesik\u00e4i Tiger 5000S tarvikud kodumajapidamisse komplektis, Scheppach - Ranoja\",\"isPartOf\":{\"@id\":\"https:\\\/\\\/ranoja.ee\\\/#website\"},\"primaryImageOfPage\":{\"@id\":\"https:\\\/\\\/ranoja.ee\\\/toode\\\/vesikai-tiger-5000s-tarvikud-kodumajapidamisse-komplektis-scheppach\\\/#primaryimage\"},\"image\":{\"@id\":\"https:\\\/\\\/ranoja.ee\\\/toode\\\/vesikai-tiger-5000s-tarvikud-kodumajapidamisse-komplektis-scheppach\\\/#primaryimage\"},\"thumbnailUrl\":\"https:\\\/\\\/ranoja.ee\\\/wp-content\\\/uploads\\\/2026\\\/03\\\/218007108.jpg\",\"datePublished\":\"2026-03-16T23:00:15+00:00\",\"dateModified\":\"2026-03-17T12:42:17+00:00\",\"breadcrumb\":{\"@id\":\"https:\\\/\\\/ranoja.ee\\\/toode\\\/vesikai-tiger-5000s-tarvikud-kodumajapidamisse-komplektis-scheppach\\\/#breadcrumb\"},\"inLanguage\":\"en-US\",\"potentialAction\":[{\"@type\":\"ReadAction\",\"target\":[\"https:\\\/\\\/ranoja.ee\\\/toode\\\/vesikai-tiger-5000s-tarvikud-kodumajapidamisse-komplektis-scheppach\\\/\"]}]},{\"@type\":\"ImageObject\",\"inLanguage\":\"en-US\",\"@id\":\"https:\\\/\\\/ranoja.ee\\\/toode\\\/vesikai-tiger-5000s-tarvikud-kodumajapidamisse-komplektis-scheppach\\\/#primaryimage\",\"url\":\"https:\\\/\\\/ranoja.ee\\\/wp-content\\\/uploads\\\/2026\\\/03\\\/218007108.jpg\",\"contentUrl\":\"https:\\\/\\\/ranoja.ee\\\/wp-content\\\/uploads\\\/2026\\\/03\\\/218007108.jpg\",\"width\":900,\"height\":759},{\"@type\":\"BreadcrumbList\",\"@id\":\"https:\\\/\\\/ranoja.ee\\\/toode\\\/vesikai-tiger-5000s-tarvikud-kodumajapidamisse-komplektis-scheppach\\\/#breadcrumb\",\"itemListElement\":[{\"@type\":\"ListItem\",\"position\":1,\"name\":\"Home\",\"item\":\"https:\\\/\\\/ranoja.ee\\\/\"},{\"@type\":\"ListItem\",\"position\":2,\"name\":\"Shop\",\"item\":\"https:\\\/\\\/ranoja.ee\\\/en\\\/shop\\\/\"},{\"@type\":\"ListItem\",\"position\":3,\"name\":\"Vesik\u00e4i Tiger 5000S tarvikud kodumajapidamisse komplektis, Scheppach\"}]},{\"@type\":\"WebSite\",\"@id\":\"https:\\\/\\\/ranoja.ee\\\/#website\",\"url\":\"https:\\\/\\\/ranoja.ee\\\/\",\"name\":\"Ranoja\",\"description\":\"Equipment Shop WooCommerce WordPress Theme for Machine &amp; Tools\",\"publisher\":{\"@id\":\"https:\\\/\\\/ranoja.ee\\\/#organization\"},\"potentialAction\":[{\"@type\":\"SearchAction\",\"target\":{\"@type\":\"EntryPoint\",\"urlTemplate\":\"https:\\\/\\\/ranoja.ee\\\/?s={search_term_string}\"},\"query-input\":{\"@type\":\"PropertyValueSpecification\",\"valueRequired\":true,\"valueName\":\"search_term_string\"}}],\"inLanguage\":\"en-US\"},{\"@type\":\"Organization\",\"@id\":\"https:\\\/\\\/ranoja.ee\\\/#organization\",\"name\":\"Ranoja O\u00dc\",\"url\":\"https:\\\/\\\/ranoja.ee\\\/\",\"logo\":{\"@type\":\"ImageObject\",\"inLanguage\":\"en-US\",\"@id\":\"https:\\\/\\\/ranoja.ee\\\/#\\\/schema\\\/logo\\\/image\\\/\",\"url\":\"https:\\\/\\\/ranoja.ee\\\/wp-content\\\/uploads\\\/2023\\\/11\\\/ranoja-Logo.png\",\"contentUrl\":\"https:\\\/\\\/ranoja.ee\\\/wp-content\\\/uploads\\\/2023\\\/11\\\/ranoja-Logo.png\",\"width\":207,\"height\":58,\"caption\":\"Ranoja O\u00dc\"},\"image\":{\"@id\":\"https:\\\/\\\/ranoja.ee\\\/#\\\/schema\\\/logo\\\/image\\\/\"},\"sameAs\":[\"https:\\\/\\\/www.facebook.com\\\/ranoja.ee\",\"https:\\\/\\\/www.instagram.com\\\/ranoja__\\\/\"]}]}<\/script>\n<!-- \/ Yoast SEO plugin. -->","yoast_head_json":{"title":"Vesik\u00e4i Tiger 5000S tarvikud kodumajapidamisse komplektis, Scheppach - Ranoja","robots":{"index":"index","follow":"follow","max-snippet":"max-snippet:-1","max-image-preview":"max-image-preview:large","max-video-preview":"max-video-preview:-1"},"canonical":"https:\/\/ranoja.ee\/toode\/vesikai-tiger-5000s-tarvikud-kodumajapidamisse-komplektis-scheppach\/","og_locale":"en_US","og_type":"article","og_title":"Vesik\u00e4i Tiger 5000S tarvikud kodumajapidamisse komplektis, Scheppach - Ranoja","og_description":"Sagedus: 50 Hz Lihvkivi diameeter: 200 mm Lihvkivi karedus: 220 Lihvkivi kiirus: 115 Lihvkivi laius: 40 mm Brutokaal: 10 kg Netokaal: 8,5 kg Sisendv\u00f5imsus: 150 W Pinge: 230 V V\u00f5imas induktsioonmootor Komplekti kuuluv k\u00f5rge kvaliteediga lihvkivi alumiiniumoksiid teradega teritab kiirelt ning t\u00e4pselt ja sobib ka HSS terasest t\u00f6\u00f6riistade teritamiseks Komplekti kuulub nurgaseadistusrakis t\u00e4pse nurga m\u00f5\u00f5tmiseks ja seadistamiseks, kirveteritusrakis, noateritusrakis ja sirgete terade ning meislite teritamiseks universaalne rakis. Lekkekindel veepaak Eemaldatav nahast hoonimisketas, mis eemaldab peale teritamist k\u00f5ik konarused ning j\u00e4tab tera siledaks ning teravaks Sobib v\u00e4ga h\u00e4sti koju v\u00f5i t\u00f6\u00f6kotta. Tiger 5000S on lihtne kasutada. Juurde on v\u00f5imalik soetada spetsiaalsed terituskomplektid puidut\u00f6\u00f6riistade, kirveste, erinevate nugade jm teritamiseks.","og_url":"https:\/\/ranoja.ee\/toode\/vesikai-tiger-5000s-tarvikud-kodumajapidamisse-komplektis-scheppach\/","og_site_name":"Ranoja","article_publisher":"https:\/\/www.facebook.com\/ranoja.ee","article_modified_time":"2026-03-17T12:42:17+00:00","og_image":[{"width":900,"height":759,"url":"https:\/\/ranoja.ee\/wp-content\/uploads\/2026\/03\/218007108.jpg","type":"image\/jpeg"}],"twitter_card":"summary_large_image","schema":{"@context":"https:\/\/schema.org","@graph":[{"@type":"WebPage","@id":"https:\/\/ranoja.ee\/toode\/vesikai-tiger-5000s-tarvikud-kodumajapidamisse-komplektis-scheppach\/","url":"https:\/\/ranoja.ee\/toode\/vesikai-tiger-5000s-tarvikud-kodumajapidamisse-komplektis-scheppach\/","name":"Vesik\u00e4i Tiger 5000S tarvikud kodumajapidamisse komplektis, Scheppach - Ranoja","isPartOf":{"@id":"https:\/\/ranoja.ee\/#website"},"primaryImageOfPage":{"@id":"https:\/\/ranoja.ee\/toode\/vesikai-tiger-5000s-tarvikud-kodumajapidamisse-komplektis-scheppach\/#primaryimage"},"image":{"@id":"https:\/\/ranoja.ee\/toode\/vesikai-tiger-5000s-tarvikud-kodumajapidamisse-komplektis-scheppach\/#primaryimage"},"thumbnailUrl":"https:\/\/ranoja.ee\/wp-content\/uploads\/2026\/03\/218007108.jpg","datePublished":"2026-03-16T23:00:15+00:00","dateModified":"2026-03-17T12:42:17+00:00","breadcrumb":{"@id":"https:\/\/ranoja.ee\/toode\/vesikai-tiger-5000s-tarvikud-kodumajapidamisse-komplektis-scheppach\/#breadcrumb"},"inLanguage":"en-US","potentialAction":[{"@type":"ReadAction","target":["https:\/\/ranoja.ee\/toode\/vesikai-tiger-5000s-tarvikud-kodumajapidamisse-komplektis-scheppach\/"]}]},{"@type":"ImageObject","inLanguage":"en-US","@id":"https:\/\/ranoja.ee\/toode\/vesikai-tiger-5000s-tarvikud-kodumajapidamisse-komplektis-scheppach\/#primaryimage","url":"https:\/\/ranoja.ee\/wp-content\/uploads\/2026\/03\/218007108.jpg","contentUrl":"https:\/\/ranoja.ee\/wp-content\/uploads\/2026\/03\/218007108.jpg","width":900,"height":759},{"@type":"BreadcrumbList","@id":"https:\/\/ranoja.ee\/toode\/vesikai-tiger-5000s-tarvikud-kodumajapidamisse-komplektis-scheppach\/#breadcrumb","itemListElement":[{"@type":"ListItem","position":1,"name":"Home","item":"https:\/\/ranoja.ee\/"},{"@type":"ListItem","position":2,"name":"Shop","item":"https:\/\/ranoja.ee\/en\/shop\/"},{"@type":"ListItem","position":3,"name":"Vesik\u00e4i Tiger 5000S tarvikud kodumajapidamisse komplektis, Scheppach"}]},{"@type":"WebSite","@id":"https:\/\/ranoja.ee\/#website","url":"https:\/\/ranoja.ee\/","name":"Ranoja","description":"Equipment Shop WooCommerce WordPress Theme for Machine &amp; Tools","publisher":{"@id":"https:\/\/ranoja.ee\/#organization"},"potentialAction":[{"@type":"SearchAction","target":{"@type":"EntryPoint","urlTemplate":"https:\/\/ranoja.ee\/?s={search_term_string}"},"query-input":{"@type":"PropertyValueSpecification","valueRequired":true,"valueName":"search_term_string"}}],"inLanguage":"en-US"},{"@type":"Organization","@id":"https:\/\/ranoja.ee\/#organization","name":"Ranoja O\u00dc","url":"https:\/\/ranoja.ee\/","logo":{"@type":"ImageObject","inLanguage":"en-US","@id":"https:\/\/ranoja.ee\/#\/schema\/logo\/image\/","url":"https:\/\/ranoja.ee\/wp-content\/uploads\/2023\/11\/ranoja-Logo.png","contentUrl":"https:\/\/ranoja.ee\/wp-content\/uploads\/2023\/11\/ranoja-Logo.png","width":207,"height":58,"caption":"Ranoja O\u00dc"},"image":{"@id":"https:\/\/ranoja.ee\/#\/schema\/logo\/image\/"},"sameAs":["https:\/\/www.facebook.com\/ranoja.ee","https:\/\/www.instagram.com\/ranoja__\/"]}]}},"_links":{"self":[{"href":"https:\/\/ranoja.ee\/en\/wp-json\/wp\/v2\/product\/58527","targetHints":{"allow":["GET"]}}],"collection":[{"href":"https:\/\/ranoja.ee\/en\/wp-json\/wp\/v2\/product"}],"about":[{"href":"https:\/\/ranoja.ee\/en\/wp-json\/wp\/v2\/types\/product"}],"wp:featuredmedia":[{"embeddable":true,"href":"https:\/\/ranoja.ee\/en\/wp-json\/wp\/v2\/media\/58528"}],"wp:attachment":[{"href":"https:\/\/ranoja.ee\/en\/wp-json\/wp\/v2\/media?parent=58527"}],"wp:term":[{"taxonomy":"product_cat","embeddable":true,"href":"https:\/\/ranoja.ee\/en\/wp-json\/wp\/v2\/product_cat?post=58527"},{"taxonomy":"product_tag","embeddable":true,"href":"https:\/\/ranoja.ee\/en\/wp-json\/wp\/v2\/product_tag?post=58527"}],"curies":[{"name":"wp","href":"https:\/\/api.w.org\/{rel}","templated":true}]}}