{"id":58513,"date":"2026-03-17T02:00:15","date_gmt":"2026-03-16T23:00:15","guid":{"rendered":"https:\/\/ranoja.ee\/toode\/piduripuhasti-puhastusaine-brake-cleaner-25l-motip\/"},"modified":"2026-03-17T15:42:17","modified_gmt":"2026-03-17T12:42:17","slug":"piduripuhasti-puhastusaine-brake-cleaner-25l-motip","status":"publish","type":"product","link":"https:\/\/ranoja.ee\/en\/toode\/piduripuhasti-puhastusaine-brake-cleaner-25l-motip\/","title":{"rendered":"Piduripuhasti\/puhastusaine Brake Cleaner 25L, Motip"},"content":{"rendered":"","protected":false},"excerpt":{"rendered":"<p>BRAKE CLEANER on lahustil baseeruv tugevatoimeline puhastusvahend erinevate mustuste eemaldamiseks. T\u00e4nu tootes sisalduvale tugevale lahustile ja survele on v\u00f5imalik lihtsalt survepesuga puhastada erinevaid pindasid. Kuna aine kuivab ja aurustub kiirelt, siis on v\u00f5imalik peaaegu koheselt puhastatud detaile edasi kasutada ja t\u00f6\u00f6d j\u00e4tkata. <\/p>\n<p>KASUTUSVALDKOND:<br \/>\nEemaldab piduriklotside tolmu, \u00f5li, mustuse ja rasvained piduritorudelt, -ketastelt, -silindritelt, -klotsidelt ja -supportitelt. <br \/>\nSobib kasutamiseks ka universaalse tehnilise puhastusvahendina, k\u00f5ikide mehhaaniliste detailide \u00f5list ja muust mustusest puhastamiseks.<br \/>\nSobib ka kontakt ja muude elektriliste \u00fchenduste puhastamiseks.<br \/>\nEi sobi v\u00e4rvitud pindadele ja teatud plastikutele, v\u00f5ib neid kahjustada. Enne kasutamist proovi toote sobivust mitten\u00e4hataval pinnal. Ei kahjusta kummidetaile ja tihendeid.<\/p>\n<p>TEHNILINE INFO:<br \/>\nBaasained: alifaatsed s\u00fcsivesikud<br \/>\nV\u00e4rvus: l\u00e4bipaistev<br \/>\nL\u00f5hn: iseloomulik<br \/>\nTihedus 20\u00b0C  juures: 0,70g\/ml<\/p>\n<p>KASUTAMINE:<br \/>\nSobib kasutamiseks MESTO k\u00e4sipritsiga 3132NG&#038;MESTO.<br \/>\nKata v\u00e4rvitud ja plastikpinnad ennem kasutamist<br \/>\nPihusta toodet \u00fchtlaselt pinnale kuni mustus on kadunud<br \/>\nSuurema mustuse korral lase ainel natuke toimida ja vajadusel korda protseduuri<br \/>\nKivistunud mustuse eemaldamiseks kasuta abivahendiks k\u00e4siharja<br \/>\nEnnem ja p\u00e4rast kasutamist 15min. hoia eemal tuld ja kuumust tekitavad seadmed.<\/p>\n","protected":false},"featured_media":58514,"template":"","meta":{"inline_featured_image":false},"product_cat":[5154,5009],"product_tag":[],"class_list":{"0":"post-58513","1":"product","2":"type-product","3":"status-publish","4":"has-post-thumbnail","6":"product_brand-motip","7":"product_cat-muud-keemiatooted","8":"product_cat-toostus-ja-autokeemia","10":"first","11":"instock","12":"purchasable","13":"product-type-simple"},"yoast_head":"<!-- This site is optimized with the Yoast SEO plugin v27.4 - https:\/\/yoast.com\/product\/yoast-seo-wordpress\/ -->\n<title>Piduripuhasti\/puhastusaine Brake Cleaner 25L, Motip - Ranoja<\/title>\n<meta name=\"robots\" content=\"index, follow, max-snippet:-1, max-image-preview:large, max-video-preview:-1\" \/>\n<link rel=\"canonical\" href=\"https:\/\/ranoja.ee\/toode\/piduripuhasti-puhastusaine-brake-cleaner-25l-motip\/\" \/>\n<meta property=\"og:locale\" content=\"en_US\" \/>\n<meta property=\"og:type\" content=\"article\" \/>\n<meta property=\"og:title\" content=\"Piduripuhasti\/puhastusaine Brake Cleaner 25L, Motip - Ranoja\" \/>\n<meta property=\"og:description\" content=\"BRAKE CLEANER on lahustil baseeruv tugevatoimeline puhastusvahend erinevate mustuste eemaldamiseks. T\u00e4nu tootes sisalduvale tugevale lahustile ja survele on v\u00f5imalik lihtsalt survepesuga puhastada erinevaid pindasid. Kuna aine kuivab ja aurustub kiirelt, siis on v\u00f5imalik peaaegu koheselt puhastatud detaile edasi kasutada ja t\u00f6\u00f6d j\u00e4tkata.  KASUTUSVALDKOND: Eemaldab piduriklotside tolmu, \u00f5li, mustuse ja rasvained piduritorudelt, -ketastelt, -silindritelt, -klotsidelt ja -supportitelt. Sobib kasutamiseks ka universaalse tehnilise puhastusvahendina, k\u00f5ikide mehhaaniliste detailide \u00f5list ja muust mustusest puhastamiseks. Sobib ka kontakt ja muude elektriliste \u00fchenduste puhastamiseks. Ei sobi v\u00e4rvitud pindadele ja teatud plastikutele, v\u00f5ib neid kahjustada. Enne kasutamist proovi toote sobivust mitten\u00e4hataval pinnal. Ei kahjusta kummidetaile ja tihendeid. TEHNILINE INFO: Baasained: alifaatsed s\u00fcsivesikud V\u00e4rvus: l\u00e4bipaistev L\u00f5hn: iseloomulik Tihedus 20\u00b0C juures: 0,70g\/ml KASUTAMINE: Sobib kasutamiseks MESTO k\u00e4sipritsiga 3132NG&amp;MESTO. Kata v\u00e4rvitud ja plastikpinnad ennem kasutamist Pihusta toodet \u00fchtlaselt pinnale kuni mustus on kadunud Suurema mustuse korral lase ainel natuke toimida ja vajadusel korda protseduuri Kivistunud mustuse eemaldamiseks kasuta abivahendiks k\u00e4siharja Ennem ja p\u00e4rast kasutamist 15min. hoia eemal tuld ja kuumust tekitavad seadmed.\" \/>\n<meta property=\"og:url\" content=\"https:\/\/ranoja.ee\/toode\/piduripuhasti-puhastusaine-brake-cleaner-25l-motip\/\" \/>\n<meta property=\"og:site_name\" content=\"Ranoja\" \/>\n<meta property=\"article:publisher\" content=\"https:\/\/www.facebook.com\/ranoja.ee\" \/>\n<meta property=\"article:modified_time\" content=\"2026-03-17T12:42:17+00:00\" \/>\n<meta property=\"og:image\" content=\"https:\/\/ranoja.ee\/wp-content\/uploads\/2026\/03\/94492347.jpg\" \/>\n\t<meta property=\"og:image:width\" content=\"546\" \/>\n\t<meta property=\"og:image:height\" content=\"900\" \/>\n\t<meta property=\"og:image:type\" content=\"image\/jpeg\" \/>\n<meta name=\"twitter:card\" content=\"summary_large_image\" \/>\n<script type=\"application\/ld+json\" class=\"yoast-schema-graph\">{\"@context\":\"https:\\\/\\\/schema.org\",\"@graph\":[{\"@type\":\"WebPage\",\"@id\":\"https:\\\/\\\/ranoja.ee\\\/toode\\\/piduripuhasti-puhastusaine-brake-cleaner-25l-motip\\\/\",\"url\":\"https:\\\/\\\/ranoja.ee\\\/toode\\\/piduripuhasti-puhastusaine-brake-cleaner-25l-motip\\\/\",\"name\":\"Piduripuhasti\\\/puhastusaine Brake Cleaner 25L, Motip - Ranoja\",\"isPartOf\":{\"@id\":\"https:\\\/\\\/ranoja.ee\\\/#website\"},\"primaryImageOfPage\":{\"@id\":\"https:\\\/\\\/ranoja.ee\\\/toode\\\/piduripuhasti-puhastusaine-brake-cleaner-25l-motip\\\/#primaryimage\"},\"image\":{\"@id\":\"https:\\\/\\\/ranoja.ee\\\/toode\\\/piduripuhasti-puhastusaine-brake-cleaner-25l-motip\\\/#primaryimage\"},\"thumbnailUrl\":\"https:\\\/\\\/ranoja.ee\\\/wp-content\\\/uploads\\\/2026\\\/03\\\/94492347.jpg\",\"datePublished\":\"2026-03-16T23:00:15+00:00\",\"dateModified\":\"2026-03-17T12:42:17+00:00\",\"breadcrumb\":{\"@id\":\"https:\\\/\\\/ranoja.ee\\\/toode\\\/piduripuhasti-puhastusaine-brake-cleaner-25l-motip\\\/#breadcrumb\"},\"inLanguage\":\"en-US\",\"potentialAction\":[{\"@type\":\"ReadAction\",\"target\":[\"https:\\\/\\\/ranoja.ee\\\/toode\\\/piduripuhasti-puhastusaine-brake-cleaner-25l-motip\\\/\"]}]},{\"@type\":\"ImageObject\",\"inLanguage\":\"en-US\",\"@id\":\"https:\\\/\\\/ranoja.ee\\\/toode\\\/piduripuhasti-puhastusaine-brake-cleaner-25l-motip\\\/#primaryimage\",\"url\":\"https:\\\/\\\/ranoja.ee\\\/wp-content\\\/uploads\\\/2026\\\/03\\\/94492347.jpg\",\"contentUrl\":\"https:\\\/\\\/ranoja.ee\\\/wp-content\\\/uploads\\\/2026\\\/03\\\/94492347.jpg\",\"width\":546,\"height\":900},{\"@type\":\"BreadcrumbList\",\"@id\":\"https:\\\/\\\/ranoja.ee\\\/toode\\\/piduripuhasti-puhastusaine-brake-cleaner-25l-motip\\\/#breadcrumb\",\"itemListElement\":[{\"@type\":\"ListItem\",\"position\":1,\"name\":\"Home\",\"item\":\"https:\\\/\\\/ranoja.ee\\\/\"},{\"@type\":\"ListItem\",\"position\":2,\"name\":\"Shop\",\"item\":\"https:\\\/\\\/ranoja.ee\\\/en\\\/shop\\\/\"},{\"@type\":\"ListItem\",\"position\":3,\"name\":\"Piduripuhasti\\\/puhastusaine Brake Cleaner 25L, Motip\"}]},{\"@type\":\"WebSite\",\"@id\":\"https:\\\/\\\/ranoja.ee\\\/#website\",\"url\":\"https:\\\/\\\/ranoja.ee\\\/\",\"name\":\"Ranoja\",\"description\":\"Equipment Shop WooCommerce WordPress Theme for Machine &amp; Tools\",\"publisher\":{\"@id\":\"https:\\\/\\\/ranoja.ee\\\/#organization\"},\"potentialAction\":[{\"@type\":\"SearchAction\",\"target\":{\"@type\":\"EntryPoint\",\"urlTemplate\":\"https:\\\/\\\/ranoja.ee\\\/?s={search_term_string}\"},\"query-input\":{\"@type\":\"PropertyValueSpecification\",\"valueRequired\":true,\"valueName\":\"search_term_string\"}}],\"inLanguage\":\"en-US\"},{\"@type\":\"Organization\",\"@id\":\"https:\\\/\\\/ranoja.ee\\\/#organization\",\"name\":\"Ranoja O\u00dc\",\"url\":\"https:\\\/\\\/ranoja.ee\\\/\",\"logo\":{\"@type\":\"ImageObject\",\"inLanguage\":\"en-US\",\"@id\":\"https:\\\/\\\/ranoja.ee\\\/#\\\/schema\\\/logo\\\/image\\\/\",\"url\":\"https:\\\/\\\/ranoja.ee\\\/wp-content\\\/uploads\\\/2023\\\/11\\\/ranoja-Logo.png\",\"contentUrl\":\"https:\\\/\\\/ranoja.ee\\\/wp-content\\\/uploads\\\/2023\\\/11\\\/ranoja-Logo.png\",\"width\":207,\"height\":58,\"caption\":\"Ranoja O\u00dc\"},\"image\":{\"@id\":\"https:\\\/\\\/ranoja.ee\\\/#\\\/schema\\\/logo\\\/image\\\/\"},\"sameAs\":[\"https:\\\/\\\/www.facebook.com\\\/ranoja.ee\",\"https:\\\/\\\/www.instagram.com\\\/ranoja__\\\/\"]}]}<\/script>\n<!-- \/ Yoast SEO plugin. -->","yoast_head_json":{"title":"Piduripuhasti\/puhastusaine Brake Cleaner 25L, Motip - Ranoja","robots":{"index":"index","follow":"follow","max-snippet":"max-snippet:-1","max-image-preview":"max-image-preview:large","max-video-preview":"max-video-preview:-1"},"canonical":"https:\/\/ranoja.ee\/toode\/piduripuhasti-puhastusaine-brake-cleaner-25l-motip\/","og_locale":"en_US","og_type":"article","og_title":"Piduripuhasti\/puhastusaine Brake Cleaner 25L, Motip - Ranoja","og_description":"BRAKE CLEANER on lahustil baseeruv tugevatoimeline puhastusvahend erinevate mustuste eemaldamiseks. T\u00e4nu tootes sisalduvale tugevale lahustile ja survele on v\u00f5imalik lihtsalt survepesuga puhastada erinevaid pindasid. Kuna aine kuivab ja aurustub kiirelt, siis on v\u00f5imalik peaaegu koheselt puhastatud detaile edasi kasutada ja t\u00f6\u00f6d j\u00e4tkata.  KASUTUSVALDKOND: Eemaldab piduriklotside tolmu, \u00f5li, mustuse ja rasvained piduritorudelt, -ketastelt, -silindritelt, -klotsidelt ja -supportitelt. Sobib kasutamiseks ka universaalse tehnilise puhastusvahendina, k\u00f5ikide mehhaaniliste detailide \u00f5list ja muust mustusest puhastamiseks. Sobib ka kontakt ja muude elektriliste \u00fchenduste puhastamiseks. Ei sobi v\u00e4rvitud pindadele ja teatud plastikutele, v\u00f5ib neid kahjustada. Enne kasutamist proovi toote sobivust mitten\u00e4hataval pinnal. Ei kahjusta kummidetaile ja tihendeid. TEHNILINE INFO: Baasained: alifaatsed s\u00fcsivesikud V\u00e4rvus: l\u00e4bipaistev L\u00f5hn: iseloomulik Tihedus 20\u00b0C juures: 0,70g\/ml KASUTAMINE: Sobib kasutamiseks MESTO k\u00e4sipritsiga 3132NG&MESTO. Kata v\u00e4rvitud ja plastikpinnad ennem kasutamist Pihusta toodet \u00fchtlaselt pinnale kuni mustus on kadunud Suurema mustuse korral lase ainel natuke toimida ja vajadusel korda protseduuri Kivistunud mustuse eemaldamiseks kasuta abivahendiks k\u00e4siharja Ennem ja p\u00e4rast kasutamist 15min. hoia eemal tuld ja kuumust tekitavad seadmed.","og_url":"https:\/\/ranoja.ee\/toode\/piduripuhasti-puhastusaine-brake-cleaner-25l-motip\/","og_site_name":"Ranoja","article_publisher":"https:\/\/www.facebook.com\/ranoja.ee","article_modified_time":"2026-03-17T12:42:17+00:00","og_image":[{"width":546,"height":900,"url":"https:\/\/ranoja.ee\/wp-content\/uploads\/2026\/03\/94492347.jpg","type":"image\/jpeg"}],"twitter_card":"summary_large_image","schema":{"@context":"https:\/\/schema.org","@graph":[{"@type":"WebPage","@id":"https:\/\/ranoja.ee\/toode\/piduripuhasti-puhastusaine-brake-cleaner-25l-motip\/","url":"https:\/\/ranoja.ee\/toode\/piduripuhasti-puhastusaine-brake-cleaner-25l-motip\/","name":"Piduripuhasti\/puhastusaine Brake Cleaner 25L, Motip - Ranoja","isPartOf":{"@id":"https:\/\/ranoja.ee\/#website"},"primaryImageOfPage":{"@id":"https:\/\/ranoja.ee\/toode\/piduripuhasti-puhastusaine-brake-cleaner-25l-motip\/#primaryimage"},"image":{"@id":"https:\/\/ranoja.ee\/toode\/piduripuhasti-puhastusaine-brake-cleaner-25l-motip\/#primaryimage"},"thumbnailUrl":"https:\/\/ranoja.ee\/wp-content\/uploads\/2026\/03\/94492347.jpg","datePublished":"2026-03-16T23:00:15+00:00","dateModified":"2026-03-17T12:42:17+00:00","breadcrumb":{"@id":"https:\/\/ranoja.ee\/toode\/piduripuhasti-puhastusaine-brake-cleaner-25l-motip\/#breadcrumb"},"inLanguage":"en-US","potentialAction":[{"@type":"ReadAction","target":["https:\/\/ranoja.ee\/toode\/piduripuhasti-puhastusaine-brake-cleaner-25l-motip\/"]}]},{"@type":"ImageObject","inLanguage":"en-US","@id":"https:\/\/ranoja.ee\/toode\/piduripuhasti-puhastusaine-brake-cleaner-25l-motip\/#primaryimage","url":"https:\/\/ranoja.ee\/wp-content\/uploads\/2026\/03\/94492347.jpg","contentUrl":"https:\/\/ranoja.ee\/wp-content\/uploads\/2026\/03\/94492347.jpg","width":546,"height":900},{"@type":"BreadcrumbList","@id":"https:\/\/ranoja.ee\/toode\/piduripuhasti-puhastusaine-brake-cleaner-25l-motip\/#breadcrumb","itemListElement":[{"@type":"ListItem","position":1,"name":"Home","item":"https:\/\/ranoja.ee\/"},{"@type":"ListItem","position":2,"name":"Shop","item":"https:\/\/ranoja.ee\/en\/shop\/"},{"@type":"ListItem","position":3,"name":"Piduripuhasti\/puhastusaine Brake Cleaner 25L, Motip"}]},{"@type":"WebSite","@id":"https:\/\/ranoja.ee\/#website","url":"https:\/\/ranoja.ee\/","name":"Ranoja","description":"Equipment Shop WooCommerce WordPress Theme for Machine &amp; Tools","publisher":{"@id":"https:\/\/ranoja.ee\/#organization"},"potentialAction":[{"@type":"SearchAction","target":{"@type":"EntryPoint","urlTemplate":"https:\/\/ranoja.ee\/?s={search_term_string}"},"query-input":{"@type":"PropertyValueSpecification","valueRequired":true,"valueName":"search_term_string"}}],"inLanguage":"en-US"},{"@type":"Organization","@id":"https:\/\/ranoja.ee\/#organization","name":"Ranoja O\u00dc","url":"https:\/\/ranoja.ee\/","logo":{"@type":"ImageObject","inLanguage":"en-US","@id":"https:\/\/ranoja.ee\/#\/schema\/logo\/image\/","url":"https:\/\/ranoja.ee\/wp-content\/uploads\/2023\/11\/ranoja-Logo.png","contentUrl":"https:\/\/ranoja.ee\/wp-content\/uploads\/2023\/11\/ranoja-Logo.png","width":207,"height":58,"caption":"Ranoja O\u00dc"},"image":{"@id":"https:\/\/ranoja.ee\/#\/schema\/logo\/image\/"},"sameAs":["https:\/\/www.facebook.com\/ranoja.ee","https:\/\/www.instagram.com\/ranoja__\/"]}]}},"_links":{"self":[{"href":"https:\/\/ranoja.ee\/en\/wp-json\/wp\/v2\/product\/58513","targetHints":{"allow":["GET"]}}],"collection":[{"href":"https:\/\/ranoja.ee\/en\/wp-json\/wp\/v2\/product"}],"about":[{"href":"https:\/\/ranoja.ee\/en\/wp-json\/wp\/v2\/types\/product"}],"wp:featuredmedia":[{"embeddable":true,"href":"https:\/\/ranoja.ee\/en\/wp-json\/wp\/v2\/media\/58514"}],"wp:attachment":[{"href":"https:\/\/ranoja.ee\/en\/wp-json\/wp\/v2\/media?parent=58513"}],"wp:term":[{"taxonomy":"product_cat","embeddable":true,"href":"https:\/\/ranoja.ee\/en\/wp-json\/wp\/v2\/product_cat?post=58513"},{"taxonomy":"product_tag","embeddable":true,"href":"https:\/\/ranoja.ee\/en\/wp-json\/wp\/v2\/product_tag?post=58513"}],"curies":[{"name":"wp","href":"https:\/\/api.w.org\/{rel}","templated":true}]}}