{"id":58485,"date":"2026-03-17T01:59:51","date_gmt":"2026-03-16T22:59:51","guid":{"rendered":"https:\/\/ranoja.ee\/toode\/keraamiline-pasta-pintsliga-ceramic-paste-200ml-motip\/"},"modified":"2026-03-17T15:42:17","modified_gmt":"2026-03-17T12:42:17","slug":"keraamiline-pasta-pintsliga-ceramic-paste-200ml-motip","status":"publish","type":"product","link":"https:\/\/ranoja.ee\/en\/toode\/keraamiline-pasta-pintsliga-ceramic-paste-200ml-motip\/","title":{"rendered":"Keraamiline pasta pintsliga Ceramic Paste 200ml, Motip"},"content":{"rendered":"","protected":false},"excerpt":{"rendered":"<p>K\u00f5rge kvaliteediga, keraamilistel osakestel p\u00f5hinev montaa\u02dbipasta k\u00f5rgete temperatuuridega ja korrodeerivate m\u00f5judega <br \/>\nkokkupuutuvate suure pinge all olevate pindade, nagu piduris\u00fcsteemid, piduriosad, v\u00e4ljalaskes\u00fcsteemi osad ning erinevad \u00e4\u00e4riku- ja (polt)\u00fchendused, pikaajaliseks m\u00e4\u00e4rimiseks. Montaa\u02dbipasta <br \/>\nv\u00e4hendab liikuvate osade h\u00f5\u00f5rdumist ja tagab t\u00f5husa kaitse korrosiooni eest. Kasutusjuhend: Enne kasutamist puhastage pinnad <br \/>\nja tehke rasva\u00e4rastus. \u00d5hukese kelme saavutamiseks tuleb montaa\u02dbipasta peale kanda pintsliga. Hoiatus \u2013 Survestatud mahuti: <br \/>\nKuumutamisel v\u00f5ib l\u00f5hkeda. Hoidke eemal kuumusest, kuumadest pindadest, s\u00e4demetest, lahtisest leegist ja muudest <br \/>\ns\u00fc\u00fcteallikatest. Mitte suitsetada. V\u00e4ltige l\u00e4bitorkamist v\u00f5i <br \/>\np\u00f5letamist, isegi p\u00e4rast kasutamist. Hoida p\u00e4ikesevalguse <br \/>\neest. Mitte hoida temperatuuril \u00fcle 50 \u00b0C \/ 122 \u00b0F.<\/p>\n","protected":false},"featured_media":58486,"template":"","meta":{"inline_featured_image":false},"product_cat":[5010,5039,5009],"product_tag":[],"class_list":{"0":"post-58485","1":"product","2":"type-product","3":"status-publish","4":"has-post-thumbnail","6":"product_brand-motip","7":"product_cat-tehnilised-aerosoolid","8":"product_cat-tehnilised-maarded","9":"product_cat-toostus-ja-autokeemia","11":"first","12":"instock","13":"purchasable","14":"product-type-simple"},"yoast_head":"<!-- This site is optimized with the Yoast SEO plugin v27.4 - https:\/\/yoast.com\/product\/yoast-seo-wordpress\/ -->\n<title>Keraamiline pasta pintsliga Ceramic Paste 200ml, Motip - Ranoja<\/title>\n<meta name=\"robots\" content=\"index, follow, max-snippet:-1, max-image-preview:large, max-video-preview:-1\" \/>\n<link rel=\"canonical\" href=\"https:\/\/ranoja.ee\/toode\/keraamiline-pasta-pintsliga-ceramic-paste-200ml-motip\/\" \/>\n<meta property=\"og:locale\" content=\"en_US\" \/>\n<meta property=\"og:type\" content=\"article\" \/>\n<meta property=\"og:title\" content=\"Keraamiline pasta pintsliga Ceramic Paste 200ml, Motip - Ranoja\" \/>\n<meta property=\"og:description\" content=\"K\u00f5rge kvaliteediga, keraamilistel osakestel p\u00f5hinev montaa\u02dbipasta k\u00f5rgete temperatuuridega ja korrodeerivate m\u00f5judega kokkupuutuvate suure pinge all olevate pindade, nagu piduris\u00fcsteemid, piduriosad, v\u00e4ljalaskes\u00fcsteemi osad ning erinevad \u00e4\u00e4riku- ja (polt)\u00fchendused, pikaajaliseks m\u00e4\u00e4rimiseks. Montaa\u02dbipasta v\u00e4hendab liikuvate osade h\u00f5\u00f5rdumist ja tagab t\u00f5husa kaitse korrosiooni eest. Kasutusjuhend: Enne kasutamist puhastage pinnad ja tehke rasva\u00e4rastus. \u00d5hukese kelme saavutamiseks tuleb montaa\u02dbipasta peale kanda pintsliga. Hoiatus \u2013 Survestatud mahuti: Kuumutamisel v\u00f5ib l\u00f5hkeda. Hoidke eemal kuumusest, kuumadest pindadest, s\u00e4demetest, lahtisest leegist ja muudest s\u00fc\u00fcteallikatest. Mitte suitsetada. V\u00e4ltige l\u00e4bitorkamist v\u00f5i p\u00f5letamist, isegi p\u00e4rast kasutamist. Hoida p\u00e4ikesevalguse eest. Mitte hoida temperatuuril \u00fcle 50 \u00b0C \/ 122 \u00b0F.\" \/>\n<meta property=\"og:url\" content=\"https:\/\/ranoja.ee\/toode\/keraamiline-pasta-pintsliga-ceramic-paste-200ml-motip\/\" \/>\n<meta property=\"og:site_name\" content=\"Ranoja\" \/>\n<meta property=\"article:publisher\" content=\"https:\/\/www.facebook.com\/ranoja.ee\" \/>\n<meta property=\"article:modified_time\" content=\"2026-03-17T12:42:17+00:00\" \/>\n<meta property=\"og:image\" content=\"https:\/\/ranoja.ee\/wp-content\/uploads\/2026\/03\/234467121.png\" \/>\n\t<meta property=\"og:image:width\" content=\"768\" \/>\n\t<meta property=\"og:image:height\" content=\"768\" \/>\n\t<meta property=\"og:image:type\" content=\"image\/jpeg\" \/>\n<meta name=\"twitter:card\" content=\"summary_large_image\" \/>\n<script type=\"application\/ld+json\" class=\"yoast-schema-graph\">{\"@context\":\"https:\\\/\\\/schema.org\",\"@graph\":[{\"@type\":\"WebPage\",\"@id\":\"https:\\\/\\\/ranoja.ee\\\/toode\\\/keraamiline-pasta-pintsliga-ceramic-paste-200ml-motip\\\/\",\"url\":\"https:\\\/\\\/ranoja.ee\\\/toode\\\/keraamiline-pasta-pintsliga-ceramic-paste-200ml-motip\\\/\",\"name\":\"Keraamiline pasta pintsliga Ceramic Paste 200ml, Motip - Ranoja\",\"isPartOf\":{\"@id\":\"https:\\\/\\\/ranoja.ee\\\/#website\"},\"primaryImageOfPage\":{\"@id\":\"https:\\\/\\\/ranoja.ee\\\/toode\\\/keraamiline-pasta-pintsliga-ceramic-paste-200ml-motip\\\/#primaryimage\"},\"image\":{\"@id\":\"https:\\\/\\\/ranoja.ee\\\/toode\\\/keraamiline-pasta-pintsliga-ceramic-paste-200ml-motip\\\/#primaryimage\"},\"thumbnailUrl\":\"https:\\\/\\\/ranoja.ee\\\/wp-content\\\/uploads\\\/2026\\\/03\\\/234467121.png\",\"datePublished\":\"2026-03-16T22:59:51+00:00\",\"dateModified\":\"2026-03-17T12:42:17+00:00\",\"breadcrumb\":{\"@id\":\"https:\\\/\\\/ranoja.ee\\\/toode\\\/keraamiline-pasta-pintsliga-ceramic-paste-200ml-motip\\\/#breadcrumb\"},\"inLanguage\":\"en-US\",\"potentialAction\":[{\"@type\":\"ReadAction\",\"target\":[\"https:\\\/\\\/ranoja.ee\\\/toode\\\/keraamiline-pasta-pintsliga-ceramic-paste-200ml-motip\\\/\"]}]},{\"@type\":\"ImageObject\",\"inLanguage\":\"en-US\",\"@id\":\"https:\\\/\\\/ranoja.ee\\\/toode\\\/keraamiline-pasta-pintsliga-ceramic-paste-200ml-motip\\\/#primaryimage\",\"url\":\"https:\\\/\\\/ranoja.ee\\\/wp-content\\\/uploads\\\/2026\\\/03\\\/234467121.png\",\"contentUrl\":\"https:\\\/\\\/ranoja.ee\\\/wp-content\\\/uploads\\\/2026\\\/03\\\/234467121.png\",\"width\":768,\"height\":768},{\"@type\":\"BreadcrumbList\",\"@id\":\"https:\\\/\\\/ranoja.ee\\\/toode\\\/keraamiline-pasta-pintsliga-ceramic-paste-200ml-motip\\\/#breadcrumb\",\"itemListElement\":[{\"@type\":\"ListItem\",\"position\":1,\"name\":\"Home\",\"item\":\"https:\\\/\\\/ranoja.ee\\\/\"},{\"@type\":\"ListItem\",\"position\":2,\"name\":\"Shop\",\"item\":\"https:\\\/\\\/ranoja.ee\\\/en\\\/shop\\\/\"},{\"@type\":\"ListItem\",\"position\":3,\"name\":\"Keraamiline pasta pintsliga Ceramic Paste 200ml, Motip\"}]},{\"@type\":\"WebSite\",\"@id\":\"https:\\\/\\\/ranoja.ee\\\/#website\",\"url\":\"https:\\\/\\\/ranoja.ee\\\/\",\"name\":\"Ranoja\",\"description\":\"Equipment Shop WooCommerce WordPress Theme for Machine &amp; Tools\",\"publisher\":{\"@id\":\"https:\\\/\\\/ranoja.ee\\\/#organization\"},\"potentialAction\":[{\"@type\":\"SearchAction\",\"target\":{\"@type\":\"EntryPoint\",\"urlTemplate\":\"https:\\\/\\\/ranoja.ee\\\/?s={search_term_string}\"},\"query-input\":{\"@type\":\"PropertyValueSpecification\",\"valueRequired\":true,\"valueName\":\"search_term_string\"}}],\"inLanguage\":\"en-US\"},{\"@type\":\"Organization\",\"@id\":\"https:\\\/\\\/ranoja.ee\\\/#organization\",\"name\":\"Ranoja O\u00dc\",\"url\":\"https:\\\/\\\/ranoja.ee\\\/\",\"logo\":{\"@type\":\"ImageObject\",\"inLanguage\":\"en-US\",\"@id\":\"https:\\\/\\\/ranoja.ee\\\/#\\\/schema\\\/logo\\\/image\\\/\",\"url\":\"https:\\\/\\\/ranoja.ee\\\/wp-content\\\/uploads\\\/2023\\\/11\\\/ranoja-Logo.png\",\"contentUrl\":\"https:\\\/\\\/ranoja.ee\\\/wp-content\\\/uploads\\\/2023\\\/11\\\/ranoja-Logo.png\",\"width\":207,\"height\":58,\"caption\":\"Ranoja O\u00dc\"},\"image\":{\"@id\":\"https:\\\/\\\/ranoja.ee\\\/#\\\/schema\\\/logo\\\/image\\\/\"},\"sameAs\":[\"https:\\\/\\\/www.facebook.com\\\/ranoja.ee\",\"https:\\\/\\\/www.instagram.com\\\/ranoja__\\\/\"]}]}<\/script>\n<!-- \/ Yoast SEO plugin. -->","yoast_head_json":{"title":"Keraamiline pasta pintsliga Ceramic Paste 200ml, Motip - Ranoja","robots":{"index":"index","follow":"follow","max-snippet":"max-snippet:-1","max-image-preview":"max-image-preview:large","max-video-preview":"max-video-preview:-1"},"canonical":"https:\/\/ranoja.ee\/toode\/keraamiline-pasta-pintsliga-ceramic-paste-200ml-motip\/","og_locale":"en_US","og_type":"article","og_title":"Keraamiline pasta pintsliga Ceramic Paste 200ml, Motip - Ranoja","og_description":"K\u00f5rge kvaliteediga, keraamilistel osakestel p\u00f5hinev montaa\u02dbipasta k\u00f5rgete temperatuuridega ja korrodeerivate m\u00f5judega kokkupuutuvate suure pinge all olevate pindade, nagu piduris\u00fcsteemid, piduriosad, v\u00e4ljalaskes\u00fcsteemi osad ning erinevad \u00e4\u00e4riku- ja (polt)\u00fchendused, pikaajaliseks m\u00e4\u00e4rimiseks. Montaa\u02dbipasta v\u00e4hendab liikuvate osade h\u00f5\u00f5rdumist ja tagab t\u00f5husa kaitse korrosiooni eest. Kasutusjuhend: Enne kasutamist puhastage pinnad ja tehke rasva\u00e4rastus. \u00d5hukese kelme saavutamiseks tuleb montaa\u02dbipasta peale kanda pintsliga. Hoiatus \u2013 Survestatud mahuti: Kuumutamisel v\u00f5ib l\u00f5hkeda. Hoidke eemal kuumusest, kuumadest pindadest, s\u00e4demetest, lahtisest leegist ja muudest s\u00fc\u00fcteallikatest. Mitte suitsetada. V\u00e4ltige l\u00e4bitorkamist v\u00f5i p\u00f5letamist, isegi p\u00e4rast kasutamist. Hoida p\u00e4ikesevalguse eest. Mitte hoida temperatuuril \u00fcle 50 \u00b0C \/ 122 \u00b0F.","og_url":"https:\/\/ranoja.ee\/toode\/keraamiline-pasta-pintsliga-ceramic-paste-200ml-motip\/","og_site_name":"Ranoja","article_publisher":"https:\/\/www.facebook.com\/ranoja.ee","article_modified_time":"2026-03-17T12:42:17+00:00","og_image":[{"width":768,"height":768,"url":"https:\/\/ranoja.ee\/wp-content\/uploads\/2026\/03\/234467121.png","type":"image\/jpeg"}],"twitter_card":"summary_large_image","schema":{"@context":"https:\/\/schema.org","@graph":[{"@type":"WebPage","@id":"https:\/\/ranoja.ee\/toode\/keraamiline-pasta-pintsliga-ceramic-paste-200ml-motip\/","url":"https:\/\/ranoja.ee\/toode\/keraamiline-pasta-pintsliga-ceramic-paste-200ml-motip\/","name":"Keraamiline pasta pintsliga Ceramic Paste 200ml, Motip - Ranoja","isPartOf":{"@id":"https:\/\/ranoja.ee\/#website"},"primaryImageOfPage":{"@id":"https:\/\/ranoja.ee\/toode\/keraamiline-pasta-pintsliga-ceramic-paste-200ml-motip\/#primaryimage"},"image":{"@id":"https:\/\/ranoja.ee\/toode\/keraamiline-pasta-pintsliga-ceramic-paste-200ml-motip\/#primaryimage"},"thumbnailUrl":"https:\/\/ranoja.ee\/wp-content\/uploads\/2026\/03\/234467121.png","datePublished":"2026-03-16T22:59:51+00:00","dateModified":"2026-03-17T12:42:17+00:00","breadcrumb":{"@id":"https:\/\/ranoja.ee\/toode\/keraamiline-pasta-pintsliga-ceramic-paste-200ml-motip\/#breadcrumb"},"inLanguage":"en-US","potentialAction":[{"@type":"ReadAction","target":["https:\/\/ranoja.ee\/toode\/keraamiline-pasta-pintsliga-ceramic-paste-200ml-motip\/"]}]},{"@type":"ImageObject","inLanguage":"en-US","@id":"https:\/\/ranoja.ee\/toode\/keraamiline-pasta-pintsliga-ceramic-paste-200ml-motip\/#primaryimage","url":"https:\/\/ranoja.ee\/wp-content\/uploads\/2026\/03\/234467121.png","contentUrl":"https:\/\/ranoja.ee\/wp-content\/uploads\/2026\/03\/234467121.png","width":768,"height":768},{"@type":"BreadcrumbList","@id":"https:\/\/ranoja.ee\/toode\/keraamiline-pasta-pintsliga-ceramic-paste-200ml-motip\/#breadcrumb","itemListElement":[{"@type":"ListItem","position":1,"name":"Home","item":"https:\/\/ranoja.ee\/"},{"@type":"ListItem","position":2,"name":"Shop","item":"https:\/\/ranoja.ee\/en\/shop\/"},{"@type":"ListItem","position":3,"name":"Keraamiline pasta pintsliga Ceramic Paste 200ml, Motip"}]},{"@type":"WebSite","@id":"https:\/\/ranoja.ee\/#website","url":"https:\/\/ranoja.ee\/","name":"Ranoja","description":"Equipment Shop WooCommerce WordPress Theme for Machine &amp; Tools","publisher":{"@id":"https:\/\/ranoja.ee\/#organization"},"potentialAction":[{"@type":"SearchAction","target":{"@type":"EntryPoint","urlTemplate":"https:\/\/ranoja.ee\/?s={search_term_string}"},"query-input":{"@type":"PropertyValueSpecification","valueRequired":true,"valueName":"search_term_string"}}],"inLanguage":"en-US"},{"@type":"Organization","@id":"https:\/\/ranoja.ee\/#organization","name":"Ranoja O\u00dc","url":"https:\/\/ranoja.ee\/","logo":{"@type":"ImageObject","inLanguage":"en-US","@id":"https:\/\/ranoja.ee\/#\/schema\/logo\/image\/","url":"https:\/\/ranoja.ee\/wp-content\/uploads\/2023\/11\/ranoja-Logo.png","contentUrl":"https:\/\/ranoja.ee\/wp-content\/uploads\/2023\/11\/ranoja-Logo.png","width":207,"height":58,"caption":"Ranoja O\u00dc"},"image":{"@id":"https:\/\/ranoja.ee\/#\/schema\/logo\/image\/"},"sameAs":["https:\/\/www.facebook.com\/ranoja.ee","https:\/\/www.instagram.com\/ranoja__\/"]}]}},"_links":{"self":[{"href":"https:\/\/ranoja.ee\/en\/wp-json\/wp\/v2\/product\/58485","targetHints":{"allow":["GET"]}}],"collection":[{"href":"https:\/\/ranoja.ee\/en\/wp-json\/wp\/v2\/product"}],"about":[{"href":"https:\/\/ranoja.ee\/en\/wp-json\/wp\/v2\/types\/product"}],"wp:featuredmedia":[{"embeddable":true,"href":"https:\/\/ranoja.ee\/en\/wp-json\/wp\/v2\/media\/58486"}],"wp:attachment":[{"href":"https:\/\/ranoja.ee\/en\/wp-json\/wp\/v2\/media?parent=58485"}],"wp:term":[{"taxonomy":"product_cat","embeddable":true,"href":"https:\/\/ranoja.ee\/en\/wp-json\/wp\/v2\/product_cat?post=58485"},{"taxonomy":"product_tag","embeddable":true,"href":"https:\/\/ranoja.ee\/en\/wp-json\/wp\/v2\/product_tag?post=58485"}],"curies":[{"name":"wp","href":"https:\/\/api.w.org\/{rel}","templated":true}]}}