{"id":58473,"date":"2026-03-17T01:59:51","date_gmt":"2026-03-16T22:59:51","guid":{"rendered":"https:\/\/ranoja.ee\/toode\/hudraulikaoli-ultramax-hlp-46-20l-valvoline\/"},"modified":"2026-03-17T15:42:18","modified_gmt":"2026-03-17T12:42:18","slug":"hudraulikaoli-ultramax-hlp-46-20l-valvoline","status":"publish","type":"product","link":"https:\/\/ranoja.ee\/en\/toode\/hudraulikaoli-ultramax-hlp-46-20l-valvoline\/","title":{"rendered":"H\u00fcdraulika\u00f5li Ultramax HLP 46 20L, Valvoline"},"content":{"rendered":"","protected":false},"excerpt":{"rendered":"<p>Premiumklassi h\u00fcdraulika\u00f5li mis on spetsiaalselt v\u00e4ljat\u00f6\u00f6tatud t\u00e4itmaks t\u00e4nap\u00e4eva t\u00f6\u00f6stus- ja ehitusseadmete k\u00f5rgendatud n\u00f5udeid. Sobib kasutamiseks igat t\u00fc\u00fcpi h\u00fcdraulikas\u00fcteemides nagu<br \/>\nt\u00f5steseadmed, ekskavaatorid, pressid, laadimissillad jms.<br \/>\nVastavus spetsifikatsioonidele:<br \/>\nASTM D6158 HL &#038; HM<br \/>\nBosch Rexroth RDE 90235<br \/>\nChinese Standard GB 11118.1 L-HL &#038; L-HM <br \/>\nHigh-pressure &#038; General<br \/>\nDanieli 0.000.001 Revision 15 Type 10 &#038; 11<br \/>\nDIN 51524 Part 1 &#038; 2<br \/>\nEaton Brochure 03-401-2010<br \/>\nEaton E-FDGN-TB002-E<br \/>\nFives Cincinnati P-68, P-69 and P-70<br \/>\nGeneral Motors LS2 Anti-wear hydraulic Oil<br \/>\nISO 11158 HL &#038; HM<br \/>\nJCMAS HK P041<br \/>\nParker Denison HF-0, HF-1, HF-2 (Revision L)<br \/>\nSAE MS1004<br \/>\nSwedish Standard SS 155434:2020<br \/>\nU.S. Steel 126<br \/>\nZF TE-ML 07H<\/p>\n","protected":false},"featured_media":58474,"template":"","meta":{"inline_featured_image":false},"product_cat":[5094,5012,5093],"product_tag":[],"class_list":{"0":"post-58473","1":"product","2":"type-product","3":"status-publish","4":"has-post-thumbnail","6":"product_brand-valvoline","7":"product_cat-hudraulikaolid","8":"product_cat-olid-ja-maardeained","9":"product_cat-toostusolid","11":"first","12":"instock","13":"purchasable","14":"product-type-simple"},"yoast_head":"<!-- This site is optimized with the Yoast SEO plugin v27.4 - https:\/\/yoast.com\/product\/yoast-seo-wordpress\/ -->\n<title>H\u00fcdraulika\u00f5li Ultramax HLP 46 20L, Valvoline - Ranoja<\/title>\n<meta name=\"robots\" content=\"index, follow, max-snippet:-1, max-image-preview:large, max-video-preview:-1\" \/>\n<link rel=\"canonical\" href=\"https:\/\/ranoja.ee\/toode\/hudraulikaoli-ultramax-hlp-46-20l-valvoline\/\" \/>\n<meta property=\"og:locale\" content=\"en_US\" \/>\n<meta property=\"og:type\" content=\"article\" \/>\n<meta property=\"og:title\" content=\"H\u00fcdraulika\u00f5li Ultramax HLP 46 20L, Valvoline - Ranoja\" \/>\n<meta property=\"og:description\" content=\"Premiumklassi h\u00fcdraulika\u00f5li mis on spetsiaalselt v\u00e4ljat\u00f6\u00f6tatud t\u00e4itmaks t\u00e4nap\u00e4eva t\u00f6\u00f6stus- ja ehitusseadmete k\u00f5rgendatud n\u00f5udeid. Sobib kasutamiseks igat t\u00fc\u00fcpi h\u00fcdraulikas\u00fcteemides nagu t\u00f5steseadmed, ekskavaatorid, pressid, laadimissillad jms. Vastavus spetsifikatsioonidele: ASTM D6158 HL &amp; HM Bosch Rexroth RDE 90235 Chinese Standard GB 11118.1 L-HL &amp; L-HM High-pressure &amp; General Danieli 0.000.001 Revision 15 Type 10 &amp; 11 DIN 51524 Part 1 &amp; 2 Eaton Brochure 03-401-2010 Eaton E-FDGN-TB002-E Fives Cincinnati P-68, P-69 and P-70 General Motors LS2 Anti-wear hydraulic Oil ISO 11158 HL &amp; HM JCMAS HK P041 Parker Denison HF-0, HF-1, HF-2 (Revision L) SAE MS1004 Swedish Standard SS 155434:2020 U.S. Steel 126 ZF TE-ML 07H\" \/>\n<meta property=\"og:url\" content=\"https:\/\/ranoja.ee\/toode\/hudraulikaoli-ultramax-hlp-46-20l-valvoline\/\" \/>\n<meta property=\"og:site_name\" content=\"Ranoja\" \/>\n<meta property=\"article:publisher\" content=\"https:\/\/www.facebook.com\/ranoja.ee\" \/>\n<meta property=\"article:modified_time\" content=\"2026-03-17T12:42:18+00:00\" \/>\n<meta property=\"og:image\" content=\"https:\/\/ranoja.ee\/wp-content\/uploads\/2026\/03\/5637886880.jpg\" \/>\n\t<meta property=\"og:image:width\" content=\"893\" \/>\n\t<meta property=\"og:image:height\" content=\"900\" \/>\n\t<meta property=\"og:image:type\" content=\"image\/jpeg\" \/>\n<meta name=\"twitter:card\" content=\"summary_large_image\" \/>\n<script type=\"application\/ld+json\" class=\"yoast-schema-graph\">{\"@context\":\"https:\\\/\\\/schema.org\",\"@graph\":[{\"@type\":\"WebPage\",\"@id\":\"https:\\\/\\\/ranoja.ee\\\/toode\\\/hudraulikaoli-ultramax-hlp-46-20l-valvoline\\\/\",\"url\":\"https:\\\/\\\/ranoja.ee\\\/toode\\\/hudraulikaoli-ultramax-hlp-46-20l-valvoline\\\/\",\"name\":\"H\u00fcdraulika\u00f5li Ultramax HLP 46 20L, Valvoline - Ranoja\",\"isPartOf\":{\"@id\":\"https:\\\/\\\/ranoja.ee\\\/#website\"},\"primaryImageOfPage\":{\"@id\":\"https:\\\/\\\/ranoja.ee\\\/toode\\\/hudraulikaoli-ultramax-hlp-46-20l-valvoline\\\/#primaryimage\"},\"image\":{\"@id\":\"https:\\\/\\\/ranoja.ee\\\/toode\\\/hudraulikaoli-ultramax-hlp-46-20l-valvoline\\\/#primaryimage\"},\"thumbnailUrl\":\"https:\\\/\\\/ranoja.ee\\\/wp-content\\\/uploads\\\/2026\\\/03\\\/5637886880.jpg\",\"datePublished\":\"2026-03-16T22:59:51+00:00\",\"dateModified\":\"2026-03-17T12:42:18+00:00\",\"breadcrumb\":{\"@id\":\"https:\\\/\\\/ranoja.ee\\\/toode\\\/hudraulikaoli-ultramax-hlp-46-20l-valvoline\\\/#breadcrumb\"},\"inLanguage\":\"en-US\",\"potentialAction\":[{\"@type\":\"ReadAction\",\"target\":[\"https:\\\/\\\/ranoja.ee\\\/toode\\\/hudraulikaoli-ultramax-hlp-46-20l-valvoline\\\/\"]}]},{\"@type\":\"ImageObject\",\"inLanguage\":\"en-US\",\"@id\":\"https:\\\/\\\/ranoja.ee\\\/toode\\\/hudraulikaoli-ultramax-hlp-46-20l-valvoline\\\/#primaryimage\",\"url\":\"https:\\\/\\\/ranoja.ee\\\/wp-content\\\/uploads\\\/2026\\\/03\\\/5637886880.jpg\",\"contentUrl\":\"https:\\\/\\\/ranoja.ee\\\/wp-content\\\/uploads\\\/2026\\\/03\\\/5637886880.jpg\",\"width\":893,\"height\":900},{\"@type\":\"BreadcrumbList\",\"@id\":\"https:\\\/\\\/ranoja.ee\\\/toode\\\/hudraulikaoli-ultramax-hlp-46-20l-valvoline\\\/#breadcrumb\",\"itemListElement\":[{\"@type\":\"ListItem\",\"position\":1,\"name\":\"Home\",\"item\":\"https:\\\/\\\/ranoja.ee\\\/\"},{\"@type\":\"ListItem\",\"position\":2,\"name\":\"Shop\",\"item\":\"https:\\\/\\\/ranoja.ee\\\/en\\\/shop\\\/\"},{\"@type\":\"ListItem\",\"position\":3,\"name\":\"H\u00fcdraulika\u00f5li Ultramax HLP 46 20L, Valvoline\"}]},{\"@type\":\"WebSite\",\"@id\":\"https:\\\/\\\/ranoja.ee\\\/#website\",\"url\":\"https:\\\/\\\/ranoja.ee\\\/\",\"name\":\"Ranoja\",\"description\":\"Equipment Shop WooCommerce WordPress Theme for Machine &amp; Tools\",\"publisher\":{\"@id\":\"https:\\\/\\\/ranoja.ee\\\/#organization\"},\"potentialAction\":[{\"@type\":\"SearchAction\",\"target\":{\"@type\":\"EntryPoint\",\"urlTemplate\":\"https:\\\/\\\/ranoja.ee\\\/?s={search_term_string}\"},\"query-input\":{\"@type\":\"PropertyValueSpecification\",\"valueRequired\":true,\"valueName\":\"search_term_string\"}}],\"inLanguage\":\"en-US\"},{\"@type\":\"Organization\",\"@id\":\"https:\\\/\\\/ranoja.ee\\\/#organization\",\"name\":\"Ranoja O\u00dc\",\"url\":\"https:\\\/\\\/ranoja.ee\\\/\",\"logo\":{\"@type\":\"ImageObject\",\"inLanguage\":\"en-US\",\"@id\":\"https:\\\/\\\/ranoja.ee\\\/#\\\/schema\\\/logo\\\/image\\\/\",\"url\":\"https:\\\/\\\/ranoja.ee\\\/wp-content\\\/uploads\\\/2023\\\/11\\\/ranoja-Logo.png\",\"contentUrl\":\"https:\\\/\\\/ranoja.ee\\\/wp-content\\\/uploads\\\/2023\\\/11\\\/ranoja-Logo.png\",\"width\":207,\"height\":58,\"caption\":\"Ranoja O\u00dc\"},\"image\":{\"@id\":\"https:\\\/\\\/ranoja.ee\\\/#\\\/schema\\\/logo\\\/image\\\/\"},\"sameAs\":[\"https:\\\/\\\/www.facebook.com\\\/ranoja.ee\",\"https:\\\/\\\/www.instagram.com\\\/ranoja__\\\/\"]}]}<\/script>\n<!-- \/ Yoast SEO plugin. -->","yoast_head_json":{"title":"H\u00fcdraulika\u00f5li Ultramax HLP 46 20L, Valvoline - Ranoja","robots":{"index":"index","follow":"follow","max-snippet":"max-snippet:-1","max-image-preview":"max-image-preview:large","max-video-preview":"max-video-preview:-1"},"canonical":"https:\/\/ranoja.ee\/toode\/hudraulikaoli-ultramax-hlp-46-20l-valvoline\/","og_locale":"en_US","og_type":"article","og_title":"H\u00fcdraulika\u00f5li Ultramax HLP 46 20L, Valvoline - Ranoja","og_description":"Premiumklassi h\u00fcdraulika\u00f5li mis on spetsiaalselt v\u00e4ljat\u00f6\u00f6tatud t\u00e4itmaks t\u00e4nap\u00e4eva t\u00f6\u00f6stus- ja ehitusseadmete k\u00f5rgendatud n\u00f5udeid. Sobib kasutamiseks igat t\u00fc\u00fcpi h\u00fcdraulikas\u00fcteemides nagu t\u00f5steseadmed, ekskavaatorid, pressid, laadimissillad jms. Vastavus spetsifikatsioonidele: ASTM D6158 HL & HM Bosch Rexroth RDE 90235 Chinese Standard GB 11118.1 L-HL & L-HM High-pressure & General Danieli 0.000.001 Revision 15 Type 10 & 11 DIN 51524 Part 1 & 2 Eaton Brochure 03-401-2010 Eaton E-FDGN-TB002-E Fives Cincinnati P-68, P-69 and P-70 General Motors LS2 Anti-wear hydraulic Oil ISO 11158 HL & HM JCMAS HK P041 Parker Denison HF-0, HF-1, HF-2 (Revision L) SAE MS1004 Swedish Standard SS 155434:2020 U.S. Steel 126 ZF TE-ML 07H","og_url":"https:\/\/ranoja.ee\/toode\/hudraulikaoli-ultramax-hlp-46-20l-valvoline\/","og_site_name":"Ranoja","article_publisher":"https:\/\/www.facebook.com\/ranoja.ee","article_modified_time":"2026-03-17T12:42:18+00:00","og_image":[{"width":893,"height":900,"url":"https:\/\/ranoja.ee\/wp-content\/uploads\/2026\/03\/5637886880.jpg","type":"image\/jpeg"}],"twitter_card":"summary_large_image","schema":{"@context":"https:\/\/schema.org","@graph":[{"@type":"WebPage","@id":"https:\/\/ranoja.ee\/toode\/hudraulikaoli-ultramax-hlp-46-20l-valvoline\/","url":"https:\/\/ranoja.ee\/toode\/hudraulikaoli-ultramax-hlp-46-20l-valvoline\/","name":"H\u00fcdraulika\u00f5li Ultramax HLP 46 20L, Valvoline - Ranoja","isPartOf":{"@id":"https:\/\/ranoja.ee\/#website"},"primaryImageOfPage":{"@id":"https:\/\/ranoja.ee\/toode\/hudraulikaoli-ultramax-hlp-46-20l-valvoline\/#primaryimage"},"image":{"@id":"https:\/\/ranoja.ee\/toode\/hudraulikaoli-ultramax-hlp-46-20l-valvoline\/#primaryimage"},"thumbnailUrl":"https:\/\/ranoja.ee\/wp-content\/uploads\/2026\/03\/5637886880.jpg","datePublished":"2026-03-16T22:59:51+00:00","dateModified":"2026-03-17T12:42:18+00:00","breadcrumb":{"@id":"https:\/\/ranoja.ee\/toode\/hudraulikaoli-ultramax-hlp-46-20l-valvoline\/#breadcrumb"},"inLanguage":"en-US","potentialAction":[{"@type":"ReadAction","target":["https:\/\/ranoja.ee\/toode\/hudraulikaoli-ultramax-hlp-46-20l-valvoline\/"]}]},{"@type":"ImageObject","inLanguage":"en-US","@id":"https:\/\/ranoja.ee\/toode\/hudraulikaoli-ultramax-hlp-46-20l-valvoline\/#primaryimage","url":"https:\/\/ranoja.ee\/wp-content\/uploads\/2026\/03\/5637886880.jpg","contentUrl":"https:\/\/ranoja.ee\/wp-content\/uploads\/2026\/03\/5637886880.jpg","width":893,"height":900},{"@type":"BreadcrumbList","@id":"https:\/\/ranoja.ee\/toode\/hudraulikaoli-ultramax-hlp-46-20l-valvoline\/#breadcrumb","itemListElement":[{"@type":"ListItem","position":1,"name":"Home","item":"https:\/\/ranoja.ee\/"},{"@type":"ListItem","position":2,"name":"Shop","item":"https:\/\/ranoja.ee\/en\/shop\/"},{"@type":"ListItem","position":3,"name":"H\u00fcdraulika\u00f5li Ultramax HLP 46 20L, Valvoline"}]},{"@type":"WebSite","@id":"https:\/\/ranoja.ee\/#website","url":"https:\/\/ranoja.ee\/","name":"Ranoja","description":"Equipment Shop WooCommerce WordPress Theme for Machine &amp; Tools","publisher":{"@id":"https:\/\/ranoja.ee\/#organization"},"potentialAction":[{"@type":"SearchAction","target":{"@type":"EntryPoint","urlTemplate":"https:\/\/ranoja.ee\/?s={search_term_string}"},"query-input":{"@type":"PropertyValueSpecification","valueRequired":true,"valueName":"search_term_string"}}],"inLanguage":"en-US"},{"@type":"Organization","@id":"https:\/\/ranoja.ee\/#organization","name":"Ranoja O\u00dc","url":"https:\/\/ranoja.ee\/","logo":{"@type":"ImageObject","inLanguage":"en-US","@id":"https:\/\/ranoja.ee\/#\/schema\/logo\/image\/","url":"https:\/\/ranoja.ee\/wp-content\/uploads\/2023\/11\/ranoja-Logo.png","contentUrl":"https:\/\/ranoja.ee\/wp-content\/uploads\/2023\/11\/ranoja-Logo.png","width":207,"height":58,"caption":"Ranoja O\u00dc"},"image":{"@id":"https:\/\/ranoja.ee\/#\/schema\/logo\/image\/"},"sameAs":["https:\/\/www.facebook.com\/ranoja.ee","https:\/\/www.instagram.com\/ranoja__\/"]}]}},"_links":{"self":[{"href":"https:\/\/ranoja.ee\/en\/wp-json\/wp\/v2\/product\/58473","targetHints":{"allow":["GET"]}}],"collection":[{"href":"https:\/\/ranoja.ee\/en\/wp-json\/wp\/v2\/product"}],"about":[{"href":"https:\/\/ranoja.ee\/en\/wp-json\/wp\/v2\/types\/product"}],"wp:featuredmedia":[{"embeddable":true,"href":"https:\/\/ranoja.ee\/en\/wp-json\/wp\/v2\/media\/58474"}],"wp:attachment":[{"href":"https:\/\/ranoja.ee\/en\/wp-json\/wp\/v2\/media?parent=58473"}],"wp:term":[{"taxonomy":"product_cat","embeddable":true,"href":"https:\/\/ranoja.ee\/en\/wp-json\/wp\/v2\/product_cat?post=58473"},{"taxonomy":"product_tag","embeddable":true,"href":"https:\/\/ranoja.ee\/en\/wp-json\/wp\/v2\/product_tag?post=58473"}],"curies":[{"name":"wp","href":"https:\/\/api.w.org\/{rel}","templated":true}]}}