{"id":58447,"date":"2026-03-17T01:59:26","date_gmt":"2026-03-16T22:59:26","guid":{"rendered":"https:\/\/ranoja.ee\/toode\/tooriistakaru-7-sahtlit-ja-263-tooriista-ja-tarvikut-tw1000-scheppach\/"},"modified":"2026-03-17T15:42:18","modified_gmt":"2026-03-17T12:42:18","slug":"tooriistakaru-7-sahtlit-ja-263-tooriista-ja-tarvikut-tw1000-scheppach","status":"publish","type":"product","link":"https:\/\/ranoja.ee\/en\/toode\/tooriistakaru-7-sahtlit-ja-263-tooriista-ja-tarvikut-tw1000-scheppach\/","title":{"rendered":"T\u00f6\u00f6riistak\u00e4ru 7 sahtlit ja 263 t\u00f6\u00f6riista ja tarvikut TW1000, Scheppach"},"content":{"rendered":"","protected":false},"excerpt":{"rendered":"<p>Scheppach TW1000 t\u00f6\u00f6riistakapp \u2013 263-osaline mobiilne t\u00f6\u00f6koda<\/p>\n<p>Alati \u00f5iged t\u00f6\u00f6riistad k\u00e4eulatuses! Scheppach TW1000 t\u00f6\u00f6riistakapp toob Sinu t\u00f6\u00f6kotta v\u00f5i garaa\u017ei t\u00e4ieliku ja kvaliteetse t\u00f6\u00f6riistakomplekti ratastel. Vastupidav ja lukustatav kapp on t\u00e4idetud 263 professionaalse t\u00f6\u00f6riistaga, millel on oma kindel koht, tagades kiire ja mugava ligip\u00e4\u00e4su.<\/p>\n<p>T\u00e4nu suurtele lukustusfunktsiooniga ratastele on kappi lihtne liigutada ja turvaliselt paigaldada. Pehme kattega k\u00e4epidemed muudavad transportimise mugavaks, samas kui suur pealmine t\u00f6\u00f6pind ja lisa-avadega k\u00fclgpaneelid pakuvad t\u00e4iendavaid hoiustamisv\u00f5imalusi.<\/p>\n<p>Eelised:<\/p>\n<p>7 avarat ja kergelt liikuvat sahtlit (3 t\u00fchja sahtlit oma t\u00f6\u00f6riistade jaoks)<\/p>\n<p>Lukustatav konstruktsioon t\u00f6\u00f6riistade turvaliseks hoidmiseks<\/p>\n<p>263 kvaliteetset Cr-V terasest t\u00f6\u00f6riista (Kroom-vanadium teras)<\/p>\n<p>Kandev\u00f5ime kuni 450 kg<\/p>\n<p>Suured, sujuvalt veerevad rattad lukustusfunktsiooniga<\/p>\n<p>Mugavad Soft-Grip k\u00e4epidemed<\/p>\n<p>T\u00e4iendavad hoiuv\u00f5imalused k\u00fclgedel<\/p>\n<p>Tehnilised andmed:<\/p>\n<p>M\u00f5\u00f5dud (P x L x K): 770 x 460 x 970 mm<\/p>\n<p>Sahtlite k\u00f5rgus: 58 \/ 128 \/ 195 mm<\/p>\n<p>Sahtlite arv: 7<\/p>\n<p>Kaal: 66 \/ 81 kg (neto \/ bruto)<\/p>\n<p>Materjal: kroom-vanadium teras<\/p>\n<p>Maksimaalne kandev\u00f5ime: 450 kg<\/p>\n<p>Komplektis olevad t\u00f6\u00f6riistad:<\/p>\n<p>1. sahtel:<\/p>\n<p>13 padrunit (4 \/ 4,5 \/ 5 \/ 5,5 \/ 6 \/ 7 \/ 8 \/ 9 \/ 10 \/ 11 \/ 12 \/ 13 \/ 14 mm)<\/p>\n<p>1 kardaanliigendadapter 1\/4&#8243;<\/p>\n<p>1 T-k\u00e4epidemega liigendpadrunv\u00f5ti 1\/4&#8243;<\/p>\n<p>2 pikendust (50 mm \/ 100 mm)<\/p>\n<p>1 p\u00f6\u00f6rdk\u00e4epide 1\/4&#8243;<\/p>\n<p>1 padrunikeeraja 1\/4&#8243;<\/p>\n<p>17 padrunit (10 \/ 11 \/ 12 \/ 13 \/ 14 \/ 15 \/ 16 \/ 17 \/ 18 \/ 19 \/ 21 \/ 22 \/ 23 \/ 24 \/ 27 \/ 30 \/ 32 mm)<\/p>\n<p>1 kardaanliigendadapter<\/p>\n<p>1 T-k\u00e4epidemega liigendpadrunv\u00f5ti 1\/2&#8243;<\/p>\n<p>2 pikendust 1\/2&#8243; (125 mm \/ 250 mm)<\/p>\n<p>1 p\u00f6\u00f6rdk\u00e4epide 1\/2&#8243;<\/p>\n<p>6 T-kujulist kuuskantv\u00f5tit (6 x 150 mm \/ 5 x 150 mm \/ 4 x 150 mm \/ 3 x 100 mm \/ 2,5 x 100 mm \/ 2 x 100 mm)<\/p>\n<p>2. sahtel:<\/p>\n<p>4 seegeritange<\/p>\n<p>1 kombineeritud tangid<\/p>\n<p>1 k\u00fclgtangid<\/p>\n<p>1 pikad ninatangid<\/p>\n<p>6 lapikpeakruvikeerajat (PH2 x 38 mm \/ PH0 x 75 mm \/ PH1 x 100 mm \/ PH2 x 100 mm \/ PH2 x 150 mm \/ PH3 x 200 mm)<\/p>\n<p>3. sahtel:<\/p>\n<p>6 ristpeakruvikeerajat (SL6 x 38 mm \/ SL3 x 75 mm \/ SL4 x 100 mm \/ SL5 x 100 mm \/ SL6 x 150 mm \/ SL8 x 200 mm)<\/p>\n<p>Pressimistarvikute komplekt, 160 tk<\/p>\n<p>1 pressimistangid<\/p>\n<p>6 isoleeritud kruvikeerajat (SL3 x 75 mm \/ SL4 x 100 mm \/ SL5,5 x 125 mm \/ PH0 x 75 mm \/ PH1 x 100 mm \/ PH2 x 100 mm)<\/p>\n<p>7 t\u00e4ppiskruvikeerajat (SL1,4 \/ 2 \/ 2,4 \/ 3 \/ PH0 \/ 00 \/ 1)<\/p>\n<p>8 kuuskantv\u00f5tit (T9 \/ T10 \/ T15 \/ T20 \/ T25 \/ T27 \/ T30 \/ T40)<\/p>\n<p>1 faasitester<\/p>\n<p>4. sahtel:<\/p>\n<p>1 metallvasar 500 g<\/p>\n<p>1 plastik vasar 35 mm<\/p>\n<p>12 lehtv\u00f5tmed (8 \/ 9 \/ 10 \/ 12 \/ 13 \/ 14 \/ 15 \/ 16 \/ 17 \/ 18 \/ 20 \/ 22 mm)<\/p>\n","protected":false},"featured_media":58448,"template":"","meta":{"inline_featured_image":false},"product_cat":[1596,1116,5234,5267],"product_tag":[],"class_list":{"0":"post-58447","1":"product","2":"type-product","3":"status-publish","4":"has-post-thumbnail","6":"product_brand-scheppach","7":"product_cat-kasitooriistad","8":"product_cat-lisaseadmed-ehitusseadmed-led-lisatuled-cb-raadiod-lallar","9":"product_cat-tooriistakastid-ja-karud","10":"product_cat-tooriistakomplektidega-tooriistakarud","12":"first","13":"instock","14":"purchasable","15":"product-type-simple"},"yoast_head":"<!-- This site is optimized with the Yoast SEO plugin v27.4 - https:\/\/yoast.com\/product\/yoast-seo-wordpress\/ -->\n<title>T\u00f6\u00f6riistak\u00e4ru 7 sahtlit ja 263 t\u00f6\u00f6riista ja tarvikut TW1000, Scheppach - Ranoja<\/title>\n<meta name=\"robots\" content=\"index, follow, max-snippet:-1, max-image-preview:large, max-video-preview:-1\" \/>\n<link rel=\"canonical\" href=\"https:\/\/ranoja.ee\/toode\/tooriistakaru-7-sahtlit-ja-263-tooriista-ja-tarvikut-tw1000-scheppach\/\" \/>\n<meta property=\"og:locale\" content=\"en_US\" \/>\n<meta property=\"og:type\" content=\"article\" \/>\n<meta property=\"og:title\" content=\"T\u00f6\u00f6riistak\u00e4ru 7 sahtlit ja 263 t\u00f6\u00f6riista ja tarvikut TW1000, Scheppach - Ranoja\" \/>\n<meta property=\"og:description\" content=\"Scheppach TW1000 t\u00f6\u00f6riistakapp \u2013 263-osaline mobiilne t\u00f6\u00f6koda Alati \u00f5iged t\u00f6\u00f6riistad k\u00e4eulatuses! Scheppach TW1000 t\u00f6\u00f6riistakapp toob Sinu t\u00f6\u00f6kotta v\u00f5i garaa\u017ei t\u00e4ieliku ja kvaliteetse t\u00f6\u00f6riistakomplekti ratastel. Vastupidav ja lukustatav kapp on t\u00e4idetud 263 professionaalse t\u00f6\u00f6riistaga, millel on oma kindel koht, tagades kiire ja mugava ligip\u00e4\u00e4su. T\u00e4nu suurtele lukustusfunktsiooniga ratastele on kappi lihtne liigutada ja turvaliselt paigaldada. Pehme kattega k\u00e4epidemed muudavad transportimise mugavaks, samas kui suur pealmine t\u00f6\u00f6pind ja lisa-avadega k\u00fclgpaneelid pakuvad t\u00e4iendavaid hoiustamisv\u00f5imalusi. Eelised: 7 avarat ja kergelt liikuvat sahtlit (3 t\u00fchja sahtlit oma t\u00f6\u00f6riistade jaoks) Lukustatav konstruktsioon t\u00f6\u00f6riistade turvaliseks hoidmiseks 263 kvaliteetset Cr-V terasest t\u00f6\u00f6riista (Kroom-vanadium teras) Kandev\u00f5ime kuni 450 kg Suured, sujuvalt veerevad rattad lukustusfunktsiooniga Mugavad Soft-Grip k\u00e4epidemed T\u00e4iendavad hoiuv\u00f5imalused k\u00fclgedel Tehnilised andmed: M\u00f5\u00f5dud (P x L x K): 770 x 460 x 970 mm Sahtlite k\u00f5rgus: 58 \/ 128 \/ 195 mm Sahtlite arv: 7 Kaal: 66 \/ 81 kg (neto \/ bruto) Materjal: kroom-vanadium teras Maksimaalne kandev\u00f5ime: 450 kg Komplektis olevad t\u00f6\u00f6riistad: 1. sahtel: 13 padrunit (4 \/ 4,5 \/ 5 \/ 5,5 \/ 6 \/ 7 \/ 8 \/ 9 \/ 10 \/ 11 \/ 12 \/ 13 \/ 14 mm) 1 kardaanliigendadapter 1\/4&quot; 1 T-k\u00e4epidemega liigendpadrunv\u00f5ti 1\/4&quot; 2 pikendust (50 mm \/ 100 mm) 1 p\u00f6\u00f6rdk\u00e4epide 1\/4&quot; 1 padrunikeeraja 1\/4&quot; 17 padrunit (10 \/ 11 \/ 12 \/ 13 \/ 14 \/ 15 \/ 16 \/ 17 \/ 18 \/ 19 \/ 21 \/ 22 \/ 23 \/ 24 \/ 27 \/ 30 \/ 32 mm) 1 kardaanliigendadapter 1 T-k\u00e4epidemega liigendpadrunv\u00f5ti 1\/2&quot; 2 pikendust 1\/2&quot; (125 mm \/ 250 mm) 1 p\u00f6\u00f6rdk\u00e4epide 1\/2&quot; 6 T-kujulist kuuskantv\u00f5tit (6 x 150 mm \/ 5 x 150 mm \/ 4 x 150 mm \/ 3 x 100 mm \/ 2,5 x 100 mm \/ 2 x 100 mm) 2. sahtel: 4 seegeritange 1 kombineeritud tangid 1 k\u00fclgtangid 1 pikad ninatangid 6 lapikpeakruvikeerajat (PH2 x 38 mm \/ PH0 x 75 mm \/ PH1 x 100 mm \/ PH2 x 100 mm \/ PH2 x 150 mm \/ PH3 x 200 mm) 3. sahtel: 6 ristpeakruvikeerajat (SL6 x 38 mm \/ SL3 x 75 mm \/ SL4 x 100 mm \/ SL5 x 100 mm \/ SL6 x 150 mm \/ SL8 x 200 mm) Pressimistarvikute komplekt, 160 tk 1 pressimistangid 6 isoleeritud kruvikeerajat (SL3 x 75 mm \/ SL4 x 100 mm \/ SL5,5 x 125 mm \/ PH0 x 75 mm \/ PH1 x 100 mm \/ PH2 x 100 mm) 7 t\u00e4ppiskruvikeerajat (SL1,4 \/ 2 \/ 2,4 \/ 3 \/ PH0 \/ 00 \/ 1) 8 kuuskantv\u00f5tit (T9 \/ T10 \/ T15 \/ T20 \/ T25 \/ T27 \/ T30 \/ T40) 1 faasitester 4. sahtel: 1 metallvasar 500 g 1 plastik vasar 35 mm 12 lehtv\u00f5tmed (8 \/ 9 \/ 10 \/ 12 \/ 13 \/ 14 \/ 15 \/ 16 \/ 17 \/ 18 \/ 20 \/ 22 mm)\" \/>\n<meta property=\"og:url\" content=\"https:\/\/ranoja.ee\/toode\/tooriistakaru-7-sahtlit-ja-263-tooriista-ja-tarvikut-tw1000-scheppach\/\" \/>\n<meta property=\"og:site_name\" content=\"Ranoja\" \/>\n<meta property=\"article:publisher\" content=\"https:\/\/www.facebook.com\/ranoja.ee\" \/>\n<meta property=\"article:modified_time\" content=\"2026-03-17T12:42:18+00:00\" \/>\n<meta property=\"og:image\" content=\"https:\/\/ranoja.ee\/wp-content\/uploads\/2026\/03\/232066794.jpg\" \/>\n\t<meta property=\"og:image:width\" content=\"565\" \/>\n\t<meta property=\"og:image:height\" content=\"768\" \/>\n\t<meta property=\"og:image:type\" content=\"image\/jpeg\" \/>\n<meta name=\"twitter:card\" content=\"summary_large_image\" \/>\n<script type=\"application\/ld+json\" class=\"yoast-schema-graph\">{\"@context\":\"https:\\\/\\\/schema.org\",\"@graph\":[{\"@type\":\"WebPage\",\"@id\":\"https:\\\/\\\/ranoja.ee\\\/toode\\\/tooriistakaru-7-sahtlit-ja-263-tooriista-ja-tarvikut-tw1000-scheppach\\\/\",\"url\":\"https:\\\/\\\/ranoja.ee\\\/toode\\\/tooriistakaru-7-sahtlit-ja-263-tooriista-ja-tarvikut-tw1000-scheppach\\\/\",\"name\":\"T\u00f6\u00f6riistak\u00e4ru 7 sahtlit ja 263 t\u00f6\u00f6riista ja tarvikut TW1000, Scheppach - Ranoja\",\"isPartOf\":{\"@id\":\"https:\\\/\\\/ranoja.ee\\\/#website\"},\"primaryImageOfPage\":{\"@id\":\"https:\\\/\\\/ranoja.ee\\\/toode\\\/tooriistakaru-7-sahtlit-ja-263-tooriista-ja-tarvikut-tw1000-scheppach\\\/#primaryimage\"},\"image\":{\"@id\":\"https:\\\/\\\/ranoja.ee\\\/toode\\\/tooriistakaru-7-sahtlit-ja-263-tooriista-ja-tarvikut-tw1000-scheppach\\\/#primaryimage\"},\"thumbnailUrl\":\"https:\\\/\\\/ranoja.ee\\\/wp-content\\\/uploads\\\/2026\\\/03\\\/232066794.jpg\",\"datePublished\":\"2026-03-16T22:59:26+00:00\",\"dateModified\":\"2026-03-17T12:42:18+00:00\",\"breadcrumb\":{\"@id\":\"https:\\\/\\\/ranoja.ee\\\/toode\\\/tooriistakaru-7-sahtlit-ja-263-tooriista-ja-tarvikut-tw1000-scheppach\\\/#breadcrumb\"},\"inLanguage\":\"en-US\",\"potentialAction\":[{\"@type\":\"ReadAction\",\"target\":[\"https:\\\/\\\/ranoja.ee\\\/toode\\\/tooriistakaru-7-sahtlit-ja-263-tooriista-ja-tarvikut-tw1000-scheppach\\\/\"]}]},{\"@type\":\"ImageObject\",\"inLanguage\":\"en-US\",\"@id\":\"https:\\\/\\\/ranoja.ee\\\/toode\\\/tooriistakaru-7-sahtlit-ja-263-tooriista-ja-tarvikut-tw1000-scheppach\\\/#primaryimage\",\"url\":\"https:\\\/\\\/ranoja.ee\\\/wp-content\\\/uploads\\\/2026\\\/03\\\/232066794.jpg\",\"contentUrl\":\"https:\\\/\\\/ranoja.ee\\\/wp-content\\\/uploads\\\/2026\\\/03\\\/232066794.jpg\",\"width\":565,\"height\":768},{\"@type\":\"BreadcrumbList\",\"@id\":\"https:\\\/\\\/ranoja.ee\\\/toode\\\/tooriistakaru-7-sahtlit-ja-263-tooriista-ja-tarvikut-tw1000-scheppach\\\/#breadcrumb\",\"itemListElement\":[{\"@type\":\"ListItem\",\"position\":1,\"name\":\"Home\",\"item\":\"https:\\\/\\\/ranoja.ee\\\/\"},{\"@type\":\"ListItem\",\"position\":2,\"name\":\"Shop\",\"item\":\"https:\\\/\\\/ranoja.ee\\\/en\\\/shop\\\/\"},{\"@type\":\"ListItem\",\"position\":3,\"name\":\"T\u00f6\u00f6riistak\u00e4ru 7 sahtlit ja 263 t\u00f6\u00f6riista ja tarvikut TW1000, Scheppach\"}]},{\"@type\":\"WebSite\",\"@id\":\"https:\\\/\\\/ranoja.ee\\\/#website\",\"url\":\"https:\\\/\\\/ranoja.ee\\\/\",\"name\":\"Ranoja\",\"description\":\"Equipment Shop WooCommerce WordPress Theme for Machine &amp; Tools\",\"publisher\":{\"@id\":\"https:\\\/\\\/ranoja.ee\\\/#organization\"},\"potentialAction\":[{\"@type\":\"SearchAction\",\"target\":{\"@type\":\"EntryPoint\",\"urlTemplate\":\"https:\\\/\\\/ranoja.ee\\\/?s={search_term_string}\"},\"query-input\":{\"@type\":\"PropertyValueSpecification\",\"valueRequired\":true,\"valueName\":\"search_term_string\"}}],\"inLanguage\":\"en-US\"},{\"@type\":\"Organization\",\"@id\":\"https:\\\/\\\/ranoja.ee\\\/#organization\",\"name\":\"Ranoja O\u00dc\",\"url\":\"https:\\\/\\\/ranoja.ee\\\/\",\"logo\":{\"@type\":\"ImageObject\",\"inLanguage\":\"en-US\",\"@id\":\"https:\\\/\\\/ranoja.ee\\\/#\\\/schema\\\/logo\\\/image\\\/\",\"url\":\"https:\\\/\\\/ranoja.ee\\\/wp-content\\\/uploads\\\/2023\\\/11\\\/ranoja-Logo.png\",\"contentUrl\":\"https:\\\/\\\/ranoja.ee\\\/wp-content\\\/uploads\\\/2023\\\/11\\\/ranoja-Logo.png\",\"width\":207,\"height\":58,\"caption\":\"Ranoja O\u00dc\"},\"image\":{\"@id\":\"https:\\\/\\\/ranoja.ee\\\/#\\\/schema\\\/logo\\\/image\\\/\"},\"sameAs\":[\"https:\\\/\\\/www.facebook.com\\\/ranoja.ee\",\"https:\\\/\\\/www.instagram.com\\\/ranoja__\\\/\"]}]}<\/script>\n<!-- \/ Yoast SEO plugin. -->","yoast_head_json":{"title":"T\u00f6\u00f6riistak\u00e4ru 7 sahtlit ja 263 t\u00f6\u00f6riista ja tarvikut TW1000, Scheppach - Ranoja","robots":{"index":"index","follow":"follow","max-snippet":"max-snippet:-1","max-image-preview":"max-image-preview:large","max-video-preview":"max-video-preview:-1"},"canonical":"https:\/\/ranoja.ee\/toode\/tooriistakaru-7-sahtlit-ja-263-tooriista-ja-tarvikut-tw1000-scheppach\/","og_locale":"en_US","og_type":"article","og_title":"T\u00f6\u00f6riistak\u00e4ru 7 sahtlit ja 263 t\u00f6\u00f6riista ja tarvikut TW1000, Scheppach - Ranoja","og_description":"Scheppach TW1000 t\u00f6\u00f6riistakapp \u2013 263-osaline mobiilne t\u00f6\u00f6koda Alati \u00f5iged t\u00f6\u00f6riistad k\u00e4eulatuses! Scheppach TW1000 t\u00f6\u00f6riistakapp toob Sinu t\u00f6\u00f6kotta v\u00f5i garaa\u017ei t\u00e4ieliku ja kvaliteetse t\u00f6\u00f6riistakomplekti ratastel. Vastupidav ja lukustatav kapp on t\u00e4idetud 263 professionaalse t\u00f6\u00f6riistaga, millel on oma kindel koht, tagades kiire ja mugava ligip\u00e4\u00e4su. T\u00e4nu suurtele lukustusfunktsiooniga ratastele on kappi lihtne liigutada ja turvaliselt paigaldada. Pehme kattega k\u00e4epidemed muudavad transportimise mugavaks, samas kui suur pealmine t\u00f6\u00f6pind ja lisa-avadega k\u00fclgpaneelid pakuvad t\u00e4iendavaid hoiustamisv\u00f5imalusi. Eelised: 7 avarat ja kergelt liikuvat sahtlit (3 t\u00fchja sahtlit oma t\u00f6\u00f6riistade jaoks) Lukustatav konstruktsioon t\u00f6\u00f6riistade turvaliseks hoidmiseks 263 kvaliteetset Cr-V terasest t\u00f6\u00f6riista (Kroom-vanadium teras) Kandev\u00f5ime kuni 450 kg Suured, sujuvalt veerevad rattad lukustusfunktsiooniga Mugavad Soft-Grip k\u00e4epidemed T\u00e4iendavad hoiuv\u00f5imalused k\u00fclgedel Tehnilised andmed: M\u00f5\u00f5dud (P x L x K): 770 x 460 x 970 mm Sahtlite k\u00f5rgus: 58 \/ 128 \/ 195 mm Sahtlite arv: 7 Kaal: 66 \/ 81 kg (neto \/ bruto) Materjal: kroom-vanadium teras Maksimaalne kandev\u00f5ime: 450 kg Komplektis olevad t\u00f6\u00f6riistad: 1. sahtel: 13 padrunit (4 \/ 4,5 \/ 5 \/ 5,5 \/ 6 \/ 7 \/ 8 \/ 9 \/ 10 \/ 11 \/ 12 \/ 13 \/ 14 mm) 1 kardaanliigendadapter 1\/4\" 1 T-k\u00e4epidemega liigendpadrunv\u00f5ti 1\/4\" 2 pikendust (50 mm \/ 100 mm) 1 p\u00f6\u00f6rdk\u00e4epide 1\/4\" 1 padrunikeeraja 1\/4\" 17 padrunit (10 \/ 11 \/ 12 \/ 13 \/ 14 \/ 15 \/ 16 \/ 17 \/ 18 \/ 19 \/ 21 \/ 22 \/ 23 \/ 24 \/ 27 \/ 30 \/ 32 mm) 1 kardaanliigendadapter 1 T-k\u00e4epidemega liigendpadrunv\u00f5ti 1\/2\" 2 pikendust 1\/2\" (125 mm \/ 250 mm) 1 p\u00f6\u00f6rdk\u00e4epide 1\/2\" 6 T-kujulist kuuskantv\u00f5tit (6 x 150 mm \/ 5 x 150 mm \/ 4 x 150 mm \/ 3 x 100 mm \/ 2,5 x 100 mm \/ 2 x 100 mm) 2. sahtel: 4 seegeritange 1 kombineeritud tangid 1 k\u00fclgtangid 1 pikad ninatangid 6 lapikpeakruvikeerajat (PH2 x 38 mm \/ PH0 x 75 mm \/ PH1 x 100 mm \/ PH2 x 100 mm \/ PH2 x 150 mm \/ PH3 x 200 mm) 3. sahtel: 6 ristpeakruvikeerajat (SL6 x 38 mm \/ SL3 x 75 mm \/ SL4 x 100 mm \/ SL5 x 100 mm \/ SL6 x 150 mm \/ SL8 x 200 mm) Pressimistarvikute komplekt, 160 tk 1 pressimistangid 6 isoleeritud kruvikeerajat (SL3 x 75 mm \/ SL4 x 100 mm \/ SL5,5 x 125 mm \/ PH0 x 75 mm \/ PH1 x 100 mm \/ PH2 x 100 mm) 7 t\u00e4ppiskruvikeerajat (SL1,4 \/ 2 \/ 2,4 \/ 3 \/ PH0 \/ 00 \/ 1) 8 kuuskantv\u00f5tit (T9 \/ T10 \/ T15 \/ T20 \/ T25 \/ T27 \/ T30 \/ T40) 1 faasitester 4. sahtel: 1 metallvasar 500 g 1 plastik vasar 35 mm 12 lehtv\u00f5tmed (8 \/ 9 \/ 10 \/ 12 \/ 13 \/ 14 \/ 15 \/ 16 \/ 17 \/ 18 \/ 20 \/ 22 mm)","og_url":"https:\/\/ranoja.ee\/toode\/tooriistakaru-7-sahtlit-ja-263-tooriista-ja-tarvikut-tw1000-scheppach\/","og_site_name":"Ranoja","article_publisher":"https:\/\/www.facebook.com\/ranoja.ee","article_modified_time":"2026-03-17T12:42:18+00:00","og_image":[{"width":565,"height":768,"url":"https:\/\/ranoja.ee\/wp-content\/uploads\/2026\/03\/232066794.jpg","type":"image\/jpeg"}],"twitter_card":"summary_large_image","schema":{"@context":"https:\/\/schema.org","@graph":[{"@type":"WebPage","@id":"https:\/\/ranoja.ee\/toode\/tooriistakaru-7-sahtlit-ja-263-tooriista-ja-tarvikut-tw1000-scheppach\/","url":"https:\/\/ranoja.ee\/toode\/tooriistakaru-7-sahtlit-ja-263-tooriista-ja-tarvikut-tw1000-scheppach\/","name":"T\u00f6\u00f6riistak\u00e4ru 7 sahtlit ja 263 t\u00f6\u00f6riista ja tarvikut TW1000, Scheppach - Ranoja","isPartOf":{"@id":"https:\/\/ranoja.ee\/#website"},"primaryImageOfPage":{"@id":"https:\/\/ranoja.ee\/toode\/tooriistakaru-7-sahtlit-ja-263-tooriista-ja-tarvikut-tw1000-scheppach\/#primaryimage"},"image":{"@id":"https:\/\/ranoja.ee\/toode\/tooriistakaru-7-sahtlit-ja-263-tooriista-ja-tarvikut-tw1000-scheppach\/#primaryimage"},"thumbnailUrl":"https:\/\/ranoja.ee\/wp-content\/uploads\/2026\/03\/232066794.jpg","datePublished":"2026-03-16T22:59:26+00:00","dateModified":"2026-03-17T12:42:18+00:00","breadcrumb":{"@id":"https:\/\/ranoja.ee\/toode\/tooriistakaru-7-sahtlit-ja-263-tooriista-ja-tarvikut-tw1000-scheppach\/#breadcrumb"},"inLanguage":"en-US","potentialAction":[{"@type":"ReadAction","target":["https:\/\/ranoja.ee\/toode\/tooriistakaru-7-sahtlit-ja-263-tooriista-ja-tarvikut-tw1000-scheppach\/"]}]},{"@type":"ImageObject","inLanguage":"en-US","@id":"https:\/\/ranoja.ee\/toode\/tooriistakaru-7-sahtlit-ja-263-tooriista-ja-tarvikut-tw1000-scheppach\/#primaryimage","url":"https:\/\/ranoja.ee\/wp-content\/uploads\/2026\/03\/232066794.jpg","contentUrl":"https:\/\/ranoja.ee\/wp-content\/uploads\/2026\/03\/232066794.jpg","width":565,"height":768},{"@type":"BreadcrumbList","@id":"https:\/\/ranoja.ee\/toode\/tooriistakaru-7-sahtlit-ja-263-tooriista-ja-tarvikut-tw1000-scheppach\/#breadcrumb","itemListElement":[{"@type":"ListItem","position":1,"name":"Home","item":"https:\/\/ranoja.ee\/"},{"@type":"ListItem","position":2,"name":"Shop","item":"https:\/\/ranoja.ee\/en\/shop\/"},{"@type":"ListItem","position":3,"name":"T\u00f6\u00f6riistak\u00e4ru 7 sahtlit ja 263 t\u00f6\u00f6riista ja tarvikut TW1000, Scheppach"}]},{"@type":"WebSite","@id":"https:\/\/ranoja.ee\/#website","url":"https:\/\/ranoja.ee\/","name":"Ranoja","description":"Equipment Shop WooCommerce WordPress Theme for Machine &amp; Tools","publisher":{"@id":"https:\/\/ranoja.ee\/#organization"},"potentialAction":[{"@type":"SearchAction","target":{"@type":"EntryPoint","urlTemplate":"https:\/\/ranoja.ee\/?s={search_term_string}"},"query-input":{"@type":"PropertyValueSpecification","valueRequired":true,"valueName":"search_term_string"}}],"inLanguage":"en-US"},{"@type":"Organization","@id":"https:\/\/ranoja.ee\/#organization","name":"Ranoja O\u00dc","url":"https:\/\/ranoja.ee\/","logo":{"@type":"ImageObject","inLanguage":"en-US","@id":"https:\/\/ranoja.ee\/#\/schema\/logo\/image\/","url":"https:\/\/ranoja.ee\/wp-content\/uploads\/2023\/11\/ranoja-Logo.png","contentUrl":"https:\/\/ranoja.ee\/wp-content\/uploads\/2023\/11\/ranoja-Logo.png","width":207,"height":58,"caption":"Ranoja O\u00dc"},"image":{"@id":"https:\/\/ranoja.ee\/#\/schema\/logo\/image\/"},"sameAs":["https:\/\/www.facebook.com\/ranoja.ee","https:\/\/www.instagram.com\/ranoja__\/"]}]}},"_links":{"self":[{"href":"https:\/\/ranoja.ee\/en\/wp-json\/wp\/v2\/product\/58447","targetHints":{"allow":["GET"]}}],"collection":[{"href":"https:\/\/ranoja.ee\/en\/wp-json\/wp\/v2\/product"}],"about":[{"href":"https:\/\/ranoja.ee\/en\/wp-json\/wp\/v2\/types\/product"}],"wp:featuredmedia":[{"embeddable":true,"href":"https:\/\/ranoja.ee\/en\/wp-json\/wp\/v2\/media\/58448"}],"wp:attachment":[{"href":"https:\/\/ranoja.ee\/en\/wp-json\/wp\/v2\/media?parent=58447"}],"wp:term":[{"taxonomy":"product_cat","embeddable":true,"href":"https:\/\/ranoja.ee\/en\/wp-json\/wp\/v2\/product_cat?post=58447"},{"taxonomy":"product_tag","embeddable":true,"href":"https:\/\/ranoja.ee\/en\/wp-json\/wp\/v2\/product_tag?post=58447"}],"curies":[{"name":"wp","href":"https:\/\/api.w.org\/{rel}","templated":true}]}}