{"id":58445,"date":"2026-03-17T01:59:26","date_gmt":"2026-03-16T22:59:26","guid":{"rendered":"https:\/\/ranoja.ee\/toode\/esmaabikomplekt-m-cederroth\/"},"modified":"2026-03-17T15:42:19","modified_gmt":"2026-03-17T12:42:19","slug":"esmaabikomplekt-m-cederroth","status":"publish","type":"product","link":"https:\/\/ranoja.ee\/en\/toode\/esmaabikomplekt-m-cederroth\/","title":{"rendered":"Esmaabikomplekt M, Cederroth"},"content":{"rendered":"","protected":false},"excerpt":{"rendered":"<p>Cederroth esmaabikomplekt on toodetud vastupidavast kummilaadsest materjalist, mis hoiab vahendid puhtana ja h\u00fcgieenilisena<br \/>\nSobib kasutamiseks ettev\u00f5tetes, kus on vaja esmaabi andmiseks ringi liikuda<br \/>\nTooted on pakendatud s\u00fcsteemselt l\u00e4bipaistvatesse plastiktaskutesse, mis teeb toodete leidmise lihtsaks ja kiireks, samuti on kohe n\u00e4ha, mida on vaja asendada.<br \/>\nK\u00f5ikidel toodetel on kergesti arusaadavad kasutusjuhendid.<br \/>\nEsmaabipaki kirkad v\u00e4rvid teevad ta juba kaugelt m\u00e4rgatavaks.<br \/>\nEsmaabipaki k\u00e4epidemel on reguleeritav takjaskinnis, mille abil on v\u00f5imalik komplekti kinnitada v\u00f5i k\u00e4e otsas kanda. <\/p>\n<p>Sisu:<br \/>\n1 Elustamismask (tellimiskood 1921&#038;CEDER)<br \/>\n2 Paari kindaid<br \/>\n6 Salvequick Haavapuhastuslapid (tellimiskood 3227&#038;CEDER)<br \/>\n2 K\u00e4tepuhastuslapid (tellimiskood 3387&#038;CEDER)<br \/>\n1 P\u00e4\u00e4stetekk, soojust peegeldav (tellimiskood 1892)<br \/>\n1 Sidemek\u00e4\u00e4rid (tellimiskood 270002&#038;CEDER)<br \/>\n1 Cederroth Traumaside 4-in-1 (tellimiskood 1910&#038;CEDER) <br \/>\n1 Cederroth Sidemepakend 4-in-1 Mini, steriilne 6cm x 3m (tellimiskood 1911&#038;CEDER) <br \/>\n1 Cederroth P\u00f5letushaava side 10&#215;10 cm, 2 tk\/pakis (tellimiskood 901900&#038;CEDER) <br \/>\n10 Salvequick plaastrit<br \/>\n4 Salvequick Maxi Cover plaastrit (tellimiskood 658024&#038;CEDER) <br \/>\n1 Elastikside, 8 cm x 4 (tellimiskood 1882&#038;CEDER) <br \/>\n1 Nimekiri esmaabipakis olevatest toodetest<br \/>\n1 Esmaabi andmise juhend<\/p>\n<p>M\u00f5\u00f5dud: L 231 x K 190 x S 78 mm<\/p>\n","protected":false},"featured_media":58446,"template":"","meta":{"inline_featured_image":false},"product_cat":[5071,5022],"product_tag":[],"class_list":{"0":"post-58445","1":"product","2":"type-product","3":"status-publish","4":"has-post-thumbnail","6":"product_brand-cederroth","7":"product_cat-esmaabivahendid","8":"product_cat-isikukaitsevahendid","10":"first","11":"outofstock","12":"purchasable","13":"product-type-simple"},"yoast_head":"<!-- This site is optimized with the Yoast SEO plugin v27.4 - https:\/\/yoast.com\/product\/yoast-seo-wordpress\/ -->\n<title>Esmaabikomplekt M, Cederroth - Ranoja<\/title>\n<meta name=\"robots\" content=\"index, follow, max-snippet:-1, max-image-preview:large, max-video-preview:-1\" \/>\n<link rel=\"canonical\" href=\"https:\/\/ranoja.ee\/toode\/esmaabikomplekt-m-cederroth\/\" \/>\n<meta property=\"og:locale\" content=\"en_US\" \/>\n<meta property=\"og:type\" content=\"article\" \/>\n<meta property=\"og:title\" content=\"Esmaabikomplekt M, Cederroth - Ranoja\" \/>\n<meta property=\"og:description\" content=\"Cederroth esmaabikomplekt on toodetud vastupidavast kummilaadsest materjalist, mis hoiab vahendid puhtana ja h\u00fcgieenilisena Sobib kasutamiseks ettev\u00f5tetes, kus on vaja esmaabi andmiseks ringi liikuda Tooted on pakendatud s\u00fcsteemselt l\u00e4bipaistvatesse plastiktaskutesse, mis teeb toodete leidmise lihtsaks ja kiireks, samuti on kohe n\u00e4ha, mida on vaja asendada. K\u00f5ikidel toodetel on kergesti arusaadavad kasutusjuhendid. Esmaabipaki kirkad v\u00e4rvid teevad ta juba kaugelt m\u00e4rgatavaks. Esmaabipaki k\u00e4epidemel on reguleeritav takjaskinnis, mille abil on v\u00f5imalik komplekti kinnitada v\u00f5i k\u00e4e otsas kanda.  Sisu: 1 Elustamismask (tellimiskood 1921&amp;CEDER) 2 Paari kindaid 6 Salvequick Haavapuhastuslapid (tellimiskood 3227&amp;CEDER) 2 K\u00e4tepuhastuslapid (tellimiskood 3387&amp;CEDER) 1 P\u00e4\u00e4stetekk, soojust peegeldav (tellimiskood 1892) 1 Sidemek\u00e4\u00e4rid (tellimiskood 270002&amp;CEDER) 1 Cederroth Traumaside 4-in-1 (tellimiskood 1910&amp;CEDER) 1 Cederroth Sidemepakend 4-in-1 Mini, steriilne 6cm x 3m (tellimiskood 1911&amp;CEDER) 1 Cederroth P\u00f5letushaava side 10x10 cm, 2 tk\/pakis (tellimiskood 901900&amp;CEDER) 10 Salvequick plaastrit 4 Salvequick Maxi Cover plaastrit (tellimiskood 658024&amp;CEDER) 1 Elastikside, 8 cm x 4 (tellimiskood 1882&amp;CEDER) 1 Nimekiri esmaabipakis olevatest toodetest 1 Esmaabi andmise juhend M\u00f5\u00f5dud: L 231 x K 190 x S 78 mm\" \/>\n<meta property=\"og:url\" content=\"https:\/\/ranoja.ee\/toode\/esmaabikomplekt-m-cederroth\/\" \/>\n<meta property=\"og:site_name\" content=\"Ranoja\" \/>\n<meta property=\"article:publisher\" content=\"https:\/\/www.facebook.com\/ranoja.ee\" \/>\n<meta property=\"article:modified_time\" content=\"2026-03-17T12:42:19+00:00\" \/>\n<meta property=\"og:image\" content=\"https:\/\/ranoja.ee\/wp-content\/uploads\/2026\/03\/5637760369.jpg\" \/>\n\t<meta property=\"og:image:width\" content=\"900\" \/>\n\t<meta property=\"og:image:height\" content=\"772\" \/>\n\t<meta property=\"og:image:type\" content=\"image\/jpeg\" \/>\n<meta name=\"twitter:card\" content=\"summary_large_image\" \/>\n<script type=\"application\/ld+json\" class=\"yoast-schema-graph\">{\"@context\":\"https:\\\/\\\/schema.org\",\"@graph\":[{\"@type\":\"WebPage\",\"@id\":\"https:\\\/\\\/ranoja.ee\\\/toode\\\/esmaabikomplekt-m-cederroth\\\/\",\"url\":\"https:\\\/\\\/ranoja.ee\\\/toode\\\/esmaabikomplekt-m-cederroth\\\/\",\"name\":\"Esmaabikomplekt M, Cederroth - Ranoja\",\"isPartOf\":{\"@id\":\"https:\\\/\\\/ranoja.ee\\\/#website\"},\"primaryImageOfPage\":{\"@id\":\"https:\\\/\\\/ranoja.ee\\\/toode\\\/esmaabikomplekt-m-cederroth\\\/#primaryimage\"},\"image\":{\"@id\":\"https:\\\/\\\/ranoja.ee\\\/toode\\\/esmaabikomplekt-m-cederroth\\\/#primaryimage\"},\"thumbnailUrl\":\"https:\\\/\\\/ranoja.ee\\\/wp-content\\\/uploads\\\/2026\\\/03\\\/5637760369.jpg\",\"datePublished\":\"2026-03-16T22:59:26+00:00\",\"dateModified\":\"2026-03-17T12:42:19+00:00\",\"breadcrumb\":{\"@id\":\"https:\\\/\\\/ranoja.ee\\\/toode\\\/esmaabikomplekt-m-cederroth\\\/#breadcrumb\"},\"inLanguage\":\"en-US\",\"potentialAction\":[{\"@type\":\"ReadAction\",\"target\":[\"https:\\\/\\\/ranoja.ee\\\/toode\\\/esmaabikomplekt-m-cederroth\\\/\"]}]},{\"@type\":\"ImageObject\",\"inLanguage\":\"en-US\",\"@id\":\"https:\\\/\\\/ranoja.ee\\\/toode\\\/esmaabikomplekt-m-cederroth\\\/#primaryimage\",\"url\":\"https:\\\/\\\/ranoja.ee\\\/wp-content\\\/uploads\\\/2026\\\/03\\\/5637760369.jpg\",\"contentUrl\":\"https:\\\/\\\/ranoja.ee\\\/wp-content\\\/uploads\\\/2026\\\/03\\\/5637760369.jpg\",\"width\":900,\"height\":772},{\"@type\":\"BreadcrumbList\",\"@id\":\"https:\\\/\\\/ranoja.ee\\\/toode\\\/esmaabikomplekt-m-cederroth\\\/#breadcrumb\",\"itemListElement\":[{\"@type\":\"ListItem\",\"position\":1,\"name\":\"Home\",\"item\":\"https:\\\/\\\/ranoja.ee\\\/\"},{\"@type\":\"ListItem\",\"position\":2,\"name\":\"Shop\",\"item\":\"https:\\\/\\\/ranoja.ee\\\/en\\\/shop\\\/\"},{\"@type\":\"ListItem\",\"position\":3,\"name\":\"Esmaabikomplekt M, Cederroth\"}]},{\"@type\":\"WebSite\",\"@id\":\"https:\\\/\\\/ranoja.ee\\\/#website\",\"url\":\"https:\\\/\\\/ranoja.ee\\\/\",\"name\":\"Ranoja\",\"description\":\"Equipment Shop WooCommerce WordPress Theme for Machine &amp; Tools\",\"publisher\":{\"@id\":\"https:\\\/\\\/ranoja.ee\\\/#organization\"},\"potentialAction\":[{\"@type\":\"SearchAction\",\"target\":{\"@type\":\"EntryPoint\",\"urlTemplate\":\"https:\\\/\\\/ranoja.ee\\\/?s={search_term_string}\"},\"query-input\":{\"@type\":\"PropertyValueSpecification\",\"valueRequired\":true,\"valueName\":\"search_term_string\"}}],\"inLanguage\":\"en-US\"},{\"@type\":\"Organization\",\"@id\":\"https:\\\/\\\/ranoja.ee\\\/#organization\",\"name\":\"Ranoja O\u00dc\",\"url\":\"https:\\\/\\\/ranoja.ee\\\/\",\"logo\":{\"@type\":\"ImageObject\",\"inLanguage\":\"en-US\",\"@id\":\"https:\\\/\\\/ranoja.ee\\\/#\\\/schema\\\/logo\\\/image\\\/\",\"url\":\"https:\\\/\\\/ranoja.ee\\\/wp-content\\\/uploads\\\/2023\\\/11\\\/ranoja-Logo.png\",\"contentUrl\":\"https:\\\/\\\/ranoja.ee\\\/wp-content\\\/uploads\\\/2023\\\/11\\\/ranoja-Logo.png\",\"width\":207,\"height\":58,\"caption\":\"Ranoja O\u00dc\"},\"image\":{\"@id\":\"https:\\\/\\\/ranoja.ee\\\/#\\\/schema\\\/logo\\\/image\\\/\"},\"sameAs\":[\"https:\\\/\\\/www.facebook.com\\\/ranoja.ee\",\"https:\\\/\\\/www.instagram.com\\\/ranoja__\\\/\"]}]}<\/script>\n<!-- \/ Yoast SEO plugin. -->","yoast_head_json":{"title":"Esmaabikomplekt M, Cederroth - Ranoja","robots":{"index":"index","follow":"follow","max-snippet":"max-snippet:-1","max-image-preview":"max-image-preview:large","max-video-preview":"max-video-preview:-1"},"canonical":"https:\/\/ranoja.ee\/toode\/esmaabikomplekt-m-cederroth\/","og_locale":"en_US","og_type":"article","og_title":"Esmaabikomplekt M, Cederroth - Ranoja","og_description":"Cederroth esmaabikomplekt on toodetud vastupidavast kummilaadsest materjalist, mis hoiab vahendid puhtana ja h\u00fcgieenilisena Sobib kasutamiseks ettev\u00f5tetes, kus on vaja esmaabi andmiseks ringi liikuda Tooted on pakendatud s\u00fcsteemselt l\u00e4bipaistvatesse plastiktaskutesse, mis teeb toodete leidmise lihtsaks ja kiireks, samuti on kohe n\u00e4ha, mida on vaja asendada. K\u00f5ikidel toodetel on kergesti arusaadavad kasutusjuhendid. Esmaabipaki kirkad v\u00e4rvid teevad ta juba kaugelt m\u00e4rgatavaks. Esmaabipaki k\u00e4epidemel on reguleeritav takjaskinnis, mille abil on v\u00f5imalik komplekti kinnitada v\u00f5i k\u00e4e otsas kanda.  Sisu: 1 Elustamismask (tellimiskood 1921&CEDER) 2 Paari kindaid 6 Salvequick Haavapuhastuslapid (tellimiskood 3227&CEDER) 2 K\u00e4tepuhastuslapid (tellimiskood 3387&CEDER) 1 P\u00e4\u00e4stetekk, soojust peegeldav (tellimiskood 1892) 1 Sidemek\u00e4\u00e4rid (tellimiskood 270002&CEDER) 1 Cederroth Traumaside 4-in-1 (tellimiskood 1910&CEDER) 1 Cederroth Sidemepakend 4-in-1 Mini, steriilne 6cm x 3m (tellimiskood 1911&CEDER) 1 Cederroth P\u00f5letushaava side 10x10 cm, 2 tk\/pakis (tellimiskood 901900&CEDER) 10 Salvequick plaastrit 4 Salvequick Maxi Cover plaastrit (tellimiskood 658024&CEDER) 1 Elastikside, 8 cm x 4 (tellimiskood 1882&CEDER) 1 Nimekiri esmaabipakis olevatest toodetest 1 Esmaabi andmise juhend M\u00f5\u00f5dud: L 231 x K 190 x S 78 mm","og_url":"https:\/\/ranoja.ee\/toode\/esmaabikomplekt-m-cederroth\/","og_site_name":"Ranoja","article_publisher":"https:\/\/www.facebook.com\/ranoja.ee","article_modified_time":"2026-03-17T12:42:19+00:00","og_image":[{"width":900,"height":772,"url":"https:\/\/ranoja.ee\/wp-content\/uploads\/2026\/03\/5637760369.jpg","type":"image\/jpeg"}],"twitter_card":"summary_large_image","schema":{"@context":"https:\/\/schema.org","@graph":[{"@type":"WebPage","@id":"https:\/\/ranoja.ee\/toode\/esmaabikomplekt-m-cederroth\/","url":"https:\/\/ranoja.ee\/toode\/esmaabikomplekt-m-cederroth\/","name":"Esmaabikomplekt M, Cederroth - Ranoja","isPartOf":{"@id":"https:\/\/ranoja.ee\/#website"},"primaryImageOfPage":{"@id":"https:\/\/ranoja.ee\/toode\/esmaabikomplekt-m-cederroth\/#primaryimage"},"image":{"@id":"https:\/\/ranoja.ee\/toode\/esmaabikomplekt-m-cederroth\/#primaryimage"},"thumbnailUrl":"https:\/\/ranoja.ee\/wp-content\/uploads\/2026\/03\/5637760369.jpg","datePublished":"2026-03-16T22:59:26+00:00","dateModified":"2026-03-17T12:42:19+00:00","breadcrumb":{"@id":"https:\/\/ranoja.ee\/toode\/esmaabikomplekt-m-cederroth\/#breadcrumb"},"inLanguage":"en-US","potentialAction":[{"@type":"ReadAction","target":["https:\/\/ranoja.ee\/toode\/esmaabikomplekt-m-cederroth\/"]}]},{"@type":"ImageObject","inLanguage":"en-US","@id":"https:\/\/ranoja.ee\/toode\/esmaabikomplekt-m-cederroth\/#primaryimage","url":"https:\/\/ranoja.ee\/wp-content\/uploads\/2026\/03\/5637760369.jpg","contentUrl":"https:\/\/ranoja.ee\/wp-content\/uploads\/2026\/03\/5637760369.jpg","width":900,"height":772},{"@type":"BreadcrumbList","@id":"https:\/\/ranoja.ee\/toode\/esmaabikomplekt-m-cederroth\/#breadcrumb","itemListElement":[{"@type":"ListItem","position":1,"name":"Home","item":"https:\/\/ranoja.ee\/"},{"@type":"ListItem","position":2,"name":"Shop","item":"https:\/\/ranoja.ee\/en\/shop\/"},{"@type":"ListItem","position":3,"name":"Esmaabikomplekt M, Cederroth"}]},{"@type":"WebSite","@id":"https:\/\/ranoja.ee\/#website","url":"https:\/\/ranoja.ee\/","name":"Ranoja","description":"Equipment Shop WooCommerce WordPress Theme for Machine &amp; Tools","publisher":{"@id":"https:\/\/ranoja.ee\/#organization"},"potentialAction":[{"@type":"SearchAction","target":{"@type":"EntryPoint","urlTemplate":"https:\/\/ranoja.ee\/?s={search_term_string}"},"query-input":{"@type":"PropertyValueSpecification","valueRequired":true,"valueName":"search_term_string"}}],"inLanguage":"en-US"},{"@type":"Organization","@id":"https:\/\/ranoja.ee\/#organization","name":"Ranoja O\u00dc","url":"https:\/\/ranoja.ee\/","logo":{"@type":"ImageObject","inLanguage":"en-US","@id":"https:\/\/ranoja.ee\/#\/schema\/logo\/image\/","url":"https:\/\/ranoja.ee\/wp-content\/uploads\/2023\/11\/ranoja-Logo.png","contentUrl":"https:\/\/ranoja.ee\/wp-content\/uploads\/2023\/11\/ranoja-Logo.png","width":207,"height":58,"caption":"Ranoja O\u00dc"},"image":{"@id":"https:\/\/ranoja.ee\/#\/schema\/logo\/image\/"},"sameAs":["https:\/\/www.facebook.com\/ranoja.ee","https:\/\/www.instagram.com\/ranoja__\/"]}]}},"_links":{"self":[{"href":"https:\/\/ranoja.ee\/en\/wp-json\/wp\/v2\/product\/58445","targetHints":{"allow":["GET"]}}],"collection":[{"href":"https:\/\/ranoja.ee\/en\/wp-json\/wp\/v2\/product"}],"about":[{"href":"https:\/\/ranoja.ee\/en\/wp-json\/wp\/v2\/types\/product"}],"wp:featuredmedia":[{"embeddable":true,"href":"https:\/\/ranoja.ee\/en\/wp-json\/wp\/v2\/media\/58446"}],"wp:attachment":[{"href":"https:\/\/ranoja.ee\/en\/wp-json\/wp\/v2\/media?parent=58445"}],"wp:term":[{"taxonomy":"product_cat","embeddable":true,"href":"https:\/\/ranoja.ee\/en\/wp-json\/wp\/v2\/product_cat?post=58445"},{"taxonomy":"product_tag","embeddable":true,"href":"https:\/\/ranoja.ee\/en\/wp-json\/wp\/v2\/product_tag?post=58445"}],"curies":[{"name":"wp","href":"https:\/\/api.w.org\/{rel}","templated":true}]}}