{"id":58430,"date":"2026-03-17T01:59:26","date_gmt":"2026-03-16T22:59:26","guid":{"rendered":"https:\/\/ranoja.ee\/toode\/taskulood-pro-magnetic-stabila\/"},"modified":"2026-03-17T15:42:19","modified_gmt":"2026-03-17T12:42:19","slug":"taskulood-pro-magnetic-stabila","status":"publish","type":"product","link":"https:\/\/ranoja.ee\/en\/toode\/taskulood-pro-magnetic-stabila\/","title":{"rendered":"Taskulood PRO Magnetic, Stabila"},"content":{"rendered":"","protected":false},"excerpt":{"rendered":"<p>Professionaalne miniformaadis (7x2x4 cm)<\/p>\n<p>vesilood sobib ideaalselt k\u00f5igile <\/p>\n<p>n\u00f5udlikele t\u00f6\u00f6meestele. Vastupidava <\/p>\n<p>alumiiniumist  p\u00f5hikorpusega. <\/p>\n<p>T\u00e4isnurkne alumiiniumraam kahe <\/p>\n<p>t\u00e4pselt freesitud m\u00f5\u00f5tmispinnaga: <\/p>\n<p>k\u00fcljel ja p\u00f5hjal. Lisaks puhas <\/p>\n<p>V-soon. See professionaalne <\/p>\n<p>varustus v\u00f5imaldab teostada <\/p>\n<p>m\u00f5\u00f5tmisi tasastel ja \u00fcmaratel <\/p>\n<p>pindadel. Alumiiniumraami <\/p>\n<p>mehhaanilis-keemiline poleerimine <\/p>\n<p>(karestamine ja k\u00f5vastamine) <\/p>\n<p>tagab Pocket-m\u00f5\u00f5tmispindade <\/p>\n<p>kauap\u00fcsiva kaitse. Nii p\u00f5hjal kui <\/p>\n<p>k\u00fcljel asetseval m\u00f5\u00f5tmispinnal <\/p>\n<p>on kummalgi \u00fcks ekstra tugev <\/p>\n<p>haruldasest muldmetallist magnet. <\/p>\n<p>K\u00e4ed on metallobjektide joondamisel <\/p>\n<p>vabad. Vertikaalne m\u00f5\u00f5tmispind on <\/p>\n<p>horisontaalse m\u00f5\u00f5tmispinna suhtes <\/p>\n<p>90-kraadise nurga all.See v\u00f5imaldab <\/p>\n<p>horisontaallibelliga vertikaalm\u00f5\u00f5tmisi <\/p>\n<p>teha! Klamber v\u00f6\u00f6le kinnitamiseks. M\u00f5\u00f5tmist\u00e4psus normaalasendis +- 1mm\/m<\/p>\n","protected":false},"featured_media":58431,"template":"","meta":{"inline_featured_image":false},"product_cat":[5129,5099,5130],"product_tag":[],"class_list":{"0":"post-58430","1":"product","2":"type-product","3":"status-publish","4":"has-post-thumbnail","6":"product_brand-stabila","7":"product_cat-loodid","8":"product_cat-marke-ja-mooteriistad","9":"product_cat-vesiloodid","11":"first","12":"instock","13":"purchasable","14":"product-type-simple"},"yoast_head":"<!-- This site is optimized with the Yoast SEO plugin v27.4 - https:\/\/yoast.com\/product\/yoast-seo-wordpress\/ -->\n<title>Taskulood PRO Magnetic, Stabila - Ranoja<\/title>\n<meta name=\"robots\" content=\"index, follow, max-snippet:-1, max-image-preview:large, max-video-preview:-1\" \/>\n<link rel=\"canonical\" href=\"https:\/\/ranoja.ee\/toode\/taskulood-pro-magnetic-stabila\/\" \/>\n<meta property=\"og:locale\" content=\"en_US\" \/>\n<meta property=\"og:type\" content=\"article\" \/>\n<meta property=\"og:title\" content=\"Taskulood PRO Magnetic, Stabila - Ranoja\" \/>\n<meta property=\"og:description\" content=\"Professionaalne miniformaadis (7x2x4 cm) vesilood sobib ideaalselt k\u00f5igile  n\u00f5udlikele t\u00f6\u00f6meestele. Vastupidava  alumiiniumist p\u00f5hikorpusega.  T\u00e4isnurkne alumiiniumraam kahe  t\u00e4pselt freesitud m\u00f5\u00f5tmispinnaga:  k\u00fcljel ja p\u00f5hjal. Lisaks puhas  V-soon. See professionaalne  varustus v\u00f5imaldab teostada  m\u00f5\u00f5tmisi tasastel ja \u00fcmaratel  pindadel. Alumiiniumraami  mehhaanilis-keemiline poleerimine  (karestamine ja k\u00f5vastamine)  tagab Pocket-m\u00f5\u00f5tmispindade  kauap\u00fcsiva kaitse. Nii p\u00f5hjal kui  k\u00fcljel asetseval m\u00f5\u00f5tmispinnal  on kummalgi \u00fcks ekstra tugev  haruldasest muldmetallist magnet.  K\u00e4ed on metallobjektide joondamisel  vabad. Vertikaalne m\u00f5\u00f5tmispind on  horisontaalse m\u00f5\u00f5tmispinna suhtes  90-kraadise nurga all.See v\u00f5imaldab  horisontaallibelliga vertikaalm\u00f5\u00f5tmisi  teha! Klamber v\u00f6\u00f6le kinnitamiseks. M\u00f5\u00f5tmist\u00e4psus normaalasendis +- 1mm\/m\" \/>\n<meta property=\"og:url\" content=\"https:\/\/ranoja.ee\/toode\/taskulood-pro-magnetic-stabila\/\" \/>\n<meta property=\"og:site_name\" content=\"Ranoja\" \/>\n<meta property=\"article:publisher\" content=\"https:\/\/www.facebook.com\/ranoja.ee\" \/>\n<meta property=\"article:modified_time\" content=\"2026-03-17T12:42:19+00:00\" \/>\n<meta property=\"og:image\" content=\"https:\/\/ranoja.ee\/wp-content\/uploads\/2026\/03\/94460291.jpg\" \/>\n\t<meta property=\"og:image:width\" content=\"900\" \/>\n\t<meta property=\"og:image:height\" content=\"486\" \/>\n\t<meta property=\"og:image:type\" content=\"image\/jpeg\" \/>\n<meta name=\"twitter:card\" content=\"summary_large_image\" \/>\n<script type=\"application\/ld+json\" class=\"yoast-schema-graph\">{\"@context\":\"https:\\\/\\\/schema.org\",\"@graph\":[{\"@type\":\"WebPage\",\"@id\":\"https:\\\/\\\/ranoja.ee\\\/toode\\\/taskulood-pro-magnetic-stabila\\\/\",\"url\":\"https:\\\/\\\/ranoja.ee\\\/toode\\\/taskulood-pro-magnetic-stabila\\\/\",\"name\":\"Taskulood PRO Magnetic, Stabila - Ranoja\",\"isPartOf\":{\"@id\":\"https:\\\/\\\/ranoja.ee\\\/#website\"},\"primaryImageOfPage\":{\"@id\":\"https:\\\/\\\/ranoja.ee\\\/toode\\\/taskulood-pro-magnetic-stabila\\\/#primaryimage\"},\"image\":{\"@id\":\"https:\\\/\\\/ranoja.ee\\\/toode\\\/taskulood-pro-magnetic-stabila\\\/#primaryimage\"},\"thumbnailUrl\":\"https:\\\/\\\/ranoja.ee\\\/wp-content\\\/uploads\\\/2026\\\/03\\\/94460291.jpg\",\"datePublished\":\"2026-03-16T22:59:26+00:00\",\"dateModified\":\"2026-03-17T12:42:19+00:00\",\"breadcrumb\":{\"@id\":\"https:\\\/\\\/ranoja.ee\\\/toode\\\/taskulood-pro-magnetic-stabila\\\/#breadcrumb\"},\"inLanguage\":\"en-US\",\"potentialAction\":[{\"@type\":\"ReadAction\",\"target\":[\"https:\\\/\\\/ranoja.ee\\\/toode\\\/taskulood-pro-magnetic-stabila\\\/\"]}]},{\"@type\":\"ImageObject\",\"inLanguage\":\"en-US\",\"@id\":\"https:\\\/\\\/ranoja.ee\\\/toode\\\/taskulood-pro-magnetic-stabila\\\/#primaryimage\",\"url\":\"https:\\\/\\\/ranoja.ee\\\/wp-content\\\/uploads\\\/2026\\\/03\\\/94460291.jpg\",\"contentUrl\":\"https:\\\/\\\/ranoja.ee\\\/wp-content\\\/uploads\\\/2026\\\/03\\\/94460291.jpg\",\"width\":900,\"height\":486},{\"@type\":\"BreadcrumbList\",\"@id\":\"https:\\\/\\\/ranoja.ee\\\/toode\\\/taskulood-pro-magnetic-stabila\\\/#breadcrumb\",\"itemListElement\":[{\"@type\":\"ListItem\",\"position\":1,\"name\":\"Home\",\"item\":\"https:\\\/\\\/ranoja.ee\\\/\"},{\"@type\":\"ListItem\",\"position\":2,\"name\":\"Shop\",\"item\":\"https:\\\/\\\/ranoja.ee\\\/en\\\/shop\\\/\"},{\"@type\":\"ListItem\",\"position\":3,\"name\":\"Taskulood PRO Magnetic, Stabila\"}]},{\"@type\":\"WebSite\",\"@id\":\"https:\\\/\\\/ranoja.ee\\\/#website\",\"url\":\"https:\\\/\\\/ranoja.ee\\\/\",\"name\":\"Ranoja\",\"description\":\"Equipment Shop WooCommerce WordPress Theme for Machine &amp; Tools\",\"publisher\":{\"@id\":\"https:\\\/\\\/ranoja.ee\\\/#organization\"},\"potentialAction\":[{\"@type\":\"SearchAction\",\"target\":{\"@type\":\"EntryPoint\",\"urlTemplate\":\"https:\\\/\\\/ranoja.ee\\\/?s={search_term_string}\"},\"query-input\":{\"@type\":\"PropertyValueSpecification\",\"valueRequired\":true,\"valueName\":\"search_term_string\"}}],\"inLanguage\":\"en-US\"},{\"@type\":\"Organization\",\"@id\":\"https:\\\/\\\/ranoja.ee\\\/#organization\",\"name\":\"Ranoja O\u00dc\",\"url\":\"https:\\\/\\\/ranoja.ee\\\/\",\"logo\":{\"@type\":\"ImageObject\",\"inLanguage\":\"en-US\",\"@id\":\"https:\\\/\\\/ranoja.ee\\\/#\\\/schema\\\/logo\\\/image\\\/\",\"url\":\"https:\\\/\\\/ranoja.ee\\\/wp-content\\\/uploads\\\/2023\\\/11\\\/ranoja-Logo.png\",\"contentUrl\":\"https:\\\/\\\/ranoja.ee\\\/wp-content\\\/uploads\\\/2023\\\/11\\\/ranoja-Logo.png\",\"width\":207,\"height\":58,\"caption\":\"Ranoja O\u00dc\"},\"image\":{\"@id\":\"https:\\\/\\\/ranoja.ee\\\/#\\\/schema\\\/logo\\\/image\\\/\"},\"sameAs\":[\"https:\\\/\\\/www.facebook.com\\\/ranoja.ee\",\"https:\\\/\\\/www.instagram.com\\\/ranoja__\\\/\"]}]}<\/script>\n<!-- \/ Yoast SEO plugin. -->","yoast_head_json":{"title":"Taskulood PRO Magnetic, Stabila - Ranoja","robots":{"index":"index","follow":"follow","max-snippet":"max-snippet:-1","max-image-preview":"max-image-preview:large","max-video-preview":"max-video-preview:-1"},"canonical":"https:\/\/ranoja.ee\/toode\/taskulood-pro-magnetic-stabila\/","og_locale":"en_US","og_type":"article","og_title":"Taskulood PRO Magnetic, Stabila - Ranoja","og_description":"Professionaalne miniformaadis (7x2x4 cm) vesilood sobib ideaalselt k\u00f5igile  n\u00f5udlikele t\u00f6\u00f6meestele. Vastupidava  alumiiniumist p\u00f5hikorpusega.  T\u00e4isnurkne alumiiniumraam kahe  t\u00e4pselt freesitud m\u00f5\u00f5tmispinnaga:  k\u00fcljel ja p\u00f5hjal. Lisaks puhas  V-soon. See professionaalne  varustus v\u00f5imaldab teostada  m\u00f5\u00f5tmisi tasastel ja \u00fcmaratel  pindadel. Alumiiniumraami  mehhaanilis-keemiline poleerimine  (karestamine ja k\u00f5vastamine)  tagab Pocket-m\u00f5\u00f5tmispindade  kauap\u00fcsiva kaitse. Nii p\u00f5hjal kui  k\u00fcljel asetseval m\u00f5\u00f5tmispinnal  on kummalgi \u00fcks ekstra tugev  haruldasest muldmetallist magnet.  K\u00e4ed on metallobjektide joondamisel  vabad. Vertikaalne m\u00f5\u00f5tmispind on  horisontaalse m\u00f5\u00f5tmispinna suhtes  90-kraadise nurga all.See v\u00f5imaldab  horisontaallibelliga vertikaalm\u00f5\u00f5tmisi  teha! Klamber v\u00f6\u00f6le kinnitamiseks. M\u00f5\u00f5tmist\u00e4psus normaalasendis +- 1mm\/m","og_url":"https:\/\/ranoja.ee\/toode\/taskulood-pro-magnetic-stabila\/","og_site_name":"Ranoja","article_publisher":"https:\/\/www.facebook.com\/ranoja.ee","article_modified_time":"2026-03-17T12:42:19+00:00","og_image":[{"width":900,"height":486,"url":"https:\/\/ranoja.ee\/wp-content\/uploads\/2026\/03\/94460291.jpg","type":"image\/jpeg"}],"twitter_card":"summary_large_image","schema":{"@context":"https:\/\/schema.org","@graph":[{"@type":"WebPage","@id":"https:\/\/ranoja.ee\/toode\/taskulood-pro-magnetic-stabila\/","url":"https:\/\/ranoja.ee\/toode\/taskulood-pro-magnetic-stabila\/","name":"Taskulood PRO Magnetic, Stabila - Ranoja","isPartOf":{"@id":"https:\/\/ranoja.ee\/#website"},"primaryImageOfPage":{"@id":"https:\/\/ranoja.ee\/toode\/taskulood-pro-magnetic-stabila\/#primaryimage"},"image":{"@id":"https:\/\/ranoja.ee\/toode\/taskulood-pro-magnetic-stabila\/#primaryimage"},"thumbnailUrl":"https:\/\/ranoja.ee\/wp-content\/uploads\/2026\/03\/94460291.jpg","datePublished":"2026-03-16T22:59:26+00:00","dateModified":"2026-03-17T12:42:19+00:00","breadcrumb":{"@id":"https:\/\/ranoja.ee\/toode\/taskulood-pro-magnetic-stabila\/#breadcrumb"},"inLanguage":"en-US","potentialAction":[{"@type":"ReadAction","target":["https:\/\/ranoja.ee\/toode\/taskulood-pro-magnetic-stabila\/"]}]},{"@type":"ImageObject","inLanguage":"en-US","@id":"https:\/\/ranoja.ee\/toode\/taskulood-pro-magnetic-stabila\/#primaryimage","url":"https:\/\/ranoja.ee\/wp-content\/uploads\/2026\/03\/94460291.jpg","contentUrl":"https:\/\/ranoja.ee\/wp-content\/uploads\/2026\/03\/94460291.jpg","width":900,"height":486},{"@type":"BreadcrumbList","@id":"https:\/\/ranoja.ee\/toode\/taskulood-pro-magnetic-stabila\/#breadcrumb","itemListElement":[{"@type":"ListItem","position":1,"name":"Home","item":"https:\/\/ranoja.ee\/"},{"@type":"ListItem","position":2,"name":"Shop","item":"https:\/\/ranoja.ee\/en\/shop\/"},{"@type":"ListItem","position":3,"name":"Taskulood PRO Magnetic, Stabila"}]},{"@type":"WebSite","@id":"https:\/\/ranoja.ee\/#website","url":"https:\/\/ranoja.ee\/","name":"Ranoja","description":"Equipment Shop WooCommerce WordPress Theme for Machine &amp; Tools","publisher":{"@id":"https:\/\/ranoja.ee\/#organization"},"potentialAction":[{"@type":"SearchAction","target":{"@type":"EntryPoint","urlTemplate":"https:\/\/ranoja.ee\/?s={search_term_string}"},"query-input":{"@type":"PropertyValueSpecification","valueRequired":true,"valueName":"search_term_string"}}],"inLanguage":"en-US"},{"@type":"Organization","@id":"https:\/\/ranoja.ee\/#organization","name":"Ranoja O\u00dc","url":"https:\/\/ranoja.ee\/","logo":{"@type":"ImageObject","inLanguage":"en-US","@id":"https:\/\/ranoja.ee\/#\/schema\/logo\/image\/","url":"https:\/\/ranoja.ee\/wp-content\/uploads\/2023\/11\/ranoja-Logo.png","contentUrl":"https:\/\/ranoja.ee\/wp-content\/uploads\/2023\/11\/ranoja-Logo.png","width":207,"height":58,"caption":"Ranoja O\u00dc"},"image":{"@id":"https:\/\/ranoja.ee\/#\/schema\/logo\/image\/"},"sameAs":["https:\/\/www.facebook.com\/ranoja.ee","https:\/\/www.instagram.com\/ranoja__\/"]}]}},"_links":{"self":[{"href":"https:\/\/ranoja.ee\/en\/wp-json\/wp\/v2\/product\/58430","targetHints":{"allow":["GET"]}}],"collection":[{"href":"https:\/\/ranoja.ee\/en\/wp-json\/wp\/v2\/product"}],"about":[{"href":"https:\/\/ranoja.ee\/en\/wp-json\/wp\/v2\/types\/product"}],"wp:featuredmedia":[{"embeddable":true,"href":"https:\/\/ranoja.ee\/en\/wp-json\/wp\/v2\/media\/58431"}],"wp:attachment":[{"href":"https:\/\/ranoja.ee\/en\/wp-json\/wp\/v2\/media?parent=58430"}],"wp:term":[{"taxonomy":"product_cat","embeddable":true,"href":"https:\/\/ranoja.ee\/en\/wp-json\/wp\/v2\/product_cat?post=58430"},{"taxonomy":"product_tag","embeddable":true,"href":"https:\/\/ranoja.ee\/en\/wp-json\/wp\/v2\/product_tag?post=58430"}],"curies":[{"name":"wp","href":"https:\/\/api.w.org\/{rel}","templated":true}]}}