{"id":58428,"date":"2026-03-17T01:59:26","date_gmt":"2026-03-16T22:59:26","guid":{"rendered":"https:\/\/ranoja.ee\/toode\/mootorioli-vr1-racing-10w60-5l-valvoline-2\/"},"modified":"2026-03-17T15:42:19","modified_gmt":"2026-03-17T12:42:19","slug":"mootorioli-vr1-racing-10w60-5l-valvoline-2","status":"publish","type":"product","link":"https:\/\/ranoja.ee\/en\/toode\/mootorioli-vr1-racing-10w60-5l-valvoline-2\/","title":{"rendered":"Mootori\u00f5li VR1 Racing 10W60 5L, Valvoline"},"content":{"rendered":"","protected":false},"excerpt":{"rendered":"<p>Aastatepikkuse innovatsiooni ja v\u00f5idus\u00f5idukogemuse toel valmistatud toode. VR1 Racing m\u00e4\u00e4rdeained on juhtivad v\u00f5idus\u00f5idutehnoloogia m\u00e4\u00e4rdeained mis on m\u00f5eldud kasutamiseks k\u00f5rgforsseeritud mootoritele, et anda neile maksimaalne kaitse ja v\u00f5imsus ka k\u00f5ige ekstreemsemates v\u00f5istlustingimistes. VR1 Racing sari on \u00f5ige valik nii asfaldile kui krossirajale, et pakkuda konkurentsieelist mida professionaalid ja v\u00f5ids\u00f5idu entusiastid otsivad.<br \/>\n* Maksimaalne v\u00f5imsus ja kaitse k\u00f5rgetel temperatuuridel <br \/>\n* Esmaklassilised h\u00f5\u00f5rdumist v\u00e4hendavad manused t\u00f5stavad mootori v\u00f5imsust <br \/>\n* T\u00e4iendavad kuumisvastased manused (ZDDP) tagavad \u00fclima kulumiskaitse<br \/>\n* Esmaklassiline \u00f5likelme tugevus parandab mootori kestvust<br \/>\n* Parendatud manused mis kaitsevad sadestiste ja k\u00fctuse saaste vastu <br \/>\nSobib nii vabalthingavatele kui turbo bensiini mootoritele, sealhulgas alkoholisisaldusega k\u00fctustele.<br \/>\nT\u00e4idab ja \u00fcletab j\u00e4rgmiseid n\u00f5udeid:<br \/>\nACEA A3\/B4 <br \/>\nAPI: SL <br \/>\nFord WSS-M2C-153E <br \/>\nGM 6094M <br \/>\nSobib kasutuskohale kus Fiat 9.55535.H3 on n\u00f5utud kasutada.<\/p>\n","protected":false},"featured_media":58429,"template":"","meta":{"inline_featured_image":false},"product_cat":[5012,5054,5032],"product_tag":[],"class_list":{"0":"post-58428","1":"product","2":"type-product","3":"status-publish","4":"has-post-thumbnail","6":"product_brand-valvoline","7":"product_cat-olid-ja-maardeained","8":"product_cat-soiduautode-ja-tarbesoidukite-sunteetilised-mootoriolid","9":"product_cat-soiduautode-mootoriolid","11":"first","12":"outofstock","13":"purchasable","14":"product-type-simple"},"yoast_head":"<!-- This site is optimized with the Yoast SEO plugin v27.4 - https:\/\/yoast.com\/product\/yoast-seo-wordpress\/ -->\n<title>Mootori\u00f5li VR1 Racing 10W60 5L, Valvoline - Ranoja<\/title>\n<meta name=\"robots\" content=\"index, follow, max-snippet:-1, max-image-preview:large, max-video-preview:-1\" \/>\n<link rel=\"canonical\" href=\"https:\/\/ranoja.ee\/toode\/mootorioli-vr1-racing-10w60-5l-valvoline-2\/\" \/>\n<meta property=\"og:locale\" content=\"en_US\" \/>\n<meta property=\"og:type\" content=\"article\" \/>\n<meta property=\"og:title\" content=\"Mootori\u00f5li VR1 Racing 10W60 5L, Valvoline - Ranoja\" \/>\n<meta property=\"og:description\" content=\"Aastatepikkuse innovatsiooni ja v\u00f5idus\u00f5idukogemuse toel valmistatud toode. VR1 Racing m\u00e4\u00e4rdeained on juhtivad v\u00f5idus\u00f5idutehnoloogia m\u00e4\u00e4rdeained mis on m\u00f5eldud kasutamiseks k\u00f5rgforsseeritud mootoritele, et anda neile maksimaalne kaitse ja v\u00f5imsus ka k\u00f5ige ekstreemsemates v\u00f5istlustingimistes. VR1 Racing sari on \u00f5ige valik nii asfaldile kui krossirajale, et pakkuda konkurentsieelist mida professionaalid ja v\u00f5ids\u00f5idu entusiastid otsivad. * Maksimaalne v\u00f5imsus ja kaitse k\u00f5rgetel temperatuuridel * Esmaklassilised h\u00f5\u00f5rdumist v\u00e4hendavad manused t\u00f5stavad mootori v\u00f5imsust * T\u00e4iendavad kuumisvastased manused (ZDDP) tagavad \u00fclima kulumiskaitse * Esmaklassiline \u00f5likelme tugevus parandab mootori kestvust * Parendatud manused mis kaitsevad sadestiste ja k\u00fctuse saaste vastu Sobib nii vabalthingavatele kui turbo bensiini mootoritele, sealhulgas alkoholisisaldusega k\u00fctustele. T\u00e4idab ja \u00fcletab j\u00e4rgmiseid n\u00f5udeid: ACEA A3\/B4 API: SL Ford WSS-M2C-153E GM 6094M Sobib kasutuskohale kus Fiat 9.55535.H3 on n\u00f5utud kasutada.\" \/>\n<meta property=\"og:url\" content=\"https:\/\/ranoja.ee\/toode\/mootorioli-vr1-racing-10w60-5l-valvoline-2\/\" \/>\n<meta property=\"og:site_name\" content=\"Ranoja\" \/>\n<meta property=\"article:publisher\" content=\"https:\/\/www.facebook.com\/ranoja.ee\" \/>\n<meta property=\"article:modified_time\" content=\"2026-03-17T12:42:19+00:00\" \/>\n<meta property=\"og:image\" content=\"https:\/\/ranoja.ee\/wp-content\/uploads\/2026\/03\/129138238.jpg\" \/>\n\t<meta property=\"og:image:width\" content=\"443\" \/>\n\t<meta property=\"og:image:height\" content=\"768\" \/>\n\t<meta property=\"og:image:type\" content=\"image\/jpeg\" \/>\n<meta name=\"twitter:card\" content=\"summary_large_image\" \/>\n<script type=\"application\/ld+json\" class=\"yoast-schema-graph\">{\"@context\":\"https:\\\/\\\/schema.org\",\"@graph\":[{\"@type\":\"WebPage\",\"@id\":\"https:\\\/\\\/ranoja.ee\\\/toode\\\/mootorioli-vr1-racing-10w60-5l-valvoline-2\\\/\",\"url\":\"https:\\\/\\\/ranoja.ee\\\/toode\\\/mootorioli-vr1-racing-10w60-5l-valvoline-2\\\/\",\"name\":\"Mootori\u00f5li VR1 Racing 10W60 5L, Valvoline - Ranoja\",\"isPartOf\":{\"@id\":\"https:\\\/\\\/ranoja.ee\\\/#website\"},\"primaryImageOfPage\":{\"@id\":\"https:\\\/\\\/ranoja.ee\\\/toode\\\/mootorioli-vr1-racing-10w60-5l-valvoline-2\\\/#primaryimage\"},\"image\":{\"@id\":\"https:\\\/\\\/ranoja.ee\\\/toode\\\/mootorioli-vr1-racing-10w60-5l-valvoline-2\\\/#primaryimage\"},\"thumbnailUrl\":\"https:\\\/\\\/ranoja.ee\\\/wp-content\\\/uploads\\\/2026\\\/03\\\/129138238.jpg\",\"datePublished\":\"2026-03-16T22:59:26+00:00\",\"dateModified\":\"2026-03-17T12:42:19+00:00\",\"breadcrumb\":{\"@id\":\"https:\\\/\\\/ranoja.ee\\\/toode\\\/mootorioli-vr1-racing-10w60-5l-valvoline-2\\\/#breadcrumb\"},\"inLanguage\":\"en-US\",\"potentialAction\":[{\"@type\":\"ReadAction\",\"target\":[\"https:\\\/\\\/ranoja.ee\\\/toode\\\/mootorioli-vr1-racing-10w60-5l-valvoline-2\\\/\"]}]},{\"@type\":\"ImageObject\",\"inLanguage\":\"en-US\",\"@id\":\"https:\\\/\\\/ranoja.ee\\\/toode\\\/mootorioli-vr1-racing-10w60-5l-valvoline-2\\\/#primaryimage\",\"url\":\"https:\\\/\\\/ranoja.ee\\\/wp-content\\\/uploads\\\/2026\\\/03\\\/129138238.jpg\",\"contentUrl\":\"https:\\\/\\\/ranoja.ee\\\/wp-content\\\/uploads\\\/2026\\\/03\\\/129138238.jpg\",\"width\":443,\"height\":768},{\"@type\":\"BreadcrumbList\",\"@id\":\"https:\\\/\\\/ranoja.ee\\\/toode\\\/mootorioli-vr1-racing-10w60-5l-valvoline-2\\\/#breadcrumb\",\"itemListElement\":[{\"@type\":\"ListItem\",\"position\":1,\"name\":\"Home\",\"item\":\"https:\\\/\\\/ranoja.ee\\\/\"},{\"@type\":\"ListItem\",\"position\":2,\"name\":\"Shop\",\"item\":\"https:\\\/\\\/ranoja.ee\\\/en\\\/shop\\\/\"},{\"@type\":\"ListItem\",\"position\":3,\"name\":\"Mootori\u00f5li VR1 Racing 10W60 5L, Valvoline\"}]},{\"@type\":\"WebSite\",\"@id\":\"https:\\\/\\\/ranoja.ee\\\/#website\",\"url\":\"https:\\\/\\\/ranoja.ee\\\/\",\"name\":\"Ranoja\",\"description\":\"Equipment Shop WooCommerce WordPress Theme for Machine &amp; Tools\",\"publisher\":{\"@id\":\"https:\\\/\\\/ranoja.ee\\\/#organization\"},\"potentialAction\":[{\"@type\":\"SearchAction\",\"target\":{\"@type\":\"EntryPoint\",\"urlTemplate\":\"https:\\\/\\\/ranoja.ee\\\/?s={search_term_string}\"},\"query-input\":{\"@type\":\"PropertyValueSpecification\",\"valueRequired\":true,\"valueName\":\"search_term_string\"}}],\"inLanguage\":\"en-US\"},{\"@type\":\"Organization\",\"@id\":\"https:\\\/\\\/ranoja.ee\\\/#organization\",\"name\":\"Ranoja O\u00dc\",\"url\":\"https:\\\/\\\/ranoja.ee\\\/\",\"logo\":{\"@type\":\"ImageObject\",\"inLanguage\":\"en-US\",\"@id\":\"https:\\\/\\\/ranoja.ee\\\/#\\\/schema\\\/logo\\\/image\\\/\",\"url\":\"https:\\\/\\\/ranoja.ee\\\/wp-content\\\/uploads\\\/2023\\\/11\\\/ranoja-Logo.png\",\"contentUrl\":\"https:\\\/\\\/ranoja.ee\\\/wp-content\\\/uploads\\\/2023\\\/11\\\/ranoja-Logo.png\",\"width\":207,\"height\":58,\"caption\":\"Ranoja O\u00dc\"},\"image\":{\"@id\":\"https:\\\/\\\/ranoja.ee\\\/#\\\/schema\\\/logo\\\/image\\\/\"},\"sameAs\":[\"https:\\\/\\\/www.facebook.com\\\/ranoja.ee\",\"https:\\\/\\\/www.instagram.com\\\/ranoja__\\\/\"]}]}<\/script>\n<!-- \/ Yoast SEO plugin. -->","yoast_head_json":{"title":"Mootori\u00f5li VR1 Racing 10W60 5L, Valvoline - Ranoja","robots":{"index":"index","follow":"follow","max-snippet":"max-snippet:-1","max-image-preview":"max-image-preview:large","max-video-preview":"max-video-preview:-1"},"canonical":"https:\/\/ranoja.ee\/toode\/mootorioli-vr1-racing-10w60-5l-valvoline-2\/","og_locale":"en_US","og_type":"article","og_title":"Mootori\u00f5li VR1 Racing 10W60 5L, Valvoline - Ranoja","og_description":"Aastatepikkuse innovatsiooni ja v\u00f5idus\u00f5idukogemuse toel valmistatud toode. VR1 Racing m\u00e4\u00e4rdeained on juhtivad v\u00f5idus\u00f5idutehnoloogia m\u00e4\u00e4rdeained mis on m\u00f5eldud kasutamiseks k\u00f5rgforsseeritud mootoritele, et anda neile maksimaalne kaitse ja v\u00f5imsus ka k\u00f5ige ekstreemsemates v\u00f5istlustingimistes. VR1 Racing sari on \u00f5ige valik nii asfaldile kui krossirajale, et pakkuda konkurentsieelist mida professionaalid ja v\u00f5ids\u00f5idu entusiastid otsivad. * Maksimaalne v\u00f5imsus ja kaitse k\u00f5rgetel temperatuuridel * Esmaklassilised h\u00f5\u00f5rdumist v\u00e4hendavad manused t\u00f5stavad mootori v\u00f5imsust * T\u00e4iendavad kuumisvastased manused (ZDDP) tagavad \u00fclima kulumiskaitse * Esmaklassiline \u00f5likelme tugevus parandab mootori kestvust * Parendatud manused mis kaitsevad sadestiste ja k\u00fctuse saaste vastu Sobib nii vabalthingavatele kui turbo bensiini mootoritele, sealhulgas alkoholisisaldusega k\u00fctustele. T\u00e4idab ja \u00fcletab j\u00e4rgmiseid n\u00f5udeid: ACEA A3\/B4 API: SL Ford WSS-M2C-153E GM 6094M Sobib kasutuskohale kus Fiat 9.55535.H3 on n\u00f5utud kasutada.","og_url":"https:\/\/ranoja.ee\/toode\/mootorioli-vr1-racing-10w60-5l-valvoline-2\/","og_site_name":"Ranoja","article_publisher":"https:\/\/www.facebook.com\/ranoja.ee","article_modified_time":"2026-03-17T12:42:19+00:00","og_image":[{"width":443,"height":768,"url":"https:\/\/ranoja.ee\/wp-content\/uploads\/2026\/03\/129138238.jpg","type":"image\/jpeg"}],"twitter_card":"summary_large_image","schema":{"@context":"https:\/\/schema.org","@graph":[{"@type":"WebPage","@id":"https:\/\/ranoja.ee\/toode\/mootorioli-vr1-racing-10w60-5l-valvoline-2\/","url":"https:\/\/ranoja.ee\/toode\/mootorioli-vr1-racing-10w60-5l-valvoline-2\/","name":"Mootori\u00f5li VR1 Racing 10W60 5L, Valvoline - Ranoja","isPartOf":{"@id":"https:\/\/ranoja.ee\/#website"},"primaryImageOfPage":{"@id":"https:\/\/ranoja.ee\/toode\/mootorioli-vr1-racing-10w60-5l-valvoline-2\/#primaryimage"},"image":{"@id":"https:\/\/ranoja.ee\/toode\/mootorioli-vr1-racing-10w60-5l-valvoline-2\/#primaryimage"},"thumbnailUrl":"https:\/\/ranoja.ee\/wp-content\/uploads\/2026\/03\/129138238.jpg","datePublished":"2026-03-16T22:59:26+00:00","dateModified":"2026-03-17T12:42:19+00:00","breadcrumb":{"@id":"https:\/\/ranoja.ee\/toode\/mootorioli-vr1-racing-10w60-5l-valvoline-2\/#breadcrumb"},"inLanguage":"en-US","potentialAction":[{"@type":"ReadAction","target":["https:\/\/ranoja.ee\/toode\/mootorioli-vr1-racing-10w60-5l-valvoline-2\/"]}]},{"@type":"ImageObject","inLanguage":"en-US","@id":"https:\/\/ranoja.ee\/toode\/mootorioli-vr1-racing-10w60-5l-valvoline-2\/#primaryimage","url":"https:\/\/ranoja.ee\/wp-content\/uploads\/2026\/03\/129138238.jpg","contentUrl":"https:\/\/ranoja.ee\/wp-content\/uploads\/2026\/03\/129138238.jpg","width":443,"height":768},{"@type":"BreadcrumbList","@id":"https:\/\/ranoja.ee\/toode\/mootorioli-vr1-racing-10w60-5l-valvoline-2\/#breadcrumb","itemListElement":[{"@type":"ListItem","position":1,"name":"Home","item":"https:\/\/ranoja.ee\/"},{"@type":"ListItem","position":2,"name":"Shop","item":"https:\/\/ranoja.ee\/en\/shop\/"},{"@type":"ListItem","position":3,"name":"Mootori\u00f5li VR1 Racing 10W60 5L, Valvoline"}]},{"@type":"WebSite","@id":"https:\/\/ranoja.ee\/#website","url":"https:\/\/ranoja.ee\/","name":"Ranoja","description":"Equipment Shop WooCommerce WordPress Theme for Machine &amp; Tools","publisher":{"@id":"https:\/\/ranoja.ee\/#organization"},"potentialAction":[{"@type":"SearchAction","target":{"@type":"EntryPoint","urlTemplate":"https:\/\/ranoja.ee\/?s={search_term_string}"},"query-input":{"@type":"PropertyValueSpecification","valueRequired":true,"valueName":"search_term_string"}}],"inLanguage":"en-US"},{"@type":"Organization","@id":"https:\/\/ranoja.ee\/#organization","name":"Ranoja O\u00dc","url":"https:\/\/ranoja.ee\/","logo":{"@type":"ImageObject","inLanguage":"en-US","@id":"https:\/\/ranoja.ee\/#\/schema\/logo\/image\/","url":"https:\/\/ranoja.ee\/wp-content\/uploads\/2023\/11\/ranoja-Logo.png","contentUrl":"https:\/\/ranoja.ee\/wp-content\/uploads\/2023\/11\/ranoja-Logo.png","width":207,"height":58,"caption":"Ranoja O\u00dc"},"image":{"@id":"https:\/\/ranoja.ee\/#\/schema\/logo\/image\/"},"sameAs":["https:\/\/www.facebook.com\/ranoja.ee","https:\/\/www.instagram.com\/ranoja__\/"]}]}},"_links":{"self":[{"href":"https:\/\/ranoja.ee\/en\/wp-json\/wp\/v2\/product\/58428","targetHints":{"allow":["GET"]}}],"collection":[{"href":"https:\/\/ranoja.ee\/en\/wp-json\/wp\/v2\/product"}],"about":[{"href":"https:\/\/ranoja.ee\/en\/wp-json\/wp\/v2\/types\/product"}],"wp:featuredmedia":[{"embeddable":true,"href":"https:\/\/ranoja.ee\/en\/wp-json\/wp\/v2\/media\/58429"}],"wp:attachment":[{"href":"https:\/\/ranoja.ee\/en\/wp-json\/wp\/v2\/media?parent=58428"}],"wp:term":[{"taxonomy":"product_cat","embeddable":true,"href":"https:\/\/ranoja.ee\/en\/wp-json\/wp\/v2\/product_cat?post=58428"},{"taxonomy":"product_tag","embeddable":true,"href":"https:\/\/ranoja.ee\/en\/wp-json\/wp\/v2\/product_tag?post=58428"}],"curies":[{"name":"wp","href":"https:\/\/api.w.org\/{rel}","templated":true}]}}