{"id":58422,"date":"2026-03-17T01:59:26","date_gmt":"2026-03-16T22:59:26","guid":{"rendered":"https:\/\/ranoja.ee\/toode\/puidumarker-distein-neoonkollane-500ml-motip\/"},"modified":"2026-03-17T15:42:19","modified_gmt":"2026-03-17T12:42:19","slug":"puidumarker-distein-neoonkollane-500ml-motip","status":"publish","type":"product","link":"https:\/\/ranoja.ee\/en\/toode\/puidumarker-distein-neoonkollane-500ml-motip\/","title":{"rendered":"Puidumarker Distein neoonkollane 500ml, Motip"},"content":{"rendered":"","protected":false},"excerpt":{"rendered":"<p>DISTEIN v\u00e4rvid on spetsiaalselt v\u00e4ljaarendatud metsamarkeerimisv\u00e4rvid. Nakkuvad v\u00e4ga h\u00e4sti imavate ja m\u00e4rgade pindadega. On vastupidavad veele ja erinevatele ilmastikutingimustele.<br \/>\nIntensiivselt hele markerv\u00e4rv eriti hea n\u00e4htavusega<br \/>\nT\u00e4nu ergonoomilisele pihustile j\u00e4\u00e4vad k\u00e4ed puhtaks.<\/p>\n<p>KASUTUSVALDKOND:<br \/>\nDISTEIN aerosoolv\u00e4rvid on m\u00f5eldud puidu markeerimiseks, puidule<br \/>\nkirjutamiseks v\u00f5i puidu nummerdamiseks. Spetsiaalse<br \/>\nkirjutamiseks m\u00f5eldud pihustiga varustatud aerosoolid<br \/>\non t\u00e4nu neoonv\u00e4rvile eriti h\u00e4sti n\u00e4htavad ja sobivad<br \/>\nsuurep\u00e4raselt langetatud saematerjali m\u00e4rgistamiseks. Sobivad ka pakendatud kaupade m\u00e4rgistamiseks kilele v\u00f5i muule materjalile. Ei valgu laiali.<\/p>\n<p>TEHNILINE INFO:<br \/>\nKeskkonnas\u00f5bralik: Ei sisalda CFC-d, pliid ja raskemetalle.<br \/>\nK\u00fclmastikukindel: kannatab kuni -20\u00b0C<br \/>\nOptimaalsed katmisomadused: katab 3-4m2, s\u00f5ltuvalt markeeringu suurusest ja kogusest saab \u00fche aerosooliga m\u00e4rkida 200-500 puud. <br \/>\nHea vasupidavus UV kiirgusele.<br \/>\n100% t\u00fchjenev balloon t\u00e4nu isepuhastuvale klapile.<\/p>\n<p>KASUTAMINE:<br \/>\nEnne kasutamist u. 3min loksutada.<br \/>\nVajadusel teha kontrollpihustamist. <br \/>\nPihustamiskaugus u. 10-15 cm.<br \/>\nTolmukuiv 10 minutiga, puutekuiv 30 minutiga. <br \/>\nT\u00e4ielik kuivamisaeg 24 tundi.<\/p>\n","protected":false},"featured_media":58423,"template":"","meta":{"inline_featured_image":false},"product_cat":[5025,5026,5009],"product_tag":[],"class_list":{"0":"post-58422","1":"product","2":"type-product","3":"status-publish","4":"has-post-thumbnail","6":"product_brand-motip","7":"product_cat-marker-ja-aerosoolvarvid","8":"product_cat-markervarvid","9":"product_cat-toostus-ja-autokeemia","11":"first","12":"instock","13":"purchasable","14":"product-type-simple"},"yoast_head":"<!-- This site is optimized with the Yoast SEO plugin v27.4 - https:\/\/yoast.com\/product\/yoast-seo-wordpress\/ -->\n<title>Puidumarker Distein neoonkollane 500ml, Motip - Ranoja<\/title>\n<meta name=\"robots\" content=\"index, follow, max-snippet:-1, max-image-preview:large, max-video-preview:-1\" \/>\n<link rel=\"canonical\" href=\"https:\/\/ranoja.ee\/toode\/puidumarker-distein-neoonkollane-500ml-motip\/\" \/>\n<meta property=\"og:locale\" content=\"en_US\" \/>\n<meta property=\"og:type\" content=\"article\" \/>\n<meta property=\"og:title\" content=\"Puidumarker Distein neoonkollane 500ml, Motip - Ranoja\" \/>\n<meta property=\"og:description\" content=\"DISTEIN v\u00e4rvid on spetsiaalselt v\u00e4ljaarendatud metsamarkeerimisv\u00e4rvid. Nakkuvad v\u00e4ga h\u00e4sti imavate ja m\u00e4rgade pindadega. On vastupidavad veele ja erinevatele ilmastikutingimustele. Intensiivselt hele markerv\u00e4rv eriti hea n\u00e4htavusega T\u00e4nu ergonoomilisele pihustile j\u00e4\u00e4vad k\u00e4ed puhtaks. KASUTUSVALDKOND: DISTEIN aerosoolv\u00e4rvid on m\u00f5eldud puidu markeerimiseks, puidule kirjutamiseks v\u00f5i puidu nummerdamiseks. Spetsiaalse kirjutamiseks m\u00f5eldud pihustiga varustatud aerosoolid on t\u00e4nu neoonv\u00e4rvile eriti h\u00e4sti n\u00e4htavad ja sobivad suurep\u00e4raselt langetatud saematerjali m\u00e4rgistamiseks. Sobivad ka pakendatud kaupade m\u00e4rgistamiseks kilele v\u00f5i muule materjalile. Ei valgu laiali. TEHNILINE INFO: Keskkonnas\u00f5bralik: Ei sisalda CFC-d, pliid ja raskemetalle. K\u00fclmastikukindel: kannatab kuni -20\u00b0C Optimaalsed katmisomadused: katab 3-4m2, s\u00f5ltuvalt markeeringu suurusest ja kogusest saab \u00fche aerosooliga m\u00e4rkida 200-500 puud. Hea vasupidavus UV kiirgusele. 100% t\u00fchjenev balloon t\u00e4nu isepuhastuvale klapile. KASUTAMINE: Enne kasutamist u. 3min loksutada. Vajadusel teha kontrollpihustamist. Pihustamiskaugus u. 10-15 cm. Tolmukuiv 10 minutiga, puutekuiv 30 minutiga. T\u00e4ielik kuivamisaeg 24 tundi.\" \/>\n<meta property=\"og:url\" content=\"https:\/\/ranoja.ee\/toode\/puidumarker-distein-neoonkollane-500ml-motip\/\" \/>\n<meta property=\"og:site_name\" content=\"Ranoja\" \/>\n<meta property=\"article:publisher\" content=\"https:\/\/www.facebook.com\/ranoja.ee\" \/>\n<meta property=\"article:modified_time\" content=\"2026-03-17T12:42:19+00:00\" \/>\n<meta property=\"og:image\" content=\"https:\/\/ranoja.ee\/wp-content\/uploads\/2026\/03\/111296227.jpg\" \/>\n\t<meta property=\"og:image:width\" content=\"900\" \/>\n\t<meta property=\"og:image:height\" content=\"900\" \/>\n\t<meta property=\"og:image:type\" content=\"image\/jpeg\" \/>\n<meta name=\"twitter:card\" content=\"summary_large_image\" \/>\n<script type=\"application\/ld+json\" class=\"yoast-schema-graph\">{\"@context\":\"https:\\\/\\\/schema.org\",\"@graph\":[{\"@type\":\"WebPage\",\"@id\":\"https:\\\/\\\/ranoja.ee\\\/toode\\\/puidumarker-distein-neoonkollane-500ml-motip\\\/\",\"url\":\"https:\\\/\\\/ranoja.ee\\\/toode\\\/puidumarker-distein-neoonkollane-500ml-motip\\\/\",\"name\":\"Puidumarker Distein neoonkollane 500ml, Motip - Ranoja\",\"isPartOf\":{\"@id\":\"https:\\\/\\\/ranoja.ee\\\/#website\"},\"primaryImageOfPage\":{\"@id\":\"https:\\\/\\\/ranoja.ee\\\/toode\\\/puidumarker-distein-neoonkollane-500ml-motip\\\/#primaryimage\"},\"image\":{\"@id\":\"https:\\\/\\\/ranoja.ee\\\/toode\\\/puidumarker-distein-neoonkollane-500ml-motip\\\/#primaryimage\"},\"thumbnailUrl\":\"https:\\\/\\\/ranoja.ee\\\/wp-content\\\/uploads\\\/2026\\\/03\\\/111296227.jpg\",\"datePublished\":\"2026-03-16T22:59:26+00:00\",\"dateModified\":\"2026-03-17T12:42:19+00:00\",\"breadcrumb\":{\"@id\":\"https:\\\/\\\/ranoja.ee\\\/toode\\\/puidumarker-distein-neoonkollane-500ml-motip\\\/#breadcrumb\"},\"inLanguage\":\"en-US\",\"potentialAction\":[{\"@type\":\"ReadAction\",\"target\":[\"https:\\\/\\\/ranoja.ee\\\/toode\\\/puidumarker-distein-neoonkollane-500ml-motip\\\/\"]}]},{\"@type\":\"ImageObject\",\"inLanguage\":\"en-US\",\"@id\":\"https:\\\/\\\/ranoja.ee\\\/toode\\\/puidumarker-distein-neoonkollane-500ml-motip\\\/#primaryimage\",\"url\":\"https:\\\/\\\/ranoja.ee\\\/wp-content\\\/uploads\\\/2026\\\/03\\\/111296227.jpg\",\"contentUrl\":\"https:\\\/\\\/ranoja.ee\\\/wp-content\\\/uploads\\\/2026\\\/03\\\/111296227.jpg\",\"width\":900,\"height\":900},{\"@type\":\"BreadcrumbList\",\"@id\":\"https:\\\/\\\/ranoja.ee\\\/toode\\\/puidumarker-distein-neoonkollane-500ml-motip\\\/#breadcrumb\",\"itemListElement\":[{\"@type\":\"ListItem\",\"position\":1,\"name\":\"Home\",\"item\":\"https:\\\/\\\/ranoja.ee\\\/\"},{\"@type\":\"ListItem\",\"position\":2,\"name\":\"Shop\",\"item\":\"https:\\\/\\\/ranoja.ee\\\/en\\\/shop\\\/\"},{\"@type\":\"ListItem\",\"position\":3,\"name\":\"Puidumarker Distein neoonkollane 500ml, Motip\"}]},{\"@type\":\"WebSite\",\"@id\":\"https:\\\/\\\/ranoja.ee\\\/#website\",\"url\":\"https:\\\/\\\/ranoja.ee\\\/\",\"name\":\"Ranoja\",\"description\":\"Equipment Shop WooCommerce WordPress Theme for Machine &amp; Tools\",\"publisher\":{\"@id\":\"https:\\\/\\\/ranoja.ee\\\/#organization\"},\"potentialAction\":[{\"@type\":\"SearchAction\",\"target\":{\"@type\":\"EntryPoint\",\"urlTemplate\":\"https:\\\/\\\/ranoja.ee\\\/?s={search_term_string}\"},\"query-input\":{\"@type\":\"PropertyValueSpecification\",\"valueRequired\":true,\"valueName\":\"search_term_string\"}}],\"inLanguage\":\"en-US\"},{\"@type\":\"Organization\",\"@id\":\"https:\\\/\\\/ranoja.ee\\\/#organization\",\"name\":\"Ranoja O\u00dc\",\"url\":\"https:\\\/\\\/ranoja.ee\\\/\",\"logo\":{\"@type\":\"ImageObject\",\"inLanguage\":\"en-US\",\"@id\":\"https:\\\/\\\/ranoja.ee\\\/#\\\/schema\\\/logo\\\/image\\\/\",\"url\":\"https:\\\/\\\/ranoja.ee\\\/wp-content\\\/uploads\\\/2023\\\/11\\\/ranoja-Logo.png\",\"contentUrl\":\"https:\\\/\\\/ranoja.ee\\\/wp-content\\\/uploads\\\/2023\\\/11\\\/ranoja-Logo.png\",\"width\":207,\"height\":58,\"caption\":\"Ranoja O\u00dc\"},\"image\":{\"@id\":\"https:\\\/\\\/ranoja.ee\\\/#\\\/schema\\\/logo\\\/image\\\/\"},\"sameAs\":[\"https:\\\/\\\/www.facebook.com\\\/ranoja.ee\",\"https:\\\/\\\/www.instagram.com\\\/ranoja__\\\/\"]}]}<\/script>\n<!-- \/ Yoast SEO plugin. -->","yoast_head_json":{"title":"Puidumarker Distein neoonkollane 500ml, Motip - Ranoja","robots":{"index":"index","follow":"follow","max-snippet":"max-snippet:-1","max-image-preview":"max-image-preview:large","max-video-preview":"max-video-preview:-1"},"canonical":"https:\/\/ranoja.ee\/toode\/puidumarker-distein-neoonkollane-500ml-motip\/","og_locale":"en_US","og_type":"article","og_title":"Puidumarker Distein neoonkollane 500ml, Motip - Ranoja","og_description":"DISTEIN v\u00e4rvid on spetsiaalselt v\u00e4ljaarendatud metsamarkeerimisv\u00e4rvid. Nakkuvad v\u00e4ga h\u00e4sti imavate ja m\u00e4rgade pindadega. On vastupidavad veele ja erinevatele ilmastikutingimustele. Intensiivselt hele markerv\u00e4rv eriti hea n\u00e4htavusega T\u00e4nu ergonoomilisele pihustile j\u00e4\u00e4vad k\u00e4ed puhtaks. KASUTUSVALDKOND: DISTEIN aerosoolv\u00e4rvid on m\u00f5eldud puidu markeerimiseks, puidule kirjutamiseks v\u00f5i puidu nummerdamiseks. Spetsiaalse kirjutamiseks m\u00f5eldud pihustiga varustatud aerosoolid on t\u00e4nu neoonv\u00e4rvile eriti h\u00e4sti n\u00e4htavad ja sobivad suurep\u00e4raselt langetatud saematerjali m\u00e4rgistamiseks. Sobivad ka pakendatud kaupade m\u00e4rgistamiseks kilele v\u00f5i muule materjalile. Ei valgu laiali. TEHNILINE INFO: Keskkonnas\u00f5bralik: Ei sisalda CFC-d, pliid ja raskemetalle. K\u00fclmastikukindel: kannatab kuni -20\u00b0C Optimaalsed katmisomadused: katab 3-4m2, s\u00f5ltuvalt markeeringu suurusest ja kogusest saab \u00fche aerosooliga m\u00e4rkida 200-500 puud. Hea vasupidavus UV kiirgusele. 100% t\u00fchjenev balloon t\u00e4nu isepuhastuvale klapile. KASUTAMINE: Enne kasutamist u. 3min loksutada. Vajadusel teha kontrollpihustamist. Pihustamiskaugus u. 10-15 cm. Tolmukuiv 10 minutiga, puutekuiv 30 minutiga. T\u00e4ielik kuivamisaeg 24 tundi.","og_url":"https:\/\/ranoja.ee\/toode\/puidumarker-distein-neoonkollane-500ml-motip\/","og_site_name":"Ranoja","article_publisher":"https:\/\/www.facebook.com\/ranoja.ee","article_modified_time":"2026-03-17T12:42:19+00:00","og_image":[{"width":900,"height":900,"url":"https:\/\/ranoja.ee\/wp-content\/uploads\/2026\/03\/111296227.jpg","type":"image\/jpeg"}],"twitter_card":"summary_large_image","schema":{"@context":"https:\/\/schema.org","@graph":[{"@type":"WebPage","@id":"https:\/\/ranoja.ee\/toode\/puidumarker-distein-neoonkollane-500ml-motip\/","url":"https:\/\/ranoja.ee\/toode\/puidumarker-distein-neoonkollane-500ml-motip\/","name":"Puidumarker Distein neoonkollane 500ml, Motip - Ranoja","isPartOf":{"@id":"https:\/\/ranoja.ee\/#website"},"primaryImageOfPage":{"@id":"https:\/\/ranoja.ee\/toode\/puidumarker-distein-neoonkollane-500ml-motip\/#primaryimage"},"image":{"@id":"https:\/\/ranoja.ee\/toode\/puidumarker-distein-neoonkollane-500ml-motip\/#primaryimage"},"thumbnailUrl":"https:\/\/ranoja.ee\/wp-content\/uploads\/2026\/03\/111296227.jpg","datePublished":"2026-03-16T22:59:26+00:00","dateModified":"2026-03-17T12:42:19+00:00","breadcrumb":{"@id":"https:\/\/ranoja.ee\/toode\/puidumarker-distein-neoonkollane-500ml-motip\/#breadcrumb"},"inLanguage":"en-US","potentialAction":[{"@type":"ReadAction","target":["https:\/\/ranoja.ee\/toode\/puidumarker-distein-neoonkollane-500ml-motip\/"]}]},{"@type":"ImageObject","inLanguage":"en-US","@id":"https:\/\/ranoja.ee\/toode\/puidumarker-distein-neoonkollane-500ml-motip\/#primaryimage","url":"https:\/\/ranoja.ee\/wp-content\/uploads\/2026\/03\/111296227.jpg","contentUrl":"https:\/\/ranoja.ee\/wp-content\/uploads\/2026\/03\/111296227.jpg","width":900,"height":900},{"@type":"BreadcrumbList","@id":"https:\/\/ranoja.ee\/toode\/puidumarker-distein-neoonkollane-500ml-motip\/#breadcrumb","itemListElement":[{"@type":"ListItem","position":1,"name":"Home","item":"https:\/\/ranoja.ee\/"},{"@type":"ListItem","position":2,"name":"Shop","item":"https:\/\/ranoja.ee\/en\/shop\/"},{"@type":"ListItem","position":3,"name":"Puidumarker Distein neoonkollane 500ml, Motip"}]},{"@type":"WebSite","@id":"https:\/\/ranoja.ee\/#website","url":"https:\/\/ranoja.ee\/","name":"Ranoja","description":"Equipment Shop WooCommerce WordPress Theme for Machine &amp; Tools","publisher":{"@id":"https:\/\/ranoja.ee\/#organization"},"potentialAction":[{"@type":"SearchAction","target":{"@type":"EntryPoint","urlTemplate":"https:\/\/ranoja.ee\/?s={search_term_string}"},"query-input":{"@type":"PropertyValueSpecification","valueRequired":true,"valueName":"search_term_string"}}],"inLanguage":"en-US"},{"@type":"Organization","@id":"https:\/\/ranoja.ee\/#organization","name":"Ranoja O\u00dc","url":"https:\/\/ranoja.ee\/","logo":{"@type":"ImageObject","inLanguage":"en-US","@id":"https:\/\/ranoja.ee\/#\/schema\/logo\/image\/","url":"https:\/\/ranoja.ee\/wp-content\/uploads\/2023\/11\/ranoja-Logo.png","contentUrl":"https:\/\/ranoja.ee\/wp-content\/uploads\/2023\/11\/ranoja-Logo.png","width":207,"height":58,"caption":"Ranoja O\u00dc"},"image":{"@id":"https:\/\/ranoja.ee\/#\/schema\/logo\/image\/"},"sameAs":["https:\/\/www.facebook.com\/ranoja.ee","https:\/\/www.instagram.com\/ranoja__\/"]}]}},"_links":{"self":[{"href":"https:\/\/ranoja.ee\/en\/wp-json\/wp\/v2\/product\/58422","targetHints":{"allow":["GET"]}}],"collection":[{"href":"https:\/\/ranoja.ee\/en\/wp-json\/wp\/v2\/product"}],"about":[{"href":"https:\/\/ranoja.ee\/en\/wp-json\/wp\/v2\/types\/product"}],"wp:featuredmedia":[{"embeddable":true,"href":"https:\/\/ranoja.ee\/en\/wp-json\/wp\/v2\/media\/58423"}],"wp:attachment":[{"href":"https:\/\/ranoja.ee\/en\/wp-json\/wp\/v2\/media?parent=58422"}],"wp:term":[{"taxonomy":"product_cat","embeddable":true,"href":"https:\/\/ranoja.ee\/en\/wp-json\/wp\/v2\/product_cat?post=58422"},{"taxonomy":"product_tag","embeddable":true,"href":"https:\/\/ranoja.ee\/en\/wp-json\/wp\/v2\/product_tag?post=58422"}],"curies":[{"name":"wp","href":"https:\/\/api.w.org\/{rel}","templated":true}]}}