{"id":58420,"date":"2026-03-17T01:59:26","date_gmt":"2026-03-16T22:59:26","guid":{"rendered":"https:\/\/ranoja.ee\/toode\/lauapuurpink-dp16sl-ristlaseri-ja-kruustangidega-scheppach\/"},"modified":"2026-03-18T16:05:42","modified_gmt":"2026-03-18T13:05:42","slug":"lauapuurpink-dp16sl-ristlaseri-ja-kruustangidega-scheppach","status":"publish","type":"product","link":"https:\/\/ranoja.ee\/en\/toode\/lauapuurpink-dp16sl-ristlaseri-ja-kruustangidega-scheppach\/","title":{"rendered":"Lauapuurpink DP16SL, ristlaseri ja kruustangidega, Scheppach"},"content":{"rendered":"","protected":false},"excerpt":{"rendered":"<p>Sisendv\u00f5imsus: 550 W<br \/>\nLaua suurus: 194 x 165 mm<br \/>\nLaua kalle: 45\u00b0 &#8211; 0 &#8211; 45\u00b0<br \/>\nKiirused: 510 \u2013 2430 p\/min (5 kiirust)<br \/>\nPadruni t\u00fc\u00fcp: 1,5 &#8211; 13 mm<br \/>\nPuuripadruni-laua vahekaugus: 305 mm<br \/>\nPuuripadruni-p\u00f5randaplaadi vahekaugus: 405 mm<br \/>\nKaal: 23 kg<br \/>\nMootor: 230 V<br \/>\nM\u00f5\u00f5tmed P\/L\/K: 732 x 235 x 482 mm<\/p>\n<p>Sobilik t\u00f6\u00f6riist nii t\u00f6\u00f6kotta kui ka garaazi.<\/p>\n<p>Vastupidav malmkonstruktsioon, ristlaser ja kruustangid kuuluvad komplekti!<br \/>\nEsmaklassiline hinna\/kvaliteedi suhe.<\/p>\n","protected":false},"featured_media":58421,"template":"","meta":{"inline_featured_image":false},"product_cat":[5224,5090],"product_tag":[],"class_list":{"0":"post-58420","1":"product","2":"type-product","3":"status-publish","4":"has-post-thumbnail","6":"product_brand-scheppach","7":"product_cat-puur-ja-freespingid","8":"product_cat-teisaldatavad-toopingid","10":"first","11":"outofstock","12":"purchasable","13":"product-type-simple"},"yoast_head":"<!-- This site is optimized with the Yoast SEO plugin v27.4 - https:\/\/yoast.com\/product\/yoast-seo-wordpress\/ -->\n<title>Lauapuurpink DP16SL, ristlaseri ja kruustangidega, Scheppach - Ranoja<\/title>\n<meta name=\"robots\" content=\"index, follow, max-snippet:-1, max-image-preview:large, max-video-preview:-1\" \/>\n<link rel=\"canonical\" href=\"https:\/\/ranoja.ee\/toode\/lauapuurpink-dp16sl-ristlaseri-ja-kruustangidega-scheppach\/\" \/>\n<meta property=\"og:locale\" content=\"en_US\" \/>\n<meta property=\"og:type\" content=\"article\" \/>\n<meta property=\"og:title\" content=\"Lauapuurpink DP16SL, ristlaseri ja kruustangidega, Scheppach - Ranoja\" \/>\n<meta property=\"og:description\" content=\"Sisendv\u00f5imsus: 550 W Laua suurus: 194 x 165 mm Laua kalle: 45\u00b0 - 0 - 45\u00b0 Kiirused: 510 \u2013 2430 p\/min (5 kiirust) Padruni t\u00fc\u00fcp: 1,5 - 13 mm Puuripadruni-laua vahekaugus: 305 mm Puuripadruni-p\u00f5randaplaadi vahekaugus: 405 mm Kaal: 23 kg Mootor: 230 V M\u00f5\u00f5tmed P\/L\/K: 732 x 235 x 482 mm  Sobilik t\u00f6\u00f6riist nii t\u00f6\u00f6kotta kui ka garaazi.  Vastupidav malmkonstruktsioon, ristlaser ja kruustangid kuuluvad komplekti! Esmaklassiline hinna\/kvaliteedi suhe.\" \/>\n<meta property=\"og:url\" content=\"https:\/\/ranoja.ee\/toode\/lauapuurpink-dp16sl-ristlaseri-ja-kruustangidega-scheppach\/\" \/>\n<meta property=\"og:site_name\" content=\"Ranoja\" \/>\n<meta property=\"article:publisher\" content=\"https:\/\/www.facebook.com\/ranoja.ee\" \/>\n<meta property=\"article:modified_time\" content=\"2026-03-18T13:05:42+00:00\" \/>\n<meta property=\"og:image\" content=\"https:\/\/ranoja.ee\/wp-content\/uploads\/2026\/03\/232428953.jpg\" \/>\n\t<meta property=\"og:image:width\" content=\"498\" \/>\n\t<meta property=\"og:image:height\" content=\"768\" \/>\n\t<meta property=\"og:image:type\" content=\"image\/jpeg\" \/>\n<meta name=\"twitter:card\" content=\"summary_large_image\" \/>\n<meta name=\"twitter:label1\" content=\"Est. reading time\" \/>\n\t<meta name=\"twitter:data1\" content=\"1 minute\" \/>\n<script type=\"application\/ld+json\" class=\"yoast-schema-graph\">{\"@context\":\"https:\\\/\\\/schema.org\",\"@graph\":[{\"@type\":\"WebPage\",\"@id\":\"https:\\\/\\\/ranoja.ee\\\/toode\\\/lauapuurpink-dp16sl-ristlaseri-ja-kruustangidega-scheppach\\\/\",\"url\":\"https:\\\/\\\/ranoja.ee\\\/toode\\\/lauapuurpink-dp16sl-ristlaseri-ja-kruustangidega-scheppach\\\/\",\"name\":\"Lauapuurpink DP16SL, ristlaseri ja kruustangidega, Scheppach - Ranoja\",\"isPartOf\":{\"@id\":\"https:\\\/\\\/ranoja.ee\\\/#website\"},\"primaryImageOfPage\":{\"@id\":\"https:\\\/\\\/ranoja.ee\\\/toode\\\/lauapuurpink-dp16sl-ristlaseri-ja-kruustangidega-scheppach\\\/#primaryimage\"},\"image\":{\"@id\":\"https:\\\/\\\/ranoja.ee\\\/toode\\\/lauapuurpink-dp16sl-ristlaseri-ja-kruustangidega-scheppach\\\/#primaryimage\"},\"thumbnailUrl\":\"https:\\\/\\\/ranoja.ee\\\/wp-content\\\/uploads\\\/2026\\\/03\\\/232428953.jpg\",\"datePublished\":\"2026-03-16T22:59:26+00:00\",\"dateModified\":\"2026-03-18T13:05:42+00:00\",\"breadcrumb\":{\"@id\":\"https:\\\/\\\/ranoja.ee\\\/toode\\\/lauapuurpink-dp16sl-ristlaseri-ja-kruustangidega-scheppach\\\/#breadcrumb\"},\"inLanguage\":\"en-US\",\"potentialAction\":[{\"@type\":\"ReadAction\",\"target\":[\"https:\\\/\\\/ranoja.ee\\\/toode\\\/lauapuurpink-dp16sl-ristlaseri-ja-kruustangidega-scheppach\\\/\"]}]},{\"@type\":\"ImageObject\",\"inLanguage\":\"en-US\",\"@id\":\"https:\\\/\\\/ranoja.ee\\\/toode\\\/lauapuurpink-dp16sl-ristlaseri-ja-kruustangidega-scheppach\\\/#primaryimage\",\"url\":\"https:\\\/\\\/ranoja.ee\\\/wp-content\\\/uploads\\\/2026\\\/03\\\/232428953.jpg\",\"contentUrl\":\"https:\\\/\\\/ranoja.ee\\\/wp-content\\\/uploads\\\/2026\\\/03\\\/232428953.jpg\",\"width\":498,\"height\":768},{\"@type\":\"BreadcrumbList\",\"@id\":\"https:\\\/\\\/ranoja.ee\\\/toode\\\/lauapuurpink-dp16sl-ristlaseri-ja-kruustangidega-scheppach\\\/#breadcrumb\",\"itemListElement\":[{\"@type\":\"ListItem\",\"position\":1,\"name\":\"Home\",\"item\":\"https:\\\/\\\/ranoja.ee\\\/\"},{\"@type\":\"ListItem\",\"position\":2,\"name\":\"Shop\",\"item\":\"https:\\\/\\\/ranoja.ee\\\/en\\\/shop\\\/\"},{\"@type\":\"ListItem\",\"position\":3,\"name\":\"Lauapuurpink DP16SL, ristlaseri ja kruustangidega, Scheppach\"}]},{\"@type\":\"WebSite\",\"@id\":\"https:\\\/\\\/ranoja.ee\\\/#website\",\"url\":\"https:\\\/\\\/ranoja.ee\\\/\",\"name\":\"Ranoja\",\"description\":\"Equipment Shop WooCommerce WordPress Theme for Machine &amp; Tools\",\"publisher\":{\"@id\":\"https:\\\/\\\/ranoja.ee\\\/#organization\"},\"potentialAction\":[{\"@type\":\"SearchAction\",\"target\":{\"@type\":\"EntryPoint\",\"urlTemplate\":\"https:\\\/\\\/ranoja.ee\\\/?s={search_term_string}\"},\"query-input\":{\"@type\":\"PropertyValueSpecification\",\"valueRequired\":true,\"valueName\":\"search_term_string\"}}],\"inLanguage\":\"en-US\"},{\"@type\":\"Organization\",\"@id\":\"https:\\\/\\\/ranoja.ee\\\/#organization\",\"name\":\"Ranoja O\u00dc\",\"url\":\"https:\\\/\\\/ranoja.ee\\\/\",\"logo\":{\"@type\":\"ImageObject\",\"inLanguage\":\"en-US\",\"@id\":\"https:\\\/\\\/ranoja.ee\\\/#\\\/schema\\\/logo\\\/image\\\/\",\"url\":\"https:\\\/\\\/ranoja.ee\\\/wp-content\\\/uploads\\\/2023\\\/11\\\/ranoja-Logo.png\",\"contentUrl\":\"https:\\\/\\\/ranoja.ee\\\/wp-content\\\/uploads\\\/2023\\\/11\\\/ranoja-Logo.png\",\"width\":207,\"height\":58,\"caption\":\"Ranoja O\u00dc\"},\"image\":{\"@id\":\"https:\\\/\\\/ranoja.ee\\\/#\\\/schema\\\/logo\\\/image\\\/\"},\"sameAs\":[\"https:\\\/\\\/www.facebook.com\\\/ranoja.ee\",\"https:\\\/\\\/www.instagram.com\\\/ranoja__\\\/\"]}]}<\/script>\n<!-- \/ Yoast SEO plugin. -->","yoast_head_json":{"title":"Lauapuurpink DP16SL, ristlaseri ja kruustangidega, Scheppach - Ranoja","robots":{"index":"index","follow":"follow","max-snippet":"max-snippet:-1","max-image-preview":"max-image-preview:large","max-video-preview":"max-video-preview:-1"},"canonical":"https:\/\/ranoja.ee\/toode\/lauapuurpink-dp16sl-ristlaseri-ja-kruustangidega-scheppach\/","og_locale":"en_US","og_type":"article","og_title":"Lauapuurpink DP16SL, ristlaseri ja kruustangidega, Scheppach - Ranoja","og_description":"Sisendv\u00f5imsus: 550 W Laua suurus: 194 x 165 mm Laua kalle: 45\u00b0 - 0 - 45\u00b0 Kiirused: 510 \u2013 2430 p\/min (5 kiirust) Padruni t\u00fc\u00fcp: 1,5 - 13 mm Puuripadruni-laua vahekaugus: 305 mm Puuripadruni-p\u00f5randaplaadi vahekaugus: 405 mm Kaal: 23 kg Mootor: 230 V M\u00f5\u00f5tmed P\/L\/K: 732 x 235 x 482 mm  Sobilik t\u00f6\u00f6riist nii t\u00f6\u00f6kotta kui ka garaazi.  Vastupidav malmkonstruktsioon, ristlaser ja kruustangid kuuluvad komplekti! Esmaklassiline hinna\/kvaliteedi suhe.","og_url":"https:\/\/ranoja.ee\/toode\/lauapuurpink-dp16sl-ristlaseri-ja-kruustangidega-scheppach\/","og_site_name":"Ranoja","article_publisher":"https:\/\/www.facebook.com\/ranoja.ee","article_modified_time":"2026-03-18T13:05:42+00:00","og_image":[{"width":498,"height":768,"url":"https:\/\/ranoja.ee\/wp-content\/uploads\/2026\/03\/232428953.jpg","type":"image\/jpeg"}],"twitter_card":"summary_large_image","twitter_misc":{"Est. reading time":"1 minute"},"schema":{"@context":"https:\/\/schema.org","@graph":[{"@type":"WebPage","@id":"https:\/\/ranoja.ee\/toode\/lauapuurpink-dp16sl-ristlaseri-ja-kruustangidega-scheppach\/","url":"https:\/\/ranoja.ee\/toode\/lauapuurpink-dp16sl-ristlaseri-ja-kruustangidega-scheppach\/","name":"Lauapuurpink DP16SL, ristlaseri ja kruustangidega, Scheppach - Ranoja","isPartOf":{"@id":"https:\/\/ranoja.ee\/#website"},"primaryImageOfPage":{"@id":"https:\/\/ranoja.ee\/toode\/lauapuurpink-dp16sl-ristlaseri-ja-kruustangidega-scheppach\/#primaryimage"},"image":{"@id":"https:\/\/ranoja.ee\/toode\/lauapuurpink-dp16sl-ristlaseri-ja-kruustangidega-scheppach\/#primaryimage"},"thumbnailUrl":"https:\/\/ranoja.ee\/wp-content\/uploads\/2026\/03\/232428953.jpg","datePublished":"2026-03-16T22:59:26+00:00","dateModified":"2026-03-18T13:05:42+00:00","breadcrumb":{"@id":"https:\/\/ranoja.ee\/toode\/lauapuurpink-dp16sl-ristlaseri-ja-kruustangidega-scheppach\/#breadcrumb"},"inLanguage":"en-US","potentialAction":[{"@type":"ReadAction","target":["https:\/\/ranoja.ee\/toode\/lauapuurpink-dp16sl-ristlaseri-ja-kruustangidega-scheppach\/"]}]},{"@type":"ImageObject","inLanguage":"en-US","@id":"https:\/\/ranoja.ee\/toode\/lauapuurpink-dp16sl-ristlaseri-ja-kruustangidega-scheppach\/#primaryimage","url":"https:\/\/ranoja.ee\/wp-content\/uploads\/2026\/03\/232428953.jpg","contentUrl":"https:\/\/ranoja.ee\/wp-content\/uploads\/2026\/03\/232428953.jpg","width":498,"height":768},{"@type":"BreadcrumbList","@id":"https:\/\/ranoja.ee\/toode\/lauapuurpink-dp16sl-ristlaseri-ja-kruustangidega-scheppach\/#breadcrumb","itemListElement":[{"@type":"ListItem","position":1,"name":"Home","item":"https:\/\/ranoja.ee\/"},{"@type":"ListItem","position":2,"name":"Shop","item":"https:\/\/ranoja.ee\/en\/shop\/"},{"@type":"ListItem","position":3,"name":"Lauapuurpink DP16SL, ristlaseri ja kruustangidega, Scheppach"}]},{"@type":"WebSite","@id":"https:\/\/ranoja.ee\/#website","url":"https:\/\/ranoja.ee\/","name":"Ranoja","description":"Equipment Shop WooCommerce WordPress Theme for Machine &amp; Tools","publisher":{"@id":"https:\/\/ranoja.ee\/#organization"},"potentialAction":[{"@type":"SearchAction","target":{"@type":"EntryPoint","urlTemplate":"https:\/\/ranoja.ee\/?s={search_term_string}"},"query-input":{"@type":"PropertyValueSpecification","valueRequired":true,"valueName":"search_term_string"}}],"inLanguage":"en-US"},{"@type":"Organization","@id":"https:\/\/ranoja.ee\/#organization","name":"Ranoja O\u00dc","url":"https:\/\/ranoja.ee\/","logo":{"@type":"ImageObject","inLanguage":"en-US","@id":"https:\/\/ranoja.ee\/#\/schema\/logo\/image\/","url":"https:\/\/ranoja.ee\/wp-content\/uploads\/2023\/11\/ranoja-Logo.png","contentUrl":"https:\/\/ranoja.ee\/wp-content\/uploads\/2023\/11\/ranoja-Logo.png","width":207,"height":58,"caption":"Ranoja O\u00dc"},"image":{"@id":"https:\/\/ranoja.ee\/#\/schema\/logo\/image\/"},"sameAs":["https:\/\/www.facebook.com\/ranoja.ee","https:\/\/www.instagram.com\/ranoja__\/"]}]}},"_links":{"self":[{"href":"https:\/\/ranoja.ee\/en\/wp-json\/wp\/v2\/product\/58420","targetHints":{"allow":["GET"]}}],"collection":[{"href":"https:\/\/ranoja.ee\/en\/wp-json\/wp\/v2\/product"}],"about":[{"href":"https:\/\/ranoja.ee\/en\/wp-json\/wp\/v2\/types\/product"}],"wp:featuredmedia":[{"embeddable":true,"href":"https:\/\/ranoja.ee\/en\/wp-json\/wp\/v2\/media\/58421"}],"wp:attachment":[{"href":"https:\/\/ranoja.ee\/en\/wp-json\/wp\/v2\/media?parent=58420"}],"wp:term":[{"taxonomy":"product_cat","embeddable":true,"href":"https:\/\/ranoja.ee\/en\/wp-json\/wp\/v2\/product_cat?post=58420"},{"taxonomy":"product_tag","embeddable":true,"href":"https:\/\/ranoja.ee\/en\/wp-json\/wp\/v2\/product_tag?post=58420"}],"curies":[{"name":"wp","href":"https:\/\/api.w.org\/{rel}","templated":true}]}}