{"id":58418,"date":"2026-03-17T01:59:26","date_gmt":"2026-03-16T22:59:26","guid":{"rendered":"https:\/\/ranoja.ee\/toode\/mootorioli-profleet-ls-plus-5w30-20l-valvoline\/"},"modified":"2026-03-17T15:42:19","modified_gmt":"2026-03-17T12:42:19","slug":"mootorioli-profleet-ls-plus-5w30-20l-valvoline","status":"publish","type":"product","link":"https:\/\/ranoja.ee\/en\/toode\/mootorioli-profleet-ls-plus-5w30-20l-valvoline\/","title":{"rendered":"Mootori\u00f5li Profleet LS Plus 5W30 20L, Valvoline"},"content":{"rendered":"","protected":false},"excerpt":{"rendered":"<p>Suurep\u00e4rane raskeveokite mootori\u00f5li, mille on heaks kiitnud juhtivad veokitootjad, mis on m\u00f5eldud kasutamiseks uusimates ja j\u00e4rgmise p\u00f5lvkonna madala heitgaasidega diiselmootorites. Loodud vastama uusimatele EL-i standarditele ning s\u00e4ilitama suurep\u00e4rase mootori ja j\u00e4relt\u00f6\u00f6tluss\u00fcsteemide puhtuse koos suurep\u00e4rase k\u00fclmk\u00e4ivituskaitsega. See madala viskoossusega 5W-30 s\u00fcnteetiline \u00f5li tagab parema k\u00fctuses\u00e4\u00e4stu ja mootori j\u00f5udluse. M\u00f5eldud Euro 6 mootoritele, millel on heitgaaside j\u00e4relt\u00f6\u00f6tluss\u00fcsteem (sobib kasutada ka vanematele Euro normidega mootoritele).<br \/>\nHeakskiidud ja spetsifikatsioonid:<br \/>\nACEA E7, E8, E11<br \/>\nAPI CK-4, CJ-4, CI-4 PLUS, CI-4, CH-4\/SN<br \/>\nCaterpillar ECF-3, ECF-2<br \/>\nCummins CES 20086<br \/>\nDAF Extended drain<br \/>\nDaimler Truck DTFR 15C120 (MB-228.52)<br \/>\nDaimler Truck DTFR 15C110 (MB-228.51)<br \/>\nDaimler Truck DTFR 15C100 (MB-228.31)<br \/>\nDetroit Diesel DDC 93K222<br \/>\nDeutz DQC IV-18 LA<br \/>\nFord WSS-M2C213-A1<br \/>\nJASO DH-2, DH-1 <br \/>\nMack EOS-4.5<br \/>\nMAN M3677, M3775<br \/>\nMTU type 3.1, type 2.1<br \/>\nRenault RLD-3<br \/>\nScania LDF-4<br \/>\nVoith Class B<br \/>\nVolvo VDS-4.5, VDS-4, VDS-3<br \/>\nRecommended for use:<br \/>\nIVECO 18-1804 TLS E6<\/p>\n","protected":false},"featured_media":58419,"template":"","meta":{"inline_featured_image":false},"product_cat":[5012,5115,5139],"product_tag":[],"class_list":{"0":"post-58418","1":"product","2":"type-product","3":"status-publish","4":"has-post-thumbnail","6":"product_brand-valvoline","7":"product_cat-olid-ja-maardeained","8":"product_cat-rasketehnika-mootoriolid","9":"product_cat-rasketehnika-taissunteetilised-mootoriolid","11":"first","12":"instock","13":"purchasable","14":"product-type-simple"},"yoast_head":"<!-- This site is optimized with the Yoast SEO plugin v27.4 - https:\/\/yoast.com\/product\/yoast-seo-wordpress\/ -->\n<title>Mootori\u00f5li Profleet LS Plus 5W30 20L, Valvoline - Ranoja<\/title>\n<meta name=\"robots\" content=\"index, follow, max-snippet:-1, max-image-preview:large, max-video-preview:-1\" \/>\n<link rel=\"canonical\" href=\"https:\/\/ranoja.ee\/toode\/mootorioli-profleet-ls-plus-5w30-20l-valvoline\/\" \/>\n<meta property=\"og:locale\" content=\"en_US\" \/>\n<meta property=\"og:type\" content=\"article\" \/>\n<meta property=\"og:title\" content=\"Mootori\u00f5li Profleet LS Plus 5W30 20L, Valvoline - Ranoja\" \/>\n<meta property=\"og:description\" content=\"Suurep\u00e4rane raskeveokite mootori\u00f5li, mille on heaks kiitnud juhtivad veokitootjad, mis on m\u00f5eldud kasutamiseks uusimates ja j\u00e4rgmise p\u00f5lvkonna madala heitgaasidega diiselmootorites. Loodud vastama uusimatele EL-i standarditele ning s\u00e4ilitama suurep\u00e4rase mootori ja j\u00e4relt\u00f6\u00f6tluss\u00fcsteemide puhtuse koos suurep\u00e4rase k\u00fclmk\u00e4ivituskaitsega. See madala viskoossusega 5W-30 s\u00fcnteetiline \u00f5li tagab parema k\u00fctuses\u00e4\u00e4stu ja mootori j\u00f5udluse. M\u00f5eldud Euro 6 mootoritele, millel on heitgaaside j\u00e4relt\u00f6\u00f6tluss\u00fcsteem (sobib kasutada ka vanematele Euro normidega mootoritele). Heakskiidud ja spetsifikatsioonid: ACEA E7, E8, E11 API CK-4, CJ-4, CI-4 PLUS, CI-4, CH-4\/SN Caterpillar ECF-3, ECF-2 Cummins CES 20086 DAF Extended drain Daimler Truck DTFR 15C120 (MB-228.52) Daimler Truck DTFR 15C110 (MB-228.51) Daimler Truck DTFR 15C100 (MB-228.31) Detroit Diesel DDC 93K222 Deutz DQC IV-18 LA Ford WSS-M2C213-A1 JASO DH-2, DH-1 Mack EOS-4.5 MAN M3677, M3775 MTU type 3.1, type 2.1 Renault RLD-3 Scania LDF-4 Voith Class B Volvo VDS-4.5, VDS-4, VDS-3 Recommended for use: IVECO 18-1804 TLS E6\" \/>\n<meta property=\"og:url\" content=\"https:\/\/ranoja.ee\/toode\/mootorioli-profleet-ls-plus-5w30-20l-valvoline\/\" \/>\n<meta property=\"og:site_name\" content=\"Ranoja\" \/>\n<meta property=\"article:publisher\" content=\"https:\/\/www.facebook.com\/ranoja.ee\" \/>\n<meta property=\"article:modified_time\" content=\"2026-03-17T12:42:19+00:00\" \/>\n<meta property=\"og:image\" content=\"https:\/\/ranoja.ee\/wp-content\/uploads\/2026\/03\/5637343072.jpg\" \/>\n\t<meta property=\"og:image:width\" content=\"893\" \/>\n\t<meta property=\"og:image:height\" content=\"900\" \/>\n\t<meta property=\"og:image:type\" content=\"image\/jpeg\" \/>\n<meta name=\"twitter:card\" content=\"summary_large_image\" \/>\n<script type=\"application\/ld+json\" class=\"yoast-schema-graph\">{\"@context\":\"https:\\\/\\\/schema.org\",\"@graph\":[{\"@type\":\"WebPage\",\"@id\":\"https:\\\/\\\/ranoja.ee\\\/toode\\\/mootorioli-profleet-ls-plus-5w30-20l-valvoline\\\/\",\"url\":\"https:\\\/\\\/ranoja.ee\\\/toode\\\/mootorioli-profleet-ls-plus-5w30-20l-valvoline\\\/\",\"name\":\"Mootori\u00f5li Profleet LS Plus 5W30 20L, Valvoline - Ranoja\",\"isPartOf\":{\"@id\":\"https:\\\/\\\/ranoja.ee\\\/#website\"},\"primaryImageOfPage\":{\"@id\":\"https:\\\/\\\/ranoja.ee\\\/toode\\\/mootorioli-profleet-ls-plus-5w30-20l-valvoline\\\/#primaryimage\"},\"image\":{\"@id\":\"https:\\\/\\\/ranoja.ee\\\/toode\\\/mootorioli-profleet-ls-plus-5w30-20l-valvoline\\\/#primaryimage\"},\"thumbnailUrl\":\"https:\\\/\\\/ranoja.ee\\\/wp-content\\\/uploads\\\/2026\\\/03\\\/5637343072.jpg\",\"datePublished\":\"2026-03-16T22:59:26+00:00\",\"dateModified\":\"2026-03-17T12:42:19+00:00\",\"breadcrumb\":{\"@id\":\"https:\\\/\\\/ranoja.ee\\\/toode\\\/mootorioli-profleet-ls-plus-5w30-20l-valvoline\\\/#breadcrumb\"},\"inLanguage\":\"en-US\",\"potentialAction\":[{\"@type\":\"ReadAction\",\"target\":[\"https:\\\/\\\/ranoja.ee\\\/toode\\\/mootorioli-profleet-ls-plus-5w30-20l-valvoline\\\/\"]}]},{\"@type\":\"ImageObject\",\"inLanguage\":\"en-US\",\"@id\":\"https:\\\/\\\/ranoja.ee\\\/toode\\\/mootorioli-profleet-ls-plus-5w30-20l-valvoline\\\/#primaryimage\",\"url\":\"https:\\\/\\\/ranoja.ee\\\/wp-content\\\/uploads\\\/2026\\\/03\\\/5637343072.jpg\",\"contentUrl\":\"https:\\\/\\\/ranoja.ee\\\/wp-content\\\/uploads\\\/2026\\\/03\\\/5637343072.jpg\",\"width\":893,\"height\":900},{\"@type\":\"BreadcrumbList\",\"@id\":\"https:\\\/\\\/ranoja.ee\\\/toode\\\/mootorioli-profleet-ls-plus-5w30-20l-valvoline\\\/#breadcrumb\",\"itemListElement\":[{\"@type\":\"ListItem\",\"position\":1,\"name\":\"Home\",\"item\":\"https:\\\/\\\/ranoja.ee\\\/\"},{\"@type\":\"ListItem\",\"position\":2,\"name\":\"Shop\",\"item\":\"https:\\\/\\\/ranoja.ee\\\/en\\\/shop\\\/\"},{\"@type\":\"ListItem\",\"position\":3,\"name\":\"Mootori\u00f5li Profleet LS Plus 5W30 20L, Valvoline\"}]},{\"@type\":\"WebSite\",\"@id\":\"https:\\\/\\\/ranoja.ee\\\/#website\",\"url\":\"https:\\\/\\\/ranoja.ee\\\/\",\"name\":\"Ranoja\",\"description\":\"Equipment Shop WooCommerce WordPress Theme for Machine &amp; Tools\",\"publisher\":{\"@id\":\"https:\\\/\\\/ranoja.ee\\\/#organization\"},\"potentialAction\":[{\"@type\":\"SearchAction\",\"target\":{\"@type\":\"EntryPoint\",\"urlTemplate\":\"https:\\\/\\\/ranoja.ee\\\/?s={search_term_string}\"},\"query-input\":{\"@type\":\"PropertyValueSpecification\",\"valueRequired\":true,\"valueName\":\"search_term_string\"}}],\"inLanguage\":\"en-US\"},{\"@type\":\"Organization\",\"@id\":\"https:\\\/\\\/ranoja.ee\\\/#organization\",\"name\":\"Ranoja O\u00dc\",\"url\":\"https:\\\/\\\/ranoja.ee\\\/\",\"logo\":{\"@type\":\"ImageObject\",\"inLanguage\":\"en-US\",\"@id\":\"https:\\\/\\\/ranoja.ee\\\/#\\\/schema\\\/logo\\\/image\\\/\",\"url\":\"https:\\\/\\\/ranoja.ee\\\/wp-content\\\/uploads\\\/2023\\\/11\\\/ranoja-Logo.png\",\"contentUrl\":\"https:\\\/\\\/ranoja.ee\\\/wp-content\\\/uploads\\\/2023\\\/11\\\/ranoja-Logo.png\",\"width\":207,\"height\":58,\"caption\":\"Ranoja O\u00dc\"},\"image\":{\"@id\":\"https:\\\/\\\/ranoja.ee\\\/#\\\/schema\\\/logo\\\/image\\\/\"},\"sameAs\":[\"https:\\\/\\\/www.facebook.com\\\/ranoja.ee\",\"https:\\\/\\\/www.instagram.com\\\/ranoja__\\\/\"]}]}<\/script>\n<!-- \/ Yoast SEO plugin. -->","yoast_head_json":{"title":"Mootori\u00f5li Profleet LS Plus 5W30 20L, Valvoline - Ranoja","robots":{"index":"index","follow":"follow","max-snippet":"max-snippet:-1","max-image-preview":"max-image-preview:large","max-video-preview":"max-video-preview:-1"},"canonical":"https:\/\/ranoja.ee\/toode\/mootorioli-profleet-ls-plus-5w30-20l-valvoline\/","og_locale":"en_US","og_type":"article","og_title":"Mootori\u00f5li Profleet LS Plus 5W30 20L, Valvoline - Ranoja","og_description":"Suurep\u00e4rane raskeveokite mootori\u00f5li, mille on heaks kiitnud juhtivad veokitootjad, mis on m\u00f5eldud kasutamiseks uusimates ja j\u00e4rgmise p\u00f5lvkonna madala heitgaasidega diiselmootorites. Loodud vastama uusimatele EL-i standarditele ning s\u00e4ilitama suurep\u00e4rase mootori ja j\u00e4relt\u00f6\u00f6tluss\u00fcsteemide puhtuse koos suurep\u00e4rase k\u00fclmk\u00e4ivituskaitsega. See madala viskoossusega 5W-30 s\u00fcnteetiline \u00f5li tagab parema k\u00fctuses\u00e4\u00e4stu ja mootori j\u00f5udluse. M\u00f5eldud Euro 6 mootoritele, millel on heitgaaside j\u00e4relt\u00f6\u00f6tluss\u00fcsteem (sobib kasutada ka vanematele Euro normidega mootoritele). Heakskiidud ja spetsifikatsioonid: ACEA E7, E8, E11 API CK-4, CJ-4, CI-4 PLUS, CI-4, CH-4\/SN Caterpillar ECF-3, ECF-2 Cummins CES 20086 DAF Extended drain Daimler Truck DTFR 15C120 (MB-228.52) Daimler Truck DTFR 15C110 (MB-228.51) Daimler Truck DTFR 15C100 (MB-228.31) Detroit Diesel DDC 93K222 Deutz DQC IV-18 LA Ford WSS-M2C213-A1 JASO DH-2, DH-1 Mack EOS-4.5 MAN M3677, M3775 MTU type 3.1, type 2.1 Renault RLD-3 Scania LDF-4 Voith Class B Volvo VDS-4.5, VDS-4, VDS-3 Recommended for use: IVECO 18-1804 TLS E6","og_url":"https:\/\/ranoja.ee\/toode\/mootorioli-profleet-ls-plus-5w30-20l-valvoline\/","og_site_name":"Ranoja","article_publisher":"https:\/\/www.facebook.com\/ranoja.ee","article_modified_time":"2026-03-17T12:42:19+00:00","og_image":[{"width":893,"height":900,"url":"https:\/\/ranoja.ee\/wp-content\/uploads\/2026\/03\/5637343072.jpg","type":"image\/jpeg"}],"twitter_card":"summary_large_image","schema":{"@context":"https:\/\/schema.org","@graph":[{"@type":"WebPage","@id":"https:\/\/ranoja.ee\/toode\/mootorioli-profleet-ls-plus-5w30-20l-valvoline\/","url":"https:\/\/ranoja.ee\/toode\/mootorioli-profleet-ls-plus-5w30-20l-valvoline\/","name":"Mootori\u00f5li Profleet LS Plus 5W30 20L, Valvoline - Ranoja","isPartOf":{"@id":"https:\/\/ranoja.ee\/#website"},"primaryImageOfPage":{"@id":"https:\/\/ranoja.ee\/toode\/mootorioli-profleet-ls-plus-5w30-20l-valvoline\/#primaryimage"},"image":{"@id":"https:\/\/ranoja.ee\/toode\/mootorioli-profleet-ls-plus-5w30-20l-valvoline\/#primaryimage"},"thumbnailUrl":"https:\/\/ranoja.ee\/wp-content\/uploads\/2026\/03\/5637343072.jpg","datePublished":"2026-03-16T22:59:26+00:00","dateModified":"2026-03-17T12:42:19+00:00","breadcrumb":{"@id":"https:\/\/ranoja.ee\/toode\/mootorioli-profleet-ls-plus-5w30-20l-valvoline\/#breadcrumb"},"inLanguage":"en-US","potentialAction":[{"@type":"ReadAction","target":["https:\/\/ranoja.ee\/toode\/mootorioli-profleet-ls-plus-5w30-20l-valvoline\/"]}]},{"@type":"ImageObject","inLanguage":"en-US","@id":"https:\/\/ranoja.ee\/toode\/mootorioli-profleet-ls-plus-5w30-20l-valvoline\/#primaryimage","url":"https:\/\/ranoja.ee\/wp-content\/uploads\/2026\/03\/5637343072.jpg","contentUrl":"https:\/\/ranoja.ee\/wp-content\/uploads\/2026\/03\/5637343072.jpg","width":893,"height":900},{"@type":"BreadcrumbList","@id":"https:\/\/ranoja.ee\/toode\/mootorioli-profleet-ls-plus-5w30-20l-valvoline\/#breadcrumb","itemListElement":[{"@type":"ListItem","position":1,"name":"Home","item":"https:\/\/ranoja.ee\/"},{"@type":"ListItem","position":2,"name":"Shop","item":"https:\/\/ranoja.ee\/en\/shop\/"},{"@type":"ListItem","position":3,"name":"Mootori\u00f5li Profleet LS Plus 5W30 20L, Valvoline"}]},{"@type":"WebSite","@id":"https:\/\/ranoja.ee\/#website","url":"https:\/\/ranoja.ee\/","name":"Ranoja","description":"Equipment Shop WooCommerce WordPress Theme for Machine &amp; Tools","publisher":{"@id":"https:\/\/ranoja.ee\/#organization"},"potentialAction":[{"@type":"SearchAction","target":{"@type":"EntryPoint","urlTemplate":"https:\/\/ranoja.ee\/?s={search_term_string}"},"query-input":{"@type":"PropertyValueSpecification","valueRequired":true,"valueName":"search_term_string"}}],"inLanguage":"en-US"},{"@type":"Organization","@id":"https:\/\/ranoja.ee\/#organization","name":"Ranoja O\u00dc","url":"https:\/\/ranoja.ee\/","logo":{"@type":"ImageObject","inLanguage":"en-US","@id":"https:\/\/ranoja.ee\/#\/schema\/logo\/image\/","url":"https:\/\/ranoja.ee\/wp-content\/uploads\/2023\/11\/ranoja-Logo.png","contentUrl":"https:\/\/ranoja.ee\/wp-content\/uploads\/2023\/11\/ranoja-Logo.png","width":207,"height":58,"caption":"Ranoja O\u00dc"},"image":{"@id":"https:\/\/ranoja.ee\/#\/schema\/logo\/image\/"},"sameAs":["https:\/\/www.facebook.com\/ranoja.ee","https:\/\/www.instagram.com\/ranoja__\/"]}]}},"_links":{"self":[{"href":"https:\/\/ranoja.ee\/en\/wp-json\/wp\/v2\/product\/58418","targetHints":{"allow":["GET"]}}],"collection":[{"href":"https:\/\/ranoja.ee\/en\/wp-json\/wp\/v2\/product"}],"about":[{"href":"https:\/\/ranoja.ee\/en\/wp-json\/wp\/v2\/types\/product"}],"wp:featuredmedia":[{"embeddable":true,"href":"https:\/\/ranoja.ee\/en\/wp-json\/wp\/v2\/media\/58419"}],"wp:attachment":[{"href":"https:\/\/ranoja.ee\/en\/wp-json\/wp\/v2\/media?parent=58418"}],"wp:term":[{"taxonomy":"product_cat","embeddable":true,"href":"https:\/\/ranoja.ee\/en\/wp-json\/wp\/v2\/product_cat?post=58418"},{"taxonomy":"product_tag","embeddable":true,"href":"https:\/\/ranoja.ee\/en\/wp-json\/wp\/v2\/product_tag?post=58418"}],"curies":[{"name":"wp","href":"https:\/\/api.w.org\/{rel}","templated":true}]}}