{"id":58416,"date":"2026-03-17T01:59:26","date_gmt":"2026-03-16T22:59:26","guid":{"rendered":"https:\/\/ranoja.ee\/toode\/mootorioli-maxlife-5w40-4l-valvoline\/"},"modified":"2026-03-17T15:42:19","modified_gmt":"2026-03-17T12:42:19","slug":"mootorioli-maxlife-5w40-4l-valvoline","status":"publish","type":"product","link":"https:\/\/ranoja.ee\/en\/toode\/mootorioli-maxlife-5w40-4l-valvoline\/","title":{"rendered":"Mootori\u00f5li Maxlife 5W40 4L, Valvoline"},"content":{"rendered":"","protected":false},"excerpt":{"rendered":"<p>Valvoline MaxLife mootori\u00f5lid on spetsiaalselt valmistatud v\u00e4ltimaks ja ennetamaks selliseid vanemate mootorite s\u00fcmptomeid nagu \u00f5lilekked, sadestised, kulumine ja n\u00f5gi. Spetsiaalselt formuleeritud koostis suurema l\u00e4bis\u00f5iduga mootoritele, mis sobib nii diisel- kui bensiinimootoritele.<br \/>\n> Unikaalne tihendi hooldusaine parandab tihendite elastsust. See v\u00e4hendab ja aitab \u00e4ra hoida \u00f5lilekkeid.<br \/>\n> T\u00e4iendavad puhastavad manused v\u00e4hendavad vanemale mootorile iseloomulikke kahjulikke sadestisi ning v\u00e4ldivad uute sadestiste ja n\u00f5e teket.<br \/>\n> Kvaliteetne baas\u00f5li ja ainulaadsete MaxLife\u2019i lisaainete kooslus tagavad optimaalse m\u00e4\u00e4rimise. See aitab pikendada mootori kasutusiga.<br \/>\nMAXLIFE 5W40 on t\u00e4iss\u00fcnteetiline mootori\u00f5li mis sobib bensiini-, diisel- ja LPG gaasimootoritele.<br \/>\n\u00dcletab j\u00e4rgmiseid standardeid:<br \/>\nAPI SN\/CF <br \/>\nACEA A3\/B4<br \/>\nVW 502.00\/505.00<br \/>\nMB 229.1\/229.3  <br \/>\nRenault RN0700\/0710<\/p>\n","protected":false},"featured_media":58417,"template":"","meta":{"inline_featured_image":false},"product_cat":[5012,5033,5032],"product_tag":[],"class_list":{"0":"post-58416","1":"product","2":"type-product","3":"status-publish","4":"has-post-thumbnail","6":"product_brand-valvoline","7":"product_cat-olid-ja-maardeained","8":"product_cat-soiduautode-ja-tarbesoidukite-taissunteetilised-mootoriolid","9":"product_cat-soiduautode-mootoriolid","11":"first","12":"outofstock","13":"purchasable","14":"product-type-simple"},"yoast_head":"<!-- This site is optimized with the Yoast SEO plugin v27.4 - https:\/\/yoast.com\/product\/yoast-seo-wordpress\/ -->\n<title>Mootori\u00f5li Maxlife 5W40 4L, Valvoline - Ranoja<\/title>\n<meta name=\"robots\" content=\"index, follow, max-snippet:-1, max-image-preview:large, max-video-preview:-1\" \/>\n<link rel=\"canonical\" href=\"https:\/\/ranoja.ee\/toode\/mootorioli-maxlife-5w40-4l-valvoline\/\" \/>\n<meta property=\"og:locale\" content=\"en_US\" \/>\n<meta property=\"og:type\" content=\"article\" \/>\n<meta property=\"og:title\" content=\"Mootori\u00f5li Maxlife 5W40 4L, Valvoline - Ranoja\" \/>\n<meta property=\"og:description\" content=\"Valvoline MaxLife mootori\u00f5lid on spetsiaalselt valmistatud v\u00e4ltimaks ja ennetamaks selliseid vanemate mootorite s\u00fcmptomeid nagu \u00f5lilekked, sadestised, kulumine ja n\u00f5gi. Spetsiaalselt formuleeritud koostis suurema l\u00e4bis\u00f5iduga mootoritele, mis sobib nii diisel- kui bensiinimootoritele. &gt; Unikaalne tihendi hooldusaine parandab tihendite elastsust. See v\u00e4hendab ja aitab \u00e4ra hoida \u00f5lilekkeid. &gt; T\u00e4iendavad puhastavad manused v\u00e4hendavad vanemale mootorile iseloomulikke kahjulikke sadestisi ning v\u00e4ldivad uute sadestiste ja n\u00f5e teket. &gt; Kvaliteetne baas\u00f5li ja ainulaadsete MaxLife\u2019i lisaainete kooslus tagavad optimaalse m\u00e4\u00e4rimise. See aitab pikendada mootori kasutusiga. MAXLIFE 5W40 on t\u00e4iss\u00fcnteetiline mootori\u00f5li mis sobib bensiini-, diisel- ja LPG gaasimootoritele. \u00dcletab j\u00e4rgmiseid standardeid: API SN\/CF ACEA A3\/B4 VW 502.00\/505.00 MB 229.1\/229.3  Renault RN0700\/0710\" \/>\n<meta property=\"og:url\" content=\"https:\/\/ranoja.ee\/toode\/mootorioli-maxlife-5w40-4l-valvoline\/\" \/>\n<meta property=\"og:site_name\" content=\"Ranoja\" \/>\n<meta property=\"article:publisher\" content=\"https:\/\/www.facebook.com\/ranoja.ee\" \/>\n<meta property=\"article:modified_time\" content=\"2026-03-17T12:42:19+00:00\" \/>\n<meta property=\"og:image\" content=\"https:\/\/ranoja.ee\/wp-content\/uploads\/2026\/03\/195629627.jpeg\" \/>\n\t<meta property=\"og:image:width\" content=\"476\" \/>\n\t<meta property=\"og:image:height\" content=\"768\" \/>\n\t<meta property=\"og:image:type\" content=\"image\/jpeg\" \/>\n<meta name=\"twitter:card\" content=\"summary_large_image\" \/>\n<script type=\"application\/ld+json\" class=\"yoast-schema-graph\">{\"@context\":\"https:\\\/\\\/schema.org\",\"@graph\":[{\"@type\":\"WebPage\",\"@id\":\"https:\\\/\\\/ranoja.ee\\\/toode\\\/mootorioli-maxlife-5w40-4l-valvoline\\\/\",\"url\":\"https:\\\/\\\/ranoja.ee\\\/toode\\\/mootorioli-maxlife-5w40-4l-valvoline\\\/\",\"name\":\"Mootori\u00f5li Maxlife 5W40 4L, Valvoline - Ranoja\",\"isPartOf\":{\"@id\":\"https:\\\/\\\/ranoja.ee\\\/#website\"},\"primaryImageOfPage\":{\"@id\":\"https:\\\/\\\/ranoja.ee\\\/toode\\\/mootorioli-maxlife-5w40-4l-valvoline\\\/#primaryimage\"},\"image\":{\"@id\":\"https:\\\/\\\/ranoja.ee\\\/toode\\\/mootorioli-maxlife-5w40-4l-valvoline\\\/#primaryimage\"},\"thumbnailUrl\":\"https:\\\/\\\/ranoja.ee\\\/wp-content\\\/uploads\\\/2026\\\/03\\\/195629627.jpeg\",\"datePublished\":\"2026-03-16T22:59:26+00:00\",\"dateModified\":\"2026-03-17T12:42:19+00:00\",\"breadcrumb\":{\"@id\":\"https:\\\/\\\/ranoja.ee\\\/toode\\\/mootorioli-maxlife-5w40-4l-valvoline\\\/#breadcrumb\"},\"inLanguage\":\"en-US\",\"potentialAction\":[{\"@type\":\"ReadAction\",\"target\":[\"https:\\\/\\\/ranoja.ee\\\/toode\\\/mootorioli-maxlife-5w40-4l-valvoline\\\/\"]}]},{\"@type\":\"ImageObject\",\"inLanguage\":\"en-US\",\"@id\":\"https:\\\/\\\/ranoja.ee\\\/toode\\\/mootorioli-maxlife-5w40-4l-valvoline\\\/#primaryimage\",\"url\":\"https:\\\/\\\/ranoja.ee\\\/wp-content\\\/uploads\\\/2026\\\/03\\\/195629627.jpeg\",\"contentUrl\":\"https:\\\/\\\/ranoja.ee\\\/wp-content\\\/uploads\\\/2026\\\/03\\\/195629627.jpeg\",\"width\":476,\"height\":768},{\"@type\":\"BreadcrumbList\",\"@id\":\"https:\\\/\\\/ranoja.ee\\\/toode\\\/mootorioli-maxlife-5w40-4l-valvoline\\\/#breadcrumb\",\"itemListElement\":[{\"@type\":\"ListItem\",\"position\":1,\"name\":\"Home\",\"item\":\"https:\\\/\\\/ranoja.ee\\\/\"},{\"@type\":\"ListItem\",\"position\":2,\"name\":\"Shop\",\"item\":\"https:\\\/\\\/ranoja.ee\\\/en\\\/shop\\\/\"},{\"@type\":\"ListItem\",\"position\":3,\"name\":\"Mootori\u00f5li Maxlife 5W40 4L, Valvoline\"}]},{\"@type\":\"WebSite\",\"@id\":\"https:\\\/\\\/ranoja.ee\\\/#website\",\"url\":\"https:\\\/\\\/ranoja.ee\\\/\",\"name\":\"Ranoja\",\"description\":\"Equipment Shop WooCommerce WordPress Theme for Machine &amp; Tools\",\"publisher\":{\"@id\":\"https:\\\/\\\/ranoja.ee\\\/#organization\"},\"potentialAction\":[{\"@type\":\"SearchAction\",\"target\":{\"@type\":\"EntryPoint\",\"urlTemplate\":\"https:\\\/\\\/ranoja.ee\\\/?s={search_term_string}\"},\"query-input\":{\"@type\":\"PropertyValueSpecification\",\"valueRequired\":true,\"valueName\":\"search_term_string\"}}],\"inLanguage\":\"en-US\"},{\"@type\":\"Organization\",\"@id\":\"https:\\\/\\\/ranoja.ee\\\/#organization\",\"name\":\"Ranoja O\u00dc\",\"url\":\"https:\\\/\\\/ranoja.ee\\\/\",\"logo\":{\"@type\":\"ImageObject\",\"inLanguage\":\"en-US\",\"@id\":\"https:\\\/\\\/ranoja.ee\\\/#\\\/schema\\\/logo\\\/image\\\/\",\"url\":\"https:\\\/\\\/ranoja.ee\\\/wp-content\\\/uploads\\\/2023\\\/11\\\/ranoja-Logo.png\",\"contentUrl\":\"https:\\\/\\\/ranoja.ee\\\/wp-content\\\/uploads\\\/2023\\\/11\\\/ranoja-Logo.png\",\"width\":207,\"height\":58,\"caption\":\"Ranoja O\u00dc\"},\"image\":{\"@id\":\"https:\\\/\\\/ranoja.ee\\\/#\\\/schema\\\/logo\\\/image\\\/\"},\"sameAs\":[\"https:\\\/\\\/www.facebook.com\\\/ranoja.ee\",\"https:\\\/\\\/www.instagram.com\\\/ranoja__\\\/\"]}]}<\/script>\n<!-- \/ Yoast SEO plugin. -->","yoast_head_json":{"title":"Mootori\u00f5li Maxlife 5W40 4L, Valvoline - Ranoja","robots":{"index":"index","follow":"follow","max-snippet":"max-snippet:-1","max-image-preview":"max-image-preview:large","max-video-preview":"max-video-preview:-1"},"canonical":"https:\/\/ranoja.ee\/toode\/mootorioli-maxlife-5w40-4l-valvoline\/","og_locale":"en_US","og_type":"article","og_title":"Mootori\u00f5li Maxlife 5W40 4L, Valvoline - Ranoja","og_description":"Valvoline MaxLife mootori\u00f5lid on spetsiaalselt valmistatud v\u00e4ltimaks ja ennetamaks selliseid vanemate mootorite s\u00fcmptomeid nagu \u00f5lilekked, sadestised, kulumine ja n\u00f5gi. Spetsiaalselt formuleeritud koostis suurema l\u00e4bis\u00f5iduga mootoritele, mis sobib nii diisel- kui bensiinimootoritele. > Unikaalne tihendi hooldusaine parandab tihendite elastsust. See v\u00e4hendab ja aitab \u00e4ra hoida \u00f5lilekkeid. > T\u00e4iendavad puhastavad manused v\u00e4hendavad vanemale mootorile iseloomulikke kahjulikke sadestisi ning v\u00e4ldivad uute sadestiste ja n\u00f5e teket. > Kvaliteetne baas\u00f5li ja ainulaadsete MaxLife\u2019i lisaainete kooslus tagavad optimaalse m\u00e4\u00e4rimise. See aitab pikendada mootori kasutusiga. MAXLIFE 5W40 on t\u00e4iss\u00fcnteetiline mootori\u00f5li mis sobib bensiini-, diisel- ja LPG gaasimootoritele. \u00dcletab j\u00e4rgmiseid standardeid: API SN\/CF ACEA A3\/B4 VW 502.00\/505.00 MB 229.1\/229.3  Renault RN0700\/0710","og_url":"https:\/\/ranoja.ee\/toode\/mootorioli-maxlife-5w40-4l-valvoline\/","og_site_name":"Ranoja","article_publisher":"https:\/\/www.facebook.com\/ranoja.ee","article_modified_time":"2026-03-17T12:42:19+00:00","og_image":[{"width":476,"height":768,"url":"https:\/\/ranoja.ee\/wp-content\/uploads\/2026\/03\/195629627.jpeg","type":"image\/jpeg"}],"twitter_card":"summary_large_image","schema":{"@context":"https:\/\/schema.org","@graph":[{"@type":"WebPage","@id":"https:\/\/ranoja.ee\/toode\/mootorioli-maxlife-5w40-4l-valvoline\/","url":"https:\/\/ranoja.ee\/toode\/mootorioli-maxlife-5w40-4l-valvoline\/","name":"Mootori\u00f5li Maxlife 5W40 4L, Valvoline - Ranoja","isPartOf":{"@id":"https:\/\/ranoja.ee\/#website"},"primaryImageOfPage":{"@id":"https:\/\/ranoja.ee\/toode\/mootorioli-maxlife-5w40-4l-valvoline\/#primaryimage"},"image":{"@id":"https:\/\/ranoja.ee\/toode\/mootorioli-maxlife-5w40-4l-valvoline\/#primaryimage"},"thumbnailUrl":"https:\/\/ranoja.ee\/wp-content\/uploads\/2026\/03\/195629627.jpeg","datePublished":"2026-03-16T22:59:26+00:00","dateModified":"2026-03-17T12:42:19+00:00","breadcrumb":{"@id":"https:\/\/ranoja.ee\/toode\/mootorioli-maxlife-5w40-4l-valvoline\/#breadcrumb"},"inLanguage":"en-US","potentialAction":[{"@type":"ReadAction","target":["https:\/\/ranoja.ee\/toode\/mootorioli-maxlife-5w40-4l-valvoline\/"]}]},{"@type":"ImageObject","inLanguage":"en-US","@id":"https:\/\/ranoja.ee\/toode\/mootorioli-maxlife-5w40-4l-valvoline\/#primaryimage","url":"https:\/\/ranoja.ee\/wp-content\/uploads\/2026\/03\/195629627.jpeg","contentUrl":"https:\/\/ranoja.ee\/wp-content\/uploads\/2026\/03\/195629627.jpeg","width":476,"height":768},{"@type":"BreadcrumbList","@id":"https:\/\/ranoja.ee\/toode\/mootorioli-maxlife-5w40-4l-valvoline\/#breadcrumb","itemListElement":[{"@type":"ListItem","position":1,"name":"Home","item":"https:\/\/ranoja.ee\/"},{"@type":"ListItem","position":2,"name":"Shop","item":"https:\/\/ranoja.ee\/en\/shop\/"},{"@type":"ListItem","position":3,"name":"Mootori\u00f5li Maxlife 5W40 4L, Valvoline"}]},{"@type":"WebSite","@id":"https:\/\/ranoja.ee\/#website","url":"https:\/\/ranoja.ee\/","name":"Ranoja","description":"Equipment Shop WooCommerce WordPress Theme for Machine &amp; Tools","publisher":{"@id":"https:\/\/ranoja.ee\/#organization"},"potentialAction":[{"@type":"SearchAction","target":{"@type":"EntryPoint","urlTemplate":"https:\/\/ranoja.ee\/?s={search_term_string}"},"query-input":{"@type":"PropertyValueSpecification","valueRequired":true,"valueName":"search_term_string"}}],"inLanguage":"en-US"},{"@type":"Organization","@id":"https:\/\/ranoja.ee\/#organization","name":"Ranoja O\u00dc","url":"https:\/\/ranoja.ee\/","logo":{"@type":"ImageObject","inLanguage":"en-US","@id":"https:\/\/ranoja.ee\/#\/schema\/logo\/image\/","url":"https:\/\/ranoja.ee\/wp-content\/uploads\/2023\/11\/ranoja-Logo.png","contentUrl":"https:\/\/ranoja.ee\/wp-content\/uploads\/2023\/11\/ranoja-Logo.png","width":207,"height":58,"caption":"Ranoja O\u00dc"},"image":{"@id":"https:\/\/ranoja.ee\/#\/schema\/logo\/image\/"},"sameAs":["https:\/\/www.facebook.com\/ranoja.ee","https:\/\/www.instagram.com\/ranoja__\/"]}]}},"_links":{"self":[{"href":"https:\/\/ranoja.ee\/en\/wp-json\/wp\/v2\/product\/58416","targetHints":{"allow":["GET"]}}],"collection":[{"href":"https:\/\/ranoja.ee\/en\/wp-json\/wp\/v2\/product"}],"about":[{"href":"https:\/\/ranoja.ee\/en\/wp-json\/wp\/v2\/types\/product"}],"wp:featuredmedia":[{"embeddable":true,"href":"https:\/\/ranoja.ee\/en\/wp-json\/wp\/v2\/media\/58417"}],"wp:attachment":[{"href":"https:\/\/ranoja.ee\/en\/wp-json\/wp\/v2\/media?parent=58416"}],"wp:term":[{"taxonomy":"product_cat","embeddable":true,"href":"https:\/\/ranoja.ee\/en\/wp-json\/wp\/v2\/product_cat?post=58416"},{"taxonomy":"product_tag","embeddable":true,"href":"https:\/\/ranoja.ee\/en\/wp-json\/wp\/v2\/product_tag?post=58416"}],"curies":[{"name":"wp","href":"https:\/\/api.w.org\/{rel}","templated":true}]}}