{"id":58380,"date":"2026-03-17T01:59:00","date_gmt":"2026-03-16T22:59:00","guid":{"rendered":"https:\/\/ranoja.ee\/toode\/kaitsekiiver-baseball-reguleeritav-sinine-diamond-v-delta-plus\/"},"modified":"2026-03-17T15:43:45","modified_gmt":"2026-03-17T12:43:45","slug":"kaitsekiiver-baseball-reguleeritav-sinine-diamond-v-delta-plus","status":"publish","type":"product","link":"https:\/\/ranoja.ee\/en\/toode\/kaitsekiiver-baseball-reguleeritav-sinine-diamond-v-delta-plus\/","title":{"rendered":"Kaitsekiiver Baseball, reguleeritav, sinine DIAMOND V, Delta Plus"},"content":{"rendered":"","protected":false},"excerpt":{"rendered":"<p>Uus innovatiivne pesapallim\u00fctsi- kuju parandab kiivrikandja vaatev\u00e4lja. <br \/>\nSiserakmete \u00fcmbert\u00f5stmisega saab kanda ka tagurpidi. <br \/>\nKergesti reguleeritav pea suuruse j\u00e4rgi 53-63 cm kuklal oleva nupu abil. <br \/>\nMugavad tekstiilist siserakmed. 8 reguleeritavat kinnituskohta. <br \/>\nVastavalt pea suurusele ja parema mugavuse tagamiseks on v\u00f5imalik kiivri rakmete s\u00fcgavust muuta, kui on soov kanda kiivrialust m\u00fctsi. <br \/>\nVahetatav higipael.<br \/>\nVihmaveerenn. <br \/>\nElektriisolatsioon 440V (440VAC). <br \/>\nTestitud k\u00fclgj\u00e4ikusele (LD). <br \/>\nKaitseb sulametallipritsmete eest (MM). <br \/>\nKaitse ekstremaalsetes temperatuuritingimustes -20 C kuni +50 C. <br \/>\nSinine v\u00e4rvus reflektorribaga.<br \/>\nKaal: 368 g.<br \/>\nKlass EN 397<br \/>\nEN50365 Electrical insulation 1000 VAC\/1500 VDC<\/p>\n","protected":false},"featured_media":58381,"template":"","meta":{"inline_featured_image":false},"product_cat":[5022,5097],"product_tag":[],"class_list":{"0":"post-58380","1":"product","2":"type-product","3":"status-publish","4":"has-post-thumbnail","6":"product_brand-delta-plus","7":"product_cat-isikukaitsevahendid","8":"product_cat-peakaitsed","10":"first","11":"instock","12":"purchasable","13":"product-type-simple"},"yoast_head":"<!-- This site is optimized with the Yoast SEO plugin v27.4 - https:\/\/yoast.com\/product\/yoast-seo-wordpress\/ -->\n<title>Kaitsekiiver Baseball, reguleeritav, sinine DIAMOND V, Delta Plus - Ranoja<\/title>\n<meta name=\"robots\" content=\"index, follow, max-snippet:-1, max-image-preview:large, max-video-preview:-1\" \/>\n<link rel=\"canonical\" href=\"https:\/\/ranoja.ee\/toode\/kaitsekiiver-baseball-reguleeritav-sinine-diamond-v-delta-plus\/\" \/>\n<meta property=\"og:locale\" content=\"en_US\" \/>\n<meta property=\"og:type\" content=\"article\" \/>\n<meta property=\"og:title\" content=\"Kaitsekiiver Baseball, reguleeritav, sinine DIAMOND V, Delta Plus - Ranoja\" \/>\n<meta property=\"og:description\" content=\"Uus innovatiivne pesapallim\u00fctsi- kuju parandab kiivrikandja vaatev\u00e4lja. Siserakmete \u00fcmbert\u00f5stmisega saab kanda ka tagurpidi. Kergesti reguleeritav pea suuruse j\u00e4rgi 53-63 cm kuklal oleva nupu abil. Mugavad tekstiilist siserakmed. 8 reguleeritavat kinnituskohta. Vastavalt pea suurusele ja parema mugavuse tagamiseks on v\u00f5imalik kiivri rakmete s\u00fcgavust muuta, kui on soov kanda kiivrialust m\u00fctsi. Vahetatav higipael. Vihmaveerenn. Elektriisolatsioon 440V (440VAC). Testitud k\u00fclgj\u00e4ikusele (LD). Kaitseb sulametallipritsmete eest (MM). Kaitse ekstremaalsetes temperatuuritingimustes -20 C kuni +50 C. Sinine v\u00e4rvus reflektorribaga. Kaal: 368 g. Klass EN 397 EN50365 Electrical insulation 1000 VAC\/1500 VDC\" \/>\n<meta property=\"og:url\" content=\"https:\/\/ranoja.ee\/toode\/kaitsekiiver-baseball-reguleeritav-sinine-diamond-v-delta-plus\/\" \/>\n<meta property=\"og:site_name\" content=\"Ranoja\" \/>\n<meta property=\"article:publisher\" content=\"https:\/\/www.facebook.com\/ranoja.ee\" \/>\n<meta property=\"article:modified_time\" content=\"2026-03-17T12:43:45+00:00\" \/>\n<meta property=\"og:image\" content=\"https:\/\/ranoja.ee\/wp-content\/uploads\/2026\/03\/120770761.jpg\" \/>\n\t<meta property=\"og:image:width\" content=\"900\" \/>\n\t<meta property=\"og:image:height\" content=\"900\" \/>\n\t<meta property=\"og:image:type\" content=\"image\/jpeg\" \/>\n<meta name=\"twitter:card\" content=\"summary_large_image\" \/>\n<script type=\"application\/ld+json\" class=\"yoast-schema-graph\">{\"@context\":\"https:\\\/\\\/schema.org\",\"@graph\":[{\"@type\":\"WebPage\",\"@id\":\"https:\\\/\\\/ranoja.ee\\\/toode\\\/kaitsekiiver-baseball-reguleeritav-sinine-diamond-v-delta-plus\\\/\",\"url\":\"https:\\\/\\\/ranoja.ee\\\/toode\\\/kaitsekiiver-baseball-reguleeritav-sinine-diamond-v-delta-plus\\\/\",\"name\":\"Kaitsekiiver Baseball, reguleeritav, sinine DIAMOND V, Delta Plus - Ranoja\",\"isPartOf\":{\"@id\":\"https:\\\/\\\/ranoja.ee\\\/#website\"},\"primaryImageOfPage\":{\"@id\":\"https:\\\/\\\/ranoja.ee\\\/toode\\\/kaitsekiiver-baseball-reguleeritav-sinine-diamond-v-delta-plus\\\/#primaryimage\"},\"image\":{\"@id\":\"https:\\\/\\\/ranoja.ee\\\/toode\\\/kaitsekiiver-baseball-reguleeritav-sinine-diamond-v-delta-plus\\\/#primaryimage\"},\"thumbnailUrl\":\"https:\\\/\\\/ranoja.ee\\\/wp-content\\\/uploads\\\/2026\\\/03\\\/120770761.jpg\",\"datePublished\":\"2026-03-16T22:59:00+00:00\",\"dateModified\":\"2026-03-17T12:43:45+00:00\",\"breadcrumb\":{\"@id\":\"https:\\\/\\\/ranoja.ee\\\/toode\\\/kaitsekiiver-baseball-reguleeritav-sinine-diamond-v-delta-plus\\\/#breadcrumb\"},\"inLanguage\":\"en-US\",\"potentialAction\":[{\"@type\":\"ReadAction\",\"target\":[\"https:\\\/\\\/ranoja.ee\\\/toode\\\/kaitsekiiver-baseball-reguleeritav-sinine-diamond-v-delta-plus\\\/\"]}]},{\"@type\":\"ImageObject\",\"inLanguage\":\"en-US\",\"@id\":\"https:\\\/\\\/ranoja.ee\\\/toode\\\/kaitsekiiver-baseball-reguleeritav-sinine-diamond-v-delta-plus\\\/#primaryimage\",\"url\":\"https:\\\/\\\/ranoja.ee\\\/wp-content\\\/uploads\\\/2026\\\/03\\\/120770761.jpg\",\"contentUrl\":\"https:\\\/\\\/ranoja.ee\\\/wp-content\\\/uploads\\\/2026\\\/03\\\/120770761.jpg\",\"width\":900,\"height\":900},{\"@type\":\"BreadcrumbList\",\"@id\":\"https:\\\/\\\/ranoja.ee\\\/toode\\\/kaitsekiiver-baseball-reguleeritav-sinine-diamond-v-delta-plus\\\/#breadcrumb\",\"itemListElement\":[{\"@type\":\"ListItem\",\"position\":1,\"name\":\"Home\",\"item\":\"https:\\\/\\\/ranoja.ee\\\/\"},{\"@type\":\"ListItem\",\"position\":2,\"name\":\"Shop\",\"item\":\"https:\\\/\\\/ranoja.ee\\\/en\\\/shop\\\/\"},{\"@type\":\"ListItem\",\"position\":3,\"name\":\"Kaitsekiiver Baseball, reguleeritav, sinine DIAMOND V, Delta Plus\"}]},{\"@type\":\"WebSite\",\"@id\":\"https:\\\/\\\/ranoja.ee\\\/#website\",\"url\":\"https:\\\/\\\/ranoja.ee\\\/\",\"name\":\"Ranoja\",\"description\":\"Equipment Shop WooCommerce WordPress Theme for Machine &amp; Tools\",\"publisher\":{\"@id\":\"https:\\\/\\\/ranoja.ee\\\/#organization\"},\"potentialAction\":[{\"@type\":\"SearchAction\",\"target\":{\"@type\":\"EntryPoint\",\"urlTemplate\":\"https:\\\/\\\/ranoja.ee\\\/?s={search_term_string}\"},\"query-input\":{\"@type\":\"PropertyValueSpecification\",\"valueRequired\":true,\"valueName\":\"search_term_string\"}}],\"inLanguage\":\"en-US\"},{\"@type\":\"Organization\",\"@id\":\"https:\\\/\\\/ranoja.ee\\\/#organization\",\"name\":\"Ranoja O\u00dc\",\"url\":\"https:\\\/\\\/ranoja.ee\\\/\",\"logo\":{\"@type\":\"ImageObject\",\"inLanguage\":\"en-US\",\"@id\":\"https:\\\/\\\/ranoja.ee\\\/#\\\/schema\\\/logo\\\/image\\\/\",\"url\":\"https:\\\/\\\/ranoja.ee\\\/wp-content\\\/uploads\\\/2023\\\/11\\\/ranoja-Logo.png\",\"contentUrl\":\"https:\\\/\\\/ranoja.ee\\\/wp-content\\\/uploads\\\/2023\\\/11\\\/ranoja-Logo.png\",\"width\":207,\"height\":58,\"caption\":\"Ranoja O\u00dc\"},\"image\":{\"@id\":\"https:\\\/\\\/ranoja.ee\\\/#\\\/schema\\\/logo\\\/image\\\/\"},\"sameAs\":[\"https:\\\/\\\/www.facebook.com\\\/ranoja.ee\",\"https:\\\/\\\/www.instagram.com\\\/ranoja__\\\/\"]}]}<\/script>\n<!-- \/ Yoast SEO plugin. -->","yoast_head_json":{"title":"Kaitsekiiver Baseball, reguleeritav, sinine DIAMOND V, Delta Plus - Ranoja","robots":{"index":"index","follow":"follow","max-snippet":"max-snippet:-1","max-image-preview":"max-image-preview:large","max-video-preview":"max-video-preview:-1"},"canonical":"https:\/\/ranoja.ee\/toode\/kaitsekiiver-baseball-reguleeritav-sinine-diamond-v-delta-plus\/","og_locale":"en_US","og_type":"article","og_title":"Kaitsekiiver Baseball, reguleeritav, sinine DIAMOND V, Delta Plus - Ranoja","og_description":"Uus innovatiivne pesapallim\u00fctsi- kuju parandab kiivrikandja vaatev\u00e4lja. Siserakmete \u00fcmbert\u00f5stmisega saab kanda ka tagurpidi. Kergesti reguleeritav pea suuruse j\u00e4rgi 53-63 cm kuklal oleva nupu abil. Mugavad tekstiilist siserakmed. 8 reguleeritavat kinnituskohta. Vastavalt pea suurusele ja parema mugavuse tagamiseks on v\u00f5imalik kiivri rakmete s\u00fcgavust muuta, kui on soov kanda kiivrialust m\u00fctsi. Vahetatav higipael. Vihmaveerenn. Elektriisolatsioon 440V (440VAC). Testitud k\u00fclgj\u00e4ikusele (LD). Kaitseb sulametallipritsmete eest (MM). Kaitse ekstremaalsetes temperatuuritingimustes -20 C kuni +50 C. Sinine v\u00e4rvus reflektorribaga. Kaal: 368 g. Klass EN 397 EN50365 Electrical insulation 1000 VAC\/1500 VDC","og_url":"https:\/\/ranoja.ee\/toode\/kaitsekiiver-baseball-reguleeritav-sinine-diamond-v-delta-plus\/","og_site_name":"Ranoja","article_publisher":"https:\/\/www.facebook.com\/ranoja.ee","article_modified_time":"2026-03-17T12:43:45+00:00","og_image":[{"width":900,"height":900,"url":"https:\/\/ranoja.ee\/wp-content\/uploads\/2026\/03\/120770761.jpg","type":"image\/jpeg"}],"twitter_card":"summary_large_image","schema":{"@context":"https:\/\/schema.org","@graph":[{"@type":"WebPage","@id":"https:\/\/ranoja.ee\/toode\/kaitsekiiver-baseball-reguleeritav-sinine-diamond-v-delta-plus\/","url":"https:\/\/ranoja.ee\/toode\/kaitsekiiver-baseball-reguleeritav-sinine-diamond-v-delta-plus\/","name":"Kaitsekiiver Baseball, reguleeritav, sinine DIAMOND V, Delta Plus - Ranoja","isPartOf":{"@id":"https:\/\/ranoja.ee\/#website"},"primaryImageOfPage":{"@id":"https:\/\/ranoja.ee\/toode\/kaitsekiiver-baseball-reguleeritav-sinine-diamond-v-delta-plus\/#primaryimage"},"image":{"@id":"https:\/\/ranoja.ee\/toode\/kaitsekiiver-baseball-reguleeritav-sinine-diamond-v-delta-plus\/#primaryimage"},"thumbnailUrl":"https:\/\/ranoja.ee\/wp-content\/uploads\/2026\/03\/120770761.jpg","datePublished":"2026-03-16T22:59:00+00:00","dateModified":"2026-03-17T12:43:45+00:00","breadcrumb":{"@id":"https:\/\/ranoja.ee\/toode\/kaitsekiiver-baseball-reguleeritav-sinine-diamond-v-delta-plus\/#breadcrumb"},"inLanguage":"en-US","potentialAction":[{"@type":"ReadAction","target":["https:\/\/ranoja.ee\/toode\/kaitsekiiver-baseball-reguleeritav-sinine-diamond-v-delta-plus\/"]}]},{"@type":"ImageObject","inLanguage":"en-US","@id":"https:\/\/ranoja.ee\/toode\/kaitsekiiver-baseball-reguleeritav-sinine-diamond-v-delta-plus\/#primaryimage","url":"https:\/\/ranoja.ee\/wp-content\/uploads\/2026\/03\/120770761.jpg","contentUrl":"https:\/\/ranoja.ee\/wp-content\/uploads\/2026\/03\/120770761.jpg","width":900,"height":900},{"@type":"BreadcrumbList","@id":"https:\/\/ranoja.ee\/toode\/kaitsekiiver-baseball-reguleeritav-sinine-diamond-v-delta-plus\/#breadcrumb","itemListElement":[{"@type":"ListItem","position":1,"name":"Home","item":"https:\/\/ranoja.ee\/"},{"@type":"ListItem","position":2,"name":"Shop","item":"https:\/\/ranoja.ee\/en\/shop\/"},{"@type":"ListItem","position":3,"name":"Kaitsekiiver Baseball, reguleeritav, sinine DIAMOND V, Delta Plus"}]},{"@type":"WebSite","@id":"https:\/\/ranoja.ee\/#website","url":"https:\/\/ranoja.ee\/","name":"Ranoja","description":"Equipment Shop WooCommerce WordPress Theme for Machine &amp; Tools","publisher":{"@id":"https:\/\/ranoja.ee\/#organization"},"potentialAction":[{"@type":"SearchAction","target":{"@type":"EntryPoint","urlTemplate":"https:\/\/ranoja.ee\/?s={search_term_string}"},"query-input":{"@type":"PropertyValueSpecification","valueRequired":true,"valueName":"search_term_string"}}],"inLanguage":"en-US"},{"@type":"Organization","@id":"https:\/\/ranoja.ee\/#organization","name":"Ranoja O\u00dc","url":"https:\/\/ranoja.ee\/","logo":{"@type":"ImageObject","inLanguage":"en-US","@id":"https:\/\/ranoja.ee\/#\/schema\/logo\/image\/","url":"https:\/\/ranoja.ee\/wp-content\/uploads\/2023\/11\/ranoja-Logo.png","contentUrl":"https:\/\/ranoja.ee\/wp-content\/uploads\/2023\/11\/ranoja-Logo.png","width":207,"height":58,"caption":"Ranoja O\u00dc"},"image":{"@id":"https:\/\/ranoja.ee\/#\/schema\/logo\/image\/"},"sameAs":["https:\/\/www.facebook.com\/ranoja.ee","https:\/\/www.instagram.com\/ranoja__\/"]}]}},"_links":{"self":[{"href":"https:\/\/ranoja.ee\/en\/wp-json\/wp\/v2\/product\/58380","targetHints":{"allow":["GET"]}}],"collection":[{"href":"https:\/\/ranoja.ee\/en\/wp-json\/wp\/v2\/product"}],"about":[{"href":"https:\/\/ranoja.ee\/en\/wp-json\/wp\/v2\/types\/product"}],"wp:featuredmedia":[{"embeddable":true,"href":"https:\/\/ranoja.ee\/en\/wp-json\/wp\/v2\/media\/58381"}],"wp:attachment":[{"href":"https:\/\/ranoja.ee\/en\/wp-json\/wp\/v2\/media?parent=58380"}],"wp:term":[{"taxonomy":"product_cat","embeddable":true,"href":"https:\/\/ranoja.ee\/en\/wp-json\/wp\/v2\/product_cat?post=58380"},{"taxonomy":"product_tag","embeddable":true,"href":"https:\/\/ranoja.ee\/en\/wp-json\/wp\/v2\/product_tag?post=58380"}],"curies":[{"name":"wp","href":"https:\/\/api.w.org\/{rel}","templated":true}]}}