{"id":58372,"date":"2026-03-17T01:59:00","date_gmt":"2026-03-16T22:59:00","guid":{"rendered":"https:\/\/ranoja.ee\/toode\/elektriline-varviprits-acs3000-scheppach\/"},"modified":"2026-03-18T16:04:02","modified_gmt":"2026-03-18T13:04:02","slug":"elektriline-varviprits-acs3000-scheppach","status":"publish","type":"product","link":"https:\/\/ranoja.ee\/en\/toode\/elektriline-varviprits-acs3000-scheppach\/","title":{"rendered":"Elektriline v\u00e4rviprits ACS3000, Scheppach"},"content":{"rendered":"","protected":false},"excerpt":{"rendered":"<p>Kompaktne, v\u00f5imsa 750 W mootoriga ja kergesti transporditav v\u00e4rvipihustis\u00fcsteem. T\u00e4pne ja \u00fchtlane v\u00e4rvimistulemus t\u00e4nu Airless tehnoloogiale. T\u00f6\u00f6rriist sobib suurep\u00e4raselt nii algajale kui ka juba kogenud kodukasutajale. Seda on v\u00f5imalik kasutatada peaaegu k\u00f5igi v\u00e4rvidega.<br \/>\nMuutuva r\u00f5hu reguleerimine kuni 207 baarini optimaalse v\u00e4rvijaotuse tagamiseks.<br \/>\nSuur j\u00f5udlus \u2013 kuni 350 m\u00b2\/h.<br \/>\nSuurem efektiivsus t\u00e4nu otsesele v\u00e4rvit\u00fcnnist imemisele.<br \/>\nV\u00e4hev\u00e4sitav t\u00f6\u00f6 t\u00e4nu laiale, 4-s\u00f5rmelise pihustusp\u00fcstoli p\u00e4\u00e4stikule ja eriti pikale pihustusvoolikule suuremahuliseks v\u00e4rviga katmiseks.<\/p>\n<p>M\u00f5\u00f5dud P x L x K 245 x 195 x 255 mm<br \/>\nSuure t\u00f6\u00f6raadiuse tagab suisa 7,6 m pikkune v\u00e4rvivoolik<br \/>\nSuurim r\u00f5hk 207 bar<br \/>\nSuurim vooluhulk 1,1 l\/min, s\u00f5ltuvalt v\u00e4rvist v\u00f5i vedelikust<br \/>\nV\u00e4rvilehviku laius 254 \u2013 305 mm<br \/>\nMootor 750 W, 220 \u2013 240 V~ \/ 50 Hz<br \/>\nKaal 8,3 kg<\/p>\n<p>Pritsi on v\u00f5imalik kasutada j\u00e4rgmiste materjalide ja v\u00e4rvide pinnale kandmiseks: <br \/>\nVee baasil v\u00e4rvid <br \/>\nPuidukaitsevahendid <br \/>\n\u00d5li baasil v\u00e4rvid<br \/>\nKruntv\u00e4rvid<br \/>\nEmailv\u00e4rvid <br \/>\nNakkekrundid <br \/>\nLakid <br \/>\n\u00d5lid <br \/>\nPeitsid<\/p>\n<p>Pritsiga ei ole sobilik kasutada j\u00e4rgmisi materjale ja v\u00e4rve. J\u00e4rgmiste materjalide ja v\u00e4rvide kasutamisel tekib pritsimisd\u00fc\u00fcsi enneaegne kulumine ning ummistumine.<br \/>\na) V\u00e4rvid ja lakid, mis sisaldavad tugevasti abrasiivseid koostisosi, nagu nt:<br \/>\nFassaadiv\u00e4rvid <br \/>\nDispersioonv\u00e4rvid <br \/>\nLasuurid <br \/>\nS\u00f6\u00f6vitavad ja leeliselised substantsid <br \/>\nLeelised <br \/>\nStruktureeritud pinded <br \/>\nHapped <br \/>\nEmulsioonv\u00e4rvid <\/p>\n<p>b) Silikaatv\u00e4rvid <\/p>\n<p>c) P\u00f5lemisv\u00f5imelised materjalid<\/p>\n","protected":false},"featured_media":58373,"template":"","meta":{"inline_featured_image":false},"product_cat":[5111,5255,5245],"product_tag":[],"class_list":{"0":"post-58372","1":"product","2":"type-product","3":"status-publish","4":"has-post-thumbnail","6":"product_brand-scheppach","7":"product_cat-elektrilised-kasitooriistad","8":"product_cat-eritooriistad","9":"product_cat-muud-elektrilised-tooriistad","11":"first","12":"instock","13":"purchasable","14":"product-type-simple"},"yoast_head":"<!-- This site is optimized with the Yoast SEO plugin v27.4 - https:\/\/yoast.com\/product\/yoast-seo-wordpress\/ -->\n<title>Elektriline v\u00e4rviprits ACS3000, Scheppach - Ranoja<\/title>\n<meta name=\"robots\" content=\"index, follow, max-snippet:-1, max-image-preview:large, max-video-preview:-1\" \/>\n<link rel=\"canonical\" href=\"https:\/\/ranoja.ee\/toode\/elektriline-varviprits-acs3000-scheppach\/\" \/>\n<meta property=\"og:locale\" content=\"en_US\" \/>\n<meta property=\"og:type\" content=\"article\" \/>\n<meta property=\"og:title\" content=\"Elektriline v\u00e4rviprits ACS3000, Scheppach - Ranoja\" \/>\n<meta property=\"og:description\" content=\"Kompaktne, v\u00f5imsa 750 W mootoriga ja kergesti transporditav v\u00e4rvipihustis\u00fcsteem. T\u00e4pne ja \u00fchtlane v\u00e4rvimistulemus t\u00e4nu Airless tehnoloogiale. T\u00f6\u00f6rriist sobib suurep\u00e4raselt nii algajale kui ka juba kogenud kodukasutajale. Seda on v\u00f5imalik kasutatada peaaegu k\u00f5igi v\u00e4rvidega. Muutuva r\u00f5hu reguleerimine kuni 207 baarini optimaalse v\u00e4rvijaotuse tagamiseks. Suur j\u00f5udlus \u2013 kuni 350 m\u00b2\/h. Suurem efektiivsus t\u00e4nu otsesele v\u00e4rvit\u00fcnnist imemisele. V\u00e4hev\u00e4sitav t\u00f6\u00f6 t\u00e4nu laiale, 4-s\u00f5rmelise pihustusp\u00fcstoli p\u00e4\u00e4stikule ja eriti pikale pihustusvoolikule suuremahuliseks v\u00e4rviga katmiseks.  M\u00f5\u00f5dud P x L x K 245 x 195 x 255 mm Suure t\u00f6\u00f6raadiuse tagab suisa 7,6 m pikkune v\u00e4rvivoolik Suurim r\u00f5hk 207 bar Suurim vooluhulk 1,1 l\/min, s\u00f5ltuvalt v\u00e4rvist v\u00f5i vedelikust V\u00e4rvilehviku laius 254 \u2013 305 mm Mootor 750 W, 220 \u2013 240 V~ \/ 50 Hz Kaal 8,3 kg  Pritsi on v\u00f5imalik kasutada j\u00e4rgmiste materjalide ja v\u00e4rvide pinnale kandmiseks:  Vee baasil v\u00e4rvid  Puidukaitsevahendid  \u00d5li baasil v\u00e4rvid Kruntv\u00e4rvid Emailv\u00e4rvid  Nakkekrundid  Lakid  \u00d5lid  Peitsid  Pritsiga ei ole sobilik kasutada j\u00e4rgmisi materjale ja v\u00e4rve. J\u00e4rgmiste materjalide ja v\u00e4rvide kasutamisel tekib pritsimisd\u00fc\u00fcsi enneaegne kulumine ning ummistumine. a) V\u00e4rvid ja lakid, mis sisaldavad tugevasti abrasiivseid koostisosi, nagu nt: Fassaadiv\u00e4rvid  Dispersioonv\u00e4rvid  Lasuurid  S\u00f6\u00f6vitavad ja leeliselised substantsid  Leelised  Struktureeritud pinded  Happed  Emulsioonv\u00e4rvid   b) Silikaatv\u00e4rvid   c) P\u00f5lemisv\u00f5imelised materjalid\" \/>\n<meta property=\"og:url\" content=\"https:\/\/ranoja.ee\/toode\/elektriline-varviprits-acs3000-scheppach\/\" \/>\n<meta property=\"og:site_name\" content=\"Ranoja\" \/>\n<meta property=\"article:publisher\" content=\"https:\/\/www.facebook.com\/ranoja.ee\" \/>\n<meta property=\"article:modified_time\" content=\"2026-03-18T13:04:02+00:00\" \/>\n<meta property=\"og:image\" content=\"https:\/\/ranoja.ee\/wp-content\/uploads\/2026\/03\/246538588.jpg\" \/>\n\t<meta property=\"og:image:width\" content=\"768\" \/>\n\t<meta property=\"og:image:height\" content=\"768\" \/>\n\t<meta property=\"og:image:type\" content=\"image\/jpeg\" \/>\n<meta name=\"twitter:card\" content=\"summary_large_image\" \/>\n<meta name=\"twitter:label1\" content=\"Est. reading time\" \/>\n\t<meta name=\"twitter:data1\" content=\"1 minute\" \/>\n<script type=\"application\/ld+json\" class=\"yoast-schema-graph\">{\"@context\":\"https:\\\/\\\/schema.org\",\"@graph\":[{\"@type\":\"WebPage\",\"@id\":\"https:\\\/\\\/ranoja.ee\\\/toode\\\/elektriline-varviprits-acs3000-scheppach\\\/\",\"url\":\"https:\\\/\\\/ranoja.ee\\\/toode\\\/elektriline-varviprits-acs3000-scheppach\\\/\",\"name\":\"Elektriline v\u00e4rviprits ACS3000, Scheppach - Ranoja\",\"isPartOf\":{\"@id\":\"https:\\\/\\\/ranoja.ee\\\/#website\"},\"primaryImageOfPage\":{\"@id\":\"https:\\\/\\\/ranoja.ee\\\/toode\\\/elektriline-varviprits-acs3000-scheppach\\\/#primaryimage\"},\"image\":{\"@id\":\"https:\\\/\\\/ranoja.ee\\\/toode\\\/elektriline-varviprits-acs3000-scheppach\\\/#primaryimage\"},\"thumbnailUrl\":\"https:\\\/\\\/ranoja.ee\\\/wp-content\\\/uploads\\\/2026\\\/03\\\/246538588.jpg\",\"datePublished\":\"2026-03-16T22:59:00+00:00\",\"dateModified\":\"2026-03-18T13:04:02+00:00\",\"breadcrumb\":{\"@id\":\"https:\\\/\\\/ranoja.ee\\\/toode\\\/elektriline-varviprits-acs3000-scheppach\\\/#breadcrumb\"},\"inLanguage\":\"en-US\",\"potentialAction\":[{\"@type\":\"ReadAction\",\"target\":[\"https:\\\/\\\/ranoja.ee\\\/toode\\\/elektriline-varviprits-acs3000-scheppach\\\/\"]}]},{\"@type\":\"ImageObject\",\"inLanguage\":\"en-US\",\"@id\":\"https:\\\/\\\/ranoja.ee\\\/toode\\\/elektriline-varviprits-acs3000-scheppach\\\/#primaryimage\",\"url\":\"https:\\\/\\\/ranoja.ee\\\/wp-content\\\/uploads\\\/2026\\\/03\\\/246538588.jpg\",\"contentUrl\":\"https:\\\/\\\/ranoja.ee\\\/wp-content\\\/uploads\\\/2026\\\/03\\\/246538588.jpg\",\"width\":768,\"height\":768},{\"@type\":\"BreadcrumbList\",\"@id\":\"https:\\\/\\\/ranoja.ee\\\/toode\\\/elektriline-varviprits-acs3000-scheppach\\\/#breadcrumb\",\"itemListElement\":[{\"@type\":\"ListItem\",\"position\":1,\"name\":\"Home\",\"item\":\"https:\\\/\\\/ranoja.ee\\\/\"},{\"@type\":\"ListItem\",\"position\":2,\"name\":\"Shop\",\"item\":\"https:\\\/\\\/ranoja.ee\\\/en\\\/shop\\\/\"},{\"@type\":\"ListItem\",\"position\":3,\"name\":\"Elektriline v\u00e4rviprits ACS3000, Scheppach\"}]},{\"@type\":\"WebSite\",\"@id\":\"https:\\\/\\\/ranoja.ee\\\/#website\",\"url\":\"https:\\\/\\\/ranoja.ee\\\/\",\"name\":\"Ranoja\",\"description\":\"Equipment Shop WooCommerce WordPress Theme for Machine &amp; Tools\",\"publisher\":{\"@id\":\"https:\\\/\\\/ranoja.ee\\\/#organization\"},\"potentialAction\":[{\"@type\":\"SearchAction\",\"target\":{\"@type\":\"EntryPoint\",\"urlTemplate\":\"https:\\\/\\\/ranoja.ee\\\/?s={search_term_string}\"},\"query-input\":{\"@type\":\"PropertyValueSpecification\",\"valueRequired\":true,\"valueName\":\"search_term_string\"}}],\"inLanguage\":\"en-US\"},{\"@type\":\"Organization\",\"@id\":\"https:\\\/\\\/ranoja.ee\\\/#organization\",\"name\":\"Ranoja O\u00dc\",\"url\":\"https:\\\/\\\/ranoja.ee\\\/\",\"logo\":{\"@type\":\"ImageObject\",\"inLanguage\":\"en-US\",\"@id\":\"https:\\\/\\\/ranoja.ee\\\/#\\\/schema\\\/logo\\\/image\\\/\",\"url\":\"https:\\\/\\\/ranoja.ee\\\/wp-content\\\/uploads\\\/2023\\\/11\\\/ranoja-Logo.png\",\"contentUrl\":\"https:\\\/\\\/ranoja.ee\\\/wp-content\\\/uploads\\\/2023\\\/11\\\/ranoja-Logo.png\",\"width\":207,\"height\":58,\"caption\":\"Ranoja O\u00dc\"},\"image\":{\"@id\":\"https:\\\/\\\/ranoja.ee\\\/#\\\/schema\\\/logo\\\/image\\\/\"},\"sameAs\":[\"https:\\\/\\\/www.facebook.com\\\/ranoja.ee\",\"https:\\\/\\\/www.instagram.com\\\/ranoja__\\\/\"]}]}<\/script>\n<!-- \/ Yoast SEO plugin. -->","yoast_head_json":{"title":"Elektriline v\u00e4rviprits ACS3000, Scheppach - Ranoja","robots":{"index":"index","follow":"follow","max-snippet":"max-snippet:-1","max-image-preview":"max-image-preview:large","max-video-preview":"max-video-preview:-1"},"canonical":"https:\/\/ranoja.ee\/toode\/elektriline-varviprits-acs3000-scheppach\/","og_locale":"en_US","og_type":"article","og_title":"Elektriline v\u00e4rviprits ACS3000, Scheppach - Ranoja","og_description":"Kompaktne, v\u00f5imsa 750 W mootoriga ja kergesti transporditav v\u00e4rvipihustis\u00fcsteem. T\u00e4pne ja \u00fchtlane v\u00e4rvimistulemus t\u00e4nu Airless tehnoloogiale. T\u00f6\u00f6rriist sobib suurep\u00e4raselt nii algajale kui ka juba kogenud kodukasutajale. Seda on v\u00f5imalik kasutatada peaaegu k\u00f5igi v\u00e4rvidega. Muutuva r\u00f5hu reguleerimine kuni 207 baarini optimaalse v\u00e4rvijaotuse tagamiseks. Suur j\u00f5udlus \u2013 kuni 350 m\u00b2\/h. Suurem efektiivsus t\u00e4nu otsesele v\u00e4rvit\u00fcnnist imemisele. V\u00e4hev\u00e4sitav t\u00f6\u00f6 t\u00e4nu laiale, 4-s\u00f5rmelise pihustusp\u00fcstoli p\u00e4\u00e4stikule ja eriti pikale pihustusvoolikule suuremahuliseks v\u00e4rviga katmiseks.  M\u00f5\u00f5dud P x L x K 245 x 195 x 255 mm Suure t\u00f6\u00f6raadiuse tagab suisa 7,6 m pikkune v\u00e4rvivoolik Suurim r\u00f5hk 207 bar Suurim vooluhulk 1,1 l\/min, s\u00f5ltuvalt v\u00e4rvist v\u00f5i vedelikust V\u00e4rvilehviku laius 254 \u2013 305 mm Mootor 750 W, 220 \u2013 240 V~ \/ 50 Hz Kaal 8,3 kg  Pritsi on v\u00f5imalik kasutada j\u00e4rgmiste materjalide ja v\u00e4rvide pinnale kandmiseks:  Vee baasil v\u00e4rvid  Puidukaitsevahendid  \u00d5li baasil v\u00e4rvid Kruntv\u00e4rvid Emailv\u00e4rvid  Nakkekrundid  Lakid  \u00d5lid  Peitsid  Pritsiga ei ole sobilik kasutada j\u00e4rgmisi materjale ja v\u00e4rve. J\u00e4rgmiste materjalide ja v\u00e4rvide kasutamisel tekib pritsimisd\u00fc\u00fcsi enneaegne kulumine ning ummistumine. a) V\u00e4rvid ja lakid, mis sisaldavad tugevasti abrasiivseid koostisosi, nagu nt: Fassaadiv\u00e4rvid  Dispersioonv\u00e4rvid  Lasuurid  S\u00f6\u00f6vitavad ja leeliselised substantsid  Leelised  Struktureeritud pinded  Happed  Emulsioonv\u00e4rvid   b) Silikaatv\u00e4rvid   c) P\u00f5lemisv\u00f5imelised materjalid","og_url":"https:\/\/ranoja.ee\/toode\/elektriline-varviprits-acs3000-scheppach\/","og_site_name":"Ranoja","article_publisher":"https:\/\/www.facebook.com\/ranoja.ee","article_modified_time":"2026-03-18T13:04:02+00:00","og_image":[{"width":768,"height":768,"url":"https:\/\/ranoja.ee\/wp-content\/uploads\/2026\/03\/246538588.jpg","type":"image\/jpeg"}],"twitter_card":"summary_large_image","twitter_misc":{"Est. reading time":"1 minute"},"schema":{"@context":"https:\/\/schema.org","@graph":[{"@type":"WebPage","@id":"https:\/\/ranoja.ee\/toode\/elektriline-varviprits-acs3000-scheppach\/","url":"https:\/\/ranoja.ee\/toode\/elektriline-varviprits-acs3000-scheppach\/","name":"Elektriline v\u00e4rviprits ACS3000, Scheppach - Ranoja","isPartOf":{"@id":"https:\/\/ranoja.ee\/#website"},"primaryImageOfPage":{"@id":"https:\/\/ranoja.ee\/toode\/elektriline-varviprits-acs3000-scheppach\/#primaryimage"},"image":{"@id":"https:\/\/ranoja.ee\/toode\/elektriline-varviprits-acs3000-scheppach\/#primaryimage"},"thumbnailUrl":"https:\/\/ranoja.ee\/wp-content\/uploads\/2026\/03\/246538588.jpg","datePublished":"2026-03-16T22:59:00+00:00","dateModified":"2026-03-18T13:04:02+00:00","breadcrumb":{"@id":"https:\/\/ranoja.ee\/toode\/elektriline-varviprits-acs3000-scheppach\/#breadcrumb"},"inLanguage":"en-US","potentialAction":[{"@type":"ReadAction","target":["https:\/\/ranoja.ee\/toode\/elektriline-varviprits-acs3000-scheppach\/"]}]},{"@type":"ImageObject","inLanguage":"en-US","@id":"https:\/\/ranoja.ee\/toode\/elektriline-varviprits-acs3000-scheppach\/#primaryimage","url":"https:\/\/ranoja.ee\/wp-content\/uploads\/2026\/03\/246538588.jpg","contentUrl":"https:\/\/ranoja.ee\/wp-content\/uploads\/2026\/03\/246538588.jpg","width":768,"height":768},{"@type":"BreadcrumbList","@id":"https:\/\/ranoja.ee\/toode\/elektriline-varviprits-acs3000-scheppach\/#breadcrumb","itemListElement":[{"@type":"ListItem","position":1,"name":"Home","item":"https:\/\/ranoja.ee\/"},{"@type":"ListItem","position":2,"name":"Shop","item":"https:\/\/ranoja.ee\/en\/shop\/"},{"@type":"ListItem","position":3,"name":"Elektriline v\u00e4rviprits ACS3000, Scheppach"}]},{"@type":"WebSite","@id":"https:\/\/ranoja.ee\/#website","url":"https:\/\/ranoja.ee\/","name":"Ranoja","description":"Equipment Shop WooCommerce WordPress Theme for Machine &amp; Tools","publisher":{"@id":"https:\/\/ranoja.ee\/#organization"},"potentialAction":[{"@type":"SearchAction","target":{"@type":"EntryPoint","urlTemplate":"https:\/\/ranoja.ee\/?s={search_term_string}"},"query-input":{"@type":"PropertyValueSpecification","valueRequired":true,"valueName":"search_term_string"}}],"inLanguage":"en-US"},{"@type":"Organization","@id":"https:\/\/ranoja.ee\/#organization","name":"Ranoja O\u00dc","url":"https:\/\/ranoja.ee\/","logo":{"@type":"ImageObject","inLanguage":"en-US","@id":"https:\/\/ranoja.ee\/#\/schema\/logo\/image\/","url":"https:\/\/ranoja.ee\/wp-content\/uploads\/2023\/11\/ranoja-Logo.png","contentUrl":"https:\/\/ranoja.ee\/wp-content\/uploads\/2023\/11\/ranoja-Logo.png","width":207,"height":58,"caption":"Ranoja O\u00dc"},"image":{"@id":"https:\/\/ranoja.ee\/#\/schema\/logo\/image\/"},"sameAs":["https:\/\/www.facebook.com\/ranoja.ee","https:\/\/www.instagram.com\/ranoja__\/"]}]}},"_links":{"self":[{"href":"https:\/\/ranoja.ee\/en\/wp-json\/wp\/v2\/product\/58372","targetHints":{"allow":["GET"]}}],"collection":[{"href":"https:\/\/ranoja.ee\/en\/wp-json\/wp\/v2\/product"}],"about":[{"href":"https:\/\/ranoja.ee\/en\/wp-json\/wp\/v2\/types\/product"}],"wp:featuredmedia":[{"embeddable":true,"href":"https:\/\/ranoja.ee\/en\/wp-json\/wp\/v2\/media\/58373"}],"wp:attachment":[{"href":"https:\/\/ranoja.ee\/en\/wp-json\/wp\/v2\/media?parent=58372"}],"wp:term":[{"taxonomy":"product_cat","embeddable":true,"href":"https:\/\/ranoja.ee\/en\/wp-json\/wp\/v2\/product_cat?post=58372"},{"taxonomy":"product_tag","embeddable":true,"href":"https:\/\/ranoja.ee\/en\/wp-json\/wp\/v2\/product_tag?post=58372"}],"curies":[{"name":"wp","href":"https:\/\/api.w.org\/{rel}","templated":true}]}}