{"id":58366,"date":"2026-03-17T01:58:32","date_gmt":"2026-03-16T22:58:32","guid":{"rendered":"https:\/\/ranoja.ee\/toode\/konditsioneeri-puhasti-airco-cleaner-500ml-motip\/"},"modified":"2026-03-17T15:43:45","modified_gmt":"2026-03-17T12:43:45","slug":"konditsioneeri-puhasti-airco-cleaner-500ml-motip","status":"publish","type":"product","link":"https:\/\/ranoja.ee\/en\/toode\/konditsioneeri-puhasti-airco-cleaner-500ml-motip\/","title":{"rendered":"Konditsioneeri puhasti Airco Cleaner 500ml, Motip"},"content":{"rendered":"","protected":false},"excerpt":{"rendered":"<p>Konditsioneeri puhasti on t\u00f5hus vaht mootors\u00f5idukite konditsioneeris\u00fcsteemide puhastamiseks ja v\u00e4rskendamiseks. <\/p>\n<p>KASUTUSVALDKOND:<br \/>\nVaht puhastab aurusti ja k\u00fcttekanalid ja tagab meeldiva aroomi.<\/p>\n<p>TEHNILINE INFO:<br \/>\nBaasained: tensiid<br \/>\nV\u00e4rvus: valge<br \/>\nL\u00f5hn: apelsin<br \/>\nV\u00e4limus: valge vaht<br \/>\nTihedus 20\u00b0C juures: 0,967g\/ml<br \/>\nKulu: 1 balloon \u00fche s\u00fcsteemi jaoks<br \/>\npH v\u00e4\u00e4rtus: 9,5-10,5<\/p>\n<p>KASUTAMINE:<br \/>\nEnnem kasutamist hoiusta toodet toatemperatuuril ja loksuta.<br \/>\nSoovitav kasutamistemperatuur +10\u00b0 kuni +30\u00b0C<br \/>\nEnne kasutamist l\u00fclitage v\u00e4lja mootor ja k\u00f5ik elektriseadmed. <br \/>\nPaigutage voolik konditsioneeri \u00f5hu sissevooluavasse ja t\u00fchjendage kogu purk. <br \/>\n\u00d5husiseevooluava asukoht s\u00f5ltub mudelist, k\u00fcsige n\u00f5u s\u00f5iduki m\u00fc\u00fcjalt. <br \/>\nP\u00e4rast t\u00f6\u00f6tlemist \u00e4rge l\u00fclitage mootorit ega elektriseadmeid v\u00e4hemalt poole tunni jooksul sisse. <br \/>\nVaht kaob poole tunni jooksul ja eemaldub s\u00fcsteemist vedelikuna kondenseerunud vee v\u00e4ljalaskeava kaudu. <br \/>\nMahuti on r\u00f5hu all. Mitte valada kanalisatsiooni.<\/p>\n","protected":false},"featured_media":58367,"template":"","meta":{"inline_featured_image":false},"product_cat":[5011,5010,5009],"product_tag":[],"class_list":{"0":"post-58366","1":"product","2":"type-product","3":"status-publish","4":"has-post-thumbnail","6":"product_brand-motip","7":"product_cat-puhastusvahendid","8":"product_cat-tehnilised-aerosoolid","9":"product_cat-toostus-ja-autokeemia","11":"first","12":"instock","13":"purchasable","14":"product-type-simple"},"yoast_head":"<!-- This site is optimized with the Yoast SEO plugin v27.4 - https:\/\/yoast.com\/product\/yoast-seo-wordpress\/ -->\n<title>Konditsioneeri puhasti Airco Cleaner 500ml, Motip - Ranoja<\/title>\n<meta name=\"robots\" content=\"index, follow, max-snippet:-1, max-image-preview:large, max-video-preview:-1\" \/>\n<link rel=\"canonical\" href=\"https:\/\/ranoja.ee\/toode\/konditsioneeri-puhasti-airco-cleaner-500ml-motip\/\" \/>\n<meta property=\"og:locale\" content=\"en_US\" \/>\n<meta property=\"og:type\" content=\"article\" \/>\n<meta property=\"og:title\" content=\"Konditsioneeri puhasti Airco Cleaner 500ml, Motip - Ranoja\" \/>\n<meta property=\"og:description\" content=\"Konditsioneeri puhasti on t\u00f5hus vaht mootors\u00f5idukite konditsioneeris\u00fcsteemide puhastamiseks ja v\u00e4rskendamiseks.  KASUTUSVALDKOND: Vaht puhastab aurusti ja k\u00fcttekanalid ja tagab meeldiva aroomi. TEHNILINE INFO: Baasained: tensiid V\u00e4rvus: valge L\u00f5hn: apelsin V\u00e4limus: valge vaht Tihedus 20\u00b0C juures: 0,967g\/ml Kulu: 1 balloon \u00fche s\u00fcsteemi jaoks pH v\u00e4\u00e4rtus: 9,5-10,5 KASUTAMINE: Ennem kasutamist hoiusta toodet toatemperatuuril ja loksuta. Soovitav kasutamistemperatuur +10\u00b0 kuni +30\u00b0C Enne kasutamist l\u00fclitage v\u00e4lja mootor ja k\u00f5ik elektriseadmed. Paigutage voolik konditsioneeri \u00f5hu sissevooluavasse ja t\u00fchjendage kogu purk. \u00d5husiseevooluava asukoht s\u00f5ltub mudelist, k\u00fcsige n\u00f5u s\u00f5iduki m\u00fc\u00fcjalt. P\u00e4rast t\u00f6\u00f6tlemist \u00e4rge l\u00fclitage mootorit ega elektriseadmeid v\u00e4hemalt poole tunni jooksul sisse. Vaht kaob poole tunni jooksul ja eemaldub s\u00fcsteemist vedelikuna kondenseerunud vee v\u00e4ljalaskeava kaudu. Mahuti on r\u00f5hu all. Mitte valada kanalisatsiooni.\" \/>\n<meta property=\"og:url\" content=\"https:\/\/ranoja.ee\/toode\/konditsioneeri-puhasti-airco-cleaner-500ml-motip\/\" \/>\n<meta property=\"og:site_name\" content=\"Ranoja\" \/>\n<meta property=\"article:publisher\" content=\"https:\/\/www.facebook.com\/ranoja.ee\" \/>\n<meta property=\"article:modified_time\" content=\"2026-03-17T12:43:45+00:00\" \/>\n<meta property=\"og:image\" content=\"https:\/\/ranoja.ee\/wp-content\/uploads\/2026\/03\/123752502.jpg\" \/>\n\t<meta property=\"og:image:width\" content=\"575\" \/>\n\t<meta property=\"og:image:height\" content=\"768\" \/>\n\t<meta property=\"og:image:type\" content=\"image\/jpeg\" \/>\n<meta name=\"twitter:card\" content=\"summary_large_image\" \/>\n<script type=\"application\/ld+json\" class=\"yoast-schema-graph\">{\"@context\":\"https:\\\/\\\/schema.org\",\"@graph\":[{\"@type\":\"WebPage\",\"@id\":\"https:\\\/\\\/ranoja.ee\\\/toode\\\/konditsioneeri-puhasti-airco-cleaner-500ml-motip\\\/\",\"url\":\"https:\\\/\\\/ranoja.ee\\\/toode\\\/konditsioneeri-puhasti-airco-cleaner-500ml-motip\\\/\",\"name\":\"Konditsioneeri puhasti Airco Cleaner 500ml, Motip - Ranoja\",\"isPartOf\":{\"@id\":\"https:\\\/\\\/ranoja.ee\\\/#website\"},\"primaryImageOfPage\":{\"@id\":\"https:\\\/\\\/ranoja.ee\\\/toode\\\/konditsioneeri-puhasti-airco-cleaner-500ml-motip\\\/#primaryimage\"},\"image\":{\"@id\":\"https:\\\/\\\/ranoja.ee\\\/toode\\\/konditsioneeri-puhasti-airco-cleaner-500ml-motip\\\/#primaryimage\"},\"thumbnailUrl\":\"https:\\\/\\\/ranoja.ee\\\/wp-content\\\/uploads\\\/2026\\\/03\\\/123752502.jpg\",\"datePublished\":\"2026-03-16T22:58:32+00:00\",\"dateModified\":\"2026-03-17T12:43:45+00:00\",\"breadcrumb\":{\"@id\":\"https:\\\/\\\/ranoja.ee\\\/toode\\\/konditsioneeri-puhasti-airco-cleaner-500ml-motip\\\/#breadcrumb\"},\"inLanguage\":\"en-US\",\"potentialAction\":[{\"@type\":\"ReadAction\",\"target\":[\"https:\\\/\\\/ranoja.ee\\\/toode\\\/konditsioneeri-puhasti-airco-cleaner-500ml-motip\\\/\"]}]},{\"@type\":\"ImageObject\",\"inLanguage\":\"en-US\",\"@id\":\"https:\\\/\\\/ranoja.ee\\\/toode\\\/konditsioneeri-puhasti-airco-cleaner-500ml-motip\\\/#primaryimage\",\"url\":\"https:\\\/\\\/ranoja.ee\\\/wp-content\\\/uploads\\\/2026\\\/03\\\/123752502.jpg\",\"contentUrl\":\"https:\\\/\\\/ranoja.ee\\\/wp-content\\\/uploads\\\/2026\\\/03\\\/123752502.jpg\",\"width\":575,\"height\":768},{\"@type\":\"BreadcrumbList\",\"@id\":\"https:\\\/\\\/ranoja.ee\\\/toode\\\/konditsioneeri-puhasti-airco-cleaner-500ml-motip\\\/#breadcrumb\",\"itemListElement\":[{\"@type\":\"ListItem\",\"position\":1,\"name\":\"Home\",\"item\":\"https:\\\/\\\/ranoja.ee\\\/\"},{\"@type\":\"ListItem\",\"position\":2,\"name\":\"Shop\",\"item\":\"https:\\\/\\\/ranoja.ee\\\/en\\\/shop\\\/\"},{\"@type\":\"ListItem\",\"position\":3,\"name\":\"Konditsioneeri puhasti Airco Cleaner 500ml, Motip\"}]},{\"@type\":\"WebSite\",\"@id\":\"https:\\\/\\\/ranoja.ee\\\/#website\",\"url\":\"https:\\\/\\\/ranoja.ee\\\/\",\"name\":\"Ranoja\",\"description\":\"Equipment Shop WooCommerce WordPress Theme for Machine &amp; Tools\",\"publisher\":{\"@id\":\"https:\\\/\\\/ranoja.ee\\\/#organization\"},\"potentialAction\":[{\"@type\":\"SearchAction\",\"target\":{\"@type\":\"EntryPoint\",\"urlTemplate\":\"https:\\\/\\\/ranoja.ee\\\/?s={search_term_string}\"},\"query-input\":{\"@type\":\"PropertyValueSpecification\",\"valueRequired\":true,\"valueName\":\"search_term_string\"}}],\"inLanguage\":\"en-US\"},{\"@type\":\"Organization\",\"@id\":\"https:\\\/\\\/ranoja.ee\\\/#organization\",\"name\":\"Ranoja O\u00dc\",\"url\":\"https:\\\/\\\/ranoja.ee\\\/\",\"logo\":{\"@type\":\"ImageObject\",\"inLanguage\":\"en-US\",\"@id\":\"https:\\\/\\\/ranoja.ee\\\/#\\\/schema\\\/logo\\\/image\\\/\",\"url\":\"https:\\\/\\\/ranoja.ee\\\/wp-content\\\/uploads\\\/2023\\\/11\\\/ranoja-Logo.png\",\"contentUrl\":\"https:\\\/\\\/ranoja.ee\\\/wp-content\\\/uploads\\\/2023\\\/11\\\/ranoja-Logo.png\",\"width\":207,\"height\":58,\"caption\":\"Ranoja O\u00dc\"},\"image\":{\"@id\":\"https:\\\/\\\/ranoja.ee\\\/#\\\/schema\\\/logo\\\/image\\\/\"},\"sameAs\":[\"https:\\\/\\\/www.facebook.com\\\/ranoja.ee\",\"https:\\\/\\\/www.instagram.com\\\/ranoja__\\\/\"]}]}<\/script>\n<!-- \/ Yoast SEO plugin. -->","yoast_head_json":{"title":"Konditsioneeri puhasti Airco Cleaner 500ml, Motip - Ranoja","robots":{"index":"index","follow":"follow","max-snippet":"max-snippet:-1","max-image-preview":"max-image-preview:large","max-video-preview":"max-video-preview:-1"},"canonical":"https:\/\/ranoja.ee\/toode\/konditsioneeri-puhasti-airco-cleaner-500ml-motip\/","og_locale":"en_US","og_type":"article","og_title":"Konditsioneeri puhasti Airco Cleaner 500ml, Motip - Ranoja","og_description":"Konditsioneeri puhasti on t\u00f5hus vaht mootors\u00f5idukite konditsioneeris\u00fcsteemide puhastamiseks ja v\u00e4rskendamiseks.  KASUTUSVALDKOND: Vaht puhastab aurusti ja k\u00fcttekanalid ja tagab meeldiva aroomi. TEHNILINE INFO: Baasained: tensiid V\u00e4rvus: valge L\u00f5hn: apelsin V\u00e4limus: valge vaht Tihedus 20\u00b0C juures: 0,967g\/ml Kulu: 1 balloon \u00fche s\u00fcsteemi jaoks pH v\u00e4\u00e4rtus: 9,5-10,5 KASUTAMINE: Ennem kasutamist hoiusta toodet toatemperatuuril ja loksuta. Soovitav kasutamistemperatuur +10\u00b0 kuni +30\u00b0C Enne kasutamist l\u00fclitage v\u00e4lja mootor ja k\u00f5ik elektriseadmed. Paigutage voolik konditsioneeri \u00f5hu sissevooluavasse ja t\u00fchjendage kogu purk. \u00d5husiseevooluava asukoht s\u00f5ltub mudelist, k\u00fcsige n\u00f5u s\u00f5iduki m\u00fc\u00fcjalt. P\u00e4rast t\u00f6\u00f6tlemist \u00e4rge l\u00fclitage mootorit ega elektriseadmeid v\u00e4hemalt poole tunni jooksul sisse. Vaht kaob poole tunni jooksul ja eemaldub s\u00fcsteemist vedelikuna kondenseerunud vee v\u00e4ljalaskeava kaudu. Mahuti on r\u00f5hu all. Mitte valada kanalisatsiooni.","og_url":"https:\/\/ranoja.ee\/toode\/konditsioneeri-puhasti-airco-cleaner-500ml-motip\/","og_site_name":"Ranoja","article_publisher":"https:\/\/www.facebook.com\/ranoja.ee","article_modified_time":"2026-03-17T12:43:45+00:00","og_image":[{"width":575,"height":768,"url":"https:\/\/ranoja.ee\/wp-content\/uploads\/2026\/03\/123752502.jpg","type":"image\/jpeg"}],"twitter_card":"summary_large_image","schema":{"@context":"https:\/\/schema.org","@graph":[{"@type":"WebPage","@id":"https:\/\/ranoja.ee\/toode\/konditsioneeri-puhasti-airco-cleaner-500ml-motip\/","url":"https:\/\/ranoja.ee\/toode\/konditsioneeri-puhasti-airco-cleaner-500ml-motip\/","name":"Konditsioneeri puhasti Airco Cleaner 500ml, Motip - Ranoja","isPartOf":{"@id":"https:\/\/ranoja.ee\/#website"},"primaryImageOfPage":{"@id":"https:\/\/ranoja.ee\/toode\/konditsioneeri-puhasti-airco-cleaner-500ml-motip\/#primaryimage"},"image":{"@id":"https:\/\/ranoja.ee\/toode\/konditsioneeri-puhasti-airco-cleaner-500ml-motip\/#primaryimage"},"thumbnailUrl":"https:\/\/ranoja.ee\/wp-content\/uploads\/2026\/03\/123752502.jpg","datePublished":"2026-03-16T22:58:32+00:00","dateModified":"2026-03-17T12:43:45+00:00","breadcrumb":{"@id":"https:\/\/ranoja.ee\/toode\/konditsioneeri-puhasti-airco-cleaner-500ml-motip\/#breadcrumb"},"inLanguage":"en-US","potentialAction":[{"@type":"ReadAction","target":["https:\/\/ranoja.ee\/toode\/konditsioneeri-puhasti-airco-cleaner-500ml-motip\/"]}]},{"@type":"ImageObject","inLanguage":"en-US","@id":"https:\/\/ranoja.ee\/toode\/konditsioneeri-puhasti-airco-cleaner-500ml-motip\/#primaryimage","url":"https:\/\/ranoja.ee\/wp-content\/uploads\/2026\/03\/123752502.jpg","contentUrl":"https:\/\/ranoja.ee\/wp-content\/uploads\/2026\/03\/123752502.jpg","width":575,"height":768},{"@type":"BreadcrumbList","@id":"https:\/\/ranoja.ee\/toode\/konditsioneeri-puhasti-airco-cleaner-500ml-motip\/#breadcrumb","itemListElement":[{"@type":"ListItem","position":1,"name":"Home","item":"https:\/\/ranoja.ee\/"},{"@type":"ListItem","position":2,"name":"Shop","item":"https:\/\/ranoja.ee\/en\/shop\/"},{"@type":"ListItem","position":3,"name":"Konditsioneeri puhasti Airco Cleaner 500ml, Motip"}]},{"@type":"WebSite","@id":"https:\/\/ranoja.ee\/#website","url":"https:\/\/ranoja.ee\/","name":"Ranoja","description":"Equipment Shop WooCommerce WordPress Theme for Machine &amp; Tools","publisher":{"@id":"https:\/\/ranoja.ee\/#organization"},"potentialAction":[{"@type":"SearchAction","target":{"@type":"EntryPoint","urlTemplate":"https:\/\/ranoja.ee\/?s={search_term_string}"},"query-input":{"@type":"PropertyValueSpecification","valueRequired":true,"valueName":"search_term_string"}}],"inLanguage":"en-US"},{"@type":"Organization","@id":"https:\/\/ranoja.ee\/#organization","name":"Ranoja O\u00dc","url":"https:\/\/ranoja.ee\/","logo":{"@type":"ImageObject","inLanguage":"en-US","@id":"https:\/\/ranoja.ee\/#\/schema\/logo\/image\/","url":"https:\/\/ranoja.ee\/wp-content\/uploads\/2023\/11\/ranoja-Logo.png","contentUrl":"https:\/\/ranoja.ee\/wp-content\/uploads\/2023\/11\/ranoja-Logo.png","width":207,"height":58,"caption":"Ranoja O\u00dc"},"image":{"@id":"https:\/\/ranoja.ee\/#\/schema\/logo\/image\/"},"sameAs":["https:\/\/www.facebook.com\/ranoja.ee","https:\/\/www.instagram.com\/ranoja__\/"]}]}},"_links":{"self":[{"href":"https:\/\/ranoja.ee\/en\/wp-json\/wp\/v2\/product\/58366","targetHints":{"allow":["GET"]}}],"collection":[{"href":"https:\/\/ranoja.ee\/en\/wp-json\/wp\/v2\/product"}],"about":[{"href":"https:\/\/ranoja.ee\/en\/wp-json\/wp\/v2\/types\/product"}],"wp:featuredmedia":[{"embeddable":true,"href":"https:\/\/ranoja.ee\/en\/wp-json\/wp\/v2\/media\/58367"}],"wp:attachment":[{"href":"https:\/\/ranoja.ee\/en\/wp-json\/wp\/v2\/media?parent=58366"}],"wp:term":[{"taxonomy":"product_cat","embeddable":true,"href":"https:\/\/ranoja.ee\/en\/wp-json\/wp\/v2\/product_cat?post=58366"},{"taxonomy":"product_tag","embeddable":true,"href":"https:\/\/ranoja.ee\/en\/wp-json\/wp\/v2\/product_tag?post=58366"}],"curies":[{"name":"wp","href":"https:\/\/api.w.org\/{rel}","templated":true}]}}