{"id":58354,"date":"2026-03-17T01:58:32","date_gmt":"2026-03-16T22:58:32","guid":{"rendered":"https:\/\/ranoja.ee\/toode\/akutikksaag-c-js220-x-karkass-scheppach\/"},"modified":"2026-03-17T15:43:45","modified_gmt":"2026-03-17T12:43:45","slug":"akutikksaag-c-js220-x-karkass-scheppach","status":"publish","type":"product","link":"https:\/\/ranoja.ee\/en\/toode\/akutikksaag-c-js220-x-karkass-scheppach\/","title":{"rendered":"Akutikksaag C-JS220-X, karkass, Scheppach"},"content":{"rendered":"","protected":false},"excerpt":{"rendered":"<p>Karkass ilma aku ja laadijata, pappkarbis<\/p>\n<p>Mootori t\u00fc\u00fcp: harjadega<br \/>\nT\u00f6\u00f6k\u00e4ikude arv: 0 \u2013 2400 \/min<br \/>\nK\u00e4igu pikkus: 20 mm<br \/>\nPendli k\u00e4igu astmed: 1\u20133 ja peenl\u00f5ike reguleerimine<br \/>\nL\u00f5ikenurk: 0\u00b0 keskele, vasakule\/paremale 15\u00b0, 30\u00b0, 45\u00b0<br \/>\nMaterjali maksimaalne paksus: 80 mm puit \/ 5 mm metall \/ 12 mm alumiinium<\/p>\n<p>Kiiruse reguleerimine p\u00e4\u00e4stikuga vahemikus 0 kuni 2400 k\u00e4iku minutis, pakkudes t\u00e4pset juhtimist puhaste l\u00f5igete tegemiseks<br \/>\nTalla kaldenurga muutmisv\u00f5imalus teeb sae eriti universaalseks<br \/>\nSisseehitatud LED-t\u00f6\u00f6tuli valgustab l\u00f5ikejoont<br \/>\nT\u00f6\u00f6riistavaba kiirkinnitus SAW LOCK saelehe lihtsaks vahetamiseks<br \/>\nLiigutatav ja eemaldatav l\u00e4bipaistev saeterakaitse teeb t\u00f6\u00f6tamise ohutuks<br \/>\nKaasas tolmukate ja tolmueemaldustoru<br \/>\nKomplektis ka talla kaitsekate viimistletud v\u00f5i eriti \u00f5rnade pindade s\u00e4\u00e4stmiseks kriimustuste eest ning kuuskantv\u00f5ti talla kalde muutmiseks.  0, 15, 30 ja 45 kraadi juures olevad eelseadistatud s\u00e4lgud tagavad t\u00e4pse kaldenurga<br \/>\nErgonoomiline, kompaktne ja kerge t\u00f6\u00f6riist pehme k\u00e4epidemega, mis tagab kasutusmugavuse<\/p>\n<p>Kaasas tarvikud: 1x plastikust talla kaitsekate, 1x puidutera, 1x adapter v\u00e4liseks tolmueemalduseks<\/p>\n<p>Sobivad akud ja laadijad: <br \/>\n7909201719&#038;SCHEP Komplekt SBSK2.0 Starterkit 1: 2,0 Ah  aku + 2,4 A laadija<br \/>\n7909201720&#038;SCHEP Komplekt SBSK4.0 Starterkit 2: 4,0Ah aku + 2,4 A laadija<br \/>\n7909201708&#038;SCHEP Aku SBP2.0,  20 V \/ 2,0 Ah, Li-ioon<br \/>\n7909201709&#038;SCHEP Aku SBP4.0, 20 V \/ 4,0 Ah, Li-ioon<br \/>\n7909201711&#038;SCHEP Kiirlaadija SBC4.5A<\/p>\n<p>Scheppachi elektrilised k\u00e4sit\u00f6\u00f6riistad on m\u00f5eldud n\u00f5udlikule hobikasutajale.<\/p>\n","protected":false},"featured_media":58355,"template":"","meta":{"inline_featured_image":false},"product_cat":[5202,5249,1094],"product_tag":[],"class_list":{"0":"post-58354","1":"product","2":"type-product","3":"status-publish","4":"has-post-thumbnail","6":"product_brand-scheppach","7":"product_cat-akuga-saed-ja-hoovlid","8":"product_cat-akuga-tikksaed","9":"product_cat-akutooriistad","11":"first","12":"instock","13":"purchasable","14":"product-type-simple"},"yoast_head":"<!-- This site is optimized with the Yoast SEO plugin v27.4 - https:\/\/yoast.com\/product\/yoast-seo-wordpress\/ -->\n<title>Akutikksaag C-JS220-X, karkass, Scheppach - Ranoja<\/title>\n<meta name=\"robots\" content=\"index, follow, max-snippet:-1, max-image-preview:large, max-video-preview:-1\" \/>\n<link rel=\"canonical\" href=\"https:\/\/ranoja.ee\/toode\/akutikksaag-c-js220-x-karkass-scheppach\/\" \/>\n<meta property=\"og:locale\" content=\"en_US\" \/>\n<meta property=\"og:type\" content=\"article\" \/>\n<meta property=\"og:title\" content=\"Akutikksaag C-JS220-X, karkass, Scheppach - Ranoja\" \/>\n<meta property=\"og:description\" content=\"Karkass ilma aku ja laadijata, pappkarbis Mootori t\u00fc\u00fcp: harjadega T\u00f6\u00f6k\u00e4ikude arv: 0 \u2013 2400 \/min K\u00e4igu pikkus: 20 mm Pendli k\u00e4igu astmed: 1\u20133 ja peenl\u00f5ike reguleerimine L\u00f5ikenurk: 0\u00b0 keskele, vasakule\/paremale 15\u00b0, 30\u00b0, 45\u00b0 Materjali maksimaalne paksus: 80 mm puit \/ 5 mm metall \/ 12 mm alumiinium Kiiruse reguleerimine p\u00e4\u00e4stikuga vahemikus 0 kuni 2400 k\u00e4iku minutis, pakkudes t\u00e4pset juhtimist puhaste l\u00f5igete tegemiseks Talla kaldenurga muutmisv\u00f5imalus teeb sae eriti universaalseks Sisseehitatud LED-t\u00f6\u00f6tuli valgustab l\u00f5ikejoont T\u00f6\u00f6riistavaba kiirkinnitus SAW LOCK saelehe lihtsaks vahetamiseks Liigutatav ja eemaldatav l\u00e4bipaistev saeterakaitse teeb t\u00f6\u00f6tamise ohutuks Kaasas tolmukate ja tolmueemaldustoru Komplektis ka talla kaitsekate viimistletud v\u00f5i eriti \u00f5rnade pindade s\u00e4\u00e4stmiseks kriimustuste eest ning kuuskantv\u00f5ti talla kalde muutmiseks. 0, 15, 30 ja 45 kraadi juures olevad eelseadistatud s\u00e4lgud tagavad t\u00e4pse kaldenurga Ergonoomiline, kompaktne ja kerge t\u00f6\u00f6riist pehme k\u00e4epidemega, mis tagab kasutusmugavuse Kaasas tarvikud: 1x plastikust talla kaitsekate, 1x puidutera, 1x adapter v\u00e4liseks tolmueemalduseks Sobivad akud ja laadijad: 7909201719&amp;SCHEP Komplekt SBSK2.0 Starterkit 1: 2,0 Ah aku + 2,4 A laadija 7909201720&amp;SCHEP Komplekt SBSK4.0 Starterkit 2: 4,0Ah aku + 2,4 A laadija 7909201708&amp;SCHEP Aku SBP2.0, 20 V \/ 2,0 Ah, Li-ioon 7909201709&amp;SCHEP Aku SBP4.0, 20 V \/ 4,0 Ah, Li-ioon 7909201711&amp;SCHEP Kiirlaadija SBC4.5A Scheppachi elektrilised k\u00e4sit\u00f6\u00f6riistad on m\u00f5eldud n\u00f5udlikule hobikasutajale.\" \/>\n<meta property=\"og:url\" content=\"https:\/\/ranoja.ee\/toode\/akutikksaag-c-js220-x-karkass-scheppach\/\" \/>\n<meta property=\"og:site_name\" content=\"Ranoja\" \/>\n<meta property=\"article:publisher\" content=\"https:\/\/www.facebook.com\/ranoja.ee\" \/>\n<meta property=\"article:modified_time\" content=\"2026-03-17T12:43:45+00:00\" \/>\n<meta property=\"og:image\" content=\"https:\/\/ranoja.ee\/wp-content\/uploads\/2026\/03\/262212713.jpg\" \/>\n\t<meta property=\"og:image:width\" content=\"693\" \/>\n\t<meta property=\"og:image:height\" content=\"768\" \/>\n\t<meta property=\"og:image:type\" content=\"image\/jpeg\" \/>\n<meta name=\"twitter:card\" content=\"summary_large_image\" \/>\n<script type=\"application\/ld+json\" class=\"yoast-schema-graph\">{\"@context\":\"https:\\\/\\\/schema.org\",\"@graph\":[{\"@type\":\"WebPage\",\"@id\":\"https:\\\/\\\/ranoja.ee\\\/toode\\\/akutikksaag-c-js220-x-karkass-scheppach\\\/\",\"url\":\"https:\\\/\\\/ranoja.ee\\\/toode\\\/akutikksaag-c-js220-x-karkass-scheppach\\\/\",\"name\":\"Akutikksaag C-JS220-X, karkass, Scheppach - Ranoja\",\"isPartOf\":{\"@id\":\"https:\\\/\\\/ranoja.ee\\\/#website\"},\"primaryImageOfPage\":{\"@id\":\"https:\\\/\\\/ranoja.ee\\\/toode\\\/akutikksaag-c-js220-x-karkass-scheppach\\\/#primaryimage\"},\"image\":{\"@id\":\"https:\\\/\\\/ranoja.ee\\\/toode\\\/akutikksaag-c-js220-x-karkass-scheppach\\\/#primaryimage\"},\"thumbnailUrl\":\"https:\\\/\\\/ranoja.ee\\\/wp-content\\\/uploads\\\/2026\\\/03\\\/262212713.jpg\",\"datePublished\":\"2026-03-16T22:58:32+00:00\",\"dateModified\":\"2026-03-17T12:43:45+00:00\",\"breadcrumb\":{\"@id\":\"https:\\\/\\\/ranoja.ee\\\/toode\\\/akutikksaag-c-js220-x-karkass-scheppach\\\/#breadcrumb\"},\"inLanguage\":\"en-US\",\"potentialAction\":[{\"@type\":\"ReadAction\",\"target\":[\"https:\\\/\\\/ranoja.ee\\\/toode\\\/akutikksaag-c-js220-x-karkass-scheppach\\\/\"]}]},{\"@type\":\"ImageObject\",\"inLanguage\":\"en-US\",\"@id\":\"https:\\\/\\\/ranoja.ee\\\/toode\\\/akutikksaag-c-js220-x-karkass-scheppach\\\/#primaryimage\",\"url\":\"https:\\\/\\\/ranoja.ee\\\/wp-content\\\/uploads\\\/2026\\\/03\\\/262212713.jpg\",\"contentUrl\":\"https:\\\/\\\/ranoja.ee\\\/wp-content\\\/uploads\\\/2026\\\/03\\\/262212713.jpg\",\"width\":693,\"height\":768},{\"@type\":\"BreadcrumbList\",\"@id\":\"https:\\\/\\\/ranoja.ee\\\/toode\\\/akutikksaag-c-js220-x-karkass-scheppach\\\/#breadcrumb\",\"itemListElement\":[{\"@type\":\"ListItem\",\"position\":1,\"name\":\"Home\",\"item\":\"https:\\\/\\\/ranoja.ee\\\/\"},{\"@type\":\"ListItem\",\"position\":2,\"name\":\"Shop\",\"item\":\"https:\\\/\\\/ranoja.ee\\\/en\\\/shop\\\/\"},{\"@type\":\"ListItem\",\"position\":3,\"name\":\"Akutikksaag C-JS220-X, karkass, Scheppach\"}]},{\"@type\":\"WebSite\",\"@id\":\"https:\\\/\\\/ranoja.ee\\\/#website\",\"url\":\"https:\\\/\\\/ranoja.ee\\\/\",\"name\":\"Ranoja\",\"description\":\"Equipment Shop WooCommerce WordPress Theme for Machine &amp; Tools\",\"publisher\":{\"@id\":\"https:\\\/\\\/ranoja.ee\\\/#organization\"},\"potentialAction\":[{\"@type\":\"SearchAction\",\"target\":{\"@type\":\"EntryPoint\",\"urlTemplate\":\"https:\\\/\\\/ranoja.ee\\\/?s={search_term_string}\"},\"query-input\":{\"@type\":\"PropertyValueSpecification\",\"valueRequired\":true,\"valueName\":\"search_term_string\"}}],\"inLanguage\":\"en-US\"},{\"@type\":\"Organization\",\"@id\":\"https:\\\/\\\/ranoja.ee\\\/#organization\",\"name\":\"Ranoja O\u00dc\",\"url\":\"https:\\\/\\\/ranoja.ee\\\/\",\"logo\":{\"@type\":\"ImageObject\",\"inLanguage\":\"en-US\",\"@id\":\"https:\\\/\\\/ranoja.ee\\\/#\\\/schema\\\/logo\\\/image\\\/\",\"url\":\"https:\\\/\\\/ranoja.ee\\\/wp-content\\\/uploads\\\/2023\\\/11\\\/ranoja-Logo.png\",\"contentUrl\":\"https:\\\/\\\/ranoja.ee\\\/wp-content\\\/uploads\\\/2023\\\/11\\\/ranoja-Logo.png\",\"width\":207,\"height\":58,\"caption\":\"Ranoja O\u00dc\"},\"image\":{\"@id\":\"https:\\\/\\\/ranoja.ee\\\/#\\\/schema\\\/logo\\\/image\\\/\"},\"sameAs\":[\"https:\\\/\\\/www.facebook.com\\\/ranoja.ee\",\"https:\\\/\\\/www.instagram.com\\\/ranoja__\\\/\"]}]}<\/script>\n<!-- \/ Yoast SEO plugin. -->","yoast_head_json":{"title":"Akutikksaag C-JS220-X, karkass, Scheppach - Ranoja","robots":{"index":"index","follow":"follow","max-snippet":"max-snippet:-1","max-image-preview":"max-image-preview:large","max-video-preview":"max-video-preview:-1"},"canonical":"https:\/\/ranoja.ee\/toode\/akutikksaag-c-js220-x-karkass-scheppach\/","og_locale":"en_US","og_type":"article","og_title":"Akutikksaag C-JS220-X, karkass, Scheppach - Ranoja","og_description":"Karkass ilma aku ja laadijata, pappkarbis Mootori t\u00fc\u00fcp: harjadega T\u00f6\u00f6k\u00e4ikude arv: 0 \u2013 2400 \/min K\u00e4igu pikkus: 20 mm Pendli k\u00e4igu astmed: 1\u20133 ja peenl\u00f5ike reguleerimine L\u00f5ikenurk: 0\u00b0 keskele, vasakule\/paremale 15\u00b0, 30\u00b0, 45\u00b0 Materjali maksimaalne paksus: 80 mm puit \/ 5 mm metall \/ 12 mm alumiinium Kiiruse reguleerimine p\u00e4\u00e4stikuga vahemikus 0 kuni 2400 k\u00e4iku minutis, pakkudes t\u00e4pset juhtimist puhaste l\u00f5igete tegemiseks Talla kaldenurga muutmisv\u00f5imalus teeb sae eriti universaalseks Sisseehitatud LED-t\u00f6\u00f6tuli valgustab l\u00f5ikejoont T\u00f6\u00f6riistavaba kiirkinnitus SAW LOCK saelehe lihtsaks vahetamiseks Liigutatav ja eemaldatav l\u00e4bipaistev saeterakaitse teeb t\u00f6\u00f6tamise ohutuks Kaasas tolmukate ja tolmueemaldustoru Komplektis ka talla kaitsekate viimistletud v\u00f5i eriti \u00f5rnade pindade s\u00e4\u00e4stmiseks kriimustuste eest ning kuuskantv\u00f5ti talla kalde muutmiseks. 0, 15, 30 ja 45 kraadi juures olevad eelseadistatud s\u00e4lgud tagavad t\u00e4pse kaldenurga Ergonoomiline, kompaktne ja kerge t\u00f6\u00f6riist pehme k\u00e4epidemega, mis tagab kasutusmugavuse Kaasas tarvikud: 1x plastikust talla kaitsekate, 1x puidutera, 1x adapter v\u00e4liseks tolmueemalduseks Sobivad akud ja laadijad: 7909201719&SCHEP Komplekt SBSK2.0 Starterkit 1: 2,0 Ah aku + 2,4 A laadija 7909201720&SCHEP Komplekt SBSK4.0 Starterkit 2: 4,0Ah aku + 2,4 A laadija 7909201708&SCHEP Aku SBP2.0, 20 V \/ 2,0 Ah, Li-ioon 7909201709&SCHEP Aku SBP4.0, 20 V \/ 4,0 Ah, Li-ioon 7909201711&SCHEP Kiirlaadija SBC4.5A Scheppachi elektrilised k\u00e4sit\u00f6\u00f6riistad on m\u00f5eldud n\u00f5udlikule hobikasutajale.","og_url":"https:\/\/ranoja.ee\/toode\/akutikksaag-c-js220-x-karkass-scheppach\/","og_site_name":"Ranoja","article_publisher":"https:\/\/www.facebook.com\/ranoja.ee","article_modified_time":"2026-03-17T12:43:45+00:00","og_image":[{"width":693,"height":768,"url":"https:\/\/ranoja.ee\/wp-content\/uploads\/2026\/03\/262212713.jpg","type":"image\/jpeg"}],"twitter_card":"summary_large_image","schema":{"@context":"https:\/\/schema.org","@graph":[{"@type":"WebPage","@id":"https:\/\/ranoja.ee\/toode\/akutikksaag-c-js220-x-karkass-scheppach\/","url":"https:\/\/ranoja.ee\/toode\/akutikksaag-c-js220-x-karkass-scheppach\/","name":"Akutikksaag C-JS220-X, karkass, Scheppach - Ranoja","isPartOf":{"@id":"https:\/\/ranoja.ee\/#website"},"primaryImageOfPage":{"@id":"https:\/\/ranoja.ee\/toode\/akutikksaag-c-js220-x-karkass-scheppach\/#primaryimage"},"image":{"@id":"https:\/\/ranoja.ee\/toode\/akutikksaag-c-js220-x-karkass-scheppach\/#primaryimage"},"thumbnailUrl":"https:\/\/ranoja.ee\/wp-content\/uploads\/2026\/03\/262212713.jpg","datePublished":"2026-03-16T22:58:32+00:00","dateModified":"2026-03-17T12:43:45+00:00","breadcrumb":{"@id":"https:\/\/ranoja.ee\/toode\/akutikksaag-c-js220-x-karkass-scheppach\/#breadcrumb"},"inLanguage":"en-US","potentialAction":[{"@type":"ReadAction","target":["https:\/\/ranoja.ee\/toode\/akutikksaag-c-js220-x-karkass-scheppach\/"]}]},{"@type":"ImageObject","inLanguage":"en-US","@id":"https:\/\/ranoja.ee\/toode\/akutikksaag-c-js220-x-karkass-scheppach\/#primaryimage","url":"https:\/\/ranoja.ee\/wp-content\/uploads\/2026\/03\/262212713.jpg","contentUrl":"https:\/\/ranoja.ee\/wp-content\/uploads\/2026\/03\/262212713.jpg","width":693,"height":768},{"@type":"BreadcrumbList","@id":"https:\/\/ranoja.ee\/toode\/akutikksaag-c-js220-x-karkass-scheppach\/#breadcrumb","itemListElement":[{"@type":"ListItem","position":1,"name":"Home","item":"https:\/\/ranoja.ee\/"},{"@type":"ListItem","position":2,"name":"Shop","item":"https:\/\/ranoja.ee\/en\/shop\/"},{"@type":"ListItem","position":3,"name":"Akutikksaag C-JS220-X, karkass, Scheppach"}]},{"@type":"WebSite","@id":"https:\/\/ranoja.ee\/#website","url":"https:\/\/ranoja.ee\/","name":"Ranoja","description":"Equipment Shop WooCommerce WordPress Theme for Machine &amp; Tools","publisher":{"@id":"https:\/\/ranoja.ee\/#organization"},"potentialAction":[{"@type":"SearchAction","target":{"@type":"EntryPoint","urlTemplate":"https:\/\/ranoja.ee\/?s={search_term_string}"},"query-input":{"@type":"PropertyValueSpecification","valueRequired":true,"valueName":"search_term_string"}}],"inLanguage":"en-US"},{"@type":"Organization","@id":"https:\/\/ranoja.ee\/#organization","name":"Ranoja O\u00dc","url":"https:\/\/ranoja.ee\/","logo":{"@type":"ImageObject","inLanguage":"en-US","@id":"https:\/\/ranoja.ee\/#\/schema\/logo\/image\/","url":"https:\/\/ranoja.ee\/wp-content\/uploads\/2023\/11\/ranoja-Logo.png","contentUrl":"https:\/\/ranoja.ee\/wp-content\/uploads\/2023\/11\/ranoja-Logo.png","width":207,"height":58,"caption":"Ranoja O\u00dc"},"image":{"@id":"https:\/\/ranoja.ee\/#\/schema\/logo\/image\/"},"sameAs":["https:\/\/www.facebook.com\/ranoja.ee","https:\/\/www.instagram.com\/ranoja__\/"]}]}},"_links":{"self":[{"href":"https:\/\/ranoja.ee\/en\/wp-json\/wp\/v2\/product\/58354","targetHints":{"allow":["GET"]}}],"collection":[{"href":"https:\/\/ranoja.ee\/en\/wp-json\/wp\/v2\/product"}],"about":[{"href":"https:\/\/ranoja.ee\/en\/wp-json\/wp\/v2\/types\/product"}],"wp:featuredmedia":[{"embeddable":true,"href":"https:\/\/ranoja.ee\/en\/wp-json\/wp\/v2\/media\/58355"}],"wp:attachment":[{"href":"https:\/\/ranoja.ee\/en\/wp-json\/wp\/v2\/media?parent=58354"}],"wp:term":[{"taxonomy":"product_cat","embeddable":true,"href":"https:\/\/ranoja.ee\/en\/wp-json\/wp\/v2\/product_cat?post=58354"},{"taxonomy":"product_tag","embeddable":true,"href":"https:\/\/ranoja.ee\/en\/wp-json\/wp\/v2\/product_tag?post=58354"}],"curies":[{"name":"wp","href":"https:\/\/api.w.org\/{rel}","templated":true}]}}