{"id":58352,"date":"2026-03-17T01:58:32","date_gmt":"2026-03-16T22:58:32","guid":{"rendered":"https:\/\/ranoja.ee\/toode\/plaastriautomaat-salvequick-60366444-plaastritega-cederroth\/"},"modified":"2026-03-17T15:43:45","modified_gmt":"2026-03-17T12:43:45","slug":"plaastriautomaat-salvequick-60366444-plaastritega-cederroth","status":"publish","type":"product","link":"https:\/\/ranoja.ee\/en\/toode\/plaastriautomaat-salvequick-60366444-plaastritega-cederroth\/","title":{"rendered":"Plaastriautomaat Salvequick, 6036+6444 plaastritega, Cederroth"},"content":{"rendered":"","protected":false},"excerpt":{"rendered":"<p>Cederroth plaastiautomaadi kasutamine on lihtne &#8211; t\u00f5mmates \u00fchte plaastrit, eemaldub \u00fchest otsast kleepuvat pinda kattev paber ja plaastrit on v\u00f5imalik paigaldada \u00fche k\u00e4ega.<br \/>\nAutomaati saab t\u00e4ita kiiresti komplektis oleva v\u00f5tme abil. \u00dches automaadis saab kasutada erinevaid t\u00e4itepakke.<br \/>\nL\u00e4bipaistev kaas kaitseb plaastreid tolmu eest.<\/p>\n<p>Komplektis:<br \/>\nSalvequick plaastriautomaat koos t\u00e4itepakenditega: 40 tekstiilplaastrit (6444&#038;CEDER) ja 45 plastikplaastrit (6036&#038;CEDER)<br \/>\n1 v\u00f5ti<\/p>\n<p>M\u00f5\u00f5dud: L 23 x K 12 x S 5.5 cm<\/p>\n","protected":false},"featured_media":58353,"template":"","meta":{"inline_featured_image":false},"product_cat":[5071,5022],"product_tag":[],"class_list":{"0":"post-58352","1":"product","2":"type-product","3":"status-publish","4":"has-post-thumbnail","6":"product_brand-cederroth","7":"product_cat-esmaabivahendid","8":"product_cat-isikukaitsevahendid","10":"first","11":"instock","12":"purchasable","13":"product-type-simple"},"yoast_head":"<!-- This site is optimized with the Yoast SEO plugin v27.4 - https:\/\/yoast.com\/product\/yoast-seo-wordpress\/ -->\n<title>Plaastriautomaat Salvequick, 6036+6444 plaastritega, Cederroth - Ranoja<\/title>\n<meta name=\"robots\" content=\"index, follow, max-snippet:-1, max-image-preview:large, max-video-preview:-1\" \/>\n<link rel=\"canonical\" href=\"https:\/\/ranoja.ee\/toode\/plaastriautomaat-salvequick-60366444-plaastritega-cederroth\/\" \/>\n<meta property=\"og:locale\" content=\"en_US\" \/>\n<meta property=\"og:type\" content=\"article\" \/>\n<meta property=\"og:title\" content=\"Plaastriautomaat Salvequick, 6036+6444 plaastritega, Cederroth - Ranoja\" \/>\n<meta property=\"og:description\" content=\"Cederroth plaastiautomaadi kasutamine on lihtne - t\u00f5mmates \u00fchte plaastrit, eemaldub \u00fchest otsast kleepuvat pinda kattev paber ja plaastrit on v\u00f5imalik paigaldada \u00fche k\u00e4ega. Automaati saab t\u00e4ita kiiresti komplektis oleva v\u00f5tme abil. \u00dches automaadis saab kasutada erinevaid t\u00e4itepakke. L\u00e4bipaistev kaas kaitseb plaastreid tolmu eest. Komplektis: Salvequick plaastriautomaat koos t\u00e4itepakenditega: 40 tekstiilplaastrit (6444&amp;CEDER) ja 45 plastikplaastrit (6036&amp;CEDER) 1 v\u00f5ti M\u00f5\u00f5dud: L 23 x K 12 x S 5.5 cm\" \/>\n<meta property=\"og:url\" content=\"https:\/\/ranoja.ee\/toode\/plaastriautomaat-salvequick-60366444-plaastritega-cederroth\/\" \/>\n<meta property=\"og:site_name\" content=\"Ranoja\" \/>\n<meta property=\"article:publisher\" content=\"https:\/\/www.facebook.com\/ranoja.ee\" \/>\n<meta property=\"article:modified_time\" content=\"2026-03-17T12:43:45+00:00\" \/>\n<meta property=\"og:image\" content=\"https:\/\/ranoja.ee\/wp-content\/uploads\/2026\/03\/5637760378.jpg\" \/>\n\t<meta property=\"og:image:width\" content=\"900\" \/>\n\t<meta property=\"og:image:height\" content=\"627\" \/>\n\t<meta property=\"og:image:type\" content=\"image\/jpeg\" \/>\n<meta name=\"twitter:card\" content=\"summary_large_image\" \/>\n<script type=\"application\/ld+json\" class=\"yoast-schema-graph\">{\"@context\":\"https:\\\/\\\/schema.org\",\"@graph\":[{\"@type\":\"WebPage\",\"@id\":\"https:\\\/\\\/ranoja.ee\\\/toode\\\/plaastriautomaat-salvequick-60366444-plaastritega-cederroth\\\/\",\"url\":\"https:\\\/\\\/ranoja.ee\\\/toode\\\/plaastriautomaat-salvequick-60366444-plaastritega-cederroth\\\/\",\"name\":\"Plaastriautomaat Salvequick, 6036+6444 plaastritega, Cederroth - Ranoja\",\"isPartOf\":{\"@id\":\"https:\\\/\\\/ranoja.ee\\\/#website\"},\"primaryImageOfPage\":{\"@id\":\"https:\\\/\\\/ranoja.ee\\\/toode\\\/plaastriautomaat-salvequick-60366444-plaastritega-cederroth\\\/#primaryimage\"},\"image\":{\"@id\":\"https:\\\/\\\/ranoja.ee\\\/toode\\\/plaastriautomaat-salvequick-60366444-plaastritega-cederroth\\\/#primaryimage\"},\"thumbnailUrl\":\"https:\\\/\\\/ranoja.ee\\\/wp-content\\\/uploads\\\/2026\\\/03\\\/5637760378.jpg\",\"datePublished\":\"2026-03-16T22:58:32+00:00\",\"dateModified\":\"2026-03-17T12:43:45+00:00\",\"breadcrumb\":{\"@id\":\"https:\\\/\\\/ranoja.ee\\\/toode\\\/plaastriautomaat-salvequick-60366444-plaastritega-cederroth\\\/#breadcrumb\"},\"inLanguage\":\"en-US\",\"potentialAction\":[{\"@type\":\"ReadAction\",\"target\":[\"https:\\\/\\\/ranoja.ee\\\/toode\\\/plaastriautomaat-salvequick-60366444-plaastritega-cederroth\\\/\"]}]},{\"@type\":\"ImageObject\",\"inLanguage\":\"en-US\",\"@id\":\"https:\\\/\\\/ranoja.ee\\\/toode\\\/plaastriautomaat-salvequick-60366444-plaastritega-cederroth\\\/#primaryimage\",\"url\":\"https:\\\/\\\/ranoja.ee\\\/wp-content\\\/uploads\\\/2026\\\/03\\\/5637760378.jpg\",\"contentUrl\":\"https:\\\/\\\/ranoja.ee\\\/wp-content\\\/uploads\\\/2026\\\/03\\\/5637760378.jpg\",\"width\":900,\"height\":627},{\"@type\":\"BreadcrumbList\",\"@id\":\"https:\\\/\\\/ranoja.ee\\\/toode\\\/plaastriautomaat-salvequick-60366444-plaastritega-cederroth\\\/#breadcrumb\",\"itemListElement\":[{\"@type\":\"ListItem\",\"position\":1,\"name\":\"Home\",\"item\":\"https:\\\/\\\/ranoja.ee\\\/\"},{\"@type\":\"ListItem\",\"position\":2,\"name\":\"Shop\",\"item\":\"https:\\\/\\\/ranoja.ee\\\/en\\\/shop\\\/\"},{\"@type\":\"ListItem\",\"position\":3,\"name\":\"Plaastriautomaat Salvequick, 6036+6444 plaastritega, Cederroth\"}]},{\"@type\":\"WebSite\",\"@id\":\"https:\\\/\\\/ranoja.ee\\\/#website\",\"url\":\"https:\\\/\\\/ranoja.ee\\\/\",\"name\":\"Ranoja\",\"description\":\"Equipment Shop WooCommerce WordPress Theme for Machine &amp; Tools\",\"publisher\":{\"@id\":\"https:\\\/\\\/ranoja.ee\\\/#organization\"},\"potentialAction\":[{\"@type\":\"SearchAction\",\"target\":{\"@type\":\"EntryPoint\",\"urlTemplate\":\"https:\\\/\\\/ranoja.ee\\\/?s={search_term_string}\"},\"query-input\":{\"@type\":\"PropertyValueSpecification\",\"valueRequired\":true,\"valueName\":\"search_term_string\"}}],\"inLanguage\":\"en-US\"},{\"@type\":\"Organization\",\"@id\":\"https:\\\/\\\/ranoja.ee\\\/#organization\",\"name\":\"Ranoja O\u00dc\",\"url\":\"https:\\\/\\\/ranoja.ee\\\/\",\"logo\":{\"@type\":\"ImageObject\",\"inLanguage\":\"en-US\",\"@id\":\"https:\\\/\\\/ranoja.ee\\\/#\\\/schema\\\/logo\\\/image\\\/\",\"url\":\"https:\\\/\\\/ranoja.ee\\\/wp-content\\\/uploads\\\/2023\\\/11\\\/ranoja-Logo.png\",\"contentUrl\":\"https:\\\/\\\/ranoja.ee\\\/wp-content\\\/uploads\\\/2023\\\/11\\\/ranoja-Logo.png\",\"width\":207,\"height\":58,\"caption\":\"Ranoja O\u00dc\"},\"image\":{\"@id\":\"https:\\\/\\\/ranoja.ee\\\/#\\\/schema\\\/logo\\\/image\\\/\"},\"sameAs\":[\"https:\\\/\\\/www.facebook.com\\\/ranoja.ee\",\"https:\\\/\\\/www.instagram.com\\\/ranoja__\\\/\"]}]}<\/script>\n<!-- \/ Yoast SEO plugin. -->","yoast_head_json":{"title":"Plaastriautomaat Salvequick, 6036+6444 plaastritega, Cederroth - Ranoja","robots":{"index":"index","follow":"follow","max-snippet":"max-snippet:-1","max-image-preview":"max-image-preview:large","max-video-preview":"max-video-preview:-1"},"canonical":"https:\/\/ranoja.ee\/toode\/plaastriautomaat-salvequick-60366444-plaastritega-cederroth\/","og_locale":"en_US","og_type":"article","og_title":"Plaastriautomaat Salvequick, 6036+6444 plaastritega, Cederroth - Ranoja","og_description":"Cederroth plaastiautomaadi kasutamine on lihtne - t\u00f5mmates \u00fchte plaastrit, eemaldub \u00fchest otsast kleepuvat pinda kattev paber ja plaastrit on v\u00f5imalik paigaldada \u00fche k\u00e4ega. Automaati saab t\u00e4ita kiiresti komplektis oleva v\u00f5tme abil. \u00dches automaadis saab kasutada erinevaid t\u00e4itepakke. L\u00e4bipaistev kaas kaitseb plaastreid tolmu eest. Komplektis: Salvequick plaastriautomaat koos t\u00e4itepakenditega: 40 tekstiilplaastrit (6444&CEDER) ja 45 plastikplaastrit (6036&CEDER) 1 v\u00f5ti M\u00f5\u00f5dud: L 23 x K 12 x S 5.5 cm","og_url":"https:\/\/ranoja.ee\/toode\/plaastriautomaat-salvequick-60366444-plaastritega-cederroth\/","og_site_name":"Ranoja","article_publisher":"https:\/\/www.facebook.com\/ranoja.ee","article_modified_time":"2026-03-17T12:43:45+00:00","og_image":[{"width":900,"height":627,"url":"https:\/\/ranoja.ee\/wp-content\/uploads\/2026\/03\/5637760378.jpg","type":"image\/jpeg"}],"twitter_card":"summary_large_image","schema":{"@context":"https:\/\/schema.org","@graph":[{"@type":"WebPage","@id":"https:\/\/ranoja.ee\/toode\/plaastriautomaat-salvequick-60366444-plaastritega-cederroth\/","url":"https:\/\/ranoja.ee\/toode\/plaastriautomaat-salvequick-60366444-plaastritega-cederroth\/","name":"Plaastriautomaat Salvequick, 6036+6444 plaastritega, Cederroth - Ranoja","isPartOf":{"@id":"https:\/\/ranoja.ee\/#website"},"primaryImageOfPage":{"@id":"https:\/\/ranoja.ee\/toode\/plaastriautomaat-salvequick-60366444-plaastritega-cederroth\/#primaryimage"},"image":{"@id":"https:\/\/ranoja.ee\/toode\/plaastriautomaat-salvequick-60366444-plaastritega-cederroth\/#primaryimage"},"thumbnailUrl":"https:\/\/ranoja.ee\/wp-content\/uploads\/2026\/03\/5637760378.jpg","datePublished":"2026-03-16T22:58:32+00:00","dateModified":"2026-03-17T12:43:45+00:00","breadcrumb":{"@id":"https:\/\/ranoja.ee\/toode\/plaastriautomaat-salvequick-60366444-plaastritega-cederroth\/#breadcrumb"},"inLanguage":"en-US","potentialAction":[{"@type":"ReadAction","target":["https:\/\/ranoja.ee\/toode\/plaastriautomaat-salvequick-60366444-plaastritega-cederroth\/"]}]},{"@type":"ImageObject","inLanguage":"en-US","@id":"https:\/\/ranoja.ee\/toode\/plaastriautomaat-salvequick-60366444-plaastritega-cederroth\/#primaryimage","url":"https:\/\/ranoja.ee\/wp-content\/uploads\/2026\/03\/5637760378.jpg","contentUrl":"https:\/\/ranoja.ee\/wp-content\/uploads\/2026\/03\/5637760378.jpg","width":900,"height":627},{"@type":"BreadcrumbList","@id":"https:\/\/ranoja.ee\/toode\/plaastriautomaat-salvequick-60366444-plaastritega-cederroth\/#breadcrumb","itemListElement":[{"@type":"ListItem","position":1,"name":"Home","item":"https:\/\/ranoja.ee\/"},{"@type":"ListItem","position":2,"name":"Shop","item":"https:\/\/ranoja.ee\/en\/shop\/"},{"@type":"ListItem","position":3,"name":"Plaastriautomaat Salvequick, 6036+6444 plaastritega, Cederroth"}]},{"@type":"WebSite","@id":"https:\/\/ranoja.ee\/#website","url":"https:\/\/ranoja.ee\/","name":"Ranoja","description":"Equipment Shop WooCommerce WordPress Theme for Machine &amp; Tools","publisher":{"@id":"https:\/\/ranoja.ee\/#organization"},"potentialAction":[{"@type":"SearchAction","target":{"@type":"EntryPoint","urlTemplate":"https:\/\/ranoja.ee\/?s={search_term_string}"},"query-input":{"@type":"PropertyValueSpecification","valueRequired":true,"valueName":"search_term_string"}}],"inLanguage":"en-US"},{"@type":"Organization","@id":"https:\/\/ranoja.ee\/#organization","name":"Ranoja O\u00dc","url":"https:\/\/ranoja.ee\/","logo":{"@type":"ImageObject","inLanguage":"en-US","@id":"https:\/\/ranoja.ee\/#\/schema\/logo\/image\/","url":"https:\/\/ranoja.ee\/wp-content\/uploads\/2023\/11\/ranoja-Logo.png","contentUrl":"https:\/\/ranoja.ee\/wp-content\/uploads\/2023\/11\/ranoja-Logo.png","width":207,"height":58,"caption":"Ranoja O\u00dc"},"image":{"@id":"https:\/\/ranoja.ee\/#\/schema\/logo\/image\/"},"sameAs":["https:\/\/www.facebook.com\/ranoja.ee","https:\/\/www.instagram.com\/ranoja__\/"]}]}},"_links":{"self":[{"href":"https:\/\/ranoja.ee\/en\/wp-json\/wp\/v2\/product\/58352","targetHints":{"allow":["GET"]}}],"collection":[{"href":"https:\/\/ranoja.ee\/en\/wp-json\/wp\/v2\/product"}],"about":[{"href":"https:\/\/ranoja.ee\/en\/wp-json\/wp\/v2\/types\/product"}],"wp:featuredmedia":[{"embeddable":true,"href":"https:\/\/ranoja.ee\/en\/wp-json\/wp\/v2\/media\/58353"}],"wp:attachment":[{"href":"https:\/\/ranoja.ee\/en\/wp-json\/wp\/v2\/media?parent=58352"}],"wp:term":[{"taxonomy":"product_cat","embeddable":true,"href":"https:\/\/ranoja.ee\/en\/wp-json\/wp\/v2\/product_cat?post=58352"},{"taxonomy":"product_tag","embeddable":true,"href":"https:\/\/ranoja.ee\/en\/wp-json\/wp\/v2\/product_tag?post=58352"}],"curies":[{"name":"wp","href":"https:\/\/api.w.org\/{rel}","templated":true}]}}