{"id":58348,"date":"2026-03-17T01:58:32","date_gmt":"2026-03-16T22:58:32","guid":{"rendered":"https:\/\/ranoja.ee\/toode\/kindad-loikekindluse-tase-d-nitriil-kattega-peopesa-hall-9-delta-plus\/"},"modified":"2026-03-17T15:43:45","modified_gmt":"2026-03-17T12:43:45","slug":"kindad-loikekindluse-tase-d-nitriil-kattega-peopesa-hall-9-delta-plus","status":"publish","type":"product","link":"https:\/\/ranoja.ee\/en\/toode\/kindad-loikekindluse-tase-d-nitriil-kattega-peopesa-hall-9-delta-plus\/","title":{"rendered":"Kindad, l\u00f5ikekindluse tase D, nitriil-kattega peopesa, hall 9, Delta Plus"},"content":{"rendered":"","protected":false},"excerpt":{"rendered":"<p>Tase D l\u00f5ikekindel kinnas, mis pakub \u00e4\u00e4rmiselt head k\u00e4sitsemismugavust, sobib ideaalselt kasutamiseks \u00f5lises ja rasvases keskkonnas.<br \/>\nT\u00e4iuslik sobivus, et kasutajad ei tunneks randme piirkonnas ebamugavust pikaajalisel kasutamisel.<br \/>\nKerge kaal tagab optimaalse osavuse.<br \/>\nPol\u00fcuretaankatte libisemisvastased omadused tagavad hea haarde.<br \/>\nTugi: Kootud \u2013 Nailon \u2013 PEHD \u2013 Spandex<br \/>\nKate: Haardetekstuuriga nitriil \u2013 Peopesa kattega<br \/>\nTugevused: P\u00f6idla ja nimetiss\u00f5rme vahel<br \/>\nKudumisaste: 21<\/p>\n<p>EN 388 &#8211; 3 2 4 2 D<br \/>\nANSI ISEA 105 &#8211; A4<\/p>\n","protected":false},"featured_media":58349,"template":"","meta":{"inline_featured_image":false},"product_cat":[5022,5029,5023],"product_tag":[],"class_list":{"0":"post-58348","1":"product","2":"type-product","3":"status-publish","4":"has-post-thumbnail","6":"product_brand-delta-plus","7":"product_cat-isikukaitsevahendid","8":"product_cat-tekstiilist-tookindad","9":"product_cat-tookindad","11":"first","12":"outofstock","13":"purchasable","14":"product-type-simple"},"yoast_head":"<!-- This site is optimized with the Yoast SEO plugin v27.4 - https:\/\/yoast.com\/product\/yoast-seo-wordpress\/ -->\n<title>Kindad, l\u00f5ikekindluse tase D, nitriil-kattega peopesa, hall 9, Delta Plus - Ranoja<\/title>\n<meta name=\"robots\" content=\"index, follow, max-snippet:-1, max-image-preview:large, max-video-preview:-1\" \/>\n<link rel=\"canonical\" href=\"https:\/\/ranoja.ee\/toode\/kindad-loikekindluse-tase-d-nitriil-kattega-peopesa-hall-9-delta-plus\/\" \/>\n<meta property=\"og:locale\" content=\"en_US\" \/>\n<meta property=\"og:type\" content=\"article\" \/>\n<meta property=\"og:title\" content=\"Kindad, l\u00f5ikekindluse tase D, nitriil-kattega peopesa, hall 9, Delta Plus - Ranoja\" \/>\n<meta property=\"og:description\" content=\"Tase D l\u00f5ikekindel kinnas, mis pakub \u00e4\u00e4rmiselt head k\u00e4sitsemismugavust, sobib ideaalselt kasutamiseks \u00f5lises ja rasvases keskkonnas. T\u00e4iuslik sobivus, et kasutajad ei tunneks randme piirkonnas ebamugavust pikaajalisel kasutamisel. Kerge kaal tagab optimaalse osavuse. Pol\u00fcuretaankatte libisemisvastased omadused tagavad hea haarde. Tugi: Kootud \u2013 Nailon \u2013 PEHD \u2013 Spandex Kate: Haardetekstuuriga nitriil \u2013 Peopesa kattega Tugevused: P\u00f6idla ja nimetiss\u00f5rme vahel Kudumisaste: 21 EN 388 - 3 2 4 2 D ANSI ISEA 105 - A4\" \/>\n<meta property=\"og:url\" content=\"https:\/\/ranoja.ee\/toode\/kindad-loikekindluse-tase-d-nitriil-kattega-peopesa-hall-9-delta-plus\/\" \/>\n<meta property=\"og:site_name\" content=\"Ranoja\" \/>\n<meta property=\"article:publisher\" content=\"https:\/\/www.facebook.com\/ranoja.ee\" \/>\n<meta property=\"article:modified_time\" content=\"2026-03-17T12:43:45+00:00\" \/>\n<meta property=\"og:image\" content=\"https:\/\/ranoja.ee\/wp-content\/uploads\/2026\/03\/5637822725.png\" \/>\n\t<meta property=\"og:image:width\" content=\"214\" \/>\n\t<meta property=\"og:image:height\" content=\"463\" \/>\n\t<meta property=\"og:image:type\" content=\"image\/png\" \/>\n<meta name=\"twitter:card\" content=\"summary_large_image\" \/>\n<script type=\"application\/ld+json\" class=\"yoast-schema-graph\">{\"@context\":\"https:\\\/\\\/schema.org\",\"@graph\":[{\"@type\":\"WebPage\",\"@id\":\"https:\\\/\\\/ranoja.ee\\\/toode\\\/kindad-loikekindluse-tase-d-nitriil-kattega-peopesa-hall-9-delta-plus\\\/\",\"url\":\"https:\\\/\\\/ranoja.ee\\\/toode\\\/kindad-loikekindluse-tase-d-nitriil-kattega-peopesa-hall-9-delta-plus\\\/\",\"name\":\"Kindad, l\u00f5ikekindluse tase D, nitriil-kattega peopesa, hall 9, Delta Plus - Ranoja\",\"isPartOf\":{\"@id\":\"https:\\\/\\\/ranoja.ee\\\/#website\"},\"primaryImageOfPage\":{\"@id\":\"https:\\\/\\\/ranoja.ee\\\/toode\\\/kindad-loikekindluse-tase-d-nitriil-kattega-peopesa-hall-9-delta-plus\\\/#primaryimage\"},\"image\":{\"@id\":\"https:\\\/\\\/ranoja.ee\\\/toode\\\/kindad-loikekindluse-tase-d-nitriil-kattega-peopesa-hall-9-delta-plus\\\/#primaryimage\"},\"thumbnailUrl\":\"https:\\\/\\\/ranoja.ee\\\/wp-content\\\/uploads\\\/2026\\\/03\\\/5637822725.png\",\"datePublished\":\"2026-03-16T22:58:32+00:00\",\"dateModified\":\"2026-03-17T12:43:45+00:00\",\"breadcrumb\":{\"@id\":\"https:\\\/\\\/ranoja.ee\\\/toode\\\/kindad-loikekindluse-tase-d-nitriil-kattega-peopesa-hall-9-delta-plus\\\/#breadcrumb\"},\"inLanguage\":\"en-US\",\"potentialAction\":[{\"@type\":\"ReadAction\",\"target\":[\"https:\\\/\\\/ranoja.ee\\\/toode\\\/kindad-loikekindluse-tase-d-nitriil-kattega-peopesa-hall-9-delta-plus\\\/\"]}]},{\"@type\":\"ImageObject\",\"inLanguage\":\"en-US\",\"@id\":\"https:\\\/\\\/ranoja.ee\\\/toode\\\/kindad-loikekindluse-tase-d-nitriil-kattega-peopesa-hall-9-delta-plus\\\/#primaryimage\",\"url\":\"https:\\\/\\\/ranoja.ee\\\/wp-content\\\/uploads\\\/2026\\\/03\\\/5637822725.png\",\"contentUrl\":\"https:\\\/\\\/ranoja.ee\\\/wp-content\\\/uploads\\\/2026\\\/03\\\/5637822725.png\",\"width\":214,\"height\":463},{\"@type\":\"BreadcrumbList\",\"@id\":\"https:\\\/\\\/ranoja.ee\\\/toode\\\/kindad-loikekindluse-tase-d-nitriil-kattega-peopesa-hall-9-delta-plus\\\/#breadcrumb\",\"itemListElement\":[{\"@type\":\"ListItem\",\"position\":1,\"name\":\"Home\",\"item\":\"https:\\\/\\\/ranoja.ee\\\/\"},{\"@type\":\"ListItem\",\"position\":2,\"name\":\"Shop\",\"item\":\"https:\\\/\\\/ranoja.ee\\\/en\\\/shop\\\/\"},{\"@type\":\"ListItem\",\"position\":3,\"name\":\"Kindad, l\u00f5ikekindluse tase D, nitriil-kattega peopesa, hall 9, Delta Plus\"}]},{\"@type\":\"WebSite\",\"@id\":\"https:\\\/\\\/ranoja.ee\\\/#website\",\"url\":\"https:\\\/\\\/ranoja.ee\\\/\",\"name\":\"Ranoja\",\"description\":\"Equipment Shop WooCommerce WordPress Theme for Machine &amp; Tools\",\"publisher\":{\"@id\":\"https:\\\/\\\/ranoja.ee\\\/#organization\"},\"potentialAction\":[{\"@type\":\"SearchAction\",\"target\":{\"@type\":\"EntryPoint\",\"urlTemplate\":\"https:\\\/\\\/ranoja.ee\\\/?s={search_term_string}\"},\"query-input\":{\"@type\":\"PropertyValueSpecification\",\"valueRequired\":true,\"valueName\":\"search_term_string\"}}],\"inLanguage\":\"en-US\"},{\"@type\":\"Organization\",\"@id\":\"https:\\\/\\\/ranoja.ee\\\/#organization\",\"name\":\"Ranoja O\u00dc\",\"url\":\"https:\\\/\\\/ranoja.ee\\\/\",\"logo\":{\"@type\":\"ImageObject\",\"inLanguage\":\"en-US\",\"@id\":\"https:\\\/\\\/ranoja.ee\\\/#\\\/schema\\\/logo\\\/image\\\/\",\"url\":\"https:\\\/\\\/ranoja.ee\\\/wp-content\\\/uploads\\\/2023\\\/11\\\/ranoja-Logo.png\",\"contentUrl\":\"https:\\\/\\\/ranoja.ee\\\/wp-content\\\/uploads\\\/2023\\\/11\\\/ranoja-Logo.png\",\"width\":207,\"height\":58,\"caption\":\"Ranoja O\u00dc\"},\"image\":{\"@id\":\"https:\\\/\\\/ranoja.ee\\\/#\\\/schema\\\/logo\\\/image\\\/\"},\"sameAs\":[\"https:\\\/\\\/www.facebook.com\\\/ranoja.ee\",\"https:\\\/\\\/www.instagram.com\\\/ranoja__\\\/\"]}]}<\/script>\n<!-- \/ Yoast SEO plugin. -->","yoast_head_json":{"title":"Kindad, l\u00f5ikekindluse tase D, nitriil-kattega peopesa, hall 9, Delta Plus - Ranoja","robots":{"index":"index","follow":"follow","max-snippet":"max-snippet:-1","max-image-preview":"max-image-preview:large","max-video-preview":"max-video-preview:-1"},"canonical":"https:\/\/ranoja.ee\/toode\/kindad-loikekindluse-tase-d-nitriil-kattega-peopesa-hall-9-delta-plus\/","og_locale":"en_US","og_type":"article","og_title":"Kindad, l\u00f5ikekindluse tase D, nitriil-kattega peopesa, hall 9, Delta Plus - Ranoja","og_description":"Tase D l\u00f5ikekindel kinnas, mis pakub \u00e4\u00e4rmiselt head k\u00e4sitsemismugavust, sobib ideaalselt kasutamiseks \u00f5lises ja rasvases keskkonnas. T\u00e4iuslik sobivus, et kasutajad ei tunneks randme piirkonnas ebamugavust pikaajalisel kasutamisel. Kerge kaal tagab optimaalse osavuse. Pol\u00fcuretaankatte libisemisvastased omadused tagavad hea haarde. Tugi: Kootud \u2013 Nailon \u2013 PEHD \u2013 Spandex Kate: Haardetekstuuriga nitriil \u2013 Peopesa kattega Tugevused: P\u00f6idla ja nimetiss\u00f5rme vahel Kudumisaste: 21 EN 388 - 3 2 4 2 D ANSI ISEA 105 - A4","og_url":"https:\/\/ranoja.ee\/toode\/kindad-loikekindluse-tase-d-nitriil-kattega-peopesa-hall-9-delta-plus\/","og_site_name":"Ranoja","article_publisher":"https:\/\/www.facebook.com\/ranoja.ee","article_modified_time":"2026-03-17T12:43:45+00:00","og_image":[{"width":214,"height":463,"url":"https:\/\/ranoja.ee\/wp-content\/uploads\/2026\/03\/5637822725.png","type":"image\/png"}],"twitter_card":"summary_large_image","schema":{"@context":"https:\/\/schema.org","@graph":[{"@type":"WebPage","@id":"https:\/\/ranoja.ee\/toode\/kindad-loikekindluse-tase-d-nitriil-kattega-peopesa-hall-9-delta-plus\/","url":"https:\/\/ranoja.ee\/toode\/kindad-loikekindluse-tase-d-nitriil-kattega-peopesa-hall-9-delta-plus\/","name":"Kindad, l\u00f5ikekindluse tase D, nitriil-kattega peopesa, hall 9, Delta Plus - Ranoja","isPartOf":{"@id":"https:\/\/ranoja.ee\/#website"},"primaryImageOfPage":{"@id":"https:\/\/ranoja.ee\/toode\/kindad-loikekindluse-tase-d-nitriil-kattega-peopesa-hall-9-delta-plus\/#primaryimage"},"image":{"@id":"https:\/\/ranoja.ee\/toode\/kindad-loikekindluse-tase-d-nitriil-kattega-peopesa-hall-9-delta-plus\/#primaryimage"},"thumbnailUrl":"https:\/\/ranoja.ee\/wp-content\/uploads\/2026\/03\/5637822725.png","datePublished":"2026-03-16T22:58:32+00:00","dateModified":"2026-03-17T12:43:45+00:00","breadcrumb":{"@id":"https:\/\/ranoja.ee\/toode\/kindad-loikekindluse-tase-d-nitriil-kattega-peopesa-hall-9-delta-plus\/#breadcrumb"},"inLanguage":"en-US","potentialAction":[{"@type":"ReadAction","target":["https:\/\/ranoja.ee\/toode\/kindad-loikekindluse-tase-d-nitriil-kattega-peopesa-hall-9-delta-plus\/"]}]},{"@type":"ImageObject","inLanguage":"en-US","@id":"https:\/\/ranoja.ee\/toode\/kindad-loikekindluse-tase-d-nitriil-kattega-peopesa-hall-9-delta-plus\/#primaryimage","url":"https:\/\/ranoja.ee\/wp-content\/uploads\/2026\/03\/5637822725.png","contentUrl":"https:\/\/ranoja.ee\/wp-content\/uploads\/2026\/03\/5637822725.png","width":214,"height":463},{"@type":"BreadcrumbList","@id":"https:\/\/ranoja.ee\/toode\/kindad-loikekindluse-tase-d-nitriil-kattega-peopesa-hall-9-delta-plus\/#breadcrumb","itemListElement":[{"@type":"ListItem","position":1,"name":"Home","item":"https:\/\/ranoja.ee\/"},{"@type":"ListItem","position":2,"name":"Shop","item":"https:\/\/ranoja.ee\/en\/shop\/"},{"@type":"ListItem","position":3,"name":"Kindad, l\u00f5ikekindluse tase D, nitriil-kattega peopesa, hall 9, Delta Plus"}]},{"@type":"WebSite","@id":"https:\/\/ranoja.ee\/#website","url":"https:\/\/ranoja.ee\/","name":"Ranoja","description":"Equipment Shop WooCommerce WordPress Theme for Machine &amp; Tools","publisher":{"@id":"https:\/\/ranoja.ee\/#organization"},"potentialAction":[{"@type":"SearchAction","target":{"@type":"EntryPoint","urlTemplate":"https:\/\/ranoja.ee\/?s={search_term_string}"},"query-input":{"@type":"PropertyValueSpecification","valueRequired":true,"valueName":"search_term_string"}}],"inLanguage":"en-US"},{"@type":"Organization","@id":"https:\/\/ranoja.ee\/#organization","name":"Ranoja O\u00dc","url":"https:\/\/ranoja.ee\/","logo":{"@type":"ImageObject","inLanguage":"en-US","@id":"https:\/\/ranoja.ee\/#\/schema\/logo\/image\/","url":"https:\/\/ranoja.ee\/wp-content\/uploads\/2023\/11\/ranoja-Logo.png","contentUrl":"https:\/\/ranoja.ee\/wp-content\/uploads\/2023\/11\/ranoja-Logo.png","width":207,"height":58,"caption":"Ranoja O\u00dc"},"image":{"@id":"https:\/\/ranoja.ee\/#\/schema\/logo\/image\/"},"sameAs":["https:\/\/www.facebook.com\/ranoja.ee","https:\/\/www.instagram.com\/ranoja__\/"]}]}},"_links":{"self":[{"href":"https:\/\/ranoja.ee\/en\/wp-json\/wp\/v2\/product\/58348","targetHints":{"allow":["GET"]}}],"collection":[{"href":"https:\/\/ranoja.ee\/en\/wp-json\/wp\/v2\/product"}],"about":[{"href":"https:\/\/ranoja.ee\/en\/wp-json\/wp\/v2\/types\/product"}],"wp:featuredmedia":[{"embeddable":true,"href":"https:\/\/ranoja.ee\/en\/wp-json\/wp\/v2\/media\/58349"}],"wp:attachment":[{"href":"https:\/\/ranoja.ee\/en\/wp-json\/wp\/v2\/media?parent=58348"}],"wp:term":[{"taxonomy":"product_cat","embeddable":true,"href":"https:\/\/ranoja.ee\/en\/wp-json\/wp\/v2\/product_cat?post=58348"},{"taxonomy":"product_tag","embeddable":true,"href":"https:\/\/ranoja.ee\/en\/wp-json\/wp\/v2\/product_tag?post=58348"}],"curies":[{"name":"wp","href":"https:\/\/api.w.org\/{rel}","templated":true}]}}