{"id":58340,"date":"2026-03-17T01:58:32","date_gmt":"2026-03-16T22:58:32","guid":{"rendered":"https:\/\/ranoja.ee\/toode\/seguoli-2t-racing-oil-1l-valvoline\/"},"modified":"2026-03-17T15:43:45","modified_gmt":"2026-03-17T12:43:45","slug":"seguoli-2t-racing-oil-1l-valvoline","status":"publish","type":"product","link":"https:\/\/ranoja.ee\/en\/toode\/seguoli-2t-racing-oil-1l-valvoline\/","title":{"rendered":"Segu\u00f5li 2T Racing Oil 1L, Valvoline"},"content":{"rendered":"","protected":false},"excerpt":{"rendered":"<p>Madala suitsutasemega t\u00e4iss\u00fcntees \u00f5li 2-taktilistele  v\u00f5idus\u00f5idu mootritele.<br \/>\nSpetsiaalselt v\u00e4ljat\u00f6\u00f6tatud ning testitud tagamaks kaitse ka k\u00f5ige <br \/>\nkarmimates  v\u00f5istlustingimustes.<br \/>\nMaksimaalne kaitse ekstreemsetel p\u00f6\u00f6retel ja temperatuuridel.<br \/>\nPuhas, j\u00e4\u00e4gitu p\u00f5lemine tagamaks mootorile maksimaalne kiirendus<br \/>\nja v\u00f5imsus.Suurep\u00e4rane kasutamiseks k\u00f5rgep\u00f6\u00f6rdelistele mootoritele.Testitud ning sobib kasutamiseks v\u00e4ga erinavatele v\u00f5istlusmootoritele <br \/>\nnagu kartautod, motokross, motoringrada, jetid, mootorkelgud, <br \/>\nEi sobi metanoolil t\u00f6\u00f6tavatele 2-taktilistele  mootoritele. Ainult kanistris eelsegamiseks. V\u00e4rvitud siniseks paremaks k\u00fctusesegu identifitseerimiseks. Ei sobi sissepritse ja isesegunevatele s\u00fcsteemidele.<br \/>\nKvaliteediklassid\/ Heakskiidud:<br \/>\nCIK\/FIA approved<br \/>\nSAE 50<\/p>\n","protected":false},"featured_media":58341,"template":"","meta":{"inline_featured_image":false},"product_cat":[5015,5080,5012],"product_tag":[],"class_list":{"0":"post-58340","1":"product","2":"type-product","3":"status-publish","4":"has-post-thumbnail","6":"product_brand-valvoline","7":"product_cat-2t-ja-4t-vaikemootorite-olid","8":"product_cat-2t-ja-4t-vaikemootorite-taissunteetilised-olid","9":"product_cat-olid-ja-maardeained","11":"first","12":"instock","13":"purchasable","14":"product-type-simple"},"yoast_head":"<!-- This site is optimized with the Yoast SEO plugin v27.4 - https:\/\/yoast.com\/product\/yoast-seo-wordpress\/ -->\n<title>Segu\u00f5li 2T Racing Oil 1L, Valvoline - Ranoja<\/title>\n<meta name=\"robots\" content=\"index, follow, max-snippet:-1, max-image-preview:large, max-video-preview:-1\" \/>\n<link rel=\"canonical\" href=\"https:\/\/ranoja.ee\/toode\/seguoli-2t-racing-oil-1l-valvoline\/\" \/>\n<meta property=\"og:locale\" content=\"en_US\" \/>\n<meta property=\"og:type\" content=\"article\" \/>\n<meta property=\"og:title\" content=\"Segu\u00f5li 2T Racing Oil 1L, Valvoline - Ranoja\" \/>\n<meta property=\"og:description\" content=\"Madala suitsutasemega t\u00e4iss\u00fcntees \u00f5li 2-taktilistele v\u00f5idus\u00f5idu mootritele. Spetsiaalselt v\u00e4ljat\u00f6\u00f6tatud ning testitud tagamaks kaitse ka k\u00f5ige karmimates v\u00f5istlustingimustes. Maksimaalne kaitse ekstreemsetel p\u00f6\u00f6retel ja temperatuuridel. Puhas, j\u00e4\u00e4gitu p\u00f5lemine tagamaks mootorile maksimaalne kiirendus ja v\u00f5imsus.Suurep\u00e4rane kasutamiseks k\u00f5rgep\u00f6\u00f6rdelistele mootoritele.Testitud ning sobib kasutamiseks v\u00e4ga erinavatele v\u00f5istlusmootoritele nagu kartautod, motokross, motoringrada, jetid, mootorkelgud, Ei sobi metanoolil t\u00f6\u00f6tavatele 2-taktilistele mootoritele. Ainult kanistris eelsegamiseks. V\u00e4rvitud siniseks paremaks k\u00fctusesegu identifitseerimiseks. Ei sobi sissepritse ja isesegunevatele s\u00fcsteemidele. Kvaliteediklassid\/ Heakskiidud: CIK\/FIA approved SAE 50\" \/>\n<meta property=\"og:url\" content=\"https:\/\/ranoja.ee\/toode\/seguoli-2t-racing-oil-1l-valvoline\/\" \/>\n<meta property=\"og:site_name\" content=\"Ranoja\" \/>\n<meta property=\"article:publisher\" content=\"https:\/\/www.facebook.com\/ranoja.ee\" \/>\n<meta property=\"article:modified_time\" content=\"2026-03-17T12:43:45+00:00\" \/>\n<meta property=\"og:image\" content=\"https:\/\/ranoja.ee\/wp-content\/uploads\/2026\/03\/130312040.jpg\" \/>\n\t<meta property=\"og:image:width\" content=\"385\" \/>\n\t<meta property=\"og:image:height\" content=\"768\" \/>\n\t<meta property=\"og:image:type\" content=\"image\/jpeg\" \/>\n<meta name=\"twitter:card\" content=\"summary_large_image\" \/>\n<script type=\"application\/ld+json\" class=\"yoast-schema-graph\">{\"@context\":\"https:\\\/\\\/schema.org\",\"@graph\":[{\"@type\":\"WebPage\",\"@id\":\"https:\\\/\\\/ranoja.ee\\\/toode\\\/seguoli-2t-racing-oil-1l-valvoline\\\/\",\"url\":\"https:\\\/\\\/ranoja.ee\\\/toode\\\/seguoli-2t-racing-oil-1l-valvoline\\\/\",\"name\":\"Segu\u00f5li 2T Racing Oil 1L, Valvoline - Ranoja\",\"isPartOf\":{\"@id\":\"https:\\\/\\\/ranoja.ee\\\/#website\"},\"primaryImageOfPage\":{\"@id\":\"https:\\\/\\\/ranoja.ee\\\/toode\\\/seguoli-2t-racing-oil-1l-valvoline\\\/#primaryimage\"},\"image\":{\"@id\":\"https:\\\/\\\/ranoja.ee\\\/toode\\\/seguoli-2t-racing-oil-1l-valvoline\\\/#primaryimage\"},\"thumbnailUrl\":\"https:\\\/\\\/ranoja.ee\\\/wp-content\\\/uploads\\\/2026\\\/03\\\/130312040.jpg\",\"datePublished\":\"2026-03-16T22:58:32+00:00\",\"dateModified\":\"2026-03-17T12:43:45+00:00\",\"breadcrumb\":{\"@id\":\"https:\\\/\\\/ranoja.ee\\\/toode\\\/seguoli-2t-racing-oil-1l-valvoline\\\/#breadcrumb\"},\"inLanguage\":\"en-US\",\"potentialAction\":[{\"@type\":\"ReadAction\",\"target\":[\"https:\\\/\\\/ranoja.ee\\\/toode\\\/seguoli-2t-racing-oil-1l-valvoline\\\/\"]}]},{\"@type\":\"ImageObject\",\"inLanguage\":\"en-US\",\"@id\":\"https:\\\/\\\/ranoja.ee\\\/toode\\\/seguoli-2t-racing-oil-1l-valvoline\\\/#primaryimage\",\"url\":\"https:\\\/\\\/ranoja.ee\\\/wp-content\\\/uploads\\\/2026\\\/03\\\/130312040.jpg\",\"contentUrl\":\"https:\\\/\\\/ranoja.ee\\\/wp-content\\\/uploads\\\/2026\\\/03\\\/130312040.jpg\",\"width\":385,\"height\":768},{\"@type\":\"BreadcrumbList\",\"@id\":\"https:\\\/\\\/ranoja.ee\\\/toode\\\/seguoli-2t-racing-oil-1l-valvoline\\\/#breadcrumb\",\"itemListElement\":[{\"@type\":\"ListItem\",\"position\":1,\"name\":\"Home\",\"item\":\"https:\\\/\\\/ranoja.ee\\\/\"},{\"@type\":\"ListItem\",\"position\":2,\"name\":\"Shop\",\"item\":\"https:\\\/\\\/ranoja.ee\\\/en\\\/shop\\\/\"},{\"@type\":\"ListItem\",\"position\":3,\"name\":\"Segu\u00f5li 2T Racing Oil 1L, Valvoline\"}]},{\"@type\":\"WebSite\",\"@id\":\"https:\\\/\\\/ranoja.ee\\\/#website\",\"url\":\"https:\\\/\\\/ranoja.ee\\\/\",\"name\":\"Ranoja\",\"description\":\"Equipment Shop WooCommerce WordPress Theme for Machine &amp; Tools\",\"publisher\":{\"@id\":\"https:\\\/\\\/ranoja.ee\\\/#organization\"},\"potentialAction\":[{\"@type\":\"SearchAction\",\"target\":{\"@type\":\"EntryPoint\",\"urlTemplate\":\"https:\\\/\\\/ranoja.ee\\\/?s={search_term_string}\"},\"query-input\":{\"@type\":\"PropertyValueSpecification\",\"valueRequired\":true,\"valueName\":\"search_term_string\"}}],\"inLanguage\":\"en-US\"},{\"@type\":\"Organization\",\"@id\":\"https:\\\/\\\/ranoja.ee\\\/#organization\",\"name\":\"Ranoja O\u00dc\",\"url\":\"https:\\\/\\\/ranoja.ee\\\/\",\"logo\":{\"@type\":\"ImageObject\",\"inLanguage\":\"en-US\",\"@id\":\"https:\\\/\\\/ranoja.ee\\\/#\\\/schema\\\/logo\\\/image\\\/\",\"url\":\"https:\\\/\\\/ranoja.ee\\\/wp-content\\\/uploads\\\/2023\\\/11\\\/ranoja-Logo.png\",\"contentUrl\":\"https:\\\/\\\/ranoja.ee\\\/wp-content\\\/uploads\\\/2023\\\/11\\\/ranoja-Logo.png\",\"width\":207,\"height\":58,\"caption\":\"Ranoja O\u00dc\"},\"image\":{\"@id\":\"https:\\\/\\\/ranoja.ee\\\/#\\\/schema\\\/logo\\\/image\\\/\"},\"sameAs\":[\"https:\\\/\\\/www.facebook.com\\\/ranoja.ee\",\"https:\\\/\\\/www.instagram.com\\\/ranoja__\\\/\"]}]}<\/script>\n<!-- \/ Yoast SEO plugin. -->","yoast_head_json":{"title":"Segu\u00f5li 2T Racing Oil 1L, Valvoline - Ranoja","robots":{"index":"index","follow":"follow","max-snippet":"max-snippet:-1","max-image-preview":"max-image-preview:large","max-video-preview":"max-video-preview:-1"},"canonical":"https:\/\/ranoja.ee\/toode\/seguoli-2t-racing-oil-1l-valvoline\/","og_locale":"en_US","og_type":"article","og_title":"Segu\u00f5li 2T Racing Oil 1L, Valvoline - Ranoja","og_description":"Madala suitsutasemega t\u00e4iss\u00fcntees \u00f5li 2-taktilistele v\u00f5idus\u00f5idu mootritele. Spetsiaalselt v\u00e4ljat\u00f6\u00f6tatud ning testitud tagamaks kaitse ka k\u00f5ige karmimates v\u00f5istlustingimustes. Maksimaalne kaitse ekstreemsetel p\u00f6\u00f6retel ja temperatuuridel. Puhas, j\u00e4\u00e4gitu p\u00f5lemine tagamaks mootorile maksimaalne kiirendus ja v\u00f5imsus.Suurep\u00e4rane kasutamiseks k\u00f5rgep\u00f6\u00f6rdelistele mootoritele.Testitud ning sobib kasutamiseks v\u00e4ga erinavatele v\u00f5istlusmootoritele nagu kartautod, motokross, motoringrada, jetid, mootorkelgud, Ei sobi metanoolil t\u00f6\u00f6tavatele 2-taktilistele mootoritele. Ainult kanistris eelsegamiseks. V\u00e4rvitud siniseks paremaks k\u00fctusesegu identifitseerimiseks. Ei sobi sissepritse ja isesegunevatele s\u00fcsteemidele. Kvaliteediklassid\/ Heakskiidud: CIK\/FIA approved SAE 50","og_url":"https:\/\/ranoja.ee\/toode\/seguoli-2t-racing-oil-1l-valvoline\/","og_site_name":"Ranoja","article_publisher":"https:\/\/www.facebook.com\/ranoja.ee","article_modified_time":"2026-03-17T12:43:45+00:00","og_image":[{"width":385,"height":768,"url":"https:\/\/ranoja.ee\/wp-content\/uploads\/2026\/03\/130312040.jpg","type":"image\/jpeg"}],"twitter_card":"summary_large_image","schema":{"@context":"https:\/\/schema.org","@graph":[{"@type":"WebPage","@id":"https:\/\/ranoja.ee\/toode\/seguoli-2t-racing-oil-1l-valvoline\/","url":"https:\/\/ranoja.ee\/toode\/seguoli-2t-racing-oil-1l-valvoline\/","name":"Segu\u00f5li 2T Racing Oil 1L, Valvoline - Ranoja","isPartOf":{"@id":"https:\/\/ranoja.ee\/#website"},"primaryImageOfPage":{"@id":"https:\/\/ranoja.ee\/toode\/seguoli-2t-racing-oil-1l-valvoline\/#primaryimage"},"image":{"@id":"https:\/\/ranoja.ee\/toode\/seguoli-2t-racing-oil-1l-valvoline\/#primaryimage"},"thumbnailUrl":"https:\/\/ranoja.ee\/wp-content\/uploads\/2026\/03\/130312040.jpg","datePublished":"2026-03-16T22:58:32+00:00","dateModified":"2026-03-17T12:43:45+00:00","breadcrumb":{"@id":"https:\/\/ranoja.ee\/toode\/seguoli-2t-racing-oil-1l-valvoline\/#breadcrumb"},"inLanguage":"en-US","potentialAction":[{"@type":"ReadAction","target":["https:\/\/ranoja.ee\/toode\/seguoli-2t-racing-oil-1l-valvoline\/"]}]},{"@type":"ImageObject","inLanguage":"en-US","@id":"https:\/\/ranoja.ee\/toode\/seguoli-2t-racing-oil-1l-valvoline\/#primaryimage","url":"https:\/\/ranoja.ee\/wp-content\/uploads\/2026\/03\/130312040.jpg","contentUrl":"https:\/\/ranoja.ee\/wp-content\/uploads\/2026\/03\/130312040.jpg","width":385,"height":768},{"@type":"BreadcrumbList","@id":"https:\/\/ranoja.ee\/toode\/seguoli-2t-racing-oil-1l-valvoline\/#breadcrumb","itemListElement":[{"@type":"ListItem","position":1,"name":"Home","item":"https:\/\/ranoja.ee\/"},{"@type":"ListItem","position":2,"name":"Shop","item":"https:\/\/ranoja.ee\/en\/shop\/"},{"@type":"ListItem","position":3,"name":"Segu\u00f5li 2T Racing Oil 1L, Valvoline"}]},{"@type":"WebSite","@id":"https:\/\/ranoja.ee\/#website","url":"https:\/\/ranoja.ee\/","name":"Ranoja","description":"Equipment Shop WooCommerce WordPress Theme for Machine &amp; Tools","publisher":{"@id":"https:\/\/ranoja.ee\/#organization"},"potentialAction":[{"@type":"SearchAction","target":{"@type":"EntryPoint","urlTemplate":"https:\/\/ranoja.ee\/?s={search_term_string}"},"query-input":{"@type":"PropertyValueSpecification","valueRequired":true,"valueName":"search_term_string"}}],"inLanguage":"en-US"},{"@type":"Organization","@id":"https:\/\/ranoja.ee\/#organization","name":"Ranoja O\u00dc","url":"https:\/\/ranoja.ee\/","logo":{"@type":"ImageObject","inLanguage":"en-US","@id":"https:\/\/ranoja.ee\/#\/schema\/logo\/image\/","url":"https:\/\/ranoja.ee\/wp-content\/uploads\/2023\/11\/ranoja-Logo.png","contentUrl":"https:\/\/ranoja.ee\/wp-content\/uploads\/2023\/11\/ranoja-Logo.png","width":207,"height":58,"caption":"Ranoja O\u00dc"},"image":{"@id":"https:\/\/ranoja.ee\/#\/schema\/logo\/image\/"},"sameAs":["https:\/\/www.facebook.com\/ranoja.ee","https:\/\/www.instagram.com\/ranoja__\/"]}]}},"_links":{"self":[{"href":"https:\/\/ranoja.ee\/en\/wp-json\/wp\/v2\/product\/58340","targetHints":{"allow":["GET"]}}],"collection":[{"href":"https:\/\/ranoja.ee\/en\/wp-json\/wp\/v2\/product"}],"about":[{"href":"https:\/\/ranoja.ee\/en\/wp-json\/wp\/v2\/types\/product"}],"wp:featuredmedia":[{"embeddable":true,"href":"https:\/\/ranoja.ee\/en\/wp-json\/wp\/v2\/media\/58341"}],"wp:attachment":[{"href":"https:\/\/ranoja.ee\/en\/wp-json\/wp\/v2\/media?parent=58340"}],"wp:term":[{"taxonomy":"product_cat","embeddable":true,"href":"https:\/\/ranoja.ee\/en\/wp-json\/wp\/v2\/product_cat?post=58340"},{"taxonomy":"product_tag","embeddable":true,"href":"https:\/\/ranoja.ee\/en\/wp-json\/wp\/v2\/product_tag?post=58340"}],"curies":[{"name":"wp","href":"https:\/\/api.w.org\/{rel}","templated":true}]}}