{"id":58295,"date":"2026-03-17T01:58:05","date_gmt":"2026-03-16T22:58:05","guid":{"rendered":"https:\/\/ranoja.ee\/toode\/hudrofooriga-veeautomaat-hww1000-scheppach\/"},"modified":"2026-03-17T15:43:46","modified_gmt":"2026-03-17T12:43:46","slug":"hudrofooriga-veeautomaat-hww1000-scheppach","status":"publish","type":"product","link":"https:\/\/ranoja.ee\/en\/toode\/hudrofooriga-veeautomaat-hww1000-scheppach\/","title":{"rendered":"H\u00fcdrofooriga veeautomaat HWW1000, Scheppach"},"content":{"rendered":"","protected":false},"excerpt":{"rendered":"<p>Tehnilised andmed:<br \/>\nNominaalne sisendv\u00f5imsus: 1000 W<br \/>\nV\u00f5rgupinge: 230 V<br \/>\nMaksimumtootlikkus: 4300 l\/h<br \/>\nMaksimaalne imemisk\u00f5rgus: 7 m<br \/>\nMaksimaalne t\u00f5stek\u00f5rgus: 44 m<br \/>\nMaksimumr\u00f5hk: 4,4 bar<br \/>\nMaksmaalne osakese suurus: 1mm<br \/>\nPaagi maht: 19 l<br \/>\nKaal: 11,7 kg<\/p>\n<p>Aia kastmiseks<br \/>\nSisse- ja v\u00e4ljapumpamiseks, t\u00fchjendamiseks<br \/>\nP\u00f5hjavee pumpamiseks<\/p>\n","protected":false},"featured_media":58296,"template":"","meta":{"inline_featured_image":false},"product_cat":[5085,5095,5243],"product_tag":[],"class_list":{"0":"post-58295","1":"product","2":"type-product","3":"status-publish","4":"has-post-thumbnail","6":"product_brand-scheppach","7":"product_cat-aiatehnika-ja-tooriistad","8":"product_cat-majapidamispumbad","9":"product_cat-veeautomaadid-hudrofooriga","11":"first","12":"instock","13":"purchasable","14":"product-type-simple"},"yoast_head":"<!-- This site is optimized with the Yoast SEO plugin v27.4 - https:\/\/yoast.com\/product\/yoast-seo-wordpress\/ -->\n<title>H\u00fcdrofooriga veeautomaat HWW1000, Scheppach - Ranoja<\/title>\n<meta name=\"robots\" content=\"index, follow, max-snippet:-1, max-image-preview:large, max-video-preview:-1\" \/>\n<link rel=\"canonical\" href=\"https:\/\/ranoja.ee\/toode\/hudrofooriga-veeautomaat-hww1000-scheppach\/\" \/>\n<meta property=\"og:locale\" content=\"en_US\" \/>\n<meta property=\"og:type\" content=\"article\" \/>\n<meta property=\"og:title\" content=\"H\u00fcdrofooriga veeautomaat HWW1000, Scheppach - Ranoja\" \/>\n<meta property=\"og:description\" content=\"Tehnilised andmed: Nominaalne sisendv\u00f5imsus: 1000 W V\u00f5rgupinge: 230 V Maksimumtootlikkus: 4300 l\/h Maksimaalne imemisk\u00f5rgus: 7 m Maksimaalne t\u00f5stek\u00f5rgus: 44 m Maksimumr\u00f5hk: 4,4 bar Maksmaalne osakese suurus: 1mm Paagi maht: 19 l Kaal: 11,7 kg Aia kastmiseks Sisse- ja v\u00e4ljapumpamiseks, t\u00fchjendamiseks P\u00f5hjavee pumpamiseks\" \/>\n<meta property=\"og:url\" content=\"https:\/\/ranoja.ee\/toode\/hudrofooriga-veeautomaat-hww1000-scheppach\/\" \/>\n<meta property=\"og:site_name\" content=\"Ranoja\" \/>\n<meta property=\"article:publisher\" content=\"https:\/\/www.facebook.com\/ranoja.ee\" \/>\n<meta property=\"article:modified_time\" content=\"2026-03-17T12:43:46+00:00\" \/>\n<meta property=\"og:image\" content=\"https:\/\/ranoja.ee\/wp-content\/uploads\/2026\/03\/262876689.jpeg\" \/>\n\t<meta property=\"og:image:width\" content=\"745\" \/>\n\t<meta property=\"og:image:height\" content=\"768\" \/>\n\t<meta property=\"og:image:type\" content=\"image\/jpeg\" \/>\n<meta name=\"twitter:card\" content=\"summary_large_image\" \/>\n<script type=\"application\/ld+json\" class=\"yoast-schema-graph\">{\"@context\":\"https:\\\/\\\/schema.org\",\"@graph\":[{\"@type\":\"WebPage\",\"@id\":\"https:\\\/\\\/ranoja.ee\\\/toode\\\/hudrofooriga-veeautomaat-hww1000-scheppach\\\/\",\"url\":\"https:\\\/\\\/ranoja.ee\\\/toode\\\/hudrofooriga-veeautomaat-hww1000-scheppach\\\/\",\"name\":\"H\u00fcdrofooriga veeautomaat HWW1000, Scheppach - Ranoja\",\"isPartOf\":{\"@id\":\"https:\\\/\\\/ranoja.ee\\\/#website\"},\"primaryImageOfPage\":{\"@id\":\"https:\\\/\\\/ranoja.ee\\\/toode\\\/hudrofooriga-veeautomaat-hww1000-scheppach\\\/#primaryimage\"},\"image\":{\"@id\":\"https:\\\/\\\/ranoja.ee\\\/toode\\\/hudrofooriga-veeautomaat-hww1000-scheppach\\\/#primaryimage\"},\"thumbnailUrl\":\"https:\\\/\\\/ranoja.ee\\\/wp-content\\\/uploads\\\/2026\\\/03\\\/262876689.jpeg\",\"datePublished\":\"2026-03-16T22:58:05+00:00\",\"dateModified\":\"2026-03-17T12:43:46+00:00\",\"breadcrumb\":{\"@id\":\"https:\\\/\\\/ranoja.ee\\\/toode\\\/hudrofooriga-veeautomaat-hww1000-scheppach\\\/#breadcrumb\"},\"inLanguage\":\"en-US\",\"potentialAction\":[{\"@type\":\"ReadAction\",\"target\":[\"https:\\\/\\\/ranoja.ee\\\/toode\\\/hudrofooriga-veeautomaat-hww1000-scheppach\\\/\"]}]},{\"@type\":\"ImageObject\",\"inLanguage\":\"en-US\",\"@id\":\"https:\\\/\\\/ranoja.ee\\\/toode\\\/hudrofooriga-veeautomaat-hww1000-scheppach\\\/#primaryimage\",\"url\":\"https:\\\/\\\/ranoja.ee\\\/wp-content\\\/uploads\\\/2026\\\/03\\\/262876689.jpeg\",\"contentUrl\":\"https:\\\/\\\/ranoja.ee\\\/wp-content\\\/uploads\\\/2026\\\/03\\\/262876689.jpeg\",\"width\":745,\"height\":768},{\"@type\":\"BreadcrumbList\",\"@id\":\"https:\\\/\\\/ranoja.ee\\\/toode\\\/hudrofooriga-veeautomaat-hww1000-scheppach\\\/#breadcrumb\",\"itemListElement\":[{\"@type\":\"ListItem\",\"position\":1,\"name\":\"Home\",\"item\":\"https:\\\/\\\/ranoja.ee\\\/\"},{\"@type\":\"ListItem\",\"position\":2,\"name\":\"Shop\",\"item\":\"https:\\\/\\\/ranoja.ee\\\/en\\\/shop\\\/\"},{\"@type\":\"ListItem\",\"position\":3,\"name\":\"H\u00fcdrofooriga veeautomaat HWW1000, Scheppach\"}]},{\"@type\":\"WebSite\",\"@id\":\"https:\\\/\\\/ranoja.ee\\\/#website\",\"url\":\"https:\\\/\\\/ranoja.ee\\\/\",\"name\":\"Ranoja\",\"description\":\"Equipment Shop WooCommerce WordPress Theme for Machine &amp; Tools\",\"publisher\":{\"@id\":\"https:\\\/\\\/ranoja.ee\\\/#organization\"},\"potentialAction\":[{\"@type\":\"SearchAction\",\"target\":{\"@type\":\"EntryPoint\",\"urlTemplate\":\"https:\\\/\\\/ranoja.ee\\\/?s={search_term_string}\"},\"query-input\":{\"@type\":\"PropertyValueSpecification\",\"valueRequired\":true,\"valueName\":\"search_term_string\"}}],\"inLanguage\":\"en-US\"},{\"@type\":\"Organization\",\"@id\":\"https:\\\/\\\/ranoja.ee\\\/#organization\",\"name\":\"Ranoja O\u00dc\",\"url\":\"https:\\\/\\\/ranoja.ee\\\/\",\"logo\":{\"@type\":\"ImageObject\",\"inLanguage\":\"en-US\",\"@id\":\"https:\\\/\\\/ranoja.ee\\\/#\\\/schema\\\/logo\\\/image\\\/\",\"url\":\"https:\\\/\\\/ranoja.ee\\\/wp-content\\\/uploads\\\/2023\\\/11\\\/ranoja-Logo.png\",\"contentUrl\":\"https:\\\/\\\/ranoja.ee\\\/wp-content\\\/uploads\\\/2023\\\/11\\\/ranoja-Logo.png\",\"width\":207,\"height\":58,\"caption\":\"Ranoja O\u00dc\"},\"image\":{\"@id\":\"https:\\\/\\\/ranoja.ee\\\/#\\\/schema\\\/logo\\\/image\\\/\"},\"sameAs\":[\"https:\\\/\\\/www.facebook.com\\\/ranoja.ee\",\"https:\\\/\\\/www.instagram.com\\\/ranoja__\\\/\"]}]}<\/script>\n<!-- \/ Yoast SEO plugin. -->","yoast_head_json":{"title":"H\u00fcdrofooriga veeautomaat HWW1000, Scheppach - Ranoja","robots":{"index":"index","follow":"follow","max-snippet":"max-snippet:-1","max-image-preview":"max-image-preview:large","max-video-preview":"max-video-preview:-1"},"canonical":"https:\/\/ranoja.ee\/toode\/hudrofooriga-veeautomaat-hww1000-scheppach\/","og_locale":"en_US","og_type":"article","og_title":"H\u00fcdrofooriga veeautomaat HWW1000, Scheppach - Ranoja","og_description":"Tehnilised andmed: Nominaalne sisendv\u00f5imsus: 1000 W V\u00f5rgupinge: 230 V Maksimumtootlikkus: 4300 l\/h Maksimaalne imemisk\u00f5rgus: 7 m Maksimaalne t\u00f5stek\u00f5rgus: 44 m Maksimumr\u00f5hk: 4,4 bar Maksmaalne osakese suurus: 1mm Paagi maht: 19 l Kaal: 11,7 kg Aia kastmiseks Sisse- ja v\u00e4ljapumpamiseks, t\u00fchjendamiseks P\u00f5hjavee pumpamiseks","og_url":"https:\/\/ranoja.ee\/toode\/hudrofooriga-veeautomaat-hww1000-scheppach\/","og_site_name":"Ranoja","article_publisher":"https:\/\/www.facebook.com\/ranoja.ee","article_modified_time":"2026-03-17T12:43:46+00:00","og_image":[{"width":745,"height":768,"url":"https:\/\/ranoja.ee\/wp-content\/uploads\/2026\/03\/262876689.jpeg","type":"image\/jpeg"}],"twitter_card":"summary_large_image","schema":{"@context":"https:\/\/schema.org","@graph":[{"@type":"WebPage","@id":"https:\/\/ranoja.ee\/toode\/hudrofooriga-veeautomaat-hww1000-scheppach\/","url":"https:\/\/ranoja.ee\/toode\/hudrofooriga-veeautomaat-hww1000-scheppach\/","name":"H\u00fcdrofooriga veeautomaat HWW1000, Scheppach - Ranoja","isPartOf":{"@id":"https:\/\/ranoja.ee\/#website"},"primaryImageOfPage":{"@id":"https:\/\/ranoja.ee\/toode\/hudrofooriga-veeautomaat-hww1000-scheppach\/#primaryimage"},"image":{"@id":"https:\/\/ranoja.ee\/toode\/hudrofooriga-veeautomaat-hww1000-scheppach\/#primaryimage"},"thumbnailUrl":"https:\/\/ranoja.ee\/wp-content\/uploads\/2026\/03\/262876689.jpeg","datePublished":"2026-03-16T22:58:05+00:00","dateModified":"2026-03-17T12:43:46+00:00","breadcrumb":{"@id":"https:\/\/ranoja.ee\/toode\/hudrofooriga-veeautomaat-hww1000-scheppach\/#breadcrumb"},"inLanguage":"en-US","potentialAction":[{"@type":"ReadAction","target":["https:\/\/ranoja.ee\/toode\/hudrofooriga-veeautomaat-hww1000-scheppach\/"]}]},{"@type":"ImageObject","inLanguage":"en-US","@id":"https:\/\/ranoja.ee\/toode\/hudrofooriga-veeautomaat-hww1000-scheppach\/#primaryimage","url":"https:\/\/ranoja.ee\/wp-content\/uploads\/2026\/03\/262876689.jpeg","contentUrl":"https:\/\/ranoja.ee\/wp-content\/uploads\/2026\/03\/262876689.jpeg","width":745,"height":768},{"@type":"BreadcrumbList","@id":"https:\/\/ranoja.ee\/toode\/hudrofooriga-veeautomaat-hww1000-scheppach\/#breadcrumb","itemListElement":[{"@type":"ListItem","position":1,"name":"Home","item":"https:\/\/ranoja.ee\/"},{"@type":"ListItem","position":2,"name":"Shop","item":"https:\/\/ranoja.ee\/en\/shop\/"},{"@type":"ListItem","position":3,"name":"H\u00fcdrofooriga veeautomaat HWW1000, Scheppach"}]},{"@type":"WebSite","@id":"https:\/\/ranoja.ee\/#website","url":"https:\/\/ranoja.ee\/","name":"Ranoja","description":"Equipment Shop WooCommerce WordPress Theme for Machine &amp; Tools","publisher":{"@id":"https:\/\/ranoja.ee\/#organization"},"potentialAction":[{"@type":"SearchAction","target":{"@type":"EntryPoint","urlTemplate":"https:\/\/ranoja.ee\/?s={search_term_string}"},"query-input":{"@type":"PropertyValueSpecification","valueRequired":true,"valueName":"search_term_string"}}],"inLanguage":"en-US"},{"@type":"Organization","@id":"https:\/\/ranoja.ee\/#organization","name":"Ranoja O\u00dc","url":"https:\/\/ranoja.ee\/","logo":{"@type":"ImageObject","inLanguage":"en-US","@id":"https:\/\/ranoja.ee\/#\/schema\/logo\/image\/","url":"https:\/\/ranoja.ee\/wp-content\/uploads\/2023\/11\/ranoja-Logo.png","contentUrl":"https:\/\/ranoja.ee\/wp-content\/uploads\/2023\/11\/ranoja-Logo.png","width":207,"height":58,"caption":"Ranoja O\u00dc"},"image":{"@id":"https:\/\/ranoja.ee\/#\/schema\/logo\/image\/"},"sameAs":["https:\/\/www.facebook.com\/ranoja.ee","https:\/\/www.instagram.com\/ranoja__\/"]}]}},"_links":{"self":[{"href":"https:\/\/ranoja.ee\/en\/wp-json\/wp\/v2\/product\/58295","targetHints":{"allow":["GET"]}}],"collection":[{"href":"https:\/\/ranoja.ee\/en\/wp-json\/wp\/v2\/product"}],"about":[{"href":"https:\/\/ranoja.ee\/en\/wp-json\/wp\/v2\/types\/product"}],"wp:featuredmedia":[{"embeddable":true,"href":"https:\/\/ranoja.ee\/en\/wp-json\/wp\/v2\/media\/58296"}],"wp:attachment":[{"href":"https:\/\/ranoja.ee\/en\/wp-json\/wp\/v2\/media?parent=58295"}],"wp:term":[{"taxonomy":"product_cat","embeddable":true,"href":"https:\/\/ranoja.ee\/en\/wp-json\/wp\/v2\/product_cat?post=58295"},{"taxonomy":"product_tag","embeddable":true,"href":"https:\/\/ranoja.ee\/en\/wp-json\/wp\/v2\/product_tag?post=58295"}],"curies":[{"name":"wp","href":"https:\/\/api.w.org\/{rel}","templated":true}]}}