{"id":58289,"date":"2026-03-17T01:57:40","date_gmt":"2026-03-16T22:57:40","guid":{"rendered":"https:\/\/ranoja.ee\/toode\/kruvikeerajate-komplekt-ph-phillips-6-osa-lapik-brilliant-tools\/"},"modified":"2026-03-17T15:43:46","modified_gmt":"2026-03-17T12:43:46","slug":"kruvikeerajate-komplekt-ph-phillips-6-osa-lapik-brilliant-tools","status":"publish","type":"product","link":"https:\/\/ranoja.ee\/en\/toode\/kruvikeerajate-komplekt-ph-phillips-6-osa-lapik-brilliant-tools\/","title":{"rendered":"Kruvikeerajate komplekt  PH Phillips 6 osa lapik, Brilliant Tools"},"content":{"rendered":"","protected":false},"excerpt":{"rendered":"<p>6-osaline komplekt<br \/>\nvalmistatud vastavalt DIN\/ISO n\u00f5uetele<br \/>\nergonoomiline k\u00e4epide t\u00e4pseteks t\u00f6\u00f6deks<br \/>\nP\u00f5ikauk riputamiseks v\u00f5i kombineerimiseks t\u00e4iendava hoovaga<br \/>\nValmistatud kroom-vanaadium-terasest, mis tagab vastupidavuse ja suure kulumiskindluse<\/p>\n<p>BRILLIANT TOOLS kruvikeerajate komplektis BT031000 on praktiline komplekti sisu ristpea- ja soonkruvide jaoks. Ergonoomiline k\u00e4epide ja riputusauk tagavad t\u00f5husa, t\u00e4pse ja pingevaba t\u00f6\u00f6tamise. K\u00e4epideme kuju v\u00f5imaldab optimaalset j\u00f5u\u00fclekannet k\u00e4te minimaalse pinge juures. Selguse ja \u00f5ige t\u00f6\u00f6riista valiku tagamiseks on kruvikeeraja k\u00e4epideme otsal ajamivormi m\u00e4rgistus. Tera on parendatud vanaadium-terasest.<\/p>\n<p>Tarnekomplekt:<\/p>\n<p>SL: 3,0 x 80 mm &#8211; 4,0 x 100mm &#8211; 5,5 x 125mm &#8211; 6,5 x 150mm<br \/>\nPH: PH1 x 80 mm &#8211; PH2 x 100mm<\/p>\n","protected":false},"featured_media":58290,"template":"","meta":{"inline_featured_image":false},"product_cat":[1596,5200,5201,1116],"product_tag":[],"class_list":{"0":"post-58289","1":"product","2":"type-product","3":"status-publish","4":"has-post-thumbnail","6":"product_brand-brilliant-tools","7":"product_cat-kasitooriistad","8":"product_cat-kruvitsad","9":"product_cat-kruvitsate-komplektid","10":"product_cat-lisaseadmed-ehitusseadmed-led-lisatuled-cb-raadiod-lallar","12":"first","13":"instock","14":"purchasable","15":"product-type-simple"},"yoast_head":"<!-- This site is optimized with the Yoast SEO plugin v27.4 - https:\/\/yoast.com\/product\/yoast-seo-wordpress\/ -->\n<title>Kruvikeerajate komplekt PH Phillips 6 osa lapik, Brilliant Tools - Ranoja<\/title>\n<meta name=\"robots\" content=\"index, follow, max-snippet:-1, max-image-preview:large, max-video-preview:-1\" \/>\n<link rel=\"canonical\" href=\"https:\/\/ranoja.ee\/toode\/kruvikeerajate-komplekt-ph-phillips-6-osa-lapik-brilliant-tools\/\" \/>\n<meta property=\"og:locale\" content=\"en_US\" \/>\n<meta property=\"og:type\" content=\"article\" \/>\n<meta property=\"og:title\" content=\"Kruvikeerajate komplekt PH Phillips 6 osa lapik, Brilliant Tools - Ranoja\" \/>\n<meta property=\"og:description\" content=\"6-osaline komplekt valmistatud vastavalt DIN\/ISO n\u00f5uetele ergonoomiline k\u00e4epide t\u00e4pseteks t\u00f6\u00f6deks P\u00f5ikauk riputamiseks v\u00f5i kombineerimiseks t\u00e4iendava hoovaga Valmistatud kroom-vanaadium-terasest, mis tagab vastupidavuse ja suure kulumiskindluse BRILLIANT TOOLS kruvikeerajate komplektis BT031000 on praktiline komplekti sisu ristpea- ja soonkruvide jaoks. Ergonoomiline k\u00e4epide ja riputusauk tagavad t\u00f5husa, t\u00e4pse ja pingevaba t\u00f6\u00f6tamise. K\u00e4epideme kuju v\u00f5imaldab optimaalset j\u00f5u\u00fclekannet k\u00e4te minimaalse pinge juures. Selguse ja \u00f5ige t\u00f6\u00f6riista valiku tagamiseks on kruvikeeraja k\u00e4epideme otsal ajamivormi m\u00e4rgistus. Tera on parendatud vanaadium-terasest. Tarnekomplekt: SL: 3,0 x 80 mm - 4,0 x 100mm - 5,5 x 125mm - 6,5 x 150mm PH: PH1 x 80 mm - PH2 x 100mm\" \/>\n<meta property=\"og:url\" content=\"https:\/\/ranoja.ee\/toode\/kruvikeerajate-komplekt-ph-phillips-6-osa-lapik-brilliant-tools\/\" \/>\n<meta property=\"og:site_name\" content=\"Ranoja\" \/>\n<meta property=\"article:publisher\" content=\"https:\/\/www.facebook.com\/ranoja.ee\" \/>\n<meta property=\"article:modified_time\" content=\"2026-03-17T12:43:46+00:00\" \/>\n<meta property=\"og:image\" content=\"https:\/\/ranoja.ee\/wp-content\/uploads\/2026\/03\/212021222.jpg\" \/>\n\t<meta property=\"og:image:width\" content=\"768\" \/>\n\t<meta property=\"og:image:height\" content=\"768\" \/>\n\t<meta property=\"og:image:type\" content=\"image\/jpeg\" \/>\n<meta name=\"twitter:card\" content=\"summary_large_image\" \/>\n<script type=\"application\/ld+json\" class=\"yoast-schema-graph\">{\"@context\":\"https:\\\/\\\/schema.org\",\"@graph\":[{\"@type\":\"WebPage\",\"@id\":\"https:\\\/\\\/ranoja.ee\\\/toode\\\/kruvikeerajate-komplekt-ph-phillips-6-osa-lapik-brilliant-tools\\\/\",\"url\":\"https:\\\/\\\/ranoja.ee\\\/toode\\\/kruvikeerajate-komplekt-ph-phillips-6-osa-lapik-brilliant-tools\\\/\",\"name\":\"Kruvikeerajate komplekt PH Phillips 6 osa lapik, Brilliant Tools - Ranoja\",\"isPartOf\":{\"@id\":\"https:\\\/\\\/ranoja.ee\\\/#website\"},\"primaryImageOfPage\":{\"@id\":\"https:\\\/\\\/ranoja.ee\\\/toode\\\/kruvikeerajate-komplekt-ph-phillips-6-osa-lapik-brilliant-tools\\\/#primaryimage\"},\"image\":{\"@id\":\"https:\\\/\\\/ranoja.ee\\\/toode\\\/kruvikeerajate-komplekt-ph-phillips-6-osa-lapik-brilliant-tools\\\/#primaryimage\"},\"thumbnailUrl\":\"https:\\\/\\\/ranoja.ee\\\/wp-content\\\/uploads\\\/2026\\\/03\\\/212021222.jpg\",\"datePublished\":\"2026-03-16T22:57:40+00:00\",\"dateModified\":\"2026-03-17T12:43:46+00:00\",\"breadcrumb\":{\"@id\":\"https:\\\/\\\/ranoja.ee\\\/toode\\\/kruvikeerajate-komplekt-ph-phillips-6-osa-lapik-brilliant-tools\\\/#breadcrumb\"},\"inLanguage\":\"en-US\",\"potentialAction\":[{\"@type\":\"ReadAction\",\"target\":[\"https:\\\/\\\/ranoja.ee\\\/toode\\\/kruvikeerajate-komplekt-ph-phillips-6-osa-lapik-brilliant-tools\\\/\"]}]},{\"@type\":\"ImageObject\",\"inLanguage\":\"en-US\",\"@id\":\"https:\\\/\\\/ranoja.ee\\\/toode\\\/kruvikeerajate-komplekt-ph-phillips-6-osa-lapik-brilliant-tools\\\/#primaryimage\",\"url\":\"https:\\\/\\\/ranoja.ee\\\/wp-content\\\/uploads\\\/2026\\\/03\\\/212021222.jpg\",\"contentUrl\":\"https:\\\/\\\/ranoja.ee\\\/wp-content\\\/uploads\\\/2026\\\/03\\\/212021222.jpg\",\"width\":768,\"height\":768},{\"@type\":\"BreadcrumbList\",\"@id\":\"https:\\\/\\\/ranoja.ee\\\/toode\\\/kruvikeerajate-komplekt-ph-phillips-6-osa-lapik-brilliant-tools\\\/#breadcrumb\",\"itemListElement\":[{\"@type\":\"ListItem\",\"position\":1,\"name\":\"Home\",\"item\":\"https:\\\/\\\/ranoja.ee\\\/\"},{\"@type\":\"ListItem\",\"position\":2,\"name\":\"Shop\",\"item\":\"https:\\\/\\\/ranoja.ee\\\/en\\\/shop\\\/\"},{\"@type\":\"ListItem\",\"position\":3,\"name\":\"Kruvikeerajate komplekt PH Phillips 6 osa lapik, Brilliant Tools\"}]},{\"@type\":\"WebSite\",\"@id\":\"https:\\\/\\\/ranoja.ee\\\/#website\",\"url\":\"https:\\\/\\\/ranoja.ee\\\/\",\"name\":\"Ranoja\",\"description\":\"Equipment Shop WooCommerce WordPress Theme for Machine &amp; Tools\",\"publisher\":{\"@id\":\"https:\\\/\\\/ranoja.ee\\\/#organization\"},\"potentialAction\":[{\"@type\":\"SearchAction\",\"target\":{\"@type\":\"EntryPoint\",\"urlTemplate\":\"https:\\\/\\\/ranoja.ee\\\/?s={search_term_string}\"},\"query-input\":{\"@type\":\"PropertyValueSpecification\",\"valueRequired\":true,\"valueName\":\"search_term_string\"}}],\"inLanguage\":\"en-US\"},{\"@type\":\"Organization\",\"@id\":\"https:\\\/\\\/ranoja.ee\\\/#organization\",\"name\":\"Ranoja O\u00dc\",\"url\":\"https:\\\/\\\/ranoja.ee\\\/\",\"logo\":{\"@type\":\"ImageObject\",\"inLanguage\":\"en-US\",\"@id\":\"https:\\\/\\\/ranoja.ee\\\/#\\\/schema\\\/logo\\\/image\\\/\",\"url\":\"https:\\\/\\\/ranoja.ee\\\/wp-content\\\/uploads\\\/2023\\\/11\\\/ranoja-Logo.png\",\"contentUrl\":\"https:\\\/\\\/ranoja.ee\\\/wp-content\\\/uploads\\\/2023\\\/11\\\/ranoja-Logo.png\",\"width\":207,\"height\":58,\"caption\":\"Ranoja O\u00dc\"},\"image\":{\"@id\":\"https:\\\/\\\/ranoja.ee\\\/#\\\/schema\\\/logo\\\/image\\\/\"},\"sameAs\":[\"https:\\\/\\\/www.facebook.com\\\/ranoja.ee\",\"https:\\\/\\\/www.instagram.com\\\/ranoja__\\\/\"]}]}<\/script>\n<!-- \/ Yoast SEO plugin. -->","yoast_head_json":{"title":"Kruvikeerajate komplekt PH Phillips 6 osa lapik, Brilliant Tools - Ranoja","robots":{"index":"index","follow":"follow","max-snippet":"max-snippet:-1","max-image-preview":"max-image-preview:large","max-video-preview":"max-video-preview:-1"},"canonical":"https:\/\/ranoja.ee\/toode\/kruvikeerajate-komplekt-ph-phillips-6-osa-lapik-brilliant-tools\/","og_locale":"en_US","og_type":"article","og_title":"Kruvikeerajate komplekt PH Phillips 6 osa lapik, Brilliant Tools - Ranoja","og_description":"6-osaline komplekt valmistatud vastavalt DIN\/ISO n\u00f5uetele ergonoomiline k\u00e4epide t\u00e4pseteks t\u00f6\u00f6deks P\u00f5ikauk riputamiseks v\u00f5i kombineerimiseks t\u00e4iendava hoovaga Valmistatud kroom-vanaadium-terasest, mis tagab vastupidavuse ja suure kulumiskindluse BRILLIANT TOOLS kruvikeerajate komplektis BT031000 on praktiline komplekti sisu ristpea- ja soonkruvide jaoks. Ergonoomiline k\u00e4epide ja riputusauk tagavad t\u00f5husa, t\u00e4pse ja pingevaba t\u00f6\u00f6tamise. K\u00e4epideme kuju v\u00f5imaldab optimaalset j\u00f5u\u00fclekannet k\u00e4te minimaalse pinge juures. Selguse ja \u00f5ige t\u00f6\u00f6riista valiku tagamiseks on kruvikeeraja k\u00e4epideme otsal ajamivormi m\u00e4rgistus. Tera on parendatud vanaadium-terasest. Tarnekomplekt: SL: 3,0 x 80 mm - 4,0 x 100mm - 5,5 x 125mm - 6,5 x 150mm PH: PH1 x 80 mm - PH2 x 100mm","og_url":"https:\/\/ranoja.ee\/toode\/kruvikeerajate-komplekt-ph-phillips-6-osa-lapik-brilliant-tools\/","og_site_name":"Ranoja","article_publisher":"https:\/\/www.facebook.com\/ranoja.ee","article_modified_time":"2026-03-17T12:43:46+00:00","og_image":[{"width":768,"height":768,"url":"https:\/\/ranoja.ee\/wp-content\/uploads\/2026\/03\/212021222.jpg","type":"image\/jpeg"}],"twitter_card":"summary_large_image","schema":{"@context":"https:\/\/schema.org","@graph":[{"@type":"WebPage","@id":"https:\/\/ranoja.ee\/toode\/kruvikeerajate-komplekt-ph-phillips-6-osa-lapik-brilliant-tools\/","url":"https:\/\/ranoja.ee\/toode\/kruvikeerajate-komplekt-ph-phillips-6-osa-lapik-brilliant-tools\/","name":"Kruvikeerajate komplekt PH Phillips 6 osa lapik, Brilliant Tools - Ranoja","isPartOf":{"@id":"https:\/\/ranoja.ee\/#website"},"primaryImageOfPage":{"@id":"https:\/\/ranoja.ee\/toode\/kruvikeerajate-komplekt-ph-phillips-6-osa-lapik-brilliant-tools\/#primaryimage"},"image":{"@id":"https:\/\/ranoja.ee\/toode\/kruvikeerajate-komplekt-ph-phillips-6-osa-lapik-brilliant-tools\/#primaryimage"},"thumbnailUrl":"https:\/\/ranoja.ee\/wp-content\/uploads\/2026\/03\/212021222.jpg","datePublished":"2026-03-16T22:57:40+00:00","dateModified":"2026-03-17T12:43:46+00:00","breadcrumb":{"@id":"https:\/\/ranoja.ee\/toode\/kruvikeerajate-komplekt-ph-phillips-6-osa-lapik-brilliant-tools\/#breadcrumb"},"inLanguage":"en-US","potentialAction":[{"@type":"ReadAction","target":["https:\/\/ranoja.ee\/toode\/kruvikeerajate-komplekt-ph-phillips-6-osa-lapik-brilliant-tools\/"]}]},{"@type":"ImageObject","inLanguage":"en-US","@id":"https:\/\/ranoja.ee\/toode\/kruvikeerajate-komplekt-ph-phillips-6-osa-lapik-brilliant-tools\/#primaryimage","url":"https:\/\/ranoja.ee\/wp-content\/uploads\/2026\/03\/212021222.jpg","contentUrl":"https:\/\/ranoja.ee\/wp-content\/uploads\/2026\/03\/212021222.jpg","width":768,"height":768},{"@type":"BreadcrumbList","@id":"https:\/\/ranoja.ee\/toode\/kruvikeerajate-komplekt-ph-phillips-6-osa-lapik-brilliant-tools\/#breadcrumb","itemListElement":[{"@type":"ListItem","position":1,"name":"Home","item":"https:\/\/ranoja.ee\/"},{"@type":"ListItem","position":2,"name":"Shop","item":"https:\/\/ranoja.ee\/en\/shop\/"},{"@type":"ListItem","position":3,"name":"Kruvikeerajate komplekt PH Phillips 6 osa lapik, Brilliant Tools"}]},{"@type":"WebSite","@id":"https:\/\/ranoja.ee\/#website","url":"https:\/\/ranoja.ee\/","name":"Ranoja","description":"Equipment Shop WooCommerce WordPress Theme for Machine &amp; Tools","publisher":{"@id":"https:\/\/ranoja.ee\/#organization"},"potentialAction":[{"@type":"SearchAction","target":{"@type":"EntryPoint","urlTemplate":"https:\/\/ranoja.ee\/?s={search_term_string}"},"query-input":{"@type":"PropertyValueSpecification","valueRequired":true,"valueName":"search_term_string"}}],"inLanguage":"en-US"},{"@type":"Organization","@id":"https:\/\/ranoja.ee\/#organization","name":"Ranoja O\u00dc","url":"https:\/\/ranoja.ee\/","logo":{"@type":"ImageObject","inLanguage":"en-US","@id":"https:\/\/ranoja.ee\/#\/schema\/logo\/image\/","url":"https:\/\/ranoja.ee\/wp-content\/uploads\/2023\/11\/ranoja-Logo.png","contentUrl":"https:\/\/ranoja.ee\/wp-content\/uploads\/2023\/11\/ranoja-Logo.png","width":207,"height":58,"caption":"Ranoja O\u00dc"},"image":{"@id":"https:\/\/ranoja.ee\/#\/schema\/logo\/image\/"},"sameAs":["https:\/\/www.facebook.com\/ranoja.ee","https:\/\/www.instagram.com\/ranoja__\/"]}]}},"_links":{"self":[{"href":"https:\/\/ranoja.ee\/en\/wp-json\/wp\/v2\/product\/58289","targetHints":{"allow":["GET"]}}],"collection":[{"href":"https:\/\/ranoja.ee\/en\/wp-json\/wp\/v2\/product"}],"about":[{"href":"https:\/\/ranoja.ee\/en\/wp-json\/wp\/v2\/types\/product"}],"wp:featuredmedia":[{"embeddable":true,"href":"https:\/\/ranoja.ee\/en\/wp-json\/wp\/v2\/media\/58290"}],"wp:attachment":[{"href":"https:\/\/ranoja.ee\/en\/wp-json\/wp\/v2\/media?parent=58289"}],"wp:term":[{"taxonomy":"product_cat","embeddable":true,"href":"https:\/\/ranoja.ee\/en\/wp-json\/wp\/v2\/product_cat?post=58289"},{"taxonomy":"product_tag","embeddable":true,"href":"https:\/\/ranoja.ee\/en\/wp-json\/wp\/v2\/product_tag?post=58289"}],"curies":[{"name":"wp","href":"https:\/\/api.w.org\/{rel}","templated":true}]}}