{"id":58281,"date":"2026-03-17T01:57:40","date_gmt":"2026-03-16T22:57:40","guid":{"rendered":"https:\/\/ranoja.ee\/toode\/kaitseulikond-keemiakaitse-l-delta-plus\/"},"modified":"2026-03-17T15:43:47","modified_gmt":"2026-03-17T12:43:47","slug":"kaitseulikond-keemiakaitse-l-delta-plus","status":"publish","type":"product","link":"https:\/\/ranoja.ee\/en\/toode\/kaitseulikond-keemiakaitse-l-delta-plus\/","title":{"rendered":"Kaitse\u00fclikond, keemiakaitse L, Delta Plus"},"content":{"rendered":"","protected":false},"excerpt":{"rendered":"<p>Lamineeritud mikropoorne materjal. Keemiakaitsekombinesoon elastse kapuutsiga on m\u00f5eldud l\u00fchiajaliseks kaitseks kemikaalide eest. T\u00f5mbelukk koos katteklapiga kaitseb saasteainete eest. Elastsed sisse\u00f5mmeldud kummipaelad kapuutsiservas, v\u00f6\u00f6kohal, k\u00e4iseotstes ja s\u00e4\u00e4reotstes.<\/p>\n<p>Lamineeritud mikropoorne materja 60 g\/m\u00b2.<\/p>\n<p>EN ISO 13688:2013 <\/p>\n<p>EN ISO 13982-1:2004+A1:2010 Type 5<\/p>\n<p>EN13034:2005+A1:2009 Type 6<\/p>\n<p>EN1149-5:2018<\/p>\n","protected":false},"featured_media":58282,"template":"","meta":{"inline_featured_image":false},"product_cat":[5022,5049],"product_tag":[],"class_list":{"0":"post-58281","1":"product","2":"type-product","3":"status-publish","4":"has-post-thumbnail","6":"product_brand-delta-plus","7":"product_cat-isikukaitsevahendid","8":"product_cat-uhekordsed-kaitseriided","10":"first","11":"instock","12":"purchasable","13":"product-type-simple"},"yoast_head":"<!-- This site is optimized with the Yoast SEO plugin v27.4 - https:\/\/yoast.com\/product\/yoast-seo-wordpress\/ -->\n<title>Kaitse\u00fclikond, keemiakaitse L, Delta Plus - Ranoja<\/title>\n<meta name=\"robots\" content=\"index, follow, max-snippet:-1, max-image-preview:large, max-video-preview:-1\" \/>\n<link rel=\"canonical\" href=\"https:\/\/ranoja.ee\/toode\/kaitseulikond-keemiakaitse-l-delta-plus\/\" \/>\n<meta property=\"og:locale\" content=\"en_US\" \/>\n<meta property=\"og:type\" content=\"article\" \/>\n<meta property=\"og:title\" content=\"Kaitse\u00fclikond, keemiakaitse L, Delta Plus - Ranoja\" \/>\n<meta property=\"og:description\" content=\"Lamineeritud mikropoorne materjal. Keemiakaitsekombinesoon elastse kapuutsiga on m\u00f5eldud l\u00fchiajaliseks kaitseks kemikaalide eest. T\u00f5mbelukk koos katteklapiga kaitseb saasteainete eest. Elastsed sisse\u00f5mmeldud kummipaelad kapuutsiservas, v\u00f6\u00f6kohal, k\u00e4iseotstes ja s\u00e4\u00e4reotstes. Lamineeritud mikropoorne materja 60 g\/m\u00b2. EN ISO 13688:2013  EN ISO 13982-1:2004+A1:2010 Type 5 EN13034:2005+A1:2009 Type 6 EN1149-5:2018\" \/>\n<meta property=\"og:url\" content=\"https:\/\/ranoja.ee\/toode\/kaitseulikond-keemiakaitse-l-delta-plus\/\" \/>\n<meta property=\"og:site_name\" content=\"Ranoja\" \/>\n<meta property=\"article:publisher\" content=\"https:\/\/www.facebook.com\/ranoja.ee\" \/>\n<meta property=\"article:modified_time\" content=\"2026-03-17T12:43:47+00:00\" \/>\n<meta property=\"og:image\" content=\"https:\/\/ranoja.ee\/wp-content\/uploads\/2026\/03\/208669639.jpg\" \/>\n\t<meta property=\"og:image:width\" content=\"900\" \/>\n\t<meta property=\"og:image:height\" content=\"900\" \/>\n\t<meta property=\"og:image:type\" content=\"image\/jpeg\" \/>\n<meta name=\"twitter:card\" content=\"summary_large_image\" \/>\n<script type=\"application\/ld+json\" class=\"yoast-schema-graph\">{\"@context\":\"https:\\\/\\\/schema.org\",\"@graph\":[{\"@type\":\"WebPage\",\"@id\":\"https:\\\/\\\/ranoja.ee\\\/toode\\\/kaitseulikond-keemiakaitse-l-delta-plus\\\/\",\"url\":\"https:\\\/\\\/ranoja.ee\\\/toode\\\/kaitseulikond-keemiakaitse-l-delta-plus\\\/\",\"name\":\"Kaitse\u00fclikond, keemiakaitse L, Delta Plus - Ranoja\",\"isPartOf\":{\"@id\":\"https:\\\/\\\/ranoja.ee\\\/#website\"},\"primaryImageOfPage\":{\"@id\":\"https:\\\/\\\/ranoja.ee\\\/toode\\\/kaitseulikond-keemiakaitse-l-delta-plus\\\/#primaryimage\"},\"image\":{\"@id\":\"https:\\\/\\\/ranoja.ee\\\/toode\\\/kaitseulikond-keemiakaitse-l-delta-plus\\\/#primaryimage\"},\"thumbnailUrl\":\"https:\\\/\\\/ranoja.ee\\\/wp-content\\\/uploads\\\/2026\\\/03\\\/208669639.jpg\",\"datePublished\":\"2026-03-16T22:57:40+00:00\",\"dateModified\":\"2026-03-17T12:43:47+00:00\",\"breadcrumb\":{\"@id\":\"https:\\\/\\\/ranoja.ee\\\/toode\\\/kaitseulikond-keemiakaitse-l-delta-plus\\\/#breadcrumb\"},\"inLanguage\":\"en-US\",\"potentialAction\":[{\"@type\":\"ReadAction\",\"target\":[\"https:\\\/\\\/ranoja.ee\\\/toode\\\/kaitseulikond-keemiakaitse-l-delta-plus\\\/\"]}]},{\"@type\":\"ImageObject\",\"inLanguage\":\"en-US\",\"@id\":\"https:\\\/\\\/ranoja.ee\\\/toode\\\/kaitseulikond-keemiakaitse-l-delta-plus\\\/#primaryimage\",\"url\":\"https:\\\/\\\/ranoja.ee\\\/wp-content\\\/uploads\\\/2026\\\/03\\\/208669639.jpg\",\"contentUrl\":\"https:\\\/\\\/ranoja.ee\\\/wp-content\\\/uploads\\\/2026\\\/03\\\/208669639.jpg\",\"width\":900,\"height\":900},{\"@type\":\"BreadcrumbList\",\"@id\":\"https:\\\/\\\/ranoja.ee\\\/toode\\\/kaitseulikond-keemiakaitse-l-delta-plus\\\/#breadcrumb\",\"itemListElement\":[{\"@type\":\"ListItem\",\"position\":1,\"name\":\"Home\",\"item\":\"https:\\\/\\\/ranoja.ee\\\/\"},{\"@type\":\"ListItem\",\"position\":2,\"name\":\"Shop\",\"item\":\"https:\\\/\\\/ranoja.ee\\\/en\\\/shop\\\/\"},{\"@type\":\"ListItem\",\"position\":3,\"name\":\"Kaitse\u00fclikond, keemiakaitse L, Delta Plus\"}]},{\"@type\":\"WebSite\",\"@id\":\"https:\\\/\\\/ranoja.ee\\\/#website\",\"url\":\"https:\\\/\\\/ranoja.ee\\\/\",\"name\":\"Ranoja\",\"description\":\"Equipment Shop WooCommerce WordPress Theme for Machine &amp; Tools\",\"publisher\":{\"@id\":\"https:\\\/\\\/ranoja.ee\\\/#organization\"},\"potentialAction\":[{\"@type\":\"SearchAction\",\"target\":{\"@type\":\"EntryPoint\",\"urlTemplate\":\"https:\\\/\\\/ranoja.ee\\\/?s={search_term_string}\"},\"query-input\":{\"@type\":\"PropertyValueSpecification\",\"valueRequired\":true,\"valueName\":\"search_term_string\"}}],\"inLanguage\":\"en-US\"},{\"@type\":\"Organization\",\"@id\":\"https:\\\/\\\/ranoja.ee\\\/#organization\",\"name\":\"Ranoja O\u00dc\",\"url\":\"https:\\\/\\\/ranoja.ee\\\/\",\"logo\":{\"@type\":\"ImageObject\",\"inLanguage\":\"en-US\",\"@id\":\"https:\\\/\\\/ranoja.ee\\\/#\\\/schema\\\/logo\\\/image\\\/\",\"url\":\"https:\\\/\\\/ranoja.ee\\\/wp-content\\\/uploads\\\/2023\\\/11\\\/ranoja-Logo.png\",\"contentUrl\":\"https:\\\/\\\/ranoja.ee\\\/wp-content\\\/uploads\\\/2023\\\/11\\\/ranoja-Logo.png\",\"width\":207,\"height\":58,\"caption\":\"Ranoja O\u00dc\"},\"image\":{\"@id\":\"https:\\\/\\\/ranoja.ee\\\/#\\\/schema\\\/logo\\\/image\\\/\"},\"sameAs\":[\"https:\\\/\\\/www.facebook.com\\\/ranoja.ee\",\"https:\\\/\\\/www.instagram.com\\\/ranoja__\\\/\"]}]}<\/script>\n<!-- \/ Yoast SEO plugin. -->","yoast_head_json":{"title":"Kaitse\u00fclikond, keemiakaitse L, Delta Plus - Ranoja","robots":{"index":"index","follow":"follow","max-snippet":"max-snippet:-1","max-image-preview":"max-image-preview:large","max-video-preview":"max-video-preview:-1"},"canonical":"https:\/\/ranoja.ee\/toode\/kaitseulikond-keemiakaitse-l-delta-plus\/","og_locale":"en_US","og_type":"article","og_title":"Kaitse\u00fclikond, keemiakaitse L, Delta Plus - Ranoja","og_description":"Lamineeritud mikropoorne materjal. Keemiakaitsekombinesoon elastse kapuutsiga on m\u00f5eldud l\u00fchiajaliseks kaitseks kemikaalide eest. T\u00f5mbelukk koos katteklapiga kaitseb saasteainete eest. Elastsed sisse\u00f5mmeldud kummipaelad kapuutsiservas, v\u00f6\u00f6kohal, k\u00e4iseotstes ja s\u00e4\u00e4reotstes. Lamineeritud mikropoorne materja 60 g\/m\u00b2. EN ISO 13688:2013  EN ISO 13982-1:2004+A1:2010 Type 5 EN13034:2005+A1:2009 Type 6 EN1149-5:2018","og_url":"https:\/\/ranoja.ee\/toode\/kaitseulikond-keemiakaitse-l-delta-plus\/","og_site_name":"Ranoja","article_publisher":"https:\/\/www.facebook.com\/ranoja.ee","article_modified_time":"2026-03-17T12:43:47+00:00","og_image":[{"width":900,"height":900,"url":"https:\/\/ranoja.ee\/wp-content\/uploads\/2026\/03\/208669639.jpg","type":"image\/jpeg"}],"twitter_card":"summary_large_image","schema":{"@context":"https:\/\/schema.org","@graph":[{"@type":"WebPage","@id":"https:\/\/ranoja.ee\/toode\/kaitseulikond-keemiakaitse-l-delta-plus\/","url":"https:\/\/ranoja.ee\/toode\/kaitseulikond-keemiakaitse-l-delta-plus\/","name":"Kaitse\u00fclikond, keemiakaitse L, Delta Plus - Ranoja","isPartOf":{"@id":"https:\/\/ranoja.ee\/#website"},"primaryImageOfPage":{"@id":"https:\/\/ranoja.ee\/toode\/kaitseulikond-keemiakaitse-l-delta-plus\/#primaryimage"},"image":{"@id":"https:\/\/ranoja.ee\/toode\/kaitseulikond-keemiakaitse-l-delta-plus\/#primaryimage"},"thumbnailUrl":"https:\/\/ranoja.ee\/wp-content\/uploads\/2026\/03\/208669639.jpg","datePublished":"2026-03-16T22:57:40+00:00","dateModified":"2026-03-17T12:43:47+00:00","breadcrumb":{"@id":"https:\/\/ranoja.ee\/toode\/kaitseulikond-keemiakaitse-l-delta-plus\/#breadcrumb"},"inLanguage":"en-US","potentialAction":[{"@type":"ReadAction","target":["https:\/\/ranoja.ee\/toode\/kaitseulikond-keemiakaitse-l-delta-plus\/"]}]},{"@type":"ImageObject","inLanguage":"en-US","@id":"https:\/\/ranoja.ee\/toode\/kaitseulikond-keemiakaitse-l-delta-plus\/#primaryimage","url":"https:\/\/ranoja.ee\/wp-content\/uploads\/2026\/03\/208669639.jpg","contentUrl":"https:\/\/ranoja.ee\/wp-content\/uploads\/2026\/03\/208669639.jpg","width":900,"height":900},{"@type":"BreadcrumbList","@id":"https:\/\/ranoja.ee\/toode\/kaitseulikond-keemiakaitse-l-delta-plus\/#breadcrumb","itemListElement":[{"@type":"ListItem","position":1,"name":"Home","item":"https:\/\/ranoja.ee\/"},{"@type":"ListItem","position":2,"name":"Shop","item":"https:\/\/ranoja.ee\/en\/shop\/"},{"@type":"ListItem","position":3,"name":"Kaitse\u00fclikond, keemiakaitse L, Delta Plus"}]},{"@type":"WebSite","@id":"https:\/\/ranoja.ee\/#website","url":"https:\/\/ranoja.ee\/","name":"Ranoja","description":"Equipment Shop WooCommerce WordPress Theme for Machine &amp; Tools","publisher":{"@id":"https:\/\/ranoja.ee\/#organization"},"potentialAction":[{"@type":"SearchAction","target":{"@type":"EntryPoint","urlTemplate":"https:\/\/ranoja.ee\/?s={search_term_string}"},"query-input":{"@type":"PropertyValueSpecification","valueRequired":true,"valueName":"search_term_string"}}],"inLanguage":"en-US"},{"@type":"Organization","@id":"https:\/\/ranoja.ee\/#organization","name":"Ranoja O\u00dc","url":"https:\/\/ranoja.ee\/","logo":{"@type":"ImageObject","inLanguage":"en-US","@id":"https:\/\/ranoja.ee\/#\/schema\/logo\/image\/","url":"https:\/\/ranoja.ee\/wp-content\/uploads\/2023\/11\/ranoja-Logo.png","contentUrl":"https:\/\/ranoja.ee\/wp-content\/uploads\/2023\/11\/ranoja-Logo.png","width":207,"height":58,"caption":"Ranoja O\u00dc"},"image":{"@id":"https:\/\/ranoja.ee\/#\/schema\/logo\/image\/"},"sameAs":["https:\/\/www.facebook.com\/ranoja.ee","https:\/\/www.instagram.com\/ranoja__\/"]}]}},"_links":{"self":[{"href":"https:\/\/ranoja.ee\/en\/wp-json\/wp\/v2\/product\/58281","targetHints":{"allow":["GET"]}}],"collection":[{"href":"https:\/\/ranoja.ee\/en\/wp-json\/wp\/v2\/product"}],"about":[{"href":"https:\/\/ranoja.ee\/en\/wp-json\/wp\/v2\/types\/product"}],"wp:featuredmedia":[{"embeddable":true,"href":"https:\/\/ranoja.ee\/en\/wp-json\/wp\/v2\/media\/58282"}],"wp:attachment":[{"href":"https:\/\/ranoja.ee\/en\/wp-json\/wp\/v2\/media?parent=58281"}],"wp:term":[{"taxonomy":"product_cat","embeddable":true,"href":"https:\/\/ranoja.ee\/en\/wp-json\/wp\/v2\/product_cat?post=58281"},{"taxonomy":"product_tag","embeddable":true,"href":"https:\/\/ranoja.ee\/en\/wp-json\/wp\/v2\/product_tag?post=58281"}],"curies":[{"name":"wp","href":"https:\/\/api.w.org\/{rel}","templated":true}]}}