{"id":58240,"date":"2026-03-17T01:57:12","date_gmt":"2026-03-16T22:57:12","guid":{"rendered":"https:\/\/ranoja.ee\/toode\/universaalmaare-multipurpose-synthetic-2-400g-valvoline\/"},"modified":"2026-03-17T15:43:47","modified_gmt":"2026-03-17T12:43:47","slug":"universaalmaare-multipurpose-synthetic-2-400g-valvoline","status":"publish","type":"product","link":"https:\/\/ranoja.ee\/en\/toode\/universaalmaare-multipurpose-synthetic-2-400g-valvoline\/","title":{"rendered":"Universaalm\u00e4\u00e4re Multipurpose Synthetic 2 400g, Valvoline"},"content":{"rendered":"","protected":false},"excerpt":{"rendered":"<p>S\u00fcnteetiline liitiumkompleks m\u00e4\u00e4re k\u00f5rgkoormus (EP) lisanditega \u00e4\u00e4rmisulikeks t\u00f6\u00f6tingimusteks. V\u00e4ljat\u00f6\u00f6tatud selleks, et tagada kohene m\u00e4\u00e4rdev\u00f5ime v\u00e4ga madalatel miinuskraadidel metsanduses, kaevetehnikal, veokitel, teede ehituses  ja t\u00f6\u00f6stuskasutuses.<br \/>\nValvoline Multipurpose Synthetic 2 on valmistatud s\u00fcnteetilisest baas\u00f5list mis tagab kasutususe v\u00e4ga laias temperatuurivahemikus ning tagab m\u00e4\u00e4rdele erakordselt hea mehaanilise stabiilsuse ja oks\u00fcdatsiooniv\u00f5ime ning hea pumbatavuse.<br \/>\nKasutuskohad:<br \/>\nSobilik kasutada laias kasutustemepratuuri vahemikus, aga eriti k\u00fclmades oludes kus seadmel on vajalik kohene m\u00e4\u00e4rminine suurte v\u00e4\u00e4nete ja koormuste puhul madalatel temepratuuridel k\u00e4ivitamisel. Samuti sobilik kiirep\u00f6\u00f6rdeliste laagrite m\u00e4\u00e4rdena.<br \/>\nKaasaegsed keskm\u00e4\u00e4rdes\u00fcsteemid mis t\u00f6\u00f6tavad madalatel miinuskraadidel ja vajavad tsentraalm\u00e4\u00e4ret mis vastab NLGI 2 konstsitentsusklassile. Mitmesugune kaevetehnika, metsandus- ja ehitus masinad, veokid ja t\u00f6\u00f6stusseadmed mis t\u00f6\u00f6tavad \u00e4\u00e4rmuslikes<br \/>\nt\u00f6\u00f6tingimustes. S\u00fcnteetiline baas\u00f5li ja liitiumkompleks tahkesti tagavad k\u00f5rge m\u00e4\u00e4rdev\u00f5ime nii v\u00e4ga kuumades kui k\u00fclmades t\u00f6\u00f6tingimustes.<br \/>\nBaas\u00f5li: S\u00fcnteetiline<br \/>\nTahkesti: Liitiumkompleks<br \/>\nBaas\u00f5li viskoossus: 44<br \/>\nKasutustemepratuuri vahemik: -55 C kuni +140 C l\u00fchiajaliselt kuni +180 C.<br \/>\nV\u00e4rvus: Beez<br \/>\nKonsistentsusklass: NLGI 2<br \/>\nJ\u00f5udlustasemed:<br \/>\nDIN 51502: KPHC2N-55<br \/>\nISO 12924: L-XE(F)DIB<\/p>\n","protected":false},"featured_media":58241,"template":"","meta":{"inline_featured_image":false},"product_cat":[5014,5013,5012],"product_tag":[],"class_list":{"0":"post-58240","1":"product","2":"type-product","3":"status-publish","4":"has-post-thumbnail","6":"product_brand-valvoline","7":"product_cat-liitiumkompleksmaarded","8":"product_cat-maarded","9":"product_cat-olid-ja-maardeained","11":"first","12":"instock","13":"purchasable","14":"product-type-simple"},"yoast_head":"<!-- This site is optimized with the Yoast SEO plugin v27.4 - https:\/\/yoast.com\/product\/yoast-seo-wordpress\/ -->\n<title>Universaalm\u00e4\u00e4re Multipurpose Synthetic 2 400g, Valvoline - Ranoja<\/title>\n<meta name=\"robots\" content=\"index, follow, max-snippet:-1, max-image-preview:large, max-video-preview:-1\" \/>\n<link rel=\"canonical\" href=\"https:\/\/ranoja.ee\/toode\/universaalmaare-multipurpose-synthetic-2-400g-valvoline\/\" \/>\n<meta property=\"og:locale\" content=\"en_US\" \/>\n<meta property=\"og:type\" content=\"article\" \/>\n<meta property=\"og:title\" content=\"Universaalm\u00e4\u00e4re Multipurpose Synthetic 2 400g, Valvoline - Ranoja\" \/>\n<meta property=\"og:description\" content=\"S\u00fcnteetiline liitiumkompleks m\u00e4\u00e4re k\u00f5rgkoormus (EP) lisanditega \u00e4\u00e4rmisulikeks t\u00f6\u00f6tingimusteks. V\u00e4ljat\u00f6\u00f6tatud selleks, et tagada kohene m\u00e4\u00e4rdev\u00f5ime v\u00e4ga madalatel miinuskraadidel metsanduses, kaevetehnikal, veokitel, teede ehituses ja t\u00f6\u00f6stuskasutuses. Valvoline Multipurpose Synthetic 2 on valmistatud s\u00fcnteetilisest baas\u00f5list mis tagab kasutususe v\u00e4ga laias temperatuurivahemikus ning tagab m\u00e4\u00e4rdele erakordselt hea mehaanilise stabiilsuse ja oks\u00fcdatsiooniv\u00f5ime ning hea pumbatavuse. Kasutuskohad: Sobilik kasutada laias kasutustemepratuuri vahemikus, aga eriti k\u00fclmades oludes kus seadmel on vajalik kohene m\u00e4\u00e4rminine suurte v\u00e4\u00e4nete ja koormuste puhul madalatel temepratuuridel k\u00e4ivitamisel. Samuti sobilik kiirep\u00f6\u00f6rdeliste laagrite m\u00e4\u00e4rdena. Kaasaegsed keskm\u00e4\u00e4rdes\u00fcsteemid mis t\u00f6\u00f6tavad madalatel miinuskraadidel ja vajavad tsentraalm\u00e4\u00e4ret mis vastab NLGI 2 konstsitentsusklassile. Mitmesugune kaevetehnika, metsandus- ja ehitus masinad, veokid ja t\u00f6\u00f6stusseadmed mis t\u00f6\u00f6tavad \u00e4\u00e4rmuslikes t\u00f6\u00f6tingimustes. S\u00fcnteetiline baas\u00f5li ja liitiumkompleks tahkesti tagavad k\u00f5rge m\u00e4\u00e4rdev\u00f5ime nii v\u00e4ga kuumades kui k\u00fclmades t\u00f6\u00f6tingimustes. Baas\u00f5li: S\u00fcnteetiline Tahkesti: Liitiumkompleks Baas\u00f5li viskoossus: 44 Kasutustemepratuuri vahemik: -55 C kuni +140 C l\u00fchiajaliselt kuni +180 C. V\u00e4rvus: Beez Konsistentsusklass: NLGI 2 J\u00f5udlustasemed: DIN 51502: KPHC2N-55 ISO 12924: L-XE(F)DIB\" \/>\n<meta property=\"og:url\" content=\"https:\/\/ranoja.ee\/toode\/universaalmaare-multipurpose-synthetic-2-400g-valvoline\/\" \/>\n<meta property=\"og:site_name\" content=\"Ranoja\" \/>\n<meta property=\"article:publisher\" content=\"https:\/\/www.facebook.com\/ranoja.ee\" \/>\n<meta property=\"article:modified_time\" content=\"2026-03-17T12:43:47+00:00\" \/>\n<meta property=\"og:image\" content=\"https:\/\/ranoja.ee\/wp-content\/uploads\/2026\/03\/260840972.jpg\" \/>\n\t<meta property=\"og:image:width\" content=\"467\" \/>\n\t<meta property=\"og:image:height\" content=\"768\" \/>\n\t<meta property=\"og:image:type\" content=\"image\/jpeg\" \/>\n<meta name=\"twitter:card\" content=\"summary_large_image\" \/>\n<script type=\"application\/ld+json\" class=\"yoast-schema-graph\">{\"@context\":\"https:\\\/\\\/schema.org\",\"@graph\":[{\"@type\":\"WebPage\",\"@id\":\"https:\\\/\\\/ranoja.ee\\\/toode\\\/universaalmaare-multipurpose-synthetic-2-400g-valvoline\\\/\",\"url\":\"https:\\\/\\\/ranoja.ee\\\/toode\\\/universaalmaare-multipurpose-synthetic-2-400g-valvoline\\\/\",\"name\":\"Universaalm\u00e4\u00e4re Multipurpose Synthetic 2 400g, Valvoline - Ranoja\",\"isPartOf\":{\"@id\":\"https:\\\/\\\/ranoja.ee\\\/#website\"},\"primaryImageOfPage\":{\"@id\":\"https:\\\/\\\/ranoja.ee\\\/toode\\\/universaalmaare-multipurpose-synthetic-2-400g-valvoline\\\/#primaryimage\"},\"image\":{\"@id\":\"https:\\\/\\\/ranoja.ee\\\/toode\\\/universaalmaare-multipurpose-synthetic-2-400g-valvoline\\\/#primaryimage\"},\"thumbnailUrl\":\"https:\\\/\\\/ranoja.ee\\\/wp-content\\\/uploads\\\/2026\\\/03\\\/260840972.jpg\",\"datePublished\":\"2026-03-16T22:57:12+00:00\",\"dateModified\":\"2026-03-17T12:43:47+00:00\",\"breadcrumb\":{\"@id\":\"https:\\\/\\\/ranoja.ee\\\/toode\\\/universaalmaare-multipurpose-synthetic-2-400g-valvoline\\\/#breadcrumb\"},\"inLanguage\":\"en-US\",\"potentialAction\":[{\"@type\":\"ReadAction\",\"target\":[\"https:\\\/\\\/ranoja.ee\\\/toode\\\/universaalmaare-multipurpose-synthetic-2-400g-valvoline\\\/\"]}]},{\"@type\":\"ImageObject\",\"inLanguage\":\"en-US\",\"@id\":\"https:\\\/\\\/ranoja.ee\\\/toode\\\/universaalmaare-multipurpose-synthetic-2-400g-valvoline\\\/#primaryimage\",\"url\":\"https:\\\/\\\/ranoja.ee\\\/wp-content\\\/uploads\\\/2026\\\/03\\\/260840972.jpg\",\"contentUrl\":\"https:\\\/\\\/ranoja.ee\\\/wp-content\\\/uploads\\\/2026\\\/03\\\/260840972.jpg\",\"width\":467,\"height\":768},{\"@type\":\"BreadcrumbList\",\"@id\":\"https:\\\/\\\/ranoja.ee\\\/toode\\\/universaalmaare-multipurpose-synthetic-2-400g-valvoline\\\/#breadcrumb\",\"itemListElement\":[{\"@type\":\"ListItem\",\"position\":1,\"name\":\"Home\",\"item\":\"https:\\\/\\\/ranoja.ee\\\/\"},{\"@type\":\"ListItem\",\"position\":2,\"name\":\"Shop\",\"item\":\"https:\\\/\\\/ranoja.ee\\\/en\\\/shop\\\/\"},{\"@type\":\"ListItem\",\"position\":3,\"name\":\"Universaalm\u00e4\u00e4re Multipurpose Synthetic 2 400g, Valvoline\"}]},{\"@type\":\"WebSite\",\"@id\":\"https:\\\/\\\/ranoja.ee\\\/#website\",\"url\":\"https:\\\/\\\/ranoja.ee\\\/\",\"name\":\"Ranoja\",\"description\":\"Equipment Shop WooCommerce WordPress Theme for Machine &amp; Tools\",\"publisher\":{\"@id\":\"https:\\\/\\\/ranoja.ee\\\/#organization\"},\"potentialAction\":[{\"@type\":\"SearchAction\",\"target\":{\"@type\":\"EntryPoint\",\"urlTemplate\":\"https:\\\/\\\/ranoja.ee\\\/?s={search_term_string}\"},\"query-input\":{\"@type\":\"PropertyValueSpecification\",\"valueRequired\":true,\"valueName\":\"search_term_string\"}}],\"inLanguage\":\"en-US\"},{\"@type\":\"Organization\",\"@id\":\"https:\\\/\\\/ranoja.ee\\\/#organization\",\"name\":\"Ranoja O\u00dc\",\"url\":\"https:\\\/\\\/ranoja.ee\\\/\",\"logo\":{\"@type\":\"ImageObject\",\"inLanguage\":\"en-US\",\"@id\":\"https:\\\/\\\/ranoja.ee\\\/#\\\/schema\\\/logo\\\/image\\\/\",\"url\":\"https:\\\/\\\/ranoja.ee\\\/wp-content\\\/uploads\\\/2023\\\/11\\\/ranoja-Logo.png\",\"contentUrl\":\"https:\\\/\\\/ranoja.ee\\\/wp-content\\\/uploads\\\/2023\\\/11\\\/ranoja-Logo.png\",\"width\":207,\"height\":58,\"caption\":\"Ranoja O\u00dc\"},\"image\":{\"@id\":\"https:\\\/\\\/ranoja.ee\\\/#\\\/schema\\\/logo\\\/image\\\/\"},\"sameAs\":[\"https:\\\/\\\/www.facebook.com\\\/ranoja.ee\",\"https:\\\/\\\/www.instagram.com\\\/ranoja__\\\/\"]}]}<\/script>\n<!-- \/ Yoast SEO plugin. -->","yoast_head_json":{"title":"Universaalm\u00e4\u00e4re Multipurpose Synthetic 2 400g, Valvoline - Ranoja","robots":{"index":"index","follow":"follow","max-snippet":"max-snippet:-1","max-image-preview":"max-image-preview:large","max-video-preview":"max-video-preview:-1"},"canonical":"https:\/\/ranoja.ee\/toode\/universaalmaare-multipurpose-synthetic-2-400g-valvoline\/","og_locale":"en_US","og_type":"article","og_title":"Universaalm\u00e4\u00e4re Multipurpose Synthetic 2 400g, Valvoline - Ranoja","og_description":"S\u00fcnteetiline liitiumkompleks m\u00e4\u00e4re k\u00f5rgkoormus (EP) lisanditega \u00e4\u00e4rmisulikeks t\u00f6\u00f6tingimusteks. V\u00e4ljat\u00f6\u00f6tatud selleks, et tagada kohene m\u00e4\u00e4rdev\u00f5ime v\u00e4ga madalatel miinuskraadidel metsanduses, kaevetehnikal, veokitel, teede ehituses ja t\u00f6\u00f6stuskasutuses. Valvoline Multipurpose Synthetic 2 on valmistatud s\u00fcnteetilisest baas\u00f5list mis tagab kasutususe v\u00e4ga laias temperatuurivahemikus ning tagab m\u00e4\u00e4rdele erakordselt hea mehaanilise stabiilsuse ja oks\u00fcdatsiooniv\u00f5ime ning hea pumbatavuse. Kasutuskohad: Sobilik kasutada laias kasutustemepratuuri vahemikus, aga eriti k\u00fclmades oludes kus seadmel on vajalik kohene m\u00e4\u00e4rminine suurte v\u00e4\u00e4nete ja koormuste puhul madalatel temepratuuridel k\u00e4ivitamisel. Samuti sobilik kiirep\u00f6\u00f6rdeliste laagrite m\u00e4\u00e4rdena. Kaasaegsed keskm\u00e4\u00e4rdes\u00fcsteemid mis t\u00f6\u00f6tavad madalatel miinuskraadidel ja vajavad tsentraalm\u00e4\u00e4ret mis vastab NLGI 2 konstsitentsusklassile. Mitmesugune kaevetehnika, metsandus- ja ehitus masinad, veokid ja t\u00f6\u00f6stusseadmed mis t\u00f6\u00f6tavad \u00e4\u00e4rmuslikes t\u00f6\u00f6tingimustes. S\u00fcnteetiline baas\u00f5li ja liitiumkompleks tahkesti tagavad k\u00f5rge m\u00e4\u00e4rdev\u00f5ime nii v\u00e4ga kuumades kui k\u00fclmades t\u00f6\u00f6tingimustes. Baas\u00f5li: S\u00fcnteetiline Tahkesti: Liitiumkompleks Baas\u00f5li viskoossus: 44 Kasutustemepratuuri vahemik: -55 C kuni +140 C l\u00fchiajaliselt kuni +180 C. V\u00e4rvus: Beez Konsistentsusklass: NLGI 2 J\u00f5udlustasemed: DIN 51502: KPHC2N-55 ISO 12924: L-XE(F)DIB","og_url":"https:\/\/ranoja.ee\/toode\/universaalmaare-multipurpose-synthetic-2-400g-valvoline\/","og_site_name":"Ranoja","article_publisher":"https:\/\/www.facebook.com\/ranoja.ee","article_modified_time":"2026-03-17T12:43:47+00:00","og_image":[{"width":467,"height":768,"url":"https:\/\/ranoja.ee\/wp-content\/uploads\/2026\/03\/260840972.jpg","type":"image\/jpeg"}],"twitter_card":"summary_large_image","schema":{"@context":"https:\/\/schema.org","@graph":[{"@type":"WebPage","@id":"https:\/\/ranoja.ee\/toode\/universaalmaare-multipurpose-synthetic-2-400g-valvoline\/","url":"https:\/\/ranoja.ee\/toode\/universaalmaare-multipurpose-synthetic-2-400g-valvoline\/","name":"Universaalm\u00e4\u00e4re Multipurpose Synthetic 2 400g, Valvoline - Ranoja","isPartOf":{"@id":"https:\/\/ranoja.ee\/#website"},"primaryImageOfPage":{"@id":"https:\/\/ranoja.ee\/toode\/universaalmaare-multipurpose-synthetic-2-400g-valvoline\/#primaryimage"},"image":{"@id":"https:\/\/ranoja.ee\/toode\/universaalmaare-multipurpose-synthetic-2-400g-valvoline\/#primaryimage"},"thumbnailUrl":"https:\/\/ranoja.ee\/wp-content\/uploads\/2026\/03\/260840972.jpg","datePublished":"2026-03-16T22:57:12+00:00","dateModified":"2026-03-17T12:43:47+00:00","breadcrumb":{"@id":"https:\/\/ranoja.ee\/toode\/universaalmaare-multipurpose-synthetic-2-400g-valvoline\/#breadcrumb"},"inLanguage":"en-US","potentialAction":[{"@type":"ReadAction","target":["https:\/\/ranoja.ee\/toode\/universaalmaare-multipurpose-synthetic-2-400g-valvoline\/"]}]},{"@type":"ImageObject","inLanguage":"en-US","@id":"https:\/\/ranoja.ee\/toode\/universaalmaare-multipurpose-synthetic-2-400g-valvoline\/#primaryimage","url":"https:\/\/ranoja.ee\/wp-content\/uploads\/2026\/03\/260840972.jpg","contentUrl":"https:\/\/ranoja.ee\/wp-content\/uploads\/2026\/03\/260840972.jpg","width":467,"height":768},{"@type":"BreadcrumbList","@id":"https:\/\/ranoja.ee\/toode\/universaalmaare-multipurpose-synthetic-2-400g-valvoline\/#breadcrumb","itemListElement":[{"@type":"ListItem","position":1,"name":"Home","item":"https:\/\/ranoja.ee\/"},{"@type":"ListItem","position":2,"name":"Shop","item":"https:\/\/ranoja.ee\/en\/shop\/"},{"@type":"ListItem","position":3,"name":"Universaalm\u00e4\u00e4re Multipurpose Synthetic 2 400g, Valvoline"}]},{"@type":"WebSite","@id":"https:\/\/ranoja.ee\/#website","url":"https:\/\/ranoja.ee\/","name":"Ranoja","description":"Equipment Shop WooCommerce WordPress Theme for Machine &amp; Tools","publisher":{"@id":"https:\/\/ranoja.ee\/#organization"},"potentialAction":[{"@type":"SearchAction","target":{"@type":"EntryPoint","urlTemplate":"https:\/\/ranoja.ee\/?s={search_term_string}"},"query-input":{"@type":"PropertyValueSpecification","valueRequired":true,"valueName":"search_term_string"}}],"inLanguage":"en-US"},{"@type":"Organization","@id":"https:\/\/ranoja.ee\/#organization","name":"Ranoja O\u00dc","url":"https:\/\/ranoja.ee\/","logo":{"@type":"ImageObject","inLanguage":"en-US","@id":"https:\/\/ranoja.ee\/#\/schema\/logo\/image\/","url":"https:\/\/ranoja.ee\/wp-content\/uploads\/2023\/11\/ranoja-Logo.png","contentUrl":"https:\/\/ranoja.ee\/wp-content\/uploads\/2023\/11\/ranoja-Logo.png","width":207,"height":58,"caption":"Ranoja O\u00dc"},"image":{"@id":"https:\/\/ranoja.ee\/#\/schema\/logo\/image\/"},"sameAs":["https:\/\/www.facebook.com\/ranoja.ee","https:\/\/www.instagram.com\/ranoja__\/"]}]}},"_links":{"self":[{"href":"https:\/\/ranoja.ee\/en\/wp-json\/wp\/v2\/product\/58240","targetHints":{"allow":["GET"]}}],"collection":[{"href":"https:\/\/ranoja.ee\/en\/wp-json\/wp\/v2\/product"}],"about":[{"href":"https:\/\/ranoja.ee\/en\/wp-json\/wp\/v2\/types\/product"}],"wp:featuredmedia":[{"embeddable":true,"href":"https:\/\/ranoja.ee\/en\/wp-json\/wp\/v2\/media\/58241"}],"wp:attachment":[{"href":"https:\/\/ranoja.ee\/en\/wp-json\/wp\/v2\/media?parent=58240"}],"wp:term":[{"taxonomy":"product_cat","embeddable":true,"href":"https:\/\/ranoja.ee\/en\/wp-json\/wp\/v2\/product_cat?post=58240"},{"taxonomy":"product_tag","embeddable":true,"href":"https:\/\/ranoja.ee\/en\/wp-json\/wp\/v2\/product_tag?post=58240"}],"curies":[{"name":"wp","href":"https:\/\/api.w.org\/{rel}","templated":true}]}}