{"id":58236,"date":"2026-03-17T01:57:12","date_gmt":"2026-03-16T22:57:12","guid":{"rendered":"https:\/\/ranoja.ee\/toode\/1-41-2-universaalne-tooriistakomplekt-97pcs-ks-tools\/"},"modified":"2026-03-17T15:43:47","modified_gmt":"2026-03-17T12:43:47","slug":"1-41-2-universaalne-tooriistakomplekt-97pcs-ks-tools","status":"publish","type":"product","link":"https:\/\/ranoja.ee\/en\/toode\/1-41-2-universaalne-tooriistakomplekt-97pcs-ks-tools\/","title":{"rendered":"1\/4&#8243;+1\/2&#8243; universaalne t\u00f6\u00f6riistakomplekt 97pcs, KS Tools"},"content":{"rendered":"","protected":false},"excerpt":{"rendered":"<p>Kirjeldus<br \/>\n6-kant<br \/>\nFlankTraction-profiil<br \/>\nmatt satineeritud<br \/>\nkroom-vanaadium<br \/>\nstabiilses plastkohvris<br \/>\nOmadused<br \/>\nMaterjal1:\tkvaliteetne kroomvanaadiumteras, mati l\u00e4ikega, kroomitud<br \/>\nPakendi k\u00f5rgus mm:\t104<br \/>\nPakendi laius mm:\t376<br \/>\nPakendi pikkus mm:\t451<br \/>\nPakendisisu:\t1<br \/>\nTagumine p\u00f6\u00f6rdenurk:\t5\u00b0<br \/>\nVideolingi sisu:\tVideo<br \/>\nhammas:\t72<br \/>\nkaal g:\t7980<br \/>\nkinnitus tollides:\t1\/2, 1\/4<br \/>\nmaterjal2:\tmatt satineeritud<br \/>\nnarre:\tja<br \/>\nosasid komplektis:\t97<br \/>\npakend:\tPlastikkohver<br \/>\nprofiil1:\tkuuskant<br \/>\nprofiil2:\tFlank Traction<br \/>\n115.1012&#038;KST\t\t1 x\tERGOTORQUE diagonaalsed k\u00fclgl\u00f5iketangid, 160 mm\t<br \/>\n115.1024&#038;KST\t\t1 x\tERGOTORQUE telefonitangid, 200 mm\t<br \/>\n142.133&#038;KST\t\t1 x\tLukksepavasar hikkoripuust varrega, 300 g\t<br \/>\n151.236&#038;KST\t\t1 x\tL-v\u00f5tmete Torx komplekt, l\u00fchike, 9osa\tToode pole individuaalselt saadaval<br \/>\n151.321&#038;KST\t\t1 x\tHexagon key wrench set in a folding holder,9 pcs1,5-10mm\t<br \/>\n159.1002&#038;KST\t\t1 x\tKruvikeeraja ERGOTORQUEplus, lapik, 3mm, 155mm pikk\t<br \/>\n159.1004&#038;KST\t\t1 x\tKruvikeeraja ERGOTORQUEplus, lapik, 4mm, pikkus180mm pikkus\t<br \/>\n159.1006&#038;KST\t\t1 x\tKruvikeeraja ERGOTORQUEplus, lapik, 5,5mm, 230mm pikk\t<br \/>\n159.1008&#038;KST\t\t1 x\tKruvikeeraja ERGOTORQUEplus, lapik, 6,5mm, pikkus 230mm\t<br \/>\n159.102&#038;KST\t\t1 x\tKruvikeeraja ERGOTORQUEplus, PH1, 180mm\t<br \/>\n159.1021&#038;KST\t\t1 x\tKruvikeeraja ERGOTORQUEplus, PH2, 205mm\t<br \/>\n159.1027&#038;KST\t\t1 x\tKruvikeeraja ERGOTORQUEplus, PH0, 155mm\t<br \/>\n517.0608&#038;KST\t\t1 x\tLehtsilmusv\u00f5ti, kaldotsaga, 8mm\t<br \/>\n517.0609&#038;KST\t\t1 x\tLehtsilmusv\u00f5ti, kaldotsaga, 9mm\t<br \/>\n517.061&#038;KST\t\t1 x\tLehtsilmusv\u00f5ti, kaldotsaga, 10mm\t<br \/>\n517.0611&#038;KST\t\t1 x\tLehtsilmusv\u00f5ti, kaldotsaga, 11mm\t<br \/>\n517.0612&#038;KST\t\t1 x\tLehtsilmusv\u00f5ti, kaldotsaga, 12mm\t<br \/>\n517.0613&#038;KST\t\t1 x\tLehtsilmusv\u00f5ti, kaldotsaga, 13mm\t<br \/>\n517.0614&#038;KST\t\t1 x\tLehtsilmusv\u00f5ti, kaldotsaga, 14mm\t<br \/>\n517.0615&#038;KST\t\t1 x\tLehtsilmusv\u00f5ti, kaldotsaga, 15mm\t<br \/>\n517.0616&#038;KST\t\t1 x\tLehtsilmusv\u00f5ti, kaldotsaga, 16mm\t<br \/>\n517.0617&#038;KST\t\t1 x\tLehtsilmusv\u00f5ti, kaldotsaga, 17mm\t<br \/>\n517.0618&#038;KST\t\t1 x\tLehtsilmusv\u00f5ti, kaldotsaga, 18mm\t<br \/>\n517.0619&#038;KST\t\t1 x\tLehtsilmusv\u00f5ti, kaldotsaga, 19mm\t<br \/>\n907.2135&#038;KST\t\t1 x\tUniversal snap off blade knife 18 mm\t<br \/>\n911.1202&#038;KST\t\t1 x\t1\/2&#8243; v\u00f5tmepikendus, 125mm\t<br \/>\n911.125&#038;KST\t\t1 x\t1\/2&#8243; Universal joint\t<br \/>\n911.1401&#038;KST\t\t1 x\t1\/4&#8243; padrunotsak, PZ1\t<br \/>\n911.1402&#038;KST\t\t1 x\t1\/4&#8243; padrunotsak, PZ2\t<br \/>\n911.1403&#038;KST\t\t1 x\t1\/4&#8243; padrunotsak, PZ3\t<br \/>\n911.1415&#038;KST\t\t1 x\t1\/4&#8243; padrunotsak, PH1\t<br \/>\n911.1416&#038;KST\t\t1 x\t1\/4&#8243; padrunotsak, PH2\t<br \/>\n911.1417&#038;KST\t\t1 x\t1\/4&#8243; padrunotsak, PH3\t<br \/>\n911.1418&#038;KST\t\t1 x\t1\/4&#8243; padrunotsak, lapik, 4mm\t<br \/>\n911.1419&#038;KST\t\t1 x\t1\/4&#8243; padrunotsak soonkruvidele, 5,5mm\t<br \/>\n911.1424&#038;KST\t\t1 x\t1\/4&#8243; v\u00f5tmepikendus koos ajamikuuskandiga, 100mm\t<br \/>\n911.1436&#038;KST\t\t1 x\t1\/4&#8243; padrunotsak, sisekuuskant, 3mm\t<br \/>\n911.1437&#038;KST\t\t1 x\t1\/4&#8243; padrunotsak, sisekuuskant, 4mm\t<br \/>\n911.1438&#038;KST\t\t1 x\t1\/4&#8243; padrunotsak, sisekuuskant, 5mm\t<br \/>\n911.1439&#038;KST\t\t1 x\t1\/4&#8243; padrunotsak, sisekuuskant, 6mm\t<br \/>\n911.1442&#038;KST\t\t1 x\t1\/4&#8243; padrunotsak, Torx T10\t<br \/>\n911.1443&#038;KST\t\t1 x\t1\/4&#8243; padrunotsak, Torx T15\t<br \/>\n911.1444&#038;KST\t\t1 x\t1\/4&#8243; padrunotsak, Torx T20\t<br \/>\n911.1445&#038;KST\t\t1 x\t1\/4&#8243; padrunotsak, Torx T25\t<br \/>\n911.1446&#038;KST\t\t1 x\t1\/4&#8243; padrunotsak, Torx T30\t<br \/>\n911.1447&#038;KST\t\t1 x\t1\/4&#8243; padrunotsak, Torx T40\t<br \/>\n911.1448&#038;KST\t\t1 x\t1\/4&#8243; padrunotsak, Torx T8\t<br \/>\n911.1449&#038;KST\t\t1 x\t1\/4&#8243; padrunotsak, Torx T27\t<br \/>\n911.145&#038;KST\t\t1 x\t1\/4&#8243; Universal joint\t<br \/>\n911.1478&#038;KST\t\t1 x\t1\/4&#8243; padrunotsak, Torx T9\t<br \/>\n914.129&#038;KST\t\t1 x\tReversible ratchet, 1\/2&#8243;, 72 teeth\tToode pole individuaalselt saadaval<br \/>\n914.149&#038;KST\t\t1 x\tReversible ratchet, 1\/4&#8243;, 72 teeth\tToode pole individuaalselt saadaval<br \/>\n917.0797-99&#038;KST\t1 x\tT\u00fchi plastkohver tootele 917.0797\t<br \/>\n917.121&#038;KST\t\t1 x\t1\/2&#8243; kuuskantpadrun, 10mm\t<br \/>\n917.1211&#038;KST\t\t1 x\t1\/2&#8243; kuuskantpadrun, 11mm\t<br \/>\n917.1212&#038;KST\t\t1 x\t1\/2&#8243; kuuskantpadrun, 12mm\t<br \/>\n917.1213&#038;KST\t\t1 x\t1\/2&#8243; kuuskantpadrun, 13mm\t<br \/>\n917.1214&#038;KST\t\t1 x\t1\/2&#8243; kuuskantpadrun, 14mm\t<br \/>\n917.1215&#038;KST\t\t1 x\t1\/2&#8243; kuuskantpadrun, 15mm\t<br \/>\n917.1216&#038;KST\t\t1 x\t1\/2&#8243; kuuskantpadrun, 16mm\t<br \/>\n917.1217&#038;KST\t\t1 x\t1\/2&#8243; kuuskantpadrun, 17mm\t<br \/>\n917.1219&#038;KST\t\t1 x\t1\/2&#8243; kuuskantpadrun, 19mm\t<br \/>\n917.122&#038;KST\t\t1 x\t1\/2&#8243; kuuskantpadrun, 20mm\t<br \/>\n917.1221&#038;KST\t\t1 x\t1\/2&#8243; kuuskantpadrun, 21mm\t<br \/>\n917.1222&#038;KST\t\t1 x\t1\/2&#8243; kuuskantpadrun, 22mm\t<br \/>\n917.1224&#038;KST\t\t1 x\t1\/2&#8243; kuuskantpadrun, 24mm\t<br \/>\n917.1227&#038;KST\t\t1 x\t1\/2&#8243; kuuskantpadrun, 27mm\t<br \/>\n917.123&#038;KST\t\t1 x\t1\/2&#8243; kuuskantpadrun, 30mm\t<br \/>\n917.1232&#038;KST\t\t1 x\t1\/2&#8243; kuuskantpadrun, 32mm\t<br \/>\n917.1404&#038;KST\t\t1 x\t1\/4&#8243; kuuskantpadrun, 4mm\t<br \/>\n917.14045&#038;KST\t1 x\t1\/4&#8243; kuuskantpadrun, 4,5mm\t<br \/>\n917.1405&#038;KST\t\t1 x\t1\/4&#8243; kuuskantpadrun, 5mm\t<br \/>\n917.14055&#038;KST\t1 x\t1\/4&#8243; kuuskantpadrun, 5,5mm\t<br \/>\n917.1406&#038;KST\t\t1 x\t1\/4&#8243; kuuskantpadrun, 6mm\t<br \/>\n917.1407&#038;KST\t\t1 x\t1\/4&#8243; kuuskantpadrun, 7mm\t<br \/>\n917.1408&#038;KST\t\t1 x\t1\/4&#8243; kuuskantpadrun, 8mm\t<br \/>\n917.1409&#038;KST\t\t1 x\t1\/4&#8243; kuuskantpadrun, 9mm\t<br \/>\n917.141&#038;KST\t\t1 x\t1\/4&#8243; kuuskantpadrun, 10mm\t<br \/>\n917.1411&#038;KST\t\t1 x\t1\/4&#8243; kuuskantpadrun, 11mm\t<br \/>\n917.1412&#038;KST\t\t1 x\t1\/4&#8243; kuuskantpadrun, 12mm\t<br \/>\n917.1413&#038;KST\t\t1 x\t1\/4&#8243; kuuskantpadrun, 13mm\t<br \/>\n917.1421&#038;KST\t\t1 x\t1\/4&#8243; padrunotsak, lapik, 6,5mm\t<\/p>\n","protected":false},"featured_media":58237,"template":"","meta":{"inline_featured_image":false},"product_cat":[1596,1116,5168,5169],"product_tag":[],"class_list":{"0":"post-58236","1":"product","2":"type-product","3":"status-publish","4":"has-post-thumbnail","6":"product_brand-ks-tools","7":"product_cat-kasitooriistad","8":"product_cat-lisaseadmed-ehitusseadmed-led-lisatuled-cb-raadiod-lallar","9":"product_cat-tooriista-komplektid","10":"product_cat-universaalsed-tooriistakomplektid","12":"first","13":"instock","14":"purchasable","15":"product-type-simple"},"yoast_head":"<!-- This site is optimized with the Yoast SEO plugin v27.4 - https:\/\/yoast.com\/product\/yoast-seo-wordpress\/ -->\n<title>1\/4&quot;+1\/2&quot; universaalne t\u00f6\u00f6riistakomplekt 97pcs, KS Tools - Ranoja<\/title>\n<meta name=\"robots\" content=\"index, follow, max-snippet:-1, max-image-preview:large, max-video-preview:-1\" \/>\n<link rel=\"canonical\" href=\"https:\/\/ranoja.ee\/toode\/1-41-2-universaalne-tooriistakomplekt-97pcs-ks-tools\/\" \/>\n<meta property=\"og:locale\" content=\"en_US\" \/>\n<meta property=\"og:type\" content=\"article\" \/>\n<meta property=\"og:title\" content=\"1\/4&quot;+1\/2&quot; universaalne t\u00f6\u00f6riistakomplekt 97pcs, KS Tools - Ranoja\" \/>\n<meta property=\"og:description\" content=\"Kirjeldus 6-kant FlankTraction-profiil matt satineeritud kroom-vanaadium stabiilses plastkohvris Omadused Materjal1: kvaliteetne kroomvanaadiumteras, mati l\u00e4ikega, kroomitud Pakendi k\u00f5rgus mm: 104 Pakendi laius mm: 376 Pakendi pikkus mm: 451 Pakendisisu: 1 Tagumine p\u00f6\u00f6rdenurk: 5\u00b0 Videolingi sisu: Video hammas: 72 kaal g: 7980 kinnitus tollides: 1\/2, 1\/4 materjal2: matt satineeritud narre: ja osasid komplektis: 97 pakend: Plastikkohver profiil1: kuuskant profiil2: Flank Traction 115.1012&amp;KST 1 x ERGOTORQUE diagonaalsed k\u00fclgl\u00f5iketangid, 160 mm 115.1024&amp;KST 1 x ERGOTORQUE telefonitangid, 200 mm 142.133&amp;KST 1 x Lukksepavasar hikkoripuust varrega, 300 g 151.236&amp;KST 1 x L-v\u00f5tmete Torx komplekt, l\u00fchike, 9osa Toode pole individuaalselt saadaval 151.321&amp;KST 1 x Hexagon key wrench set in a folding holder,9 pcs1,5-10mm 159.1002&amp;KST 1 x Kruvikeeraja ERGOTORQUEplus, lapik, 3mm, 155mm pikk 159.1004&amp;KST 1 x Kruvikeeraja ERGOTORQUEplus, lapik, 4mm, pikkus180mm pikkus 159.1006&amp;KST 1 x Kruvikeeraja ERGOTORQUEplus, lapik, 5,5mm, 230mm pikk 159.1008&amp;KST 1 x Kruvikeeraja ERGOTORQUEplus, lapik, 6,5mm, pikkus 230mm 159.102&amp;KST 1 x Kruvikeeraja ERGOTORQUEplus, PH1, 180mm 159.1021&amp;KST 1 x Kruvikeeraja ERGOTORQUEplus, PH2, 205mm 159.1027&amp;KST 1 x Kruvikeeraja ERGOTORQUEplus, PH0, 155mm 517.0608&amp;KST 1 x Lehtsilmusv\u00f5ti, kaldotsaga, 8mm 517.0609&amp;KST 1 x Lehtsilmusv\u00f5ti, kaldotsaga, 9mm 517.061&amp;KST 1 x Lehtsilmusv\u00f5ti, kaldotsaga, 10mm 517.0611&amp;KST 1 x Lehtsilmusv\u00f5ti, kaldotsaga, 11mm 517.0612&amp;KST 1 x Lehtsilmusv\u00f5ti, kaldotsaga, 12mm 517.0613&amp;KST 1 x Lehtsilmusv\u00f5ti, kaldotsaga, 13mm 517.0614&amp;KST 1 x Lehtsilmusv\u00f5ti, kaldotsaga, 14mm 517.0615&amp;KST 1 x Lehtsilmusv\u00f5ti, kaldotsaga, 15mm 517.0616&amp;KST 1 x Lehtsilmusv\u00f5ti, kaldotsaga, 16mm 517.0617&amp;KST 1 x Lehtsilmusv\u00f5ti, kaldotsaga, 17mm 517.0618&amp;KST 1 x Lehtsilmusv\u00f5ti, kaldotsaga, 18mm 517.0619&amp;KST 1 x Lehtsilmusv\u00f5ti, kaldotsaga, 19mm 907.2135&amp;KST 1 x Universal snap off blade knife 18 mm 911.1202&amp;KST 1 x 1\/2&quot; v\u00f5tmepikendus, 125mm 911.125&amp;KST 1 x 1\/2&quot; Universal joint 911.1401&amp;KST 1 x 1\/4&quot; padrunotsak, PZ1 911.1402&amp;KST 1 x 1\/4&quot; padrunotsak, PZ2 911.1403&amp;KST 1 x 1\/4&quot; padrunotsak, PZ3 911.1415&amp;KST 1 x 1\/4&quot; padrunotsak, PH1 911.1416&amp;KST 1 x 1\/4&quot; padrunotsak, PH2 911.1417&amp;KST 1 x 1\/4&quot; padrunotsak, PH3 911.1418&amp;KST 1 x 1\/4&quot; padrunotsak, lapik, 4mm 911.1419&amp;KST 1 x 1\/4&quot; padrunotsak soonkruvidele, 5,5mm 911.1424&amp;KST 1 x 1\/4&quot; v\u00f5tmepikendus koos ajamikuuskandiga, 100mm 911.1436&amp;KST 1 x 1\/4&quot; padrunotsak, sisekuuskant, 3mm 911.1437&amp;KST 1 x 1\/4&quot; padrunotsak, sisekuuskant, 4mm 911.1438&amp;KST 1 x 1\/4&quot; padrunotsak, sisekuuskant, 5mm 911.1439&amp;KST 1 x 1\/4&quot; padrunotsak, sisekuuskant, 6mm 911.1442&amp;KST 1 x 1\/4&quot; padrunotsak, Torx T10 911.1443&amp;KST 1 x 1\/4&quot; padrunotsak, Torx T15 911.1444&amp;KST 1 x 1\/4&quot; padrunotsak, Torx T20 911.1445&amp;KST 1 x 1\/4&quot; padrunotsak, Torx T25 911.1446&amp;KST 1 x 1\/4&quot; padrunotsak, Torx T30 911.1447&amp;KST 1 x 1\/4&quot; padrunotsak, Torx T40 911.1448&amp;KST 1 x 1\/4&quot; padrunotsak, Torx T8 911.1449&amp;KST 1 x 1\/4&quot; padrunotsak, Torx T27 911.145&amp;KST 1 x 1\/4&quot; Universal joint 911.1478&amp;KST 1 x 1\/4&quot; padrunotsak, Torx T9 914.129&amp;KST 1 x Reversible ratchet, 1\/2&quot;, 72 teeth Toode pole individuaalselt saadaval 914.149&amp;KST 1 x Reversible ratchet, 1\/4&quot;, 72 teeth Toode pole individuaalselt saadaval 917.0797-99&amp;KST 1 x T\u00fchi plastkohver tootele 917.0797 917.121&amp;KST 1 x 1\/2&quot; kuuskantpadrun, 10mm 917.1211&amp;KST 1 x 1\/2&quot; kuuskantpadrun, 11mm 917.1212&amp;KST 1 x 1\/2&quot; kuuskantpadrun, 12mm 917.1213&amp;KST 1 x 1\/2&quot; kuuskantpadrun, 13mm 917.1214&amp;KST 1 x 1\/2&quot; kuuskantpadrun, 14mm 917.1215&amp;KST 1 x 1\/2&quot; kuuskantpadrun, 15mm 917.1216&amp;KST 1 x 1\/2&quot; kuuskantpadrun, 16mm 917.1217&amp;KST 1 x 1\/2&quot; kuuskantpadrun, 17mm 917.1219&amp;KST 1 x 1\/2&quot; kuuskantpadrun, 19mm 917.122&amp;KST 1 x 1\/2&quot; kuuskantpadrun, 20mm 917.1221&amp;KST 1 x 1\/2&quot; kuuskantpadrun, 21mm 917.1222&amp;KST 1 x 1\/2&quot; kuuskantpadrun, 22mm 917.1224&amp;KST 1 x 1\/2&quot; kuuskantpadrun, 24mm 917.1227&amp;KST 1 x 1\/2&quot; kuuskantpadrun, 27mm 917.123&amp;KST 1 x 1\/2&quot; kuuskantpadrun, 30mm 917.1232&amp;KST 1 x 1\/2&quot; kuuskantpadrun, 32mm 917.1404&amp;KST 1 x 1\/4&quot; kuuskantpadrun, 4mm 917.14045&amp;KST 1 x 1\/4&quot; kuuskantpadrun, 4,5mm 917.1405&amp;KST 1 x 1\/4&quot; kuuskantpadrun, 5mm 917.14055&amp;KST 1 x 1\/4&quot; kuuskantpadrun, 5,5mm 917.1406&amp;KST 1 x 1\/4&quot; kuuskantpadrun, 6mm 917.1407&amp;KST 1 x 1\/4&quot; kuuskantpadrun, 7mm 917.1408&amp;KST 1 x 1\/4&quot; kuuskantpadrun, 8mm 917.1409&amp;KST 1 x 1\/4&quot; kuuskantpadrun, 9mm 917.141&amp;KST 1 x 1\/4&quot; kuuskantpadrun, 10mm 917.1411&amp;KST 1 x 1\/4&quot; kuuskantpadrun, 11mm 917.1412&amp;KST 1 x 1\/4&quot; kuuskantpadrun, 12mm 917.1413&amp;KST 1 x 1\/4&quot; kuuskantpadrun, 13mm 917.1421&amp;KST 1 x 1\/4&quot; padrunotsak, lapik, 6,5mm\" \/>\n<meta property=\"og:url\" content=\"https:\/\/ranoja.ee\/toode\/1-41-2-universaalne-tooriistakomplekt-97pcs-ks-tools\/\" \/>\n<meta property=\"og:site_name\" content=\"Ranoja\" \/>\n<meta property=\"article:publisher\" content=\"https:\/\/www.facebook.com\/ranoja.ee\" \/>\n<meta property=\"article:modified_time\" content=\"2026-03-17T12:43:47+00:00\" \/>\n<meta property=\"og:image\" content=\"https:\/\/ranoja.ee\/wp-content\/uploads\/2026\/03\/222587737.jpg\" \/>\n\t<meta property=\"og:image:width\" content=\"768\" \/>\n\t<meta property=\"og:image:height\" content=\"768\" \/>\n\t<meta property=\"og:image:type\" content=\"image\/jpeg\" \/>\n<meta name=\"twitter:card\" content=\"summary_large_image\" \/>\n<script type=\"application\/ld+json\" class=\"yoast-schema-graph\">{\"@context\":\"https:\\\/\\\/schema.org\",\"@graph\":[{\"@type\":\"WebPage\",\"@id\":\"https:\\\/\\\/ranoja.ee\\\/toode\\\/1-41-2-universaalne-tooriistakomplekt-97pcs-ks-tools\\\/\",\"url\":\"https:\\\/\\\/ranoja.ee\\\/toode\\\/1-41-2-universaalne-tooriistakomplekt-97pcs-ks-tools\\\/\",\"name\":\"1\\\/4\\\"+1\\\/2\\\" universaalne t\u00f6\u00f6riistakomplekt 97pcs, KS Tools - Ranoja\",\"isPartOf\":{\"@id\":\"https:\\\/\\\/ranoja.ee\\\/#website\"},\"primaryImageOfPage\":{\"@id\":\"https:\\\/\\\/ranoja.ee\\\/toode\\\/1-41-2-universaalne-tooriistakomplekt-97pcs-ks-tools\\\/#primaryimage\"},\"image\":{\"@id\":\"https:\\\/\\\/ranoja.ee\\\/toode\\\/1-41-2-universaalne-tooriistakomplekt-97pcs-ks-tools\\\/#primaryimage\"},\"thumbnailUrl\":\"https:\\\/\\\/ranoja.ee\\\/wp-content\\\/uploads\\\/2026\\\/03\\\/222587737.jpg\",\"datePublished\":\"2026-03-16T22:57:12+00:00\",\"dateModified\":\"2026-03-17T12:43:47+00:00\",\"breadcrumb\":{\"@id\":\"https:\\\/\\\/ranoja.ee\\\/toode\\\/1-41-2-universaalne-tooriistakomplekt-97pcs-ks-tools\\\/#breadcrumb\"},\"inLanguage\":\"en-US\",\"potentialAction\":[{\"@type\":\"ReadAction\",\"target\":[\"https:\\\/\\\/ranoja.ee\\\/toode\\\/1-41-2-universaalne-tooriistakomplekt-97pcs-ks-tools\\\/\"]}]},{\"@type\":\"ImageObject\",\"inLanguage\":\"en-US\",\"@id\":\"https:\\\/\\\/ranoja.ee\\\/toode\\\/1-41-2-universaalne-tooriistakomplekt-97pcs-ks-tools\\\/#primaryimage\",\"url\":\"https:\\\/\\\/ranoja.ee\\\/wp-content\\\/uploads\\\/2026\\\/03\\\/222587737.jpg\",\"contentUrl\":\"https:\\\/\\\/ranoja.ee\\\/wp-content\\\/uploads\\\/2026\\\/03\\\/222587737.jpg\",\"width\":768,\"height\":768},{\"@type\":\"BreadcrumbList\",\"@id\":\"https:\\\/\\\/ranoja.ee\\\/toode\\\/1-41-2-universaalne-tooriistakomplekt-97pcs-ks-tools\\\/#breadcrumb\",\"itemListElement\":[{\"@type\":\"ListItem\",\"position\":1,\"name\":\"Home\",\"item\":\"https:\\\/\\\/ranoja.ee\\\/\"},{\"@type\":\"ListItem\",\"position\":2,\"name\":\"Shop\",\"item\":\"https:\\\/\\\/ranoja.ee\\\/en\\\/shop\\\/\"},{\"@type\":\"ListItem\",\"position\":3,\"name\":\"1\\\/4&#8243;+1\\\/2&#8243; universaalne t\u00f6\u00f6riistakomplekt 97pcs, KS Tools\"}]},{\"@type\":\"WebSite\",\"@id\":\"https:\\\/\\\/ranoja.ee\\\/#website\",\"url\":\"https:\\\/\\\/ranoja.ee\\\/\",\"name\":\"Ranoja\",\"description\":\"Equipment Shop WooCommerce WordPress Theme for Machine &amp; Tools\",\"publisher\":{\"@id\":\"https:\\\/\\\/ranoja.ee\\\/#organization\"},\"potentialAction\":[{\"@type\":\"SearchAction\",\"target\":{\"@type\":\"EntryPoint\",\"urlTemplate\":\"https:\\\/\\\/ranoja.ee\\\/?s={search_term_string}\"},\"query-input\":{\"@type\":\"PropertyValueSpecification\",\"valueRequired\":true,\"valueName\":\"search_term_string\"}}],\"inLanguage\":\"en-US\"},{\"@type\":\"Organization\",\"@id\":\"https:\\\/\\\/ranoja.ee\\\/#organization\",\"name\":\"Ranoja O\u00dc\",\"url\":\"https:\\\/\\\/ranoja.ee\\\/\",\"logo\":{\"@type\":\"ImageObject\",\"inLanguage\":\"en-US\",\"@id\":\"https:\\\/\\\/ranoja.ee\\\/#\\\/schema\\\/logo\\\/image\\\/\",\"url\":\"https:\\\/\\\/ranoja.ee\\\/wp-content\\\/uploads\\\/2023\\\/11\\\/ranoja-Logo.png\",\"contentUrl\":\"https:\\\/\\\/ranoja.ee\\\/wp-content\\\/uploads\\\/2023\\\/11\\\/ranoja-Logo.png\",\"width\":207,\"height\":58,\"caption\":\"Ranoja O\u00dc\"},\"image\":{\"@id\":\"https:\\\/\\\/ranoja.ee\\\/#\\\/schema\\\/logo\\\/image\\\/\"},\"sameAs\":[\"https:\\\/\\\/www.facebook.com\\\/ranoja.ee\",\"https:\\\/\\\/www.instagram.com\\\/ranoja__\\\/\"]}]}<\/script>\n<!-- \/ Yoast SEO plugin. -->","yoast_head_json":{"title":"1\/4\"+1\/2\" universaalne t\u00f6\u00f6riistakomplekt 97pcs, KS Tools - Ranoja","robots":{"index":"index","follow":"follow","max-snippet":"max-snippet:-1","max-image-preview":"max-image-preview:large","max-video-preview":"max-video-preview:-1"},"canonical":"https:\/\/ranoja.ee\/toode\/1-41-2-universaalne-tooriistakomplekt-97pcs-ks-tools\/","og_locale":"en_US","og_type":"article","og_title":"1\/4\"+1\/2\" universaalne t\u00f6\u00f6riistakomplekt 97pcs, KS Tools - Ranoja","og_description":"Kirjeldus 6-kant FlankTraction-profiil matt satineeritud kroom-vanaadium stabiilses plastkohvris Omadused Materjal1: kvaliteetne kroomvanaadiumteras, mati l\u00e4ikega, kroomitud Pakendi k\u00f5rgus mm: 104 Pakendi laius mm: 376 Pakendi pikkus mm: 451 Pakendisisu: 1 Tagumine p\u00f6\u00f6rdenurk: 5\u00b0 Videolingi sisu: Video hammas: 72 kaal g: 7980 kinnitus tollides: 1\/2, 1\/4 materjal2: matt satineeritud narre: ja osasid komplektis: 97 pakend: Plastikkohver profiil1: kuuskant profiil2: Flank Traction 115.1012&KST 1 x ERGOTORQUE diagonaalsed k\u00fclgl\u00f5iketangid, 160 mm 115.1024&KST 1 x ERGOTORQUE telefonitangid, 200 mm 142.133&KST 1 x Lukksepavasar hikkoripuust varrega, 300 g 151.236&KST 1 x L-v\u00f5tmete Torx komplekt, l\u00fchike, 9osa Toode pole individuaalselt saadaval 151.321&KST 1 x Hexagon key wrench set in a folding holder,9 pcs1,5-10mm 159.1002&KST 1 x Kruvikeeraja ERGOTORQUEplus, lapik, 3mm, 155mm pikk 159.1004&KST 1 x Kruvikeeraja ERGOTORQUEplus, lapik, 4mm, pikkus180mm pikkus 159.1006&KST 1 x Kruvikeeraja ERGOTORQUEplus, lapik, 5,5mm, 230mm pikk 159.1008&KST 1 x Kruvikeeraja ERGOTORQUEplus, lapik, 6,5mm, pikkus 230mm 159.102&KST 1 x Kruvikeeraja ERGOTORQUEplus, PH1, 180mm 159.1021&KST 1 x Kruvikeeraja ERGOTORQUEplus, PH2, 205mm 159.1027&KST 1 x Kruvikeeraja ERGOTORQUEplus, PH0, 155mm 517.0608&KST 1 x Lehtsilmusv\u00f5ti, kaldotsaga, 8mm 517.0609&KST 1 x Lehtsilmusv\u00f5ti, kaldotsaga, 9mm 517.061&KST 1 x Lehtsilmusv\u00f5ti, kaldotsaga, 10mm 517.0611&KST 1 x Lehtsilmusv\u00f5ti, kaldotsaga, 11mm 517.0612&KST 1 x Lehtsilmusv\u00f5ti, kaldotsaga, 12mm 517.0613&KST 1 x Lehtsilmusv\u00f5ti, kaldotsaga, 13mm 517.0614&KST 1 x Lehtsilmusv\u00f5ti, kaldotsaga, 14mm 517.0615&KST 1 x Lehtsilmusv\u00f5ti, kaldotsaga, 15mm 517.0616&KST 1 x Lehtsilmusv\u00f5ti, kaldotsaga, 16mm 517.0617&KST 1 x Lehtsilmusv\u00f5ti, kaldotsaga, 17mm 517.0618&KST 1 x Lehtsilmusv\u00f5ti, kaldotsaga, 18mm 517.0619&KST 1 x Lehtsilmusv\u00f5ti, kaldotsaga, 19mm 907.2135&KST 1 x Universal snap off blade knife 18 mm 911.1202&KST 1 x 1\/2\" v\u00f5tmepikendus, 125mm 911.125&KST 1 x 1\/2\" Universal joint 911.1401&KST 1 x 1\/4\" padrunotsak, PZ1 911.1402&KST 1 x 1\/4\" padrunotsak, PZ2 911.1403&KST 1 x 1\/4\" padrunotsak, PZ3 911.1415&KST 1 x 1\/4\" padrunotsak, PH1 911.1416&KST 1 x 1\/4\" padrunotsak, PH2 911.1417&KST 1 x 1\/4\" padrunotsak, PH3 911.1418&KST 1 x 1\/4\" padrunotsak, lapik, 4mm 911.1419&KST 1 x 1\/4\" padrunotsak soonkruvidele, 5,5mm 911.1424&KST 1 x 1\/4\" v\u00f5tmepikendus koos ajamikuuskandiga, 100mm 911.1436&KST 1 x 1\/4\" padrunotsak, sisekuuskant, 3mm 911.1437&KST 1 x 1\/4\" padrunotsak, sisekuuskant, 4mm 911.1438&KST 1 x 1\/4\" padrunotsak, sisekuuskant, 5mm 911.1439&KST 1 x 1\/4\" padrunotsak, sisekuuskant, 6mm 911.1442&KST 1 x 1\/4\" padrunotsak, Torx T10 911.1443&KST 1 x 1\/4\" padrunotsak, Torx T15 911.1444&KST 1 x 1\/4\" padrunotsak, Torx T20 911.1445&KST 1 x 1\/4\" padrunotsak, Torx T25 911.1446&KST 1 x 1\/4\" padrunotsak, Torx T30 911.1447&KST 1 x 1\/4\" padrunotsak, Torx T40 911.1448&KST 1 x 1\/4\" padrunotsak, Torx T8 911.1449&KST 1 x 1\/4\" padrunotsak, Torx T27 911.145&KST 1 x 1\/4\" Universal joint 911.1478&KST 1 x 1\/4\" padrunotsak, Torx T9 914.129&KST 1 x Reversible ratchet, 1\/2\", 72 teeth Toode pole individuaalselt saadaval 914.149&KST 1 x Reversible ratchet, 1\/4\", 72 teeth Toode pole individuaalselt saadaval 917.0797-99&KST 1 x T\u00fchi plastkohver tootele 917.0797 917.121&KST 1 x 1\/2\" kuuskantpadrun, 10mm 917.1211&KST 1 x 1\/2\" kuuskantpadrun, 11mm 917.1212&KST 1 x 1\/2\" kuuskantpadrun, 12mm 917.1213&KST 1 x 1\/2\" kuuskantpadrun, 13mm 917.1214&KST 1 x 1\/2\" kuuskantpadrun, 14mm 917.1215&KST 1 x 1\/2\" kuuskantpadrun, 15mm 917.1216&KST 1 x 1\/2\" kuuskantpadrun, 16mm 917.1217&KST 1 x 1\/2\" kuuskantpadrun, 17mm 917.1219&KST 1 x 1\/2\" kuuskantpadrun, 19mm 917.122&KST 1 x 1\/2\" kuuskantpadrun, 20mm 917.1221&KST 1 x 1\/2\" kuuskantpadrun, 21mm 917.1222&KST 1 x 1\/2\" kuuskantpadrun, 22mm 917.1224&KST 1 x 1\/2\" kuuskantpadrun, 24mm 917.1227&KST 1 x 1\/2\" kuuskantpadrun, 27mm 917.123&KST 1 x 1\/2\" kuuskantpadrun, 30mm 917.1232&KST 1 x 1\/2\" kuuskantpadrun, 32mm 917.1404&KST 1 x 1\/4\" kuuskantpadrun, 4mm 917.14045&KST 1 x 1\/4\" kuuskantpadrun, 4,5mm 917.1405&KST 1 x 1\/4\" kuuskantpadrun, 5mm 917.14055&KST 1 x 1\/4\" kuuskantpadrun, 5,5mm 917.1406&KST 1 x 1\/4\" kuuskantpadrun, 6mm 917.1407&KST 1 x 1\/4\" kuuskantpadrun, 7mm 917.1408&KST 1 x 1\/4\" kuuskantpadrun, 8mm 917.1409&KST 1 x 1\/4\" kuuskantpadrun, 9mm 917.141&KST 1 x 1\/4\" kuuskantpadrun, 10mm 917.1411&KST 1 x 1\/4\" kuuskantpadrun, 11mm 917.1412&KST 1 x 1\/4\" kuuskantpadrun, 12mm 917.1413&KST 1 x 1\/4\" kuuskantpadrun, 13mm 917.1421&KST 1 x 1\/4\" padrunotsak, lapik, 6,5mm","og_url":"https:\/\/ranoja.ee\/toode\/1-41-2-universaalne-tooriistakomplekt-97pcs-ks-tools\/","og_site_name":"Ranoja","article_publisher":"https:\/\/www.facebook.com\/ranoja.ee","article_modified_time":"2026-03-17T12:43:47+00:00","og_image":[{"width":768,"height":768,"url":"https:\/\/ranoja.ee\/wp-content\/uploads\/2026\/03\/222587737.jpg","type":"image\/jpeg"}],"twitter_card":"summary_large_image","schema":{"@context":"https:\/\/schema.org","@graph":[{"@type":"WebPage","@id":"https:\/\/ranoja.ee\/toode\/1-41-2-universaalne-tooriistakomplekt-97pcs-ks-tools\/","url":"https:\/\/ranoja.ee\/toode\/1-41-2-universaalne-tooriistakomplekt-97pcs-ks-tools\/","name":"1\/4\"+1\/2\" universaalne t\u00f6\u00f6riistakomplekt 97pcs, KS Tools - Ranoja","isPartOf":{"@id":"https:\/\/ranoja.ee\/#website"},"primaryImageOfPage":{"@id":"https:\/\/ranoja.ee\/toode\/1-41-2-universaalne-tooriistakomplekt-97pcs-ks-tools\/#primaryimage"},"image":{"@id":"https:\/\/ranoja.ee\/toode\/1-41-2-universaalne-tooriistakomplekt-97pcs-ks-tools\/#primaryimage"},"thumbnailUrl":"https:\/\/ranoja.ee\/wp-content\/uploads\/2026\/03\/222587737.jpg","datePublished":"2026-03-16T22:57:12+00:00","dateModified":"2026-03-17T12:43:47+00:00","breadcrumb":{"@id":"https:\/\/ranoja.ee\/toode\/1-41-2-universaalne-tooriistakomplekt-97pcs-ks-tools\/#breadcrumb"},"inLanguage":"en-US","potentialAction":[{"@type":"ReadAction","target":["https:\/\/ranoja.ee\/toode\/1-41-2-universaalne-tooriistakomplekt-97pcs-ks-tools\/"]}]},{"@type":"ImageObject","inLanguage":"en-US","@id":"https:\/\/ranoja.ee\/toode\/1-41-2-universaalne-tooriistakomplekt-97pcs-ks-tools\/#primaryimage","url":"https:\/\/ranoja.ee\/wp-content\/uploads\/2026\/03\/222587737.jpg","contentUrl":"https:\/\/ranoja.ee\/wp-content\/uploads\/2026\/03\/222587737.jpg","width":768,"height":768},{"@type":"BreadcrumbList","@id":"https:\/\/ranoja.ee\/toode\/1-41-2-universaalne-tooriistakomplekt-97pcs-ks-tools\/#breadcrumb","itemListElement":[{"@type":"ListItem","position":1,"name":"Home","item":"https:\/\/ranoja.ee\/"},{"@type":"ListItem","position":2,"name":"Shop","item":"https:\/\/ranoja.ee\/en\/shop\/"},{"@type":"ListItem","position":3,"name":"1\/4&#8243;+1\/2&#8243; universaalne t\u00f6\u00f6riistakomplekt 97pcs, KS Tools"}]},{"@type":"WebSite","@id":"https:\/\/ranoja.ee\/#website","url":"https:\/\/ranoja.ee\/","name":"Ranoja","description":"Equipment Shop WooCommerce WordPress Theme for Machine &amp; Tools","publisher":{"@id":"https:\/\/ranoja.ee\/#organization"},"potentialAction":[{"@type":"SearchAction","target":{"@type":"EntryPoint","urlTemplate":"https:\/\/ranoja.ee\/?s={search_term_string}"},"query-input":{"@type":"PropertyValueSpecification","valueRequired":true,"valueName":"search_term_string"}}],"inLanguage":"en-US"},{"@type":"Organization","@id":"https:\/\/ranoja.ee\/#organization","name":"Ranoja O\u00dc","url":"https:\/\/ranoja.ee\/","logo":{"@type":"ImageObject","inLanguage":"en-US","@id":"https:\/\/ranoja.ee\/#\/schema\/logo\/image\/","url":"https:\/\/ranoja.ee\/wp-content\/uploads\/2023\/11\/ranoja-Logo.png","contentUrl":"https:\/\/ranoja.ee\/wp-content\/uploads\/2023\/11\/ranoja-Logo.png","width":207,"height":58,"caption":"Ranoja O\u00dc"},"image":{"@id":"https:\/\/ranoja.ee\/#\/schema\/logo\/image\/"},"sameAs":["https:\/\/www.facebook.com\/ranoja.ee","https:\/\/www.instagram.com\/ranoja__\/"]}]}},"_links":{"self":[{"href":"https:\/\/ranoja.ee\/en\/wp-json\/wp\/v2\/product\/58236","targetHints":{"allow":["GET"]}}],"collection":[{"href":"https:\/\/ranoja.ee\/en\/wp-json\/wp\/v2\/product"}],"about":[{"href":"https:\/\/ranoja.ee\/en\/wp-json\/wp\/v2\/types\/product"}],"wp:featuredmedia":[{"embeddable":true,"href":"https:\/\/ranoja.ee\/en\/wp-json\/wp\/v2\/media\/58237"}],"wp:attachment":[{"href":"https:\/\/ranoja.ee\/en\/wp-json\/wp\/v2\/media?parent=58236"}],"wp:term":[{"taxonomy":"product_cat","embeddable":true,"href":"https:\/\/ranoja.ee\/en\/wp-json\/wp\/v2\/product_cat?post=58236"},{"taxonomy":"product_tag","embeddable":true,"href":"https:\/\/ranoja.ee\/en\/wp-json\/wp\/v2\/product_tag?post=58236"}],"curies":[{"name":"wp","href":"https:\/\/api.w.org\/{rel}","templated":true}]}}