{"id":58222,"date":"2026-03-17T01:57:12","date_gmt":"2026-03-16T22:57:12","guid":{"rendered":"https:\/\/ranoja.ee\/toode\/akuga-multitooriist-aeda-bc-mfh400-x-karkass-scheppach\/"},"modified":"2026-03-17T15:43:47","modified_gmt":"2026-03-17T12:43:47","slug":"akuga-multitooriist-aeda-bc-mfh400-x-karkass-scheppach","status":"publish","type":"product","link":"https:\/\/ranoja.ee\/en\/toode\/akuga-multitooriist-aeda-bc-mfh400-x-karkass-scheppach\/","title":{"rendered":"Akuga multit\u00f6\u00f6riist aeda BC-MFH400-X, karkass, Scheppach"},"content":{"rendered":"","protected":false},"excerpt":{"rendered":"<p>Aku pinge 2x 20 V (40 V)<br \/>\nHarjadeta mootor<br \/>\nMurutrimmer:<br \/>\nTamiil 1,6 mm<br \/>\nNiidukaar 380 mm<br \/>\nM\u00f5\u00f5dud P x L x K 1940 x 480 x 230 mm<br \/>\nV\u00f5sal\u00f5ikur:<br \/>\nT\u00f6\u00f6laius 255 mm<br \/>\nM\u00f5\u00f5dud P x L x K 1940 x 480 x 230 mm<br \/>\nHekil\u00f5ikur:<br \/>\nTera pikkus 390 mm<br \/>\nOksa m\u00f5\u00f5t max. 24 mm<br \/>\nM\u00f5\u00f5dud P x L x K 2380 x 330 x 200 mm<br \/>\nK\u00f5rgl\u00f5ikur:<br \/>\nLati pikkus 260 mm<br \/>\nketi kiirus max. 18 m\/s<br \/>\nM\u00f5\u00f5dud P x L x K 2170 x 130 x 200 mm<br \/>\nKaal neto \/ bruto 9,2 \/ 11 kg<\/p>\n<p>\u2022 Aedniku multit\u00f6\u00f6riist \u00fchendab 4 funktsiooni \u00fches t\u00f6\u00f6riistas: murutrimmer, v\u00f5sal\u00f5ikur, hekil\u00f5ikur, poomiga oksasaag<br \/>\n\u2022 Hooldusvaba, eriti t\u00f5hus harjadeta mootor tagab pikema t\u00f6\u00f6- ja kasutusea<br \/>\n\u2022 V\u00f5imas 2x 20 V (40 V) harjavaba mootor<br \/>\n\u2022 Murutrimmer: 1,6 mm topelt-tamiiliga poolautomaatne trimmipea, 380 mm niidukaar<br \/>\n\u2022 Rohul\u00f5ikur: spetsiaalsest terasest, 255 mm t\u00f6\u00f6laiusega kolmiknuga<br \/>\n\u2022 Hekil\u00f5ikur: l\u00f5ikepikkus 390 mm, nurga reguleerimine 11 sammuga, 24 mm maksimaalne oksa l\u00e4bim\u00f5\u00f5t, laserl\u00f5igatud terad<br \/>\n\u2022 Poomiga oksasaag: 260 lati pikkus, max. l\u00f5ikekiirus 18 m\/s. 3 l\u00f5ikekiirust: 1. k\u00e4ik \u2013 12 m\/s, 2. k\u00e4ik \u2013 15 m\/s, 3. k\u00e4ik \u2013 18 m\/s<br \/>\n\u2022 Automaatne keti\u00f5litus ProCut latt ja kett<br \/>\n\u2022 Lisaseadmete t\u00f6\u00f6riistavaba vahetus<br \/>\n\u2022 Lihtne kiiruse reguleerimine juhtpaneelilt<br \/>\n\u2022 Kiirvabastusfunktsiooniga \u00f5larihm<br \/>\n\u2022 Aku ja laadija saadaval eraldi<br \/>\n\u2022 Komplektis kanderihm, tera kaitse, montaa\u017eit\u00f6\u00f6riistad<\/p>\n<p>Sobivad akud ja laadijad: <br \/>\n7909201720&#038;SCHEP Komplekt SBSK2.0 Starterkit 1: 2,0 Ah  aku + 2,4 A laadija<br \/>\n7909201721&#038;SCHEP Komplekt SBSK4.0 Starterkit 2: 4,0Ah aku + 2,4 A laadija<br \/>\n7909201708&#038;SCHEP Aku SBP2.0,  20 V \/ 2,0 Ah, Li-ioon<br \/>\n7909201709&#038;SCHEP Aku SBP4.0, 20 V \/ 4,0 Ah, Li-ioon<br \/>\n7909201711&#038;SCHEP Kiirlaadija SBC4.5A<\/p>\n<p>Scheppachi elektrilised k\u00e4sit\u00f6\u00f6riistad on m\u00f5eldud n\u00f5udlikule hobikasutajale<\/p>\n","protected":false},"featured_media":58223,"template":"","meta":{"inline_featured_image":false},"product_cat":[5232,1087,5172],"product_tag":[],"class_list":{"0":"post-58222","1":"product","2":"type-product","3":"status-publish","4":"has-post-thumbnail","6":"product_brand-scheppach","7":"product_cat-akuga-vosaloikurid","8":"product_cat-metsatehnika","9":"product_cat-vosaloikurid","11":"first","12":"instock","13":"purchasable","14":"product-type-simple"},"yoast_head":"<!-- This site is optimized with the Yoast SEO plugin v27.4 - https:\/\/yoast.com\/product\/yoast-seo-wordpress\/ -->\n<title>Akuga multit\u00f6\u00f6riist aeda BC-MFH400-X, karkass, Scheppach - Ranoja<\/title>\n<meta name=\"robots\" content=\"index, follow, max-snippet:-1, max-image-preview:large, max-video-preview:-1\" \/>\n<link rel=\"canonical\" href=\"https:\/\/ranoja.ee\/toode\/akuga-multitooriist-aeda-bc-mfh400-x-karkass-scheppach\/\" \/>\n<meta property=\"og:locale\" content=\"en_US\" \/>\n<meta property=\"og:type\" content=\"article\" \/>\n<meta property=\"og:title\" content=\"Akuga multit\u00f6\u00f6riist aeda BC-MFH400-X, karkass, Scheppach - Ranoja\" \/>\n<meta property=\"og:description\" content=\"Aku pinge 2x 20 V (40 V) Harjadeta mootor Murutrimmer: Tamiil 1,6 mm Niidukaar 380 mm M\u00f5\u00f5dud P x L x K 1940 x 480 x 230 mm V\u00f5sal\u00f5ikur: T\u00f6\u00f6laius 255 mm M\u00f5\u00f5dud P x L x K 1940 x 480 x 230 mm Hekil\u00f5ikur: Tera pikkus 390 mm Oksa m\u00f5\u00f5t max. 24 mm M\u00f5\u00f5dud P x L x K 2380 x 330 x 200 mm K\u00f5rgl\u00f5ikur: Lati pikkus 260 mm keti kiirus max. 18 m\/s M\u00f5\u00f5dud P x L x K 2170 x 130 x 200 mm Kaal neto \/ bruto 9,2 \/ 11 kg \u2022 Aedniku multit\u00f6\u00f6riist \u00fchendab 4 funktsiooni \u00fches t\u00f6\u00f6riistas: murutrimmer, v\u00f5sal\u00f5ikur, hekil\u00f5ikur, poomiga oksasaag \u2022 Hooldusvaba, eriti t\u00f5hus harjadeta mootor tagab pikema t\u00f6\u00f6- ja kasutusea \u2022 V\u00f5imas 2x 20 V (40 V) harjavaba mootor \u2022 Murutrimmer: 1,6 mm topelt-tamiiliga poolautomaatne trimmipea, 380 mm niidukaar \u2022 Rohul\u00f5ikur: spetsiaalsest terasest, 255 mm t\u00f6\u00f6laiusega kolmiknuga \u2022 Hekil\u00f5ikur: l\u00f5ikepikkus 390 mm, nurga reguleerimine 11 sammuga, 24 mm maksimaalne oksa l\u00e4bim\u00f5\u00f5t, laserl\u00f5igatud terad \u2022 Poomiga oksasaag: 260 lati pikkus, max. l\u00f5ikekiirus 18 m\/s. 3 l\u00f5ikekiirust: 1. k\u00e4ik \u2013 12 m\/s, 2. k\u00e4ik \u2013 15 m\/s, 3. k\u00e4ik \u2013 18 m\/s \u2022 Automaatne keti\u00f5litus ProCut latt ja kett \u2022 Lisaseadmete t\u00f6\u00f6riistavaba vahetus \u2022 Lihtne kiiruse reguleerimine juhtpaneelilt \u2022 Kiirvabastusfunktsiooniga \u00f5larihm \u2022 Aku ja laadija saadaval eraldi \u2022 Komplektis kanderihm, tera kaitse, montaa\u017eit\u00f6\u00f6riistad Sobivad akud ja laadijad: 7909201720&amp;SCHEP Komplekt SBSK2.0 Starterkit 1: 2,0 Ah aku + 2,4 A laadija 7909201721&amp;SCHEP Komplekt SBSK4.0 Starterkit 2: 4,0Ah aku + 2,4 A laadija 7909201708&amp;SCHEP Aku SBP2.0, 20 V \/ 2,0 Ah, Li-ioon 7909201709&amp;SCHEP Aku SBP4.0, 20 V \/ 4,0 Ah, Li-ioon 7909201711&amp;SCHEP Kiirlaadija SBC4.5A Scheppachi elektrilised k\u00e4sit\u00f6\u00f6riistad on m\u00f5eldud n\u00f5udlikule hobikasutajale\" \/>\n<meta property=\"og:url\" content=\"https:\/\/ranoja.ee\/toode\/akuga-multitooriist-aeda-bc-mfh400-x-karkass-scheppach\/\" \/>\n<meta property=\"og:site_name\" content=\"Ranoja\" \/>\n<meta property=\"article:publisher\" content=\"https:\/\/www.facebook.com\/ranoja.ee\" \/>\n<meta property=\"article:modified_time\" content=\"2026-03-17T12:43:47+00:00\" \/>\n<meta property=\"og:image\" content=\"https:\/\/ranoja.ee\/wp-content\/uploads\/2026\/03\/261097112.jpg\" \/>\n\t<meta property=\"og:image:width\" content=\"900\" \/>\n\t<meta property=\"og:image:height\" content=\"539\" \/>\n\t<meta property=\"og:image:type\" content=\"image\/jpeg\" \/>\n<meta name=\"twitter:card\" content=\"summary_large_image\" \/>\n<script type=\"application\/ld+json\" class=\"yoast-schema-graph\">{\"@context\":\"https:\\\/\\\/schema.org\",\"@graph\":[{\"@type\":\"WebPage\",\"@id\":\"https:\\\/\\\/ranoja.ee\\\/toode\\\/akuga-multitooriist-aeda-bc-mfh400-x-karkass-scheppach\\\/\",\"url\":\"https:\\\/\\\/ranoja.ee\\\/toode\\\/akuga-multitooriist-aeda-bc-mfh400-x-karkass-scheppach\\\/\",\"name\":\"Akuga multit\u00f6\u00f6riist aeda BC-MFH400-X, karkass, Scheppach - Ranoja\",\"isPartOf\":{\"@id\":\"https:\\\/\\\/ranoja.ee\\\/#website\"},\"primaryImageOfPage\":{\"@id\":\"https:\\\/\\\/ranoja.ee\\\/toode\\\/akuga-multitooriist-aeda-bc-mfh400-x-karkass-scheppach\\\/#primaryimage\"},\"image\":{\"@id\":\"https:\\\/\\\/ranoja.ee\\\/toode\\\/akuga-multitooriist-aeda-bc-mfh400-x-karkass-scheppach\\\/#primaryimage\"},\"thumbnailUrl\":\"https:\\\/\\\/ranoja.ee\\\/wp-content\\\/uploads\\\/2026\\\/03\\\/261097112.jpg\",\"datePublished\":\"2026-03-16T22:57:12+00:00\",\"dateModified\":\"2026-03-17T12:43:47+00:00\",\"breadcrumb\":{\"@id\":\"https:\\\/\\\/ranoja.ee\\\/toode\\\/akuga-multitooriist-aeda-bc-mfh400-x-karkass-scheppach\\\/#breadcrumb\"},\"inLanguage\":\"en-US\",\"potentialAction\":[{\"@type\":\"ReadAction\",\"target\":[\"https:\\\/\\\/ranoja.ee\\\/toode\\\/akuga-multitooriist-aeda-bc-mfh400-x-karkass-scheppach\\\/\"]}]},{\"@type\":\"ImageObject\",\"inLanguage\":\"en-US\",\"@id\":\"https:\\\/\\\/ranoja.ee\\\/toode\\\/akuga-multitooriist-aeda-bc-mfh400-x-karkass-scheppach\\\/#primaryimage\",\"url\":\"https:\\\/\\\/ranoja.ee\\\/wp-content\\\/uploads\\\/2026\\\/03\\\/261097112.jpg\",\"contentUrl\":\"https:\\\/\\\/ranoja.ee\\\/wp-content\\\/uploads\\\/2026\\\/03\\\/261097112.jpg\",\"width\":900,\"height\":539},{\"@type\":\"BreadcrumbList\",\"@id\":\"https:\\\/\\\/ranoja.ee\\\/toode\\\/akuga-multitooriist-aeda-bc-mfh400-x-karkass-scheppach\\\/#breadcrumb\",\"itemListElement\":[{\"@type\":\"ListItem\",\"position\":1,\"name\":\"Home\",\"item\":\"https:\\\/\\\/ranoja.ee\\\/\"},{\"@type\":\"ListItem\",\"position\":2,\"name\":\"Shop\",\"item\":\"https:\\\/\\\/ranoja.ee\\\/en\\\/shop\\\/\"},{\"@type\":\"ListItem\",\"position\":3,\"name\":\"Akuga multit\u00f6\u00f6riist aeda BC-MFH400-X, karkass, Scheppach\"}]},{\"@type\":\"WebSite\",\"@id\":\"https:\\\/\\\/ranoja.ee\\\/#website\",\"url\":\"https:\\\/\\\/ranoja.ee\\\/\",\"name\":\"Ranoja\",\"description\":\"Equipment Shop WooCommerce WordPress Theme for Machine &amp; Tools\",\"publisher\":{\"@id\":\"https:\\\/\\\/ranoja.ee\\\/#organization\"},\"potentialAction\":[{\"@type\":\"SearchAction\",\"target\":{\"@type\":\"EntryPoint\",\"urlTemplate\":\"https:\\\/\\\/ranoja.ee\\\/?s={search_term_string}\"},\"query-input\":{\"@type\":\"PropertyValueSpecification\",\"valueRequired\":true,\"valueName\":\"search_term_string\"}}],\"inLanguage\":\"en-US\"},{\"@type\":\"Organization\",\"@id\":\"https:\\\/\\\/ranoja.ee\\\/#organization\",\"name\":\"Ranoja O\u00dc\",\"url\":\"https:\\\/\\\/ranoja.ee\\\/\",\"logo\":{\"@type\":\"ImageObject\",\"inLanguage\":\"en-US\",\"@id\":\"https:\\\/\\\/ranoja.ee\\\/#\\\/schema\\\/logo\\\/image\\\/\",\"url\":\"https:\\\/\\\/ranoja.ee\\\/wp-content\\\/uploads\\\/2023\\\/11\\\/ranoja-Logo.png\",\"contentUrl\":\"https:\\\/\\\/ranoja.ee\\\/wp-content\\\/uploads\\\/2023\\\/11\\\/ranoja-Logo.png\",\"width\":207,\"height\":58,\"caption\":\"Ranoja O\u00dc\"},\"image\":{\"@id\":\"https:\\\/\\\/ranoja.ee\\\/#\\\/schema\\\/logo\\\/image\\\/\"},\"sameAs\":[\"https:\\\/\\\/www.facebook.com\\\/ranoja.ee\",\"https:\\\/\\\/www.instagram.com\\\/ranoja__\\\/\"]}]}<\/script>\n<!-- \/ Yoast SEO plugin. -->","yoast_head_json":{"title":"Akuga multit\u00f6\u00f6riist aeda BC-MFH400-X, karkass, Scheppach - Ranoja","robots":{"index":"index","follow":"follow","max-snippet":"max-snippet:-1","max-image-preview":"max-image-preview:large","max-video-preview":"max-video-preview:-1"},"canonical":"https:\/\/ranoja.ee\/toode\/akuga-multitooriist-aeda-bc-mfh400-x-karkass-scheppach\/","og_locale":"en_US","og_type":"article","og_title":"Akuga multit\u00f6\u00f6riist aeda BC-MFH400-X, karkass, Scheppach - Ranoja","og_description":"Aku pinge 2x 20 V (40 V) Harjadeta mootor Murutrimmer: Tamiil 1,6 mm Niidukaar 380 mm M\u00f5\u00f5dud P x L x K 1940 x 480 x 230 mm V\u00f5sal\u00f5ikur: T\u00f6\u00f6laius 255 mm M\u00f5\u00f5dud P x L x K 1940 x 480 x 230 mm Hekil\u00f5ikur: Tera pikkus 390 mm Oksa m\u00f5\u00f5t max. 24 mm M\u00f5\u00f5dud P x L x K 2380 x 330 x 200 mm K\u00f5rgl\u00f5ikur: Lati pikkus 260 mm keti kiirus max. 18 m\/s M\u00f5\u00f5dud P x L x K 2170 x 130 x 200 mm Kaal neto \/ bruto 9,2 \/ 11 kg \u2022 Aedniku multit\u00f6\u00f6riist \u00fchendab 4 funktsiooni \u00fches t\u00f6\u00f6riistas: murutrimmer, v\u00f5sal\u00f5ikur, hekil\u00f5ikur, poomiga oksasaag \u2022 Hooldusvaba, eriti t\u00f5hus harjadeta mootor tagab pikema t\u00f6\u00f6- ja kasutusea \u2022 V\u00f5imas 2x 20 V (40 V) harjavaba mootor \u2022 Murutrimmer: 1,6 mm topelt-tamiiliga poolautomaatne trimmipea, 380 mm niidukaar \u2022 Rohul\u00f5ikur: spetsiaalsest terasest, 255 mm t\u00f6\u00f6laiusega kolmiknuga \u2022 Hekil\u00f5ikur: l\u00f5ikepikkus 390 mm, nurga reguleerimine 11 sammuga, 24 mm maksimaalne oksa l\u00e4bim\u00f5\u00f5t, laserl\u00f5igatud terad \u2022 Poomiga oksasaag: 260 lati pikkus, max. l\u00f5ikekiirus 18 m\/s. 3 l\u00f5ikekiirust: 1. k\u00e4ik \u2013 12 m\/s, 2. k\u00e4ik \u2013 15 m\/s, 3. k\u00e4ik \u2013 18 m\/s \u2022 Automaatne keti\u00f5litus ProCut latt ja kett \u2022 Lisaseadmete t\u00f6\u00f6riistavaba vahetus \u2022 Lihtne kiiruse reguleerimine juhtpaneelilt \u2022 Kiirvabastusfunktsiooniga \u00f5larihm \u2022 Aku ja laadija saadaval eraldi \u2022 Komplektis kanderihm, tera kaitse, montaa\u017eit\u00f6\u00f6riistad Sobivad akud ja laadijad: 7909201720&SCHEP Komplekt SBSK2.0 Starterkit 1: 2,0 Ah aku + 2,4 A laadija 7909201721&SCHEP Komplekt SBSK4.0 Starterkit 2: 4,0Ah aku + 2,4 A laadija 7909201708&SCHEP Aku SBP2.0, 20 V \/ 2,0 Ah, Li-ioon 7909201709&SCHEP Aku SBP4.0, 20 V \/ 4,0 Ah, Li-ioon 7909201711&SCHEP Kiirlaadija SBC4.5A Scheppachi elektrilised k\u00e4sit\u00f6\u00f6riistad on m\u00f5eldud n\u00f5udlikule hobikasutajale","og_url":"https:\/\/ranoja.ee\/toode\/akuga-multitooriist-aeda-bc-mfh400-x-karkass-scheppach\/","og_site_name":"Ranoja","article_publisher":"https:\/\/www.facebook.com\/ranoja.ee","article_modified_time":"2026-03-17T12:43:47+00:00","og_image":[{"width":900,"height":539,"url":"https:\/\/ranoja.ee\/wp-content\/uploads\/2026\/03\/261097112.jpg","type":"image\/jpeg"}],"twitter_card":"summary_large_image","schema":{"@context":"https:\/\/schema.org","@graph":[{"@type":"WebPage","@id":"https:\/\/ranoja.ee\/toode\/akuga-multitooriist-aeda-bc-mfh400-x-karkass-scheppach\/","url":"https:\/\/ranoja.ee\/toode\/akuga-multitooriist-aeda-bc-mfh400-x-karkass-scheppach\/","name":"Akuga multit\u00f6\u00f6riist aeda BC-MFH400-X, karkass, Scheppach - Ranoja","isPartOf":{"@id":"https:\/\/ranoja.ee\/#website"},"primaryImageOfPage":{"@id":"https:\/\/ranoja.ee\/toode\/akuga-multitooriist-aeda-bc-mfh400-x-karkass-scheppach\/#primaryimage"},"image":{"@id":"https:\/\/ranoja.ee\/toode\/akuga-multitooriist-aeda-bc-mfh400-x-karkass-scheppach\/#primaryimage"},"thumbnailUrl":"https:\/\/ranoja.ee\/wp-content\/uploads\/2026\/03\/261097112.jpg","datePublished":"2026-03-16T22:57:12+00:00","dateModified":"2026-03-17T12:43:47+00:00","breadcrumb":{"@id":"https:\/\/ranoja.ee\/toode\/akuga-multitooriist-aeda-bc-mfh400-x-karkass-scheppach\/#breadcrumb"},"inLanguage":"en-US","potentialAction":[{"@type":"ReadAction","target":["https:\/\/ranoja.ee\/toode\/akuga-multitooriist-aeda-bc-mfh400-x-karkass-scheppach\/"]}]},{"@type":"ImageObject","inLanguage":"en-US","@id":"https:\/\/ranoja.ee\/toode\/akuga-multitooriist-aeda-bc-mfh400-x-karkass-scheppach\/#primaryimage","url":"https:\/\/ranoja.ee\/wp-content\/uploads\/2026\/03\/261097112.jpg","contentUrl":"https:\/\/ranoja.ee\/wp-content\/uploads\/2026\/03\/261097112.jpg","width":900,"height":539},{"@type":"BreadcrumbList","@id":"https:\/\/ranoja.ee\/toode\/akuga-multitooriist-aeda-bc-mfh400-x-karkass-scheppach\/#breadcrumb","itemListElement":[{"@type":"ListItem","position":1,"name":"Home","item":"https:\/\/ranoja.ee\/"},{"@type":"ListItem","position":2,"name":"Shop","item":"https:\/\/ranoja.ee\/en\/shop\/"},{"@type":"ListItem","position":3,"name":"Akuga multit\u00f6\u00f6riist aeda BC-MFH400-X, karkass, Scheppach"}]},{"@type":"WebSite","@id":"https:\/\/ranoja.ee\/#website","url":"https:\/\/ranoja.ee\/","name":"Ranoja","description":"Equipment Shop WooCommerce WordPress Theme for Machine &amp; Tools","publisher":{"@id":"https:\/\/ranoja.ee\/#organization"},"potentialAction":[{"@type":"SearchAction","target":{"@type":"EntryPoint","urlTemplate":"https:\/\/ranoja.ee\/?s={search_term_string}"},"query-input":{"@type":"PropertyValueSpecification","valueRequired":true,"valueName":"search_term_string"}}],"inLanguage":"en-US"},{"@type":"Organization","@id":"https:\/\/ranoja.ee\/#organization","name":"Ranoja O\u00dc","url":"https:\/\/ranoja.ee\/","logo":{"@type":"ImageObject","inLanguage":"en-US","@id":"https:\/\/ranoja.ee\/#\/schema\/logo\/image\/","url":"https:\/\/ranoja.ee\/wp-content\/uploads\/2023\/11\/ranoja-Logo.png","contentUrl":"https:\/\/ranoja.ee\/wp-content\/uploads\/2023\/11\/ranoja-Logo.png","width":207,"height":58,"caption":"Ranoja O\u00dc"},"image":{"@id":"https:\/\/ranoja.ee\/#\/schema\/logo\/image\/"},"sameAs":["https:\/\/www.facebook.com\/ranoja.ee","https:\/\/www.instagram.com\/ranoja__\/"]}]}},"_links":{"self":[{"href":"https:\/\/ranoja.ee\/en\/wp-json\/wp\/v2\/product\/58222","targetHints":{"allow":["GET"]}}],"collection":[{"href":"https:\/\/ranoja.ee\/en\/wp-json\/wp\/v2\/product"}],"about":[{"href":"https:\/\/ranoja.ee\/en\/wp-json\/wp\/v2\/types\/product"}],"wp:featuredmedia":[{"embeddable":true,"href":"https:\/\/ranoja.ee\/en\/wp-json\/wp\/v2\/media\/58223"}],"wp:attachment":[{"href":"https:\/\/ranoja.ee\/en\/wp-json\/wp\/v2\/media?parent=58222"}],"wp:term":[{"taxonomy":"product_cat","embeddable":true,"href":"https:\/\/ranoja.ee\/en\/wp-json\/wp\/v2\/product_cat?post=58222"},{"taxonomy":"product_tag","embeddable":true,"href":"https:\/\/ranoja.ee\/en\/wp-json\/wp\/v2\/product_tag?post=58222"}],"curies":[{"name":"wp","href":"https:\/\/api.w.org\/{rel}","templated":true}]}}