{"id":58220,"date":"2026-03-17T01:57:12","date_gmt":"2026-03-16T22:57:12","guid":{"rendered":"https:\/\/ranoja.ee\/toode\/kindad-uleni-lateks-puhastuskinnas-duocolor-330-95-delta-plus\/"},"modified":"2026-03-17T15:43:47","modified_gmt":"2026-03-17T12:43:47","slug":"kindad-uleni-lateks-puhastuskinnas-duocolor-330-95-delta-plus","status":"publish","type":"product","link":"https:\/\/ranoja.ee\/en\/toode\/kindad-uleni-lateks-puhastuskinnas-duocolor-330-95-delta-plus\/","title":{"rendered":"Kindad, \u00fcleni lateks, puhastuskinnas, DUOCOLOR 330 9,5, Delta Plus"},"content":{"rendered":"","protected":false},"excerpt":{"rendered":"<p>Kahev\u00e4rvilised tugevdatud naturaalsest lateksist t\u00f6\u00f6kindad. Puuvillapuru vooder. T\u00f6\u00f6kinnastel parema haarde tagamiseks reljeefne peopesa ja s\u00f5rmeotsad. T\u00f6\u00f6kinnastel hea painduvus, elastsus ja puutetundlikus. T\u00f6\u00f6kinnastel suurep\u00e4rane haare kuivades ja niisketes oludes. Pikkus 30 cm, materjali paksus 0.60 mm. Bakteriostaatiline ja seenhaigusi mitte tekitav. 100% naturaalne lateks, 100% puuvill.<br \/>\nEN388 1010X<br \/>\nEN ISO 374-1 Type A AKLMNTP<br \/>\nEN ISO 374-5<\/p>\n","protected":false},"featured_media":58221,"template":"","meta":{"inline_featured_image":false},"product_cat":[5022,5050,5023],"product_tag":[],"class_list":{"0":"post-58220","1":"product","2":"type-product","3":"status-publish","4":"has-post-thumbnail","6":"product_brand-delta-plus","7":"product_cat-isikukaitsevahendid","8":"product_cat-kummikindad","9":"product_cat-tookindad","11":"first","12":"instock","13":"purchasable","14":"product-type-simple"},"yoast_head":"<!-- This site is optimized with the Yoast SEO plugin v27.4 - https:\/\/yoast.com\/product\/yoast-seo-wordpress\/ -->\n<title>Kindad, \u00fcleni lateks, puhastuskinnas, DUOCOLOR 330 9,5, Delta Plus - Ranoja<\/title>\n<meta name=\"robots\" content=\"index, follow, max-snippet:-1, max-image-preview:large, max-video-preview:-1\" \/>\n<link rel=\"canonical\" href=\"https:\/\/ranoja.ee\/toode\/kindad-uleni-lateks-puhastuskinnas-duocolor-330-95-delta-plus\/\" \/>\n<meta property=\"og:locale\" content=\"en_US\" \/>\n<meta property=\"og:type\" content=\"article\" \/>\n<meta property=\"og:title\" content=\"Kindad, \u00fcleni lateks, puhastuskinnas, DUOCOLOR 330 9,5, Delta Plus - Ranoja\" \/>\n<meta property=\"og:description\" content=\"Kahev\u00e4rvilised tugevdatud naturaalsest lateksist t\u00f6\u00f6kindad. Puuvillapuru vooder. T\u00f6\u00f6kinnastel parema haarde tagamiseks reljeefne peopesa ja s\u00f5rmeotsad. T\u00f6\u00f6kinnastel hea painduvus, elastsus ja puutetundlikus. T\u00f6\u00f6kinnastel suurep\u00e4rane haare kuivades ja niisketes oludes. Pikkus 30 cm, materjali paksus 0.60 mm. Bakteriostaatiline ja seenhaigusi mitte tekitav. 100% naturaalne lateks, 100% puuvill. EN388 1010X EN ISO 374-1 Type A AKLMNTP EN ISO 374-5\" \/>\n<meta property=\"og:url\" content=\"https:\/\/ranoja.ee\/toode\/kindad-uleni-lateks-puhastuskinnas-duocolor-330-95-delta-plus\/\" \/>\n<meta property=\"og:site_name\" content=\"Ranoja\" \/>\n<meta property=\"article:publisher\" content=\"https:\/\/www.facebook.com\/ranoja.ee\" \/>\n<meta property=\"article:modified_time\" content=\"2026-03-17T12:43:47+00:00\" \/>\n<meta property=\"og:image\" content=\"https:\/\/ranoja.ee\/wp-content\/uploads\/2026\/03\/120774288.jpg\" \/>\n\t<meta property=\"og:image:width\" content=\"900\" \/>\n\t<meta property=\"og:image:height\" content=\"900\" \/>\n\t<meta property=\"og:image:type\" content=\"image\/jpeg\" \/>\n<meta name=\"twitter:card\" content=\"summary_large_image\" \/>\n<script type=\"application\/ld+json\" class=\"yoast-schema-graph\">{\"@context\":\"https:\\\/\\\/schema.org\",\"@graph\":[{\"@type\":\"WebPage\",\"@id\":\"https:\\\/\\\/ranoja.ee\\\/toode\\\/kindad-uleni-lateks-puhastuskinnas-duocolor-330-95-delta-plus\\\/\",\"url\":\"https:\\\/\\\/ranoja.ee\\\/toode\\\/kindad-uleni-lateks-puhastuskinnas-duocolor-330-95-delta-plus\\\/\",\"name\":\"Kindad, \u00fcleni lateks, puhastuskinnas, DUOCOLOR 330 9,5, Delta Plus - Ranoja\",\"isPartOf\":{\"@id\":\"https:\\\/\\\/ranoja.ee\\\/#website\"},\"primaryImageOfPage\":{\"@id\":\"https:\\\/\\\/ranoja.ee\\\/toode\\\/kindad-uleni-lateks-puhastuskinnas-duocolor-330-95-delta-plus\\\/#primaryimage\"},\"image\":{\"@id\":\"https:\\\/\\\/ranoja.ee\\\/toode\\\/kindad-uleni-lateks-puhastuskinnas-duocolor-330-95-delta-plus\\\/#primaryimage\"},\"thumbnailUrl\":\"https:\\\/\\\/ranoja.ee\\\/wp-content\\\/uploads\\\/2026\\\/03\\\/120774288.jpg\",\"datePublished\":\"2026-03-16T22:57:12+00:00\",\"dateModified\":\"2026-03-17T12:43:47+00:00\",\"breadcrumb\":{\"@id\":\"https:\\\/\\\/ranoja.ee\\\/toode\\\/kindad-uleni-lateks-puhastuskinnas-duocolor-330-95-delta-plus\\\/#breadcrumb\"},\"inLanguage\":\"en-US\",\"potentialAction\":[{\"@type\":\"ReadAction\",\"target\":[\"https:\\\/\\\/ranoja.ee\\\/toode\\\/kindad-uleni-lateks-puhastuskinnas-duocolor-330-95-delta-plus\\\/\"]}]},{\"@type\":\"ImageObject\",\"inLanguage\":\"en-US\",\"@id\":\"https:\\\/\\\/ranoja.ee\\\/toode\\\/kindad-uleni-lateks-puhastuskinnas-duocolor-330-95-delta-plus\\\/#primaryimage\",\"url\":\"https:\\\/\\\/ranoja.ee\\\/wp-content\\\/uploads\\\/2026\\\/03\\\/120774288.jpg\",\"contentUrl\":\"https:\\\/\\\/ranoja.ee\\\/wp-content\\\/uploads\\\/2026\\\/03\\\/120774288.jpg\",\"width\":900,\"height\":900},{\"@type\":\"BreadcrumbList\",\"@id\":\"https:\\\/\\\/ranoja.ee\\\/toode\\\/kindad-uleni-lateks-puhastuskinnas-duocolor-330-95-delta-plus\\\/#breadcrumb\",\"itemListElement\":[{\"@type\":\"ListItem\",\"position\":1,\"name\":\"Home\",\"item\":\"https:\\\/\\\/ranoja.ee\\\/\"},{\"@type\":\"ListItem\",\"position\":2,\"name\":\"Shop\",\"item\":\"https:\\\/\\\/ranoja.ee\\\/en\\\/shop\\\/\"},{\"@type\":\"ListItem\",\"position\":3,\"name\":\"Kindad, \u00fcleni lateks, puhastuskinnas, DUOCOLOR 330 9,5, Delta Plus\"}]},{\"@type\":\"WebSite\",\"@id\":\"https:\\\/\\\/ranoja.ee\\\/#website\",\"url\":\"https:\\\/\\\/ranoja.ee\\\/\",\"name\":\"Ranoja\",\"description\":\"Equipment Shop WooCommerce WordPress Theme for Machine &amp; Tools\",\"publisher\":{\"@id\":\"https:\\\/\\\/ranoja.ee\\\/#organization\"},\"potentialAction\":[{\"@type\":\"SearchAction\",\"target\":{\"@type\":\"EntryPoint\",\"urlTemplate\":\"https:\\\/\\\/ranoja.ee\\\/?s={search_term_string}\"},\"query-input\":{\"@type\":\"PropertyValueSpecification\",\"valueRequired\":true,\"valueName\":\"search_term_string\"}}],\"inLanguage\":\"en-US\"},{\"@type\":\"Organization\",\"@id\":\"https:\\\/\\\/ranoja.ee\\\/#organization\",\"name\":\"Ranoja O\u00dc\",\"url\":\"https:\\\/\\\/ranoja.ee\\\/\",\"logo\":{\"@type\":\"ImageObject\",\"inLanguage\":\"en-US\",\"@id\":\"https:\\\/\\\/ranoja.ee\\\/#\\\/schema\\\/logo\\\/image\\\/\",\"url\":\"https:\\\/\\\/ranoja.ee\\\/wp-content\\\/uploads\\\/2023\\\/11\\\/ranoja-Logo.png\",\"contentUrl\":\"https:\\\/\\\/ranoja.ee\\\/wp-content\\\/uploads\\\/2023\\\/11\\\/ranoja-Logo.png\",\"width\":207,\"height\":58,\"caption\":\"Ranoja O\u00dc\"},\"image\":{\"@id\":\"https:\\\/\\\/ranoja.ee\\\/#\\\/schema\\\/logo\\\/image\\\/\"},\"sameAs\":[\"https:\\\/\\\/www.facebook.com\\\/ranoja.ee\",\"https:\\\/\\\/www.instagram.com\\\/ranoja__\\\/\"]}]}<\/script>\n<!-- \/ Yoast SEO plugin. -->","yoast_head_json":{"title":"Kindad, \u00fcleni lateks, puhastuskinnas, DUOCOLOR 330 9,5, Delta Plus - Ranoja","robots":{"index":"index","follow":"follow","max-snippet":"max-snippet:-1","max-image-preview":"max-image-preview:large","max-video-preview":"max-video-preview:-1"},"canonical":"https:\/\/ranoja.ee\/toode\/kindad-uleni-lateks-puhastuskinnas-duocolor-330-95-delta-plus\/","og_locale":"en_US","og_type":"article","og_title":"Kindad, \u00fcleni lateks, puhastuskinnas, DUOCOLOR 330 9,5, Delta Plus - Ranoja","og_description":"Kahev\u00e4rvilised tugevdatud naturaalsest lateksist t\u00f6\u00f6kindad. Puuvillapuru vooder. T\u00f6\u00f6kinnastel parema haarde tagamiseks reljeefne peopesa ja s\u00f5rmeotsad. T\u00f6\u00f6kinnastel hea painduvus, elastsus ja puutetundlikus. T\u00f6\u00f6kinnastel suurep\u00e4rane haare kuivades ja niisketes oludes. Pikkus 30 cm, materjali paksus 0.60 mm. Bakteriostaatiline ja seenhaigusi mitte tekitav. 100% naturaalne lateks, 100% puuvill. EN388 1010X EN ISO 374-1 Type A AKLMNTP EN ISO 374-5","og_url":"https:\/\/ranoja.ee\/toode\/kindad-uleni-lateks-puhastuskinnas-duocolor-330-95-delta-plus\/","og_site_name":"Ranoja","article_publisher":"https:\/\/www.facebook.com\/ranoja.ee","article_modified_time":"2026-03-17T12:43:47+00:00","og_image":[{"width":900,"height":900,"url":"https:\/\/ranoja.ee\/wp-content\/uploads\/2026\/03\/120774288.jpg","type":"image\/jpeg"}],"twitter_card":"summary_large_image","schema":{"@context":"https:\/\/schema.org","@graph":[{"@type":"WebPage","@id":"https:\/\/ranoja.ee\/toode\/kindad-uleni-lateks-puhastuskinnas-duocolor-330-95-delta-plus\/","url":"https:\/\/ranoja.ee\/toode\/kindad-uleni-lateks-puhastuskinnas-duocolor-330-95-delta-plus\/","name":"Kindad, \u00fcleni lateks, puhastuskinnas, DUOCOLOR 330 9,5, Delta Plus - Ranoja","isPartOf":{"@id":"https:\/\/ranoja.ee\/#website"},"primaryImageOfPage":{"@id":"https:\/\/ranoja.ee\/toode\/kindad-uleni-lateks-puhastuskinnas-duocolor-330-95-delta-plus\/#primaryimage"},"image":{"@id":"https:\/\/ranoja.ee\/toode\/kindad-uleni-lateks-puhastuskinnas-duocolor-330-95-delta-plus\/#primaryimage"},"thumbnailUrl":"https:\/\/ranoja.ee\/wp-content\/uploads\/2026\/03\/120774288.jpg","datePublished":"2026-03-16T22:57:12+00:00","dateModified":"2026-03-17T12:43:47+00:00","breadcrumb":{"@id":"https:\/\/ranoja.ee\/toode\/kindad-uleni-lateks-puhastuskinnas-duocolor-330-95-delta-plus\/#breadcrumb"},"inLanguage":"en-US","potentialAction":[{"@type":"ReadAction","target":["https:\/\/ranoja.ee\/toode\/kindad-uleni-lateks-puhastuskinnas-duocolor-330-95-delta-plus\/"]}]},{"@type":"ImageObject","inLanguage":"en-US","@id":"https:\/\/ranoja.ee\/toode\/kindad-uleni-lateks-puhastuskinnas-duocolor-330-95-delta-plus\/#primaryimage","url":"https:\/\/ranoja.ee\/wp-content\/uploads\/2026\/03\/120774288.jpg","contentUrl":"https:\/\/ranoja.ee\/wp-content\/uploads\/2026\/03\/120774288.jpg","width":900,"height":900},{"@type":"BreadcrumbList","@id":"https:\/\/ranoja.ee\/toode\/kindad-uleni-lateks-puhastuskinnas-duocolor-330-95-delta-plus\/#breadcrumb","itemListElement":[{"@type":"ListItem","position":1,"name":"Home","item":"https:\/\/ranoja.ee\/"},{"@type":"ListItem","position":2,"name":"Shop","item":"https:\/\/ranoja.ee\/en\/shop\/"},{"@type":"ListItem","position":3,"name":"Kindad, \u00fcleni lateks, puhastuskinnas, DUOCOLOR 330 9,5, Delta Plus"}]},{"@type":"WebSite","@id":"https:\/\/ranoja.ee\/#website","url":"https:\/\/ranoja.ee\/","name":"Ranoja","description":"Equipment Shop WooCommerce WordPress Theme for Machine &amp; Tools","publisher":{"@id":"https:\/\/ranoja.ee\/#organization"},"potentialAction":[{"@type":"SearchAction","target":{"@type":"EntryPoint","urlTemplate":"https:\/\/ranoja.ee\/?s={search_term_string}"},"query-input":{"@type":"PropertyValueSpecification","valueRequired":true,"valueName":"search_term_string"}}],"inLanguage":"en-US"},{"@type":"Organization","@id":"https:\/\/ranoja.ee\/#organization","name":"Ranoja O\u00dc","url":"https:\/\/ranoja.ee\/","logo":{"@type":"ImageObject","inLanguage":"en-US","@id":"https:\/\/ranoja.ee\/#\/schema\/logo\/image\/","url":"https:\/\/ranoja.ee\/wp-content\/uploads\/2023\/11\/ranoja-Logo.png","contentUrl":"https:\/\/ranoja.ee\/wp-content\/uploads\/2023\/11\/ranoja-Logo.png","width":207,"height":58,"caption":"Ranoja O\u00dc"},"image":{"@id":"https:\/\/ranoja.ee\/#\/schema\/logo\/image\/"},"sameAs":["https:\/\/www.facebook.com\/ranoja.ee","https:\/\/www.instagram.com\/ranoja__\/"]}]}},"_links":{"self":[{"href":"https:\/\/ranoja.ee\/en\/wp-json\/wp\/v2\/product\/58220","targetHints":{"allow":["GET"]}}],"collection":[{"href":"https:\/\/ranoja.ee\/en\/wp-json\/wp\/v2\/product"}],"about":[{"href":"https:\/\/ranoja.ee\/en\/wp-json\/wp\/v2\/types\/product"}],"wp:featuredmedia":[{"embeddable":true,"href":"https:\/\/ranoja.ee\/en\/wp-json\/wp\/v2\/media\/58221"}],"wp:attachment":[{"href":"https:\/\/ranoja.ee\/en\/wp-json\/wp\/v2\/media?parent=58220"}],"wp:term":[{"taxonomy":"product_cat","embeddable":true,"href":"https:\/\/ranoja.ee\/en\/wp-json\/wp\/v2\/product_cat?post=58220"},{"taxonomy":"product_tag","embeddable":true,"href":"https:\/\/ranoja.ee\/en\/wp-json\/wp\/v2\/product_tag?post=58220"}],"curies":[{"name":"wp","href":"https:\/\/api.w.org\/{rel}","templated":true}]}}