{"id":58192,"date":"2026-03-17T01:56:38","date_gmt":"2026-03-16T22:56:38","guid":{"rendered":"https:\/\/ranoja.ee\/toode\/lauapuurpink-dp55-scheppach\/"},"modified":"2026-03-17T15:43:48","modified_gmt":"2026-03-17T12:43:48","slug":"lauapuurpink-dp55-scheppach","status":"publish","type":"product","link":"https:\/\/ranoja.ee\/en\/toode\/lauapuurpink-dp55-scheppach\/","title":{"rendered":"Lauapuurpink DP55, Scheppach"},"content":{"rendered":"","protected":false},"excerpt":{"rendered":"<p>Scheppach DP55 puurpink on t\u00e4pne ja lihtsasti kasutatav t\u00f6\u00f6riist. V\u00f5imas 710W mootor v\u00f5imaldab kiiruse reguleerimist. <br \/>\n\u2022 Digitaalne paneel v\u00f5imaldab kiiruse t\u00e4pset seadistamist vahemikus 500 &#8211; 2600 rpm<br \/>\n\u2022 V\u00f5tmega padrun<br \/>\n\u2022 Sisse-ehitatud laser t\u00e4pseks puurimiseks<br \/>\n\u2022 Kiirkinnitusklamber v\u00f5imaldab mugavalt ning kiirelt detaile kinnitada<\/p>\n<p>Spetsifikatsioon:<br \/>\nM\u00f5\u00f5dud L x W x H 380 x 250 x 675 mm<br \/>\nP\u00f5hi L x W x H 320 x 305 x 30 mm<br \/>\nKiiruse vahemik 500 \u2013 2600 min-1<br \/>\nPadrun 1,5 \u2013 13 mm<br \/>\nPuuri ulatus 70 mm<br \/>\nPuuri D puiduga 40 mm<br \/>\nPuuri D terasega 13 mm<br \/>\nPadrunist aluseni max. 260 mm<br \/>\nMootor 230 \u2013 240 V~ \/ 50 \u2013 60 Hz<br \/>\nSisendv\u00f5imsus 710 W<\/p>\n","protected":false},"featured_media":58193,"template":"","meta":{"inline_featured_image":false},"product_cat":[5224,5090],"product_tag":[],"class_list":{"0":"post-58192","1":"product","2":"type-product","3":"status-publish","4":"has-post-thumbnail","6":"product_brand-scheppach","7":"product_cat-puur-ja-freespingid","8":"product_cat-teisaldatavad-toopingid","10":"first","11":"instock","12":"purchasable","13":"product-type-simple"},"yoast_head":"<!-- This site is optimized with the Yoast SEO plugin v27.4 - https:\/\/yoast.com\/product\/yoast-seo-wordpress\/ -->\n<title>Lauapuurpink DP55, Scheppach - Ranoja<\/title>\n<meta name=\"robots\" content=\"index, follow, max-snippet:-1, max-image-preview:large, max-video-preview:-1\" \/>\n<link rel=\"canonical\" href=\"https:\/\/ranoja.ee\/toode\/lauapuurpink-dp55-scheppach\/\" \/>\n<meta property=\"og:locale\" content=\"en_US\" \/>\n<meta property=\"og:type\" content=\"article\" \/>\n<meta property=\"og:title\" content=\"Lauapuurpink DP55, Scheppach - Ranoja\" \/>\n<meta property=\"og:description\" content=\"Scheppach DP55 puurpink on t\u00e4pne ja lihtsasti kasutatav t\u00f6\u00f6riist. V\u00f5imas 710W mootor v\u00f5imaldab kiiruse reguleerimist. \u2022 Digitaalne paneel v\u00f5imaldab kiiruse t\u00e4pset seadistamist vahemikus 500 - 2600 rpm \u2022 V\u00f5tmega padrun \u2022 Sisse-ehitatud laser t\u00e4pseks puurimiseks \u2022 Kiirkinnitusklamber v\u00f5imaldab mugavalt ning kiirelt detaile kinnitada Spetsifikatsioon: M\u00f5\u00f5dud L x W x H 380 x 250 x 675 mm P\u00f5hi L x W x H 320 x 305 x 30 mm Kiiruse vahemik 500 \u2013 2600 min-1 Padrun 1,5 \u2013 13 mm Puuri ulatus 70 mm Puuri D puiduga 40 mm Puuri D terasega 13 mm Padrunist aluseni max. 260 mm Mootor 230 \u2013 240 V~ \/ 50 \u2013 60 Hz Sisendv\u00f5imsus 710 W\" \/>\n<meta property=\"og:url\" content=\"https:\/\/ranoja.ee\/toode\/lauapuurpink-dp55-scheppach\/\" \/>\n<meta property=\"og:site_name\" content=\"Ranoja\" \/>\n<meta property=\"article:publisher\" content=\"https:\/\/www.facebook.com\/ranoja.ee\" \/>\n<meta property=\"article:modified_time\" content=\"2026-03-17T12:43:48+00:00\" \/>\n<meta property=\"og:image\" content=\"https:\/\/ranoja.ee\/wp-content\/uploads\/2026\/03\/232430209.jpg\" \/>\n\t<meta property=\"og:image:width\" content=\"443\" \/>\n\t<meta property=\"og:image:height\" content=\"768\" \/>\n\t<meta property=\"og:image:type\" content=\"image\/jpeg\" \/>\n<meta name=\"twitter:card\" content=\"summary_large_image\" \/>\n<script type=\"application\/ld+json\" class=\"yoast-schema-graph\">{\"@context\":\"https:\\\/\\\/schema.org\",\"@graph\":[{\"@type\":\"WebPage\",\"@id\":\"https:\\\/\\\/ranoja.ee\\\/toode\\\/lauapuurpink-dp55-scheppach\\\/\",\"url\":\"https:\\\/\\\/ranoja.ee\\\/toode\\\/lauapuurpink-dp55-scheppach\\\/\",\"name\":\"Lauapuurpink DP55, Scheppach - Ranoja\",\"isPartOf\":{\"@id\":\"https:\\\/\\\/ranoja.ee\\\/#website\"},\"primaryImageOfPage\":{\"@id\":\"https:\\\/\\\/ranoja.ee\\\/toode\\\/lauapuurpink-dp55-scheppach\\\/#primaryimage\"},\"image\":{\"@id\":\"https:\\\/\\\/ranoja.ee\\\/toode\\\/lauapuurpink-dp55-scheppach\\\/#primaryimage\"},\"thumbnailUrl\":\"https:\\\/\\\/ranoja.ee\\\/wp-content\\\/uploads\\\/2026\\\/03\\\/232430209.jpg\",\"datePublished\":\"2026-03-16T22:56:38+00:00\",\"dateModified\":\"2026-03-17T12:43:48+00:00\",\"breadcrumb\":{\"@id\":\"https:\\\/\\\/ranoja.ee\\\/toode\\\/lauapuurpink-dp55-scheppach\\\/#breadcrumb\"},\"inLanguage\":\"en-US\",\"potentialAction\":[{\"@type\":\"ReadAction\",\"target\":[\"https:\\\/\\\/ranoja.ee\\\/toode\\\/lauapuurpink-dp55-scheppach\\\/\"]}]},{\"@type\":\"ImageObject\",\"inLanguage\":\"en-US\",\"@id\":\"https:\\\/\\\/ranoja.ee\\\/toode\\\/lauapuurpink-dp55-scheppach\\\/#primaryimage\",\"url\":\"https:\\\/\\\/ranoja.ee\\\/wp-content\\\/uploads\\\/2026\\\/03\\\/232430209.jpg\",\"contentUrl\":\"https:\\\/\\\/ranoja.ee\\\/wp-content\\\/uploads\\\/2026\\\/03\\\/232430209.jpg\",\"width\":443,\"height\":768},{\"@type\":\"BreadcrumbList\",\"@id\":\"https:\\\/\\\/ranoja.ee\\\/toode\\\/lauapuurpink-dp55-scheppach\\\/#breadcrumb\",\"itemListElement\":[{\"@type\":\"ListItem\",\"position\":1,\"name\":\"Home\",\"item\":\"https:\\\/\\\/ranoja.ee\\\/\"},{\"@type\":\"ListItem\",\"position\":2,\"name\":\"Shop\",\"item\":\"https:\\\/\\\/ranoja.ee\\\/en\\\/shop\\\/\"},{\"@type\":\"ListItem\",\"position\":3,\"name\":\"Lauapuurpink DP55, Scheppach\"}]},{\"@type\":\"WebSite\",\"@id\":\"https:\\\/\\\/ranoja.ee\\\/#website\",\"url\":\"https:\\\/\\\/ranoja.ee\\\/\",\"name\":\"Ranoja\",\"description\":\"Equipment Shop WooCommerce WordPress Theme for Machine &amp; Tools\",\"publisher\":{\"@id\":\"https:\\\/\\\/ranoja.ee\\\/#organization\"},\"potentialAction\":[{\"@type\":\"SearchAction\",\"target\":{\"@type\":\"EntryPoint\",\"urlTemplate\":\"https:\\\/\\\/ranoja.ee\\\/?s={search_term_string}\"},\"query-input\":{\"@type\":\"PropertyValueSpecification\",\"valueRequired\":true,\"valueName\":\"search_term_string\"}}],\"inLanguage\":\"en-US\"},{\"@type\":\"Organization\",\"@id\":\"https:\\\/\\\/ranoja.ee\\\/#organization\",\"name\":\"Ranoja O\u00dc\",\"url\":\"https:\\\/\\\/ranoja.ee\\\/\",\"logo\":{\"@type\":\"ImageObject\",\"inLanguage\":\"en-US\",\"@id\":\"https:\\\/\\\/ranoja.ee\\\/#\\\/schema\\\/logo\\\/image\\\/\",\"url\":\"https:\\\/\\\/ranoja.ee\\\/wp-content\\\/uploads\\\/2023\\\/11\\\/ranoja-Logo.png\",\"contentUrl\":\"https:\\\/\\\/ranoja.ee\\\/wp-content\\\/uploads\\\/2023\\\/11\\\/ranoja-Logo.png\",\"width\":207,\"height\":58,\"caption\":\"Ranoja O\u00dc\"},\"image\":{\"@id\":\"https:\\\/\\\/ranoja.ee\\\/#\\\/schema\\\/logo\\\/image\\\/\"},\"sameAs\":[\"https:\\\/\\\/www.facebook.com\\\/ranoja.ee\",\"https:\\\/\\\/www.instagram.com\\\/ranoja__\\\/\"]}]}<\/script>\n<!-- \/ Yoast SEO plugin. -->","yoast_head_json":{"title":"Lauapuurpink DP55, Scheppach - Ranoja","robots":{"index":"index","follow":"follow","max-snippet":"max-snippet:-1","max-image-preview":"max-image-preview:large","max-video-preview":"max-video-preview:-1"},"canonical":"https:\/\/ranoja.ee\/toode\/lauapuurpink-dp55-scheppach\/","og_locale":"en_US","og_type":"article","og_title":"Lauapuurpink DP55, Scheppach - Ranoja","og_description":"Scheppach DP55 puurpink on t\u00e4pne ja lihtsasti kasutatav t\u00f6\u00f6riist. V\u00f5imas 710W mootor v\u00f5imaldab kiiruse reguleerimist. \u2022 Digitaalne paneel v\u00f5imaldab kiiruse t\u00e4pset seadistamist vahemikus 500 - 2600 rpm \u2022 V\u00f5tmega padrun \u2022 Sisse-ehitatud laser t\u00e4pseks puurimiseks \u2022 Kiirkinnitusklamber v\u00f5imaldab mugavalt ning kiirelt detaile kinnitada Spetsifikatsioon: M\u00f5\u00f5dud L x W x H 380 x 250 x 675 mm P\u00f5hi L x W x H 320 x 305 x 30 mm Kiiruse vahemik 500 \u2013 2600 min-1 Padrun 1,5 \u2013 13 mm Puuri ulatus 70 mm Puuri D puiduga 40 mm Puuri D terasega 13 mm Padrunist aluseni max. 260 mm Mootor 230 \u2013 240 V~ \/ 50 \u2013 60 Hz Sisendv\u00f5imsus 710 W","og_url":"https:\/\/ranoja.ee\/toode\/lauapuurpink-dp55-scheppach\/","og_site_name":"Ranoja","article_publisher":"https:\/\/www.facebook.com\/ranoja.ee","article_modified_time":"2026-03-17T12:43:48+00:00","og_image":[{"width":443,"height":768,"url":"https:\/\/ranoja.ee\/wp-content\/uploads\/2026\/03\/232430209.jpg","type":"image\/jpeg"}],"twitter_card":"summary_large_image","schema":{"@context":"https:\/\/schema.org","@graph":[{"@type":"WebPage","@id":"https:\/\/ranoja.ee\/toode\/lauapuurpink-dp55-scheppach\/","url":"https:\/\/ranoja.ee\/toode\/lauapuurpink-dp55-scheppach\/","name":"Lauapuurpink DP55, Scheppach - Ranoja","isPartOf":{"@id":"https:\/\/ranoja.ee\/#website"},"primaryImageOfPage":{"@id":"https:\/\/ranoja.ee\/toode\/lauapuurpink-dp55-scheppach\/#primaryimage"},"image":{"@id":"https:\/\/ranoja.ee\/toode\/lauapuurpink-dp55-scheppach\/#primaryimage"},"thumbnailUrl":"https:\/\/ranoja.ee\/wp-content\/uploads\/2026\/03\/232430209.jpg","datePublished":"2026-03-16T22:56:38+00:00","dateModified":"2026-03-17T12:43:48+00:00","breadcrumb":{"@id":"https:\/\/ranoja.ee\/toode\/lauapuurpink-dp55-scheppach\/#breadcrumb"},"inLanguage":"en-US","potentialAction":[{"@type":"ReadAction","target":["https:\/\/ranoja.ee\/toode\/lauapuurpink-dp55-scheppach\/"]}]},{"@type":"ImageObject","inLanguage":"en-US","@id":"https:\/\/ranoja.ee\/toode\/lauapuurpink-dp55-scheppach\/#primaryimage","url":"https:\/\/ranoja.ee\/wp-content\/uploads\/2026\/03\/232430209.jpg","contentUrl":"https:\/\/ranoja.ee\/wp-content\/uploads\/2026\/03\/232430209.jpg","width":443,"height":768},{"@type":"BreadcrumbList","@id":"https:\/\/ranoja.ee\/toode\/lauapuurpink-dp55-scheppach\/#breadcrumb","itemListElement":[{"@type":"ListItem","position":1,"name":"Home","item":"https:\/\/ranoja.ee\/"},{"@type":"ListItem","position":2,"name":"Shop","item":"https:\/\/ranoja.ee\/en\/shop\/"},{"@type":"ListItem","position":3,"name":"Lauapuurpink DP55, Scheppach"}]},{"@type":"WebSite","@id":"https:\/\/ranoja.ee\/#website","url":"https:\/\/ranoja.ee\/","name":"Ranoja","description":"Equipment Shop WooCommerce WordPress Theme for Machine &amp; Tools","publisher":{"@id":"https:\/\/ranoja.ee\/#organization"},"potentialAction":[{"@type":"SearchAction","target":{"@type":"EntryPoint","urlTemplate":"https:\/\/ranoja.ee\/?s={search_term_string}"},"query-input":{"@type":"PropertyValueSpecification","valueRequired":true,"valueName":"search_term_string"}}],"inLanguage":"en-US"},{"@type":"Organization","@id":"https:\/\/ranoja.ee\/#organization","name":"Ranoja O\u00dc","url":"https:\/\/ranoja.ee\/","logo":{"@type":"ImageObject","inLanguage":"en-US","@id":"https:\/\/ranoja.ee\/#\/schema\/logo\/image\/","url":"https:\/\/ranoja.ee\/wp-content\/uploads\/2023\/11\/ranoja-Logo.png","contentUrl":"https:\/\/ranoja.ee\/wp-content\/uploads\/2023\/11\/ranoja-Logo.png","width":207,"height":58,"caption":"Ranoja O\u00dc"},"image":{"@id":"https:\/\/ranoja.ee\/#\/schema\/logo\/image\/"},"sameAs":["https:\/\/www.facebook.com\/ranoja.ee","https:\/\/www.instagram.com\/ranoja__\/"]}]}},"_links":{"self":[{"href":"https:\/\/ranoja.ee\/en\/wp-json\/wp\/v2\/product\/58192","targetHints":{"allow":["GET"]}}],"collection":[{"href":"https:\/\/ranoja.ee\/en\/wp-json\/wp\/v2\/product"}],"about":[{"href":"https:\/\/ranoja.ee\/en\/wp-json\/wp\/v2\/types\/product"}],"wp:featuredmedia":[{"embeddable":true,"href":"https:\/\/ranoja.ee\/en\/wp-json\/wp\/v2\/media\/58193"}],"wp:attachment":[{"href":"https:\/\/ranoja.ee\/en\/wp-json\/wp\/v2\/media?parent=58192"}],"wp:term":[{"taxonomy":"product_cat","embeddable":true,"href":"https:\/\/ranoja.ee\/en\/wp-json\/wp\/v2\/product_cat?post=58192"},{"taxonomy":"product_tag","embeddable":true,"href":"https:\/\/ranoja.ee\/en\/wp-json\/wp\/v2\/product_tag?post=58192"}],"curies":[{"name":"wp","href":"https:\/\/api.w.org\/{rel}","templated":true}]}}