{"id":58190,"date":"2026-03-17T01:56:38","date_gmt":"2026-03-16T22:56:38","guid":{"rendered":"https:\/\/ranoja.ee\/toode\/mootorioli-all-fleet-superior-le-10w30-208l-valvoline\/"},"modified":"2026-03-17T15:43:48","modified_gmt":"2026-03-17T12:43:48","slug":"mootorioli-all-fleet-superior-le-10w30-208l-valvoline","status":"publish","type":"product","link":"https:\/\/ranoja.ee\/en\/toode\/mootorioli-all-fleet-superior-le-10w30-208l-valvoline\/","title":{"rendered":"Mootori\u00f5li All Fleet Superior LE 10W30 208L, Valvoline"},"content":{"rendered":"","protected":false},"excerpt":{"rendered":"<p>UHPD klassi s\u00fcnteestehnoloogia Low SAPS mootori\u00f5li mis omab heaksiite mitme maailma juhtiva veokitootja poolt pikendatud hooldev\u00e4lbaga maanteevedude puhul.<br \/>\nKaasaegne lisanditehnoloogia tagab mootori kulumiskaitse ja puhtuse kogu hooldevahemiku jooksul. Sobib Euro 1,2,3,4,5 ja 6* heitmenormiga EGR, DPF ja SCR heitgaasi j\u00e4relt\u00f6\u00f6tluss\u00fcsteemiga busside-, veokite- ja t\u00f6\u00f6stusmootoritele<br \/>\nHeakskiidud:<br \/>\nDTFR 15C100 (MB-228.31)<br \/>\nMack EOS-4.5<br \/>\nMAN M3775<br \/>\nMTU Type 2.1<br \/>\nRenault VI RLD-3<br \/>\nVolvo VDS-4.5<\/p>\n<p>T\u00e4idab kvaliteedi n\u00f5udeid:<br \/>\nACEA E11, E9, E7<br \/>\nAPI CK-4, CJ-4, CI-4+, CI-4, CH-4, SN<br \/>\nCaterpillar ECF-3, ECF-2<br \/>\nCummins CES 20086, CES 20081<br \/>\nDetroit Diesel DFS 93K222, 93K218<br \/>\nDeutz DQC III-18 LA<br \/>\nFord WSS-M2C171-F1<br \/>\nJASO DH-1, DH-2<br \/>\nMack EO-N PP<br \/>\nMAN M3575<br \/>\nVolvo VDS-4, VDS-3<\/p>\n","protected":false},"featured_media":58191,"template":"","meta":{"inline_featured_image":false},"product_cat":[5012,5115,5116],"product_tag":[],"class_list":{"0":"post-58190","1":"product","2":"type-product","3":"status-publish","4":"has-post-thumbnail","6":"product_brand-valvoline","7":"product_cat-olid-ja-maardeained","8":"product_cat-rasketehnika-mootoriolid","9":"product_cat-rasketehnika-sunteetilised-mootoriolid","11":"first","12":"instock","13":"purchasable","14":"product-type-simple"},"yoast_head":"<!-- This site is optimized with the Yoast SEO plugin v27.4 - https:\/\/yoast.com\/product\/yoast-seo-wordpress\/ -->\n<title>Mootori\u00f5li All Fleet Superior LE 10W30 208L, Valvoline - Ranoja<\/title>\n<meta name=\"robots\" content=\"index, follow, max-snippet:-1, max-image-preview:large, max-video-preview:-1\" \/>\n<link rel=\"canonical\" href=\"https:\/\/ranoja.ee\/toode\/mootorioli-all-fleet-superior-le-10w30-208l-valvoline\/\" \/>\n<meta property=\"og:locale\" content=\"en_US\" \/>\n<meta property=\"og:type\" content=\"article\" \/>\n<meta property=\"og:title\" content=\"Mootori\u00f5li All Fleet Superior LE 10W30 208L, Valvoline - Ranoja\" \/>\n<meta property=\"og:description\" content=\"UHPD klassi s\u00fcnteestehnoloogia Low SAPS mootori\u00f5li mis omab heaksiite mitme maailma juhtiva veokitootja poolt pikendatud hooldev\u00e4lbaga maanteevedude puhul. Kaasaegne lisanditehnoloogia tagab mootori kulumiskaitse ja puhtuse kogu hooldevahemiku jooksul. Sobib Euro 1,2,3,4,5 ja 6* heitmenormiga EGR, DPF ja SCR heitgaasi j\u00e4relt\u00f6\u00f6tluss\u00fcsteemiga busside-, veokite- ja t\u00f6\u00f6stusmootoritele Heakskiidud: DTFR 15C100 (MB-228.31) Mack EOS-4.5 MAN M3775 MTU Type 2.1 Renault VI RLD-3 Volvo VDS-4.5 T\u00e4idab kvaliteedi n\u00f5udeid: ACEA E11, E9, E7 API CK-4, CJ-4, CI-4+, CI-4, CH-4, SN Caterpillar ECF-3, ECF-2 Cummins CES 20086, CES 20081 Detroit Diesel DFS 93K222, 93K218 Deutz DQC III-18 LA Ford WSS-M2C171-F1 JASO DH-1, DH-2 Mack EO-N PP MAN M3575 Volvo VDS-4, VDS-3\" \/>\n<meta property=\"og:url\" content=\"https:\/\/ranoja.ee\/toode\/mootorioli-all-fleet-superior-le-10w30-208l-valvoline\/\" \/>\n<meta property=\"og:site_name\" content=\"Ranoja\" \/>\n<meta property=\"article:publisher\" content=\"https:\/\/www.facebook.com\/ranoja.ee\" \/>\n<meta property=\"article:modified_time\" content=\"2026-03-17T12:43:48+00:00\" \/>\n<meta property=\"og:image\" content=\"https:\/\/ranoja.ee\/wp-content\/uploads\/2026\/03\/189233563.png\" \/>\n\t<meta property=\"og:image:width\" content=\"768\" \/>\n\t<meta property=\"og:image:height\" content=\"768\" \/>\n\t<meta property=\"og:image:type\" content=\"image\/jpeg\" \/>\n<meta name=\"twitter:card\" content=\"summary_large_image\" \/>\n<script type=\"application\/ld+json\" class=\"yoast-schema-graph\">{\"@context\":\"https:\\\/\\\/schema.org\",\"@graph\":[{\"@type\":\"WebPage\",\"@id\":\"https:\\\/\\\/ranoja.ee\\\/toode\\\/mootorioli-all-fleet-superior-le-10w30-208l-valvoline\\\/\",\"url\":\"https:\\\/\\\/ranoja.ee\\\/toode\\\/mootorioli-all-fleet-superior-le-10w30-208l-valvoline\\\/\",\"name\":\"Mootori\u00f5li All Fleet Superior LE 10W30 208L, Valvoline - Ranoja\",\"isPartOf\":{\"@id\":\"https:\\\/\\\/ranoja.ee\\\/#website\"},\"primaryImageOfPage\":{\"@id\":\"https:\\\/\\\/ranoja.ee\\\/toode\\\/mootorioli-all-fleet-superior-le-10w30-208l-valvoline\\\/#primaryimage\"},\"image\":{\"@id\":\"https:\\\/\\\/ranoja.ee\\\/toode\\\/mootorioli-all-fleet-superior-le-10w30-208l-valvoline\\\/#primaryimage\"},\"thumbnailUrl\":\"https:\\\/\\\/ranoja.ee\\\/wp-content\\\/uploads\\\/2026\\\/03\\\/189233563.png\",\"datePublished\":\"2026-03-16T22:56:38+00:00\",\"dateModified\":\"2026-03-17T12:43:48+00:00\",\"breadcrumb\":{\"@id\":\"https:\\\/\\\/ranoja.ee\\\/toode\\\/mootorioli-all-fleet-superior-le-10w30-208l-valvoline\\\/#breadcrumb\"},\"inLanguage\":\"en-US\",\"potentialAction\":[{\"@type\":\"ReadAction\",\"target\":[\"https:\\\/\\\/ranoja.ee\\\/toode\\\/mootorioli-all-fleet-superior-le-10w30-208l-valvoline\\\/\"]}]},{\"@type\":\"ImageObject\",\"inLanguage\":\"en-US\",\"@id\":\"https:\\\/\\\/ranoja.ee\\\/toode\\\/mootorioli-all-fleet-superior-le-10w30-208l-valvoline\\\/#primaryimage\",\"url\":\"https:\\\/\\\/ranoja.ee\\\/wp-content\\\/uploads\\\/2026\\\/03\\\/189233563.png\",\"contentUrl\":\"https:\\\/\\\/ranoja.ee\\\/wp-content\\\/uploads\\\/2026\\\/03\\\/189233563.png\",\"width\":768,\"height\":768},{\"@type\":\"BreadcrumbList\",\"@id\":\"https:\\\/\\\/ranoja.ee\\\/toode\\\/mootorioli-all-fleet-superior-le-10w30-208l-valvoline\\\/#breadcrumb\",\"itemListElement\":[{\"@type\":\"ListItem\",\"position\":1,\"name\":\"Home\",\"item\":\"https:\\\/\\\/ranoja.ee\\\/\"},{\"@type\":\"ListItem\",\"position\":2,\"name\":\"Shop\",\"item\":\"https:\\\/\\\/ranoja.ee\\\/en\\\/shop\\\/\"},{\"@type\":\"ListItem\",\"position\":3,\"name\":\"Mootori\u00f5li All Fleet Superior LE 10W30 208L, Valvoline\"}]},{\"@type\":\"WebSite\",\"@id\":\"https:\\\/\\\/ranoja.ee\\\/#website\",\"url\":\"https:\\\/\\\/ranoja.ee\\\/\",\"name\":\"Ranoja\",\"description\":\"Equipment Shop WooCommerce WordPress Theme for Machine &amp; Tools\",\"publisher\":{\"@id\":\"https:\\\/\\\/ranoja.ee\\\/#organization\"},\"potentialAction\":[{\"@type\":\"SearchAction\",\"target\":{\"@type\":\"EntryPoint\",\"urlTemplate\":\"https:\\\/\\\/ranoja.ee\\\/?s={search_term_string}\"},\"query-input\":{\"@type\":\"PropertyValueSpecification\",\"valueRequired\":true,\"valueName\":\"search_term_string\"}}],\"inLanguage\":\"en-US\"},{\"@type\":\"Organization\",\"@id\":\"https:\\\/\\\/ranoja.ee\\\/#organization\",\"name\":\"Ranoja O\u00dc\",\"url\":\"https:\\\/\\\/ranoja.ee\\\/\",\"logo\":{\"@type\":\"ImageObject\",\"inLanguage\":\"en-US\",\"@id\":\"https:\\\/\\\/ranoja.ee\\\/#\\\/schema\\\/logo\\\/image\\\/\",\"url\":\"https:\\\/\\\/ranoja.ee\\\/wp-content\\\/uploads\\\/2023\\\/11\\\/ranoja-Logo.png\",\"contentUrl\":\"https:\\\/\\\/ranoja.ee\\\/wp-content\\\/uploads\\\/2023\\\/11\\\/ranoja-Logo.png\",\"width\":207,\"height\":58,\"caption\":\"Ranoja O\u00dc\"},\"image\":{\"@id\":\"https:\\\/\\\/ranoja.ee\\\/#\\\/schema\\\/logo\\\/image\\\/\"},\"sameAs\":[\"https:\\\/\\\/www.facebook.com\\\/ranoja.ee\",\"https:\\\/\\\/www.instagram.com\\\/ranoja__\\\/\"]}]}<\/script>\n<!-- \/ Yoast SEO plugin. -->","yoast_head_json":{"title":"Mootori\u00f5li All Fleet Superior LE 10W30 208L, Valvoline - Ranoja","robots":{"index":"index","follow":"follow","max-snippet":"max-snippet:-1","max-image-preview":"max-image-preview:large","max-video-preview":"max-video-preview:-1"},"canonical":"https:\/\/ranoja.ee\/toode\/mootorioli-all-fleet-superior-le-10w30-208l-valvoline\/","og_locale":"en_US","og_type":"article","og_title":"Mootori\u00f5li All Fleet Superior LE 10W30 208L, Valvoline - Ranoja","og_description":"UHPD klassi s\u00fcnteestehnoloogia Low SAPS mootori\u00f5li mis omab heaksiite mitme maailma juhtiva veokitootja poolt pikendatud hooldev\u00e4lbaga maanteevedude puhul. Kaasaegne lisanditehnoloogia tagab mootori kulumiskaitse ja puhtuse kogu hooldevahemiku jooksul. Sobib Euro 1,2,3,4,5 ja 6* heitmenormiga EGR, DPF ja SCR heitgaasi j\u00e4relt\u00f6\u00f6tluss\u00fcsteemiga busside-, veokite- ja t\u00f6\u00f6stusmootoritele Heakskiidud: DTFR 15C100 (MB-228.31) Mack EOS-4.5 MAN M3775 MTU Type 2.1 Renault VI RLD-3 Volvo VDS-4.5 T\u00e4idab kvaliteedi n\u00f5udeid: ACEA E11, E9, E7 API CK-4, CJ-4, CI-4+, CI-4, CH-4, SN Caterpillar ECF-3, ECF-2 Cummins CES 20086, CES 20081 Detroit Diesel DFS 93K222, 93K218 Deutz DQC III-18 LA Ford WSS-M2C171-F1 JASO DH-1, DH-2 Mack EO-N PP MAN M3575 Volvo VDS-4, VDS-3","og_url":"https:\/\/ranoja.ee\/toode\/mootorioli-all-fleet-superior-le-10w30-208l-valvoline\/","og_site_name":"Ranoja","article_publisher":"https:\/\/www.facebook.com\/ranoja.ee","article_modified_time":"2026-03-17T12:43:48+00:00","og_image":[{"width":768,"height":768,"url":"https:\/\/ranoja.ee\/wp-content\/uploads\/2026\/03\/189233563.png","type":"image\/jpeg"}],"twitter_card":"summary_large_image","schema":{"@context":"https:\/\/schema.org","@graph":[{"@type":"WebPage","@id":"https:\/\/ranoja.ee\/toode\/mootorioli-all-fleet-superior-le-10w30-208l-valvoline\/","url":"https:\/\/ranoja.ee\/toode\/mootorioli-all-fleet-superior-le-10w30-208l-valvoline\/","name":"Mootori\u00f5li All Fleet Superior LE 10W30 208L, Valvoline - Ranoja","isPartOf":{"@id":"https:\/\/ranoja.ee\/#website"},"primaryImageOfPage":{"@id":"https:\/\/ranoja.ee\/toode\/mootorioli-all-fleet-superior-le-10w30-208l-valvoline\/#primaryimage"},"image":{"@id":"https:\/\/ranoja.ee\/toode\/mootorioli-all-fleet-superior-le-10w30-208l-valvoline\/#primaryimage"},"thumbnailUrl":"https:\/\/ranoja.ee\/wp-content\/uploads\/2026\/03\/189233563.png","datePublished":"2026-03-16T22:56:38+00:00","dateModified":"2026-03-17T12:43:48+00:00","breadcrumb":{"@id":"https:\/\/ranoja.ee\/toode\/mootorioli-all-fleet-superior-le-10w30-208l-valvoline\/#breadcrumb"},"inLanguage":"en-US","potentialAction":[{"@type":"ReadAction","target":["https:\/\/ranoja.ee\/toode\/mootorioli-all-fleet-superior-le-10w30-208l-valvoline\/"]}]},{"@type":"ImageObject","inLanguage":"en-US","@id":"https:\/\/ranoja.ee\/toode\/mootorioli-all-fleet-superior-le-10w30-208l-valvoline\/#primaryimage","url":"https:\/\/ranoja.ee\/wp-content\/uploads\/2026\/03\/189233563.png","contentUrl":"https:\/\/ranoja.ee\/wp-content\/uploads\/2026\/03\/189233563.png","width":768,"height":768},{"@type":"BreadcrumbList","@id":"https:\/\/ranoja.ee\/toode\/mootorioli-all-fleet-superior-le-10w30-208l-valvoline\/#breadcrumb","itemListElement":[{"@type":"ListItem","position":1,"name":"Home","item":"https:\/\/ranoja.ee\/"},{"@type":"ListItem","position":2,"name":"Shop","item":"https:\/\/ranoja.ee\/en\/shop\/"},{"@type":"ListItem","position":3,"name":"Mootori\u00f5li All Fleet Superior LE 10W30 208L, Valvoline"}]},{"@type":"WebSite","@id":"https:\/\/ranoja.ee\/#website","url":"https:\/\/ranoja.ee\/","name":"Ranoja","description":"Equipment Shop WooCommerce WordPress Theme for Machine &amp; Tools","publisher":{"@id":"https:\/\/ranoja.ee\/#organization"},"potentialAction":[{"@type":"SearchAction","target":{"@type":"EntryPoint","urlTemplate":"https:\/\/ranoja.ee\/?s={search_term_string}"},"query-input":{"@type":"PropertyValueSpecification","valueRequired":true,"valueName":"search_term_string"}}],"inLanguage":"en-US"},{"@type":"Organization","@id":"https:\/\/ranoja.ee\/#organization","name":"Ranoja O\u00dc","url":"https:\/\/ranoja.ee\/","logo":{"@type":"ImageObject","inLanguage":"en-US","@id":"https:\/\/ranoja.ee\/#\/schema\/logo\/image\/","url":"https:\/\/ranoja.ee\/wp-content\/uploads\/2023\/11\/ranoja-Logo.png","contentUrl":"https:\/\/ranoja.ee\/wp-content\/uploads\/2023\/11\/ranoja-Logo.png","width":207,"height":58,"caption":"Ranoja O\u00dc"},"image":{"@id":"https:\/\/ranoja.ee\/#\/schema\/logo\/image\/"},"sameAs":["https:\/\/www.facebook.com\/ranoja.ee","https:\/\/www.instagram.com\/ranoja__\/"]}]}},"_links":{"self":[{"href":"https:\/\/ranoja.ee\/en\/wp-json\/wp\/v2\/product\/58190","targetHints":{"allow":["GET"]}}],"collection":[{"href":"https:\/\/ranoja.ee\/en\/wp-json\/wp\/v2\/product"}],"about":[{"href":"https:\/\/ranoja.ee\/en\/wp-json\/wp\/v2\/types\/product"}],"wp:featuredmedia":[{"embeddable":true,"href":"https:\/\/ranoja.ee\/en\/wp-json\/wp\/v2\/media\/58191"}],"wp:attachment":[{"href":"https:\/\/ranoja.ee\/en\/wp-json\/wp\/v2\/media?parent=58190"}],"wp:term":[{"taxonomy":"product_cat","embeddable":true,"href":"https:\/\/ranoja.ee\/en\/wp-json\/wp\/v2\/product_cat?post=58190"},{"taxonomy":"product_tag","embeddable":true,"href":"https:\/\/ranoja.ee\/en\/wp-json\/wp\/v2\/product_tag?post=58190"}],"curies":[{"name":"wp","href":"https:\/\/api.w.org\/{rel}","templated":true}]}}