{"id":58181,"date":"2026-03-17T01:56:38","date_gmt":"2026-03-16T22:56:38","guid":{"rendered":"https:\/\/ranoja.ee\/toode\/maare-earth-lithium-2-400g-valvoline\/"},"modified":"2026-03-17T15:43:49","modified_gmt":"2026-03-17T12:43:49","slug":"maare-earth-lithium-2-400g-valvoline","status":"publish","type":"product","link":"https:\/\/ranoja.ee\/en\/toode\/maare-earth-lithium-2-400g-valvoline\/","title":{"rendered":"M\u00e4\u00e4re Earth Lithium 2 400g, Valvoline"},"content":{"rendered":"","protected":false},"excerpt":{"rendered":"<p>K\u00f5rgkvaliteetne semis\u00fcnteetiline liitium m\u00e4\u00e4re mis on spetsiaalselt valmistatud maastikus\u00f5idukitele millel on erin\u00f5ue m\u00e4\u00e4rde kleepuvusele ja p\u00fcsivusele. M\u00e4\u00e4rdel on erakordselt hea koormustaluvus erinevatel koormustel, kiirustel ja erinevas temepratuurivahemikus t\u00f6\u00f6tamisel. Valvoline Earth Lithium 2 on liitium tahkesti baasiline m\u00e4\u00e4re mille koostis on kombineeritud mineraalsest ja semis\u00fcntees estrite baas\u00f5list mis tagab laia kasutustemperatuuri ning isegi k\u00f5rgematel plusskraadidel s\u00e4ilitab m\u00e4\u00e4re oma konsistentsuse.<br \/>\nSinine v\u00e4rvus aitab m\u00e4\u00e4rde olemasolu kontrollida m\u00e4\u00e4ritavatel pindadel.<br \/>\nKasutuskohad:<br \/>\nSobib kasutamiseks avatud hammas \u00fclekannetel, trosside m\u00e4\u00e4rimiseks, liitmik \u00fchendustele veokitel nende haakeseadmetel. Samuti sobilik maaparndus ja kaevetehnikale nagu bulldooserid, vedukid, nende roomikrattad, avatud hammas\u00fclekanded, liugpinnad, trossid ja ketid jms. Eriti sobilik p\u00f5llumajandus- ja ehitusmasinatele aga samuti ka teede ehitus masinatele mis t\u00f6\u00f6tavad kuumades ja tolmustes tingimustes.<br \/>\nBaas\u00f5li: Semis\u00fcntees<br \/>\nTahkesti: Liitium<br \/>\nBaas\u00f5li viskoossus: 200 <br \/>\nKasutus tepmeratuurivahemik: -20 kuni + 120<br \/>\nV\u00e4rvus: Sinine<br \/>\nKonsistentsusklass: NLGI 2 <br \/>\nJ\u00f5udlustasemed:<br \/>\nDIN 51502: KP2K-20<br \/>\nISO 6743: L-XBDEB2<\/p>\n","protected":false},"featured_media":58182,"template":"","meta":{"inline_featured_image":false},"product_cat":[5017,5013,5012],"product_tag":[],"class_list":{"0":"post-58181","1":"product","2":"type-product","3":"status-publish","4":"has-post-thumbnail","6":"product_brand-valvoline","7":"product_cat-liitiummaarded","8":"product_cat-maarded","9":"product_cat-olid-ja-maardeained","11":"first","12":"instock","13":"purchasable","14":"product-type-simple"},"yoast_head":"<!-- This site is optimized with the Yoast SEO plugin v27.4 - https:\/\/yoast.com\/product\/yoast-seo-wordpress\/ -->\n<title>M\u00e4\u00e4re Earth Lithium 2 400g, Valvoline - Ranoja<\/title>\n<meta name=\"robots\" content=\"index, follow, max-snippet:-1, max-image-preview:large, max-video-preview:-1\" \/>\n<link rel=\"canonical\" href=\"https:\/\/ranoja.ee\/toode\/maare-earth-lithium-2-400g-valvoline\/\" \/>\n<meta property=\"og:locale\" content=\"en_US\" \/>\n<meta property=\"og:type\" content=\"article\" \/>\n<meta property=\"og:title\" content=\"M\u00e4\u00e4re Earth Lithium 2 400g, Valvoline - Ranoja\" \/>\n<meta property=\"og:description\" content=\"K\u00f5rgkvaliteetne semis\u00fcnteetiline liitium m\u00e4\u00e4re mis on spetsiaalselt valmistatud maastikus\u00f5idukitele millel on erin\u00f5ue m\u00e4\u00e4rde kleepuvusele ja p\u00fcsivusele. M\u00e4\u00e4rdel on erakordselt hea koormustaluvus erinevatel koormustel, kiirustel ja erinevas temepratuurivahemikus t\u00f6\u00f6tamisel. Valvoline Earth Lithium 2 on liitium tahkesti baasiline m\u00e4\u00e4re mille koostis on kombineeritud mineraalsest ja semis\u00fcntees estrite baas\u00f5list mis tagab laia kasutustemperatuuri ning isegi k\u00f5rgematel plusskraadidel s\u00e4ilitab m\u00e4\u00e4re oma konsistentsuse. Sinine v\u00e4rvus aitab m\u00e4\u00e4rde olemasolu kontrollida m\u00e4\u00e4ritavatel pindadel. Kasutuskohad: Sobib kasutamiseks avatud hammas \u00fclekannetel, trosside m\u00e4\u00e4rimiseks, liitmik \u00fchendustele veokitel nende haakeseadmetel. Samuti sobilik maaparndus ja kaevetehnikale nagu bulldooserid, vedukid, nende roomikrattad, avatud hammas\u00fclekanded, liugpinnad, trossid ja ketid jms. Eriti sobilik p\u00f5llumajandus- ja ehitusmasinatele aga samuti ka teede ehitus masinatele mis t\u00f6\u00f6tavad kuumades ja tolmustes tingimustes. Baas\u00f5li: Semis\u00fcntees Tahkesti: Liitium Baas\u00f5li viskoossus: 200 Kasutus tepmeratuurivahemik: -20 kuni + 120 V\u00e4rvus: Sinine Konsistentsusklass: NLGI 2 J\u00f5udlustasemed: DIN 51502: KP2K-20 ISO 6743: L-XBDEB2\" \/>\n<meta property=\"og:url\" content=\"https:\/\/ranoja.ee\/toode\/maare-earth-lithium-2-400g-valvoline\/\" \/>\n<meta property=\"og:site_name\" content=\"Ranoja\" \/>\n<meta property=\"article:publisher\" content=\"https:\/\/www.facebook.com\/ranoja.ee\" \/>\n<meta property=\"article:modified_time\" content=\"2026-03-17T12:43:49+00:00\" \/>\n<meta property=\"og:image\" content=\"https:\/\/ranoja.ee\/wp-content\/uploads\/2026\/03\/223112488.jpg\" \/>\n\t<meta property=\"og:image:width\" content=\"247\" \/>\n\t<meta property=\"og:image:height\" content=\"485\" \/>\n\t<meta property=\"og:image:type\" content=\"image\/jpeg\" \/>\n<meta name=\"twitter:card\" content=\"summary_large_image\" \/>\n<script type=\"application\/ld+json\" class=\"yoast-schema-graph\">{\"@context\":\"https:\\\/\\\/schema.org\",\"@graph\":[{\"@type\":\"WebPage\",\"@id\":\"https:\\\/\\\/ranoja.ee\\\/toode\\\/maare-earth-lithium-2-400g-valvoline\\\/\",\"url\":\"https:\\\/\\\/ranoja.ee\\\/toode\\\/maare-earth-lithium-2-400g-valvoline\\\/\",\"name\":\"M\u00e4\u00e4re Earth Lithium 2 400g, Valvoline - Ranoja\",\"isPartOf\":{\"@id\":\"https:\\\/\\\/ranoja.ee\\\/#website\"},\"primaryImageOfPage\":{\"@id\":\"https:\\\/\\\/ranoja.ee\\\/toode\\\/maare-earth-lithium-2-400g-valvoline\\\/#primaryimage\"},\"image\":{\"@id\":\"https:\\\/\\\/ranoja.ee\\\/toode\\\/maare-earth-lithium-2-400g-valvoline\\\/#primaryimage\"},\"thumbnailUrl\":\"https:\\\/\\\/ranoja.ee\\\/wp-content\\\/uploads\\\/2026\\\/03\\\/223112488.jpg\",\"datePublished\":\"2026-03-16T22:56:38+00:00\",\"dateModified\":\"2026-03-17T12:43:49+00:00\",\"breadcrumb\":{\"@id\":\"https:\\\/\\\/ranoja.ee\\\/toode\\\/maare-earth-lithium-2-400g-valvoline\\\/#breadcrumb\"},\"inLanguage\":\"en-US\",\"potentialAction\":[{\"@type\":\"ReadAction\",\"target\":[\"https:\\\/\\\/ranoja.ee\\\/toode\\\/maare-earth-lithium-2-400g-valvoline\\\/\"]}]},{\"@type\":\"ImageObject\",\"inLanguage\":\"en-US\",\"@id\":\"https:\\\/\\\/ranoja.ee\\\/toode\\\/maare-earth-lithium-2-400g-valvoline\\\/#primaryimage\",\"url\":\"https:\\\/\\\/ranoja.ee\\\/wp-content\\\/uploads\\\/2026\\\/03\\\/223112488.jpg\",\"contentUrl\":\"https:\\\/\\\/ranoja.ee\\\/wp-content\\\/uploads\\\/2026\\\/03\\\/223112488.jpg\",\"width\":247,\"height\":485},{\"@type\":\"BreadcrumbList\",\"@id\":\"https:\\\/\\\/ranoja.ee\\\/toode\\\/maare-earth-lithium-2-400g-valvoline\\\/#breadcrumb\",\"itemListElement\":[{\"@type\":\"ListItem\",\"position\":1,\"name\":\"Home\",\"item\":\"https:\\\/\\\/ranoja.ee\\\/\"},{\"@type\":\"ListItem\",\"position\":2,\"name\":\"Shop\",\"item\":\"https:\\\/\\\/ranoja.ee\\\/en\\\/shop\\\/\"},{\"@type\":\"ListItem\",\"position\":3,\"name\":\"M\u00e4\u00e4re Earth Lithium 2 400g, Valvoline\"}]},{\"@type\":\"WebSite\",\"@id\":\"https:\\\/\\\/ranoja.ee\\\/#website\",\"url\":\"https:\\\/\\\/ranoja.ee\\\/\",\"name\":\"Ranoja\",\"description\":\"Equipment Shop WooCommerce WordPress Theme for Machine &amp; Tools\",\"publisher\":{\"@id\":\"https:\\\/\\\/ranoja.ee\\\/#organization\"},\"potentialAction\":[{\"@type\":\"SearchAction\",\"target\":{\"@type\":\"EntryPoint\",\"urlTemplate\":\"https:\\\/\\\/ranoja.ee\\\/?s={search_term_string}\"},\"query-input\":{\"@type\":\"PropertyValueSpecification\",\"valueRequired\":true,\"valueName\":\"search_term_string\"}}],\"inLanguage\":\"en-US\"},{\"@type\":\"Organization\",\"@id\":\"https:\\\/\\\/ranoja.ee\\\/#organization\",\"name\":\"Ranoja O\u00dc\",\"url\":\"https:\\\/\\\/ranoja.ee\\\/\",\"logo\":{\"@type\":\"ImageObject\",\"inLanguage\":\"en-US\",\"@id\":\"https:\\\/\\\/ranoja.ee\\\/#\\\/schema\\\/logo\\\/image\\\/\",\"url\":\"https:\\\/\\\/ranoja.ee\\\/wp-content\\\/uploads\\\/2023\\\/11\\\/ranoja-Logo.png\",\"contentUrl\":\"https:\\\/\\\/ranoja.ee\\\/wp-content\\\/uploads\\\/2023\\\/11\\\/ranoja-Logo.png\",\"width\":207,\"height\":58,\"caption\":\"Ranoja O\u00dc\"},\"image\":{\"@id\":\"https:\\\/\\\/ranoja.ee\\\/#\\\/schema\\\/logo\\\/image\\\/\"},\"sameAs\":[\"https:\\\/\\\/www.facebook.com\\\/ranoja.ee\",\"https:\\\/\\\/www.instagram.com\\\/ranoja__\\\/\"]}]}<\/script>\n<!-- \/ Yoast SEO plugin. -->","yoast_head_json":{"title":"M\u00e4\u00e4re Earth Lithium 2 400g, Valvoline - Ranoja","robots":{"index":"index","follow":"follow","max-snippet":"max-snippet:-1","max-image-preview":"max-image-preview:large","max-video-preview":"max-video-preview:-1"},"canonical":"https:\/\/ranoja.ee\/toode\/maare-earth-lithium-2-400g-valvoline\/","og_locale":"en_US","og_type":"article","og_title":"M\u00e4\u00e4re Earth Lithium 2 400g, Valvoline - Ranoja","og_description":"K\u00f5rgkvaliteetne semis\u00fcnteetiline liitium m\u00e4\u00e4re mis on spetsiaalselt valmistatud maastikus\u00f5idukitele millel on erin\u00f5ue m\u00e4\u00e4rde kleepuvusele ja p\u00fcsivusele. M\u00e4\u00e4rdel on erakordselt hea koormustaluvus erinevatel koormustel, kiirustel ja erinevas temepratuurivahemikus t\u00f6\u00f6tamisel. Valvoline Earth Lithium 2 on liitium tahkesti baasiline m\u00e4\u00e4re mille koostis on kombineeritud mineraalsest ja semis\u00fcntees estrite baas\u00f5list mis tagab laia kasutustemperatuuri ning isegi k\u00f5rgematel plusskraadidel s\u00e4ilitab m\u00e4\u00e4re oma konsistentsuse. Sinine v\u00e4rvus aitab m\u00e4\u00e4rde olemasolu kontrollida m\u00e4\u00e4ritavatel pindadel. Kasutuskohad: Sobib kasutamiseks avatud hammas \u00fclekannetel, trosside m\u00e4\u00e4rimiseks, liitmik \u00fchendustele veokitel nende haakeseadmetel. Samuti sobilik maaparndus ja kaevetehnikale nagu bulldooserid, vedukid, nende roomikrattad, avatud hammas\u00fclekanded, liugpinnad, trossid ja ketid jms. Eriti sobilik p\u00f5llumajandus- ja ehitusmasinatele aga samuti ka teede ehitus masinatele mis t\u00f6\u00f6tavad kuumades ja tolmustes tingimustes. Baas\u00f5li: Semis\u00fcntees Tahkesti: Liitium Baas\u00f5li viskoossus: 200 Kasutus tepmeratuurivahemik: -20 kuni + 120 V\u00e4rvus: Sinine Konsistentsusklass: NLGI 2 J\u00f5udlustasemed: DIN 51502: KP2K-20 ISO 6743: L-XBDEB2","og_url":"https:\/\/ranoja.ee\/toode\/maare-earth-lithium-2-400g-valvoline\/","og_site_name":"Ranoja","article_publisher":"https:\/\/www.facebook.com\/ranoja.ee","article_modified_time":"2026-03-17T12:43:49+00:00","og_image":[{"width":247,"height":485,"url":"https:\/\/ranoja.ee\/wp-content\/uploads\/2026\/03\/223112488.jpg","type":"image\/jpeg"}],"twitter_card":"summary_large_image","schema":{"@context":"https:\/\/schema.org","@graph":[{"@type":"WebPage","@id":"https:\/\/ranoja.ee\/toode\/maare-earth-lithium-2-400g-valvoline\/","url":"https:\/\/ranoja.ee\/toode\/maare-earth-lithium-2-400g-valvoline\/","name":"M\u00e4\u00e4re Earth Lithium 2 400g, Valvoline - Ranoja","isPartOf":{"@id":"https:\/\/ranoja.ee\/#website"},"primaryImageOfPage":{"@id":"https:\/\/ranoja.ee\/toode\/maare-earth-lithium-2-400g-valvoline\/#primaryimage"},"image":{"@id":"https:\/\/ranoja.ee\/toode\/maare-earth-lithium-2-400g-valvoline\/#primaryimage"},"thumbnailUrl":"https:\/\/ranoja.ee\/wp-content\/uploads\/2026\/03\/223112488.jpg","datePublished":"2026-03-16T22:56:38+00:00","dateModified":"2026-03-17T12:43:49+00:00","breadcrumb":{"@id":"https:\/\/ranoja.ee\/toode\/maare-earth-lithium-2-400g-valvoline\/#breadcrumb"},"inLanguage":"en-US","potentialAction":[{"@type":"ReadAction","target":["https:\/\/ranoja.ee\/toode\/maare-earth-lithium-2-400g-valvoline\/"]}]},{"@type":"ImageObject","inLanguage":"en-US","@id":"https:\/\/ranoja.ee\/toode\/maare-earth-lithium-2-400g-valvoline\/#primaryimage","url":"https:\/\/ranoja.ee\/wp-content\/uploads\/2026\/03\/223112488.jpg","contentUrl":"https:\/\/ranoja.ee\/wp-content\/uploads\/2026\/03\/223112488.jpg","width":247,"height":485},{"@type":"BreadcrumbList","@id":"https:\/\/ranoja.ee\/toode\/maare-earth-lithium-2-400g-valvoline\/#breadcrumb","itemListElement":[{"@type":"ListItem","position":1,"name":"Home","item":"https:\/\/ranoja.ee\/"},{"@type":"ListItem","position":2,"name":"Shop","item":"https:\/\/ranoja.ee\/en\/shop\/"},{"@type":"ListItem","position":3,"name":"M\u00e4\u00e4re Earth Lithium 2 400g, Valvoline"}]},{"@type":"WebSite","@id":"https:\/\/ranoja.ee\/#website","url":"https:\/\/ranoja.ee\/","name":"Ranoja","description":"Equipment Shop WooCommerce WordPress Theme for Machine &amp; Tools","publisher":{"@id":"https:\/\/ranoja.ee\/#organization"},"potentialAction":[{"@type":"SearchAction","target":{"@type":"EntryPoint","urlTemplate":"https:\/\/ranoja.ee\/?s={search_term_string}"},"query-input":{"@type":"PropertyValueSpecification","valueRequired":true,"valueName":"search_term_string"}}],"inLanguage":"en-US"},{"@type":"Organization","@id":"https:\/\/ranoja.ee\/#organization","name":"Ranoja O\u00dc","url":"https:\/\/ranoja.ee\/","logo":{"@type":"ImageObject","inLanguage":"en-US","@id":"https:\/\/ranoja.ee\/#\/schema\/logo\/image\/","url":"https:\/\/ranoja.ee\/wp-content\/uploads\/2023\/11\/ranoja-Logo.png","contentUrl":"https:\/\/ranoja.ee\/wp-content\/uploads\/2023\/11\/ranoja-Logo.png","width":207,"height":58,"caption":"Ranoja O\u00dc"},"image":{"@id":"https:\/\/ranoja.ee\/#\/schema\/logo\/image\/"},"sameAs":["https:\/\/www.facebook.com\/ranoja.ee","https:\/\/www.instagram.com\/ranoja__\/"]}]}},"_links":{"self":[{"href":"https:\/\/ranoja.ee\/en\/wp-json\/wp\/v2\/product\/58181","targetHints":{"allow":["GET"]}}],"collection":[{"href":"https:\/\/ranoja.ee\/en\/wp-json\/wp\/v2\/product"}],"about":[{"href":"https:\/\/ranoja.ee\/en\/wp-json\/wp\/v2\/types\/product"}],"wp:featuredmedia":[{"embeddable":true,"href":"https:\/\/ranoja.ee\/en\/wp-json\/wp\/v2\/media\/58182"}],"wp:attachment":[{"href":"https:\/\/ranoja.ee\/en\/wp-json\/wp\/v2\/media?parent=58181"}],"wp:term":[{"taxonomy":"product_cat","embeddable":true,"href":"https:\/\/ranoja.ee\/en\/wp-json\/wp\/v2\/product_cat?post=58181"},{"taxonomy":"product_tag","embeddable":true,"href":"https:\/\/ranoja.ee\/en\/wp-json\/wp\/v2\/product_tag?post=58181"}],"curies":[{"name":"wp","href":"https:\/\/api.w.org\/{rel}","templated":true}]}}