{"id":58179,"date":"2026-03-17T01:56:38","date_gmt":"2026-03-16T22:56:38","guid":{"rendered":"https:\/\/ranoja.ee\/toode\/akukettsaag-bc-cs355duo-x-2x20v-karkass-scheppach\/"},"modified":"2026-03-17T15:43:49","modified_gmt":"2026-03-17T12:43:49","slug":"akukettsaag-bc-cs355duo-x-2x20v-karkass-scheppach","status":"publish","type":"product","link":"https:\/\/ranoja.ee\/en\/toode\/akukettsaag-bc-cs355duo-x-2x20v-karkass-scheppach\/","title":{"rendered":"Akukettsaag BC-CS355Duo-X 2x20V, karkass, Scheppach"},"content":{"rendered":"","protected":false},"excerpt":{"rendered":"<p>Mootori t\u00fc\u00fcp: harjavaba<br \/>\nAku 2x20V (40V)<br \/>\nKett ja latt: 35,6 cm (14&#8243;)<br \/>\nL\u00f5ikepikkus: 33,5 cm<br \/>\nKeti kiirus: 15 m\/s<br \/>\nKeti\u00f5li paak: 260 ml<br \/>\nKaal 3,3 kg<\/p>\n<p>\u2022 V\u00f5imas akusaag k\u00fcttepuude l\u00f5ikamiseks, p\u00f5\u00f5saste, okste p\u00fcgamiseks, jupeldamiseks v\u00f5i aiahoolduseks<br \/>\n\u2022 Hooldusvaba, eriti t\u00f5hus harjavaba mootor tagab pikema t\u00f6\u00f6- ning kasutusea<br \/>\n\u2022 15 m\/s l\u00f5ikekiirus tagab kiire t\u00f6\u00f6<br \/>\n\u2022 Kvaliteetne 14&#8243; \/ 35,6 cm ProCut latt ja kett, l\u00f5ikepikkusega 33,5 cm<br \/>\n\u2022 V\u00f5imas 2x 20 V (40 V)<br \/>\n\u2022 T\u00f6\u00f6riistavaba keti vahetus ja keti pingutamine<br \/>\n\u2022 Pehme kattega ergonoomiline k\u00e4epide<br \/>\n\u2022 Inerts \u2013 ketipidur peatab saeketi tagasil\u00f6\u00f6gi korral millisekundite jooksul<br \/>\n\u2022 Kahe k\u00e4e turval\u00fcliti tagab keti viivitamatu seiskumise v\u00e4hem kui 0,12 sek. jooksul<br \/>\n\u2022 Pehme k\u00e4ivitusega mootori tagab keti sujuva t\u00f6\u00f6<br \/>\n\u2022 Tugevad metallist tugihambad tagavad hea haarde<br \/>\n\u2022 Automaatne keti\u00f5litus<\/p>\n<p>Sobivad akud ja laadijad:<br \/>\n7909201720&#038;SCHEP Komplekt SBSK2.0 Starterkit 1: 2,0 Ah aku + 2,4 A laadija<br \/>\n7909201721&#038;SCHEP Komplekt SBSK4.0 Starterkit 2: 4,0Ah aku + 2,4 A laadija<br \/>\n7909201708&#038;SCHEP Aku SBP2.0, 20 V \/ 2,0 Ah, Li-ioon<br \/>\n7909201709&#038;SCHEP Aku SBP4.0, 20 V \/ 4,0 Ah, Li-ioon<br \/>\n7909201711&#038;SCHEP Kiirlaadija SBC4.5A<\/p>\n<p>Scheppachi elektrilised k\u00e4sit\u00f6\u00f6riistad on m\u00f5eldud n\u00f5udlikule hobikasutajale<\/p>\n","protected":false},"featured_media":58180,"template":"","meta":{"inline_featured_image":false},"product_cat":[5134,1087,5133],"product_tag":[],"class_list":{"0":"post-58179","1":"product","2":"type-product","3":"status-publish","4":"has-post-thumbnail","6":"product_brand-scheppach","7":"product_cat-akuga-kettsaed","8":"product_cat-metsatehnika","9":"product_cat-mootorsaed","11":"first","12":"instock","13":"purchasable","14":"product-type-simple"},"yoast_head":"<!-- This site is optimized with the Yoast SEO plugin v27.4 - https:\/\/yoast.com\/product\/yoast-seo-wordpress\/ -->\n<title>Akukettsaag BC-CS355Duo-X 2x20V, karkass, Scheppach - Ranoja<\/title>\n<meta name=\"robots\" content=\"index, follow, max-snippet:-1, max-image-preview:large, max-video-preview:-1\" \/>\n<link rel=\"canonical\" href=\"https:\/\/ranoja.ee\/toode\/akukettsaag-bc-cs355duo-x-2x20v-karkass-scheppach\/\" \/>\n<meta property=\"og:locale\" content=\"en_US\" \/>\n<meta property=\"og:type\" content=\"article\" \/>\n<meta property=\"og:title\" content=\"Akukettsaag BC-CS355Duo-X 2x20V, karkass, Scheppach - Ranoja\" \/>\n<meta property=\"og:description\" content=\"Mootori t\u00fc\u00fcp: harjavaba Aku 2x20V (40V) Kett ja latt: 35,6 cm (14&quot;) L\u00f5ikepikkus: 33,5 cm Keti kiirus: 15 m\/s Keti\u00f5li paak: 260 ml Kaal 3,3 kg \u2022 V\u00f5imas akusaag k\u00fcttepuude l\u00f5ikamiseks, p\u00f5\u00f5saste, okste p\u00fcgamiseks, jupeldamiseks v\u00f5i aiahoolduseks \u2022 Hooldusvaba, eriti t\u00f5hus harjavaba mootor tagab pikema t\u00f6\u00f6- ning kasutusea \u2022 15 m\/s l\u00f5ikekiirus tagab kiire t\u00f6\u00f6 \u2022 Kvaliteetne 14&quot; \/ 35,6 cm ProCut latt ja kett, l\u00f5ikepikkusega 33,5 cm \u2022 V\u00f5imas 2x 20 V (40 V) \u2022 T\u00f6\u00f6riistavaba keti vahetus ja keti pingutamine \u2022 Pehme kattega ergonoomiline k\u00e4epide \u2022 Inerts \u2013 ketipidur peatab saeketi tagasil\u00f6\u00f6gi korral millisekundite jooksul \u2022 Kahe k\u00e4e turval\u00fcliti tagab keti viivitamatu seiskumise v\u00e4hem kui 0,12 sek. jooksul \u2022 Pehme k\u00e4ivitusega mootori tagab keti sujuva t\u00f6\u00f6 \u2022 Tugevad metallist tugihambad tagavad hea haarde \u2022 Automaatne keti\u00f5litus Sobivad akud ja laadijad: 7909201720&amp;SCHEP Komplekt SBSK2.0 Starterkit 1: 2,0 Ah aku + 2,4 A laadija 7909201721&amp;SCHEP Komplekt SBSK4.0 Starterkit 2: 4,0Ah aku + 2,4 A laadija 7909201708&amp;SCHEP Aku SBP2.0, 20 V \/ 2,0 Ah, Li-ioon 7909201709&amp;SCHEP Aku SBP4.0, 20 V \/ 4,0 Ah, Li-ioon 7909201711&amp;SCHEP Kiirlaadija SBC4.5A Scheppachi elektrilised k\u00e4sit\u00f6\u00f6riistad on m\u00f5eldud n\u00f5udlikule hobikasutajale\" \/>\n<meta property=\"og:url\" content=\"https:\/\/ranoja.ee\/toode\/akukettsaag-bc-cs355duo-x-2x20v-karkass-scheppach\/\" \/>\n<meta property=\"og:site_name\" content=\"Ranoja\" \/>\n<meta property=\"article:publisher\" content=\"https:\/\/www.facebook.com\/ranoja.ee\" \/>\n<meta property=\"article:modified_time\" content=\"2026-03-17T12:43:49+00:00\" \/>\n<meta property=\"og:image\" content=\"https:\/\/ranoja.ee\/wp-content\/uploads\/2026\/03\/261836288.jpg\" \/>\n\t<meta property=\"og:image:width\" content=\"900\" \/>\n\t<meta property=\"og:image:height\" content=\"470\" \/>\n\t<meta property=\"og:image:type\" content=\"image\/jpeg\" \/>\n<meta name=\"twitter:card\" content=\"summary_large_image\" \/>\n<script type=\"application\/ld+json\" class=\"yoast-schema-graph\">{\"@context\":\"https:\\\/\\\/schema.org\",\"@graph\":[{\"@type\":\"WebPage\",\"@id\":\"https:\\\/\\\/ranoja.ee\\\/toode\\\/akukettsaag-bc-cs355duo-x-2x20v-karkass-scheppach\\\/\",\"url\":\"https:\\\/\\\/ranoja.ee\\\/toode\\\/akukettsaag-bc-cs355duo-x-2x20v-karkass-scheppach\\\/\",\"name\":\"Akukettsaag BC-CS355Duo-X 2x20V, karkass, Scheppach - Ranoja\",\"isPartOf\":{\"@id\":\"https:\\\/\\\/ranoja.ee\\\/#website\"},\"primaryImageOfPage\":{\"@id\":\"https:\\\/\\\/ranoja.ee\\\/toode\\\/akukettsaag-bc-cs355duo-x-2x20v-karkass-scheppach\\\/#primaryimage\"},\"image\":{\"@id\":\"https:\\\/\\\/ranoja.ee\\\/toode\\\/akukettsaag-bc-cs355duo-x-2x20v-karkass-scheppach\\\/#primaryimage\"},\"thumbnailUrl\":\"https:\\\/\\\/ranoja.ee\\\/wp-content\\\/uploads\\\/2026\\\/03\\\/261836288.jpg\",\"datePublished\":\"2026-03-16T22:56:38+00:00\",\"dateModified\":\"2026-03-17T12:43:49+00:00\",\"breadcrumb\":{\"@id\":\"https:\\\/\\\/ranoja.ee\\\/toode\\\/akukettsaag-bc-cs355duo-x-2x20v-karkass-scheppach\\\/#breadcrumb\"},\"inLanguage\":\"en-US\",\"potentialAction\":[{\"@type\":\"ReadAction\",\"target\":[\"https:\\\/\\\/ranoja.ee\\\/toode\\\/akukettsaag-bc-cs355duo-x-2x20v-karkass-scheppach\\\/\"]}]},{\"@type\":\"ImageObject\",\"inLanguage\":\"en-US\",\"@id\":\"https:\\\/\\\/ranoja.ee\\\/toode\\\/akukettsaag-bc-cs355duo-x-2x20v-karkass-scheppach\\\/#primaryimage\",\"url\":\"https:\\\/\\\/ranoja.ee\\\/wp-content\\\/uploads\\\/2026\\\/03\\\/261836288.jpg\",\"contentUrl\":\"https:\\\/\\\/ranoja.ee\\\/wp-content\\\/uploads\\\/2026\\\/03\\\/261836288.jpg\",\"width\":900,\"height\":470},{\"@type\":\"BreadcrumbList\",\"@id\":\"https:\\\/\\\/ranoja.ee\\\/toode\\\/akukettsaag-bc-cs355duo-x-2x20v-karkass-scheppach\\\/#breadcrumb\",\"itemListElement\":[{\"@type\":\"ListItem\",\"position\":1,\"name\":\"Home\",\"item\":\"https:\\\/\\\/ranoja.ee\\\/\"},{\"@type\":\"ListItem\",\"position\":2,\"name\":\"Shop\",\"item\":\"https:\\\/\\\/ranoja.ee\\\/en\\\/shop\\\/\"},{\"@type\":\"ListItem\",\"position\":3,\"name\":\"Akukettsaag BC-CS355Duo-X 2x20V, karkass, Scheppach\"}]},{\"@type\":\"WebSite\",\"@id\":\"https:\\\/\\\/ranoja.ee\\\/#website\",\"url\":\"https:\\\/\\\/ranoja.ee\\\/\",\"name\":\"Ranoja\",\"description\":\"Equipment Shop WooCommerce WordPress Theme for Machine &amp; Tools\",\"publisher\":{\"@id\":\"https:\\\/\\\/ranoja.ee\\\/#organization\"},\"potentialAction\":[{\"@type\":\"SearchAction\",\"target\":{\"@type\":\"EntryPoint\",\"urlTemplate\":\"https:\\\/\\\/ranoja.ee\\\/?s={search_term_string}\"},\"query-input\":{\"@type\":\"PropertyValueSpecification\",\"valueRequired\":true,\"valueName\":\"search_term_string\"}}],\"inLanguage\":\"en-US\"},{\"@type\":\"Organization\",\"@id\":\"https:\\\/\\\/ranoja.ee\\\/#organization\",\"name\":\"Ranoja O\u00dc\",\"url\":\"https:\\\/\\\/ranoja.ee\\\/\",\"logo\":{\"@type\":\"ImageObject\",\"inLanguage\":\"en-US\",\"@id\":\"https:\\\/\\\/ranoja.ee\\\/#\\\/schema\\\/logo\\\/image\\\/\",\"url\":\"https:\\\/\\\/ranoja.ee\\\/wp-content\\\/uploads\\\/2023\\\/11\\\/ranoja-Logo.png\",\"contentUrl\":\"https:\\\/\\\/ranoja.ee\\\/wp-content\\\/uploads\\\/2023\\\/11\\\/ranoja-Logo.png\",\"width\":207,\"height\":58,\"caption\":\"Ranoja O\u00dc\"},\"image\":{\"@id\":\"https:\\\/\\\/ranoja.ee\\\/#\\\/schema\\\/logo\\\/image\\\/\"},\"sameAs\":[\"https:\\\/\\\/www.facebook.com\\\/ranoja.ee\",\"https:\\\/\\\/www.instagram.com\\\/ranoja__\\\/\"]}]}<\/script>\n<!-- \/ Yoast SEO plugin. -->","yoast_head_json":{"title":"Akukettsaag BC-CS355Duo-X 2x20V, karkass, Scheppach - Ranoja","robots":{"index":"index","follow":"follow","max-snippet":"max-snippet:-1","max-image-preview":"max-image-preview:large","max-video-preview":"max-video-preview:-1"},"canonical":"https:\/\/ranoja.ee\/toode\/akukettsaag-bc-cs355duo-x-2x20v-karkass-scheppach\/","og_locale":"en_US","og_type":"article","og_title":"Akukettsaag BC-CS355Duo-X 2x20V, karkass, Scheppach - Ranoja","og_description":"Mootori t\u00fc\u00fcp: harjavaba Aku 2x20V (40V) Kett ja latt: 35,6 cm (14\") L\u00f5ikepikkus: 33,5 cm Keti kiirus: 15 m\/s Keti\u00f5li paak: 260 ml Kaal 3,3 kg \u2022 V\u00f5imas akusaag k\u00fcttepuude l\u00f5ikamiseks, p\u00f5\u00f5saste, okste p\u00fcgamiseks, jupeldamiseks v\u00f5i aiahoolduseks \u2022 Hooldusvaba, eriti t\u00f5hus harjavaba mootor tagab pikema t\u00f6\u00f6- ning kasutusea \u2022 15 m\/s l\u00f5ikekiirus tagab kiire t\u00f6\u00f6 \u2022 Kvaliteetne 14\" \/ 35,6 cm ProCut latt ja kett, l\u00f5ikepikkusega 33,5 cm \u2022 V\u00f5imas 2x 20 V (40 V) \u2022 T\u00f6\u00f6riistavaba keti vahetus ja keti pingutamine \u2022 Pehme kattega ergonoomiline k\u00e4epide \u2022 Inerts \u2013 ketipidur peatab saeketi tagasil\u00f6\u00f6gi korral millisekundite jooksul \u2022 Kahe k\u00e4e turval\u00fcliti tagab keti viivitamatu seiskumise v\u00e4hem kui 0,12 sek. jooksul \u2022 Pehme k\u00e4ivitusega mootori tagab keti sujuva t\u00f6\u00f6 \u2022 Tugevad metallist tugihambad tagavad hea haarde \u2022 Automaatne keti\u00f5litus Sobivad akud ja laadijad: 7909201720&SCHEP Komplekt SBSK2.0 Starterkit 1: 2,0 Ah aku + 2,4 A laadija 7909201721&SCHEP Komplekt SBSK4.0 Starterkit 2: 4,0Ah aku + 2,4 A laadija 7909201708&SCHEP Aku SBP2.0, 20 V \/ 2,0 Ah, Li-ioon 7909201709&SCHEP Aku SBP4.0, 20 V \/ 4,0 Ah, Li-ioon 7909201711&SCHEP Kiirlaadija SBC4.5A Scheppachi elektrilised k\u00e4sit\u00f6\u00f6riistad on m\u00f5eldud n\u00f5udlikule hobikasutajale","og_url":"https:\/\/ranoja.ee\/toode\/akukettsaag-bc-cs355duo-x-2x20v-karkass-scheppach\/","og_site_name":"Ranoja","article_publisher":"https:\/\/www.facebook.com\/ranoja.ee","article_modified_time":"2026-03-17T12:43:49+00:00","og_image":[{"width":900,"height":470,"url":"https:\/\/ranoja.ee\/wp-content\/uploads\/2026\/03\/261836288.jpg","type":"image\/jpeg"}],"twitter_card":"summary_large_image","schema":{"@context":"https:\/\/schema.org","@graph":[{"@type":"WebPage","@id":"https:\/\/ranoja.ee\/toode\/akukettsaag-bc-cs355duo-x-2x20v-karkass-scheppach\/","url":"https:\/\/ranoja.ee\/toode\/akukettsaag-bc-cs355duo-x-2x20v-karkass-scheppach\/","name":"Akukettsaag BC-CS355Duo-X 2x20V, karkass, Scheppach - Ranoja","isPartOf":{"@id":"https:\/\/ranoja.ee\/#website"},"primaryImageOfPage":{"@id":"https:\/\/ranoja.ee\/toode\/akukettsaag-bc-cs355duo-x-2x20v-karkass-scheppach\/#primaryimage"},"image":{"@id":"https:\/\/ranoja.ee\/toode\/akukettsaag-bc-cs355duo-x-2x20v-karkass-scheppach\/#primaryimage"},"thumbnailUrl":"https:\/\/ranoja.ee\/wp-content\/uploads\/2026\/03\/261836288.jpg","datePublished":"2026-03-16T22:56:38+00:00","dateModified":"2026-03-17T12:43:49+00:00","breadcrumb":{"@id":"https:\/\/ranoja.ee\/toode\/akukettsaag-bc-cs355duo-x-2x20v-karkass-scheppach\/#breadcrumb"},"inLanguage":"en-US","potentialAction":[{"@type":"ReadAction","target":["https:\/\/ranoja.ee\/toode\/akukettsaag-bc-cs355duo-x-2x20v-karkass-scheppach\/"]}]},{"@type":"ImageObject","inLanguage":"en-US","@id":"https:\/\/ranoja.ee\/toode\/akukettsaag-bc-cs355duo-x-2x20v-karkass-scheppach\/#primaryimage","url":"https:\/\/ranoja.ee\/wp-content\/uploads\/2026\/03\/261836288.jpg","contentUrl":"https:\/\/ranoja.ee\/wp-content\/uploads\/2026\/03\/261836288.jpg","width":900,"height":470},{"@type":"BreadcrumbList","@id":"https:\/\/ranoja.ee\/toode\/akukettsaag-bc-cs355duo-x-2x20v-karkass-scheppach\/#breadcrumb","itemListElement":[{"@type":"ListItem","position":1,"name":"Home","item":"https:\/\/ranoja.ee\/"},{"@type":"ListItem","position":2,"name":"Shop","item":"https:\/\/ranoja.ee\/en\/shop\/"},{"@type":"ListItem","position":3,"name":"Akukettsaag BC-CS355Duo-X 2x20V, karkass, Scheppach"}]},{"@type":"WebSite","@id":"https:\/\/ranoja.ee\/#website","url":"https:\/\/ranoja.ee\/","name":"Ranoja","description":"Equipment Shop WooCommerce WordPress Theme for Machine &amp; Tools","publisher":{"@id":"https:\/\/ranoja.ee\/#organization"},"potentialAction":[{"@type":"SearchAction","target":{"@type":"EntryPoint","urlTemplate":"https:\/\/ranoja.ee\/?s={search_term_string}"},"query-input":{"@type":"PropertyValueSpecification","valueRequired":true,"valueName":"search_term_string"}}],"inLanguage":"en-US"},{"@type":"Organization","@id":"https:\/\/ranoja.ee\/#organization","name":"Ranoja O\u00dc","url":"https:\/\/ranoja.ee\/","logo":{"@type":"ImageObject","inLanguage":"en-US","@id":"https:\/\/ranoja.ee\/#\/schema\/logo\/image\/","url":"https:\/\/ranoja.ee\/wp-content\/uploads\/2023\/11\/ranoja-Logo.png","contentUrl":"https:\/\/ranoja.ee\/wp-content\/uploads\/2023\/11\/ranoja-Logo.png","width":207,"height":58,"caption":"Ranoja O\u00dc"},"image":{"@id":"https:\/\/ranoja.ee\/#\/schema\/logo\/image\/"},"sameAs":["https:\/\/www.facebook.com\/ranoja.ee","https:\/\/www.instagram.com\/ranoja__\/"]}]}},"_links":{"self":[{"href":"https:\/\/ranoja.ee\/en\/wp-json\/wp\/v2\/product\/58179","targetHints":{"allow":["GET"]}}],"collection":[{"href":"https:\/\/ranoja.ee\/en\/wp-json\/wp\/v2\/product"}],"about":[{"href":"https:\/\/ranoja.ee\/en\/wp-json\/wp\/v2\/types\/product"}],"wp:featuredmedia":[{"embeddable":true,"href":"https:\/\/ranoja.ee\/en\/wp-json\/wp\/v2\/media\/58180"}],"wp:attachment":[{"href":"https:\/\/ranoja.ee\/en\/wp-json\/wp\/v2\/media?parent=58179"}],"wp:term":[{"taxonomy":"product_cat","embeddable":true,"href":"https:\/\/ranoja.ee\/en\/wp-json\/wp\/v2\/product_cat?post=58179"},{"taxonomy":"product_tag","embeddable":true,"href":"https:\/\/ranoja.ee\/en\/wp-json\/wp\/v2\/product_tag?post=58179"}],"curies":[{"name":"wp","href":"https:\/\/api.w.org\/{rel}","templated":true}]}}