{"id":58157,"date":"2026-03-17T01:56:13","date_gmt":"2026-03-16T22:56:13","guid":{"rendered":"https:\/\/ranoja.ee\/toode\/survepesur-hpc3000-scheppach\/"},"modified":"2026-03-17T15:43:49","modified_gmt":"2026-03-17T12:43:49","slug":"survepesur-hpc3000-scheppach","status":"publish","type":"product","link":"https:\/\/ranoja.ee\/en\/toode\/survepesur-hpc3000-scheppach\/","title":{"rendered":"Survepesur HPC3000, Scheppach"},"content":{"rendered":"","protected":false},"excerpt":{"rendered":"<p>Tehnilised andmed<br \/>\nToitepinge (V\/Hz)230 \/ 50<br \/>\nR\u00f5hk (bar\/MPa)Max. 180 (18,0 MPa), t\u00f6\u00f6r\u00f5hk 120 (12,0 Mpa)<br \/>\nVeevoolu hulk (l\/h)max. 480<br \/>\nMaksimaalne sisselasketemperatuur (\u00b0C)max. 40<br \/>\nV\u00f5imsusklass (kW)2,4 kW<br \/>\nKaal ilma lisatarvikuteta (kg)5,7<br \/>\nM\u00f5\u00f5dud (pikkus x laius x k\u00f5rgus) (mm)365x276x820mm<\/p>\n<p>Varustus<br \/>\nPVC antitwist 8m voolik<br \/>\nAlumiiniumist pump<br \/>\nToitekaabli pikkus 5m<br \/>\nVoolikutrummel<br \/>\nTeleskoop k\u00e4epide<br \/>\nPesup\u00fcstol<br \/>\nPesutoru<br \/>\nIntegreeritud veefilter<br \/>\nPesuaine paak, 800ml<br \/>\nVario-d\u00fc\u00fcs<br \/>\nRotojet d\u00fc\u00fcs<br \/>\nPesuhari<\/p>\n<p>Scheppachi puhastusseadmed on m\u00f5eldud n\u00f5udlikule hobikasutajale.<\/p>\n","protected":false},"featured_media":58158,"template":"","meta":{"inline_featured_image":false},"product_cat":[5218,5219,5035],"product_tag":[],"class_list":{"0":"post-58157","1":"product","2":"type-product","3":"status-publish","4":"has-post-thumbnail","6":"product_brand-scheppach","7":"product_cat-kodumajapidamislikud-korgsurvepesurid","8":"product_cat-kulmavee-korgsurvepesurid","9":"product_cat-puhastustehnika-ja-tarvikud","11":"first","12":"instock","13":"purchasable","14":"product-type-simple"},"yoast_head":"<!-- This site is optimized with the Yoast SEO plugin v27.4 - https:\/\/yoast.com\/product\/yoast-seo-wordpress\/ -->\n<title>Survepesur HPC3000, Scheppach - Ranoja<\/title>\n<meta name=\"robots\" content=\"index, follow, max-snippet:-1, max-image-preview:large, max-video-preview:-1\" \/>\n<link rel=\"canonical\" href=\"https:\/\/ranoja.ee\/toode\/survepesur-hpc3000-scheppach\/\" \/>\n<meta property=\"og:locale\" content=\"en_US\" \/>\n<meta property=\"og:type\" content=\"article\" \/>\n<meta property=\"og:title\" content=\"Survepesur HPC3000, Scheppach - Ranoja\" \/>\n<meta property=\"og:description\" content=\"Tehnilised andmed Toitepinge (V\/Hz)230 \/ 50 R\u00f5hk (bar\/MPa)Max. 180 (18,0 MPa), t\u00f6\u00f6r\u00f5hk 120 (12,0 Mpa) Veevoolu hulk (l\/h)max. 480 Maksimaalne sisselasketemperatuur (\u00b0C)max. 40 V\u00f5imsusklass (kW)2,4 kW Kaal ilma lisatarvikuteta (kg)5,7 M\u00f5\u00f5dud (pikkus x laius x k\u00f5rgus) (mm)365x276x820mm Varustus PVC antitwist 8m voolik Alumiiniumist pump Toitekaabli pikkus 5m Voolikutrummel Teleskoop k\u00e4epide Pesup\u00fcstol Pesutoru Integreeritud veefilter Pesuaine paak, 800ml Vario-d\u00fc\u00fcs Rotojet d\u00fc\u00fcs Pesuhari Scheppachi puhastusseadmed on m\u00f5eldud n\u00f5udlikule hobikasutajale.\" \/>\n<meta property=\"og:url\" content=\"https:\/\/ranoja.ee\/toode\/survepesur-hpc3000-scheppach\/\" \/>\n<meta property=\"og:site_name\" content=\"Ranoja\" \/>\n<meta property=\"article:publisher\" content=\"https:\/\/www.facebook.com\/ranoja.ee\" \/>\n<meta property=\"article:modified_time\" content=\"2026-03-17T12:43:49+00:00\" \/>\n<meta property=\"og:image\" content=\"https:\/\/ranoja.ee\/wp-content\/uploads\/2026\/03\/263669363.jpg\" \/>\n\t<meta property=\"og:image:width\" content=\"753\" \/>\n\t<meta property=\"og:image:height\" content=\"768\" \/>\n\t<meta property=\"og:image:type\" content=\"image\/jpeg\" \/>\n<meta name=\"twitter:card\" content=\"summary_large_image\" \/>\n<script type=\"application\/ld+json\" class=\"yoast-schema-graph\">{\"@context\":\"https:\\\/\\\/schema.org\",\"@graph\":[{\"@type\":\"WebPage\",\"@id\":\"https:\\\/\\\/ranoja.ee\\\/toode\\\/survepesur-hpc3000-scheppach\\\/\",\"url\":\"https:\\\/\\\/ranoja.ee\\\/toode\\\/survepesur-hpc3000-scheppach\\\/\",\"name\":\"Survepesur HPC3000, Scheppach - Ranoja\",\"isPartOf\":{\"@id\":\"https:\\\/\\\/ranoja.ee\\\/#website\"},\"primaryImageOfPage\":{\"@id\":\"https:\\\/\\\/ranoja.ee\\\/toode\\\/survepesur-hpc3000-scheppach\\\/#primaryimage\"},\"image\":{\"@id\":\"https:\\\/\\\/ranoja.ee\\\/toode\\\/survepesur-hpc3000-scheppach\\\/#primaryimage\"},\"thumbnailUrl\":\"https:\\\/\\\/ranoja.ee\\\/wp-content\\\/uploads\\\/2026\\\/03\\\/263669363.jpg\",\"datePublished\":\"2026-03-16T22:56:13+00:00\",\"dateModified\":\"2026-03-17T12:43:49+00:00\",\"breadcrumb\":{\"@id\":\"https:\\\/\\\/ranoja.ee\\\/toode\\\/survepesur-hpc3000-scheppach\\\/#breadcrumb\"},\"inLanguage\":\"en-US\",\"potentialAction\":[{\"@type\":\"ReadAction\",\"target\":[\"https:\\\/\\\/ranoja.ee\\\/toode\\\/survepesur-hpc3000-scheppach\\\/\"]}]},{\"@type\":\"ImageObject\",\"inLanguage\":\"en-US\",\"@id\":\"https:\\\/\\\/ranoja.ee\\\/toode\\\/survepesur-hpc3000-scheppach\\\/#primaryimage\",\"url\":\"https:\\\/\\\/ranoja.ee\\\/wp-content\\\/uploads\\\/2026\\\/03\\\/263669363.jpg\",\"contentUrl\":\"https:\\\/\\\/ranoja.ee\\\/wp-content\\\/uploads\\\/2026\\\/03\\\/263669363.jpg\",\"width\":753,\"height\":768},{\"@type\":\"BreadcrumbList\",\"@id\":\"https:\\\/\\\/ranoja.ee\\\/toode\\\/survepesur-hpc3000-scheppach\\\/#breadcrumb\",\"itemListElement\":[{\"@type\":\"ListItem\",\"position\":1,\"name\":\"Home\",\"item\":\"https:\\\/\\\/ranoja.ee\\\/\"},{\"@type\":\"ListItem\",\"position\":2,\"name\":\"Shop\",\"item\":\"https:\\\/\\\/ranoja.ee\\\/en\\\/shop\\\/\"},{\"@type\":\"ListItem\",\"position\":3,\"name\":\"Survepesur HPC3000, Scheppach\"}]},{\"@type\":\"WebSite\",\"@id\":\"https:\\\/\\\/ranoja.ee\\\/#website\",\"url\":\"https:\\\/\\\/ranoja.ee\\\/\",\"name\":\"Ranoja\",\"description\":\"Equipment Shop WooCommerce WordPress Theme for Machine &amp; Tools\",\"publisher\":{\"@id\":\"https:\\\/\\\/ranoja.ee\\\/#organization\"},\"potentialAction\":[{\"@type\":\"SearchAction\",\"target\":{\"@type\":\"EntryPoint\",\"urlTemplate\":\"https:\\\/\\\/ranoja.ee\\\/?s={search_term_string}\"},\"query-input\":{\"@type\":\"PropertyValueSpecification\",\"valueRequired\":true,\"valueName\":\"search_term_string\"}}],\"inLanguage\":\"en-US\"},{\"@type\":\"Organization\",\"@id\":\"https:\\\/\\\/ranoja.ee\\\/#organization\",\"name\":\"Ranoja O\u00dc\",\"url\":\"https:\\\/\\\/ranoja.ee\\\/\",\"logo\":{\"@type\":\"ImageObject\",\"inLanguage\":\"en-US\",\"@id\":\"https:\\\/\\\/ranoja.ee\\\/#\\\/schema\\\/logo\\\/image\\\/\",\"url\":\"https:\\\/\\\/ranoja.ee\\\/wp-content\\\/uploads\\\/2023\\\/11\\\/ranoja-Logo.png\",\"contentUrl\":\"https:\\\/\\\/ranoja.ee\\\/wp-content\\\/uploads\\\/2023\\\/11\\\/ranoja-Logo.png\",\"width\":207,\"height\":58,\"caption\":\"Ranoja O\u00dc\"},\"image\":{\"@id\":\"https:\\\/\\\/ranoja.ee\\\/#\\\/schema\\\/logo\\\/image\\\/\"},\"sameAs\":[\"https:\\\/\\\/www.facebook.com\\\/ranoja.ee\",\"https:\\\/\\\/www.instagram.com\\\/ranoja__\\\/\"]}]}<\/script>\n<!-- \/ Yoast SEO plugin. -->","yoast_head_json":{"title":"Survepesur HPC3000, Scheppach - Ranoja","robots":{"index":"index","follow":"follow","max-snippet":"max-snippet:-1","max-image-preview":"max-image-preview:large","max-video-preview":"max-video-preview:-1"},"canonical":"https:\/\/ranoja.ee\/toode\/survepesur-hpc3000-scheppach\/","og_locale":"en_US","og_type":"article","og_title":"Survepesur HPC3000, Scheppach - Ranoja","og_description":"Tehnilised andmed Toitepinge (V\/Hz)230 \/ 50 R\u00f5hk (bar\/MPa)Max. 180 (18,0 MPa), t\u00f6\u00f6r\u00f5hk 120 (12,0 Mpa) Veevoolu hulk (l\/h)max. 480 Maksimaalne sisselasketemperatuur (\u00b0C)max. 40 V\u00f5imsusklass (kW)2,4 kW Kaal ilma lisatarvikuteta (kg)5,7 M\u00f5\u00f5dud (pikkus x laius x k\u00f5rgus) (mm)365x276x820mm Varustus PVC antitwist 8m voolik Alumiiniumist pump Toitekaabli pikkus 5m Voolikutrummel Teleskoop k\u00e4epide Pesup\u00fcstol Pesutoru Integreeritud veefilter Pesuaine paak, 800ml Vario-d\u00fc\u00fcs Rotojet d\u00fc\u00fcs Pesuhari Scheppachi puhastusseadmed on m\u00f5eldud n\u00f5udlikule hobikasutajale.","og_url":"https:\/\/ranoja.ee\/toode\/survepesur-hpc3000-scheppach\/","og_site_name":"Ranoja","article_publisher":"https:\/\/www.facebook.com\/ranoja.ee","article_modified_time":"2026-03-17T12:43:49+00:00","og_image":[{"width":753,"height":768,"url":"https:\/\/ranoja.ee\/wp-content\/uploads\/2026\/03\/263669363.jpg","type":"image\/jpeg"}],"twitter_card":"summary_large_image","schema":{"@context":"https:\/\/schema.org","@graph":[{"@type":"WebPage","@id":"https:\/\/ranoja.ee\/toode\/survepesur-hpc3000-scheppach\/","url":"https:\/\/ranoja.ee\/toode\/survepesur-hpc3000-scheppach\/","name":"Survepesur HPC3000, Scheppach - Ranoja","isPartOf":{"@id":"https:\/\/ranoja.ee\/#website"},"primaryImageOfPage":{"@id":"https:\/\/ranoja.ee\/toode\/survepesur-hpc3000-scheppach\/#primaryimage"},"image":{"@id":"https:\/\/ranoja.ee\/toode\/survepesur-hpc3000-scheppach\/#primaryimage"},"thumbnailUrl":"https:\/\/ranoja.ee\/wp-content\/uploads\/2026\/03\/263669363.jpg","datePublished":"2026-03-16T22:56:13+00:00","dateModified":"2026-03-17T12:43:49+00:00","breadcrumb":{"@id":"https:\/\/ranoja.ee\/toode\/survepesur-hpc3000-scheppach\/#breadcrumb"},"inLanguage":"en-US","potentialAction":[{"@type":"ReadAction","target":["https:\/\/ranoja.ee\/toode\/survepesur-hpc3000-scheppach\/"]}]},{"@type":"ImageObject","inLanguage":"en-US","@id":"https:\/\/ranoja.ee\/toode\/survepesur-hpc3000-scheppach\/#primaryimage","url":"https:\/\/ranoja.ee\/wp-content\/uploads\/2026\/03\/263669363.jpg","contentUrl":"https:\/\/ranoja.ee\/wp-content\/uploads\/2026\/03\/263669363.jpg","width":753,"height":768},{"@type":"BreadcrumbList","@id":"https:\/\/ranoja.ee\/toode\/survepesur-hpc3000-scheppach\/#breadcrumb","itemListElement":[{"@type":"ListItem","position":1,"name":"Home","item":"https:\/\/ranoja.ee\/"},{"@type":"ListItem","position":2,"name":"Shop","item":"https:\/\/ranoja.ee\/en\/shop\/"},{"@type":"ListItem","position":3,"name":"Survepesur HPC3000, Scheppach"}]},{"@type":"WebSite","@id":"https:\/\/ranoja.ee\/#website","url":"https:\/\/ranoja.ee\/","name":"Ranoja","description":"Equipment Shop WooCommerce WordPress Theme for Machine &amp; Tools","publisher":{"@id":"https:\/\/ranoja.ee\/#organization"},"potentialAction":[{"@type":"SearchAction","target":{"@type":"EntryPoint","urlTemplate":"https:\/\/ranoja.ee\/?s={search_term_string}"},"query-input":{"@type":"PropertyValueSpecification","valueRequired":true,"valueName":"search_term_string"}}],"inLanguage":"en-US"},{"@type":"Organization","@id":"https:\/\/ranoja.ee\/#organization","name":"Ranoja O\u00dc","url":"https:\/\/ranoja.ee\/","logo":{"@type":"ImageObject","inLanguage":"en-US","@id":"https:\/\/ranoja.ee\/#\/schema\/logo\/image\/","url":"https:\/\/ranoja.ee\/wp-content\/uploads\/2023\/11\/ranoja-Logo.png","contentUrl":"https:\/\/ranoja.ee\/wp-content\/uploads\/2023\/11\/ranoja-Logo.png","width":207,"height":58,"caption":"Ranoja O\u00dc"},"image":{"@id":"https:\/\/ranoja.ee\/#\/schema\/logo\/image\/"},"sameAs":["https:\/\/www.facebook.com\/ranoja.ee","https:\/\/www.instagram.com\/ranoja__\/"]}]}},"_links":{"self":[{"href":"https:\/\/ranoja.ee\/en\/wp-json\/wp\/v2\/product\/58157","targetHints":{"allow":["GET"]}}],"collection":[{"href":"https:\/\/ranoja.ee\/en\/wp-json\/wp\/v2\/product"}],"about":[{"href":"https:\/\/ranoja.ee\/en\/wp-json\/wp\/v2\/types\/product"}],"wp:featuredmedia":[{"embeddable":true,"href":"https:\/\/ranoja.ee\/en\/wp-json\/wp\/v2\/media\/58158"}],"wp:attachment":[{"href":"https:\/\/ranoja.ee\/en\/wp-json\/wp\/v2\/media?parent=58157"}],"wp:term":[{"taxonomy":"product_cat","embeddable":true,"href":"https:\/\/ranoja.ee\/en\/wp-json\/wp\/v2\/product_cat?post=58157"},{"taxonomy":"product_tag","embeddable":true,"href":"https:\/\/ranoja.ee\/en\/wp-json\/wp\/v2\/product_tag?post=58157"}],"curies":[{"name":"wp","href":"https:\/\/api.w.org\/{rel}","templated":true}]}}