{"id":58141,"date":"2026-03-17T01:56:13","date_gmt":"2026-03-16T22:56:13","guid":{"rendered":"https:\/\/ranoja.ee\/toode\/moodulint-bm100-16-mm-x-3m-stabila\/"},"modified":"2026-03-17T15:43:49","modified_gmt":"2026-03-17T12:43:49","slug":"moodulint-bm100-16-mm-x-3m-stabila","status":"publish","type":"product","link":"https:\/\/ranoja.ee\/en\/toode\/moodulint-bm100-16-mm-x-3m-stabila\/","title":{"rendered":"M\u00f5\u00f5dulint BM100 16 mm x 3m, Stabila"},"content":{"rendered":"","protected":false},"excerpt":{"rendered":"<p>Kas peate m\u00f5\u00f5tma pikkust mitu korda p\u00e4evas? Kui jah, siis see k\u00e4ep\u00e4rane ja t\u00f6\u00f6kindel m\u00f5\u00f5dulint on ideaalne partner teie igap\u00e4evaseks t\u00f6\u00f6ks: t\u00e4nu oma kompaktsele ja kergele disainile istub BM 100 h\u00e4sti k\u00e4es ja v\u00f5ib olla teiega k\u00f5ikjal, kuhu l\u00e4hete. Pehme k\u00e4epidemega \u00fcmbris muudab m\u00f5\u00f5dulindi h\u00f5lpsasti haaratavaks ja tagab p\u00f5rutuskaitset, kui see maha kukub. T\u00e4pne, kergesti loetav skaala h\u00f5lbustab m\u00e4rgistamist. Ehitusplatsidele m\u00f5eldud m\u00f5\u00f5dulindi omadused on \u00fcmar disain, t\u00f6\u00f6kindel pidurdusnupu ja v\u00f5imsa lindi tagasit\u00f5mbamisega. Veel \u00fcks vastupidav t\u00f6\u00f6riist STABILA-lt soodsa hinnaga.<\/p>\n<p>Toote eelised<br \/>\nKompaktne taskulint meetrilise skaalaga.<br \/>\nPurunemiskindel ABS-korpus koos l\u00f6\u00f6ke neelava pehme k\u00e4epidemega kaitseb l\u00f6\u00f6gite ja kukkumiste eest.<br \/>\nErgonoomilise kujuga \u00fcmbris lihtsaks kasutamiseks.<br \/>\nK\u00e4ep\u00e4rane pidurinupp v\u00f5imaldab tera peatamist ja lukustamist.<br \/>\nKroomitud metallklamber h\u00f5lpsaks v\u00f6\u00f6 k\u00fclge kinnitamiseks.<br \/>\nKorpusesse integreeritud aas kukkumisvastase randmerihma kinnitamiseks.<br \/>\nKulumiskindel kate m\u00f5\u00f5tude kaitsmiseks.<br \/>\nLindi kollane kate tagab hea loetavuse isegi p\u00e4ikesevalguse k\u00e4es.<br \/>\nPunased k\u00fcmned kiireks orienteerumiseks ja lugemiseks.<br \/>\nLindi algusosa on kulumise v\u00e4ltimiseks tugevdatud metallplaadiga.<br \/>\nLiigutatav konks lindi alguses t\u00e4psete m\u00f5\u00f5tmiste jaoks.<br \/>\nLindi integreeritud aas hoiab \u00e4ra tera libisemise.<br \/>\nTugev vedru automaatseks ja v\u00f5imsaks lindi tagasit\u00f5mbamiseks.<br \/>\nMaterjali kaitsev puhver lindi sisselaskeaval kaitseb konksu.<\/p>\n","protected":false},"featured_media":58142,"template":"","meta":{"inline_featured_image":false},"product_cat":[5099,5100,5101],"product_tag":[],"class_list":{"0":"post-58141","1":"product","2":"type-product","3":"status-publish","4":"has-post-thumbnail","6":"product_brand-stabila","7":"product_cat-marke-ja-mooteriistad","8":"product_cat-moodulindid","9":"product_cat-moodulindid-kuni-10m","11":"first","12":"instock","13":"purchasable","14":"product-type-simple"},"yoast_head":"<!-- This site is optimized with the Yoast SEO plugin v27.4 - https:\/\/yoast.com\/product\/yoast-seo-wordpress\/ -->\n<title>M\u00f5\u00f5dulint BM100 16 mm x 3m, Stabila - Ranoja<\/title>\n<meta name=\"robots\" content=\"index, follow, max-snippet:-1, max-image-preview:large, max-video-preview:-1\" \/>\n<link rel=\"canonical\" href=\"https:\/\/ranoja.ee\/toode\/moodulint-bm100-16-mm-x-3m-stabila\/\" \/>\n<meta property=\"og:locale\" content=\"en_US\" \/>\n<meta property=\"og:type\" content=\"article\" \/>\n<meta property=\"og:title\" content=\"M\u00f5\u00f5dulint BM100 16 mm x 3m, Stabila - Ranoja\" \/>\n<meta property=\"og:description\" content=\"Kas peate m\u00f5\u00f5tma pikkust mitu korda p\u00e4evas? Kui jah, siis see k\u00e4ep\u00e4rane ja t\u00f6\u00f6kindel m\u00f5\u00f5dulint on ideaalne partner teie igap\u00e4evaseks t\u00f6\u00f6ks: t\u00e4nu oma kompaktsele ja kergele disainile istub BM 100 h\u00e4sti k\u00e4es ja v\u00f5ib olla teiega k\u00f5ikjal, kuhu l\u00e4hete. Pehme k\u00e4epidemega \u00fcmbris muudab m\u00f5\u00f5dulindi h\u00f5lpsasti haaratavaks ja tagab p\u00f5rutuskaitset, kui see maha kukub. T\u00e4pne, kergesti loetav skaala h\u00f5lbustab m\u00e4rgistamist. Ehitusplatsidele m\u00f5eldud m\u00f5\u00f5dulindi omadused on \u00fcmar disain, t\u00f6\u00f6kindel pidurdusnupu ja v\u00f5imsa lindi tagasit\u00f5mbamisega. Veel \u00fcks vastupidav t\u00f6\u00f6riist STABILA-lt soodsa hinnaga. Toote eelised Kompaktne taskulint meetrilise skaalaga. Purunemiskindel ABS-korpus koos l\u00f6\u00f6ke neelava pehme k\u00e4epidemega kaitseb l\u00f6\u00f6gite ja kukkumiste eest. Ergonoomilise kujuga \u00fcmbris lihtsaks kasutamiseks. K\u00e4ep\u00e4rane pidurinupp v\u00f5imaldab tera peatamist ja lukustamist. Kroomitud metallklamber h\u00f5lpsaks v\u00f6\u00f6 k\u00fclge kinnitamiseks. Korpusesse integreeritud aas kukkumisvastase randmerihma kinnitamiseks. Kulumiskindel kate m\u00f5\u00f5tude kaitsmiseks. Lindi kollane kate tagab hea loetavuse isegi p\u00e4ikesevalguse k\u00e4es. Punased k\u00fcmned kiireks orienteerumiseks ja lugemiseks. Lindi algusosa on kulumise v\u00e4ltimiseks tugevdatud metallplaadiga. Liigutatav konks lindi alguses t\u00e4psete m\u00f5\u00f5tmiste jaoks. Lindi integreeritud aas hoiab \u00e4ra tera libisemise. Tugev vedru automaatseks ja v\u00f5imsaks lindi tagasit\u00f5mbamiseks. Materjali kaitsev puhver lindi sisselaskeaval kaitseb konksu.\" \/>\n<meta property=\"og:url\" content=\"https:\/\/ranoja.ee\/toode\/moodulint-bm100-16-mm-x-3m-stabila\/\" \/>\n<meta property=\"og:site_name\" content=\"Ranoja\" \/>\n<meta property=\"article:publisher\" content=\"https:\/\/www.facebook.com\/ranoja.ee\" \/>\n<meta property=\"article:modified_time\" content=\"2026-03-17T12:43:49+00:00\" \/>\n<meta property=\"og:image\" content=\"https:\/\/ranoja.ee\/wp-content\/uploads\/2026\/03\/241802535.jpg\" \/>\n\t<meta property=\"og:image:width\" content=\"512\" \/>\n\t<meta property=\"og:image:height\" content=\"382\" \/>\n\t<meta property=\"og:image:type\" content=\"image\/jpeg\" \/>\n<meta name=\"twitter:card\" content=\"summary_large_image\" \/>\n<script type=\"application\/ld+json\" class=\"yoast-schema-graph\">{\"@context\":\"https:\\\/\\\/schema.org\",\"@graph\":[{\"@type\":\"WebPage\",\"@id\":\"https:\\\/\\\/ranoja.ee\\\/toode\\\/moodulint-bm100-16-mm-x-3m-stabila\\\/\",\"url\":\"https:\\\/\\\/ranoja.ee\\\/toode\\\/moodulint-bm100-16-mm-x-3m-stabila\\\/\",\"name\":\"M\u00f5\u00f5dulint BM100 16 mm x 3m, Stabila - Ranoja\",\"isPartOf\":{\"@id\":\"https:\\\/\\\/ranoja.ee\\\/#website\"},\"primaryImageOfPage\":{\"@id\":\"https:\\\/\\\/ranoja.ee\\\/toode\\\/moodulint-bm100-16-mm-x-3m-stabila\\\/#primaryimage\"},\"image\":{\"@id\":\"https:\\\/\\\/ranoja.ee\\\/toode\\\/moodulint-bm100-16-mm-x-3m-stabila\\\/#primaryimage\"},\"thumbnailUrl\":\"https:\\\/\\\/ranoja.ee\\\/wp-content\\\/uploads\\\/2026\\\/03\\\/241802535.jpg\",\"datePublished\":\"2026-03-16T22:56:13+00:00\",\"dateModified\":\"2026-03-17T12:43:49+00:00\",\"breadcrumb\":{\"@id\":\"https:\\\/\\\/ranoja.ee\\\/toode\\\/moodulint-bm100-16-mm-x-3m-stabila\\\/#breadcrumb\"},\"inLanguage\":\"en-US\",\"potentialAction\":[{\"@type\":\"ReadAction\",\"target\":[\"https:\\\/\\\/ranoja.ee\\\/toode\\\/moodulint-bm100-16-mm-x-3m-stabila\\\/\"]}]},{\"@type\":\"ImageObject\",\"inLanguage\":\"en-US\",\"@id\":\"https:\\\/\\\/ranoja.ee\\\/toode\\\/moodulint-bm100-16-mm-x-3m-stabila\\\/#primaryimage\",\"url\":\"https:\\\/\\\/ranoja.ee\\\/wp-content\\\/uploads\\\/2026\\\/03\\\/241802535.jpg\",\"contentUrl\":\"https:\\\/\\\/ranoja.ee\\\/wp-content\\\/uploads\\\/2026\\\/03\\\/241802535.jpg\",\"width\":512,\"height\":382},{\"@type\":\"BreadcrumbList\",\"@id\":\"https:\\\/\\\/ranoja.ee\\\/toode\\\/moodulint-bm100-16-mm-x-3m-stabila\\\/#breadcrumb\",\"itemListElement\":[{\"@type\":\"ListItem\",\"position\":1,\"name\":\"Home\",\"item\":\"https:\\\/\\\/ranoja.ee\\\/\"},{\"@type\":\"ListItem\",\"position\":2,\"name\":\"Shop\",\"item\":\"https:\\\/\\\/ranoja.ee\\\/en\\\/shop\\\/\"},{\"@type\":\"ListItem\",\"position\":3,\"name\":\"M\u00f5\u00f5dulint BM100 16 mm x 3m, Stabila\"}]},{\"@type\":\"WebSite\",\"@id\":\"https:\\\/\\\/ranoja.ee\\\/#website\",\"url\":\"https:\\\/\\\/ranoja.ee\\\/\",\"name\":\"Ranoja\",\"description\":\"Equipment Shop WooCommerce WordPress Theme for Machine &amp; Tools\",\"publisher\":{\"@id\":\"https:\\\/\\\/ranoja.ee\\\/#organization\"},\"potentialAction\":[{\"@type\":\"SearchAction\",\"target\":{\"@type\":\"EntryPoint\",\"urlTemplate\":\"https:\\\/\\\/ranoja.ee\\\/?s={search_term_string}\"},\"query-input\":{\"@type\":\"PropertyValueSpecification\",\"valueRequired\":true,\"valueName\":\"search_term_string\"}}],\"inLanguage\":\"en-US\"},{\"@type\":\"Organization\",\"@id\":\"https:\\\/\\\/ranoja.ee\\\/#organization\",\"name\":\"Ranoja O\u00dc\",\"url\":\"https:\\\/\\\/ranoja.ee\\\/\",\"logo\":{\"@type\":\"ImageObject\",\"inLanguage\":\"en-US\",\"@id\":\"https:\\\/\\\/ranoja.ee\\\/#\\\/schema\\\/logo\\\/image\\\/\",\"url\":\"https:\\\/\\\/ranoja.ee\\\/wp-content\\\/uploads\\\/2023\\\/11\\\/ranoja-Logo.png\",\"contentUrl\":\"https:\\\/\\\/ranoja.ee\\\/wp-content\\\/uploads\\\/2023\\\/11\\\/ranoja-Logo.png\",\"width\":207,\"height\":58,\"caption\":\"Ranoja O\u00dc\"},\"image\":{\"@id\":\"https:\\\/\\\/ranoja.ee\\\/#\\\/schema\\\/logo\\\/image\\\/\"},\"sameAs\":[\"https:\\\/\\\/www.facebook.com\\\/ranoja.ee\",\"https:\\\/\\\/www.instagram.com\\\/ranoja__\\\/\"]}]}<\/script>\n<!-- \/ Yoast SEO plugin. -->","yoast_head_json":{"title":"M\u00f5\u00f5dulint BM100 16 mm x 3m, Stabila - Ranoja","robots":{"index":"index","follow":"follow","max-snippet":"max-snippet:-1","max-image-preview":"max-image-preview:large","max-video-preview":"max-video-preview:-1"},"canonical":"https:\/\/ranoja.ee\/toode\/moodulint-bm100-16-mm-x-3m-stabila\/","og_locale":"en_US","og_type":"article","og_title":"M\u00f5\u00f5dulint BM100 16 mm x 3m, Stabila - Ranoja","og_description":"Kas peate m\u00f5\u00f5tma pikkust mitu korda p\u00e4evas? Kui jah, siis see k\u00e4ep\u00e4rane ja t\u00f6\u00f6kindel m\u00f5\u00f5dulint on ideaalne partner teie igap\u00e4evaseks t\u00f6\u00f6ks: t\u00e4nu oma kompaktsele ja kergele disainile istub BM 100 h\u00e4sti k\u00e4es ja v\u00f5ib olla teiega k\u00f5ikjal, kuhu l\u00e4hete. Pehme k\u00e4epidemega \u00fcmbris muudab m\u00f5\u00f5dulindi h\u00f5lpsasti haaratavaks ja tagab p\u00f5rutuskaitset, kui see maha kukub. T\u00e4pne, kergesti loetav skaala h\u00f5lbustab m\u00e4rgistamist. Ehitusplatsidele m\u00f5eldud m\u00f5\u00f5dulindi omadused on \u00fcmar disain, t\u00f6\u00f6kindel pidurdusnupu ja v\u00f5imsa lindi tagasit\u00f5mbamisega. Veel \u00fcks vastupidav t\u00f6\u00f6riist STABILA-lt soodsa hinnaga. Toote eelised Kompaktne taskulint meetrilise skaalaga. Purunemiskindel ABS-korpus koos l\u00f6\u00f6ke neelava pehme k\u00e4epidemega kaitseb l\u00f6\u00f6gite ja kukkumiste eest. Ergonoomilise kujuga \u00fcmbris lihtsaks kasutamiseks. K\u00e4ep\u00e4rane pidurinupp v\u00f5imaldab tera peatamist ja lukustamist. Kroomitud metallklamber h\u00f5lpsaks v\u00f6\u00f6 k\u00fclge kinnitamiseks. Korpusesse integreeritud aas kukkumisvastase randmerihma kinnitamiseks. Kulumiskindel kate m\u00f5\u00f5tude kaitsmiseks. Lindi kollane kate tagab hea loetavuse isegi p\u00e4ikesevalguse k\u00e4es. Punased k\u00fcmned kiireks orienteerumiseks ja lugemiseks. Lindi algusosa on kulumise v\u00e4ltimiseks tugevdatud metallplaadiga. Liigutatav konks lindi alguses t\u00e4psete m\u00f5\u00f5tmiste jaoks. Lindi integreeritud aas hoiab \u00e4ra tera libisemise. Tugev vedru automaatseks ja v\u00f5imsaks lindi tagasit\u00f5mbamiseks. Materjali kaitsev puhver lindi sisselaskeaval kaitseb konksu.","og_url":"https:\/\/ranoja.ee\/toode\/moodulint-bm100-16-mm-x-3m-stabila\/","og_site_name":"Ranoja","article_publisher":"https:\/\/www.facebook.com\/ranoja.ee","article_modified_time":"2026-03-17T12:43:49+00:00","og_image":[{"width":512,"height":382,"url":"https:\/\/ranoja.ee\/wp-content\/uploads\/2026\/03\/241802535.jpg","type":"image\/jpeg"}],"twitter_card":"summary_large_image","schema":{"@context":"https:\/\/schema.org","@graph":[{"@type":"WebPage","@id":"https:\/\/ranoja.ee\/toode\/moodulint-bm100-16-mm-x-3m-stabila\/","url":"https:\/\/ranoja.ee\/toode\/moodulint-bm100-16-mm-x-3m-stabila\/","name":"M\u00f5\u00f5dulint BM100 16 mm x 3m, Stabila - Ranoja","isPartOf":{"@id":"https:\/\/ranoja.ee\/#website"},"primaryImageOfPage":{"@id":"https:\/\/ranoja.ee\/toode\/moodulint-bm100-16-mm-x-3m-stabila\/#primaryimage"},"image":{"@id":"https:\/\/ranoja.ee\/toode\/moodulint-bm100-16-mm-x-3m-stabila\/#primaryimage"},"thumbnailUrl":"https:\/\/ranoja.ee\/wp-content\/uploads\/2026\/03\/241802535.jpg","datePublished":"2026-03-16T22:56:13+00:00","dateModified":"2026-03-17T12:43:49+00:00","breadcrumb":{"@id":"https:\/\/ranoja.ee\/toode\/moodulint-bm100-16-mm-x-3m-stabila\/#breadcrumb"},"inLanguage":"en-US","potentialAction":[{"@type":"ReadAction","target":["https:\/\/ranoja.ee\/toode\/moodulint-bm100-16-mm-x-3m-stabila\/"]}]},{"@type":"ImageObject","inLanguage":"en-US","@id":"https:\/\/ranoja.ee\/toode\/moodulint-bm100-16-mm-x-3m-stabila\/#primaryimage","url":"https:\/\/ranoja.ee\/wp-content\/uploads\/2026\/03\/241802535.jpg","contentUrl":"https:\/\/ranoja.ee\/wp-content\/uploads\/2026\/03\/241802535.jpg","width":512,"height":382},{"@type":"BreadcrumbList","@id":"https:\/\/ranoja.ee\/toode\/moodulint-bm100-16-mm-x-3m-stabila\/#breadcrumb","itemListElement":[{"@type":"ListItem","position":1,"name":"Home","item":"https:\/\/ranoja.ee\/"},{"@type":"ListItem","position":2,"name":"Shop","item":"https:\/\/ranoja.ee\/en\/shop\/"},{"@type":"ListItem","position":3,"name":"M\u00f5\u00f5dulint BM100 16 mm x 3m, Stabila"}]},{"@type":"WebSite","@id":"https:\/\/ranoja.ee\/#website","url":"https:\/\/ranoja.ee\/","name":"Ranoja","description":"Equipment Shop WooCommerce WordPress Theme for Machine &amp; Tools","publisher":{"@id":"https:\/\/ranoja.ee\/#organization"},"potentialAction":[{"@type":"SearchAction","target":{"@type":"EntryPoint","urlTemplate":"https:\/\/ranoja.ee\/?s={search_term_string}"},"query-input":{"@type":"PropertyValueSpecification","valueRequired":true,"valueName":"search_term_string"}}],"inLanguage":"en-US"},{"@type":"Organization","@id":"https:\/\/ranoja.ee\/#organization","name":"Ranoja O\u00dc","url":"https:\/\/ranoja.ee\/","logo":{"@type":"ImageObject","inLanguage":"en-US","@id":"https:\/\/ranoja.ee\/#\/schema\/logo\/image\/","url":"https:\/\/ranoja.ee\/wp-content\/uploads\/2023\/11\/ranoja-Logo.png","contentUrl":"https:\/\/ranoja.ee\/wp-content\/uploads\/2023\/11\/ranoja-Logo.png","width":207,"height":58,"caption":"Ranoja O\u00dc"},"image":{"@id":"https:\/\/ranoja.ee\/#\/schema\/logo\/image\/"},"sameAs":["https:\/\/www.facebook.com\/ranoja.ee","https:\/\/www.instagram.com\/ranoja__\/"]}]}},"_links":{"self":[{"href":"https:\/\/ranoja.ee\/en\/wp-json\/wp\/v2\/product\/58141","targetHints":{"allow":["GET"]}}],"collection":[{"href":"https:\/\/ranoja.ee\/en\/wp-json\/wp\/v2\/product"}],"about":[{"href":"https:\/\/ranoja.ee\/en\/wp-json\/wp\/v2\/types\/product"}],"wp:featuredmedia":[{"embeddable":true,"href":"https:\/\/ranoja.ee\/en\/wp-json\/wp\/v2\/media\/58142"}],"wp:attachment":[{"href":"https:\/\/ranoja.ee\/en\/wp-json\/wp\/v2\/media?parent=58141"}],"wp:term":[{"taxonomy":"product_cat","embeddable":true,"href":"https:\/\/ranoja.ee\/en\/wp-json\/wp\/v2\/product_cat?post=58141"},{"taxonomy":"product_tag","embeddable":true,"href":"https:\/\/ranoja.ee\/en\/wp-json\/wp\/v2\/product_tag?post=58141"}],"curies":[{"name":"wp","href":"https:\/\/api.w.org\/{rel}","templated":true}]}}