{"id":58125,"date":"2026-03-17T01:55:50","date_gmt":"2026-03-16T22:55:50","guid":{"rendered":"https:\/\/ranoja.ee\/toode\/kiilrihma-hoorde-parendaja-v-belt-spray-500ml-motip\/"},"modified":"2026-03-17T15:43:49","modified_gmt":"2026-03-17T12:43:49","slug":"kiilrihma-hoorde-parendaja-v-belt-spray-500ml-motip","status":"publish","type":"product","link":"https:\/\/ranoja.ee\/en\/toode\/kiilrihma-hoorde-parendaja-v-belt-spray-500ml-motip\/","title":{"rendered":"Kiilrihma h\u00f5\u00f5rde parendaja V-Belt Spray 500ml, Motip"},"content":{"rendered":"","protected":false},"excerpt":{"rendered":"<p>Hoiab \u00e4ra k\u00f5ikide j\u00f5u\u00fclekannete kiilrihmade libisemise, kriuksumise ja vilistamise.<br \/>\nK\u00f5rge h\u00f5\u00f5rdetegur muudab rihma elastsemaks ja paremini nakkuvaks, suurendab selle veoj\u00f5udu, kaitseb pragunemise eest, v\u00e4hendab rihma ja ketaste kulumist ja pikendab nende t\u00f6\u00f6iga.<\/p>\n<p>KASUTUSVALDKOND:<br \/>\nM\u00f5eldud kasutamiseks j\u00f5u\u00fclekannete kiilrihmadel (V-rihmadel) nii autonduses, p\u00f5llumajanduses,  kui t\u00f6\u00f6stuses.Sobib ideaalselt murutraktorite kiilrihmade eluea pikendamiseks<\/p>\n<p>TEHNILINE INFO:<br \/>\nBaasained: Polyalphaolefine<br \/>\nV\u00e4rvus: l\u00e4bipaistev<br \/>\nL\u00f5hn: iseloomulik<br \/>\nKulu: 1,15g\/sec<br \/>\nTihedus 20\u00b0C juures: 0,89g\/ml<\/p>\n<p>KASUTAMINE:<br \/>\nEnnem kasutamist hoiustada toodet toatemperatuuril ja loksutada<br \/>\nSoovitav kasutamistemperatuur +5\u00b0 kuni +30\u00b0C<br \/>\nL\u00fclita v\u00e4lja mootor. <br \/>\nPihusta vahendit rihmale ja oota m\u00f5nik\u00fcmmend minutit, enne kui mootori k\u00e4ivitad.<br \/>\nVedel aine poeb rihma pragudesse ja parandab rihma, kui lahustid on aurustunud, muutub vahend kuivaks ja kleepuvaks ning saavutab parimad nakkeomadused.<\/p>\n","protected":false},"featured_media":58126,"template":"","meta":{"inline_featured_image":false},"product_cat":[5038,5010,5009],"product_tag":[],"class_list":{"0":"post-58125","1":"product","2":"type-product","3":"status-publish","4":"has-post-thumbnail","6":"product_brand-motip","7":"product_cat-pinnatootlusained","8":"product_cat-tehnilised-aerosoolid","9":"product_cat-toostus-ja-autokeemia","11":"first","12":"instock","13":"purchasable","14":"product-type-simple"},"yoast_head":"<!-- This site is optimized with the Yoast SEO plugin v27.4 - https:\/\/yoast.com\/product\/yoast-seo-wordpress\/ -->\n<title>Kiilrihma h\u00f5\u00f5rde parendaja V-Belt Spray 500ml, Motip - Ranoja<\/title>\n<meta name=\"robots\" content=\"index, follow, max-snippet:-1, max-image-preview:large, max-video-preview:-1\" \/>\n<link rel=\"canonical\" href=\"https:\/\/ranoja.ee\/toode\/kiilrihma-hoorde-parendaja-v-belt-spray-500ml-motip\/\" \/>\n<meta property=\"og:locale\" content=\"en_US\" \/>\n<meta property=\"og:type\" content=\"article\" \/>\n<meta property=\"og:title\" content=\"Kiilrihma h\u00f5\u00f5rde parendaja V-Belt Spray 500ml, Motip - Ranoja\" \/>\n<meta property=\"og:description\" content=\"Hoiab \u00e4ra k\u00f5ikide j\u00f5u\u00fclekannete kiilrihmade libisemise, kriuksumise ja vilistamise. K\u00f5rge h\u00f5\u00f5rdetegur muudab rihma elastsemaks ja paremini nakkuvaks, suurendab selle veoj\u00f5udu, kaitseb pragunemise eest, v\u00e4hendab rihma ja ketaste kulumist ja pikendab nende t\u00f6\u00f6iga. KASUTUSVALDKOND: M\u00f5eldud kasutamiseks j\u00f5u\u00fclekannete kiilrihmadel (V-rihmadel) nii autonduses, p\u00f5llumajanduses, kui t\u00f6\u00f6stuses.Sobib ideaalselt murutraktorite kiilrihmade eluea pikendamiseks TEHNILINE INFO: Baasained: Polyalphaolefine V\u00e4rvus: l\u00e4bipaistev L\u00f5hn: iseloomulik Kulu: 1,15g\/sec Tihedus 20\u00b0C juures: 0,89g\/ml KASUTAMINE: Ennem kasutamist hoiustada toodet toatemperatuuril ja loksutada Soovitav kasutamistemperatuur +5\u00b0 kuni +30\u00b0C L\u00fclita v\u00e4lja mootor. Pihusta vahendit rihmale ja oota m\u00f5nik\u00fcmmend minutit, enne kui mootori k\u00e4ivitad. Vedel aine poeb rihma pragudesse ja parandab rihma, kui lahustid on aurustunud, muutub vahend kuivaks ja kleepuvaks ning saavutab parimad nakkeomadused.\" \/>\n<meta property=\"og:url\" content=\"https:\/\/ranoja.ee\/toode\/kiilrihma-hoorde-parendaja-v-belt-spray-500ml-motip\/\" \/>\n<meta property=\"og:site_name\" content=\"Ranoja\" \/>\n<meta property=\"article:publisher\" content=\"https:\/\/www.facebook.com\/ranoja.ee\" \/>\n<meta property=\"article:modified_time\" content=\"2026-03-17T12:43:49+00:00\" \/>\n<meta property=\"og:image\" content=\"https:\/\/ranoja.ee\/wp-content\/uploads\/2026\/03\/123753354.jpg\" \/>\n\t<meta property=\"og:image:width\" content=\"260\" \/>\n\t<meta property=\"og:image:height\" content=\"900\" \/>\n\t<meta property=\"og:image:type\" content=\"image\/jpeg\" \/>\n<meta name=\"twitter:card\" content=\"summary_large_image\" \/>\n<script type=\"application\/ld+json\" class=\"yoast-schema-graph\">{\"@context\":\"https:\\\/\\\/schema.org\",\"@graph\":[{\"@type\":\"WebPage\",\"@id\":\"https:\\\/\\\/ranoja.ee\\\/toode\\\/kiilrihma-hoorde-parendaja-v-belt-spray-500ml-motip\\\/\",\"url\":\"https:\\\/\\\/ranoja.ee\\\/toode\\\/kiilrihma-hoorde-parendaja-v-belt-spray-500ml-motip\\\/\",\"name\":\"Kiilrihma h\u00f5\u00f5rde parendaja V-Belt Spray 500ml, Motip - Ranoja\",\"isPartOf\":{\"@id\":\"https:\\\/\\\/ranoja.ee\\\/#website\"},\"primaryImageOfPage\":{\"@id\":\"https:\\\/\\\/ranoja.ee\\\/toode\\\/kiilrihma-hoorde-parendaja-v-belt-spray-500ml-motip\\\/#primaryimage\"},\"image\":{\"@id\":\"https:\\\/\\\/ranoja.ee\\\/toode\\\/kiilrihma-hoorde-parendaja-v-belt-spray-500ml-motip\\\/#primaryimage\"},\"thumbnailUrl\":\"https:\\\/\\\/ranoja.ee\\\/wp-content\\\/uploads\\\/2026\\\/03\\\/123753354.jpg\",\"datePublished\":\"2026-03-16T22:55:50+00:00\",\"dateModified\":\"2026-03-17T12:43:49+00:00\",\"breadcrumb\":{\"@id\":\"https:\\\/\\\/ranoja.ee\\\/toode\\\/kiilrihma-hoorde-parendaja-v-belt-spray-500ml-motip\\\/#breadcrumb\"},\"inLanguage\":\"en-US\",\"potentialAction\":[{\"@type\":\"ReadAction\",\"target\":[\"https:\\\/\\\/ranoja.ee\\\/toode\\\/kiilrihma-hoorde-parendaja-v-belt-spray-500ml-motip\\\/\"]}]},{\"@type\":\"ImageObject\",\"inLanguage\":\"en-US\",\"@id\":\"https:\\\/\\\/ranoja.ee\\\/toode\\\/kiilrihma-hoorde-parendaja-v-belt-spray-500ml-motip\\\/#primaryimage\",\"url\":\"https:\\\/\\\/ranoja.ee\\\/wp-content\\\/uploads\\\/2026\\\/03\\\/123753354.jpg\",\"contentUrl\":\"https:\\\/\\\/ranoja.ee\\\/wp-content\\\/uploads\\\/2026\\\/03\\\/123753354.jpg\",\"width\":260,\"height\":900},{\"@type\":\"BreadcrumbList\",\"@id\":\"https:\\\/\\\/ranoja.ee\\\/toode\\\/kiilrihma-hoorde-parendaja-v-belt-spray-500ml-motip\\\/#breadcrumb\",\"itemListElement\":[{\"@type\":\"ListItem\",\"position\":1,\"name\":\"Home\",\"item\":\"https:\\\/\\\/ranoja.ee\\\/\"},{\"@type\":\"ListItem\",\"position\":2,\"name\":\"Shop\",\"item\":\"https:\\\/\\\/ranoja.ee\\\/en\\\/shop\\\/\"},{\"@type\":\"ListItem\",\"position\":3,\"name\":\"Kiilrihma h\u00f5\u00f5rde parendaja V-Belt Spray 500ml, Motip\"}]},{\"@type\":\"WebSite\",\"@id\":\"https:\\\/\\\/ranoja.ee\\\/#website\",\"url\":\"https:\\\/\\\/ranoja.ee\\\/\",\"name\":\"Ranoja\",\"description\":\"Equipment Shop WooCommerce WordPress Theme for Machine &amp; Tools\",\"publisher\":{\"@id\":\"https:\\\/\\\/ranoja.ee\\\/#organization\"},\"potentialAction\":[{\"@type\":\"SearchAction\",\"target\":{\"@type\":\"EntryPoint\",\"urlTemplate\":\"https:\\\/\\\/ranoja.ee\\\/?s={search_term_string}\"},\"query-input\":{\"@type\":\"PropertyValueSpecification\",\"valueRequired\":true,\"valueName\":\"search_term_string\"}}],\"inLanguage\":\"en-US\"},{\"@type\":\"Organization\",\"@id\":\"https:\\\/\\\/ranoja.ee\\\/#organization\",\"name\":\"Ranoja O\u00dc\",\"url\":\"https:\\\/\\\/ranoja.ee\\\/\",\"logo\":{\"@type\":\"ImageObject\",\"inLanguage\":\"en-US\",\"@id\":\"https:\\\/\\\/ranoja.ee\\\/#\\\/schema\\\/logo\\\/image\\\/\",\"url\":\"https:\\\/\\\/ranoja.ee\\\/wp-content\\\/uploads\\\/2023\\\/11\\\/ranoja-Logo.png\",\"contentUrl\":\"https:\\\/\\\/ranoja.ee\\\/wp-content\\\/uploads\\\/2023\\\/11\\\/ranoja-Logo.png\",\"width\":207,\"height\":58,\"caption\":\"Ranoja O\u00dc\"},\"image\":{\"@id\":\"https:\\\/\\\/ranoja.ee\\\/#\\\/schema\\\/logo\\\/image\\\/\"},\"sameAs\":[\"https:\\\/\\\/www.facebook.com\\\/ranoja.ee\",\"https:\\\/\\\/www.instagram.com\\\/ranoja__\\\/\"]}]}<\/script>\n<!-- \/ Yoast SEO plugin. -->","yoast_head_json":{"title":"Kiilrihma h\u00f5\u00f5rde parendaja V-Belt Spray 500ml, Motip - Ranoja","robots":{"index":"index","follow":"follow","max-snippet":"max-snippet:-1","max-image-preview":"max-image-preview:large","max-video-preview":"max-video-preview:-1"},"canonical":"https:\/\/ranoja.ee\/toode\/kiilrihma-hoorde-parendaja-v-belt-spray-500ml-motip\/","og_locale":"en_US","og_type":"article","og_title":"Kiilrihma h\u00f5\u00f5rde parendaja V-Belt Spray 500ml, Motip - Ranoja","og_description":"Hoiab \u00e4ra k\u00f5ikide j\u00f5u\u00fclekannete kiilrihmade libisemise, kriuksumise ja vilistamise. K\u00f5rge h\u00f5\u00f5rdetegur muudab rihma elastsemaks ja paremini nakkuvaks, suurendab selle veoj\u00f5udu, kaitseb pragunemise eest, v\u00e4hendab rihma ja ketaste kulumist ja pikendab nende t\u00f6\u00f6iga. KASUTUSVALDKOND: M\u00f5eldud kasutamiseks j\u00f5u\u00fclekannete kiilrihmadel (V-rihmadel) nii autonduses, p\u00f5llumajanduses, kui t\u00f6\u00f6stuses.Sobib ideaalselt murutraktorite kiilrihmade eluea pikendamiseks TEHNILINE INFO: Baasained: Polyalphaolefine V\u00e4rvus: l\u00e4bipaistev L\u00f5hn: iseloomulik Kulu: 1,15g\/sec Tihedus 20\u00b0C juures: 0,89g\/ml KASUTAMINE: Ennem kasutamist hoiustada toodet toatemperatuuril ja loksutada Soovitav kasutamistemperatuur +5\u00b0 kuni +30\u00b0C L\u00fclita v\u00e4lja mootor. Pihusta vahendit rihmale ja oota m\u00f5nik\u00fcmmend minutit, enne kui mootori k\u00e4ivitad. Vedel aine poeb rihma pragudesse ja parandab rihma, kui lahustid on aurustunud, muutub vahend kuivaks ja kleepuvaks ning saavutab parimad nakkeomadused.","og_url":"https:\/\/ranoja.ee\/toode\/kiilrihma-hoorde-parendaja-v-belt-spray-500ml-motip\/","og_site_name":"Ranoja","article_publisher":"https:\/\/www.facebook.com\/ranoja.ee","article_modified_time":"2026-03-17T12:43:49+00:00","og_image":[{"width":260,"height":900,"url":"https:\/\/ranoja.ee\/wp-content\/uploads\/2026\/03\/123753354.jpg","type":"image\/jpeg"}],"twitter_card":"summary_large_image","schema":{"@context":"https:\/\/schema.org","@graph":[{"@type":"WebPage","@id":"https:\/\/ranoja.ee\/toode\/kiilrihma-hoorde-parendaja-v-belt-spray-500ml-motip\/","url":"https:\/\/ranoja.ee\/toode\/kiilrihma-hoorde-parendaja-v-belt-spray-500ml-motip\/","name":"Kiilrihma h\u00f5\u00f5rde parendaja V-Belt Spray 500ml, Motip - Ranoja","isPartOf":{"@id":"https:\/\/ranoja.ee\/#website"},"primaryImageOfPage":{"@id":"https:\/\/ranoja.ee\/toode\/kiilrihma-hoorde-parendaja-v-belt-spray-500ml-motip\/#primaryimage"},"image":{"@id":"https:\/\/ranoja.ee\/toode\/kiilrihma-hoorde-parendaja-v-belt-spray-500ml-motip\/#primaryimage"},"thumbnailUrl":"https:\/\/ranoja.ee\/wp-content\/uploads\/2026\/03\/123753354.jpg","datePublished":"2026-03-16T22:55:50+00:00","dateModified":"2026-03-17T12:43:49+00:00","breadcrumb":{"@id":"https:\/\/ranoja.ee\/toode\/kiilrihma-hoorde-parendaja-v-belt-spray-500ml-motip\/#breadcrumb"},"inLanguage":"en-US","potentialAction":[{"@type":"ReadAction","target":["https:\/\/ranoja.ee\/toode\/kiilrihma-hoorde-parendaja-v-belt-spray-500ml-motip\/"]}]},{"@type":"ImageObject","inLanguage":"en-US","@id":"https:\/\/ranoja.ee\/toode\/kiilrihma-hoorde-parendaja-v-belt-spray-500ml-motip\/#primaryimage","url":"https:\/\/ranoja.ee\/wp-content\/uploads\/2026\/03\/123753354.jpg","contentUrl":"https:\/\/ranoja.ee\/wp-content\/uploads\/2026\/03\/123753354.jpg","width":260,"height":900},{"@type":"BreadcrumbList","@id":"https:\/\/ranoja.ee\/toode\/kiilrihma-hoorde-parendaja-v-belt-spray-500ml-motip\/#breadcrumb","itemListElement":[{"@type":"ListItem","position":1,"name":"Home","item":"https:\/\/ranoja.ee\/"},{"@type":"ListItem","position":2,"name":"Shop","item":"https:\/\/ranoja.ee\/en\/shop\/"},{"@type":"ListItem","position":3,"name":"Kiilrihma h\u00f5\u00f5rde parendaja V-Belt Spray 500ml, Motip"}]},{"@type":"WebSite","@id":"https:\/\/ranoja.ee\/#website","url":"https:\/\/ranoja.ee\/","name":"Ranoja","description":"Equipment Shop WooCommerce WordPress Theme for Machine &amp; Tools","publisher":{"@id":"https:\/\/ranoja.ee\/#organization"},"potentialAction":[{"@type":"SearchAction","target":{"@type":"EntryPoint","urlTemplate":"https:\/\/ranoja.ee\/?s={search_term_string}"},"query-input":{"@type":"PropertyValueSpecification","valueRequired":true,"valueName":"search_term_string"}}],"inLanguage":"en-US"},{"@type":"Organization","@id":"https:\/\/ranoja.ee\/#organization","name":"Ranoja O\u00dc","url":"https:\/\/ranoja.ee\/","logo":{"@type":"ImageObject","inLanguage":"en-US","@id":"https:\/\/ranoja.ee\/#\/schema\/logo\/image\/","url":"https:\/\/ranoja.ee\/wp-content\/uploads\/2023\/11\/ranoja-Logo.png","contentUrl":"https:\/\/ranoja.ee\/wp-content\/uploads\/2023\/11\/ranoja-Logo.png","width":207,"height":58,"caption":"Ranoja O\u00dc"},"image":{"@id":"https:\/\/ranoja.ee\/#\/schema\/logo\/image\/"},"sameAs":["https:\/\/www.facebook.com\/ranoja.ee","https:\/\/www.instagram.com\/ranoja__\/"]}]}},"_links":{"self":[{"href":"https:\/\/ranoja.ee\/en\/wp-json\/wp\/v2\/product\/58125","targetHints":{"allow":["GET"]}}],"collection":[{"href":"https:\/\/ranoja.ee\/en\/wp-json\/wp\/v2\/product"}],"about":[{"href":"https:\/\/ranoja.ee\/en\/wp-json\/wp\/v2\/types\/product"}],"wp:featuredmedia":[{"embeddable":true,"href":"https:\/\/ranoja.ee\/en\/wp-json\/wp\/v2\/media\/58126"}],"wp:attachment":[{"href":"https:\/\/ranoja.ee\/en\/wp-json\/wp\/v2\/media?parent=58125"}],"wp:term":[{"taxonomy":"product_cat","embeddable":true,"href":"https:\/\/ranoja.ee\/en\/wp-json\/wp\/v2\/product_cat?post=58125"},{"taxonomy":"product_tag","embeddable":true,"href":"https:\/\/ranoja.ee\/en\/wp-json\/wp\/v2\/product_tag?post=58125"}],"curies":[{"name":"wp","href":"https:\/\/api.w.org\/{rel}","templated":true}]}}