{"id":58117,"date":"2026-03-17T01:55:50","date_gmt":"2026-03-16T22:55:50","guid":{"rendered":"https:\/\/ranoja.ee\/toode\/napitstangid-comfort-kaepide-180mm-knipex\/"},"modified":"2026-03-17T15:43:49","modified_gmt":"2026-03-17T12:43:49","slug":"napitstangid-comfort-kaepide-180mm-knipex","status":"publish","type":"product","link":"https:\/\/ranoja.ee\/en\/toode\/napitstangid-comfort-kaepide-180mm-knipex\/","title":{"rendered":"N\u00e4pitstangid comfort k\u00e4epide 180mm, Knipex"},"content":{"rendered":"","protected":false},"excerpt":{"rendered":"<p>Kombitangid mugavate k\u00e4epidemetega<\/p>\n<p>Haardetsoonid lameda ja \u00fcmmarguse materjali jaoks mitmek\u00fclgseks kasutuseks<br \/>\nL\u00f5ikeservad pehme ja k\u00f5va traadi l\u00f5ikamiseks<br \/>\nPikad l\u00f5ikeservad sobivad paksemate kaablite l\u00f5ikamiseks<br \/>\nL\u00f5ikeservad t\u00e4iendavalt induktsioonkarastatud, l\u00f5ikeserva k\u00f5vadus umbes 60 HRC<br \/>\nMugavad k\u00e4epidemed koosnevad kolmest ergonoomilisest komponendist parema k\u00e4sitsemise tagamiseks ning on varustatud kahe KNIPEXtend liidesega lisatarvikute jaoks<\/p>\n<p>Disain ja viimistlus<br \/>\nPinnaviimistlus: must atramentiseeritud<br \/>\nPeadetail: poleeritud<br \/>\nK\u00e4epidemed: mugavad k\u00e4epidemed<\/p>\n<p>Tehnilised andmed<br \/>\nKaal: 254 g<br \/>\nM\u00f5\u00f5dud: 180 x 52 x 21 mm<\/p>\n<p>L\u00f5ikev\u00f5ime<br \/>\nKeskmise k\u00f5vadusega traat: \u00d8 3,4 mm<br \/>\nK\u00f5va traat: \u00d8 2,2 mm<br \/>\nVaskkaabel, mitmekiuline: \u00d8 12,0 mm \/ 16,0 mm\u00b2<\/p>\n<p>Standardid ja vastavus<br \/>\nStandard: DIN ISO 5746<br \/>\nREACH: vastav, ei sisalda SVHC aineid<br \/>\nRoHS: vastav, ei ole kohaldatav<\/p>\n","protected":false},"featured_media":58118,"template":"","meta":{"inline_featured_image":false},"product_cat":[1596,1116,5211,5076],"product_tag":[],"class_list":{"0":"post-58117","1":"product","2":"type-product","3":"status-publish","4":"has-post-thumbnail","6":"product_brand-knipex","7":"product_cat-kasitooriistad","8":"product_cat-lisaseadmed-ehitusseadmed-led-lisatuled-cb-raadiod-lallar","9":"product_cat-napitsad","10":"product_cat-tangid","12":"first","13":"instock","14":"purchasable","15":"product-type-simple"},"yoast_head":"<!-- This site is optimized with the Yoast SEO plugin v27.4 - https:\/\/yoast.com\/product\/yoast-seo-wordpress\/ -->\n<title>N\u00e4pitstangid comfort k\u00e4epide 180mm, Knipex - Ranoja<\/title>\n<meta name=\"robots\" content=\"index, follow, max-snippet:-1, max-image-preview:large, max-video-preview:-1\" \/>\n<link rel=\"canonical\" href=\"https:\/\/ranoja.ee\/toode\/napitstangid-comfort-kaepide-180mm-knipex\/\" \/>\n<meta property=\"og:locale\" content=\"en_US\" \/>\n<meta property=\"og:type\" content=\"article\" \/>\n<meta property=\"og:title\" content=\"N\u00e4pitstangid comfort k\u00e4epide 180mm, Knipex - Ranoja\" \/>\n<meta property=\"og:description\" content=\"Kombitangid mugavate k\u00e4epidemetega Haardetsoonid lameda ja \u00fcmmarguse materjali jaoks mitmek\u00fclgseks kasutuseks L\u00f5ikeservad pehme ja k\u00f5va traadi l\u00f5ikamiseks Pikad l\u00f5ikeservad sobivad paksemate kaablite l\u00f5ikamiseks L\u00f5ikeservad t\u00e4iendavalt induktsioonkarastatud, l\u00f5ikeserva k\u00f5vadus umbes 60 HRC Mugavad k\u00e4epidemed koosnevad kolmest ergonoomilisest komponendist parema k\u00e4sitsemise tagamiseks ning on varustatud kahe KNIPEXtend liidesega lisatarvikute jaoks Disain ja viimistlus Pinnaviimistlus: must atramentiseeritud Peadetail: poleeritud K\u00e4epidemed: mugavad k\u00e4epidemed Tehnilised andmed Kaal: 254 g M\u00f5\u00f5dud: 180 x 52 x 21 mm L\u00f5ikev\u00f5ime Keskmise k\u00f5vadusega traat: \u00d8 3,4 mm K\u00f5va traat: \u00d8 2,2 mm Vaskkaabel, mitmekiuline: \u00d8 12,0 mm \/ 16,0 mm\u00b2 Standardid ja vastavus Standard: DIN ISO 5746 REACH: vastav, ei sisalda SVHC aineid RoHS: vastav, ei ole kohaldatav\" \/>\n<meta property=\"og:url\" content=\"https:\/\/ranoja.ee\/toode\/napitstangid-comfort-kaepide-180mm-knipex\/\" \/>\n<meta property=\"og:site_name\" content=\"Ranoja\" \/>\n<meta property=\"article:publisher\" content=\"https:\/\/www.facebook.com\/ranoja.ee\" \/>\n<meta property=\"article:modified_time\" content=\"2026-03-17T12:43:49+00:00\" \/>\n<meta property=\"og:image\" content=\"https:\/\/ranoja.ee\/wp-content\/uploads\/2026\/03\/94443556.jpg\" \/>\n\t<meta property=\"og:image:width\" content=\"900\" \/>\n\t<meta property=\"og:image:height\" content=\"233\" \/>\n\t<meta property=\"og:image:type\" content=\"image\/jpeg\" \/>\n<meta name=\"twitter:card\" content=\"summary_large_image\" \/>\n<script type=\"application\/ld+json\" class=\"yoast-schema-graph\">{\"@context\":\"https:\\\/\\\/schema.org\",\"@graph\":[{\"@type\":\"WebPage\",\"@id\":\"https:\\\/\\\/ranoja.ee\\\/toode\\\/napitstangid-comfort-kaepide-180mm-knipex\\\/\",\"url\":\"https:\\\/\\\/ranoja.ee\\\/toode\\\/napitstangid-comfort-kaepide-180mm-knipex\\\/\",\"name\":\"N\u00e4pitstangid comfort k\u00e4epide 180mm, Knipex - Ranoja\",\"isPartOf\":{\"@id\":\"https:\\\/\\\/ranoja.ee\\\/#website\"},\"primaryImageOfPage\":{\"@id\":\"https:\\\/\\\/ranoja.ee\\\/toode\\\/napitstangid-comfort-kaepide-180mm-knipex\\\/#primaryimage\"},\"image\":{\"@id\":\"https:\\\/\\\/ranoja.ee\\\/toode\\\/napitstangid-comfort-kaepide-180mm-knipex\\\/#primaryimage\"},\"thumbnailUrl\":\"https:\\\/\\\/ranoja.ee\\\/wp-content\\\/uploads\\\/2026\\\/03\\\/94443556.jpg\",\"datePublished\":\"2026-03-16T22:55:50+00:00\",\"dateModified\":\"2026-03-17T12:43:49+00:00\",\"breadcrumb\":{\"@id\":\"https:\\\/\\\/ranoja.ee\\\/toode\\\/napitstangid-comfort-kaepide-180mm-knipex\\\/#breadcrumb\"},\"inLanguage\":\"en-US\",\"potentialAction\":[{\"@type\":\"ReadAction\",\"target\":[\"https:\\\/\\\/ranoja.ee\\\/toode\\\/napitstangid-comfort-kaepide-180mm-knipex\\\/\"]}]},{\"@type\":\"ImageObject\",\"inLanguage\":\"en-US\",\"@id\":\"https:\\\/\\\/ranoja.ee\\\/toode\\\/napitstangid-comfort-kaepide-180mm-knipex\\\/#primaryimage\",\"url\":\"https:\\\/\\\/ranoja.ee\\\/wp-content\\\/uploads\\\/2026\\\/03\\\/94443556.jpg\",\"contentUrl\":\"https:\\\/\\\/ranoja.ee\\\/wp-content\\\/uploads\\\/2026\\\/03\\\/94443556.jpg\",\"width\":900,\"height\":233},{\"@type\":\"BreadcrumbList\",\"@id\":\"https:\\\/\\\/ranoja.ee\\\/toode\\\/napitstangid-comfort-kaepide-180mm-knipex\\\/#breadcrumb\",\"itemListElement\":[{\"@type\":\"ListItem\",\"position\":1,\"name\":\"Home\",\"item\":\"https:\\\/\\\/ranoja.ee\\\/\"},{\"@type\":\"ListItem\",\"position\":2,\"name\":\"Shop\",\"item\":\"https:\\\/\\\/ranoja.ee\\\/en\\\/shop\\\/\"},{\"@type\":\"ListItem\",\"position\":3,\"name\":\"N\u00e4pitstangid comfort k\u00e4epide 180mm, Knipex\"}]},{\"@type\":\"WebSite\",\"@id\":\"https:\\\/\\\/ranoja.ee\\\/#website\",\"url\":\"https:\\\/\\\/ranoja.ee\\\/\",\"name\":\"Ranoja\",\"description\":\"Equipment Shop WooCommerce WordPress Theme for Machine &amp; Tools\",\"publisher\":{\"@id\":\"https:\\\/\\\/ranoja.ee\\\/#organization\"},\"potentialAction\":[{\"@type\":\"SearchAction\",\"target\":{\"@type\":\"EntryPoint\",\"urlTemplate\":\"https:\\\/\\\/ranoja.ee\\\/?s={search_term_string}\"},\"query-input\":{\"@type\":\"PropertyValueSpecification\",\"valueRequired\":true,\"valueName\":\"search_term_string\"}}],\"inLanguage\":\"en-US\"},{\"@type\":\"Organization\",\"@id\":\"https:\\\/\\\/ranoja.ee\\\/#organization\",\"name\":\"Ranoja O\u00dc\",\"url\":\"https:\\\/\\\/ranoja.ee\\\/\",\"logo\":{\"@type\":\"ImageObject\",\"inLanguage\":\"en-US\",\"@id\":\"https:\\\/\\\/ranoja.ee\\\/#\\\/schema\\\/logo\\\/image\\\/\",\"url\":\"https:\\\/\\\/ranoja.ee\\\/wp-content\\\/uploads\\\/2023\\\/11\\\/ranoja-Logo.png\",\"contentUrl\":\"https:\\\/\\\/ranoja.ee\\\/wp-content\\\/uploads\\\/2023\\\/11\\\/ranoja-Logo.png\",\"width\":207,\"height\":58,\"caption\":\"Ranoja O\u00dc\"},\"image\":{\"@id\":\"https:\\\/\\\/ranoja.ee\\\/#\\\/schema\\\/logo\\\/image\\\/\"},\"sameAs\":[\"https:\\\/\\\/www.facebook.com\\\/ranoja.ee\",\"https:\\\/\\\/www.instagram.com\\\/ranoja__\\\/\"]}]}<\/script>\n<!-- \/ Yoast SEO plugin. -->","yoast_head_json":{"title":"N\u00e4pitstangid comfort k\u00e4epide 180mm, Knipex - Ranoja","robots":{"index":"index","follow":"follow","max-snippet":"max-snippet:-1","max-image-preview":"max-image-preview:large","max-video-preview":"max-video-preview:-1"},"canonical":"https:\/\/ranoja.ee\/toode\/napitstangid-comfort-kaepide-180mm-knipex\/","og_locale":"en_US","og_type":"article","og_title":"N\u00e4pitstangid comfort k\u00e4epide 180mm, Knipex - Ranoja","og_description":"Kombitangid mugavate k\u00e4epidemetega Haardetsoonid lameda ja \u00fcmmarguse materjali jaoks mitmek\u00fclgseks kasutuseks L\u00f5ikeservad pehme ja k\u00f5va traadi l\u00f5ikamiseks Pikad l\u00f5ikeservad sobivad paksemate kaablite l\u00f5ikamiseks L\u00f5ikeservad t\u00e4iendavalt induktsioonkarastatud, l\u00f5ikeserva k\u00f5vadus umbes 60 HRC Mugavad k\u00e4epidemed koosnevad kolmest ergonoomilisest komponendist parema k\u00e4sitsemise tagamiseks ning on varustatud kahe KNIPEXtend liidesega lisatarvikute jaoks Disain ja viimistlus Pinnaviimistlus: must atramentiseeritud Peadetail: poleeritud K\u00e4epidemed: mugavad k\u00e4epidemed Tehnilised andmed Kaal: 254 g M\u00f5\u00f5dud: 180 x 52 x 21 mm L\u00f5ikev\u00f5ime Keskmise k\u00f5vadusega traat: \u00d8 3,4 mm K\u00f5va traat: \u00d8 2,2 mm Vaskkaabel, mitmekiuline: \u00d8 12,0 mm \/ 16,0 mm\u00b2 Standardid ja vastavus Standard: DIN ISO 5746 REACH: vastav, ei sisalda SVHC aineid RoHS: vastav, ei ole kohaldatav","og_url":"https:\/\/ranoja.ee\/toode\/napitstangid-comfort-kaepide-180mm-knipex\/","og_site_name":"Ranoja","article_publisher":"https:\/\/www.facebook.com\/ranoja.ee","article_modified_time":"2026-03-17T12:43:49+00:00","og_image":[{"width":900,"height":233,"url":"https:\/\/ranoja.ee\/wp-content\/uploads\/2026\/03\/94443556.jpg","type":"image\/jpeg"}],"twitter_card":"summary_large_image","schema":{"@context":"https:\/\/schema.org","@graph":[{"@type":"WebPage","@id":"https:\/\/ranoja.ee\/toode\/napitstangid-comfort-kaepide-180mm-knipex\/","url":"https:\/\/ranoja.ee\/toode\/napitstangid-comfort-kaepide-180mm-knipex\/","name":"N\u00e4pitstangid comfort k\u00e4epide 180mm, Knipex - Ranoja","isPartOf":{"@id":"https:\/\/ranoja.ee\/#website"},"primaryImageOfPage":{"@id":"https:\/\/ranoja.ee\/toode\/napitstangid-comfort-kaepide-180mm-knipex\/#primaryimage"},"image":{"@id":"https:\/\/ranoja.ee\/toode\/napitstangid-comfort-kaepide-180mm-knipex\/#primaryimage"},"thumbnailUrl":"https:\/\/ranoja.ee\/wp-content\/uploads\/2026\/03\/94443556.jpg","datePublished":"2026-03-16T22:55:50+00:00","dateModified":"2026-03-17T12:43:49+00:00","breadcrumb":{"@id":"https:\/\/ranoja.ee\/toode\/napitstangid-comfort-kaepide-180mm-knipex\/#breadcrumb"},"inLanguage":"en-US","potentialAction":[{"@type":"ReadAction","target":["https:\/\/ranoja.ee\/toode\/napitstangid-comfort-kaepide-180mm-knipex\/"]}]},{"@type":"ImageObject","inLanguage":"en-US","@id":"https:\/\/ranoja.ee\/toode\/napitstangid-comfort-kaepide-180mm-knipex\/#primaryimage","url":"https:\/\/ranoja.ee\/wp-content\/uploads\/2026\/03\/94443556.jpg","contentUrl":"https:\/\/ranoja.ee\/wp-content\/uploads\/2026\/03\/94443556.jpg","width":900,"height":233},{"@type":"BreadcrumbList","@id":"https:\/\/ranoja.ee\/toode\/napitstangid-comfort-kaepide-180mm-knipex\/#breadcrumb","itemListElement":[{"@type":"ListItem","position":1,"name":"Home","item":"https:\/\/ranoja.ee\/"},{"@type":"ListItem","position":2,"name":"Shop","item":"https:\/\/ranoja.ee\/en\/shop\/"},{"@type":"ListItem","position":3,"name":"N\u00e4pitstangid comfort k\u00e4epide 180mm, Knipex"}]},{"@type":"WebSite","@id":"https:\/\/ranoja.ee\/#website","url":"https:\/\/ranoja.ee\/","name":"Ranoja","description":"Equipment Shop WooCommerce WordPress Theme for Machine &amp; Tools","publisher":{"@id":"https:\/\/ranoja.ee\/#organization"},"potentialAction":[{"@type":"SearchAction","target":{"@type":"EntryPoint","urlTemplate":"https:\/\/ranoja.ee\/?s={search_term_string}"},"query-input":{"@type":"PropertyValueSpecification","valueRequired":true,"valueName":"search_term_string"}}],"inLanguage":"en-US"},{"@type":"Organization","@id":"https:\/\/ranoja.ee\/#organization","name":"Ranoja O\u00dc","url":"https:\/\/ranoja.ee\/","logo":{"@type":"ImageObject","inLanguage":"en-US","@id":"https:\/\/ranoja.ee\/#\/schema\/logo\/image\/","url":"https:\/\/ranoja.ee\/wp-content\/uploads\/2023\/11\/ranoja-Logo.png","contentUrl":"https:\/\/ranoja.ee\/wp-content\/uploads\/2023\/11\/ranoja-Logo.png","width":207,"height":58,"caption":"Ranoja O\u00dc"},"image":{"@id":"https:\/\/ranoja.ee\/#\/schema\/logo\/image\/"},"sameAs":["https:\/\/www.facebook.com\/ranoja.ee","https:\/\/www.instagram.com\/ranoja__\/"]}]}},"_links":{"self":[{"href":"https:\/\/ranoja.ee\/en\/wp-json\/wp\/v2\/product\/58117","targetHints":{"allow":["GET"]}}],"collection":[{"href":"https:\/\/ranoja.ee\/en\/wp-json\/wp\/v2\/product"}],"about":[{"href":"https:\/\/ranoja.ee\/en\/wp-json\/wp\/v2\/types\/product"}],"wp:featuredmedia":[{"embeddable":true,"href":"https:\/\/ranoja.ee\/en\/wp-json\/wp\/v2\/media\/58118"}],"wp:attachment":[{"href":"https:\/\/ranoja.ee\/en\/wp-json\/wp\/v2\/media?parent=58117"}],"wp:term":[{"taxonomy":"product_cat","embeddable":true,"href":"https:\/\/ranoja.ee\/en\/wp-json\/wp\/v2\/product_cat?post=58117"},{"taxonomy":"product_tag","embeddable":true,"href":"https:\/\/ranoja.ee\/en\/wp-json\/wp\/v2\/product_tag?post=58117"}],"curies":[{"name":"wp","href":"https:\/\/api.w.org\/{rel}","templated":true}]}}