{"id":58109,"date":"2026-03-17T01:55:50","date_gmt":"2026-03-16T22:55:50","guid":{"rendered":"https:\/\/ranoja.ee\/toode\/universaalmaare-ls-multipurpose-complex-red-2-400g-valvoline\/"},"modified":"2026-03-17T15:43:49","modified_gmt":"2026-03-17T12:43:49","slug":"universaalmaare-ls-multipurpose-complex-red-2-400g-valvoline","status":"publish","type":"product","link":"https:\/\/ranoja.ee\/en\/toode\/universaalmaare-ls-multipurpose-complex-red-2-400g-valvoline\/","title":{"rendered":"Universaalm\u00e4\u00e4re LS Multipurpose Complex Red 2 400g, Valvoline"},"content":{"rendered":"","protected":false},"excerpt":{"rendered":"<p>Lubeshuttle tuubis Valvoline Multipurpose Complex Red 2 on preemiumklassi liitiumkompleks tahkestil ja mineraal\u00f5il baseeruv m\u00e4\u00e4re. Punane v\u00e4rvus aitab h\u00f5lpsasti tuvastada m\u00e4\u00e4ritud s\u00f5lmedes ja pindadel m\u00e4\u00e4rde olemasolu. Sobilik kasutamiseks v\u00e4ga laias temperatuurivahemikus eriti kuumades tingimustes. Mehaaniliselt v\u00e4ga stabiilne ja oma erakodse kleepuvusv\u00f5ime poolest omab eriti head p\u00fcsivusv\u00f5imet m\u00e4\u00e4ritavatel pindadel. <br \/>\nIdeaalne kasutada rattalaagritel ja muudes kasutuskohtdes kus tavaline liitium m\u00e4\u00e4re ei t\u00e4ida temperatuuri ja l\u00f6\u00f6kkoormuse n\u00f5udeid. Seet\u00f5ttu on ta sobilik ka mitmetes v\u00e4ga karmides kasutustingimustes nagu niiskus, vibratsioon, rasked koormused ja tolmune keskkond.<br \/>\nMehaaniliselt v\u00e4ga stabiilne ja pehme struktuuriga, sobilik ka keskm\u00e4\u00e4rdes\u00fcsteemidele kus  on NLGI 2 klassi m\u00e4\u00e4re n\u00f5utud kasutada.<br \/>\nKasutuskohad:<br \/>\nMitmesugusne ehitus- ja p\u00f5llumajandus tehnika, veokid ja bussid, autonduses, merel, t\u00f6\u00f6stuses ja kaevandamisel.<br \/>\nBaas\u00f5li: Mineraalne<br \/>\nTahkesti: Liitiumkompleks seep<br \/>\nBaas\u00f5li viskoossus: 160<br \/>\nKasutus tepmeratuurivahemik: -25 &#8211; + 160 <br \/>\nV\u00e4rvus: Punane<br \/>\nKonsistentsusklass NLGI: 2<br \/>\nJ\u00f5udlustasemed:<br \/>\nDIN 51502: KP2P-20<\/p>\n","protected":false},"featured_media":58110,"template":"","meta":{"inline_featured_image":false},"product_cat":[5014,5013,5012],"product_tag":[],"class_list":{"0":"post-58109","1":"product","2":"type-product","3":"status-publish","4":"has-post-thumbnail","6":"product_brand-valvoline","7":"product_cat-liitiumkompleksmaarded","8":"product_cat-maarded","9":"product_cat-olid-ja-maardeained","11":"first","12":"instock","13":"purchasable","14":"product-type-simple"},"yoast_head":"<!-- This site is optimized with the Yoast SEO plugin v27.4 - https:\/\/yoast.com\/product\/yoast-seo-wordpress\/ -->\n<title>Universaalm\u00e4\u00e4re LS Multipurpose Complex Red 2 400g, Valvoline - Ranoja<\/title>\n<meta name=\"robots\" content=\"index, follow, max-snippet:-1, max-image-preview:large, max-video-preview:-1\" \/>\n<link rel=\"canonical\" href=\"https:\/\/ranoja.ee\/toode\/universaalmaare-ls-multipurpose-complex-red-2-400g-valvoline\/\" \/>\n<meta property=\"og:locale\" content=\"en_US\" \/>\n<meta property=\"og:type\" content=\"article\" \/>\n<meta property=\"og:title\" content=\"Universaalm\u00e4\u00e4re LS Multipurpose Complex Red 2 400g, Valvoline - Ranoja\" \/>\n<meta property=\"og:description\" content=\"Lubeshuttle tuubis Valvoline Multipurpose Complex Red 2 on preemiumklassi liitiumkompleks tahkestil ja mineraal\u00f5il baseeruv m\u00e4\u00e4re. Punane v\u00e4rvus aitab h\u00f5lpsasti tuvastada m\u00e4\u00e4ritud s\u00f5lmedes ja pindadel m\u00e4\u00e4rde olemasolu. Sobilik kasutamiseks v\u00e4ga laias temperatuurivahemikus eriti kuumades tingimustes. Mehaaniliselt v\u00e4ga stabiilne ja oma erakodse kleepuvusv\u00f5ime poolest omab eriti head p\u00fcsivusv\u00f5imet m\u00e4\u00e4ritavatel pindadel. Ideaalne kasutada rattalaagritel ja muudes kasutuskohtdes kus tavaline liitium m\u00e4\u00e4re ei t\u00e4ida temperatuuri ja l\u00f6\u00f6kkoormuse n\u00f5udeid. Seet\u00f5ttu on ta sobilik ka mitmetes v\u00e4ga karmides kasutustingimustes nagu niiskus, vibratsioon, rasked koormused ja tolmune keskkond. Mehaaniliselt v\u00e4ga stabiilne ja pehme struktuuriga, sobilik ka keskm\u00e4\u00e4rdes\u00fcsteemidele kus on NLGI 2 klassi m\u00e4\u00e4re n\u00f5utud kasutada. Kasutuskohad: Mitmesugusne ehitus- ja p\u00f5llumajandus tehnika, veokid ja bussid, autonduses, merel, t\u00f6\u00f6stuses ja kaevandamisel. Baas\u00f5li: Mineraalne Tahkesti: Liitiumkompleks seep Baas\u00f5li viskoossus: 160 Kasutus tepmeratuurivahemik: -25 - + 160 V\u00e4rvus: Punane Konsistentsusklass NLGI: 2 J\u00f5udlustasemed: DIN 51502: KP2P-20\" \/>\n<meta property=\"og:url\" content=\"https:\/\/ranoja.ee\/toode\/universaalmaare-ls-multipurpose-complex-red-2-400g-valvoline\/\" \/>\n<meta property=\"og:site_name\" content=\"Ranoja\" \/>\n<meta property=\"article:publisher\" content=\"https:\/\/www.facebook.com\/ranoja.ee\" \/>\n<meta property=\"article:modified_time\" content=\"2026-03-17T12:43:49+00:00\" \/>\n<meta property=\"og:image\" content=\"https:\/\/ranoja.ee\/wp-content\/uploads\/2026\/03\/214807288.jpg\" \/>\n\t<meta property=\"og:image:width\" content=\"228\" \/>\n\t<meta property=\"og:image:height\" content=\"768\" \/>\n\t<meta property=\"og:image:type\" content=\"image\/jpeg\" \/>\n<meta name=\"twitter:card\" content=\"summary_large_image\" \/>\n<script type=\"application\/ld+json\" class=\"yoast-schema-graph\">{\"@context\":\"https:\\\/\\\/schema.org\",\"@graph\":[{\"@type\":\"WebPage\",\"@id\":\"https:\\\/\\\/ranoja.ee\\\/toode\\\/universaalmaare-ls-multipurpose-complex-red-2-400g-valvoline\\\/\",\"url\":\"https:\\\/\\\/ranoja.ee\\\/toode\\\/universaalmaare-ls-multipurpose-complex-red-2-400g-valvoline\\\/\",\"name\":\"Universaalm\u00e4\u00e4re LS Multipurpose Complex Red 2 400g, Valvoline - Ranoja\",\"isPartOf\":{\"@id\":\"https:\\\/\\\/ranoja.ee\\\/#website\"},\"primaryImageOfPage\":{\"@id\":\"https:\\\/\\\/ranoja.ee\\\/toode\\\/universaalmaare-ls-multipurpose-complex-red-2-400g-valvoline\\\/#primaryimage\"},\"image\":{\"@id\":\"https:\\\/\\\/ranoja.ee\\\/toode\\\/universaalmaare-ls-multipurpose-complex-red-2-400g-valvoline\\\/#primaryimage\"},\"thumbnailUrl\":\"https:\\\/\\\/ranoja.ee\\\/wp-content\\\/uploads\\\/2026\\\/03\\\/214807288.jpg\",\"datePublished\":\"2026-03-16T22:55:50+00:00\",\"dateModified\":\"2026-03-17T12:43:49+00:00\",\"breadcrumb\":{\"@id\":\"https:\\\/\\\/ranoja.ee\\\/toode\\\/universaalmaare-ls-multipurpose-complex-red-2-400g-valvoline\\\/#breadcrumb\"},\"inLanguage\":\"en-US\",\"potentialAction\":[{\"@type\":\"ReadAction\",\"target\":[\"https:\\\/\\\/ranoja.ee\\\/toode\\\/universaalmaare-ls-multipurpose-complex-red-2-400g-valvoline\\\/\"]}]},{\"@type\":\"ImageObject\",\"inLanguage\":\"en-US\",\"@id\":\"https:\\\/\\\/ranoja.ee\\\/toode\\\/universaalmaare-ls-multipurpose-complex-red-2-400g-valvoline\\\/#primaryimage\",\"url\":\"https:\\\/\\\/ranoja.ee\\\/wp-content\\\/uploads\\\/2026\\\/03\\\/214807288.jpg\",\"contentUrl\":\"https:\\\/\\\/ranoja.ee\\\/wp-content\\\/uploads\\\/2026\\\/03\\\/214807288.jpg\",\"width\":228,\"height\":768},{\"@type\":\"BreadcrumbList\",\"@id\":\"https:\\\/\\\/ranoja.ee\\\/toode\\\/universaalmaare-ls-multipurpose-complex-red-2-400g-valvoline\\\/#breadcrumb\",\"itemListElement\":[{\"@type\":\"ListItem\",\"position\":1,\"name\":\"Home\",\"item\":\"https:\\\/\\\/ranoja.ee\\\/\"},{\"@type\":\"ListItem\",\"position\":2,\"name\":\"Shop\",\"item\":\"https:\\\/\\\/ranoja.ee\\\/en\\\/shop\\\/\"},{\"@type\":\"ListItem\",\"position\":3,\"name\":\"Universaalm\u00e4\u00e4re LS Multipurpose Complex Red 2 400g, Valvoline\"}]},{\"@type\":\"WebSite\",\"@id\":\"https:\\\/\\\/ranoja.ee\\\/#website\",\"url\":\"https:\\\/\\\/ranoja.ee\\\/\",\"name\":\"Ranoja\",\"description\":\"Equipment Shop WooCommerce WordPress Theme for Machine &amp; Tools\",\"publisher\":{\"@id\":\"https:\\\/\\\/ranoja.ee\\\/#organization\"},\"potentialAction\":[{\"@type\":\"SearchAction\",\"target\":{\"@type\":\"EntryPoint\",\"urlTemplate\":\"https:\\\/\\\/ranoja.ee\\\/?s={search_term_string}\"},\"query-input\":{\"@type\":\"PropertyValueSpecification\",\"valueRequired\":true,\"valueName\":\"search_term_string\"}}],\"inLanguage\":\"en-US\"},{\"@type\":\"Organization\",\"@id\":\"https:\\\/\\\/ranoja.ee\\\/#organization\",\"name\":\"Ranoja O\u00dc\",\"url\":\"https:\\\/\\\/ranoja.ee\\\/\",\"logo\":{\"@type\":\"ImageObject\",\"inLanguage\":\"en-US\",\"@id\":\"https:\\\/\\\/ranoja.ee\\\/#\\\/schema\\\/logo\\\/image\\\/\",\"url\":\"https:\\\/\\\/ranoja.ee\\\/wp-content\\\/uploads\\\/2023\\\/11\\\/ranoja-Logo.png\",\"contentUrl\":\"https:\\\/\\\/ranoja.ee\\\/wp-content\\\/uploads\\\/2023\\\/11\\\/ranoja-Logo.png\",\"width\":207,\"height\":58,\"caption\":\"Ranoja O\u00dc\"},\"image\":{\"@id\":\"https:\\\/\\\/ranoja.ee\\\/#\\\/schema\\\/logo\\\/image\\\/\"},\"sameAs\":[\"https:\\\/\\\/www.facebook.com\\\/ranoja.ee\",\"https:\\\/\\\/www.instagram.com\\\/ranoja__\\\/\"]}]}<\/script>\n<!-- \/ Yoast SEO plugin. -->","yoast_head_json":{"title":"Universaalm\u00e4\u00e4re LS Multipurpose Complex Red 2 400g, Valvoline - Ranoja","robots":{"index":"index","follow":"follow","max-snippet":"max-snippet:-1","max-image-preview":"max-image-preview:large","max-video-preview":"max-video-preview:-1"},"canonical":"https:\/\/ranoja.ee\/toode\/universaalmaare-ls-multipurpose-complex-red-2-400g-valvoline\/","og_locale":"en_US","og_type":"article","og_title":"Universaalm\u00e4\u00e4re LS Multipurpose Complex Red 2 400g, Valvoline - Ranoja","og_description":"Lubeshuttle tuubis Valvoline Multipurpose Complex Red 2 on preemiumklassi liitiumkompleks tahkestil ja mineraal\u00f5il baseeruv m\u00e4\u00e4re. Punane v\u00e4rvus aitab h\u00f5lpsasti tuvastada m\u00e4\u00e4ritud s\u00f5lmedes ja pindadel m\u00e4\u00e4rde olemasolu. Sobilik kasutamiseks v\u00e4ga laias temperatuurivahemikus eriti kuumades tingimustes. Mehaaniliselt v\u00e4ga stabiilne ja oma erakodse kleepuvusv\u00f5ime poolest omab eriti head p\u00fcsivusv\u00f5imet m\u00e4\u00e4ritavatel pindadel. Ideaalne kasutada rattalaagritel ja muudes kasutuskohtdes kus tavaline liitium m\u00e4\u00e4re ei t\u00e4ida temperatuuri ja l\u00f6\u00f6kkoormuse n\u00f5udeid. Seet\u00f5ttu on ta sobilik ka mitmetes v\u00e4ga karmides kasutustingimustes nagu niiskus, vibratsioon, rasked koormused ja tolmune keskkond. Mehaaniliselt v\u00e4ga stabiilne ja pehme struktuuriga, sobilik ka keskm\u00e4\u00e4rdes\u00fcsteemidele kus on NLGI 2 klassi m\u00e4\u00e4re n\u00f5utud kasutada. Kasutuskohad: Mitmesugusne ehitus- ja p\u00f5llumajandus tehnika, veokid ja bussid, autonduses, merel, t\u00f6\u00f6stuses ja kaevandamisel. Baas\u00f5li: Mineraalne Tahkesti: Liitiumkompleks seep Baas\u00f5li viskoossus: 160 Kasutus tepmeratuurivahemik: -25 - + 160 V\u00e4rvus: Punane Konsistentsusklass NLGI: 2 J\u00f5udlustasemed: DIN 51502: KP2P-20","og_url":"https:\/\/ranoja.ee\/toode\/universaalmaare-ls-multipurpose-complex-red-2-400g-valvoline\/","og_site_name":"Ranoja","article_publisher":"https:\/\/www.facebook.com\/ranoja.ee","article_modified_time":"2026-03-17T12:43:49+00:00","og_image":[{"width":228,"height":768,"url":"https:\/\/ranoja.ee\/wp-content\/uploads\/2026\/03\/214807288.jpg","type":"image\/jpeg"}],"twitter_card":"summary_large_image","schema":{"@context":"https:\/\/schema.org","@graph":[{"@type":"WebPage","@id":"https:\/\/ranoja.ee\/toode\/universaalmaare-ls-multipurpose-complex-red-2-400g-valvoline\/","url":"https:\/\/ranoja.ee\/toode\/universaalmaare-ls-multipurpose-complex-red-2-400g-valvoline\/","name":"Universaalm\u00e4\u00e4re LS Multipurpose Complex Red 2 400g, Valvoline - Ranoja","isPartOf":{"@id":"https:\/\/ranoja.ee\/#website"},"primaryImageOfPage":{"@id":"https:\/\/ranoja.ee\/toode\/universaalmaare-ls-multipurpose-complex-red-2-400g-valvoline\/#primaryimage"},"image":{"@id":"https:\/\/ranoja.ee\/toode\/universaalmaare-ls-multipurpose-complex-red-2-400g-valvoline\/#primaryimage"},"thumbnailUrl":"https:\/\/ranoja.ee\/wp-content\/uploads\/2026\/03\/214807288.jpg","datePublished":"2026-03-16T22:55:50+00:00","dateModified":"2026-03-17T12:43:49+00:00","breadcrumb":{"@id":"https:\/\/ranoja.ee\/toode\/universaalmaare-ls-multipurpose-complex-red-2-400g-valvoline\/#breadcrumb"},"inLanguage":"en-US","potentialAction":[{"@type":"ReadAction","target":["https:\/\/ranoja.ee\/toode\/universaalmaare-ls-multipurpose-complex-red-2-400g-valvoline\/"]}]},{"@type":"ImageObject","inLanguage":"en-US","@id":"https:\/\/ranoja.ee\/toode\/universaalmaare-ls-multipurpose-complex-red-2-400g-valvoline\/#primaryimage","url":"https:\/\/ranoja.ee\/wp-content\/uploads\/2026\/03\/214807288.jpg","contentUrl":"https:\/\/ranoja.ee\/wp-content\/uploads\/2026\/03\/214807288.jpg","width":228,"height":768},{"@type":"BreadcrumbList","@id":"https:\/\/ranoja.ee\/toode\/universaalmaare-ls-multipurpose-complex-red-2-400g-valvoline\/#breadcrumb","itemListElement":[{"@type":"ListItem","position":1,"name":"Home","item":"https:\/\/ranoja.ee\/"},{"@type":"ListItem","position":2,"name":"Shop","item":"https:\/\/ranoja.ee\/en\/shop\/"},{"@type":"ListItem","position":3,"name":"Universaalm\u00e4\u00e4re LS Multipurpose Complex Red 2 400g, Valvoline"}]},{"@type":"WebSite","@id":"https:\/\/ranoja.ee\/#website","url":"https:\/\/ranoja.ee\/","name":"Ranoja","description":"Equipment Shop WooCommerce WordPress Theme for Machine &amp; Tools","publisher":{"@id":"https:\/\/ranoja.ee\/#organization"},"potentialAction":[{"@type":"SearchAction","target":{"@type":"EntryPoint","urlTemplate":"https:\/\/ranoja.ee\/?s={search_term_string}"},"query-input":{"@type":"PropertyValueSpecification","valueRequired":true,"valueName":"search_term_string"}}],"inLanguage":"en-US"},{"@type":"Organization","@id":"https:\/\/ranoja.ee\/#organization","name":"Ranoja O\u00dc","url":"https:\/\/ranoja.ee\/","logo":{"@type":"ImageObject","inLanguage":"en-US","@id":"https:\/\/ranoja.ee\/#\/schema\/logo\/image\/","url":"https:\/\/ranoja.ee\/wp-content\/uploads\/2023\/11\/ranoja-Logo.png","contentUrl":"https:\/\/ranoja.ee\/wp-content\/uploads\/2023\/11\/ranoja-Logo.png","width":207,"height":58,"caption":"Ranoja O\u00dc"},"image":{"@id":"https:\/\/ranoja.ee\/#\/schema\/logo\/image\/"},"sameAs":["https:\/\/www.facebook.com\/ranoja.ee","https:\/\/www.instagram.com\/ranoja__\/"]}]}},"_links":{"self":[{"href":"https:\/\/ranoja.ee\/en\/wp-json\/wp\/v2\/product\/58109","targetHints":{"allow":["GET"]}}],"collection":[{"href":"https:\/\/ranoja.ee\/en\/wp-json\/wp\/v2\/product"}],"about":[{"href":"https:\/\/ranoja.ee\/en\/wp-json\/wp\/v2\/types\/product"}],"wp:featuredmedia":[{"embeddable":true,"href":"https:\/\/ranoja.ee\/en\/wp-json\/wp\/v2\/media\/58110"}],"wp:attachment":[{"href":"https:\/\/ranoja.ee\/en\/wp-json\/wp\/v2\/media?parent=58109"}],"wp:term":[{"taxonomy":"product_cat","embeddable":true,"href":"https:\/\/ranoja.ee\/en\/wp-json\/wp\/v2\/product_cat?post=58109"},{"taxonomy":"product_tag","embeddable":true,"href":"https:\/\/ranoja.ee\/en\/wp-json\/wp\/v2\/product_tag?post=58109"}],"curies":[{"name":"wp","href":"https:\/\/api.w.org\/{rel}","templated":true}]}}