{"id":58081,"date":"2026-03-17T01:55:22","date_gmt":"2026-03-16T22:55:22","guid":{"rendered":"https:\/\/ranoja.ee\/toode\/jahutussusteemi-sisepesu-cooling-system-cleaner-250ml-valvoline\/"},"modified":"2026-03-17T15:43:50","modified_gmt":"2026-03-17T12:43:50","slug":"jahutussusteemi-sisepesu-cooling-system-cleaner-250ml-valvoline","status":"publish","type":"product","link":"https:\/\/ranoja.ee\/en\/toode\/jahutussusteemi-sisepesu-cooling-system-cleaner-250ml-valvoline\/","title":{"rendered":"Jahutuss\u00fcsteemi sisepesu Cooling System Cleaner 250ml, Valvoline"},"content":{"rendered":"","protected":false},"excerpt":{"rendered":"<p>T\u00f5hus puhastusaine kontsentraat radiaatorite ja soojusvahetus s\u00fcsteemide sisepesuks. L\u00e4bib settekihi ja korrosioonij\u00e4\u00e4gid ning puhastusprotsessis seob need endaga vedeliku ringlusse ning viib seej\u00e4rel jahutuss\u00fcsteemist v\u00e4lja.<br \/>\nLihtne kasutada. Ei vaja eriseadmeid.<br \/>\nKasutamine:<br \/>\nSobib k\u00f5ikidele nii diisel-, gaasi-, kui bensiinimootoritele ning muudele jahutus- ja soojusvahetuss\u00fcsteemidele. Tagab efektiivse mootori jahutusv\u00f5imekuse peale jahutusvedeliku vahetamist.<br \/>\nSoovitatav kasutada j\u00e4rgmistel juhtudel:<br \/>\n&#8211; vajadus t\u00f5sta radiaatori jahutusv\u00f5imekust<br \/>\n&#8211; vajadus eemaldada sadestisi jahutuss\u00fcsteemist <br \/>\n&#8211; puhastada jahutuss\u00fcsteem mootori\u00f5liga saastumisest (n\u00e4iteks peale plokikaane tihendi vahetust v\u00f5i mootori remonti)<br \/>\nKasutusjuhis:<br \/>\nEemalda vana jahutusvedelik s\u00fcsteemist ja t\u00e4ida kogu jahutus\u00fcsteem uuesti puhta kraaniveega. Lisa Valvoline Cooling System Cleaner  jahutus\u00fcsteemi ja j\u00e4ta mootor t\u00fchik\u00e4igul t\u00f6\u00f6le t\u00f6\u00f6temperatuuril 30 minutiks. Seej\u00e4rel eemalda s\u00fcsteemist kogu mustusega segunenud vedelik. (suure saastatusega jahutuss\u00fcsteemi puhul korda vajadusel protseduuri). Pese jahutus\u00fcsteemi puhta veega. Peale pesemist t\u00e4ida jahutus\u00fcsteem tehniliselt sobiliku jahutusvedelikuga ja kontrolli s\u00fcsteemi tihesust ja tuulutus torude korrasolu.<br \/>\nPudelit\u00e4is on sobilik t\u00f6\u00f6tlema kuni 10 ltr jahutusvedelikku.<br \/>\nM\u00e4rkus! Jahutuss\u00fcsteemi saastumisel \u00f5liga on ennetavalt soovituslik asendada s\u00fcsteemi kummidetailid uutega. P\u00f5hjuseks on \u00f5li kahjulik toime kummidetailidele.<\/p>\n","protected":false},"featured_media":58082,"template":"","meta":{"inline_featured_image":false},"product_cat":[5055,5126,5009],"product_tag":[],"class_list":{"0":"post-58081","1":"product","2":"type-product","3":"status-publish","4":"has-post-thumbnail","6":"product_brand-valvoline","7":"product_cat-autohoolduskeemia","8":"product_cat-mootorihooldus","9":"product_cat-toostus-ja-autokeemia","11":"first","12":"instock","13":"purchasable","14":"product-type-simple"},"yoast_head":"<!-- This site is optimized with the Yoast SEO plugin v27.4 - https:\/\/yoast.com\/product\/yoast-seo-wordpress\/ -->\n<title>Jahutuss\u00fcsteemi sisepesu Cooling System Cleaner 250ml, Valvoline - Ranoja<\/title>\n<meta name=\"robots\" content=\"index, follow, max-snippet:-1, max-image-preview:large, max-video-preview:-1\" \/>\n<link rel=\"canonical\" href=\"https:\/\/ranoja.ee\/toode\/jahutussusteemi-sisepesu-cooling-system-cleaner-250ml-valvoline\/\" \/>\n<meta property=\"og:locale\" content=\"en_US\" \/>\n<meta property=\"og:type\" content=\"article\" \/>\n<meta property=\"og:title\" content=\"Jahutuss\u00fcsteemi sisepesu Cooling System Cleaner 250ml, Valvoline - Ranoja\" \/>\n<meta property=\"og:description\" content=\"T\u00f5hus puhastusaine kontsentraat radiaatorite ja soojusvahetus s\u00fcsteemide sisepesuks. L\u00e4bib settekihi ja korrosioonij\u00e4\u00e4gid ning puhastusprotsessis seob need endaga vedeliku ringlusse ning viib seej\u00e4rel jahutuss\u00fcsteemist v\u00e4lja. Lihtne kasutada. Ei vaja eriseadmeid. Kasutamine: Sobib k\u00f5ikidele nii diisel-, gaasi-, kui bensiinimootoritele ning muudele jahutus- ja soojusvahetuss\u00fcsteemidele. Tagab efektiivse mootori jahutusv\u00f5imekuse peale jahutusvedeliku vahetamist. Soovitatav kasutada j\u00e4rgmistel juhtudel: - vajadus t\u00f5sta radiaatori jahutusv\u00f5imekust - vajadus eemaldada sadestisi jahutuss\u00fcsteemist - puhastada jahutuss\u00fcsteem mootori\u00f5liga saastumisest (n\u00e4iteks peale plokikaane tihendi vahetust v\u00f5i mootori remonti) Kasutusjuhis: Eemalda vana jahutusvedelik s\u00fcsteemist ja t\u00e4ida kogu jahutus\u00fcsteem uuesti puhta kraaniveega. Lisa Valvoline Cooling System Cleaner jahutus\u00fcsteemi ja j\u00e4ta mootor t\u00fchik\u00e4igul t\u00f6\u00f6le t\u00f6\u00f6temperatuuril 30 minutiks. Seej\u00e4rel eemalda s\u00fcsteemist kogu mustusega segunenud vedelik. (suure saastatusega jahutuss\u00fcsteemi puhul korda vajadusel protseduuri). Pese jahutus\u00fcsteemi puhta veega. Peale pesemist t\u00e4ida jahutus\u00fcsteem tehniliselt sobiliku jahutusvedelikuga ja kontrolli s\u00fcsteemi tihesust ja tuulutus torude korrasolu. Pudelit\u00e4is on sobilik t\u00f6\u00f6tlema kuni 10 ltr jahutusvedelikku. M\u00e4rkus! Jahutuss\u00fcsteemi saastumisel \u00f5liga on ennetavalt soovituslik asendada s\u00fcsteemi kummidetailid uutega. P\u00f5hjuseks on \u00f5li kahjulik toime kummidetailidele.\" \/>\n<meta property=\"og:url\" content=\"https:\/\/ranoja.ee\/toode\/jahutussusteemi-sisepesu-cooling-system-cleaner-250ml-valvoline\/\" \/>\n<meta property=\"og:site_name\" content=\"Ranoja\" \/>\n<meta property=\"article:publisher\" content=\"https:\/\/www.facebook.com\/ranoja.ee\" \/>\n<meta property=\"article:modified_time\" content=\"2026-03-17T12:43:50+00:00\" \/>\n<meta property=\"og:image\" content=\"https:\/\/ranoja.ee\/wp-content\/uploads\/2026\/03\/204864040.jpg\" \/>\n\t<meta property=\"og:image:width\" content=\"494\" \/>\n\t<meta property=\"og:image:height\" content=\"768\" \/>\n\t<meta property=\"og:image:type\" content=\"image\/jpeg\" \/>\n<meta name=\"twitter:card\" content=\"summary_large_image\" \/>\n<script type=\"application\/ld+json\" class=\"yoast-schema-graph\">{\"@context\":\"https:\\\/\\\/schema.org\",\"@graph\":[{\"@type\":\"WebPage\",\"@id\":\"https:\\\/\\\/ranoja.ee\\\/toode\\\/jahutussusteemi-sisepesu-cooling-system-cleaner-250ml-valvoline\\\/\",\"url\":\"https:\\\/\\\/ranoja.ee\\\/toode\\\/jahutussusteemi-sisepesu-cooling-system-cleaner-250ml-valvoline\\\/\",\"name\":\"Jahutuss\u00fcsteemi sisepesu Cooling System Cleaner 250ml, Valvoline - Ranoja\",\"isPartOf\":{\"@id\":\"https:\\\/\\\/ranoja.ee\\\/#website\"},\"primaryImageOfPage\":{\"@id\":\"https:\\\/\\\/ranoja.ee\\\/toode\\\/jahutussusteemi-sisepesu-cooling-system-cleaner-250ml-valvoline\\\/#primaryimage\"},\"image\":{\"@id\":\"https:\\\/\\\/ranoja.ee\\\/toode\\\/jahutussusteemi-sisepesu-cooling-system-cleaner-250ml-valvoline\\\/#primaryimage\"},\"thumbnailUrl\":\"https:\\\/\\\/ranoja.ee\\\/wp-content\\\/uploads\\\/2026\\\/03\\\/204864040.jpg\",\"datePublished\":\"2026-03-16T22:55:22+00:00\",\"dateModified\":\"2026-03-17T12:43:50+00:00\",\"breadcrumb\":{\"@id\":\"https:\\\/\\\/ranoja.ee\\\/toode\\\/jahutussusteemi-sisepesu-cooling-system-cleaner-250ml-valvoline\\\/#breadcrumb\"},\"inLanguage\":\"en-US\",\"potentialAction\":[{\"@type\":\"ReadAction\",\"target\":[\"https:\\\/\\\/ranoja.ee\\\/toode\\\/jahutussusteemi-sisepesu-cooling-system-cleaner-250ml-valvoline\\\/\"]}]},{\"@type\":\"ImageObject\",\"inLanguage\":\"en-US\",\"@id\":\"https:\\\/\\\/ranoja.ee\\\/toode\\\/jahutussusteemi-sisepesu-cooling-system-cleaner-250ml-valvoline\\\/#primaryimage\",\"url\":\"https:\\\/\\\/ranoja.ee\\\/wp-content\\\/uploads\\\/2026\\\/03\\\/204864040.jpg\",\"contentUrl\":\"https:\\\/\\\/ranoja.ee\\\/wp-content\\\/uploads\\\/2026\\\/03\\\/204864040.jpg\",\"width\":494,\"height\":768},{\"@type\":\"BreadcrumbList\",\"@id\":\"https:\\\/\\\/ranoja.ee\\\/toode\\\/jahutussusteemi-sisepesu-cooling-system-cleaner-250ml-valvoline\\\/#breadcrumb\",\"itemListElement\":[{\"@type\":\"ListItem\",\"position\":1,\"name\":\"Home\",\"item\":\"https:\\\/\\\/ranoja.ee\\\/\"},{\"@type\":\"ListItem\",\"position\":2,\"name\":\"Shop\",\"item\":\"https:\\\/\\\/ranoja.ee\\\/en\\\/shop\\\/\"},{\"@type\":\"ListItem\",\"position\":3,\"name\":\"Jahutuss\u00fcsteemi sisepesu Cooling System Cleaner 250ml, Valvoline\"}]},{\"@type\":\"WebSite\",\"@id\":\"https:\\\/\\\/ranoja.ee\\\/#website\",\"url\":\"https:\\\/\\\/ranoja.ee\\\/\",\"name\":\"Ranoja\",\"description\":\"Equipment Shop WooCommerce WordPress Theme for Machine &amp; Tools\",\"publisher\":{\"@id\":\"https:\\\/\\\/ranoja.ee\\\/#organization\"},\"potentialAction\":[{\"@type\":\"SearchAction\",\"target\":{\"@type\":\"EntryPoint\",\"urlTemplate\":\"https:\\\/\\\/ranoja.ee\\\/?s={search_term_string}\"},\"query-input\":{\"@type\":\"PropertyValueSpecification\",\"valueRequired\":true,\"valueName\":\"search_term_string\"}}],\"inLanguage\":\"en-US\"},{\"@type\":\"Organization\",\"@id\":\"https:\\\/\\\/ranoja.ee\\\/#organization\",\"name\":\"Ranoja O\u00dc\",\"url\":\"https:\\\/\\\/ranoja.ee\\\/\",\"logo\":{\"@type\":\"ImageObject\",\"inLanguage\":\"en-US\",\"@id\":\"https:\\\/\\\/ranoja.ee\\\/#\\\/schema\\\/logo\\\/image\\\/\",\"url\":\"https:\\\/\\\/ranoja.ee\\\/wp-content\\\/uploads\\\/2023\\\/11\\\/ranoja-Logo.png\",\"contentUrl\":\"https:\\\/\\\/ranoja.ee\\\/wp-content\\\/uploads\\\/2023\\\/11\\\/ranoja-Logo.png\",\"width\":207,\"height\":58,\"caption\":\"Ranoja O\u00dc\"},\"image\":{\"@id\":\"https:\\\/\\\/ranoja.ee\\\/#\\\/schema\\\/logo\\\/image\\\/\"},\"sameAs\":[\"https:\\\/\\\/www.facebook.com\\\/ranoja.ee\",\"https:\\\/\\\/www.instagram.com\\\/ranoja__\\\/\"]}]}<\/script>\n<!-- \/ Yoast SEO plugin. -->","yoast_head_json":{"title":"Jahutuss\u00fcsteemi sisepesu Cooling System Cleaner 250ml, Valvoline - Ranoja","robots":{"index":"index","follow":"follow","max-snippet":"max-snippet:-1","max-image-preview":"max-image-preview:large","max-video-preview":"max-video-preview:-1"},"canonical":"https:\/\/ranoja.ee\/toode\/jahutussusteemi-sisepesu-cooling-system-cleaner-250ml-valvoline\/","og_locale":"en_US","og_type":"article","og_title":"Jahutuss\u00fcsteemi sisepesu Cooling System Cleaner 250ml, Valvoline - Ranoja","og_description":"T\u00f5hus puhastusaine kontsentraat radiaatorite ja soojusvahetus s\u00fcsteemide sisepesuks. L\u00e4bib settekihi ja korrosioonij\u00e4\u00e4gid ning puhastusprotsessis seob need endaga vedeliku ringlusse ning viib seej\u00e4rel jahutuss\u00fcsteemist v\u00e4lja. Lihtne kasutada. Ei vaja eriseadmeid. Kasutamine: Sobib k\u00f5ikidele nii diisel-, gaasi-, kui bensiinimootoritele ning muudele jahutus- ja soojusvahetuss\u00fcsteemidele. Tagab efektiivse mootori jahutusv\u00f5imekuse peale jahutusvedeliku vahetamist. Soovitatav kasutada j\u00e4rgmistel juhtudel: - vajadus t\u00f5sta radiaatori jahutusv\u00f5imekust - vajadus eemaldada sadestisi jahutuss\u00fcsteemist - puhastada jahutuss\u00fcsteem mootori\u00f5liga saastumisest (n\u00e4iteks peale plokikaane tihendi vahetust v\u00f5i mootori remonti) Kasutusjuhis: Eemalda vana jahutusvedelik s\u00fcsteemist ja t\u00e4ida kogu jahutus\u00fcsteem uuesti puhta kraaniveega. Lisa Valvoline Cooling System Cleaner jahutus\u00fcsteemi ja j\u00e4ta mootor t\u00fchik\u00e4igul t\u00f6\u00f6le t\u00f6\u00f6temperatuuril 30 minutiks. Seej\u00e4rel eemalda s\u00fcsteemist kogu mustusega segunenud vedelik. (suure saastatusega jahutuss\u00fcsteemi puhul korda vajadusel protseduuri). Pese jahutus\u00fcsteemi puhta veega. Peale pesemist t\u00e4ida jahutus\u00fcsteem tehniliselt sobiliku jahutusvedelikuga ja kontrolli s\u00fcsteemi tihesust ja tuulutus torude korrasolu. Pudelit\u00e4is on sobilik t\u00f6\u00f6tlema kuni 10 ltr jahutusvedelikku. M\u00e4rkus! Jahutuss\u00fcsteemi saastumisel \u00f5liga on ennetavalt soovituslik asendada s\u00fcsteemi kummidetailid uutega. P\u00f5hjuseks on \u00f5li kahjulik toime kummidetailidele.","og_url":"https:\/\/ranoja.ee\/toode\/jahutussusteemi-sisepesu-cooling-system-cleaner-250ml-valvoline\/","og_site_name":"Ranoja","article_publisher":"https:\/\/www.facebook.com\/ranoja.ee","article_modified_time":"2026-03-17T12:43:50+00:00","og_image":[{"width":494,"height":768,"url":"https:\/\/ranoja.ee\/wp-content\/uploads\/2026\/03\/204864040.jpg","type":"image\/jpeg"}],"twitter_card":"summary_large_image","schema":{"@context":"https:\/\/schema.org","@graph":[{"@type":"WebPage","@id":"https:\/\/ranoja.ee\/toode\/jahutussusteemi-sisepesu-cooling-system-cleaner-250ml-valvoline\/","url":"https:\/\/ranoja.ee\/toode\/jahutussusteemi-sisepesu-cooling-system-cleaner-250ml-valvoline\/","name":"Jahutuss\u00fcsteemi sisepesu Cooling System Cleaner 250ml, Valvoline - Ranoja","isPartOf":{"@id":"https:\/\/ranoja.ee\/#website"},"primaryImageOfPage":{"@id":"https:\/\/ranoja.ee\/toode\/jahutussusteemi-sisepesu-cooling-system-cleaner-250ml-valvoline\/#primaryimage"},"image":{"@id":"https:\/\/ranoja.ee\/toode\/jahutussusteemi-sisepesu-cooling-system-cleaner-250ml-valvoline\/#primaryimage"},"thumbnailUrl":"https:\/\/ranoja.ee\/wp-content\/uploads\/2026\/03\/204864040.jpg","datePublished":"2026-03-16T22:55:22+00:00","dateModified":"2026-03-17T12:43:50+00:00","breadcrumb":{"@id":"https:\/\/ranoja.ee\/toode\/jahutussusteemi-sisepesu-cooling-system-cleaner-250ml-valvoline\/#breadcrumb"},"inLanguage":"en-US","potentialAction":[{"@type":"ReadAction","target":["https:\/\/ranoja.ee\/toode\/jahutussusteemi-sisepesu-cooling-system-cleaner-250ml-valvoline\/"]}]},{"@type":"ImageObject","inLanguage":"en-US","@id":"https:\/\/ranoja.ee\/toode\/jahutussusteemi-sisepesu-cooling-system-cleaner-250ml-valvoline\/#primaryimage","url":"https:\/\/ranoja.ee\/wp-content\/uploads\/2026\/03\/204864040.jpg","contentUrl":"https:\/\/ranoja.ee\/wp-content\/uploads\/2026\/03\/204864040.jpg","width":494,"height":768},{"@type":"BreadcrumbList","@id":"https:\/\/ranoja.ee\/toode\/jahutussusteemi-sisepesu-cooling-system-cleaner-250ml-valvoline\/#breadcrumb","itemListElement":[{"@type":"ListItem","position":1,"name":"Home","item":"https:\/\/ranoja.ee\/"},{"@type":"ListItem","position":2,"name":"Shop","item":"https:\/\/ranoja.ee\/en\/shop\/"},{"@type":"ListItem","position":3,"name":"Jahutuss\u00fcsteemi sisepesu Cooling System Cleaner 250ml, Valvoline"}]},{"@type":"WebSite","@id":"https:\/\/ranoja.ee\/#website","url":"https:\/\/ranoja.ee\/","name":"Ranoja","description":"Equipment Shop WooCommerce WordPress Theme for Machine &amp; Tools","publisher":{"@id":"https:\/\/ranoja.ee\/#organization"},"potentialAction":[{"@type":"SearchAction","target":{"@type":"EntryPoint","urlTemplate":"https:\/\/ranoja.ee\/?s={search_term_string}"},"query-input":{"@type":"PropertyValueSpecification","valueRequired":true,"valueName":"search_term_string"}}],"inLanguage":"en-US"},{"@type":"Organization","@id":"https:\/\/ranoja.ee\/#organization","name":"Ranoja O\u00dc","url":"https:\/\/ranoja.ee\/","logo":{"@type":"ImageObject","inLanguage":"en-US","@id":"https:\/\/ranoja.ee\/#\/schema\/logo\/image\/","url":"https:\/\/ranoja.ee\/wp-content\/uploads\/2023\/11\/ranoja-Logo.png","contentUrl":"https:\/\/ranoja.ee\/wp-content\/uploads\/2023\/11\/ranoja-Logo.png","width":207,"height":58,"caption":"Ranoja O\u00dc"},"image":{"@id":"https:\/\/ranoja.ee\/#\/schema\/logo\/image\/"},"sameAs":["https:\/\/www.facebook.com\/ranoja.ee","https:\/\/www.instagram.com\/ranoja__\/"]}]}},"_links":{"self":[{"href":"https:\/\/ranoja.ee\/en\/wp-json\/wp\/v2\/product\/58081","targetHints":{"allow":["GET"]}}],"collection":[{"href":"https:\/\/ranoja.ee\/en\/wp-json\/wp\/v2\/product"}],"about":[{"href":"https:\/\/ranoja.ee\/en\/wp-json\/wp\/v2\/types\/product"}],"wp:featuredmedia":[{"embeddable":true,"href":"https:\/\/ranoja.ee\/en\/wp-json\/wp\/v2\/media\/58082"}],"wp:attachment":[{"href":"https:\/\/ranoja.ee\/en\/wp-json\/wp\/v2\/media?parent=58081"}],"wp:term":[{"taxonomy":"product_cat","embeddable":true,"href":"https:\/\/ranoja.ee\/en\/wp-json\/wp\/v2\/product_cat?post=58081"},{"taxonomy":"product_tag","embeddable":true,"href":"https:\/\/ranoja.ee\/en\/wp-json\/wp\/v2\/product_tag?post=58081"}],"curies":[{"name":"wp","href":"https:\/\/api.w.org\/{rel}","templated":true}]}}