{"id":58079,"date":"2026-03-17T01:55:22","date_gmt":"2026-03-16T22:55:22","guid":{"rendered":"https:\/\/ranoja.ee\/toode\/akuketassaag-bc-hcs165-x-karkass-scheppach\/"},"modified":"2026-03-17T15:43:50","modified_gmt":"2026-03-17T12:43:50","slug":"akuketassaag-bc-hcs165-x-karkass-scheppach","status":"publish","type":"product","link":"https:\/\/ranoja.ee\/en\/toode\/akuketassaag-bc-hcs165-x-karkass-scheppach\/","title":{"rendered":"Akuketassaag BC-HCS165-X, karkass, Scheppach"},"content":{"rendered":"","protected":false},"excerpt":{"rendered":"<p>Karkass ilma aku ja laadijata, pappkarbis<\/p>\n<p>Mootori t\u00fc\u00fcp: harjavaba<br \/>\nPinge: 20 V<br \/>\nSaeketta l\u00e4bim\u00f5\u00f5t 165 mm<br \/>\nP\u00f6\u00f6rded t\u00fchik\u00e4igul: 4500 \/min<br \/>\nL\u00f5ikenurk: 0 \u2013 45\u00b0<br \/>\nMax l\u00f5ikes\u00fcgavus 90\u00b0 nurga all: 55 mm<br \/>\nMax l\u00f5ikes\u00fcgavus 45\u00b0 nurga all: 40 mm<\/p>\n<p>Uuenduslik suure energiat\u00f5hususega harjavaba mootor<br \/>\nKuni 10 korda pikem mootori t\u00f6\u00f6iga<br \/>\nV\u00f5imas harjavaba 4500 p(min mootor l\u00f5ikab vaevata l\u00e4bi ka k\u00f5va puidu<br \/>\nErgonoomiline, kompaktne ja kerge t\u00f6\u00f6riist pehme k\u00e4epidemega, mis tagab kasutusmugavuse<br \/>\nElektrooniline  pehme k\u00e4ivitus ja kiirseiskamine<br \/>\nM\u00f5lemalt poolt juhitav turval\u00fcliti<br \/>\nSisseehitatud LED-t\u00f6\u00f6tuli valgustab l\u00f5ikejoont<br \/>\nL\u00f5ikes\u00fcgavus ja l\u00f5ikenurk on sujuvalt reguleeritavad<br \/>\nLihtne saeketta vahetus t\u00e4nu spindlilukustusele<\/p>\n<p>\nKomplekti kuulub: 1x saeketas 165 mm, z= 24, 1x kuuskantv\u00f5ti (t\u00f6\u00f6riista k\u00fcljes), 1x paralleeljuhik, 1x adapter v\u00e4liseks tolmueemalduseks<\/p>\n<p>Sobivad akud ja laadijad: <br \/>\n7909201720&#038;SCHEP Komplekt SBSK4.0 Starterkit 2: 4,0Ah aku + 2,4 A laadija<br \/>\n7909201708&#038;SCHEP Aku SBP2.0,  20 V \/ 2,0 Ah, Li-ioon<br \/>\n7909201709&#038;SCHEP Aku SBP4.0, 20 V \/ 4,0 Ah, Li-ioon<br \/>\n7909201711&#038;SCHEP Kiirlaadija SBC4.5A<\/p>\n<p>Scheppachi elektrilised k\u00e4sit\u00f6\u00f6riistad on m\u00f5eldud n\u00f5udlikule hobikasutajale.<\/p>\n","protected":false},"featured_media":58080,"template":"","meta":{"inline_featured_image":false},"product_cat":[5203,5202,1094],"product_tag":[],"class_list":{"0":"post-58079","1":"product","2":"type-product","3":"status-publish","4":"has-post-thumbnail","6":"product_brand-scheppach","7":"product_cat-akuga-ketassaed","8":"product_cat-akuga-saed-ja-hoovlid","9":"product_cat-akutooriistad","11":"first","12":"instock","13":"purchasable","14":"product-type-simple"},"yoast_head":"<!-- This site is optimized with the Yoast SEO plugin v27.4 - https:\/\/yoast.com\/product\/yoast-seo-wordpress\/ -->\n<title>Akuketassaag BC-HCS165-X, karkass, Scheppach - Ranoja<\/title>\n<meta name=\"robots\" content=\"index, follow, max-snippet:-1, max-image-preview:large, max-video-preview:-1\" \/>\n<link rel=\"canonical\" href=\"https:\/\/ranoja.ee\/toode\/akuketassaag-bc-hcs165-x-karkass-scheppach\/\" \/>\n<meta property=\"og:locale\" content=\"en_US\" \/>\n<meta property=\"og:type\" content=\"article\" \/>\n<meta property=\"og:title\" content=\"Akuketassaag BC-HCS165-X, karkass, Scheppach - Ranoja\" \/>\n<meta property=\"og:description\" content=\"Karkass ilma aku ja laadijata, pappkarbis Mootori t\u00fc\u00fcp: harjavaba Pinge: 20 V Saeketta l\u00e4bim\u00f5\u00f5t 165 mm P\u00f6\u00f6rded t\u00fchik\u00e4igul: 4500 \/min L\u00f5ikenurk: 0 \u2013 45\u00b0 Max l\u00f5ikes\u00fcgavus 90\u00b0 nurga all: 55 mm Max l\u00f5ikes\u00fcgavus 45\u00b0 nurga all: 40 mm Uuenduslik suure energiat\u00f5hususega harjavaba mootor Kuni 10 korda pikem mootori t\u00f6\u00f6iga V\u00f5imas harjavaba 4500 p(min mootor l\u00f5ikab vaevata l\u00e4bi ka k\u00f5va puidu Ergonoomiline, kompaktne ja kerge t\u00f6\u00f6riist pehme k\u00e4epidemega, mis tagab kasutusmugavuse Elektrooniline pehme k\u00e4ivitus ja kiirseiskamine M\u00f5lemalt poolt juhitav turval\u00fcliti Sisseehitatud LED-t\u00f6\u00f6tuli valgustab l\u00f5ikejoont L\u00f5ikes\u00fcgavus ja l\u00f5ikenurk on sujuvalt reguleeritavad Lihtne saeketta vahetus t\u00e4nu spindlilukustusele  Komplekti kuulub: 1x saeketas 165 mm, z= 24, 1x kuuskantv\u00f5ti (t\u00f6\u00f6riista k\u00fcljes), 1x paralleeljuhik, 1x adapter v\u00e4liseks tolmueemalduseks Sobivad akud ja laadijad: 7909201720&amp;SCHEP Komplekt SBSK4.0 Starterkit 2: 4,0Ah aku + 2,4 A laadija 7909201708&amp;SCHEP Aku SBP2.0, 20 V \/ 2,0 Ah, Li-ioon 7909201709&amp;SCHEP Aku SBP4.0, 20 V \/ 4,0 Ah, Li-ioon 7909201711&amp;SCHEP Kiirlaadija SBC4.5A Scheppachi elektrilised k\u00e4sit\u00f6\u00f6riistad on m\u00f5eldud n\u00f5udlikule hobikasutajale.\" \/>\n<meta property=\"og:url\" content=\"https:\/\/ranoja.ee\/toode\/akuketassaag-bc-hcs165-x-karkass-scheppach\/\" \/>\n<meta property=\"og:site_name\" content=\"Ranoja\" \/>\n<meta property=\"article:publisher\" content=\"https:\/\/www.facebook.com\/ranoja.ee\" \/>\n<meta property=\"article:modified_time\" content=\"2026-03-17T12:43:50+00:00\" \/>\n<meta property=\"og:image\" content=\"https:\/\/ranoja.ee\/wp-content\/uploads\/2026\/03\/5637333704.jpg\" \/>\n\t<meta property=\"og:image:width\" content=\"900\" \/>\n\t<meta property=\"og:image:height\" content=\"880\" \/>\n\t<meta property=\"og:image:type\" content=\"image\/jpeg\" \/>\n<meta name=\"twitter:card\" content=\"summary_large_image\" \/>\n<script type=\"application\/ld+json\" class=\"yoast-schema-graph\">{\"@context\":\"https:\\\/\\\/schema.org\",\"@graph\":[{\"@type\":\"WebPage\",\"@id\":\"https:\\\/\\\/ranoja.ee\\\/toode\\\/akuketassaag-bc-hcs165-x-karkass-scheppach\\\/\",\"url\":\"https:\\\/\\\/ranoja.ee\\\/toode\\\/akuketassaag-bc-hcs165-x-karkass-scheppach\\\/\",\"name\":\"Akuketassaag BC-HCS165-X, karkass, Scheppach - Ranoja\",\"isPartOf\":{\"@id\":\"https:\\\/\\\/ranoja.ee\\\/#website\"},\"primaryImageOfPage\":{\"@id\":\"https:\\\/\\\/ranoja.ee\\\/toode\\\/akuketassaag-bc-hcs165-x-karkass-scheppach\\\/#primaryimage\"},\"image\":{\"@id\":\"https:\\\/\\\/ranoja.ee\\\/toode\\\/akuketassaag-bc-hcs165-x-karkass-scheppach\\\/#primaryimage\"},\"thumbnailUrl\":\"https:\\\/\\\/ranoja.ee\\\/wp-content\\\/uploads\\\/2026\\\/03\\\/5637333704.jpg\",\"datePublished\":\"2026-03-16T22:55:22+00:00\",\"dateModified\":\"2026-03-17T12:43:50+00:00\",\"breadcrumb\":{\"@id\":\"https:\\\/\\\/ranoja.ee\\\/toode\\\/akuketassaag-bc-hcs165-x-karkass-scheppach\\\/#breadcrumb\"},\"inLanguage\":\"en-US\",\"potentialAction\":[{\"@type\":\"ReadAction\",\"target\":[\"https:\\\/\\\/ranoja.ee\\\/toode\\\/akuketassaag-bc-hcs165-x-karkass-scheppach\\\/\"]}]},{\"@type\":\"ImageObject\",\"inLanguage\":\"en-US\",\"@id\":\"https:\\\/\\\/ranoja.ee\\\/toode\\\/akuketassaag-bc-hcs165-x-karkass-scheppach\\\/#primaryimage\",\"url\":\"https:\\\/\\\/ranoja.ee\\\/wp-content\\\/uploads\\\/2026\\\/03\\\/5637333704.jpg\",\"contentUrl\":\"https:\\\/\\\/ranoja.ee\\\/wp-content\\\/uploads\\\/2026\\\/03\\\/5637333704.jpg\",\"width\":900,\"height\":880},{\"@type\":\"BreadcrumbList\",\"@id\":\"https:\\\/\\\/ranoja.ee\\\/toode\\\/akuketassaag-bc-hcs165-x-karkass-scheppach\\\/#breadcrumb\",\"itemListElement\":[{\"@type\":\"ListItem\",\"position\":1,\"name\":\"Home\",\"item\":\"https:\\\/\\\/ranoja.ee\\\/\"},{\"@type\":\"ListItem\",\"position\":2,\"name\":\"Shop\",\"item\":\"https:\\\/\\\/ranoja.ee\\\/en\\\/shop\\\/\"},{\"@type\":\"ListItem\",\"position\":3,\"name\":\"Akuketassaag BC-HCS165-X, karkass, Scheppach\"}]},{\"@type\":\"WebSite\",\"@id\":\"https:\\\/\\\/ranoja.ee\\\/#website\",\"url\":\"https:\\\/\\\/ranoja.ee\\\/\",\"name\":\"Ranoja\",\"description\":\"Equipment Shop WooCommerce WordPress Theme for Machine &amp; Tools\",\"publisher\":{\"@id\":\"https:\\\/\\\/ranoja.ee\\\/#organization\"},\"potentialAction\":[{\"@type\":\"SearchAction\",\"target\":{\"@type\":\"EntryPoint\",\"urlTemplate\":\"https:\\\/\\\/ranoja.ee\\\/?s={search_term_string}\"},\"query-input\":{\"@type\":\"PropertyValueSpecification\",\"valueRequired\":true,\"valueName\":\"search_term_string\"}}],\"inLanguage\":\"en-US\"},{\"@type\":\"Organization\",\"@id\":\"https:\\\/\\\/ranoja.ee\\\/#organization\",\"name\":\"Ranoja O\u00dc\",\"url\":\"https:\\\/\\\/ranoja.ee\\\/\",\"logo\":{\"@type\":\"ImageObject\",\"inLanguage\":\"en-US\",\"@id\":\"https:\\\/\\\/ranoja.ee\\\/#\\\/schema\\\/logo\\\/image\\\/\",\"url\":\"https:\\\/\\\/ranoja.ee\\\/wp-content\\\/uploads\\\/2023\\\/11\\\/ranoja-Logo.png\",\"contentUrl\":\"https:\\\/\\\/ranoja.ee\\\/wp-content\\\/uploads\\\/2023\\\/11\\\/ranoja-Logo.png\",\"width\":207,\"height\":58,\"caption\":\"Ranoja O\u00dc\"},\"image\":{\"@id\":\"https:\\\/\\\/ranoja.ee\\\/#\\\/schema\\\/logo\\\/image\\\/\"},\"sameAs\":[\"https:\\\/\\\/www.facebook.com\\\/ranoja.ee\",\"https:\\\/\\\/www.instagram.com\\\/ranoja__\\\/\"]}]}<\/script>\n<!-- \/ Yoast SEO plugin. -->","yoast_head_json":{"title":"Akuketassaag BC-HCS165-X, karkass, Scheppach - Ranoja","robots":{"index":"index","follow":"follow","max-snippet":"max-snippet:-1","max-image-preview":"max-image-preview:large","max-video-preview":"max-video-preview:-1"},"canonical":"https:\/\/ranoja.ee\/toode\/akuketassaag-bc-hcs165-x-karkass-scheppach\/","og_locale":"en_US","og_type":"article","og_title":"Akuketassaag BC-HCS165-X, karkass, Scheppach - Ranoja","og_description":"Karkass ilma aku ja laadijata, pappkarbis Mootori t\u00fc\u00fcp: harjavaba Pinge: 20 V Saeketta l\u00e4bim\u00f5\u00f5t 165 mm P\u00f6\u00f6rded t\u00fchik\u00e4igul: 4500 \/min L\u00f5ikenurk: 0 \u2013 45\u00b0 Max l\u00f5ikes\u00fcgavus 90\u00b0 nurga all: 55 mm Max l\u00f5ikes\u00fcgavus 45\u00b0 nurga all: 40 mm Uuenduslik suure energiat\u00f5hususega harjavaba mootor Kuni 10 korda pikem mootori t\u00f6\u00f6iga V\u00f5imas harjavaba 4500 p(min mootor l\u00f5ikab vaevata l\u00e4bi ka k\u00f5va puidu Ergonoomiline, kompaktne ja kerge t\u00f6\u00f6riist pehme k\u00e4epidemega, mis tagab kasutusmugavuse Elektrooniline pehme k\u00e4ivitus ja kiirseiskamine M\u00f5lemalt poolt juhitav turval\u00fcliti Sisseehitatud LED-t\u00f6\u00f6tuli valgustab l\u00f5ikejoont L\u00f5ikes\u00fcgavus ja l\u00f5ikenurk on sujuvalt reguleeritavad Lihtne saeketta vahetus t\u00e4nu spindlilukustusele  Komplekti kuulub: 1x saeketas 165 mm, z= 24, 1x kuuskantv\u00f5ti (t\u00f6\u00f6riista k\u00fcljes), 1x paralleeljuhik, 1x adapter v\u00e4liseks tolmueemalduseks Sobivad akud ja laadijad: 7909201720&SCHEP Komplekt SBSK4.0 Starterkit 2: 4,0Ah aku + 2,4 A laadija 7909201708&SCHEP Aku SBP2.0, 20 V \/ 2,0 Ah, Li-ioon 7909201709&SCHEP Aku SBP4.0, 20 V \/ 4,0 Ah, Li-ioon 7909201711&SCHEP Kiirlaadija SBC4.5A Scheppachi elektrilised k\u00e4sit\u00f6\u00f6riistad on m\u00f5eldud n\u00f5udlikule hobikasutajale.","og_url":"https:\/\/ranoja.ee\/toode\/akuketassaag-bc-hcs165-x-karkass-scheppach\/","og_site_name":"Ranoja","article_publisher":"https:\/\/www.facebook.com\/ranoja.ee","article_modified_time":"2026-03-17T12:43:50+00:00","og_image":[{"width":900,"height":880,"url":"https:\/\/ranoja.ee\/wp-content\/uploads\/2026\/03\/5637333704.jpg","type":"image\/jpeg"}],"twitter_card":"summary_large_image","schema":{"@context":"https:\/\/schema.org","@graph":[{"@type":"WebPage","@id":"https:\/\/ranoja.ee\/toode\/akuketassaag-bc-hcs165-x-karkass-scheppach\/","url":"https:\/\/ranoja.ee\/toode\/akuketassaag-bc-hcs165-x-karkass-scheppach\/","name":"Akuketassaag BC-HCS165-X, karkass, Scheppach - Ranoja","isPartOf":{"@id":"https:\/\/ranoja.ee\/#website"},"primaryImageOfPage":{"@id":"https:\/\/ranoja.ee\/toode\/akuketassaag-bc-hcs165-x-karkass-scheppach\/#primaryimage"},"image":{"@id":"https:\/\/ranoja.ee\/toode\/akuketassaag-bc-hcs165-x-karkass-scheppach\/#primaryimage"},"thumbnailUrl":"https:\/\/ranoja.ee\/wp-content\/uploads\/2026\/03\/5637333704.jpg","datePublished":"2026-03-16T22:55:22+00:00","dateModified":"2026-03-17T12:43:50+00:00","breadcrumb":{"@id":"https:\/\/ranoja.ee\/toode\/akuketassaag-bc-hcs165-x-karkass-scheppach\/#breadcrumb"},"inLanguage":"en-US","potentialAction":[{"@type":"ReadAction","target":["https:\/\/ranoja.ee\/toode\/akuketassaag-bc-hcs165-x-karkass-scheppach\/"]}]},{"@type":"ImageObject","inLanguage":"en-US","@id":"https:\/\/ranoja.ee\/toode\/akuketassaag-bc-hcs165-x-karkass-scheppach\/#primaryimage","url":"https:\/\/ranoja.ee\/wp-content\/uploads\/2026\/03\/5637333704.jpg","contentUrl":"https:\/\/ranoja.ee\/wp-content\/uploads\/2026\/03\/5637333704.jpg","width":900,"height":880},{"@type":"BreadcrumbList","@id":"https:\/\/ranoja.ee\/toode\/akuketassaag-bc-hcs165-x-karkass-scheppach\/#breadcrumb","itemListElement":[{"@type":"ListItem","position":1,"name":"Home","item":"https:\/\/ranoja.ee\/"},{"@type":"ListItem","position":2,"name":"Shop","item":"https:\/\/ranoja.ee\/en\/shop\/"},{"@type":"ListItem","position":3,"name":"Akuketassaag BC-HCS165-X, karkass, Scheppach"}]},{"@type":"WebSite","@id":"https:\/\/ranoja.ee\/#website","url":"https:\/\/ranoja.ee\/","name":"Ranoja","description":"Equipment Shop WooCommerce WordPress Theme for Machine &amp; Tools","publisher":{"@id":"https:\/\/ranoja.ee\/#organization"},"potentialAction":[{"@type":"SearchAction","target":{"@type":"EntryPoint","urlTemplate":"https:\/\/ranoja.ee\/?s={search_term_string}"},"query-input":{"@type":"PropertyValueSpecification","valueRequired":true,"valueName":"search_term_string"}}],"inLanguage":"en-US"},{"@type":"Organization","@id":"https:\/\/ranoja.ee\/#organization","name":"Ranoja O\u00dc","url":"https:\/\/ranoja.ee\/","logo":{"@type":"ImageObject","inLanguage":"en-US","@id":"https:\/\/ranoja.ee\/#\/schema\/logo\/image\/","url":"https:\/\/ranoja.ee\/wp-content\/uploads\/2023\/11\/ranoja-Logo.png","contentUrl":"https:\/\/ranoja.ee\/wp-content\/uploads\/2023\/11\/ranoja-Logo.png","width":207,"height":58,"caption":"Ranoja O\u00dc"},"image":{"@id":"https:\/\/ranoja.ee\/#\/schema\/logo\/image\/"},"sameAs":["https:\/\/www.facebook.com\/ranoja.ee","https:\/\/www.instagram.com\/ranoja__\/"]}]}},"_links":{"self":[{"href":"https:\/\/ranoja.ee\/en\/wp-json\/wp\/v2\/product\/58079","targetHints":{"allow":["GET"]}}],"collection":[{"href":"https:\/\/ranoja.ee\/en\/wp-json\/wp\/v2\/product"}],"about":[{"href":"https:\/\/ranoja.ee\/en\/wp-json\/wp\/v2\/types\/product"}],"wp:featuredmedia":[{"embeddable":true,"href":"https:\/\/ranoja.ee\/en\/wp-json\/wp\/v2\/media\/58080"}],"wp:attachment":[{"href":"https:\/\/ranoja.ee\/en\/wp-json\/wp\/v2\/media?parent=58079"}],"wp:term":[{"taxonomy":"product_cat","embeddable":true,"href":"https:\/\/ranoja.ee\/en\/wp-json\/wp\/v2\/product_cat?post=58079"},{"taxonomy":"product_tag","embeddable":true,"href":"https:\/\/ranoja.ee\/en\/wp-json\/wp\/v2\/product_tag?post=58079"}],"curies":[{"name":"wp","href":"https:\/\/api.w.org\/{rel}","templated":true}]}}