{"id":58073,"date":"2026-03-17T01:55:22","date_gmt":"2026-03-16T22:55:22","guid":{"rendered":"https:\/\/ranoja.ee\/toode\/universaalmaare-industry-calsul-1-5-400g-valvoline\/"},"modified":"2026-03-17T15:43:50","modified_gmt":"2026-03-17T12:43:50","slug":"universaalmaare-industry-calsul-1-5-400g-valvoline","status":"publish","type":"product","link":"https:\/\/ranoja.ee\/en\/toode\/universaalmaare-industry-calsul-1-5-400g-valvoline\/","title":{"rendered":"Universaalm\u00e4\u00e4re Industry Calsul 1.5 400g, Valvoline"},"content":{"rendered":"","protected":false},"excerpt":{"rendered":"<p>Kvaliteetne universaalne kaltsiumsulfonaat kompleks m\u00e4\u00e4re, mis on v\u00e4lja t\u00f6\u00f6tatud terasetootjate, kaevandusseadmete ja masinate, paberit\u00f6\u00f6stuse ja metsamajanduse masinate m\u00e4\u00e4rimiseks. Valvoline Industry Calsul 1,5 on kaltsiumsulfonaat kompleks tahkestil p\u00f5hinev tippkvaliteetne m\u00e4\u00e4rdeaine. Seda soovitatakse kasutada v\u00e4ga rasketes kasutustingimustes<\/p>\n<p>Sobib rull- ja liugeelaagrite ning m\u00e4\u00e4rimisplokkide m\u00e4\u00e4rimiseks mittestandardsetes tingimustes, kus on suuremad l\u00f6\u00f6k koormused ja eba\u00fchtlane koormus, oluline vee m\u00f5ju v\u00f5i n\u00f5rgad leelislahused. Sobib m\u00e4\u00e4rimiseks energeetikait\u00f6\u00f6stuses, et parandada klambrite ja l\u00fclitite isoleerimisv\u00f5imet. Soovitatav rull laagrite m\u00e4\u00e4rimiseks pressides biomassi t\u00f6\u00f6tlemises biok\u00fctuseks &#8211; graanulit\u00f6\u00f6stuses.<br \/>\nSobib k\u00f5rge koormusega laagritele k\u00f5rge temperatuuri, auru ja tolmu m\u00f5juga keskondades.<br \/>\nValtspinkide aluste m\u00e4\u00e4rimine kuuma- ja k\u00fclmvaltsimisseadmetes.<br \/>\nSobib metsat\u00f6\u00f6deks puidupresside<br \/>\nV\u00e4rvus: helepruun -pruun<br \/>\nTahkesti: kaltsiumsulfonaat kompleks<br \/>\nBaas\u00f5li viskoossus: 460<br \/>\nNLGI: 1,5<br \/>\nKasutus tepmeratuurivahemik: -20 kuni + 180<br \/>\nJ\u00f5udlustasemed:<br \/>\nPerformance levels<br \/>\nISO L-6743-9: L-XBFIB 2\/1<br \/>\nDIN 51502: KP 2\/1P-20<\/p>\n","protected":false},"featured_media":58074,"template":"","meta":{"inline_featured_image":false},"product_cat":[5052,5013,5012],"product_tag":[],"class_list":{"0":"post-58073","1":"product","2":"type-product","3":"status-publish","4":"has-post-thumbnail","6":"product_brand-valvoline","7":"product_cat-kaltsiummaarded","8":"product_cat-maarded","9":"product_cat-olid-ja-maardeained","11":"first","12":"instock","13":"purchasable","14":"product-type-simple"},"yoast_head":"<!-- This site is optimized with the Yoast SEO plugin v27.4 - https:\/\/yoast.com\/product\/yoast-seo-wordpress\/ -->\n<title>Universaalm\u00e4\u00e4re Industry Calsul 1.5 400g, Valvoline - Ranoja<\/title>\n<meta name=\"robots\" content=\"index, follow, max-snippet:-1, max-image-preview:large, max-video-preview:-1\" \/>\n<link rel=\"canonical\" href=\"https:\/\/ranoja.ee\/toode\/universaalmaare-industry-calsul-1-5-400g-valvoline\/\" \/>\n<meta property=\"og:locale\" content=\"en_US\" \/>\n<meta property=\"og:type\" content=\"article\" \/>\n<meta property=\"og:title\" content=\"Universaalm\u00e4\u00e4re Industry Calsul 1.5 400g, Valvoline - Ranoja\" \/>\n<meta property=\"og:description\" content=\"Kvaliteetne universaalne kaltsiumsulfonaat kompleks m\u00e4\u00e4re, mis on v\u00e4lja t\u00f6\u00f6tatud terasetootjate, kaevandusseadmete ja masinate, paberit\u00f6\u00f6stuse ja metsamajanduse masinate m\u00e4\u00e4rimiseks. Valvoline Industry Calsul 1,5 on kaltsiumsulfonaat kompleks tahkestil p\u00f5hinev tippkvaliteetne m\u00e4\u00e4rdeaine. Seda soovitatakse kasutada v\u00e4ga rasketes kasutustingimustes Sobib rull- ja liugeelaagrite ning m\u00e4\u00e4rimisplokkide m\u00e4\u00e4rimiseks mittestandardsetes tingimustes, kus on suuremad l\u00f6\u00f6k koormused ja eba\u00fchtlane koormus, oluline vee m\u00f5ju v\u00f5i n\u00f5rgad leelislahused. Sobib m\u00e4\u00e4rimiseks energeetikait\u00f6\u00f6stuses, et parandada klambrite ja l\u00fclitite isoleerimisv\u00f5imet. Soovitatav rull laagrite m\u00e4\u00e4rimiseks pressides biomassi t\u00f6\u00f6tlemises biok\u00fctuseks - graanulit\u00f6\u00f6stuses. Sobib k\u00f5rge koormusega laagritele k\u00f5rge temperatuuri, auru ja tolmu m\u00f5juga keskondades. Valtspinkide aluste m\u00e4\u00e4rimine kuuma- ja k\u00fclmvaltsimisseadmetes. Sobib metsat\u00f6\u00f6deks puidupresside V\u00e4rvus: helepruun -pruun Tahkesti: kaltsiumsulfonaat kompleks Baas\u00f5li viskoossus: 460 NLGI: 1,5 Kasutus tepmeratuurivahemik: -20 kuni + 180 J\u00f5udlustasemed: Performance levels ISO L-6743-9: L-XBFIB 2\/1 DIN 51502: KP 2\/1P-20\" \/>\n<meta property=\"og:url\" content=\"https:\/\/ranoja.ee\/toode\/universaalmaare-industry-calsul-1-5-400g-valvoline\/\" \/>\n<meta property=\"og:site_name\" content=\"Ranoja\" \/>\n<meta property=\"article:publisher\" content=\"https:\/\/www.facebook.com\/ranoja.ee\" \/>\n<meta property=\"article:modified_time\" content=\"2026-03-17T12:43:50+00:00\" \/>\n<meta property=\"og:image\" content=\"https:\/\/ranoja.ee\/wp-content\/uploads\/2026\/03\/5638023562.png\" \/>\n\t<meta property=\"og:image:width\" content=\"467\" \/>\n\t<meta property=\"og:image:height\" content=\"768\" \/>\n\t<meta property=\"og:image:type\" content=\"image\/jpeg\" \/>\n<meta name=\"twitter:card\" content=\"summary_large_image\" \/>\n<script type=\"application\/ld+json\" class=\"yoast-schema-graph\">{\"@context\":\"https:\\\/\\\/schema.org\",\"@graph\":[{\"@type\":\"WebPage\",\"@id\":\"https:\\\/\\\/ranoja.ee\\\/toode\\\/universaalmaare-industry-calsul-1-5-400g-valvoline\\\/\",\"url\":\"https:\\\/\\\/ranoja.ee\\\/toode\\\/universaalmaare-industry-calsul-1-5-400g-valvoline\\\/\",\"name\":\"Universaalm\u00e4\u00e4re Industry Calsul 1.5 400g, Valvoline - Ranoja\",\"isPartOf\":{\"@id\":\"https:\\\/\\\/ranoja.ee\\\/#website\"},\"primaryImageOfPage\":{\"@id\":\"https:\\\/\\\/ranoja.ee\\\/toode\\\/universaalmaare-industry-calsul-1-5-400g-valvoline\\\/#primaryimage\"},\"image\":{\"@id\":\"https:\\\/\\\/ranoja.ee\\\/toode\\\/universaalmaare-industry-calsul-1-5-400g-valvoline\\\/#primaryimage\"},\"thumbnailUrl\":\"https:\\\/\\\/ranoja.ee\\\/wp-content\\\/uploads\\\/2026\\\/03\\\/5638023562.png\",\"datePublished\":\"2026-03-16T22:55:22+00:00\",\"dateModified\":\"2026-03-17T12:43:50+00:00\",\"breadcrumb\":{\"@id\":\"https:\\\/\\\/ranoja.ee\\\/toode\\\/universaalmaare-industry-calsul-1-5-400g-valvoline\\\/#breadcrumb\"},\"inLanguage\":\"en-US\",\"potentialAction\":[{\"@type\":\"ReadAction\",\"target\":[\"https:\\\/\\\/ranoja.ee\\\/toode\\\/universaalmaare-industry-calsul-1-5-400g-valvoline\\\/\"]}]},{\"@type\":\"ImageObject\",\"inLanguage\":\"en-US\",\"@id\":\"https:\\\/\\\/ranoja.ee\\\/toode\\\/universaalmaare-industry-calsul-1-5-400g-valvoline\\\/#primaryimage\",\"url\":\"https:\\\/\\\/ranoja.ee\\\/wp-content\\\/uploads\\\/2026\\\/03\\\/5638023562.png\",\"contentUrl\":\"https:\\\/\\\/ranoja.ee\\\/wp-content\\\/uploads\\\/2026\\\/03\\\/5638023562.png\",\"width\":467,\"height\":768},{\"@type\":\"BreadcrumbList\",\"@id\":\"https:\\\/\\\/ranoja.ee\\\/toode\\\/universaalmaare-industry-calsul-1-5-400g-valvoline\\\/#breadcrumb\",\"itemListElement\":[{\"@type\":\"ListItem\",\"position\":1,\"name\":\"Home\",\"item\":\"https:\\\/\\\/ranoja.ee\\\/\"},{\"@type\":\"ListItem\",\"position\":2,\"name\":\"Shop\",\"item\":\"https:\\\/\\\/ranoja.ee\\\/en\\\/shop\\\/\"},{\"@type\":\"ListItem\",\"position\":3,\"name\":\"Universaalm\u00e4\u00e4re Industry Calsul 1.5 400g, Valvoline\"}]},{\"@type\":\"WebSite\",\"@id\":\"https:\\\/\\\/ranoja.ee\\\/#website\",\"url\":\"https:\\\/\\\/ranoja.ee\\\/\",\"name\":\"Ranoja\",\"description\":\"Equipment Shop WooCommerce WordPress Theme for Machine &amp; Tools\",\"publisher\":{\"@id\":\"https:\\\/\\\/ranoja.ee\\\/#organization\"},\"potentialAction\":[{\"@type\":\"SearchAction\",\"target\":{\"@type\":\"EntryPoint\",\"urlTemplate\":\"https:\\\/\\\/ranoja.ee\\\/?s={search_term_string}\"},\"query-input\":{\"@type\":\"PropertyValueSpecification\",\"valueRequired\":true,\"valueName\":\"search_term_string\"}}],\"inLanguage\":\"en-US\"},{\"@type\":\"Organization\",\"@id\":\"https:\\\/\\\/ranoja.ee\\\/#organization\",\"name\":\"Ranoja O\u00dc\",\"url\":\"https:\\\/\\\/ranoja.ee\\\/\",\"logo\":{\"@type\":\"ImageObject\",\"inLanguage\":\"en-US\",\"@id\":\"https:\\\/\\\/ranoja.ee\\\/#\\\/schema\\\/logo\\\/image\\\/\",\"url\":\"https:\\\/\\\/ranoja.ee\\\/wp-content\\\/uploads\\\/2023\\\/11\\\/ranoja-Logo.png\",\"contentUrl\":\"https:\\\/\\\/ranoja.ee\\\/wp-content\\\/uploads\\\/2023\\\/11\\\/ranoja-Logo.png\",\"width\":207,\"height\":58,\"caption\":\"Ranoja O\u00dc\"},\"image\":{\"@id\":\"https:\\\/\\\/ranoja.ee\\\/#\\\/schema\\\/logo\\\/image\\\/\"},\"sameAs\":[\"https:\\\/\\\/www.facebook.com\\\/ranoja.ee\",\"https:\\\/\\\/www.instagram.com\\\/ranoja__\\\/\"]}]}<\/script>\n<!-- \/ Yoast SEO plugin. -->","yoast_head_json":{"title":"Universaalm\u00e4\u00e4re Industry Calsul 1.5 400g, Valvoline - Ranoja","robots":{"index":"index","follow":"follow","max-snippet":"max-snippet:-1","max-image-preview":"max-image-preview:large","max-video-preview":"max-video-preview:-1"},"canonical":"https:\/\/ranoja.ee\/toode\/universaalmaare-industry-calsul-1-5-400g-valvoline\/","og_locale":"en_US","og_type":"article","og_title":"Universaalm\u00e4\u00e4re Industry Calsul 1.5 400g, Valvoline - Ranoja","og_description":"Kvaliteetne universaalne kaltsiumsulfonaat kompleks m\u00e4\u00e4re, mis on v\u00e4lja t\u00f6\u00f6tatud terasetootjate, kaevandusseadmete ja masinate, paberit\u00f6\u00f6stuse ja metsamajanduse masinate m\u00e4\u00e4rimiseks. Valvoline Industry Calsul 1,5 on kaltsiumsulfonaat kompleks tahkestil p\u00f5hinev tippkvaliteetne m\u00e4\u00e4rdeaine. Seda soovitatakse kasutada v\u00e4ga rasketes kasutustingimustes Sobib rull- ja liugeelaagrite ning m\u00e4\u00e4rimisplokkide m\u00e4\u00e4rimiseks mittestandardsetes tingimustes, kus on suuremad l\u00f6\u00f6k koormused ja eba\u00fchtlane koormus, oluline vee m\u00f5ju v\u00f5i n\u00f5rgad leelislahused. Sobib m\u00e4\u00e4rimiseks energeetikait\u00f6\u00f6stuses, et parandada klambrite ja l\u00fclitite isoleerimisv\u00f5imet. Soovitatav rull laagrite m\u00e4\u00e4rimiseks pressides biomassi t\u00f6\u00f6tlemises biok\u00fctuseks - graanulit\u00f6\u00f6stuses. Sobib k\u00f5rge koormusega laagritele k\u00f5rge temperatuuri, auru ja tolmu m\u00f5juga keskondades. Valtspinkide aluste m\u00e4\u00e4rimine kuuma- ja k\u00fclmvaltsimisseadmetes. Sobib metsat\u00f6\u00f6deks puidupresside V\u00e4rvus: helepruun -pruun Tahkesti: kaltsiumsulfonaat kompleks Baas\u00f5li viskoossus: 460 NLGI: 1,5 Kasutus tepmeratuurivahemik: -20 kuni + 180 J\u00f5udlustasemed: Performance levels ISO L-6743-9: L-XBFIB 2\/1 DIN 51502: KP 2\/1P-20","og_url":"https:\/\/ranoja.ee\/toode\/universaalmaare-industry-calsul-1-5-400g-valvoline\/","og_site_name":"Ranoja","article_publisher":"https:\/\/www.facebook.com\/ranoja.ee","article_modified_time":"2026-03-17T12:43:50+00:00","og_image":[{"width":467,"height":768,"url":"https:\/\/ranoja.ee\/wp-content\/uploads\/2026\/03\/5638023562.png","type":"image\/jpeg"}],"twitter_card":"summary_large_image","schema":{"@context":"https:\/\/schema.org","@graph":[{"@type":"WebPage","@id":"https:\/\/ranoja.ee\/toode\/universaalmaare-industry-calsul-1-5-400g-valvoline\/","url":"https:\/\/ranoja.ee\/toode\/universaalmaare-industry-calsul-1-5-400g-valvoline\/","name":"Universaalm\u00e4\u00e4re Industry Calsul 1.5 400g, Valvoline - Ranoja","isPartOf":{"@id":"https:\/\/ranoja.ee\/#website"},"primaryImageOfPage":{"@id":"https:\/\/ranoja.ee\/toode\/universaalmaare-industry-calsul-1-5-400g-valvoline\/#primaryimage"},"image":{"@id":"https:\/\/ranoja.ee\/toode\/universaalmaare-industry-calsul-1-5-400g-valvoline\/#primaryimage"},"thumbnailUrl":"https:\/\/ranoja.ee\/wp-content\/uploads\/2026\/03\/5638023562.png","datePublished":"2026-03-16T22:55:22+00:00","dateModified":"2026-03-17T12:43:50+00:00","breadcrumb":{"@id":"https:\/\/ranoja.ee\/toode\/universaalmaare-industry-calsul-1-5-400g-valvoline\/#breadcrumb"},"inLanguage":"en-US","potentialAction":[{"@type":"ReadAction","target":["https:\/\/ranoja.ee\/toode\/universaalmaare-industry-calsul-1-5-400g-valvoline\/"]}]},{"@type":"ImageObject","inLanguage":"en-US","@id":"https:\/\/ranoja.ee\/toode\/universaalmaare-industry-calsul-1-5-400g-valvoline\/#primaryimage","url":"https:\/\/ranoja.ee\/wp-content\/uploads\/2026\/03\/5638023562.png","contentUrl":"https:\/\/ranoja.ee\/wp-content\/uploads\/2026\/03\/5638023562.png","width":467,"height":768},{"@type":"BreadcrumbList","@id":"https:\/\/ranoja.ee\/toode\/universaalmaare-industry-calsul-1-5-400g-valvoline\/#breadcrumb","itemListElement":[{"@type":"ListItem","position":1,"name":"Home","item":"https:\/\/ranoja.ee\/"},{"@type":"ListItem","position":2,"name":"Shop","item":"https:\/\/ranoja.ee\/en\/shop\/"},{"@type":"ListItem","position":3,"name":"Universaalm\u00e4\u00e4re Industry Calsul 1.5 400g, Valvoline"}]},{"@type":"WebSite","@id":"https:\/\/ranoja.ee\/#website","url":"https:\/\/ranoja.ee\/","name":"Ranoja","description":"Equipment Shop WooCommerce WordPress Theme for Machine &amp; Tools","publisher":{"@id":"https:\/\/ranoja.ee\/#organization"},"potentialAction":[{"@type":"SearchAction","target":{"@type":"EntryPoint","urlTemplate":"https:\/\/ranoja.ee\/?s={search_term_string}"},"query-input":{"@type":"PropertyValueSpecification","valueRequired":true,"valueName":"search_term_string"}}],"inLanguage":"en-US"},{"@type":"Organization","@id":"https:\/\/ranoja.ee\/#organization","name":"Ranoja O\u00dc","url":"https:\/\/ranoja.ee\/","logo":{"@type":"ImageObject","inLanguage":"en-US","@id":"https:\/\/ranoja.ee\/#\/schema\/logo\/image\/","url":"https:\/\/ranoja.ee\/wp-content\/uploads\/2023\/11\/ranoja-Logo.png","contentUrl":"https:\/\/ranoja.ee\/wp-content\/uploads\/2023\/11\/ranoja-Logo.png","width":207,"height":58,"caption":"Ranoja O\u00dc"},"image":{"@id":"https:\/\/ranoja.ee\/#\/schema\/logo\/image\/"},"sameAs":["https:\/\/www.facebook.com\/ranoja.ee","https:\/\/www.instagram.com\/ranoja__\/"]}]}},"_links":{"self":[{"href":"https:\/\/ranoja.ee\/en\/wp-json\/wp\/v2\/product\/58073","targetHints":{"allow":["GET"]}}],"collection":[{"href":"https:\/\/ranoja.ee\/en\/wp-json\/wp\/v2\/product"}],"about":[{"href":"https:\/\/ranoja.ee\/en\/wp-json\/wp\/v2\/types\/product"}],"wp:featuredmedia":[{"embeddable":true,"href":"https:\/\/ranoja.ee\/en\/wp-json\/wp\/v2\/media\/58074"}],"wp:attachment":[{"href":"https:\/\/ranoja.ee\/en\/wp-json\/wp\/v2\/media?parent=58073"}],"wp:term":[{"taxonomy":"product_cat","embeddable":true,"href":"https:\/\/ranoja.ee\/en\/wp-json\/wp\/v2\/product_cat?post=58073"},{"taxonomy":"product_tag","embeddable":true,"href":"https:\/\/ranoja.ee\/en\/wp-json\/wp\/v2\/product_tag?post=58073"}],"curies":[{"name":"wp","href":"https:\/\/api.w.org\/{rel}","templated":true}]}}