{"id":58061,"date":"2026-03-17T01:55:22","date_gmt":"2026-03-16T22:55:22","guid":{"rendered":"https:\/\/ranoja.ee\/toode\/salongipuhastusvahend-cockpit-spray-johvikas-600ml-motip\/"},"modified":"2026-03-17T15:43:50","modified_gmt":"2026-03-17T12:43:50","slug":"salongipuhastusvahend-cockpit-spray-johvikas-600ml-motip","status":"publish","type":"product","link":"https:\/\/ranoja.ee\/en\/toode\/salongipuhastusvahend-cockpit-spray-johvikas-600ml-motip\/","title":{"rendered":"Salongipuhastusvahend Cockpit Spray j\u00f5hvikas 600ml, Motip"},"content":{"rendered":"","protected":false},"excerpt":{"rendered":"<p>Suurep\u00e4raste puhastusomadustega aerosool<br \/>\nn\u00e4idikulaua ja muude salongis leiduvate<br \/>\nplastdetailide puhastamiseks, kaitsmiseks ja<br \/>\nv\u00e4rskendamiseks. Pooll\u00e4ikiv salongihooldusaerosool<br \/>\non \u00f5rna l\u00f5hnaga ning annab kauakestva<br \/>\nja siidise l\u00e4ike. Pooll\u00e4ikiv salongihooldusaerosool<br \/>\non mustusth\u00fclgav, silikoonivaba<br \/>\nja antistaatiline. MoTip pooll\u00e4ikiv salongihooldusaerosool<br \/>\non varustatud suundpihusti ja<br \/>\n360 kraadi p\u00f6\u00f6ratava ventiiliga.<\/p>\n","protected":false},"featured_media":58062,"template":"","meta":{"inline_featured_image":false},"product_cat":[5055,5143,5009],"product_tag":[],"class_list":{"0":"post-58061","1":"product","2":"type-product","3":"status-publish","4":"has-post-thumbnail","6":"product_brand-motip","7":"product_cat-autohoolduskeemia","8":"product_cat-interjoori-hooldus","9":"product_cat-toostus-ja-autokeemia","11":"first","12":"instock","13":"purchasable","14":"product-type-simple"},"yoast_head":"<!-- This site is optimized with the Yoast SEO plugin v27.4 - https:\/\/yoast.com\/product\/yoast-seo-wordpress\/ -->\n<title>Salongipuhastusvahend Cockpit Spray j\u00f5hvikas 600ml, Motip - Ranoja<\/title>\n<meta name=\"robots\" content=\"index, follow, max-snippet:-1, max-image-preview:large, max-video-preview:-1\" \/>\n<link rel=\"canonical\" href=\"https:\/\/ranoja.ee\/toode\/salongipuhastusvahend-cockpit-spray-johvikas-600ml-motip\/\" \/>\n<meta property=\"og:locale\" content=\"en_US\" \/>\n<meta property=\"og:type\" content=\"article\" \/>\n<meta property=\"og:title\" content=\"Salongipuhastusvahend Cockpit Spray j\u00f5hvikas 600ml, Motip - Ranoja\" \/>\n<meta property=\"og:description\" content=\"Suurep\u00e4raste puhastusomadustega aerosool n\u00e4idikulaua ja muude salongis leiduvate plastdetailide puhastamiseks, kaitsmiseks ja v\u00e4rskendamiseks. Pooll\u00e4ikiv salongihooldusaerosool on \u00f5rna l\u00f5hnaga ning annab kauakestva ja siidise l\u00e4ike. Pooll\u00e4ikiv salongihooldusaerosool on mustusth\u00fclgav, silikoonivaba ja antistaatiline. MoTip pooll\u00e4ikiv salongihooldusaerosool on varustatud suundpihusti ja 360 kraadi p\u00f6\u00f6ratava ventiiliga.\" \/>\n<meta property=\"og:url\" content=\"https:\/\/ranoja.ee\/toode\/salongipuhastusvahend-cockpit-spray-johvikas-600ml-motip\/\" \/>\n<meta property=\"og:site_name\" content=\"Ranoja\" \/>\n<meta property=\"article:publisher\" content=\"https:\/\/www.facebook.com\/ranoja.ee\" \/>\n<meta property=\"article:modified_time\" content=\"2026-03-17T12:43:50+00:00\" \/>\n<meta property=\"og:image\" content=\"https:\/\/ranoja.ee\/wp-content\/uploads\/2026\/03\/193524493.jpg\" \/>\n\t<meta property=\"og:image:width\" content=\"768\" \/>\n\t<meta property=\"og:image:height\" content=\"768\" \/>\n\t<meta property=\"og:image:type\" content=\"image\/jpeg\" \/>\n<meta name=\"twitter:card\" content=\"summary_large_image\" \/>\n<script type=\"application\/ld+json\" class=\"yoast-schema-graph\">{\"@context\":\"https:\\\/\\\/schema.org\",\"@graph\":[{\"@type\":\"WebPage\",\"@id\":\"https:\\\/\\\/ranoja.ee\\\/toode\\\/salongipuhastusvahend-cockpit-spray-johvikas-600ml-motip\\\/\",\"url\":\"https:\\\/\\\/ranoja.ee\\\/toode\\\/salongipuhastusvahend-cockpit-spray-johvikas-600ml-motip\\\/\",\"name\":\"Salongipuhastusvahend Cockpit Spray j\u00f5hvikas 600ml, Motip - Ranoja\",\"isPartOf\":{\"@id\":\"https:\\\/\\\/ranoja.ee\\\/#website\"},\"primaryImageOfPage\":{\"@id\":\"https:\\\/\\\/ranoja.ee\\\/toode\\\/salongipuhastusvahend-cockpit-spray-johvikas-600ml-motip\\\/#primaryimage\"},\"image\":{\"@id\":\"https:\\\/\\\/ranoja.ee\\\/toode\\\/salongipuhastusvahend-cockpit-spray-johvikas-600ml-motip\\\/#primaryimage\"},\"thumbnailUrl\":\"https:\\\/\\\/ranoja.ee\\\/wp-content\\\/uploads\\\/2026\\\/03\\\/193524493.jpg\",\"datePublished\":\"2026-03-16T22:55:22+00:00\",\"dateModified\":\"2026-03-17T12:43:50+00:00\",\"breadcrumb\":{\"@id\":\"https:\\\/\\\/ranoja.ee\\\/toode\\\/salongipuhastusvahend-cockpit-spray-johvikas-600ml-motip\\\/#breadcrumb\"},\"inLanguage\":\"en-US\",\"potentialAction\":[{\"@type\":\"ReadAction\",\"target\":[\"https:\\\/\\\/ranoja.ee\\\/toode\\\/salongipuhastusvahend-cockpit-spray-johvikas-600ml-motip\\\/\"]}]},{\"@type\":\"ImageObject\",\"inLanguage\":\"en-US\",\"@id\":\"https:\\\/\\\/ranoja.ee\\\/toode\\\/salongipuhastusvahend-cockpit-spray-johvikas-600ml-motip\\\/#primaryimage\",\"url\":\"https:\\\/\\\/ranoja.ee\\\/wp-content\\\/uploads\\\/2026\\\/03\\\/193524493.jpg\",\"contentUrl\":\"https:\\\/\\\/ranoja.ee\\\/wp-content\\\/uploads\\\/2026\\\/03\\\/193524493.jpg\",\"width\":768,\"height\":768},{\"@type\":\"BreadcrumbList\",\"@id\":\"https:\\\/\\\/ranoja.ee\\\/toode\\\/salongipuhastusvahend-cockpit-spray-johvikas-600ml-motip\\\/#breadcrumb\",\"itemListElement\":[{\"@type\":\"ListItem\",\"position\":1,\"name\":\"Home\",\"item\":\"https:\\\/\\\/ranoja.ee\\\/\"},{\"@type\":\"ListItem\",\"position\":2,\"name\":\"Shop\",\"item\":\"https:\\\/\\\/ranoja.ee\\\/en\\\/shop\\\/\"},{\"@type\":\"ListItem\",\"position\":3,\"name\":\"Salongipuhastusvahend Cockpit Spray j\u00f5hvikas 600ml, Motip\"}]},{\"@type\":\"WebSite\",\"@id\":\"https:\\\/\\\/ranoja.ee\\\/#website\",\"url\":\"https:\\\/\\\/ranoja.ee\\\/\",\"name\":\"Ranoja\",\"description\":\"Equipment Shop WooCommerce WordPress Theme for Machine &amp; Tools\",\"publisher\":{\"@id\":\"https:\\\/\\\/ranoja.ee\\\/#organization\"},\"potentialAction\":[{\"@type\":\"SearchAction\",\"target\":{\"@type\":\"EntryPoint\",\"urlTemplate\":\"https:\\\/\\\/ranoja.ee\\\/?s={search_term_string}\"},\"query-input\":{\"@type\":\"PropertyValueSpecification\",\"valueRequired\":true,\"valueName\":\"search_term_string\"}}],\"inLanguage\":\"en-US\"},{\"@type\":\"Organization\",\"@id\":\"https:\\\/\\\/ranoja.ee\\\/#organization\",\"name\":\"Ranoja O\u00dc\",\"url\":\"https:\\\/\\\/ranoja.ee\\\/\",\"logo\":{\"@type\":\"ImageObject\",\"inLanguage\":\"en-US\",\"@id\":\"https:\\\/\\\/ranoja.ee\\\/#\\\/schema\\\/logo\\\/image\\\/\",\"url\":\"https:\\\/\\\/ranoja.ee\\\/wp-content\\\/uploads\\\/2023\\\/11\\\/ranoja-Logo.png\",\"contentUrl\":\"https:\\\/\\\/ranoja.ee\\\/wp-content\\\/uploads\\\/2023\\\/11\\\/ranoja-Logo.png\",\"width\":207,\"height\":58,\"caption\":\"Ranoja O\u00dc\"},\"image\":{\"@id\":\"https:\\\/\\\/ranoja.ee\\\/#\\\/schema\\\/logo\\\/image\\\/\"},\"sameAs\":[\"https:\\\/\\\/www.facebook.com\\\/ranoja.ee\",\"https:\\\/\\\/www.instagram.com\\\/ranoja__\\\/\"]}]}<\/script>\n<!-- \/ Yoast SEO plugin. -->","yoast_head_json":{"title":"Salongipuhastusvahend Cockpit Spray j\u00f5hvikas 600ml, Motip - Ranoja","robots":{"index":"index","follow":"follow","max-snippet":"max-snippet:-1","max-image-preview":"max-image-preview:large","max-video-preview":"max-video-preview:-1"},"canonical":"https:\/\/ranoja.ee\/toode\/salongipuhastusvahend-cockpit-spray-johvikas-600ml-motip\/","og_locale":"en_US","og_type":"article","og_title":"Salongipuhastusvahend Cockpit Spray j\u00f5hvikas 600ml, Motip - Ranoja","og_description":"Suurep\u00e4raste puhastusomadustega aerosool n\u00e4idikulaua ja muude salongis leiduvate plastdetailide puhastamiseks, kaitsmiseks ja v\u00e4rskendamiseks. Pooll\u00e4ikiv salongihooldusaerosool on \u00f5rna l\u00f5hnaga ning annab kauakestva ja siidise l\u00e4ike. Pooll\u00e4ikiv salongihooldusaerosool on mustusth\u00fclgav, silikoonivaba ja antistaatiline. MoTip pooll\u00e4ikiv salongihooldusaerosool on varustatud suundpihusti ja 360 kraadi p\u00f6\u00f6ratava ventiiliga.","og_url":"https:\/\/ranoja.ee\/toode\/salongipuhastusvahend-cockpit-spray-johvikas-600ml-motip\/","og_site_name":"Ranoja","article_publisher":"https:\/\/www.facebook.com\/ranoja.ee","article_modified_time":"2026-03-17T12:43:50+00:00","og_image":[{"width":768,"height":768,"url":"https:\/\/ranoja.ee\/wp-content\/uploads\/2026\/03\/193524493.jpg","type":"image\/jpeg"}],"twitter_card":"summary_large_image","schema":{"@context":"https:\/\/schema.org","@graph":[{"@type":"WebPage","@id":"https:\/\/ranoja.ee\/toode\/salongipuhastusvahend-cockpit-spray-johvikas-600ml-motip\/","url":"https:\/\/ranoja.ee\/toode\/salongipuhastusvahend-cockpit-spray-johvikas-600ml-motip\/","name":"Salongipuhastusvahend Cockpit Spray j\u00f5hvikas 600ml, Motip - Ranoja","isPartOf":{"@id":"https:\/\/ranoja.ee\/#website"},"primaryImageOfPage":{"@id":"https:\/\/ranoja.ee\/toode\/salongipuhastusvahend-cockpit-spray-johvikas-600ml-motip\/#primaryimage"},"image":{"@id":"https:\/\/ranoja.ee\/toode\/salongipuhastusvahend-cockpit-spray-johvikas-600ml-motip\/#primaryimage"},"thumbnailUrl":"https:\/\/ranoja.ee\/wp-content\/uploads\/2026\/03\/193524493.jpg","datePublished":"2026-03-16T22:55:22+00:00","dateModified":"2026-03-17T12:43:50+00:00","breadcrumb":{"@id":"https:\/\/ranoja.ee\/toode\/salongipuhastusvahend-cockpit-spray-johvikas-600ml-motip\/#breadcrumb"},"inLanguage":"en-US","potentialAction":[{"@type":"ReadAction","target":["https:\/\/ranoja.ee\/toode\/salongipuhastusvahend-cockpit-spray-johvikas-600ml-motip\/"]}]},{"@type":"ImageObject","inLanguage":"en-US","@id":"https:\/\/ranoja.ee\/toode\/salongipuhastusvahend-cockpit-spray-johvikas-600ml-motip\/#primaryimage","url":"https:\/\/ranoja.ee\/wp-content\/uploads\/2026\/03\/193524493.jpg","contentUrl":"https:\/\/ranoja.ee\/wp-content\/uploads\/2026\/03\/193524493.jpg","width":768,"height":768},{"@type":"BreadcrumbList","@id":"https:\/\/ranoja.ee\/toode\/salongipuhastusvahend-cockpit-spray-johvikas-600ml-motip\/#breadcrumb","itemListElement":[{"@type":"ListItem","position":1,"name":"Home","item":"https:\/\/ranoja.ee\/"},{"@type":"ListItem","position":2,"name":"Shop","item":"https:\/\/ranoja.ee\/en\/shop\/"},{"@type":"ListItem","position":3,"name":"Salongipuhastusvahend Cockpit Spray j\u00f5hvikas 600ml, Motip"}]},{"@type":"WebSite","@id":"https:\/\/ranoja.ee\/#website","url":"https:\/\/ranoja.ee\/","name":"Ranoja","description":"Equipment Shop WooCommerce WordPress Theme for Machine &amp; Tools","publisher":{"@id":"https:\/\/ranoja.ee\/#organization"},"potentialAction":[{"@type":"SearchAction","target":{"@type":"EntryPoint","urlTemplate":"https:\/\/ranoja.ee\/?s={search_term_string}"},"query-input":{"@type":"PropertyValueSpecification","valueRequired":true,"valueName":"search_term_string"}}],"inLanguage":"en-US"},{"@type":"Organization","@id":"https:\/\/ranoja.ee\/#organization","name":"Ranoja O\u00dc","url":"https:\/\/ranoja.ee\/","logo":{"@type":"ImageObject","inLanguage":"en-US","@id":"https:\/\/ranoja.ee\/#\/schema\/logo\/image\/","url":"https:\/\/ranoja.ee\/wp-content\/uploads\/2023\/11\/ranoja-Logo.png","contentUrl":"https:\/\/ranoja.ee\/wp-content\/uploads\/2023\/11\/ranoja-Logo.png","width":207,"height":58,"caption":"Ranoja O\u00dc"},"image":{"@id":"https:\/\/ranoja.ee\/#\/schema\/logo\/image\/"},"sameAs":["https:\/\/www.facebook.com\/ranoja.ee","https:\/\/www.instagram.com\/ranoja__\/"]}]}},"_links":{"self":[{"href":"https:\/\/ranoja.ee\/en\/wp-json\/wp\/v2\/product\/58061","targetHints":{"allow":["GET"]}}],"collection":[{"href":"https:\/\/ranoja.ee\/en\/wp-json\/wp\/v2\/product"}],"about":[{"href":"https:\/\/ranoja.ee\/en\/wp-json\/wp\/v2\/types\/product"}],"wp:featuredmedia":[{"embeddable":true,"href":"https:\/\/ranoja.ee\/en\/wp-json\/wp\/v2\/media\/58062"}],"wp:attachment":[{"href":"https:\/\/ranoja.ee\/en\/wp-json\/wp\/v2\/media?parent=58061"}],"wp:term":[{"taxonomy":"product_cat","embeddable":true,"href":"https:\/\/ranoja.ee\/en\/wp-json\/wp\/v2\/product_cat?post=58061"},{"taxonomy":"product_tag","embeddable":true,"href":"https:\/\/ranoja.ee\/en\/wp-json\/wp\/v2\/product_tag?post=58061"}],"curies":[{"name":"wp","href":"https:\/\/api.w.org\/{rel}","templated":true}]}}